{"id":23536,"date":"2014-12-09T12:51:55","date_gmt":"2014-12-09T10:51:55","guid":{"rendered":"https:\/\/sharks.ee\/vunder_2019.klient.veebimajutus.ee\/?post_type=product&#038;p=23536"},"modified":"2014-12-09T12:51:55","modified_gmt":"2014-12-09T10:51:55","slug":"lodisu-pildspalva-pilot-begreen-bpe-gp","status":"publish","type":"product","link":"https:\/\/hobstop.ee\/lv\/produkts\/lodisu-pildspalva-pilot-begreen-bpe-gp\/","title":{"rendered":"Lod\u012b\u0161u pildspalva Pilot BeGreen BPE-GP"},"content":{"rendered":"<p>&#8211; Korpuss un kor\u0137is no caursp\u012bd\u012bgas plastmasas<br \/>\n&#8211; Gumijas satveres da\u013ca<br \/>\n&#8211; Cieta un iztur\u012bga volframa karb\u012bda lod\u012bte<br \/>\n&#8211; 76.3% otrreiz\u0113j\u0101s p\u0101rstr\u0101des izejmateri\u0101ls<br \/>\n&#8211; Main\u0101ms serdenis<\/p>\n<p>Pilot BeGreen rakst\u0101mpiederumi ir no otrreiz\u0113j\u0101s p\u0101rstr\u0101des plastmasas gatavotu dabai draudz\u012bgu rakst\u0101mpiederumu s\u0113rija.<\/p>\n","protected":false},"excerpt":{"rendered":"<p>&#8211; Korpuss un kor\u0137is no caursp\u012bd\u012bgas plastmasas &#8211; Gumijas satveres da\u013ca &#8211; Cieta un iztur\u012bga volframa karb\u012bda lod\u012bte &#8211; 76.3% otrreiz\u0113j\u0101s p\u0101rstr\u0101des izejmateri\u0101ls &#8211; Main\u0101ms serdenis Pilot BeGreen rakst\u0101mpiederumi ir no otrreiz\u0113j\u0101s p\u0101rstr\u0101des plastmasas gatavotu dabai draudz\u012bgu rakst\u0101mpiederumu s\u0113rija.<\/p>\n","protected":false},"featured_media":0,"comment_status":"closed","ping_status":"closed","template":"","meta":{"_acf_changed":false,"ep_exclude_from_search":false},"product_cat":[19695,18519],"product_tag":[],"class_list":{"0":"post-23536","1":"product","2":"type-product","3":"status-publish","5":"product_cat-lodisu-pildspalvas","6":"product_cat-rakstampiederumi-2","8":"first","9":"outofstock","10":"taxable","11":"shipping-taxable","12":"purchasable","13":"product-type-variable"},"acf":[],"yoast_head":"<!-- This site is optimized with the Yoast SEO plugin v24.1 - https:\/\/yoast.com\/wordpress\/plugins\/seo\/ -->\n<title>Lod\u012b\u0161u pildspalva Pilot BeGreen BPE-GP &#8211; Skizze<\/title>\n<meta name=\"robots\" content=\"noindex, follow, max-snippet:-1, max-image-preview:large, max-video-preview:-1\" \/>\n<meta property=\"og:locale\" content=\"lv_LV\" \/>\n<meta property=\"og:type\" content=\"article\" \/>\n<meta property=\"og:title\" content=\"Lod\u012b\u0161u pildspalva Pilot BeGreen BPE-GP &#8211; Skizze\" \/>\n<meta property=\"og:description\" content=\"&#8211; Korpuss un kor\u0137is no caursp\u012bd\u012bgas plastmasas &#8211; Gumijas satveres da\u013ca &#8211; Cieta un iztur\u012bga volframa karb\u012bda lod\u012bte &#8211; 76.3% otrreiz\u0113j\u0101s p\u0101rstr\u0101des izejmateri\u0101ls &#8211; Main\u0101ms serdenis Pilot BeGreen rakst\u0101mpiederumi ir no otrreiz\u0113j\u0101s p\u0101rstr\u0101des plastmasas gatavotu dabai draudz\u012bgu rakst\u0101mpiederumu s\u0113rija.\" \/>\n<meta property=\"og:url\" content=\"https:\/\/hobstop.ee\/lv\/produkts\/lodisu-pildspalva-pilot-begreen-bpe-gp\/\" \/>\n<meta property=\"og:site_name\" content=\"Skizze\" \/>\n<meta property=\"article:publisher\" content=\"http:\/\/www.facebook.com\/VunderSkizze\" \/>\n<meta name=\"twitter:card\" content=\"summary_large_image\" \/>\n<script type=\"application\/ld+json\" class=\"yoast-schema-graph\">{\"@context\":\"https:\/\/schema.org\",\"@graph\":[{\"@type\":\"WebPage\",\"@id\":\"https:\/\/hobstop.ee\/lv\/produkts\/lodisu-pildspalva-pilot-begreen-bpe-gp\/\",\"url\":\"https:\/\/hobstop.ee\/lv\/produkts\/lodisu-pildspalva-pilot-begreen-bpe-gp\/\",\"name\":\"Lod\u012b\u0161u pildspalva Pilot BeGreen BPE-GP &#8211; Skizze\",\"isPartOf\":{\"@id\":\"https:\/\/hobstop.ee\/lv\/#website\"},\"datePublished\":\"2014-12-09T10:51:55+00:00\",\"dateModified\":\"2014-12-09T10:51:55+00:00\",\"breadcrumb\":{\"@id\":\"https:\/\/hobstop.ee\/lv\/produkts\/lodisu-pildspalva-pilot-begreen-bpe-gp\/#breadcrumb\"},\"inLanguage\":\"lv-LV\",\"potentialAction\":[{\"@type\":\"ReadAction\",\"target\":[\"https:\/\/hobstop.ee\/lv\/produkts\/lodisu-pildspalva-pilot-begreen-bpe-gp\/\"]}]},{\"@type\":\"BreadcrumbList\",\"@id\":\"https:\/\/hobstop.ee\/lv\/produkts\/lodisu-pildspalva-pilot-begreen-bpe-gp\/#breadcrumb\",\"itemListElement\":[{\"@type\":\"ListItem\",\"position\":1,\"name\":\"Avaleht\",\"item\":\"https:\/\/hobstop.ee\/lv\/\"},{\"@type\":\"ListItem\",\"position\":2,\"name\":\"Veikals\",\"item\":\"https:\/\/hobstop.ee\/lv\/veikals\/\"},{\"@type\":\"ListItem\",\"position\":3,\"name\":\"Lod\u012b\u0161u pildspalva Pilot BeGreen BPE-GP\"}]},{\"@type\":\"WebSite\",\"@id\":\"https:\/\/hobstop.ee\/lv\/#website\",\"url\":\"https:\/\/hobstop.ee\/lv\/\",\"name\":\"Skizze\",\"description\":\"M\u0101kslas, hobiju un skolas preces\",\"publisher\":{\"@id\":\"https:\/\/hobstop.ee\/lv\/#organization\"},\"potentialAction\":[{\"@type\":\"SearchAction\",\"target\":{\"@type\":\"EntryPoint\",\"urlTemplate\":\"https:\/\/hobstop.ee\/lv\/?s={search_term_string}\"},\"query-input\":{\"@type\":\"PropertyValueSpecification\",\"valueRequired\":true,\"valueName\":\"search_term_string\"}}],\"inLanguage\":\"lv-LV\"},{\"@type\":\"Organization\",\"@id\":\"https:\/\/hobstop.ee\/lv\/#organization\",\"name\":\"Vunder AS\",\"url\":\"https:\/\/hobstop.ee\/lv\/\",\"logo\":{\"@type\":\"ImageObject\",\"inLanguage\":\"lv-LV\",\"@id\":\"https:\/\/hobstop.ee\/lv\/#\/schema\/logo\/image\/\",\"url\":\"https:\/\/hobstop.ee\/media\/vunder-logo.png\",\"contentUrl\":\"https:\/\/hobstop.ee\/media\/vunder-logo.png\",\"width\":127,\"height\":55,\"caption\":\"Vunder AS\"},\"image\":{\"@id\":\"https:\/\/hobstop.ee\/lv\/#\/schema\/logo\/image\/\"},\"sameAs\":[\"http:\/\/www.facebook.com\/VunderSkizze\"]}]}<\/script>\n<!-- \/ Yoast SEO plugin. -->","yoast_head_json":{"title":"Lod\u012b\u0161u pildspalva Pilot BeGreen BPE-GP &#8211; Skizze","robots":{"index":"noindex","follow":"follow","max-snippet":"max-snippet:-1","max-image-preview":"max-image-preview:large","max-video-preview":"max-video-preview:-1"},"og_locale":"lv_LV","og_type":"article","og_title":"Lod\u012b\u0161u pildspalva Pilot BeGreen BPE-GP &#8211; Skizze","og_description":"&#8211; Korpuss un kor\u0137is no caursp\u012bd\u012bgas plastmasas &#8211; Gumijas satveres da\u013ca &#8211; Cieta un iztur\u012bga volframa karb\u012bda lod\u012bte &#8211; 76.3% otrreiz\u0113j\u0101s p\u0101rstr\u0101des izejmateri\u0101ls &#8211; Main\u0101ms serdenis Pilot BeGreen rakst\u0101mpiederumi ir no otrreiz\u0113j\u0101s p\u0101rstr\u0101des plastmasas gatavotu dabai draudz\u012bgu rakst\u0101mpiederumu s\u0113rija.","og_url":"https:\/\/hobstop.ee\/lv\/produkts\/lodisu-pildspalva-pilot-begreen-bpe-gp\/","og_site_name":"Skizze","article_publisher":"http:\/\/www.facebook.com\/VunderSkizze","twitter_card":"summary_large_image","schema":{"@context":"https:\/\/schema.org","@graph":[{"@type":"WebPage","@id":"https:\/\/hobstop.ee\/lv\/produkts\/lodisu-pildspalva-pilot-begreen-bpe-gp\/","url":"https:\/\/hobstop.ee\/lv\/produkts\/lodisu-pildspalva-pilot-begreen-bpe-gp\/","name":"Lod\u012b\u0161u pildspalva Pilot BeGreen BPE-GP &#8211; Skizze","isPartOf":{"@id":"https:\/\/hobstop.ee\/lv\/#website"},"datePublished":"2014-12-09T10:51:55+00:00","dateModified":"2014-12-09T10:51:55+00:00","breadcrumb":{"@id":"https:\/\/hobstop.ee\/lv\/produkts\/lodisu-pildspalva-pilot-begreen-bpe-gp\/#breadcrumb"},"inLanguage":"lv-LV","potentialAction":[{"@type":"ReadAction","target":["https:\/\/hobstop.ee\/lv\/produkts\/lodisu-pildspalva-pilot-begreen-bpe-gp\/"]}]},{"@type":"BreadcrumbList","@id":"https:\/\/hobstop.ee\/lv\/produkts\/lodisu-pildspalva-pilot-begreen-bpe-gp\/#breadcrumb","itemListElement":[{"@type":"ListItem","position":1,"name":"Avaleht","item":"https:\/\/hobstop.ee\/lv\/"},{"@type":"ListItem","position":2,"name":"Veikals","item":"https:\/\/hobstop.ee\/lv\/veikals\/"},{"@type":"ListItem","position":3,"name":"Lod\u012b\u0161u pildspalva Pilot BeGreen BPE-GP"}]},{"@type":"WebSite","@id":"https:\/\/hobstop.ee\/lv\/#website","url":"https:\/\/hobstop.ee\/lv\/","name":"Skizze","description":"M\u0101kslas, hobiju un skolas preces","publisher":{"@id":"https:\/\/hobstop.ee\/lv\/#organization"},"potentialAction":[{"@type":"SearchAction","target":{"@type":"EntryPoint","urlTemplate":"https:\/\/hobstop.ee\/lv\/?s={search_term_string}"},"query-input":{"@type":"PropertyValueSpecification","valueRequired":true,"valueName":"search_term_string"}}],"inLanguage":"lv-LV"},{"@type":"Organization","@id":"https:\/\/hobstop.ee\/lv\/#organization","name":"Vunder AS","url":"https:\/\/hobstop.ee\/lv\/","logo":{"@type":"ImageObject","inLanguage":"lv-LV","@id":"https:\/\/hobstop.ee\/lv\/#\/schema\/logo\/image\/","url":"https:\/\/hobstop.ee\/media\/vunder-logo.png","contentUrl":"https:\/\/hobstop.ee\/media\/vunder-logo.png","width":127,"height":55,"caption":"Vunder AS"},"image":{"@id":"https:\/\/hobstop.ee\/lv\/#\/schema\/logo\/image\/"},"sameAs":["http:\/\/www.facebook.com\/VunderSkizze"]}]}},"_links":{"self":[{"href":"https:\/\/hobstop.ee\/lv\/wp-json\/wp\/v2\/product\/23536","targetHints":{"allow":["GET"]}}],"collection":[{"href":"https:\/\/hobstop.ee\/lv\/wp-json\/wp\/v2\/product"}],"about":[{"href":"https:\/\/hobstop.ee\/lv\/wp-json\/wp\/v2\/types\/product"}],"replies":[{"embeddable":true,"href":"https:\/\/hobstop.ee\/lv\/wp-json\/wp\/v2\/comments?post=23536"}],"wp:attachment":[{"href":"https:\/\/hobstop.ee\/lv\/wp-json\/wp\/v2\/media?parent=23536"}],"wp:term":[{"taxonomy":"product_cat","embeddable":true,"href":"https:\/\/hobstop.ee\/lv\/wp-json\/wp\/v2\/product_cat?post=23536"},{"taxonomy":"product_tag","embeddable":true,"href":"https:\/\/hobstop.ee\/lv\/wp-json\/wp\/v2\/product_tag?post=23536"}],"curies":[{"name":"wp","href":"https:\/\/api.w.org\/{rel}","templated":true}]}}