{"id":23554,"date":"2014-11-08T14:56:24","date_gmt":"2014-11-08T12:56:24","guid":{"rendered":"https:\/\/sharks.ee\/vunder_2019.klient.veebimajutus.ee\/?post_type=product&p=23554"},"modified":"2014-11-08T14:56:24","modified_gmt":"2014-11-08T11:56:24","slug":"pastelpapirs-canson-mi-teintes-160g-50x65cm","status":"publish","type":"product","link":"https:\/\/hobstop.ee\/lv\/produkts\/pastelpapirs-canson-mi-teintes-160g-50x65cm\/","title":{"rendered":"Paste\u013cpap\u012brs Canson Mi-Teintes 160g 50x65cm"},"content":{"rendered":"<p>Canson Mi-Teintes ir kr\u0101sotas celulozes kr\u0101sains pap\u012brs, kas, pateicoties t\u0101 lieliskaj\u0101m \u012bpa\u0161\u012bb\u0101m, ir izpeln\u012bjies atzin\u012bbu vis\u0101 pasaul\u0113. \u0160im autentiskaj\u0101m, m\u0101ksliniekiem paredz\u0113taj\u0101m pap\u012bram ir \u017eelat\u012bna virsmas p\u0101rkl\u0101jums, kas ierobe\u017eo pigmentu absorb\u0113\u0161anu, t\u0101d\u0113j\u0101di \u013caujot izcelt kr\u0101su lab\u0101k\u0101s \u012bpa\u0161\u012bbas. Sal\u012bdzinot ar citiem tirg\u016b pied\u0101v\u0101tajiem izstr\u0101d\u0101jumiem, tam ir visliel\u0101kais kokvilnas saturs (vair\u0101k nek\u0101 50%), kas nodro\u0161ina vienlaic\u012bgi meh\u0101nisku iztur\u012bbu un maigu strukt\u016bru.  \u0160\u012bs teicam\u0101s kvalit\u0101tes z\u012bm\u0113\u0161anas pap\u012bra ilgm\u016b\u017e\u012bbas \u012bpa\u0161\u012bbas atbilst ISO 9706 standarta pras\u012bb\u0101m, kas garant\u0113 darbu lielisku saglab\u0101\u0161anu. Turkl\u0101t tam ir v\u0113l viena priek\u0161roc\u012bba \u2013 at\u0161\u0137ir\u012bga loksnes pu\u0161u tekst\u016bra: vien\u0101 pus\u0113 Mi-Teintes pap\u012bram rakstur\u012bg\u0101 \u0161\u016bnu strukt\u016bra, bet otr\u0101 \u2013 izteikti smalka tekst\u016bra.<br \/>\nIde\u0101li piem\u0113rots: t\u0113lot\u0101jm\u0101kslas tehnik\u0101m (pastelis, ogle, sangvina tehnika, z\u012bmulis, \u016bdenskr\u0101sas un gua\u0161a kr\u0101sas)<br \/>\nPiem\u0113rots ar\u012b: rokdarbiem (loc\u012bjumiem, griezumiem, l\u012bm\u0113jumiem, atkl\u0101tn\u0113m u.c.)<\/p>\n","protected":false},"excerpt":{"rendered":"<p>Canson Mi-Teintes ir kr\u0101sotas celulozes kr\u0101sains pap\u012brs, kas, pateicoties t\u0101 lieliskaj\u0101m \u012bpa\u0161\u012bb\u0101m, ir izpeln\u012bjies atzin\u012bbu vis\u0101 pasaul\u0113. \u0160im autentiskaj\u0101m, m\u0101ksliniekiem paredz\u0113taj\u0101m pap\u012bram ir \u017eelat\u012bna virsmas p\u0101rkl\u0101jums, kas ierobe\u017eo pigmentu absorb\u0113\u0161anu, t\u0101d\u0113j\u0101di \u013caujot izcelt kr\u0101su lab\u0101k\u0101s \u012bpa\u0161\u012bbas. Sal\u012bdzinot ar citiem tirg\u016b pied\u0101v\u0101tajiem izstr\u0101d\u0101jumiem, tam ir visliel\u0101kais kokvilnas saturs (vair\u0101k nek\u0101 50%), kas nodro\u0161ina vienlaic\u012bgi meh\u0101nisku iztur\u012bbu un maigu strukt\u016bru. \u0160\u012bs teicam\u0101s kvalit\u0101tes z\u012bm\u0113\u0161anas pap\u012bra ilgm\u016b\u017e\u012bbas \u012bpa\u0161\u012bbas atbilst ISO 9706 standarta pras\u012bb\u0101m, kas garant\u0113 darbu lielisku saglab\u0101\u0161anu. Turkl\u0101t tam ir v\u0113l viena priek\u0161roc\u012bba \u2013 at\u0161\u0137ir\u012bga loksnes pu\u0161u tekst\u016bra: vien\u0101 pus\u0113 Mi-Teintes pap\u012bram rakstur\u012bg\u0101 \u0161\u016bnu strukt\u016bra, bet otr\u0101 \u2013 izteikti smalka tekst\u016bra. Ide\u0101li piem\u0113rots: t\u0113lot\u0101jm\u0101kslas tehnik\u0101m (pastelis, ogle, sangvina tehnika, z\u012bmulis, \u016bdenskr\u0101sas un gua\u0161a kr\u0101sas) Piem\u0113rots ar\u012b: rokdarbiem (loc\u012bjumiem, griezumiem, l\u012bm\u0113jumiem, atkl\u0101tn\u0113m u.c.)<\/p>\n","protected":false},"featured_media":144512,"comment_status":"closed","ping_status":"closed","template":"","meta":{"_acf_changed":false,"ep_exclude_from_search":false},"product_cat":[18943,17921,19024],"product_tag":[],"class_list":{"0":"post-23554","1":"product","2":"type-product","3":"status-publish","4":"has-post-thumbnail","6":"product_cat-makslas-papirs-un-kartons-2","7":"product_cat-papira-izstradajumi","8":"product_cat-zimesanas-papirs-un-bloki-3","9":"pa_kma-3468","10":"pa_kma-3480","11":"pa_kma-3487","12":"pa_kma-3489","13":"pa_kma-3491","14":"pa_kma-3492","15":"pa_kma-3493","16":"pa_kma-3497","18":"first","19":"instock","20":"taxable","21":"shipping-taxable","22":"purchasable","23":"product-type-variable"},"acf":[],"yoast_head":"<!-- This site is optimized with the Yoast SEO plugin v24.1 - https:\/\/yoast.com\/wordpress\/plugins\/seo\/ -->\n<title>Paste\u013cpap\u012brs Canson Mi-Teintes 160g 50x65cm &#8211; Skizze<\/title>\n<meta name=\"robots\" content=\"noindex, follow, max-snippet:-1, max-image-preview:large, max-video-preview:-1\" \/>\n<meta property=\"og:locale\" content=\"lv_LV\" \/>\n<meta property=\"og:type\" content=\"article\" \/>\n<meta property=\"og:title\" content=\"Paste\u013cpap\u012brs Canson Mi-Teintes 160g 50x65cm &#8211; Skizze\" \/>\n<meta property=\"og:description\" content=\"Canson Mi-Teintes ir kr\u0101sotas celulozes kr\u0101sains pap\u012brs, kas, pateicoties t\u0101 lieliskaj\u0101m \u012bpa\u0161\u012bb\u0101m, ir izpeln\u012bjies atzin\u012bbu vis\u0101 pasaul\u0113. \u0160im autentiskaj\u0101m, m\u0101ksliniekiem paredz\u0113taj\u0101m pap\u012bram ir \u017eelat\u012bna virsmas p\u0101rkl\u0101jums, kas ierobe\u017eo pigmentu absorb\u0113\u0161anu, t\u0101d\u0113j\u0101di \u013caujot izcelt kr\u0101su lab\u0101k\u0101s \u012bpa\u0161\u012bbas. Sal\u012bdzinot ar citiem tirg\u016b pied\u0101v\u0101tajiem izstr\u0101d\u0101jumiem, tam ir visliel\u0101kais kokvilnas saturs (vair\u0101k nek\u0101 50%), kas nodro\u0161ina vienlaic\u012bgi meh\u0101nisku iztur\u012bbu un maigu strukt\u016bru. \u0160\u012bs teicam\u0101s kvalit\u0101tes z\u012bm\u0113\u0161anas pap\u012bra ilgm\u016b\u017e\u012bbas \u012bpa\u0161\u012bbas atbilst ISO 9706 standarta pras\u012bb\u0101m, kas garant\u0113 darbu lielisku saglab\u0101\u0161anu. Turkl\u0101t tam ir v\u0113l viena priek\u0161roc\u012bba \u2013 at\u0161\u0137ir\u012bga loksnes pu\u0161u tekst\u016bra: vien\u0101 pus\u0113 Mi-Teintes pap\u012bram rakstur\u012bg\u0101 \u0161\u016bnu strukt\u016bra, bet otr\u0101 \u2013 izteikti smalka tekst\u016bra. Ide\u0101li piem\u0113rots: t\u0113lot\u0101jm\u0101kslas tehnik\u0101m (pastelis, ogle, sangvina tehnika, z\u012bmulis, \u016bdenskr\u0101sas un gua\u0161a kr\u0101sas) Piem\u0113rots ar\u012b: rokdarbiem (loc\u012bjumiem, griezumiem, l\u012bm\u0113jumiem, atkl\u0101tn\u0113m u.c.)\" \/>\n<meta property=\"og:url\" content=\"https:\/\/hobstop.ee\/lv\/produkts\/pastelpapirs-canson-mi-teintes-160g-50x65cm\/\" \/>\n<meta property=\"og:site_name\" content=\"Skizze\" \/>\n<meta property=\"article:publisher\" content=\"http:\/\/www.facebook.com\/VunderSkizze\" \/>\n<meta property=\"article:modified_time\" content=\"-0001-11-30T00:00:00+00:00\" \/>\n<meta property=\"og:image\" content=\"https:\/\/www.hobstop.ee\/media\/1384.jpg\" \/>\n\t<meta property=\"og:image:width\" content=\"1024\" \/>\n\t<meta property=\"og:image:height\" content=\"768\" \/>\n\t<meta property=\"og:image:type\" content=\"image\/jpeg\" \/>\n<meta name=\"twitter:card\" content=\"summary_large_image\" \/>\n<meta name=\"twitter:label1\" content=\"Est. reading time\" \/>\n\t<meta name=\"twitter:data1\" content=\"1 min\u016b\u0161u\" \/>\n<script type=\"application\/ld+json\" class=\"yoast-schema-graph\">{\"@context\":\"https:\/\/schema.org\",\"@graph\":[{\"@type\":\"WebPage\",\"@id\":\"https:\/\/hobstop.ee\/lv\/produkts\/pastelpapirs-canson-mi-teintes-160g-50x65cm\/\",\"url\":\"https:\/\/hobstop.ee\/lv\/produkts\/pastelpapirs-canson-mi-teintes-160g-50x65cm\/\",\"name\":\"Paste\u013cpap\u012brs Canson Mi-Teintes 160g 50x65cm &#8211; Skizze\",\"isPartOf\":{\"@id\":\"https:\/\/hobstop.ee\/lv\/#website\"},\"primaryImageOfPage\":{\"@id\":\"https:\/\/hobstop.ee\/lv\/produkts\/pastelpapirs-canson-mi-teintes-160g-50x65cm\/#primaryimage\"},\"image\":{\"@id\":\"https:\/\/hobstop.ee\/lv\/produkts\/pastelpapirs-canson-mi-teintes-160g-50x65cm\/#primaryimage\"},\"thumbnailUrl\":\"https:\/\/hobstop.ee\/media\/1384.jpg\",\"datePublished\":\"2014-11-08T12:56:24+00:00\",\"dateModified\":\"-0001-11-30T00:00:00+00:00\",\"breadcrumb\":{\"@id\":\"https:\/\/hobstop.ee\/lv\/produkts\/pastelpapirs-canson-mi-teintes-160g-50x65cm\/#breadcrumb\"},\"inLanguage\":\"lv-LV\",\"potentialAction\":[{\"@type\":\"ReadAction\",\"target\":[\"https:\/\/hobstop.ee\/lv\/produkts\/pastelpapirs-canson-mi-teintes-160g-50x65cm\/\"]}]},{\"@type\":\"ImageObject\",\"inLanguage\":\"lv-LV\",\"@id\":\"https:\/\/hobstop.ee\/lv\/produkts\/pastelpapirs-canson-mi-teintes-160g-50x65cm\/#primaryimage\",\"url\":\"https:\/\/hobstop.ee\/media\/1384.jpg\",\"contentUrl\":\"https:\/\/hobstop.ee\/media\/1384.jpg\",\"width\":1024,\"height\":768},{\"@type\":\"BreadcrumbList\",\"@id\":\"https:\/\/hobstop.ee\/lv\/produkts\/pastelpapirs-canson-mi-teintes-160g-50x65cm\/#breadcrumb\",\"itemListElement\":[{\"@type\":\"ListItem\",\"position\":1,\"name\":\"Avaleht\",\"item\":\"https:\/\/www.hobstop.ee\/lv\/\"},{\"@type\":\"ListItem\",\"position\":2,\"name\":\"Veikals\",\"item\":\"https:\/\/www.hobstop.ee\/lv\/veikals\/\"},{\"@type\":\"ListItem\",\"position\":3,\"name\":\"Paste\u013cpap\u012brs Canson Mi-Teintes 160g 50x65cm\"}]},{\"@type\":\"WebSite\",\"@id\":\"https:\/\/hobstop.ee\/lv\/#website\",\"url\":\"https:\/\/hobstop.ee\/lv\/\",\"name\":\"Skizze\",\"description\":\"M\u0101kslas, hobiju un skolas preces\",\"publisher\":{\"@id\":\"https:\/\/hobstop.ee\/lv\/#organization\"},\"potentialAction\":[{\"@type\":\"SearchAction\",\"target\":{\"@type\":\"EntryPoint\",\"urlTemplate\":\"https:\/\/hobstop.ee\/lv\/?s={search_term_string}\"},\"query-input\":{\"@type\":\"PropertyValueSpecification\",\"valueRequired\":true,\"valueName\":\"search_term_string\"}}],\"inLanguage\":\"lv-LV\"},{\"@type\":\"Organization\",\"@id\":\"https:\/\/hobstop.ee\/lv\/#organization\",\"name\":\"Vunder AS\",\"url\":\"https:\/\/hobstop.ee\/lv\/\",\"logo\":{\"@type\":\"ImageObject\",\"inLanguage\":\"lv-LV\",\"@id\":\"https:\/\/hobstop.ee\/lv\/#\/schema\/logo\/image\/\",\"url\":\"https:\/\/hobstop.ee\/media\/vunder-logo.png\",\"contentUrl\":\"https:\/\/hobstop.ee\/media\/vunder-logo.png\",\"width\":127,\"height\":55,\"caption\":\"Vunder AS\"},\"image\":{\"@id\":\"https:\/\/hobstop.ee\/lv\/#\/schema\/logo\/image\/\"},\"sameAs\":[\"http:\/\/www.facebook.com\/VunderSkizze\"]}]}<\/script>\n<!-- \/ Yoast SEO plugin. -->","yoast_head_json":{"title":"Paste\u013cpap\u012brs Canson Mi-Teintes 160g 50x65cm &#8211; Skizze","robots":{"index":"noindex","follow":"follow","max-snippet":"max-snippet:-1","max-image-preview":"max-image-preview:large","max-video-preview":"max-video-preview:-1"},"og_locale":"lv_LV","og_type":"article","og_title":"Paste\u013cpap\u012brs Canson Mi-Teintes 160g 50x65cm &#8211; Skizze","og_description":"Canson Mi-Teintes ir kr\u0101sotas celulozes kr\u0101sains pap\u012brs, kas, pateicoties t\u0101 lieliskaj\u0101m \u012bpa\u0161\u012bb\u0101m, ir izpeln\u012bjies atzin\u012bbu vis\u0101 pasaul\u0113. \u0160im autentiskaj\u0101m, m\u0101ksliniekiem paredz\u0113taj\u0101m pap\u012bram ir \u017eelat\u012bna virsmas p\u0101rkl\u0101jums, kas ierobe\u017eo pigmentu absorb\u0113\u0161anu, t\u0101d\u0113j\u0101di \u013caujot izcelt kr\u0101su lab\u0101k\u0101s \u012bpa\u0161\u012bbas. Sal\u012bdzinot ar citiem tirg\u016b pied\u0101v\u0101tajiem izstr\u0101d\u0101jumiem, tam ir visliel\u0101kais kokvilnas saturs (vair\u0101k nek\u0101 50%), kas nodro\u0161ina vienlaic\u012bgi meh\u0101nisku iztur\u012bbu un maigu strukt\u016bru. \u0160\u012bs teicam\u0101s kvalit\u0101tes z\u012bm\u0113\u0161anas pap\u012bra ilgm\u016b\u017e\u012bbas \u012bpa\u0161\u012bbas atbilst ISO 9706 standarta pras\u012bb\u0101m, kas garant\u0113 darbu lielisku saglab\u0101\u0161anu. Turkl\u0101t tam ir v\u0113l viena priek\u0161roc\u012bba \u2013 at\u0161\u0137ir\u012bga loksnes pu\u0161u tekst\u016bra: vien\u0101 pus\u0113 Mi-Teintes pap\u012bram rakstur\u012bg\u0101 \u0161\u016bnu strukt\u016bra, bet otr\u0101 \u2013 izteikti smalka tekst\u016bra. Ide\u0101li piem\u0113rots: t\u0113lot\u0101jm\u0101kslas tehnik\u0101m (pastelis, ogle, sangvina tehnika, z\u012bmulis, \u016bdenskr\u0101sas un gua\u0161a kr\u0101sas) Piem\u0113rots ar\u012b: rokdarbiem (loc\u012bjumiem, griezumiem, l\u012bm\u0113jumiem, atkl\u0101tn\u0113m u.c.)","og_url":"https:\/\/hobstop.ee\/lv\/produkts\/pastelpapirs-canson-mi-teintes-160g-50x65cm\/","og_site_name":"Skizze","article_publisher":"http:\/\/www.facebook.com\/VunderSkizze","article_modified_time":"-0001-11-30T00:00:00+00:00","og_image":[{"width":1024,"height":768,"url":"https:\/\/www.hobstop.ee\/media\/1384.jpg","type":"image\/jpeg"}],"twitter_card":"summary_large_image","twitter_misc":{"Est. reading time":"1 min\u016b\u0161u"},"schema":{"@context":"https:\/\/schema.org","@graph":[{"@type":"WebPage","@id":"https:\/\/hobstop.ee\/lv\/produkts\/pastelpapirs-canson-mi-teintes-160g-50x65cm\/","url":"https:\/\/hobstop.ee\/lv\/produkts\/pastelpapirs-canson-mi-teintes-160g-50x65cm\/","name":"Paste\u013cpap\u012brs Canson Mi-Teintes 160g 50x65cm &#8211; Skizze","isPartOf":{"@id":"https:\/\/hobstop.ee\/lv\/#website"},"primaryImageOfPage":{"@id":"https:\/\/hobstop.ee\/lv\/produkts\/pastelpapirs-canson-mi-teintes-160g-50x65cm\/#primaryimage"},"image":{"@id":"https:\/\/hobstop.ee\/lv\/produkts\/pastelpapirs-canson-mi-teintes-160g-50x65cm\/#primaryimage"},"thumbnailUrl":"https:\/\/hobstop.ee\/media\/1384.jpg","datePublished":"2014-11-08T12:56:24+00:00","dateModified":"-0001-11-30T00:00:00+00:00","breadcrumb":{"@id":"https:\/\/hobstop.ee\/lv\/produkts\/pastelpapirs-canson-mi-teintes-160g-50x65cm\/#breadcrumb"},"inLanguage":"lv-LV","potentialAction":[{"@type":"ReadAction","target":["https:\/\/hobstop.ee\/lv\/produkts\/pastelpapirs-canson-mi-teintes-160g-50x65cm\/"]}]},{"@type":"ImageObject","inLanguage":"lv-LV","@id":"https:\/\/hobstop.ee\/lv\/produkts\/pastelpapirs-canson-mi-teintes-160g-50x65cm\/#primaryimage","url":"https:\/\/hobstop.ee\/media\/1384.jpg","contentUrl":"https:\/\/hobstop.ee\/media\/1384.jpg","width":1024,"height":768},{"@type":"BreadcrumbList","@id":"https:\/\/hobstop.ee\/lv\/produkts\/pastelpapirs-canson-mi-teintes-160g-50x65cm\/#breadcrumb","itemListElement":[{"@type":"ListItem","position":1,"name":"Avaleht","item":"https:\/\/www.hobstop.ee\/lv\/"},{"@type":"ListItem","position":2,"name":"Veikals","item":"https:\/\/www.hobstop.ee\/lv\/veikals\/"},{"@type":"ListItem","position":3,"name":"Paste\u013cpap\u012brs Canson Mi-Teintes 160g 50x65cm"}]},{"@type":"WebSite","@id":"https:\/\/hobstop.ee\/lv\/#website","url":"https:\/\/hobstop.ee\/lv\/","name":"Skizze","description":"M\u0101kslas, hobiju un skolas preces","publisher":{"@id":"https:\/\/hobstop.ee\/lv\/#organization"},"potentialAction":[{"@type":"SearchAction","target":{"@type":"EntryPoint","urlTemplate":"https:\/\/hobstop.ee\/lv\/?s={search_term_string}"},"query-input":{"@type":"PropertyValueSpecification","valueRequired":true,"valueName":"search_term_string"}}],"inLanguage":"lv-LV"},{"@type":"Organization","@id":"https:\/\/hobstop.ee\/lv\/#organization","name":"Vunder AS","url":"https:\/\/hobstop.ee\/lv\/","logo":{"@type":"ImageObject","inLanguage":"lv-LV","@id":"https:\/\/hobstop.ee\/lv\/#\/schema\/logo\/image\/","url":"https:\/\/hobstop.ee\/media\/vunder-logo.png","contentUrl":"https:\/\/hobstop.ee\/media\/vunder-logo.png","width":127,"height":55,"caption":"Vunder AS"},"image":{"@id":"https:\/\/hobstop.ee\/lv\/#\/schema\/logo\/image\/"},"sameAs":["http:\/\/www.facebook.com\/VunderSkizze"]}]}},"_links":{"self":[{"href":"https:\/\/hobstop.ee\/lv\/wp-json\/wp\/v2\/product\/23554","targetHints":{"allow":["GET"]}}],"collection":[{"href":"https:\/\/hobstop.ee\/lv\/wp-json\/wp\/v2\/product"}],"about":[{"href":"https:\/\/hobstop.ee\/lv\/wp-json\/wp\/v2\/types\/product"}],"replies":[{"embeddable":true,"href":"https:\/\/hobstop.ee\/lv\/wp-json\/wp\/v2\/comments?post=23554"}],"wp:featuredmedia":[{"embeddable":true,"href":"https:\/\/hobstop.ee\/lv\/wp-json\/wp\/v2\/media\/144512"}],"wp:attachment":[{"href":"https:\/\/hobstop.ee\/lv\/wp-json\/wp\/v2\/media?parent=23554"}],"wp:term":[{"taxonomy":"product_cat","embeddable":true,"href":"https:\/\/hobstop.ee\/lv\/wp-json\/wp\/v2\/product_cat?post=23554"},{"taxonomy":"product_tag","embeddable":true,"href":"https:\/\/hobstop.ee\/lv\/wp-json\/wp\/v2\/product_tag?post=23554"}],"curies":[{"name":"wp","href":"https:\/\/api.w.org\/{rel}","templated":true}]}}