{"id":23558,"date":"2014-12-09T12:52:00","date_gmt":"2014-12-09T10:52:00","guid":{"rendered":"https:\/\/sharks.ee\/vunder_2019.klient.veebimajutus.ee\/?post_type=product&#038;p=23558"},"modified":"2014-12-09T12:52:00","modified_gmt":"2014-12-09T10:52:00","slug":"pastelzimuli-derwent-metala-kaste","status":"publish","type":"product","link":"https:\/\/hobstop.ee\/lv\/produkts\/pastelzimuli-derwent-metala-kaste\/","title":{"rendered":"Paste\u013cz\u012bmu\u013ci Derwent met\u0101la kast\u0113"},"content":{"rendered":"<p>Nekas nevar p\u0101rsp\u0113t paste\u013ckr\u0101su \u0161armu, ta\u010du tas gan nav viens no t\u012br\u0101kajiem darba l\u012bdzek\u013ciem. Tagad j\u016bs varat izbaud\u012bt visu, ko vien paste\u013ckr\u0101sas var pied\u0101v\u0101t, \u0113rt\u0101 form\u0101, neradot net\u012br\u012bbu \u0160iem kok\u0101 iestr\u0101d\u0101tiem Pastel Pencils z\u012bmu\u013ciem ir m\u012bksta, pulverveid\u012bga tekst\u016bra, kas rada samtaini gludu nobeiguma apdari. Tie ir ide\u0101li piem\u0113roti jauk\u0161anai un pludin\u0101\u0161anai. T\u0101 k\u0101 tie ir z\u012bmu\u013ci, to izmanto\u0161ana nerada net\u012br\u012bbu, tos ir \u013coti viegli kontrol\u0113t, lai gan iesp\u0113jams, j\u016bs nevar\u0113siet izvair\u012bties no nelielu traipu rad\u012b\u0161anas ar pirkstiem!<br \/>\nApa\u013c\u0161 8mm korpuss, serdenis d=4mm<\/p>\n","protected":false},"excerpt":{"rendered":"<p>Nekas nevar p\u0101rsp\u0113t paste\u013ckr\u0101su \u0161armu, ta\u010du tas gan nav viens no t\u012br\u0101kajiem darba l\u012bdzek\u013ciem. Tagad j\u016bs varat izbaud\u012bt visu, ko vien paste\u013ckr\u0101sas var pied\u0101v\u0101t, \u0113rt\u0101 form\u0101, neradot net\u012br\u012bbu \u0160iem kok\u0101 iestr\u0101d\u0101tiem Pastel Pencils z\u012bmu\u013ciem ir m\u012bksta, pulverveid\u012bga tekst\u016bra, kas rada samtaini gludu nobeiguma apdari. Tie ir ide\u0101li piem\u0113roti jauk\u0161anai un pludin\u0101\u0161anai. T\u0101 k\u0101 tie ir z\u012bmu\u013ci, to izmanto\u0161ana nerada net\u012br\u012bbu, tos ir \u013coti viegli kontrol\u0113t, lai gan iesp\u0113jams, j\u016bs nevar\u0113siet izvair\u012bties no nelielu traipu rad\u012b\u0161anas ar pirkstiem! Apa\u013c\u0161 8mm korpuss, serdenis d=4mm<\/p>\n","protected":false},"featured_media":305845,"comment_status":"closed","ping_status":"closed","template":"","meta":{"_acf_changed":false,"ep_exclude_from_search":false},"product_cat":[16123,18134,18931],"product_tag":[],"class_list":{"0":"post-23558","1":"product","2":"type-product","3":"status-publish","4":"has-post-thumbnail","6":"product_cat-makslas-piederumi-2","7":"product_cat-pastela-zimuli","8":"product_cat-zimesanas-piederumi-3","10":"first","11":"instock","12":"taxable","13":"shipping-taxable","14":"purchasable","15":"product-type-variable"},"acf":[],"yoast_head":"<!-- This site is optimized with the Yoast SEO plugin v24.1 - https:\/\/yoast.com\/wordpress\/plugins\/seo\/ -->\n<title>Paste\u013cz\u012bmu\u013ci Derwent met\u0101la kast\u0113 &#8211; Skizze<\/title>\n<meta name=\"robots\" content=\"noindex, follow, max-snippet:-1, max-image-preview:large, max-video-preview:-1\" \/>\n<meta property=\"og:locale\" content=\"lv_LV\" \/>\n<meta property=\"og:type\" content=\"article\" \/>\n<meta property=\"og:title\" content=\"Paste\u013cz\u012bmu\u013ci Derwent met\u0101la kast\u0113 &#8211; Skizze\" \/>\n<meta property=\"og:description\" content=\"Nekas nevar p\u0101rsp\u0113t paste\u013ckr\u0101su \u0161armu, ta\u010du tas gan nav viens no t\u012br\u0101kajiem darba l\u012bdzek\u013ciem. Tagad j\u016bs varat izbaud\u012bt visu, ko vien paste\u013ckr\u0101sas var pied\u0101v\u0101t, \u0113rt\u0101 form\u0101, neradot net\u012br\u012bbu \u0160iem kok\u0101 iestr\u0101d\u0101tiem Pastel Pencils z\u012bmu\u013ciem ir m\u012bksta, pulverveid\u012bga tekst\u016bra, kas rada samtaini gludu nobeiguma apdari. Tie ir ide\u0101li piem\u0113roti jauk\u0161anai un pludin\u0101\u0161anai. T\u0101 k\u0101 tie ir z\u012bmu\u013ci, to izmanto\u0161ana nerada net\u012br\u012bbu, tos ir \u013coti viegli kontrol\u0113t, lai gan iesp\u0113jams, j\u016bs nevar\u0113siet izvair\u012bties no nelielu traipu rad\u012b\u0161anas ar pirkstiem! Apa\u013c\u0161 8mm korpuss, serdenis d=4mm\" \/>\n<meta property=\"og:url\" content=\"https:\/\/hobstop.ee\/lv\/produkts\/pastelzimuli-derwent-metala-kaste\/\" \/>\n<meta property=\"og:site_name\" content=\"Skizze\" \/>\n<meta property=\"article:publisher\" content=\"http:\/\/www.facebook.com\/VunderSkizze\" \/>\n<meta property=\"og:image\" content=\"https:\/\/hobstop.ee\/media\/1387.jpg\" \/>\n\t<meta property=\"og:image:width\" content=\"1024\" \/>\n\t<meta property=\"og:image:height\" content=\"768\" \/>\n\t<meta property=\"og:image:type\" content=\"image\/jpeg\" \/>\n<meta name=\"twitter:card\" content=\"summary_large_image\" \/>\n<meta name=\"twitter:label1\" content=\"Est. reading time\" \/>\n\t<meta name=\"twitter:data1\" content=\"1 min\u016b\u0161u\" \/>\n<script type=\"application\/ld+json\" class=\"yoast-schema-graph\">{\"@context\":\"https:\/\/schema.org\",\"@graph\":[{\"@type\":\"WebPage\",\"@id\":\"https:\/\/hobstop.ee\/lv\/produkts\/pastelzimuli-derwent-metala-kaste\/\",\"url\":\"https:\/\/hobstop.ee\/lv\/produkts\/pastelzimuli-derwent-metala-kaste\/\",\"name\":\"Paste\u013cz\u012bmu\u013ci Derwent met\u0101la kast\u0113 &#8211; Skizze\",\"isPartOf\":{\"@id\":\"https:\/\/hobstop.ee\/lv\/#website\"},\"primaryImageOfPage\":{\"@id\":\"https:\/\/hobstop.ee\/lv\/produkts\/pastelzimuli-derwent-metala-kaste\/#primaryimage\"},\"image\":{\"@id\":\"https:\/\/hobstop.ee\/lv\/produkts\/pastelzimuli-derwent-metala-kaste\/#primaryimage\"},\"thumbnailUrl\":\"https:\/\/hobstop.ee\/media\/1387.jpg\",\"datePublished\":\"2014-12-09T10:52:00+00:00\",\"dateModified\":\"2014-12-09T10:52:00+00:00\",\"breadcrumb\":{\"@id\":\"https:\/\/hobstop.ee\/lv\/produkts\/pastelzimuli-derwent-metala-kaste\/#breadcrumb\"},\"inLanguage\":\"lv-LV\",\"potentialAction\":[{\"@type\":\"ReadAction\",\"target\":[\"https:\/\/hobstop.ee\/lv\/produkts\/pastelzimuli-derwent-metala-kaste\/\"]}]},{\"@type\":\"ImageObject\",\"inLanguage\":\"lv-LV\",\"@id\":\"https:\/\/hobstop.ee\/lv\/produkts\/pastelzimuli-derwent-metala-kaste\/#primaryimage\",\"url\":\"https:\/\/hobstop.ee\/media\/1387.jpg\",\"contentUrl\":\"https:\/\/hobstop.ee\/media\/1387.jpg\",\"width\":1024,\"height\":768},{\"@type\":\"BreadcrumbList\",\"@id\":\"https:\/\/hobstop.ee\/lv\/produkts\/pastelzimuli-derwent-metala-kaste\/#breadcrumb\",\"itemListElement\":[{\"@type\":\"ListItem\",\"position\":1,\"name\":\"Avaleht\",\"item\":\"https:\/\/www.hobstop.ee\/lv\/\"},{\"@type\":\"ListItem\",\"position\":2,\"name\":\"Veikals\",\"item\":\"https:\/\/www.hobstop.ee\/lv\/veikals\/\"},{\"@type\":\"ListItem\",\"position\":3,\"name\":\"Paste\u013cz\u012bmu\u013ci Derwent met\u0101la kast\u0113\"}]},{\"@type\":\"WebSite\",\"@id\":\"https:\/\/hobstop.ee\/lv\/#website\",\"url\":\"https:\/\/hobstop.ee\/lv\/\",\"name\":\"Skizze\",\"description\":\"M\u0101kslas, hobiju un skolas preces\",\"publisher\":{\"@id\":\"https:\/\/hobstop.ee\/lv\/#organization\"},\"potentialAction\":[{\"@type\":\"SearchAction\",\"target\":{\"@type\":\"EntryPoint\",\"urlTemplate\":\"https:\/\/hobstop.ee\/lv\/?s={search_term_string}\"},\"query-input\":{\"@type\":\"PropertyValueSpecification\",\"valueRequired\":true,\"valueName\":\"search_term_string\"}}],\"inLanguage\":\"lv-LV\"},{\"@type\":\"Organization\",\"@id\":\"https:\/\/hobstop.ee\/lv\/#organization\",\"name\":\"Vunder AS\",\"url\":\"https:\/\/hobstop.ee\/lv\/\",\"logo\":{\"@type\":\"ImageObject\",\"inLanguage\":\"lv-LV\",\"@id\":\"https:\/\/hobstop.ee\/lv\/#\/schema\/logo\/image\/\",\"url\":\"https:\/\/hobstop.ee\/media\/vunder-logo.png\",\"contentUrl\":\"https:\/\/hobstop.ee\/media\/vunder-logo.png\",\"width\":127,\"height\":55,\"caption\":\"Vunder AS\"},\"image\":{\"@id\":\"https:\/\/hobstop.ee\/lv\/#\/schema\/logo\/image\/\"},\"sameAs\":[\"http:\/\/www.facebook.com\/VunderSkizze\"]}]}<\/script>\n<!-- \/ Yoast SEO plugin. -->","yoast_head_json":{"title":"Paste\u013cz\u012bmu\u013ci Derwent met\u0101la kast\u0113 &#8211; Skizze","robots":{"index":"noindex","follow":"follow","max-snippet":"max-snippet:-1","max-image-preview":"max-image-preview:large","max-video-preview":"max-video-preview:-1"},"og_locale":"lv_LV","og_type":"article","og_title":"Paste\u013cz\u012bmu\u013ci Derwent met\u0101la kast\u0113 &#8211; Skizze","og_description":"Nekas nevar p\u0101rsp\u0113t paste\u013ckr\u0101su \u0161armu, ta\u010du tas gan nav viens no t\u012br\u0101kajiem darba l\u012bdzek\u013ciem. Tagad j\u016bs varat izbaud\u012bt visu, ko vien paste\u013ckr\u0101sas var pied\u0101v\u0101t, \u0113rt\u0101 form\u0101, neradot net\u012br\u012bbu \u0160iem kok\u0101 iestr\u0101d\u0101tiem Pastel Pencils z\u012bmu\u013ciem ir m\u012bksta, pulverveid\u012bga tekst\u016bra, kas rada samtaini gludu nobeiguma apdari. Tie ir ide\u0101li piem\u0113roti jauk\u0161anai un pludin\u0101\u0161anai. T\u0101 k\u0101 tie ir z\u012bmu\u013ci, to izmanto\u0161ana nerada net\u012br\u012bbu, tos ir \u013coti viegli kontrol\u0113t, lai gan iesp\u0113jams, j\u016bs nevar\u0113siet izvair\u012bties no nelielu traipu rad\u012b\u0161anas ar pirkstiem! Apa\u013c\u0161 8mm korpuss, serdenis d=4mm","og_url":"https:\/\/hobstop.ee\/lv\/produkts\/pastelzimuli-derwent-metala-kaste\/","og_site_name":"Skizze","article_publisher":"http:\/\/www.facebook.com\/VunderSkizze","og_image":[{"width":1024,"height":768,"url":"https:\/\/hobstop.ee\/media\/1387.jpg","type":"image\/jpeg"}],"twitter_card":"summary_large_image","twitter_misc":{"Est. reading time":"1 min\u016b\u0161u"},"schema":{"@context":"https:\/\/schema.org","@graph":[{"@type":"WebPage","@id":"https:\/\/hobstop.ee\/lv\/produkts\/pastelzimuli-derwent-metala-kaste\/","url":"https:\/\/hobstop.ee\/lv\/produkts\/pastelzimuli-derwent-metala-kaste\/","name":"Paste\u013cz\u012bmu\u013ci Derwent met\u0101la kast\u0113 &#8211; Skizze","isPartOf":{"@id":"https:\/\/hobstop.ee\/lv\/#website"},"primaryImageOfPage":{"@id":"https:\/\/hobstop.ee\/lv\/produkts\/pastelzimuli-derwent-metala-kaste\/#primaryimage"},"image":{"@id":"https:\/\/hobstop.ee\/lv\/produkts\/pastelzimuli-derwent-metala-kaste\/#primaryimage"},"thumbnailUrl":"https:\/\/hobstop.ee\/media\/1387.jpg","datePublished":"2014-12-09T10:52:00+00:00","dateModified":"2014-12-09T10:52:00+00:00","breadcrumb":{"@id":"https:\/\/hobstop.ee\/lv\/produkts\/pastelzimuli-derwent-metala-kaste\/#breadcrumb"},"inLanguage":"lv-LV","potentialAction":[{"@type":"ReadAction","target":["https:\/\/hobstop.ee\/lv\/produkts\/pastelzimuli-derwent-metala-kaste\/"]}]},{"@type":"ImageObject","inLanguage":"lv-LV","@id":"https:\/\/hobstop.ee\/lv\/produkts\/pastelzimuli-derwent-metala-kaste\/#primaryimage","url":"https:\/\/hobstop.ee\/media\/1387.jpg","contentUrl":"https:\/\/hobstop.ee\/media\/1387.jpg","width":1024,"height":768},{"@type":"BreadcrumbList","@id":"https:\/\/hobstop.ee\/lv\/produkts\/pastelzimuli-derwent-metala-kaste\/#breadcrumb","itemListElement":[{"@type":"ListItem","position":1,"name":"Avaleht","item":"https:\/\/www.hobstop.ee\/lv\/"},{"@type":"ListItem","position":2,"name":"Veikals","item":"https:\/\/www.hobstop.ee\/lv\/veikals\/"},{"@type":"ListItem","position":3,"name":"Paste\u013cz\u012bmu\u013ci Derwent met\u0101la kast\u0113"}]},{"@type":"WebSite","@id":"https:\/\/hobstop.ee\/lv\/#website","url":"https:\/\/hobstop.ee\/lv\/","name":"Skizze","description":"M\u0101kslas, hobiju un skolas preces","publisher":{"@id":"https:\/\/hobstop.ee\/lv\/#organization"},"potentialAction":[{"@type":"SearchAction","target":{"@type":"EntryPoint","urlTemplate":"https:\/\/hobstop.ee\/lv\/?s={search_term_string}"},"query-input":{"@type":"PropertyValueSpecification","valueRequired":true,"valueName":"search_term_string"}}],"inLanguage":"lv-LV"},{"@type":"Organization","@id":"https:\/\/hobstop.ee\/lv\/#organization","name":"Vunder AS","url":"https:\/\/hobstop.ee\/lv\/","logo":{"@type":"ImageObject","inLanguage":"lv-LV","@id":"https:\/\/hobstop.ee\/lv\/#\/schema\/logo\/image\/","url":"https:\/\/hobstop.ee\/media\/vunder-logo.png","contentUrl":"https:\/\/hobstop.ee\/media\/vunder-logo.png","width":127,"height":55,"caption":"Vunder AS"},"image":{"@id":"https:\/\/hobstop.ee\/lv\/#\/schema\/logo\/image\/"},"sameAs":["http:\/\/www.facebook.com\/VunderSkizze"]}]}},"_links":{"self":[{"href":"https:\/\/hobstop.ee\/lv\/wp-json\/wp\/v2\/product\/23558","targetHints":{"allow":["GET"]}}],"collection":[{"href":"https:\/\/hobstop.ee\/lv\/wp-json\/wp\/v2\/product"}],"about":[{"href":"https:\/\/hobstop.ee\/lv\/wp-json\/wp\/v2\/types\/product"}],"replies":[{"embeddable":true,"href":"https:\/\/hobstop.ee\/lv\/wp-json\/wp\/v2\/comments?post=23558"}],"wp:featuredmedia":[{"embeddable":true,"href":"https:\/\/hobstop.ee\/lv\/wp-json\/wp\/v2\/media\/305845"}],"wp:attachment":[{"href":"https:\/\/hobstop.ee\/lv\/wp-json\/wp\/v2\/media?parent=23558"}],"wp:term":[{"taxonomy":"product_cat","embeddable":true,"href":"https:\/\/hobstop.ee\/lv\/wp-json\/wp\/v2\/product_cat?post=23558"},{"taxonomy":"product_tag","embeddable":true,"href":"https:\/\/hobstop.ee\/lv\/wp-json\/wp\/v2\/product_tag?post=23558"}],"curies":[{"name":"wp","href":"https:\/\/api.w.org\/{rel}","templated":true}]}}