{"id":23562,"date":"2014-12-09T12:52:02","date_gmt":"2014-12-09T10:52:02","guid":{"rendered":"https:\/\/sharks.ee\/vunder_2019.klient.veebimajutus.ee\/?post_type=product&#038;p=23562"},"modified":"2014-12-09T12:52:02","modified_gmt":"2014-12-09T10:52:02","slug":"maskejosa-laka-porcelana-krasam-schjerning-198","status":"publish","type":"product","link":"https:\/\/hobstop.ee\/lv\/produkts\/maskejosa-laka-porcelana-krasam-schjerning-198\/","title":{"rendered":"Mask\u0113jo\u0161\u0101 laka porcel\u0101na kr\u0101s\u0101m Schjerning 198"},"content":{"rendered":"<p>Schjerning sarkana beic\u0113\u0161anas laka lieto\u0161anai ar augst\u0101 temperat\u016br\u0101 nostiprin\u0101m\u0101m porcel\u0101na kr\u0101s\u0101m, ko izmanto porcel\u0101na nokl\u0101\u0161anai.  P\u0113c pamata kr\u0101sas no\u017e\u016b\u0161anas lakas pl\u0113vi pirms apdedzin\u0101\u0161anas var viegli no\u0146emt no virsmas.<\/p>\n","protected":false},"excerpt":{"rendered":"<p>Schjerning sarkana beic\u0113\u0161anas laka lieto\u0161anai ar augst\u0101 temperat\u016br\u0101 nostiprin\u0101m\u0101m porcel\u0101na kr\u0101s\u0101m, ko izmanto porcel\u0101na nokl\u0101\u0161anai. P\u0113c pamata kr\u0101sas no\u017e\u016b\u0161anas lakas pl\u0113vi pirms apdedzin\u0101\u0161anas var viegli no\u0146emt no virsmas.<\/p>\n","protected":false},"featured_media":352907,"comment_status":"closed","ping_status":"closed","template":"","meta":{"_acf_changed":false,"ep_exclude_from_search":false},"product_cat":[17962,18240,17918],"product_tag":[],"class_list":{"0":"post-23562","1":"product","2":"type-product","3":"status-publish","4":"has-post-thumbnail","6":"product_cat-karsejamas-krasas","7":"product_cat-paligprieksmeti-gleznosanai","8":"product_cat-preces-hobijiem","10":"first","11":"outofstock","12":"taxable","13":"shipping-taxable","14":"purchasable","15":"product-type-variable"},"acf":[],"yoast_head":"<!-- This site is optimized with the Yoast SEO plugin v24.1 - https:\/\/yoast.com\/wordpress\/plugins\/seo\/ -->\n<title>Mask\u0113jo\u0161\u0101 laka porcel\u0101na kr\u0101s\u0101m Schjerning 198 &#8211; Skizze<\/title>\n<meta name=\"robots\" content=\"noindex, follow, max-snippet:-1, max-image-preview:large, max-video-preview:-1\" \/>\n<meta property=\"og:locale\" content=\"lv_LV\" \/>\n<meta property=\"og:type\" content=\"article\" \/>\n<meta property=\"og:title\" content=\"Mask\u0113jo\u0161\u0101 laka porcel\u0101na kr\u0101s\u0101m Schjerning 198 &#8211; Skizze\" \/>\n<meta property=\"og:description\" content=\"Schjerning sarkana beic\u0113\u0161anas laka lieto\u0161anai ar augst\u0101 temperat\u016br\u0101 nostiprin\u0101m\u0101m porcel\u0101na kr\u0101s\u0101m, ko izmanto porcel\u0101na nokl\u0101\u0161anai. P\u0113c pamata kr\u0101sas no\u017e\u016b\u0161anas lakas pl\u0113vi pirms apdedzin\u0101\u0161anas var viegli no\u0146emt no virsmas.\" \/>\n<meta property=\"og:url\" content=\"https:\/\/hobstop.ee\/lv\/produkts\/maskejosa-laka-porcelana-krasam-schjerning-198\/\" \/>\n<meta property=\"og:site_name\" content=\"Skizze\" \/>\n<meta property=\"article:publisher\" content=\"http:\/\/www.facebook.com\/VunderSkizze\" \/>\n<meta property=\"og:image\" content=\"https:\/\/hobstop.ee\/media\/1389.jpg\" \/>\n\t<meta property=\"og:image:width\" content=\"1024\" \/>\n\t<meta property=\"og:image:height\" content=\"768\" \/>\n\t<meta property=\"og:image:type\" content=\"image\/jpeg\" \/>\n<meta name=\"twitter:card\" content=\"summary_large_image\" \/>\n<script type=\"application\/ld+json\" class=\"yoast-schema-graph\">{\"@context\":\"https:\/\/schema.org\",\"@graph\":[{\"@type\":\"WebPage\",\"@id\":\"https:\/\/hobstop.ee\/lv\/produkts\/maskejosa-laka-porcelana-krasam-schjerning-198\/\",\"url\":\"https:\/\/hobstop.ee\/lv\/produkts\/maskejosa-laka-porcelana-krasam-schjerning-198\/\",\"name\":\"Mask\u0113jo\u0161\u0101 laka porcel\u0101na kr\u0101s\u0101m Schjerning 198 &#8211; Skizze\",\"isPartOf\":{\"@id\":\"https:\/\/hobstop.ee\/lv\/#website\"},\"primaryImageOfPage\":{\"@id\":\"https:\/\/hobstop.ee\/lv\/produkts\/maskejosa-laka-porcelana-krasam-schjerning-198\/#primaryimage\"},\"image\":{\"@id\":\"https:\/\/hobstop.ee\/lv\/produkts\/maskejosa-laka-porcelana-krasam-schjerning-198\/#primaryimage\"},\"thumbnailUrl\":\"https:\/\/hobstop.ee\/media\/1389.jpg\",\"datePublished\":\"2014-12-09T10:52:02+00:00\",\"dateModified\":\"2014-12-09T10:52:02+00:00\",\"breadcrumb\":{\"@id\":\"https:\/\/hobstop.ee\/lv\/produkts\/maskejosa-laka-porcelana-krasam-schjerning-198\/#breadcrumb\"},\"inLanguage\":\"lv-LV\",\"potentialAction\":[{\"@type\":\"ReadAction\",\"target\":[\"https:\/\/hobstop.ee\/lv\/produkts\/maskejosa-laka-porcelana-krasam-schjerning-198\/\"]}]},{\"@type\":\"ImageObject\",\"inLanguage\":\"lv-LV\",\"@id\":\"https:\/\/hobstop.ee\/lv\/produkts\/maskejosa-laka-porcelana-krasam-schjerning-198\/#primaryimage\",\"url\":\"https:\/\/hobstop.ee\/media\/1389.jpg\",\"contentUrl\":\"https:\/\/hobstop.ee\/media\/1389.jpg\",\"width\":1024,\"height\":768},{\"@type\":\"BreadcrumbList\",\"@id\":\"https:\/\/hobstop.ee\/lv\/produkts\/maskejosa-laka-porcelana-krasam-schjerning-198\/#breadcrumb\",\"itemListElement\":[{\"@type\":\"ListItem\",\"position\":1,\"name\":\"Avaleht\",\"item\":\"https:\/\/hobstop.ee\/lv\/\"},{\"@type\":\"ListItem\",\"position\":2,\"name\":\"Veikals\",\"item\":\"https:\/\/hobstop.ee\/lv\/veikals\/\"},{\"@type\":\"ListItem\",\"position\":3,\"name\":\"Mask\u0113jo\u0161\u0101 laka porcel\u0101na kr\u0101s\u0101m Schjerning 198\"}]},{\"@type\":\"WebSite\",\"@id\":\"https:\/\/hobstop.ee\/lv\/#website\",\"url\":\"https:\/\/hobstop.ee\/lv\/\",\"name\":\"Skizze\",\"description\":\"M\u0101kslas, hobiju un skolas preces\",\"publisher\":{\"@id\":\"https:\/\/hobstop.ee\/lv\/#organization\"},\"potentialAction\":[{\"@type\":\"SearchAction\",\"target\":{\"@type\":\"EntryPoint\",\"urlTemplate\":\"https:\/\/hobstop.ee\/lv\/?s={search_term_string}\"},\"query-input\":{\"@type\":\"PropertyValueSpecification\",\"valueRequired\":true,\"valueName\":\"search_term_string\"}}],\"inLanguage\":\"lv-LV\"},{\"@type\":\"Organization\",\"@id\":\"https:\/\/hobstop.ee\/lv\/#organization\",\"name\":\"Vunder AS\",\"url\":\"https:\/\/hobstop.ee\/lv\/\",\"logo\":{\"@type\":\"ImageObject\",\"inLanguage\":\"lv-LV\",\"@id\":\"https:\/\/hobstop.ee\/lv\/#\/schema\/logo\/image\/\",\"url\":\"https:\/\/hobstop.ee\/media\/vunder-logo.png\",\"contentUrl\":\"https:\/\/hobstop.ee\/media\/vunder-logo.png\",\"width\":127,\"height\":55,\"caption\":\"Vunder AS\"},\"image\":{\"@id\":\"https:\/\/hobstop.ee\/lv\/#\/schema\/logo\/image\/\"},\"sameAs\":[\"http:\/\/www.facebook.com\/VunderSkizze\"]}]}<\/script>\n<!-- \/ Yoast SEO plugin. -->","yoast_head_json":{"title":"Mask\u0113jo\u0161\u0101 laka porcel\u0101na kr\u0101s\u0101m Schjerning 198 &#8211; Skizze","robots":{"index":"noindex","follow":"follow","max-snippet":"max-snippet:-1","max-image-preview":"max-image-preview:large","max-video-preview":"max-video-preview:-1"},"og_locale":"lv_LV","og_type":"article","og_title":"Mask\u0113jo\u0161\u0101 laka porcel\u0101na kr\u0101s\u0101m Schjerning 198 &#8211; Skizze","og_description":"Schjerning sarkana beic\u0113\u0161anas laka lieto\u0161anai ar augst\u0101 temperat\u016br\u0101 nostiprin\u0101m\u0101m porcel\u0101na kr\u0101s\u0101m, ko izmanto porcel\u0101na nokl\u0101\u0161anai. P\u0113c pamata kr\u0101sas no\u017e\u016b\u0161anas lakas pl\u0113vi pirms apdedzin\u0101\u0161anas var viegli no\u0146emt no virsmas.","og_url":"https:\/\/hobstop.ee\/lv\/produkts\/maskejosa-laka-porcelana-krasam-schjerning-198\/","og_site_name":"Skizze","article_publisher":"http:\/\/www.facebook.com\/VunderSkizze","og_image":[{"width":1024,"height":768,"url":"https:\/\/hobstop.ee\/media\/1389.jpg","type":"image\/jpeg"}],"twitter_card":"summary_large_image","schema":{"@context":"https:\/\/schema.org","@graph":[{"@type":"WebPage","@id":"https:\/\/hobstop.ee\/lv\/produkts\/maskejosa-laka-porcelana-krasam-schjerning-198\/","url":"https:\/\/hobstop.ee\/lv\/produkts\/maskejosa-laka-porcelana-krasam-schjerning-198\/","name":"Mask\u0113jo\u0161\u0101 laka porcel\u0101na kr\u0101s\u0101m Schjerning 198 &#8211; Skizze","isPartOf":{"@id":"https:\/\/hobstop.ee\/lv\/#website"},"primaryImageOfPage":{"@id":"https:\/\/hobstop.ee\/lv\/produkts\/maskejosa-laka-porcelana-krasam-schjerning-198\/#primaryimage"},"image":{"@id":"https:\/\/hobstop.ee\/lv\/produkts\/maskejosa-laka-porcelana-krasam-schjerning-198\/#primaryimage"},"thumbnailUrl":"https:\/\/hobstop.ee\/media\/1389.jpg","datePublished":"2014-12-09T10:52:02+00:00","dateModified":"2014-12-09T10:52:02+00:00","breadcrumb":{"@id":"https:\/\/hobstop.ee\/lv\/produkts\/maskejosa-laka-porcelana-krasam-schjerning-198\/#breadcrumb"},"inLanguage":"lv-LV","potentialAction":[{"@type":"ReadAction","target":["https:\/\/hobstop.ee\/lv\/produkts\/maskejosa-laka-porcelana-krasam-schjerning-198\/"]}]},{"@type":"ImageObject","inLanguage":"lv-LV","@id":"https:\/\/hobstop.ee\/lv\/produkts\/maskejosa-laka-porcelana-krasam-schjerning-198\/#primaryimage","url":"https:\/\/hobstop.ee\/media\/1389.jpg","contentUrl":"https:\/\/hobstop.ee\/media\/1389.jpg","width":1024,"height":768},{"@type":"BreadcrumbList","@id":"https:\/\/hobstop.ee\/lv\/produkts\/maskejosa-laka-porcelana-krasam-schjerning-198\/#breadcrumb","itemListElement":[{"@type":"ListItem","position":1,"name":"Avaleht","item":"https:\/\/hobstop.ee\/lv\/"},{"@type":"ListItem","position":2,"name":"Veikals","item":"https:\/\/hobstop.ee\/lv\/veikals\/"},{"@type":"ListItem","position":3,"name":"Mask\u0113jo\u0161\u0101 laka porcel\u0101na kr\u0101s\u0101m Schjerning 198"}]},{"@type":"WebSite","@id":"https:\/\/hobstop.ee\/lv\/#website","url":"https:\/\/hobstop.ee\/lv\/","name":"Skizze","description":"M\u0101kslas, hobiju un skolas preces","publisher":{"@id":"https:\/\/hobstop.ee\/lv\/#organization"},"potentialAction":[{"@type":"SearchAction","target":{"@type":"EntryPoint","urlTemplate":"https:\/\/hobstop.ee\/lv\/?s={search_term_string}"},"query-input":{"@type":"PropertyValueSpecification","valueRequired":true,"valueName":"search_term_string"}}],"inLanguage":"lv-LV"},{"@type":"Organization","@id":"https:\/\/hobstop.ee\/lv\/#organization","name":"Vunder AS","url":"https:\/\/hobstop.ee\/lv\/","logo":{"@type":"ImageObject","inLanguage":"lv-LV","@id":"https:\/\/hobstop.ee\/lv\/#\/schema\/logo\/image\/","url":"https:\/\/hobstop.ee\/media\/vunder-logo.png","contentUrl":"https:\/\/hobstop.ee\/media\/vunder-logo.png","width":127,"height":55,"caption":"Vunder AS"},"image":{"@id":"https:\/\/hobstop.ee\/lv\/#\/schema\/logo\/image\/"},"sameAs":["http:\/\/www.facebook.com\/VunderSkizze"]}]}},"_links":{"self":[{"href":"https:\/\/hobstop.ee\/lv\/wp-json\/wp\/v2\/product\/23562","targetHints":{"allow":["GET"]}}],"collection":[{"href":"https:\/\/hobstop.ee\/lv\/wp-json\/wp\/v2\/product"}],"about":[{"href":"https:\/\/hobstop.ee\/lv\/wp-json\/wp\/v2\/types\/product"}],"replies":[{"embeddable":true,"href":"https:\/\/hobstop.ee\/lv\/wp-json\/wp\/v2\/comments?post=23562"}],"wp:featuredmedia":[{"embeddable":true,"href":"https:\/\/hobstop.ee\/lv\/wp-json\/wp\/v2\/media\/352907"}],"wp:attachment":[{"href":"https:\/\/hobstop.ee\/lv\/wp-json\/wp\/v2\/media?parent=23562"}],"wp:term":[{"taxonomy":"product_cat","embeddable":true,"href":"https:\/\/hobstop.ee\/lv\/wp-json\/wp\/v2\/product_cat?post=23562"},{"taxonomy":"product_tag","embeddable":true,"href":"https:\/\/hobstop.ee\/lv\/wp-json\/wp\/v2\/product_tag?post=23562"}],"curies":[{"name":"wp","href":"https:\/\/api.w.org\/{rel}","templated":true}]}}