{"id":23586,"date":"2014-11-08T14:56:36","date_gmt":"2014-11-08T12:56:36","guid":{"rendered":"https:\/\/sharks.ee\/vunder_2019.klient.veebimajutus.ee\/?post_type=product&p=23586"},"modified":"2014-11-08T14:56:36","modified_gmt":"2014-11-08T11:56:36","slug":"ota-raphael-kevrin-3675-vedeklveida","status":"publish","type":"product","link":"https:\/\/hobstop.ee\/lv\/produkts\/ota-raphael-kevrin-3675-vedeklveida\/","title":{"rendered":"Ota Raphael Kevrin+ 3675 v\u0113dek\u013cveida"},"content":{"rendered":"<p>Divu gadu p\u0113t\u012bjumu un produktu att\u012bst\u012bbas rezult\u0101ts: un atkal Raphael ir izmantojis savas novatorisk\u0101s sp\u0113jas rad\u012bt pavisam jaunu \u0161\u0137iedru sajaukumu, kas imit\u0113 mangusta spalvas. \u0160\u012b \u0161\u0137iedra ir \u013coti popul\u0101ra, pateicoties t\u0101s daudzpus\u012bbai un l\u012bdzsvaram starp Iztur\u012bba un smalkumu. \u0160is sajaukums apvieno dab\u012bgo \u0161\u0137iedru priek\u0161roc\u012bbas ar Raphael jaun\u0101kajiem atkl\u0101jumiem sint\u0113tisko \u0161\u0137iedru pasaul\u0113. T\u0101s ir \u013coti prec\u012bzas un, pieskaroties t\u0101m, atg\u0101dina \u012bstas. P\u0113c iztur\u012bbas l\u012bdz\u012bgas c\u016bkas sariem, ta\u010du precizit\u0101tes un elast\u012bbas zi\u0146\u0101 sal\u012bdzin\u0101mas ar sabuli. Ar ni\u0137e\u013ca misi\u0146a aptveri un garu, melnu, lakotu rokturis ar smil\u0161kr\u0101sas gali\u0146u.<br \/>\nGlezno\u0161anas tehnika: e\u013c\u013cas kr\u0101sas<br \/>\nPielietojums: \u0113nojumam, p\u0101reju rad\u012b\u0161anai, glaz\u0113\u0161anai un \u012bpa\u0161u efektu rad\u012b\u0161anai<\/p>\n","protected":false},"excerpt":{"rendered":"<p>Divu gadu p\u0113t\u012bjumu un produktu att\u012bst\u012bbas rezult\u0101ts: un atkal Raphael ir izmantojis savas novatorisk\u0101s sp\u0113jas rad\u012bt pavisam jaunu \u0161\u0137iedru sajaukumu, kas imit\u0113 mangusta spalvas. \u0160\u012b \u0161\u0137iedra ir \u013coti popul\u0101ra, pateicoties t\u0101s daudzpus\u012bbai un l\u012bdzsvaram starp Iztur\u012bba un smalkumu. \u0160is sajaukums apvieno dab\u012bgo \u0161\u0137iedru priek\u0161roc\u012bbas ar Raphael jaun\u0101kajiem atkl\u0101jumiem sint\u0113tisko \u0161\u0137iedru pasaul\u0113. T\u0101s ir \u013coti prec\u012bzas un, pieskaroties t\u0101m, atg\u0101dina \u012bstas. P\u0113c iztur\u012bbas l\u012bdz\u012bgas c\u016bkas sariem, ta\u010du precizit\u0101tes un elast\u012bbas zi\u0146\u0101 sal\u012bdzin\u0101mas ar sabuli. Ar ni\u0137e\u013ca misi\u0146a aptveri un garu, melnu, lakotu rokturis ar smil\u0161kr\u0101sas gali\u0146u. Glezno\u0161anas tehnika: e\u013c\u013cas kr\u0101sas Pielietojums: \u0113nojumam, p\u0101reju rad\u012b\u0161anai, glaz\u0113\u0161anai un \u012bpa\u0161u efektu rad\u012b\u0161anai<\/p>\n","protected":false},"featured_media":160918,"comment_status":"closed","ping_status":"closed","template":"","meta":{"_acf_changed":false,"ep_exclude_from_search":false},"product_cat":[16123,18650,18608],"product_tag":[],"class_list":{"0":"post-23586","1":"product","2":"type-product","3":"status-publish","4":"has-post-thumbnail","6":"product_cat-makslas-piederumi-2","7":"product_cat-otas-un-piederumi","8":"product_cat-sintetiskas-otas-2","9":"pa_kma-3622","11":"first","12":"instock","13":"taxable","14":"shipping-taxable","15":"purchasable","16":"product-type-variable"},"acf":[],"yoast_head":"<!-- This site is optimized with the Yoast SEO plugin v24.1 - https:\/\/yoast.com\/wordpress\/plugins\/seo\/ -->\n<title>Ota Raphael Kevrin+ 3675 v\u0113dek\u013cveida &#8211; Skizze<\/title>\n<meta name=\"robots\" content=\"noindex, follow, max-snippet:-1, max-image-preview:large, max-video-preview:-1\" \/>\n<meta property=\"og:locale\" content=\"lv_LV\" \/>\n<meta property=\"og:type\" content=\"article\" \/>\n<meta property=\"og:title\" content=\"Ota Raphael Kevrin+ 3675 v\u0113dek\u013cveida &#8211; Skizze\" \/>\n<meta property=\"og:description\" content=\"Divu gadu p\u0113t\u012bjumu un produktu att\u012bst\u012bbas rezult\u0101ts: un atkal Raphael ir izmantojis savas novatorisk\u0101s sp\u0113jas rad\u012bt pavisam jaunu \u0161\u0137iedru sajaukumu, kas imit\u0113 mangusta spalvas. \u0160\u012b \u0161\u0137iedra ir \u013coti popul\u0101ra, pateicoties t\u0101s daudzpus\u012bbai un l\u012bdzsvaram starp Iztur\u012bba un smalkumu. \u0160is sajaukums apvieno dab\u012bgo \u0161\u0137iedru priek\u0161roc\u012bbas ar Raphael jaun\u0101kajiem atkl\u0101jumiem sint\u0113tisko \u0161\u0137iedru pasaul\u0113. T\u0101s ir \u013coti prec\u012bzas un, pieskaroties t\u0101m, atg\u0101dina \u012bstas. P\u0113c iztur\u012bbas l\u012bdz\u012bgas c\u016bkas sariem, ta\u010du precizit\u0101tes un elast\u012bbas zi\u0146\u0101 sal\u012bdzin\u0101mas ar sabuli. Ar ni\u0137e\u013ca misi\u0146a aptveri un garu, melnu, lakotu rokturis ar smil\u0161kr\u0101sas gali\u0146u. Glezno\u0161anas tehnika: e\u013c\u013cas kr\u0101sas Pielietojums: \u0113nojumam, p\u0101reju rad\u012b\u0161anai, glaz\u0113\u0161anai un \u012bpa\u0161u efektu rad\u012b\u0161anai\" \/>\n<meta property=\"og:url\" content=\"https:\/\/hobstop.ee\/lv\/produkts\/ota-raphael-kevrin-3675-vedeklveida\/\" \/>\n<meta property=\"og:site_name\" content=\"Skizze\" \/>\n<meta property=\"article:publisher\" content=\"http:\/\/www.facebook.com\/VunderSkizze\" \/>\n<meta property=\"article:modified_time\" content=\"-0001-11-30T00:00:00+00:00\" \/>\n<meta property=\"og:image\" content=\"https:\/\/hobstop.ee\/media\/1422.jpg\" \/>\n\t<meta property=\"og:image:width\" content=\"1024\" \/>\n\t<meta property=\"og:image:height\" content=\"768\" \/>\n\t<meta property=\"og:image:type\" content=\"image\/jpeg\" \/>\n<meta name=\"twitter:card\" content=\"summary_large_image\" \/>\n<meta name=\"twitter:label1\" content=\"Est. reading time\" \/>\n\t<meta name=\"twitter:data1\" content=\"1 min\u016b\u0161u\" \/>\n<script type=\"application\/ld+json\" class=\"yoast-schema-graph\">{\"@context\":\"https:\/\/schema.org\",\"@graph\":[{\"@type\":\"WebPage\",\"@id\":\"https:\/\/hobstop.ee\/lv\/produkts\/ota-raphael-kevrin-3675-vedeklveida\/\",\"url\":\"https:\/\/hobstop.ee\/lv\/produkts\/ota-raphael-kevrin-3675-vedeklveida\/\",\"name\":\"Ota Raphael Kevrin+ 3675 v\u0113dek\u013cveida &#8211; Skizze\",\"isPartOf\":{\"@id\":\"https:\/\/hobstop.ee\/lv\/#website\"},\"primaryImageOfPage\":{\"@id\":\"https:\/\/hobstop.ee\/lv\/produkts\/ota-raphael-kevrin-3675-vedeklveida\/#primaryimage\"},\"image\":{\"@id\":\"https:\/\/hobstop.ee\/lv\/produkts\/ota-raphael-kevrin-3675-vedeklveida\/#primaryimage\"},\"thumbnailUrl\":\"https:\/\/hobstop.ee\/media\/1422.jpg\",\"datePublished\":\"2014-11-08T12:56:36+00:00\",\"dateModified\":\"-0001-11-30T00:00:00+00:00\",\"breadcrumb\":{\"@id\":\"https:\/\/hobstop.ee\/lv\/produkts\/ota-raphael-kevrin-3675-vedeklveida\/#breadcrumb\"},\"inLanguage\":\"lv-LV\",\"potentialAction\":[{\"@type\":\"ReadAction\",\"target\":[\"https:\/\/hobstop.ee\/lv\/produkts\/ota-raphael-kevrin-3675-vedeklveida\/\"]}]},{\"@type\":\"ImageObject\",\"inLanguage\":\"lv-LV\",\"@id\":\"https:\/\/hobstop.ee\/lv\/produkts\/ota-raphael-kevrin-3675-vedeklveida\/#primaryimage\",\"url\":\"https:\/\/hobstop.ee\/media\/1422.jpg\",\"contentUrl\":\"https:\/\/hobstop.ee\/media\/1422.jpg\",\"width\":1024,\"height\":768},{\"@type\":\"BreadcrumbList\",\"@id\":\"https:\/\/hobstop.ee\/lv\/produkts\/ota-raphael-kevrin-3675-vedeklveida\/#breadcrumb\",\"itemListElement\":[{\"@type\":\"ListItem\",\"position\":1,\"name\":\"Avaleht\",\"item\":\"https:\/\/hobstop.ee\/lv\/\"},{\"@type\":\"ListItem\",\"position\":2,\"name\":\"Veikals\",\"item\":\"https:\/\/hobstop.ee\/lv\/veikals\/\"},{\"@type\":\"ListItem\",\"position\":3,\"name\":\"Ota Raphael Kevrin+ 3675 v\u0113dek\u013cveida\"}]},{\"@type\":\"WebSite\",\"@id\":\"https:\/\/hobstop.ee\/lv\/#website\",\"url\":\"https:\/\/hobstop.ee\/lv\/\",\"name\":\"Skizze\",\"description\":\"M\u0101kslas, hobiju un skolas preces\",\"publisher\":{\"@id\":\"https:\/\/hobstop.ee\/lv\/#organization\"},\"potentialAction\":[{\"@type\":\"SearchAction\",\"target\":{\"@type\":\"EntryPoint\",\"urlTemplate\":\"https:\/\/hobstop.ee\/lv\/?s={search_term_string}\"},\"query-input\":{\"@type\":\"PropertyValueSpecification\",\"valueRequired\":true,\"valueName\":\"search_term_string\"}}],\"inLanguage\":\"lv-LV\"},{\"@type\":\"Organization\",\"@id\":\"https:\/\/hobstop.ee\/lv\/#organization\",\"name\":\"Vunder AS\",\"url\":\"https:\/\/hobstop.ee\/lv\/\",\"logo\":{\"@type\":\"ImageObject\",\"inLanguage\":\"lv-LV\",\"@id\":\"https:\/\/hobstop.ee\/lv\/#\/schema\/logo\/image\/\",\"url\":\"https:\/\/hobstop.ee\/media\/vunder-logo.png\",\"contentUrl\":\"https:\/\/hobstop.ee\/media\/vunder-logo.png\",\"width\":127,\"height\":55,\"caption\":\"Vunder AS\"},\"image\":{\"@id\":\"https:\/\/hobstop.ee\/lv\/#\/schema\/logo\/image\/\"},\"sameAs\":[\"http:\/\/www.facebook.com\/VunderSkizze\"]}]}<\/script>\n<!-- \/ Yoast SEO plugin. -->","yoast_head_json":{"title":"Ota Raphael Kevrin+ 3675 v\u0113dek\u013cveida &#8211; Skizze","robots":{"index":"noindex","follow":"follow","max-snippet":"max-snippet:-1","max-image-preview":"max-image-preview:large","max-video-preview":"max-video-preview:-1"},"og_locale":"lv_LV","og_type":"article","og_title":"Ota Raphael Kevrin+ 3675 v\u0113dek\u013cveida &#8211; Skizze","og_description":"Divu gadu p\u0113t\u012bjumu un produktu att\u012bst\u012bbas rezult\u0101ts: un atkal Raphael ir izmantojis savas novatorisk\u0101s sp\u0113jas rad\u012bt pavisam jaunu \u0161\u0137iedru sajaukumu, kas imit\u0113 mangusta spalvas. \u0160\u012b \u0161\u0137iedra ir \u013coti popul\u0101ra, pateicoties t\u0101s daudzpus\u012bbai un l\u012bdzsvaram starp Iztur\u012bba un smalkumu. \u0160is sajaukums apvieno dab\u012bgo \u0161\u0137iedru priek\u0161roc\u012bbas ar Raphael jaun\u0101kajiem atkl\u0101jumiem sint\u0113tisko \u0161\u0137iedru pasaul\u0113. T\u0101s ir \u013coti prec\u012bzas un, pieskaroties t\u0101m, atg\u0101dina \u012bstas. P\u0113c iztur\u012bbas l\u012bdz\u012bgas c\u016bkas sariem, ta\u010du precizit\u0101tes un elast\u012bbas zi\u0146\u0101 sal\u012bdzin\u0101mas ar sabuli. Ar ni\u0137e\u013ca misi\u0146a aptveri un garu, melnu, lakotu rokturis ar smil\u0161kr\u0101sas gali\u0146u. Glezno\u0161anas tehnika: e\u013c\u013cas kr\u0101sas Pielietojums: \u0113nojumam, p\u0101reju rad\u012b\u0161anai, glaz\u0113\u0161anai un \u012bpa\u0161u efektu rad\u012b\u0161anai","og_url":"https:\/\/hobstop.ee\/lv\/produkts\/ota-raphael-kevrin-3675-vedeklveida\/","og_site_name":"Skizze","article_publisher":"http:\/\/www.facebook.com\/VunderSkizze","article_modified_time":"-0001-11-30T00:00:00+00:00","og_image":[{"width":1024,"height":768,"url":"https:\/\/hobstop.ee\/media\/1422.jpg","type":"image\/jpeg"}],"twitter_card":"summary_large_image","twitter_misc":{"Est. reading time":"1 min\u016b\u0161u"},"schema":{"@context":"https:\/\/schema.org","@graph":[{"@type":"WebPage","@id":"https:\/\/hobstop.ee\/lv\/produkts\/ota-raphael-kevrin-3675-vedeklveida\/","url":"https:\/\/hobstop.ee\/lv\/produkts\/ota-raphael-kevrin-3675-vedeklveida\/","name":"Ota Raphael Kevrin+ 3675 v\u0113dek\u013cveida &#8211; Skizze","isPartOf":{"@id":"https:\/\/hobstop.ee\/lv\/#website"},"primaryImageOfPage":{"@id":"https:\/\/hobstop.ee\/lv\/produkts\/ota-raphael-kevrin-3675-vedeklveida\/#primaryimage"},"image":{"@id":"https:\/\/hobstop.ee\/lv\/produkts\/ota-raphael-kevrin-3675-vedeklveida\/#primaryimage"},"thumbnailUrl":"https:\/\/hobstop.ee\/media\/1422.jpg","datePublished":"2014-11-08T12:56:36+00:00","dateModified":"-0001-11-30T00:00:00+00:00","breadcrumb":{"@id":"https:\/\/hobstop.ee\/lv\/produkts\/ota-raphael-kevrin-3675-vedeklveida\/#breadcrumb"},"inLanguage":"lv-LV","potentialAction":[{"@type":"ReadAction","target":["https:\/\/hobstop.ee\/lv\/produkts\/ota-raphael-kevrin-3675-vedeklveida\/"]}]},{"@type":"ImageObject","inLanguage":"lv-LV","@id":"https:\/\/hobstop.ee\/lv\/produkts\/ota-raphael-kevrin-3675-vedeklveida\/#primaryimage","url":"https:\/\/hobstop.ee\/media\/1422.jpg","contentUrl":"https:\/\/hobstop.ee\/media\/1422.jpg","width":1024,"height":768},{"@type":"BreadcrumbList","@id":"https:\/\/hobstop.ee\/lv\/produkts\/ota-raphael-kevrin-3675-vedeklveida\/#breadcrumb","itemListElement":[{"@type":"ListItem","position":1,"name":"Avaleht","item":"https:\/\/hobstop.ee\/lv\/"},{"@type":"ListItem","position":2,"name":"Veikals","item":"https:\/\/hobstop.ee\/lv\/veikals\/"},{"@type":"ListItem","position":3,"name":"Ota Raphael Kevrin+ 3675 v\u0113dek\u013cveida"}]},{"@type":"WebSite","@id":"https:\/\/hobstop.ee\/lv\/#website","url":"https:\/\/hobstop.ee\/lv\/","name":"Skizze","description":"M\u0101kslas, hobiju un skolas preces","publisher":{"@id":"https:\/\/hobstop.ee\/lv\/#organization"},"potentialAction":[{"@type":"SearchAction","target":{"@type":"EntryPoint","urlTemplate":"https:\/\/hobstop.ee\/lv\/?s={search_term_string}"},"query-input":{"@type":"PropertyValueSpecification","valueRequired":true,"valueName":"search_term_string"}}],"inLanguage":"lv-LV"},{"@type":"Organization","@id":"https:\/\/hobstop.ee\/lv\/#organization","name":"Vunder AS","url":"https:\/\/hobstop.ee\/lv\/","logo":{"@type":"ImageObject","inLanguage":"lv-LV","@id":"https:\/\/hobstop.ee\/lv\/#\/schema\/logo\/image\/","url":"https:\/\/hobstop.ee\/media\/vunder-logo.png","contentUrl":"https:\/\/hobstop.ee\/media\/vunder-logo.png","width":127,"height":55,"caption":"Vunder AS"},"image":{"@id":"https:\/\/hobstop.ee\/lv\/#\/schema\/logo\/image\/"},"sameAs":["http:\/\/www.facebook.com\/VunderSkizze"]}]}},"_links":{"self":[{"href":"https:\/\/hobstop.ee\/lv\/wp-json\/wp\/v2\/product\/23586","targetHints":{"allow":["GET"]}}],"collection":[{"href":"https:\/\/hobstop.ee\/lv\/wp-json\/wp\/v2\/product"}],"about":[{"href":"https:\/\/hobstop.ee\/lv\/wp-json\/wp\/v2\/types\/product"}],"replies":[{"embeddable":true,"href":"https:\/\/hobstop.ee\/lv\/wp-json\/wp\/v2\/comments?post=23586"}],"wp:featuredmedia":[{"embeddable":true,"href":"https:\/\/hobstop.ee\/lv\/wp-json\/wp\/v2\/media\/160918"}],"wp:attachment":[{"href":"https:\/\/hobstop.ee\/lv\/wp-json\/wp\/v2\/media?parent=23586"}],"wp:term":[{"taxonomy":"product_cat","embeddable":true,"href":"https:\/\/hobstop.ee\/lv\/wp-json\/wp\/v2\/product_cat?post=23586"},{"taxonomy":"product_tag","embeddable":true,"href":"https:\/\/hobstop.ee\/lv\/wp-json\/wp\/v2\/product_tag?post=23586"}],"curies":[{"name":"wp","href":"https:\/\/api.w.org\/{rel}","templated":true}]}}