{"id":23590,"date":"2014-12-09T12:52:11","date_gmt":"2014-12-09T10:52:11","guid":{"rendered":"https:\/\/sharks.ee\/vunder_2019.klient.veebimajutus.ee\/?post_type=product&#038;p=23590"},"modified":"2014-12-09T12:52:11","modified_gmt":"2014-12-09T10:52:11","slug":"ota-raphael-petit-gris-pur-803","status":"publish","type":"product","link":"https:\/\/hobstop.ee\/lv\/produkts\/ota-raphael-petit-gris-pur-803\/","title":{"rendered":"Ota Raphael Petit-Gris Pur 803"},"content":{"rendered":"<p>\u0160\u012b augst\u0101s kvalit\u0101tes oti\u0146a ir veidota no smalk\u0101kajiem pieejamajiem dab\u012bgajiem sariem, lai nodro\u0161in\u0101tu smalkas otas vilciena p\u0113das un nep\u0101rsp\u0113jamu kr\u0101su kapilarit\u0101ti. \u0160\u012b ota sp\u0113j uz\u0146emt \u013coti lielu \u016bdens daudzumu, vienlaikus saglab\u0101jot ar\u012b smalku galu. T\u0101 ir ide\u0101la \u013coti gariem otras vilcieniem uz pap\u012bra, bez nepiecie\u0161am\u012bbas bie\u017ei papildus uz\u0146emt kr\u0101su no paletes. Ota ir ar manu\u0101li iestiprin\u0101ta uzgal\u012b un ar stiepl\u0113m nostiprin\u0101ta pie skaista koka k\u0101ta.<br \/>\nGlezno\u0161anas tehnika: akvare\u013ci<br \/>\nPielietojums: smalks un prec\u012bzs darbs, pla\u0161as, sul\u012bgas akvare\u013cu pludin\u0101\u0161anas virsmas<\/p>\n","protected":false},"excerpt":{"rendered":"<p>\u0160\u012b augst\u0101s kvalit\u0101tes oti\u0146a ir veidota no smalk\u0101kajiem pieejamajiem dab\u012bgajiem sariem, lai nodro\u0161in\u0101tu smalkas otas vilciena p\u0113das un nep\u0101rsp\u0113jamu kr\u0101su kapilarit\u0101ti. \u0160\u012b ota sp\u0113j uz\u0146emt \u013coti lielu \u016bdens daudzumu, vienlaikus saglab\u0101jot ar\u012b smalku galu. T\u0101 ir ide\u0101la \u013coti gariem otras vilcieniem uz pap\u012bra, bez nepiecie\u0161am\u012bbas bie\u017ei papildus uz\u0146emt kr\u0101su no paletes. Ota ir ar manu\u0101li iestiprin\u0101ta uzgal\u012b un ar stiepl\u0113m nostiprin\u0101ta pie skaista koka k\u0101ta. Glezno\u0161anas tehnika: akvare\u013ci Pielietojums: smalks un prec\u012bzs darbs, pla\u0161as, sul\u012bgas akvare\u013cu pludin\u0101\u0161anas virsmas<\/p>\n","protected":false},"featured_media":305758,"comment_status":"closed","ping_status":"closed","template":"","meta":{"_acf_changed":false,"ep_exclude_from_search":false},"product_cat":[16123,18650,18383],"product_tag":[],"class_list":{"0":"post-23590","1":"product","2":"type-product","3":"status-publish","4":"has-post-thumbnail","6":"product_cat-makslas-piederumi-2","7":"product_cat-otas-un-piederumi","8":"product_cat-vaveru-otas","10":"first","11":"instock","12":"taxable","13":"shipping-taxable","14":"purchasable","15":"product-type-variable"},"acf":[],"yoast_head":"<!-- This site is optimized with the Yoast SEO plugin v24.1 - https:\/\/yoast.com\/wordpress\/plugins\/seo\/ -->\n<title>Ota Raphael Petit-Gris Pur 803 &#8211; Skizze<\/title>\n<meta name=\"robots\" content=\"noindex, follow, max-snippet:-1, max-image-preview:large, max-video-preview:-1\" \/>\n<meta property=\"og:locale\" content=\"lv_LV\" \/>\n<meta property=\"og:type\" content=\"article\" \/>\n<meta property=\"og:title\" content=\"Ota Raphael Petit-Gris Pur 803 &#8211; Skizze\" \/>\n<meta property=\"og:description\" content=\"\u0160\u012b augst\u0101s kvalit\u0101tes oti\u0146a ir veidota no smalk\u0101kajiem pieejamajiem dab\u012bgajiem sariem, lai nodro\u0161in\u0101tu smalkas otas vilciena p\u0113das un nep\u0101rsp\u0113jamu kr\u0101su kapilarit\u0101ti. \u0160\u012b ota sp\u0113j uz\u0146emt \u013coti lielu \u016bdens daudzumu, vienlaikus saglab\u0101jot ar\u012b smalku galu. T\u0101 ir ide\u0101la \u013coti gariem otras vilcieniem uz pap\u012bra, bez nepiecie\u0161am\u012bbas bie\u017ei papildus uz\u0146emt kr\u0101su no paletes. Ota ir ar manu\u0101li iestiprin\u0101ta uzgal\u012b un ar stiepl\u0113m nostiprin\u0101ta pie skaista koka k\u0101ta. Glezno\u0161anas tehnika: akvare\u013ci Pielietojums: smalks un prec\u012bzs darbs, pla\u0161as, sul\u012bgas akvare\u013cu pludin\u0101\u0161anas virsmas\" \/>\n<meta property=\"og:url\" content=\"https:\/\/hobstop.ee\/lv\/produkts\/ota-raphael-petit-gris-pur-803\/\" \/>\n<meta property=\"og:site_name\" content=\"Skizze\" \/>\n<meta property=\"article:publisher\" content=\"http:\/\/www.facebook.com\/VunderSkizze\" \/>\n<meta property=\"og:image\" content=\"https:\/\/hobstop.ee\/media\/1426.jpg\" \/>\n\t<meta property=\"og:image:width\" content=\"1024\" \/>\n\t<meta property=\"og:image:height\" content=\"768\" \/>\n\t<meta property=\"og:image:type\" content=\"image\/jpeg\" \/>\n<meta name=\"twitter:card\" content=\"summary_large_image\" \/>\n<meta name=\"twitter:label1\" content=\"Est. reading time\" \/>\n\t<meta name=\"twitter:data1\" content=\"1 min\u016b\u0161u\" \/>\n<script type=\"application\/ld+json\" class=\"yoast-schema-graph\">{\"@context\":\"https:\/\/schema.org\",\"@graph\":[{\"@type\":\"WebPage\",\"@id\":\"https:\/\/hobstop.ee\/lv\/produkts\/ota-raphael-petit-gris-pur-803\/\",\"url\":\"https:\/\/hobstop.ee\/lv\/produkts\/ota-raphael-petit-gris-pur-803\/\",\"name\":\"Ota Raphael Petit-Gris Pur 803 &#8211; Skizze\",\"isPartOf\":{\"@id\":\"https:\/\/hobstop.ee\/lv\/#website\"},\"primaryImageOfPage\":{\"@id\":\"https:\/\/hobstop.ee\/lv\/produkts\/ota-raphael-petit-gris-pur-803\/#primaryimage\"},\"image\":{\"@id\":\"https:\/\/hobstop.ee\/lv\/produkts\/ota-raphael-petit-gris-pur-803\/#primaryimage\"},\"thumbnailUrl\":\"https:\/\/hobstop.ee\/media\/1426.jpg\",\"datePublished\":\"2014-12-09T10:52:11+00:00\",\"dateModified\":\"2014-12-09T10:52:11+00:00\",\"breadcrumb\":{\"@id\":\"https:\/\/hobstop.ee\/lv\/produkts\/ota-raphael-petit-gris-pur-803\/#breadcrumb\"},\"inLanguage\":\"lv-LV\",\"potentialAction\":[{\"@type\":\"ReadAction\",\"target\":[\"https:\/\/hobstop.ee\/lv\/produkts\/ota-raphael-petit-gris-pur-803\/\"]}]},{\"@type\":\"ImageObject\",\"inLanguage\":\"lv-LV\",\"@id\":\"https:\/\/hobstop.ee\/lv\/produkts\/ota-raphael-petit-gris-pur-803\/#primaryimage\",\"url\":\"https:\/\/hobstop.ee\/media\/1426.jpg\",\"contentUrl\":\"https:\/\/hobstop.ee\/media\/1426.jpg\",\"width\":1024,\"height\":768},{\"@type\":\"BreadcrumbList\",\"@id\":\"https:\/\/hobstop.ee\/lv\/produkts\/ota-raphael-petit-gris-pur-803\/#breadcrumb\",\"itemListElement\":[{\"@type\":\"ListItem\",\"position\":1,\"name\":\"Avaleht\",\"item\":\"https:\/\/www.hobstop.ee\/lv\/\"},{\"@type\":\"ListItem\",\"position\":2,\"name\":\"Veikals\",\"item\":\"https:\/\/www.hobstop.ee\/lv\/veikals\/\"},{\"@type\":\"ListItem\",\"position\":3,\"name\":\"Ota Raphael Petit-Gris Pur 803\"}]},{\"@type\":\"WebSite\",\"@id\":\"https:\/\/hobstop.ee\/lv\/#website\",\"url\":\"https:\/\/hobstop.ee\/lv\/\",\"name\":\"Skizze\",\"description\":\"M\u0101kslas, hobiju un skolas preces\",\"publisher\":{\"@id\":\"https:\/\/hobstop.ee\/lv\/#organization\"},\"potentialAction\":[{\"@type\":\"SearchAction\",\"target\":{\"@type\":\"EntryPoint\",\"urlTemplate\":\"https:\/\/hobstop.ee\/lv\/?s={search_term_string}\"},\"query-input\":{\"@type\":\"PropertyValueSpecification\",\"valueRequired\":true,\"valueName\":\"search_term_string\"}}],\"inLanguage\":\"lv-LV\"},{\"@type\":\"Organization\",\"@id\":\"https:\/\/hobstop.ee\/lv\/#organization\",\"name\":\"Vunder AS\",\"url\":\"https:\/\/hobstop.ee\/lv\/\",\"logo\":{\"@type\":\"ImageObject\",\"inLanguage\":\"lv-LV\",\"@id\":\"https:\/\/hobstop.ee\/lv\/#\/schema\/logo\/image\/\",\"url\":\"https:\/\/hobstop.ee\/media\/vunder-logo.png\",\"contentUrl\":\"https:\/\/hobstop.ee\/media\/vunder-logo.png\",\"width\":127,\"height\":55,\"caption\":\"Vunder AS\"},\"image\":{\"@id\":\"https:\/\/hobstop.ee\/lv\/#\/schema\/logo\/image\/\"},\"sameAs\":[\"http:\/\/www.facebook.com\/VunderSkizze\"]}]}<\/script>\n<!-- \/ Yoast SEO plugin. -->","yoast_head_json":{"title":"Ota Raphael Petit-Gris Pur 803 &#8211; Skizze","robots":{"index":"noindex","follow":"follow","max-snippet":"max-snippet:-1","max-image-preview":"max-image-preview:large","max-video-preview":"max-video-preview:-1"},"og_locale":"lv_LV","og_type":"article","og_title":"Ota Raphael Petit-Gris Pur 803 &#8211; Skizze","og_description":"\u0160\u012b augst\u0101s kvalit\u0101tes oti\u0146a ir veidota no smalk\u0101kajiem pieejamajiem dab\u012bgajiem sariem, lai nodro\u0161in\u0101tu smalkas otas vilciena p\u0113das un nep\u0101rsp\u0113jamu kr\u0101su kapilarit\u0101ti. \u0160\u012b ota sp\u0113j uz\u0146emt \u013coti lielu \u016bdens daudzumu, vienlaikus saglab\u0101jot ar\u012b smalku galu. T\u0101 ir ide\u0101la \u013coti gariem otras vilcieniem uz pap\u012bra, bez nepiecie\u0161am\u012bbas bie\u017ei papildus uz\u0146emt kr\u0101su no paletes. Ota ir ar manu\u0101li iestiprin\u0101ta uzgal\u012b un ar stiepl\u0113m nostiprin\u0101ta pie skaista koka k\u0101ta. Glezno\u0161anas tehnika: akvare\u013ci Pielietojums: smalks un prec\u012bzs darbs, pla\u0161as, sul\u012bgas akvare\u013cu pludin\u0101\u0161anas virsmas","og_url":"https:\/\/hobstop.ee\/lv\/produkts\/ota-raphael-petit-gris-pur-803\/","og_site_name":"Skizze","article_publisher":"http:\/\/www.facebook.com\/VunderSkizze","og_image":[{"width":1024,"height":768,"url":"https:\/\/hobstop.ee\/media\/1426.jpg","type":"image\/jpeg"}],"twitter_card":"summary_large_image","twitter_misc":{"Est. reading time":"1 min\u016b\u0161u"},"schema":{"@context":"https:\/\/schema.org","@graph":[{"@type":"WebPage","@id":"https:\/\/hobstop.ee\/lv\/produkts\/ota-raphael-petit-gris-pur-803\/","url":"https:\/\/hobstop.ee\/lv\/produkts\/ota-raphael-petit-gris-pur-803\/","name":"Ota Raphael Petit-Gris Pur 803 &#8211; Skizze","isPartOf":{"@id":"https:\/\/hobstop.ee\/lv\/#website"},"primaryImageOfPage":{"@id":"https:\/\/hobstop.ee\/lv\/produkts\/ota-raphael-petit-gris-pur-803\/#primaryimage"},"image":{"@id":"https:\/\/hobstop.ee\/lv\/produkts\/ota-raphael-petit-gris-pur-803\/#primaryimage"},"thumbnailUrl":"https:\/\/hobstop.ee\/media\/1426.jpg","datePublished":"2014-12-09T10:52:11+00:00","dateModified":"2014-12-09T10:52:11+00:00","breadcrumb":{"@id":"https:\/\/hobstop.ee\/lv\/produkts\/ota-raphael-petit-gris-pur-803\/#breadcrumb"},"inLanguage":"lv-LV","potentialAction":[{"@type":"ReadAction","target":["https:\/\/hobstop.ee\/lv\/produkts\/ota-raphael-petit-gris-pur-803\/"]}]},{"@type":"ImageObject","inLanguage":"lv-LV","@id":"https:\/\/hobstop.ee\/lv\/produkts\/ota-raphael-petit-gris-pur-803\/#primaryimage","url":"https:\/\/hobstop.ee\/media\/1426.jpg","contentUrl":"https:\/\/hobstop.ee\/media\/1426.jpg","width":1024,"height":768},{"@type":"BreadcrumbList","@id":"https:\/\/hobstop.ee\/lv\/produkts\/ota-raphael-petit-gris-pur-803\/#breadcrumb","itemListElement":[{"@type":"ListItem","position":1,"name":"Avaleht","item":"https:\/\/www.hobstop.ee\/lv\/"},{"@type":"ListItem","position":2,"name":"Veikals","item":"https:\/\/www.hobstop.ee\/lv\/veikals\/"},{"@type":"ListItem","position":3,"name":"Ota Raphael Petit-Gris Pur 803"}]},{"@type":"WebSite","@id":"https:\/\/hobstop.ee\/lv\/#website","url":"https:\/\/hobstop.ee\/lv\/","name":"Skizze","description":"M\u0101kslas, hobiju un skolas preces","publisher":{"@id":"https:\/\/hobstop.ee\/lv\/#organization"},"potentialAction":[{"@type":"SearchAction","target":{"@type":"EntryPoint","urlTemplate":"https:\/\/hobstop.ee\/lv\/?s={search_term_string}"},"query-input":{"@type":"PropertyValueSpecification","valueRequired":true,"valueName":"search_term_string"}}],"inLanguage":"lv-LV"},{"@type":"Organization","@id":"https:\/\/hobstop.ee\/lv\/#organization","name":"Vunder AS","url":"https:\/\/hobstop.ee\/lv\/","logo":{"@type":"ImageObject","inLanguage":"lv-LV","@id":"https:\/\/hobstop.ee\/lv\/#\/schema\/logo\/image\/","url":"https:\/\/hobstop.ee\/media\/vunder-logo.png","contentUrl":"https:\/\/hobstop.ee\/media\/vunder-logo.png","width":127,"height":55,"caption":"Vunder AS"},"image":{"@id":"https:\/\/hobstop.ee\/lv\/#\/schema\/logo\/image\/"},"sameAs":["http:\/\/www.facebook.com\/VunderSkizze"]}]}},"_links":{"self":[{"href":"https:\/\/hobstop.ee\/lv\/wp-json\/wp\/v2\/product\/23590","targetHints":{"allow":["GET"]}}],"collection":[{"href":"https:\/\/hobstop.ee\/lv\/wp-json\/wp\/v2\/product"}],"about":[{"href":"https:\/\/hobstop.ee\/lv\/wp-json\/wp\/v2\/types\/product"}],"replies":[{"embeddable":true,"href":"https:\/\/hobstop.ee\/lv\/wp-json\/wp\/v2\/comments?post=23590"}],"wp:featuredmedia":[{"embeddable":true,"href":"https:\/\/hobstop.ee\/lv\/wp-json\/wp\/v2\/media\/305758"}],"wp:attachment":[{"href":"https:\/\/hobstop.ee\/lv\/wp-json\/wp\/v2\/media?parent=23590"}],"wp:term":[{"taxonomy":"product_cat","embeddable":true,"href":"https:\/\/hobstop.ee\/lv\/wp-json\/wp\/v2\/product_cat?post=23590"},{"taxonomy":"product_tag","embeddable":true,"href":"https:\/\/hobstop.ee\/lv\/wp-json\/wp\/v2\/product_tag?post=23590"}],"curies":[{"name":"wp","href":"https:\/\/api.w.org\/{rel}","templated":true}]}}