{"id":23594,"date":"2014-12-09T12:52:13","date_gmt":"2014-12-09T10:52:13","guid":{"rendered":"https:\/\/sharks.ee\/vunder_2019.klient.veebimajutus.ee\/?post_type=product&#038;p=23594"},"modified":"2014-12-09T12:52:13","modified_gmt":"2014-12-09T10:52:13","slug":"ota-raphael-kaerell-blue-8244-filbert","status":"publish","type":"product","link":"https:\/\/hobstop.ee\/lv\/produkts\/ota-raphael-kaerell-blue-8244-filbert\/","title":{"rendered":"Ota Raphael Kaerell Blue 8244 filbert"},"content":{"rendered":"<p>Kaerell Blue otu smalk\u0101s sint\u0113tisk\u0101s \u0161\u0137iedras ir piem\u0113rotas vis\u0101m darbu tehnik\u0101m uz visu veidu virsm\u0101m. \u0160\u012bs otas ar \u012bso k\u0101tu saglab\u0101 savu formu, k\u0101 ar\u012b lieliski nodro\u0161ina saru iztur\u012bbu. Lieliski ir piem\u0113rotas akrilam, gua\u0161ai, temperai, akvarelim un da\u017e\u0101d\u0101m hobiju tehnik\u0101m. Nav tik prec\u012bzas k\u0101 Sepia \u0161\u0137iedras. \u012ass fran\u010du zils lakots k\u0101ts ar misi\u0146a uzgali, kas p\u0101rkl\u0101ts ar ni\u0137eli.<br \/>\nGlezno\u0161anas tehnika: univers\u0101la (akrils, akvarelis, tekstils, z\u012bds, u.c.)<br \/>\nPielietojums: apa\u013cas formas, sapludin\u0101ti efekti<\/p>\n","protected":false},"excerpt":{"rendered":"<p>Kaerell Blue otu smalk\u0101s sint\u0113tisk\u0101s \u0161\u0137iedras ir piem\u0113rotas vis\u0101m darbu tehnik\u0101m uz visu veidu virsm\u0101m. \u0160\u012bs otas ar \u012bso k\u0101tu saglab\u0101 savu formu, k\u0101 ar\u012b lieliski nodro\u0161ina saru iztur\u012bbu. Lieliski ir piem\u0113rotas akrilam, gua\u0161ai, temperai, akvarelim un da\u017e\u0101d\u0101m hobiju tehnik\u0101m. Nav tik prec\u012bzas k\u0101 Sepia \u0161\u0137iedras. \u012ass fran\u010du zils lakots k\u0101ts ar misi\u0146a uzgali, kas p\u0101rkl\u0101ts ar ni\u0137eli. Glezno\u0161anas tehnika: univers\u0101la (akrils, akvarelis, tekstils, z\u012bds, u.c.) Pielietojums: apa\u013cas formas, sapludin\u0101ti efekti<\/p>\n","protected":false},"featured_media":124166,"comment_status":"closed","ping_status":"closed","template":"","meta":{"_acf_changed":false,"ep_exclude_from_search":false},"product_cat":[16176,17918,18177],"product_tag":[],"class_list":{"0":"post-23594","1":"product","2":"type-product","3":"status-publish","4":"has-post-thumbnail","6":"product_cat-otas-3","7":"product_cat-preces-hobijiem","8":"product_cat-sintetiskas-otas-3","10":"first","11":"instock","12":"taxable","13":"shipping-taxable","14":"purchasable","15":"product-type-variable"},"acf":[],"yoast_head":"<!-- This site is optimized with the Yoast SEO plugin v24.1 - https:\/\/yoast.com\/wordpress\/plugins\/seo\/ -->\n<title>Ota Raphael Kaerell Blue 8244 filbert &#8211; Skizze<\/title>\n<meta name=\"robots\" content=\"noindex, follow, max-snippet:-1, max-image-preview:large, max-video-preview:-1\" \/>\n<meta property=\"og:locale\" content=\"lv_LV\" \/>\n<meta property=\"og:type\" content=\"article\" \/>\n<meta property=\"og:title\" content=\"Ota Raphael Kaerell Blue 8244 filbert &#8211; Skizze\" \/>\n<meta property=\"og:description\" content=\"Kaerell Blue otu smalk\u0101s sint\u0113tisk\u0101s \u0161\u0137iedras ir piem\u0113rotas vis\u0101m darbu tehnik\u0101m uz visu veidu virsm\u0101m. \u0160\u012bs otas ar \u012bso k\u0101tu saglab\u0101 savu formu, k\u0101 ar\u012b lieliski nodro\u0161ina saru iztur\u012bbu. Lieliski ir piem\u0113rotas akrilam, gua\u0161ai, temperai, akvarelim un da\u017e\u0101d\u0101m hobiju tehnik\u0101m. Nav tik prec\u012bzas k\u0101 Sepia \u0161\u0137iedras. \u012ass fran\u010du zils lakots k\u0101ts ar misi\u0146a uzgali, kas p\u0101rkl\u0101ts ar ni\u0137eli. Glezno\u0161anas tehnika: univers\u0101la (akrils, akvarelis, tekstils, z\u012bds, u.c.) Pielietojums: apa\u013cas formas, sapludin\u0101ti efekti\" \/>\n<meta property=\"og:url\" content=\"https:\/\/hobstop.ee\/lv\/produkts\/ota-raphael-kaerell-blue-8244-filbert\/\" \/>\n<meta property=\"og:site_name\" content=\"Skizze\" \/>\n<meta property=\"article:publisher\" content=\"http:\/\/www.facebook.com\/VunderSkizze\" \/>\n<meta property=\"og:image\" content=\"https:\/\/www.hobstop.ee\/media\/1429.jpg\" \/>\n\t<meta property=\"og:image:width\" content=\"1024\" \/>\n\t<meta property=\"og:image:height\" content=\"768\" \/>\n\t<meta property=\"og:image:type\" content=\"image\/jpeg\" \/>\n<meta name=\"twitter:card\" content=\"summary_large_image\" \/>\n<script type=\"application\/ld+json\" class=\"yoast-schema-graph\">{\"@context\":\"https:\/\/schema.org\",\"@graph\":[{\"@type\":\"WebPage\",\"@id\":\"https:\/\/hobstop.ee\/lv\/produkts\/ota-raphael-kaerell-blue-8244-filbert\/\",\"url\":\"https:\/\/hobstop.ee\/lv\/produkts\/ota-raphael-kaerell-blue-8244-filbert\/\",\"name\":\"Ota Raphael Kaerell Blue 8244 filbert &#8211; Skizze\",\"isPartOf\":{\"@id\":\"https:\/\/hobstop.ee\/lv\/#website\"},\"primaryImageOfPage\":{\"@id\":\"https:\/\/hobstop.ee\/lv\/produkts\/ota-raphael-kaerell-blue-8244-filbert\/#primaryimage\"},\"image\":{\"@id\":\"https:\/\/hobstop.ee\/lv\/produkts\/ota-raphael-kaerell-blue-8244-filbert\/#primaryimage\"},\"thumbnailUrl\":\"https:\/\/hobstop.ee\/media\/1429.jpg\",\"datePublished\":\"2014-12-09T10:52:13+00:00\",\"dateModified\":\"2014-12-09T10:52:13+00:00\",\"breadcrumb\":{\"@id\":\"https:\/\/hobstop.ee\/lv\/produkts\/ota-raphael-kaerell-blue-8244-filbert\/#breadcrumb\"},\"inLanguage\":\"lv-LV\",\"potentialAction\":[{\"@type\":\"ReadAction\",\"target\":[\"https:\/\/hobstop.ee\/lv\/produkts\/ota-raphael-kaerell-blue-8244-filbert\/\"]}]},{\"@type\":\"ImageObject\",\"inLanguage\":\"lv-LV\",\"@id\":\"https:\/\/hobstop.ee\/lv\/produkts\/ota-raphael-kaerell-blue-8244-filbert\/#primaryimage\",\"url\":\"https:\/\/hobstop.ee\/media\/1429.jpg\",\"contentUrl\":\"https:\/\/hobstop.ee\/media\/1429.jpg\",\"width\":1024,\"height\":768},{\"@type\":\"BreadcrumbList\",\"@id\":\"https:\/\/hobstop.ee\/lv\/produkts\/ota-raphael-kaerell-blue-8244-filbert\/#breadcrumb\",\"itemListElement\":[{\"@type\":\"ListItem\",\"position\":1,\"name\":\"Avaleht\",\"item\":\"https:\/\/hobstop.ee\/lv\/\"},{\"@type\":\"ListItem\",\"position\":2,\"name\":\"Veikals\",\"item\":\"https:\/\/hobstop.ee\/lv\/veikals\/\"},{\"@type\":\"ListItem\",\"position\":3,\"name\":\"Ota Raphael Kaerell Blue 8244 filbert\"}]},{\"@type\":\"WebSite\",\"@id\":\"https:\/\/hobstop.ee\/lv\/#website\",\"url\":\"https:\/\/hobstop.ee\/lv\/\",\"name\":\"Skizze\",\"description\":\"M\u0101kslas, hobiju un skolas preces\",\"publisher\":{\"@id\":\"https:\/\/hobstop.ee\/lv\/#organization\"},\"potentialAction\":[{\"@type\":\"SearchAction\",\"target\":{\"@type\":\"EntryPoint\",\"urlTemplate\":\"https:\/\/hobstop.ee\/lv\/?s={search_term_string}\"},\"query-input\":{\"@type\":\"PropertyValueSpecification\",\"valueRequired\":true,\"valueName\":\"search_term_string\"}}],\"inLanguage\":\"lv-LV\"},{\"@type\":\"Organization\",\"@id\":\"https:\/\/hobstop.ee\/lv\/#organization\",\"name\":\"Vunder AS\",\"url\":\"https:\/\/hobstop.ee\/lv\/\",\"logo\":{\"@type\":\"ImageObject\",\"inLanguage\":\"lv-LV\",\"@id\":\"https:\/\/hobstop.ee\/lv\/#\/schema\/logo\/image\/\",\"url\":\"https:\/\/hobstop.ee\/media\/vunder-logo.png\",\"contentUrl\":\"https:\/\/hobstop.ee\/media\/vunder-logo.png\",\"width\":127,\"height\":55,\"caption\":\"Vunder AS\"},\"image\":{\"@id\":\"https:\/\/hobstop.ee\/lv\/#\/schema\/logo\/image\/\"},\"sameAs\":[\"http:\/\/www.facebook.com\/VunderSkizze\"]}]}<\/script>\n<!-- \/ Yoast SEO plugin. -->","yoast_head_json":{"title":"Ota Raphael Kaerell Blue 8244 filbert &#8211; Skizze","robots":{"index":"noindex","follow":"follow","max-snippet":"max-snippet:-1","max-image-preview":"max-image-preview:large","max-video-preview":"max-video-preview:-1"},"og_locale":"lv_LV","og_type":"article","og_title":"Ota Raphael Kaerell Blue 8244 filbert &#8211; Skizze","og_description":"Kaerell Blue otu smalk\u0101s sint\u0113tisk\u0101s \u0161\u0137iedras ir piem\u0113rotas vis\u0101m darbu tehnik\u0101m uz visu veidu virsm\u0101m. \u0160\u012bs otas ar \u012bso k\u0101tu saglab\u0101 savu formu, k\u0101 ar\u012b lieliski nodro\u0161ina saru iztur\u012bbu. Lieliski ir piem\u0113rotas akrilam, gua\u0161ai, temperai, akvarelim un da\u017e\u0101d\u0101m hobiju tehnik\u0101m. Nav tik prec\u012bzas k\u0101 Sepia \u0161\u0137iedras. \u012ass fran\u010du zils lakots k\u0101ts ar misi\u0146a uzgali, kas p\u0101rkl\u0101ts ar ni\u0137eli. Glezno\u0161anas tehnika: univers\u0101la (akrils, akvarelis, tekstils, z\u012bds, u.c.) Pielietojums: apa\u013cas formas, sapludin\u0101ti efekti","og_url":"https:\/\/hobstop.ee\/lv\/produkts\/ota-raphael-kaerell-blue-8244-filbert\/","og_site_name":"Skizze","article_publisher":"http:\/\/www.facebook.com\/VunderSkizze","og_image":[{"width":1024,"height":768,"url":"https:\/\/www.hobstop.ee\/media\/1429.jpg","type":"image\/jpeg"}],"twitter_card":"summary_large_image","schema":{"@context":"https:\/\/schema.org","@graph":[{"@type":"WebPage","@id":"https:\/\/hobstop.ee\/lv\/produkts\/ota-raphael-kaerell-blue-8244-filbert\/","url":"https:\/\/hobstop.ee\/lv\/produkts\/ota-raphael-kaerell-blue-8244-filbert\/","name":"Ota Raphael Kaerell Blue 8244 filbert &#8211; Skizze","isPartOf":{"@id":"https:\/\/hobstop.ee\/lv\/#website"},"primaryImageOfPage":{"@id":"https:\/\/hobstop.ee\/lv\/produkts\/ota-raphael-kaerell-blue-8244-filbert\/#primaryimage"},"image":{"@id":"https:\/\/hobstop.ee\/lv\/produkts\/ota-raphael-kaerell-blue-8244-filbert\/#primaryimage"},"thumbnailUrl":"https:\/\/hobstop.ee\/media\/1429.jpg","datePublished":"2014-12-09T10:52:13+00:00","dateModified":"2014-12-09T10:52:13+00:00","breadcrumb":{"@id":"https:\/\/hobstop.ee\/lv\/produkts\/ota-raphael-kaerell-blue-8244-filbert\/#breadcrumb"},"inLanguage":"lv-LV","potentialAction":[{"@type":"ReadAction","target":["https:\/\/hobstop.ee\/lv\/produkts\/ota-raphael-kaerell-blue-8244-filbert\/"]}]},{"@type":"ImageObject","inLanguage":"lv-LV","@id":"https:\/\/hobstop.ee\/lv\/produkts\/ota-raphael-kaerell-blue-8244-filbert\/#primaryimage","url":"https:\/\/hobstop.ee\/media\/1429.jpg","contentUrl":"https:\/\/hobstop.ee\/media\/1429.jpg","width":1024,"height":768},{"@type":"BreadcrumbList","@id":"https:\/\/hobstop.ee\/lv\/produkts\/ota-raphael-kaerell-blue-8244-filbert\/#breadcrumb","itemListElement":[{"@type":"ListItem","position":1,"name":"Avaleht","item":"https:\/\/hobstop.ee\/lv\/"},{"@type":"ListItem","position":2,"name":"Veikals","item":"https:\/\/hobstop.ee\/lv\/veikals\/"},{"@type":"ListItem","position":3,"name":"Ota Raphael Kaerell Blue 8244 filbert"}]},{"@type":"WebSite","@id":"https:\/\/hobstop.ee\/lv\/#website","url":"https:\/\/hobstop.ee\/lv\/","name":"Skizze","description":"M\u0101kslas, hobiju un skolas preces","publisher":{"@id":"https:\/\/hobstop.ee\/lv\/#organization"},"potentialAction":[{"@type":"SearchAction","target":{"@type":"EntryPoint","urlTemplate":"https:\/\/hobstop.ee\/lv\/?s={search_term_string}"},"query-input":{"@type":"PropertyValueSpecification","valueRequired":true,"valueName":"search_term_string"}}],"inLanguage":"lv-LV"},{"@type":"Organization","@id":"https:\/\/hobstop.ee\/lv\/#organization","name":"Vunder AS","url":"https:\/\/hobstop.ee\/lv\/","logo":{"@type":"ImageObject","inLanguage":"lv-LV","@id":"https:\/\/hobstop.ee\/lv\/#\/schema\/logo\/image\/","url":"https:\/\/hobstop.ee\/media\/vunder-logo.png","contentUrl":"https:\/\/hobstop.ee\/media\/vunder-logo.png","width":127,"height":55,"caption":"Vunder AS"},"image":{"@id":"https:\/\/hobstop.ee\/lv\/#\/schema\/logo\/image\/"},"sameAs":["http:\/\/www.facebook.com\/VunderSkizze"]}]}},"_links":{"self":[{"href":"https:\/\/hobstop.ee\/lv\/wp-json\/wp\/v2\/product\/23594","targetHints":{"allow":["GET"]}}],"collection":[{"href":"https:\/\/hobstop.ee\/lv\/wp-json\/wp\/v2\/product"}],"about":[{"href":"https:\/\/hobstop.ee\/lv\/wp-json\/wp\/v2\/types\/product"}],"replies":[{"embeddable":true,"href":"https:\/\/hobstop.ee\/lv\/wp-json\/wp\/v2\/comments?post=23594"}],"wp:featuredmedia":[{"embeddable":true,"href":"https:\/\/hobstop.ee\/lv\/wp-json\/wp\/v2\/media\/124166"}],"wp:attachment":[{"href":"https:\/\/hobstop.ee\/lv\/wp-json\/wp\/v2\/media?parent=23594"}],"wp:term":[{"taxonomy":"product_cat","embeddable":true,"href":"https:\/\/hobstop.ee\/lv\/wp-json\/wp\/v2\/product_cat?post=23594"},{"taxonomy":"product_tag","embeddable":true,"href":"https:\/\/hobstop.ee\/lv\/wp-json\/wp\/v2\/product_tag?post=23594"}],"curies":[{"name":"wp","href":"https:\/\/api.w.org\/{rel}","templated":true}]}}