{"id":23598,"date":"2014-11-08T14:56:42","date_gmt":"2014-11-08T12:56:42","guid":{"rendered":"https:\/\/sharks.ee\/vunder_2019.klient.veebimajutus.ee\/?post_type=product&p=23598"},"modified":"2014-11-08T14:56:42","modified_gmt":"2014-11-08T11:56:42","slug":"ota-raphael-petit-gris-pur-8383-apala","status":"publish","type":"product","link":"https:\/\/hobstop.ee\/lv\/produkts\/ota-raphael-petit-gris-pur-8383-apala\/","title":{"rendered":"Ota Raphael Petit-Gris Pur 8383 apa\u013ca"},"content":{"rendered":"<p>\u0160\u012bs otas ir slavenas ar savu lielisko \u0161\u0137idruma uzs\u016bk\u0161anas un uztur\u0113\u0161anas sp\u0113ju, t\u0101dej\u0101di nodro\u0161inot gar\u0101kas otu vilcienu l\u012bnijas bez papildus nepiecie\u0161am\u012bbas bie\u017eai kr\u0101su uz\u0146em\u0161anai no paletes. Unik\u0101lie otu sari ar savu dobo vidu uz\u0146em sev\u012b \u0161\u0137idrumu t\u0101pat k\u0101 salmi\u0146i.<br \/>\nV\u0101veres spalvas ir vienas no smalk\u0101kajiem pieejamajiem dab\u012bgajiem sariem, ar kuriem tiek sasniegta nep\u0101rsp\u0113jama kr\u0101sas kapilarit\u0101te. Melns otas k\u0101ts ar varu p\u0101rkl\u0101tu misi\u0146a uzgali.<br \/>\nGlezno\u0161anas tehnika: akvare\u013ci<br \/>\nPielietojums: deta\u013cas, retu\u0161\u0113\u0161ana, beigu apdare<\/p>\n","protected":false},"excerpt":{"rendered":"<p>\u0160\u012bs otas ir slavenas ar savu lielisko \u0161\u0137idruma uzs\u016bk\u0161anas un uztur\u0113\u0161anas sp\u0113ju, t\u0101dej\u0101di nodro\u0161inot gar\u0101kas otu vilcienu l\u012bnijas bez papildus nepiecie\u0161am\u012bbas bie\u017eai kr\u0101su uz\u0146em\u0161anai no paletes. Unik\u0101lie otu sari ar savu dobo vidu uz\u0146em sev\u012b \u0161\u0137idrumu t\u0101pat k\u0101 salmi\u0146i. V\u0101veres spalvas ir vienas no smalk\u0101kajiem pieejamajiem dab\u012bgajiem sariem, ar kuriem tiek sasniegta nep\u0101rsp\u0113jama kr\u0101sas kapilarit\u0101te. Melns otas k\u0101ts ar varu p\u0101rkl\u0101tu misi\u0146a uzgali. Glezno\u0161anas tehnika: akvare\u013ci Pielietojums: deta\u013cas, retu\u0161\u0113\u0161ana, beigu apdare<\/p>\n","protected":false},"featured_media":160942,"comment_status":"closed","ping_status":"closed","template":"","meta":{"_acf_changed":false,"ep_exclude_from_search":false},"product_cat":[16123,18650,18383],"product_tag":[],"class_list":{"0":"post-23598","1":"product","2":"type-product","3":"status-publish","4":"has-post-thumbnail","6":"product_cat-makslas-piederumi-2","7":"product_cat-otas-un-piederumi","8":"product_cat-vaveru-otas","9":"pa_kma-3664","11":"first","12":"instock","13":"taxable","14":"shipping-taxable","15":"purchasable","16":"product-type-variable"},"acf":[],"yoast_head":"<!-- This site is optimized with the Yoast SEO plugin v24.1 - https:\/\/yoast.com\/wordpress\/plugins\/seo\/ -->\n<title>Ota Raphael Petit-Gris Pur 8383 apa\u013ca &#8211; Skizze<\/title>\n<meta name=\"robots\" content=\"noindex, follow, max-snippet:-1, max-image-preview:large, max-video-preview:-1\" \/>\n<meta property=\"og:locale\" content=\"lv_LV\" \/>\n<meta property=\"og:type\" content=\"article\" \/>\n<meta property=\"og:title\" content=\"Ota Raphael Petit-Gris Pur 8383 apa\u013ca &#8211; Skizze\" \/>\n<meta property=\"og:description\" content=\"\u0160\u012bs otas ir slavenas ar savu lielisko \u0161\u0137idruma uzs\u016bk\u0161anas un uztur\u0113\u0161anas sp\u0113ju, t\u0101dej\u0101di nodro\u0161inot gar\u0101kas otu vilcienu l\u012bnijas bez papildus nepiecie\u0161am\u012bbas bie\u017eai kr\u0101su uz\u0146em\u0161anai no paletes. Unik\u0101lie otu sari ar savu dobo vidu uz\u0146em sev\u012b \u0161\u0137idrumu t\u0101pat k\u0101 salmi\u0146i. V\u0101veres spalvas ir vienas no smalk\u0101kajiem pieejamajiem dab\u012bgajiem sariem, ar kuriem tiek sasniegta nep\u0101rsp\u0113jama kr\u0101sas kapilarit\u0101te. Melns otas k\u0101ts ar varu p\u0101rkl\u0101tu misi\u0146a uzgali. Glezno\u0161anas tehnika: akvare\u013ci Pielietojums: deta\u013cas, retu\u0161\u0113\u0161ana, beigu apdare\" \/>\n<meta property=\"og:url\" content=\"https:\/\/hobstop.ee\/lv\/produkts\/ota-raphael-petit-gris-pur-8383-apala\/\" \/>\n<meta property=\"og:site_name\" content=\"Skizze\" \/>\n<meta property=\"article:publisher\" content=\"http:\/\/www.facebook.com\/VunderSkizze\" \/>\n<meta property=\"article:modified_time\" content=\"-0001-11-30T00:00:00+00:00\" \/>\n<meta property=\"og:image\" content=\"https:\/\/hobstop.ee\/media\/1435.jpg\" \/>\n\t<meta property=\"og:image:width\" content=\"1024\" \/>\n\t<meta property=\"og:image:height\" content=\"768\" \/>\n\t<meta property=\"og:image:type\" content=\"image\/jpeg\" \/>\n<meta name=\"twitter:card\" content=\"summary_large_image\" \/>\n<meta name=\"twitter:label1\" content=\"Est. reading time\" \/>\n\t<meta name=\"twitter:data1\" content=\"1 min\u016b\u0161u\" \/>\n<script type=\"application\/ld+json\" class=\"yoast-schema-graph\">{\"@context\":\"https:\/\/schema.org\",\"@graph\":[{\"@type\":\"WebPage\",\"@id\":\"https:\/\/hobstop.ee\/lv\/produkts\/ota-raphael-petit-gris-pur-8383-apala\/\",\"url\":\"https:\/\/hobstop.ee\/lv\/produkts\/ota-raphael-petit-gris-pur-8383-apala\/\",\"name\":\"Ota Raphael Petit-Gris Pur 8383 apa\u013ca &#8211; Skizze\",\"isPartOf\":{\"@id\":\"https:\/\/hobstop.ee\/lv\/#website\"},\"primaryImageOfPage\":{\"@id\":\"https:\/\/hobstop.ee\/lv\/produkts\/ota-raphael-petit-gris-pur-8383-apala\/#primaryimage\"},\"image\":{\"@id\":\"https:\/\/hobstop.ee\/lv\/produkts\/ota-raphael-petit-gris-pur-8383-apala\/#primaryimage\"},\"thumbnailUrl\":\"https:\/\/hobstop.ee\/media\/1435.jpg\",\"datePublished\":\"2014-11-08T12:56:42+00:00\",\"dateModified\":\"-0001-11-30T00:00:00+00:00\",\"breadcrumb\":{\"@id\":\"https:\/\/hobstop.ee\/lv\/produkts\/ota-raphael-petit-gris-pur-8383-apala\/#breadcrumb\"},\"inLanguage\":\"lv-LV\",\"potentialAction\":[{\"@type\":\"ReadAction\",\"target\":[\"https:\/\/hobstop.ee\/lv\/produkts\/ota-raphael-petit-gris-pur-8383-apala\/\"]}]},{\"@type\":\"ImageObject\",\"inLanguage\":\"lv-LV\",\"@id\":\"https:\/\/hobstop.ee\/lv\/produkts\/ota-raphael-petit-gris-pur-8383-apala\/#primaryimage\",\"url\":\"https:\/\/hobstop.ee\/media\/1435.jpg\",\"contentUrl\":\"https:\/\/hobstop.ee\/media\/1435.jpg\",\"width\":1024,\"height\":768},{\"@type\":\"BreadcrumbList\",\"@id\":\"https:\/\/hobstop.ee\/lv\/produkts\/ota-raphael-petit-gris-pur-8383-apala\/#breadcrumb\",\"itemListElement\":[{\"@type\":\"ListItem\",\"position\":1,\"name\":\"Avaleht\",\"item\":\"https:\/\/www.hobstop.ee\/lv\/\"},{\"@type\":\"ListItem\",\"position\":2,\"name\":\"Veikals\",\"item\":\"https:\/\/www.hobstop.ee\/lv\/veikals\/\"},{\"@type\":\"ListItem\",\"position\":3,\"name\":\"Ota Raphael Petit-Gris Pur 8383 apa\u013ca\"}]},{\"@type\":\"WebSite\",\"@id\":\"https:\/\/hobstop.ee\/lv\/#website\",\"url\":\"https:\/\/hobstop.ee\/lv\/\",\"name\":\"Skizze\",\"description\":\"M\u0101kslas, hobiju un skolas preces\",\"publisher\":{\"@id\":\"https:\/\/hobstop.ee\/lv\/#organization\"},\"potentialAction\":[{\"@type\":\"SearchAction\",\"target\":{\"@type\":\"EntryPoint\",\"urlTemplate\":\"https:\/\/hobstop.ee\/lv\/?s={search_term_string}\"},\"query-input\":{\"@type\":\"PropertyValueSpecification\",\"valueRequired\":true,\"valueName\":\"search_term_string\"}}],\"inLanguage\":\"lv-LV\"},{\"@type\":\"Organization\",\"@id\":\"https:\/\/hobstop.ee\/lv\/#organization\",\"name\":\"Vunder AS\",\"url\":\"https:\/\/hobstop.ee\/lv\/\",\"logo\":{\"@type\":\"ImageObject\",\"inLanguage\":\"lv-LV\",\"@id\":\"https:\/\/hobstop.ee\/lv\/#\/schema\/logo\/image\/\",\"url\":\"https:\/\/hobstop.ee\/media\/vunder-logo.png\",\"contentUrl\":\"https:\/\/hobstop.ee\/media\/vunder-logo.png\",\"width\":127,\"height\":55,\"caption\":\"Vunder AS\"},\"image\":{\"@id\":\"https:\/\/hobstop.ee\/lv\/#\/schema\/logo\/image\/\"},\"sameAs\":[\"http:\/\/www.facebook.com\/VunderSkizze\"]}]}<\/script>\n<!-- \/ Yoast SEO plugin. -->","yoast_head_json":{"title":"Ota Raphael Petit-Gris Pur 8383 apa\u013ca &#8211; Skizze","robots":{"index":"noindex","follow":"follow","max-snippet":"max-snippet:-1","max-image-preview":"max-image-preview:large","max-video-preview":"max-video-preview:-1"},"og_locale":"lv_LV","og_type":"article","og_title":"Ota Raphael Petit-Gris Pur 8383 apa\u013ca &#8211; Skizze","og_description":"\u0160\u012bs otas ir slavenas ar savu lielisko \u0161\u0137idruma uzs\u016bk\u0161anas un uztur\u0113\u0161anas sp\u0113ju, t\u0101dej\u0101di nodro\u0161inot gar\u0101kas otu vilcienu l\u012bnijas bez papildus nepiecie\u0161am\u012bbas bie\u017eai kr\u0101su uz\u0146em\u0161anai no paletes. Unik\u0101lie otu sari ar savu dobo vidu uz\u0146em sev\u012b \u0161\u0137idrumu t\u0101pat k\u0101 salmi\u0146i. V\u0101veres spalvas ir vienas no smalk\u0101kajiem pieejamajiem dab\u012bgajiem sariem, ar kuriem tiek sasniegta nep\u0101rsp\u0113jama kr\u0101sas kapilarit\u0101te. Melns otas k\u0101ts ar varu p\u0101rkl\u0101tu misi\u0146a uzgali. Glezno\u0161anas tehnika: akvare\u013ci Pielietojums: deta\u013cas, retu\u0161\u0113\u0161ana, beigu apdare","og_url":"https:\/\/hobstop.ee\/lv\/produkts\/ota-raphael-petit-gris-pur-8383-apala\/","og_site_name":"Skizze","article_publisher":"http:\/\/www.facebook.com\/VunderSkizze","article_modified_time":"-0001-11-30T00:00:00+00:00","og_image":[{"width":1024,"height":768,"url":"https:\/\/hobstop.ee\/media\/1435.jpg","type":"image\/jpeg"}],"twitter_card":"summary_large_image","twitter_misc":{"Est. reading time":"1 min\u016b\u0161u"},"schema":{"@context":"https:\/\/schema.org","@graph":[{"@type":"WebPage","@id":"https:\/\/hobstop.ee\/lv\/produkts\/ota-raphael-petit-gris-pur-8383-apala\/","url":"https:\/\/hobstop.ee\/lv\/produkts\/ota-raphael-petit-gris-pur-8383-apala\/","name":"Ota Raphael Petit-Gris Pur 8383 apa\u013ca &#8211; Skizze","isPartOf":{"@id":"https:\/\/hobstop.ee\/lv\/#website"},"primaryImageOfPage":{"@id":"https:\/\/hobstop.ee\/lv\/produkts\/ota-raphael-petit-gris-pur-8383-apala\/#primaryimage"},"image":{"@id":"https:\/\/hobstop.ee\/lv\/produkts\/ota-raphael-petit-gris-pur-8383-apala\/#primaryimage"},"thumbnailUrl":"https:\/\/hobstop.ee\/media\/1435.jpg","datePublished":"2014-11-08T12:56:42+00:00","dateModified":"-0001-11-30T00:00:00+00:00","breadcrumb":{"@id":"https:\/\/hobstop.ee\/lv\/produkts\/ota-raphael-petit-gris-pur-8383-apala\/#breadcrumb"},"inLanguage":"lv-LV","potentialAction":[{"@type":"ReadAction","target":["https:\/\/hobstop.ee\/lv\/produkts\/ota-raphael-petit-gris-pur-8383-apala\/"]}]},{"@type":"ImageObject","inLanguage":"lv-LV","@id":"https:\/\/hobstop.ee\/lv\/produkts\/ota-raphael-petit-gris-pur-8383-apala\/#primaryimage","url":"https:\/\/hobstop.ee\/media\/1435.jpg","contentUrl":"https:\/\/hobstop.ee\/media\/1435.jpg","width":1024,"height":768},{"@type":"BreadcrumbList","@id":"https:\/\/hobstop.ee\/lv\/produkts\/ota-raphael-petit-gris-pur-8383-apala\/#breadcrumb","itemListElement":[{"@type":"ListItem","position":1,"name":"Avaleht","item":"https:\/\/www.hobstop.ee\/lv\/"},{"@type":"ListItem","position":2,"name":"Veikals","item":"https:\/\/www.hobstop.ee\/lv\/veikals\/"},{"@type":"ListItem","position":3,"name":"Ota Raphael Petit-Gris Pur 8383 apa\u013ca"}]},{"@type":"WebSite","@id":"https:\/\/hobstop.ee\/lv\/#website","url":"https:\/\/hobstop.ee\/lv\/","name":"Skizze","description":"M\u0101kslas, hobiju un skolas preces","publisher":{"@id":"https:\/\/hobstop.ee\/lv\/#organization"},"potentialAction":[{"@type":"SearchAction","target":{"@type":"EntryPoint","urlTemplate":"https:\/\/hobstop.ee\/lv\/?s={search_term_string}"},"query-input":{"@type":"PropertyValueSpecification","valueRequired":true,"valueName":"search_term_string"}}],"inLanguage":"lv-LV"},{"@type":"Organization","@id":"https:\/\/hobstop.ee\/lv\/#organization","name":"Vunder AS","url":"https:\/\/hobstop.ee\/lv\/","logo":{"@type":"ImageObject","inLanguage":"lv-LV","@id":"https:\/\/hobstop.ee\/lv\/#\/schema\/logo\/image\/","url":"https:\/\/hobstop.ee\/media\/vunder-logo.png","contentUrl":"https:\/\/hobstop.ee\/media\/vunder-logo.png","width":127,"height":55,"caption":"Vunder AS"},"image":{"@id":"https:\/\/hobstop.ee\/lv\/#\/schema\/logo\/image\/"},"sameAs":["http:\/\/www.facebook.com\/VunderSkizze"]}]}},"_links":{"self":[{"href":"https:\/\/hobstop.ee\/lv\/wp-json\/wp\/v2\/product\/23598","targetHints":{"allow":["GET"]}}],"collection":[{"href":"https:\/\/hobstop.ee\/lv\/wp-json\/wp\/v2\/product"}],"about":[{"href":"https:\/\/hobstop.ee\/lv\/wp-json\/wp\/v2\/types\/product"}],"replies":[{"embeddable":true,"href":"https:\/\/hobstop.ee\/lv\/wp-json\/wp\/v2\/comments?post=23598"}],"wp:featuredmedia":[{"embeddable":true,"href":"https:\/\/hobstop.ee\/lv\/wp-json\/wp\/v2\/media\/160942"}],"wp:attachment":[{"href":"https:\/\/hobstop.ee\/lv\/wp-json\/wp\/v2\/media?parent=23598"}],"wp:term":[{"taxonomy":"product_cat","embeddable":true,"href":"https:\/\/hobstop.ee\/lv\/wp-json\/wp\/v2\/product_cat?post=23598"},{"taxonomy":"product_tag","embeddable":true,"href":"https:\/\/hobstop.ee\/lv\/wp-json\/wp\/v2\/product_tag?post=23598"}],"curies":[{"name":"wp","href":"https:\/\/api.w.org\/{rel}","templated":true}]}}