{"id":23604,"date":"2014-12-09T12:52:18","date_gmt":"2014-12-09T10:52:18","guid":{"rendered":"https:\/\/sharks.ee\/vunder_2019.klient.veebimajutus.ee\/?post_type=product&#038;p=23604"},"modified":"2014-12-09T12:52:18","modified_gmt":"2014-12-09T10:52:18","slug":"ota-raphael-kaerell-s-acryl-879-plakana","status":"publish","type":"product","link":"https:\/\/hobstop.ee\/lv\/produkts\/ota-raphael-kaerell-s-acryl-879-plakana\/","title":{"rendered":"Ota Raphael Kaerell S Acryl 879 plakana"},"content":{"rendered":"<p>Kaerell S Acryl ir augstas kvalit\u0101tes ota ar \u0101rk\u0101rt\u012bgi m\u012bkstu un smalku galu. Iztur\u012bga, elast\u012bga un atsper\u012bga \u0161\u0137iedra. \u0160\u012b ir ilgi lietojama ota ar lielisk\u0101m \u016bdens p\u0101rne\u0161anas sp\u0113j\u0101m un p\u0101rsteidzo\u0161u stingr\u012bbu. Otu s\u0113rija ar garo k\u0101tu rada izsmalcin\u0101tu saj\u016btu. T\u0101 ir iztur\u012bga, viegli t\u012br\u0101ma un \u0101rk\u0101rt\u012bgi daudzpus\u0113ja ota, kas ir piem\u0113rota da\u017e\u0101d\u0101m tehnik\u0101m un materi\u0101liem. Lieliski piem\u0113rota smalkiem darbiem un \u013coti m\u012bkstam stilam. Gar\u0161 oran\u017es lakots k\u0101ts ar bez\u0161uvju ni\u0137e\u013ca uzgali.<br \/>\nGlezno\u0161anas tehnika: akrils<br \/>\nPielietojums fons, at\u0161\u0137aid\u012btas kr\u0101sas<\/p>\n","protected":false},"excerpt":{"rendered":"<p>Kaerell S Acryl ir augstas kvalit\u0101tes ota ar \u0101rk\u0101rt\u012bgi m\u012bkstu un smalku galu. Iztur\u012bga, elast\u012bga un atsper\u012bga \u0161\u0137iedra. \u0160\u012b ir ilgi lietojama ota ar lielisk\u0101m \u016bdens p\u0101rne\u0161anas sp\u0113j\u0101m un p\u0101rsteidzo\u0161u stingr\u012bbu. Otu s\u0113rija ar garo k\u0101tu rada izsmalcin\u0101tu saj\u016btu. T\u0101 ir iztur\u012bga, viegli t\u012br\u0101ma un \u0101rk\u0101rt\u012bgi daudzpus\u0113ja ota, kas ir piem\u0113rota da\u017e\u0101d\u0101m tehnik\u0101m un materi\u0101liem. Lieliski piem\u0113rota smalkiem darbiem un \u013coti m\u012bkstam stilam. Gar\u0161 oran\u017es lakots k\u0101ts ar bez\u0161uvju ni\u0137e\u013ca uzgali. Glezno\u0161anas tehnika: akrils Pielietojums fons, at\u0161\u0137aid\u012btas kr\u0101sas<\/p>\n","protected":false},"featured_media":124289,"comment_status":"closed","ping_status":"closed","template":"","meta":{"_acf_changed":false,"ep_exclude_from_search":false},"product_cat":[16123,18650,18608],"product_tag":[],"class_list":{"0":"post-23604","1":"product","2":"type-product","3":"status-publish","4":"has-post-thumbnail","6":"product_cat-makslas-piederumi-2","7":"product_cat-otas-un-piederumi","8":"product_cat-sintetiskas-otas-2","10":"first","11":"instock","12":"taxable","13":"shipping-taxable","14":"purchasable","15":"product-type-variable"},"acf":[],"yoast_head":"<!-- This site is optimized with the Yoast SEO plugin v24.1 - https:\/\/yoast.com\/wordpress\/plugins\/seo\/ -->\n<title>Ota Raphael Kaerell S Acryl 879 plakana &#8211; Skizze<\/title>\n<meta name=\"robots\" content=\"noindex, follow, max-snippet:-1, max-image-preview:large, max-video-preview:-1\" \/>\n<meta property=\"og:locale\" content=\"lv_LV\" \/>\n<meta property=\"og:type\" content=\"article\" \/>\n<meta property=\"og:title\" content=\"Ota Raphael Kaerell S Acryl 879 plakana &#8211; Skizze\" \/>\n<meta property=\"og:description\" content=\"Kaerell S Acryl ir augstas kvalit\u0101tes ota ar \u0101rk\u0101rt\u012bgi m\u012bkstu un smalku galu. Iztur\u012bga, elast\u012bga un atsper\u012bga \u0161\u0137iedra. \u0160\u012b ir ilgi lietojama ota ar lielisk\u0101m \u016bdens p\u0101rne\u0161anas sp\u0113j\u0101m un p\u0101rsteidzo\u0161u stingr\u012bbu. Otu s\u0113rija ar garo k\u0101tu rada izsmalcin\u0101tu saj\u016btu. T\u0101 ir iztur\u012bga, viegli t\u012br\u0101ma un \u0101rk\u0101rt\u012bgi daudzpus\u0113ja ota, kas ir piem\u0113rota da\u017e\u0101d\u0101m tehnik\u0101m un materi\u0101liem. Lieliski piem\u0113rota smalkiem darbiem un \u013coti m\u012bkstam stilam. Gar\u0161 oran\u017es lakots k\u0101ts ar bez\u0161uvju ni\u0137e\u013ca uzgali. Glezno\u0161anas tehnika: akrils Pielietojums fons, at\u0161\u0137aid\u012btas kr\u0101sas\" \/>\n<meta property=\"og:url\" content=\"https:\/\/hobstop.ee\/lv\/produkts\/ota-raphael-kaerell-s-acryl-879-plakana\/\" \/>\n<meta property=\"og:site_name\" content=\"Skizze\" \/>\n<meta property=\"article:publisher\" content=\"http:\/\/www.facebook.com\/VunderSkizze\" \/>\n<meta property=\"og:image\" content=\"https:\/\/hobstop.ee\/media\/1440.jpg\" \/>\n\t<meta property=\"og:image:width\" content=\"1024\" \/>\n\t<meta property=\"og:image:height\" content=\"768\" \/>\n\t<meta property=\"og:image:type\" content=\"image\/jpeg\" \/>\n<meta name=\"twitter:card\" content=\"summary_large_image\" \/>\n<meta name=\"twitter:label1\" content=\"Est. reading time\" \/>\n\t<meta name=\"twitter:data1\" content=\"1 min\u016b\u0161u\" \/>\n<script type=\"application\/ld+json\" class=\"yoast-schema-graph\">{\"@context\":\"https:\/\/schema.org\",\"@graph\":[{\"@type\":\"WebPage\",\"@id\":\"https:\/\/hobstop.ee\/lv\/produkts\/ota-raphael-kaerell-s-acryl-879-plakana\/\",\"url\":\"https:\/\/hobstop.ee\/lv\/produkts\/ota-raphael-kaerell-s-acryl-879-plakana\/\",\"name\":\"Ota Raphael Kaerell S Acryl 879 plakana &#8211; Skizze\",\"isPartOf\":{\"@id\":\"https:\/\/hobstop.ee\/lv\/#website\"},\"primaryImageOfPage\":{\"@id\":\"https:\/\/hobstop.ee\/lv\/produkts\/ota-raphael-kaerell-s-acryl-879-plakana\/#primaryimage\"},\"image\":{\"@id\":\"https:\/\/hobstop.ee\/lv\/produkts\/ota-raphael-kaerell-s-acryl-879-plakana\/#primaryimage\"},\"thumbnailUrl\":\"https:\/\/hobstop.ee\/media\/1440.jpg\",\"datePublished\":\"2014-12-09T10:52:18+00:00\",\"dateModified\":\"2014-12-09T10:52:18+00:00\",\"breadcrumb\":{\"@id\":\"https:\/\/hobstop.ee\/lv\/produkts\/ota-raphael-kaerell-s-acryl-879-plakana\/#breadcrumb\"},\"inLanguage\":\"lv-LV\",\"potentialAction\":[{\"@type\":\"ReadAction\",\"target\":[\"https:\/\/hobstop.ee\/lv\/produkts\/ota-raphael-kaerell-s-acryl-879-plakana\/\"]}]},{\"@type\":\"ImageObject\",\"inLanguage\":\"lv-LV\",\"@id\":\"https:\/\/hobstop.ee\/lv\/produkts\/ota-raphael-kaerell-s-acryl-879-plakana\/#primaryimage\",\"url\":\"https:\/\/hobstop.ee\/media\/1440.jpg\",\"contentUrl\":\"https:\/\/hobstop.ee\/media\/1440.jpg\",\"width\":1024,\"height\":768},{\"@type\":\"BreadcrumbList\",\"@id\":\"https:\/\/hobstop.ee\/lv\/produkts\/ota-raphael-kaerell-s-acryl-879-plakana\/#breadcrumb\",\"itemListElement\":[{\"@type\":\"ListItem\",\"position\":1,\"name\":\"Avaleht\",\"item\":\"https:\/\/hobstop.ee\/lv\/\"},{\"@type\":\"ListItem\",\"position\":2,\"name\":\"Veikals\",\"item\":\"https:\/\/hobstop.ee\/lv\/veikals\/\"},{\"@type\":\"ListItem\",\"position\":3,\"name\":\"Ota Raphael Kaerell S Acryl 879 plakana\"}]},{\"@type\":\"WebSite\",\"@id\":\"https:\/\/hobstop.ee\/lv\/#website\",\"url\":\"https:\/\/hobstop.ee\/lv\/\",\"name\":\"Skizze\",\"description\":\"M\u0101kslas, hobiju un skolas preces\",\"publisher\":{\"@id\":\"https:\/\/hobstop.ee\/lv\/#organization\"},\"potentialAction\":[{\"@type\":\"SearchAction\",\"target\":{\"@type\":\"EntryPoint\",\"urlTemplate\":\"https:\/\/hobstop.ee\/lv\/?s={search_term_string}\"},\"query-input\":{\"@type\":\"PropertyValueSpecification\",\"valueRequired\":true,\"valueName\":\"search_term_string\"}}],\"inLanguage\":\"lv-LV\"},{\"@type\":\"Organization\",\"@id\":\"https:\/\/hobstop.ee\/lv\/#organization\",\"name\":\"Vunder AS\",\"url\":\"https:\/\/hobstop.ee\/lv\/\",\"logo\":{\"@type\":\"ImageObject\",\"inLanguage\":\"lv-LV\",\"@id\":\"https:\/\/hobstop.ee\/lv\/#\/schema\/logo\/image\/\",\"url\":\"https:\/\/hobstop.ee\/media\/vunder-logo.png\",\"contentUrl\":\"https:\/\/hobstop.ee\/media\/vunder-logo.png\",\"width\":127,\"height\":55,\"caption\":\"Vunder AS\"},\"image\":{\"@id\":\"https:\/\/hobstop.ee\/lv\/#\/schema\/logo\/image\/\"},\"sameAs\":[\"http:\/\/www.facebook.com\/VunderSkizze\"]}]}<\/script>\n<!-- \/ Yoast SEO plugin. -->","yoast_head_json":{"title":"Ota Raphael Kaerell S Acryl 879 plakana &#8211; Skizze","robots":{"index":"noindex","follow":"follow","max-snippet":"max-snippet:-1","max-image-preview":"max-image-preview:large","max-video-preview":"max-video-preview:-1"},"og_locale":"lv_LV","og_type":"article","og_title":"Ota Raphael Kaerell S Acryl 879 plakana &#8211; Skizze","og_description":"Kaerell S Acryl ir augstas kvalit\u0101tes ota ar \u0101rk\u0101rt\u012bgi m\u012bkstu un smalku galu. Iztur\u012bga, elast\u012bga un atsper\u012bga \u0161\u0137iedra. \u0160\u012b ir ilgi lietojama ota ar lielisk\u0101m \u016bdens p\u0101rne\u0161anas sp\u0113j\u0101m un p\u0101rsteidzo\u0161u stingr\u012bbu. Otu s\u0113rija ar garo k\u0101tu rada izsmalcin\u0101tu saj\u016btu. T\u0101 ir iztur\u012bga, viegli t\u012br\u0101ma un \u0101rk\u0101rt\u012bgi daudzpus\u0113ja ota, kas ir piem\u0113rota da\u017e\u0101d\u0101m tehnik\u0101m un materi\u0101liem. Lieliski piem\u0113rota smalkiem darbiem un \u013coti m\u012bkstam stilam. Gar\u0161 oran\u017es lakots k\u0101ts ar bez\u0161uvju ni\u0137e\u013ca uzgali. Glezno\u0161anas tehnika: akrils Pielietojums fons, at\u0161\u0137aid\u012btas kr\u0101sas","og_url":"https:\/\/hobstop.ee\/lv\/produkts\/ota-raphael-kaerell-s-acryl-879-plakana\/","og_site_name":"Skizze","article_publisher":"http:\/\/www.facebook.com\/VunderSkizze","og_image":[{"width":1024,"height":768,"url":"https:\/\/hobstop.ee\/media\/1440.jpg","type":"image\/jpeg"}],"twitter_card":"summary_large_image","twitter_misc":{"Est. reading time":"1 min\u016b\u0161u"},"schema":{"@context":"https:\/\/schema.org","@graph":[{"@type":"WebPage","@id":"https:\/\/hobstop.ee\/lv\/produkts\/ota-raphael-kaerell-s-acryl-879-plakana\/","url":"https:\/\/hobstop.ee\/lv\/produkts\/ota-raphael-kaerell-s-acryl-879-plakana\/","name":"Ota Raphael Kaerell S Acryl 879 plakana &#8211; Skizze","isPartOf":{"@id":"https:\/\/hobstop.ee\/lv\/#website"},"primaryImageOfPage":{"@id":"https:\/\/hobstop.ee\/lv\/produkts\/ota-raphael-kaerell-s-acryl-879-plakana\/#primaryimage"},"image":{"@id":"https:\/\/hobstop.ee\/lv\/produkts\/ota-raphael-kaerell-s-acryl-879-plakana\/#primaryimage"},"thumbnailUrl":"https:\/\/hobstop.ee\/media\/1440.jpg","datePublished":"2014-12-09T10:52:18+00:00","dateModified":"2014-12-09T10:52:18+00:00","breadcrumb":{"@id":"https:\/\/hobstop.ee\/lv\/produkts\/ota-raphael-kaerell-s-acryl-879-plakana\/#breadcrumb"},"inLanguage":"lv-LV","potentialAction":[{"@type":"ReadAction","target":["https:\/\/hobstop.ee\/lv\/produkts\/ota-raphael-kaerell-s-acryl-879-plakana\/"]}]},{"@type":"ImageObject","inLanguage":"lv-LV","@id":"https:\/\/hobstop.ee\/lv\/produkts\/ota-raphael-kaerell-s-acryl-879-plakana\/#primaryimage","url":"https:\/\/hobstop.ee\/media\/1440.jpg","contentUrl":"https:\/\/hobstop.ee\/media\/1440.jpg","width":1024,"height":768},{"@type":"BreadcrumbList","@id":"https:\/\/hobstop.ee\/lv\/produkts\/ota-raphael-kaerell-s-acryl-879-plakana\/#breadcrumb","itemListElement":[{"@type":"ListItem","position":1,"name":"Avaleht","item":"https:\/\/hobstop.ee\/lv\/"},{"@type":"ListItem","position":2,"name":"Veikals","item":"https:\/\/hobstop.ee\/lv\/veikals\/"},{"@type":"ListItem","position":3,"name":"Ota Raphael Kaerell S Acryl 879 plakana"}]},{"@type":"WebSite","@id":"https:\/\/hobstop.ee\/lv\/#website","url":"https:\/\/hobstop.ee\/lv\/","name":"Skizze","description":"M\u0101kslas, hobiju un skolas preces","publisher":{"@id":"https:\/\/hobstop.ee\/lv\/#organization"},"potentialAction":[{"@type":"SearchAction","target":{"@type":"EntryPoint","urlTemplate":"https:\/\/hobstop.ee\/lv\/?s={search_term_string}"},"query-input":{"@type":"PropertyValueSpecification","valueRequired":true,"valueName":"search_term_string"}}],"inLanguage":"lv-LV"},{"@type":"Organization","@id":"https:\/\/hobstop.ee\/lv\/#organization","name":"Vunder AS","url":"https:\/\/hobstop.ee\/lv\/","logo":{"@type":"ImageObject","inLanguage":"lv-LV","@id":"https:\/\/hobstop.ee\/lv\/#\/schema\/logo\/image\/","url":"https:\/\/hobstop.ee\/media\/vunder-logo.png","contentUrl":"https:\/\/hobstop.ee\/media\/vunder-logo.png","width":127,"height":55,"caption":"Vunder AS"},"image":{"@id":"https:\/\/hobstop.ee\/lv\/#\/schema\/logo\/image\/"},"sameAs":["http:\/\/www.facebook.com\/VunderSkizze"]}]}},"_links":{"self":[{"href":"https:\/\/hobstop.ee\/lv\/wp-json\/wp\/v2\/product\/23604","targetHints":{"allow":["GET"]}}],"collection":[{"href":"https:\/\/hobstop.ee\/lv\/wp-json\/wp\/v2\/product"}],"about":[{"href":"https:\/\/hobstop.ee\/lv\/wp-json\/wp\/v2\/types\/product"}],"replies":[{"embeddable":true,"href":"https:\/\/hobstop.ee\/lv\/wp-json\/wp\/v2\/comments?post=23604"}],"wp:featuredmedia":[{"embeddable":true,"href":"https:\/\/hobstop.ee\/lv\/wp-json\/wp\/v2\/media\/124289"}],"wp:attachment":[{"href":"https:\/\/hobstop.ee\/lv\/wp-json\/wp\/v2\/media?parent=23604"}],"wp:term":[{"taxonomy":"product_cat","embeddable":true,"href":"https:\/\/hobstop.ee\/lv\/wp-json\/wp\/v2\/product_cat?post=23604"},{"taxonomy":"product_tag","embeddable":true,"href":"https:\/\/hobstop.ee\/lv\/wp-json\/wp\/v2\/product_tag?post=23604"}],"curies":[{"name":"wp","href":"https:\/\/api.w.org\/{rel}","templated":true}]}}