{"id":236067,"date":"2015-11-06T10:38:52","date_gmt":"2015-11-06T08:38:52","guid":{"rendered":"https:\/\/sharks.ee\/vunder_2019\/lv\/product\/auduma-lime-aleenes-stiffen-quik-fabric-stiffening-spray\/"},"modified":"2015-11-06T10:38:52","modified_gmt":"2015-11-06T08:38:52","slug":"auduma-lime-aleenes-stiffen-quik-fabric-stiffening-spray","status":"publish","type":"product","link":"https:\/\/hobstop.ee\/lv\/produkts\/auduma-lime-aleenes-stiffen-quik-fabric-stiffening-spray\/","title":{"rendered":"Auduma l\u012bme Aleene&#8217;s Stiffen-Quik Fabric Stiffening Spray"},"content":{"rendered":"<p>Aleene\u2019s Stiffen-Quik Fabric Stiffening Spray ir lieliski piem\u0113rots audumu, tambor\u0113tu sedzi\u0146u vai len\u0161u st\u012bvin\u0101\u0161anai un formas veido\u0161anai. Ar izsmidzin\u0101mo ir viegli uzkl\u0101t nepiecie\u0161amo daudzumu l\u012bdzek\u013ca, nenosm\u0113r\u0113jot apk\u0101rtni. Bez tam nav j\u0101staipa st\u012bvin\u0101mais priek\u0161mets, baidoties izjaukt v\u0113lamo formu. Stiffen-Quik no\u017e\u016bstot paliek caursp\u012bd\u012bgs, t\u0101d\u0113\u013c nemain\u012bs gala produkta kr\u0101su. Ja ir v\u0113lme izveidot stingr\u0101ku formu, var uzsmidzin\u0101t vair\u0101kos sl\u0101\u0146os. Izmazg\u0101jams, ja ir nepiecie\u0161ams izt\u012br\u012bt vai p\u0101rveidot priek\u0161meta formu. Izmantot, veidojot pu\u0161\u0137us, me\u017e\u0123\u012bnes, lentes, audumu, dekorat\u012bvas sedzi\u0146as un tambor\u0113jumus.<\/p>\n","protected":false},"excerpt":{"rendered":"<p>Aleene\u2019s Stiffen-Quik Fabric Stiffening Spray ir lieliski piem\u0113rots audumu, tambor\u0113tu sedzi\u0146u vai len\u0161u st\u012bvin\u0101\u0161anai un formas veido\u0161anai. Ar izsmidzin\u0101mo ir viegli uzkl\u0101t nepiecie\u0161amo daudzumu l\u012bdzek\u013ca, nenosm\u0113r\u0113jot apk\u0101rtni. Bez tam nav j\u0101staipa st\u012bvin\u0101mais priek\u0161mets, baidoties izjaukt v\u0113lamo formu. Stiffen-Quik no\u017e\u016bstot paliek caursp\u012bd\u012bgs, t\u0101d\u0113\u013c nemain\u012bs gala produkta kr\u0101su. Ja ir v\u0113lme izveidot stingr\u0101ku formu, var uzsmidzin\u0101t vair\u0101kos sl\u0101\u0146os. Izmazg\u0101jams, ja ir nepiecie\u0161ams izt\u012br\u012bt vai p\u0101rveidot priek\u0161meta formu. Izmantot, veidojot pu\u0161\u0137us, me\u017e\u0123\u012bnes, lentes, audumu, dekorat\u012bvas sedzi\u0146as un tambor\u0113jumus.<\/p>\n","protected":false},"featured_media":236247,"comment_status":"closed","ping_status":"closed","template":"","meta":{"_acf_changed":false,"ep_exclude_from_search":false},"product_cat":[17918,19846,19852],"product_tag":[],"class_list":{"0":"post-236067","1":"product","2":"type-product","3":"status-publish","4":"has-post-thumbnail","6":"product_cat-preces-hobijiem","7":"product_cat-rokdarbu-limes","8":"product_cat-tekstila-limes","10":"first","11":"instock","12":"taxable","13":"shipping-taxable","14":"purchasable","15":"product-type-simple"},"acf":[],"yoast_head":"<!-- This site is optimized with the Yoast SEO plugin v24.1 - https:\/\/yoast.com\/wordpress\/plugins\/seo\/ -->\n<title>Auduma l\u012bme Aleene&#039;s Stiffen-Quik Fabric Stiffening Spray &#8211; Skizze<\/title>\n<meta name=\"robots\" content=\"noindex, follow, max-snippet:-1, max-image-preview:large, max-video-preview:-1\" \/>\n<meta property=\"og:locale\" content=\"lv_LV\" \/>\n<meta property=\"og:type\" content=\"article\" \/>\n<meta property=\"og:title\" content=\"Auduma l\u012bme Aleene&#039;s Stiffen-Quik Fabric Stiffening Spray &#8211; Skizze\" \/>\n<meta property=\"og:description\" content=\"Aleene\u2019s Stiffen-Quik Fabric Stiffening Spray ir lieliski piem\u0113rots audumu, tambor\u0113tu sedzi\u0146u vai len\u0161u st\u012bvin\u0101\u0161anai un formas veido\u0161anai. Ar izsmidzin\u0101mo ir viegli uzkl\u0101t nepiecie\u0161amo daudzumu l\u012bdzek\u013ca, nenosm\u0113r\u0113jot apk\u0101rtni. Bez tam nav j\u0101staipa st\u012bvin\u0101mais priek\u0161mets, baidoties izjaukt v\u0113lamo formu. Stiffen-Quik no\u017e\u016bstot paliek caursp\u012bd\u012bgs, t\u0101d\u0113\u013c nemain\u012bs gala produkta kr\u0101su. Ja ir v\u0113lme izveidot stingr\u0101ku formu, var uzsmidzin\u0101t vair\u0101kos sl\u0101\u0146os. Izmazg\u0101jams, ja ir nepiecie\u0161ams izt\u012br\u012bt vai p\u0101rveidot priek\u0161meta formu. Izmantot, veidojot pu\u0161\u0137us, me\u017e\u0123\u012bnes, lentes, audumu, dekorat\u012bvas sedzi\u0146as un tambor\u0113jumus.\" \/>\n<meta property=\"og:url\" content=\"https:\/\/hobstop.ee\/lv\/produkts\/auduma-lime-aleenes-stiffen-quik-fabric-stiffening-spray\/\" \/>\n<meta property=\"og:site_name\" content=\"Skizze\" \/>\n<meta property=\"article:publisher\" content=\"http:\/\/www.facebook.com\/VunderSkizze\" \/>\n<meta property=\"og:image\" content=\"https:\/\/www.hobstop.ee\/media\/4072.jpg\" \/>\n\t<meta property=\"og:image:width\" content=\"1024\" \/>\n\t<meta property=\"og:image:height\" content=\"768\" \/>\n\t<meta property=\"og:image:type\" content=\"image\/jpeg\" \/>\n<meta name=\"twitter:card\" content=\"summary_large_image\" \/>\n<meta name=\"twitter:label1\" content=\"Est. reading time\" \/>\n\t<meta name=\"twitter:data1\" content=\"1 min\u016b\u0161u\" \/>\n<script type=\"application\/ld+json\" class=\"yoast-schema-graph\">{\"@context\":\"https:\/\/schema.org\",\"@graph\":[{\"@type\":\"WebPage\",\"@id\":\"https:\/\/hobstop.ee\/lv\/produkts\/auduma-lime-aleenes-stiffen-quik-fabric-stiffening-spray\/\",\"url\":\"https:\/\/hobstop.ee\/lv\/produkts\/auduma-lime-aleenes-stiffen-quik-fabric-stiffening-spray\/\",\"name\":\"Auduma l\u012bme Aleene's Stiffen-Quik Fabric Stiffening Spray &#8211; Skizze\",\"isPartOf\":{\"@id\":\"https:\/\/hobstop.ee\/lv\/#website\"},\"primaryImageOfPage\":{\"@id\":\"https:\/\/hobstop.ee\/lv\/produkts\/auduma-lime-aleenes-stiffen-quik-fabric-stiffening-spray\/#primaryimage\"},\"image\":{\"@id\":\"https:\/\/hobstop.ee\/lv\/produkts\/auduma-lime-aleenes-stiffen-quik-fabric-stiffening-spray\/#primaryimage\"},\"thumbnailUrl\":\"https:\/\/hobstop.ee\/media\/4072.jpg\",\"datePublished\":\"2015-11-06T08:38:52+00:00\",\"dateModified\":\"2015-11-06T08:38:52+00:00\",\"breadcrumb\":{\"@id\":\"https:\/\/hobstop.ee\/lv\/produkts\/auduma-lime-aleenes-stiffen-quik-fabric-stiffening-spray\/#breadcrumb\"},\"inLanguage\":\"lv-LV\",\"potentialAction\":[{\"@type\":\"ReadAction\",\"target\":[\"https:\/\/hobstop.ee\/lv\/produkts\/auduma-lime-aleenes-stiffen-quik-fabric-stiffening-spray\/\"]}]},{\"@type\":\"ImageObject\",\"inLanguage\":\"lv-LV\",\"@id\":\"https:\/\/hobstop.ee\/lv\/produkts\/auduma-lime-aleenes-stiffen-quik-fabric-stiffening-spray\/#primaryimage\",\"url\":\"https:\/\/hobstop.ee\/media\/4072.jpg\",\"contentUrl\":\"https:\/\/hobstop.ee\/media\/4072.jpg\",\"width\":1024,\"height\":768},{\"@type\":\"BreadcrumbList\",\"@id\":\"https:\/\/hobstop.ee\/lv\/produkts\/auduma-lime-aleenes-stiffen-quik-fabric-stiffening-spray\/#breadcrumb\",\"itemListElement\":[{\"@type\":\"ListItem\",\"position\":1,\"name\":\"Avaleht\",\"item\":\"https:\/\/www.hobstop.ee\/lv\/\"},{\"@type\":\"ListItem\",\"position\":2,\"name\":\"Veikals\",\"item\":\"https:\/\/www.hobstop.ee\/lv\/veikals\/\"},{\"@type\":\"ListItem\",\"position\":3,\"name\":\"Auduma l\u012bme Aleene&#8217;s Stiffen-Quik Fabric Stiffening Spray\"}]},{\"@type\":\"WebSite\",\"@id\":\"https:\/\/hobstop.ee\/lv\/#website\",\"url\":\"https:\/\/hobstop.ee\/lv\/\",\"name\":\"Skizze\",\"description\":\"M\u0101kslas, hobiju un skolas preces\",\"publisher\":{\"@id\":\"https:\/\/hobstop.ee\/lv\/#organization\"},\"potentialAction\":[{\"@type\":\"SearchAction\",\"target\":{\"@type\":\"EntryPoint\",\"urlTemplate\":\"https:\/\/hobstop.ee\/lv\/?s={search_term_string}\"},\"query-input\":{\"@type\":\"PropertyValueSpecification\",\"valueRequired\":true,\"valueName\":\"search_term_string\"}}],\"inLanguage\":\"lv-LV\"},{\"@type\":\"Organization\",\"@id\":\"https:\/\/hobstop.ee\/lv\/#organization\",\"name\":\"Vunder AS\",\"url\":\"https:\/\/hobstop.ee\/lv\/\",\"logo\":{\"@type\":\"ImageObject\",\"inLanguage\":\"lv-LV\",\"@id\":\"https:\/\/hobstop.ee\/lv\/#\/schema\/logo\/image\/\",\"url\":\"https:\/\/hobstop.ee\/media\/vunder-logo.png\",\"contentUrl\":\"https:\/\/hobstop.ee\/media\/vunder-logo.png\",\"width\":127,\"height\":55,\"caption\":\"Vunder AS\"},\"image\":{\"@id\":\"https:\/\/hobstop.ee\/lv\/#\/schema\/logo\/image\/\"},\"sameAs\":[\"http:\/\/www.facebook.com\/VunderSkizze\"]}]}<\/script>\n<!-- \/ Yoast SEO plugin. -->","yoast_head_json":{"title":"Auduma l\u012bme Aleene's Stiffen-Quik Fabric Stiffening Spray &#8211; Skizze","robots":{"index":"noindex","follow":"follow","max-snippet":"max-snippet:-1","max-image-preview":"max-image-preview:large","max-video-preview":"max-video-preview:-1"},"og_locale":"lv_LV","og_type":"article","og_title":"Auduma l\u012bme Aleene's Stiffen-Quik Fabric Stiffening Spray &#8211; Skizze","og_description":"Aleene\u2019s Stiffen-Quik Fabric Stiffening Spray ir lieliski piem\u0113rots audumu, tambor\u0113tu sedzi\u0146u vai len\u0161u st\u012bvin\u0101\u0161anai un formas veido\u0161anai. Ar izsmidzin\u0101mo ir viegli uzkl\u0101t nepiecie\u0161amo daudzumu l\u012bdzek\u013ca, nenosm\u0113r\u0113jot apk\u0101rtni. Bez tam nav j\u0101staipa st\u012bvin\u0101mais priek\u0161mets, baidoties izjaukt v\u0113lamo formu. Stiffen-Quik no\u017e\u016bstot paliek caursp\u012bd\u012bgs, t\u0101d\u0113\u013c nemain\u012bs gala produkta kr\u0101su. Ja ir v\u0113lme izveidot stingr\u0101ku formu, var uzsmidzin\u0101t vair\u0101kos sl\u0101\u0146os. Izmazg\u0101jams, ja ir nepiecie\u0161ams izt\u012br\u012bt vai p\u0101rveidot priek\u0161meta formu. Izmantot, veidojot pu\u0161\u0137us, me\u017e\u0123\u012bnes, lentes, audumu, dekorat\u012bvas sedzi\u0146as un tambor\u0113jumus.","og_url":"https:\/\/hobstop.ee\/lv\/produkts\/auduma-lime-aleenes-stiffen-quik-fabric-stiffening-spray\/","og_site_name":"Skizze","article_publisher":"http:\/\/www.facebook.com\/VunderSkizze","og_image":[{"width":1024,"height":768,"url":"https:\/\/www.hobstop.ee\/media\/4072.jpg","type":"image\/jpeg"}],"twitter_card":"summary_large_image","twitter_misc":{"Est. reading time":"1 min\u016b\u0161u"},"schema":{"@context":"https:\/\/schema.org","@graph":[{"@type":"WebPage","@id":"https:\/\/hobstop.ee\/lv\/produkts\/auduma-lime-aleenes-stiffen-quik-fabric-stiffening-spray\/","url":"https:\/\/hobstop.ee\/lv\/produkts\/auduma-lime-aleenes-stiffen-quik-fabric-stiffening-spray\/","name":"Auduma l\u012bme Aleene's Stiffen-Quik Fabric Stiffening Spray &#8211; Skizze","isPartOf":{"@id":"https:\/\/hobstop.ee\/lv\/#website"},"primaryImageOfPage":{"@id":"https:\/\/hobstop.ee\/lv\/produkts\/auduma-lime-aleenes-stiffen-quik-fabric-stiffening-spray\/#primaryimage"},"image":{"@id":"https:\/\/hobstop.ee\/lv\/produkts\/auduma-lime-aleenes-stiffen-quik-fabric-stiffening-spray\/#primaryimage"},"thumbnailUrl":"https:\/\/hobstop.ee\/media\/4072.jpg","datePublished":"2015-11-06T08:38:52+00:00","dateModified":"2015-11-06T08:38:52+00:00","breadcrumb":{"@id":"https:\/\/hobstop.ee\/lv\/produkts\/auduma-lime-aleenes-stiffen-quik-fabric-stiffening-spray\/#breadcrumb"},"inLanguage":"lv-LV","potentialAction":[{"@type":"ReadAction","target":["https:\/\/hobstop.ee\/lv\/produkts\/auduma-lime-aleenes-stiffen-quik-fabric-stiffening-spray\/"]}]},{"@type":"ImageObject","inLanguage":"lv-LV","@id":"https:\/\/hobstop.ee\/lv\/produkts\/auduma-lime-aleenes-stiffen-quik-fabric-stiffening-spray\/#primaryimage","url":"https:\/\/hobstop.ee\/media\/4072.jpg","contentUrl":"https:\/\/hobstop.ee\/media\/4072.jpg","width":1024,"height":768},{"@type":"BreadcrumbList","@id":"https:\/\/hobstop.ee\/lv\/produkts\/auduma-lime-aleenes-stiffen-quik-fabric-stiffening-spray\/#breadcrumb","itemListElement":[{"@type":"ListItem","position":1,"name":"Avaleht","item":"https:\/\/www.hobstop.ee\/lv\/"},{"@type":"ListItem","position":2,"name":"Veikals","item":"https:\/\/www.hobstop.ee\/lv\/veikals\/"},{"@type":"ListItem","position":3,"name":"Auduma l\u012bme Aleene&#8217;s Stiffen-Quik Fabric Stiffening Spray"}]},{"@type":"WebSite","@id":"https:\/\/hobstop.ee\/lv\/#website","url":"https:\/\/hobstop.ee\/lv\/","name":"Skizze","description":"M\u0101kslas, hobiju un skolas preces","publisher":{"@id":"https:\/\/hobstop.ee\/lv\/#organization"},"potentialAction":[{"@type":"SearchAction","target":{"@type":"EntryPoint","urlTemplate":"https:\/\/hobstop.ee\/lv\/?s={search_term_string}"},"query-input":{"@type":"PropertyValueSpecification","valueRequired":true,"valueName":"search_term_string"}}],"inLanguage":"lv-LV"},{"@type":"Organization","@id":"https:\/\/hobstop.ee\/lv\/#organization","name":"Vunder AS","url":"https:\/\/hobstop.ee\/lv\/","logo":{"@type":"ImageObject","inLanguage":"lv-LV","@id":"https:\/\/hobstop.ee\/lv\/#\/schema\/logo\/image\/","url":"https:\/\/hobstop.ee\/media\/vunder-logo.png","contentUrl":"https:\/\/hobstop.ee\/media\/vunder-logo.png","width":127,"height":55,"caption":"Vunder AS"},"image":{"@id":"https:\/\/hobstop.ee\/lv\/#\/schema\/logo\/image\/"},"sameAs":["http:\/\/www.facebook.com\/VunderSkizze"]}]}},"_links":{"self":[{"href":"https:\/\/hobstop.ee\/lv\/wp-json\/wp\/v2\/product\/236067","targetHints":{"allow":["GET"]}}],"collection":[{"href":"https:\/\/hobstop.ee\/lv\/wp-json\/wp\/v2\/product"}],"about":[{"href":"https:\/\/hobstop.ee\/lv\/wp-json\/wp\/v2\/types\/product"}],"replies":[{"embeddable":true,"href":"https:\/\/hobstop.ee\/lv\/wp-json\/wp\/v2\/comments?post=236067"}],"wp:featuredmedia":[{"embeddable":true,"href":"https:\/\/hobstop.ee\/lv\/wp-json\/wp\/v2\/media\/236247"}],"wp:attachment":[{"href":"https:\/\/hobstop.ee\/lv\/wp-json\/wp\/v2\/media?parent=236067"}],"wp:term":[{"taxonomy":"product_cat","embeddable":true,"href":"https:\/\/hobstop.ee\/lv\/wp-json\/wp\/v2\/product_cat?post=236067"},{"taxonomy":"product_tag","embeddable":true,"href":"https:\/\/hobstop.ee\/lv\/wp-json\/wp\/v2\/product_tag?post=236067"}],"curies":[{"name":"wp","href":"https:\/\/api.w.org\/{rel}","templated":true}]}}