{"id":236075,"date":"2015-11-06T10:38:56","date_gmt":"2015-11-06T08:38:56","guid":{"rendered":"https:\/\/sharks.ee\/vunder_2019\/lv\/product\/speciala-lime-aleenes-leather-and-suede\/"},"modified":"2015-11-06T10:38:56","modified_gmt":"2015-11-06T08:38:56","slug":"speciala-lime-aleenes-leather-and-suede","status":"publish","type":"product","link":"https:\/\/hobstop.ee\/lv\/produkts\/speciala-lime-aleenes-leather-and-suede\/","title":{"rendered":"Speci\u0101l\u0101 l\u012bme Aleene&#8217;s Leather and Suede"},"content":{"rendered":"<p>\u0160\u012b l\u012bme notur\u012bgi sal\u012bm\u0113 \u0101du, zam\u0161\u0101du, b\u0101rkstis un p\u0113rl\u012btes pie \u0101das. No\u017e\u016bstot paliek caursp\u012bd\u012bga un elast\u012bga, lieliski izmantojama \u0101das labo\u0161anas darbos. T\u012br\u012bt tikai \u0101das \u0137\u012bmisk\u0101s t\u012br\u012b\u0161anas re\u017e\u012bm\u0101.<\/p>\n","protected":false},"excerpt":{"rendered":"<p>\u0160\u012b l\u012bme notur\u012bgi sal\u012bm\u0113 \u0101du, zam\u0161\u0101du, b\u0101rkstis un p\u0113rl\u012btes pie \u0101das. No\u017e\u016bstot paliek caursp\u012bd\u012bga un elast\u012bga, lieliski izmantojama \u0101das labo\u0161anas darbos. T\u012br\u012bt tikai \u0101das \u0137\u012bmisk\u0101s t\u012br\u012b\u0161anas re\u017e\u012bm\u0101.<\/p>\n","protected":false},"featured_media":236251,"comment_status":"closed","ping_status":"closed","template":"","meta":{"_acf_changed":false,"ep_exclude_from_search":false},"product_cat":[17918,19846,19855],"product_tag":[],"class_list":{"0":"post-236075","1":"product","2":"type-product","3":"status-publish","4":"has-post-thumbnail","6":"product_cat-preces-hobijiem","7":"product_cat-rokdarbu-limes","8":"product_cat-specialas-limes","10":"first","11":"instock","12":"taxable","13":"shipping-taxable","14":"purchasable","15":"product-type-simple"},"acf":[],"yoast_head":"<!-- This site is optimized with the Yoast SEO plugin v24.1 - https:\/\/yoast.com\/wordpress\/plugins\/seo\/ -->\n<title>Speci\u0101l\u0101 l\u012bme Aleene&#039;s Leather and Suede &#8211; Skizze<\/title>\n<meta name=\"robots\" content=\"noindex, follow, max-snippet:-1, max-image-preview:large, max-video-preview:-1\" \/>\n<meta property=\"og:locale\" content=\"lv_LV\" \/>\n<meta property=\"og:type\" content=\"article\" \/>\n<meta property=\"og:title\" content=\"Speci\u0101l\u0101 l\u012bme Aleene&#039;s Leather and Suede &#8211; Skizze\" \/>\n<meta property=\"og:description\" content=\"\u0160\u012b l\u012bme notur\u012bgi sal\u012bm\u0113 \u0101du, zam\u0161\u0101du, b\u0101rkstis un p\u0113rl\u012btes pie \u0101das. No\u017e\u016bstot paliek caursp\u012bd\u012bga un elast\u012bga, lieliski izmantojama \u0101das labo\u0161anas darbos. T\u012br\u012bt tikai \u0101das \u0137\u012bmisk\u0101s t\u012br\u012b\u0161anas re\u017e\u012bm\u0101.\" \/>\n<meta property=\"og:url\" content=\"https:\/\/hobstop.ee\/lv\/produkts\/speciala-lime-aleenes-leather-and-suede\/\" \/>\n<meta property=\"og:site_name\" content=\"Skizze\" \/>\n<meta property=\"article:publisher\" content=\"http:\/\/www.facebook.com\/VunderSkizze\" \/>\n<meta property=\"og:image\" content=\"https:\/\/hobstop.ee\/media\/4074.jpg\" \/>\n\t<meta property=\"og:image:width\" content=\"1024\" \/>\n\t<meta property=\"og:image:height\" content=\"768\" \/>\n\t<meta property=\"og:image:type\" content=\"image\/jpeg\" \/>\n<meta name=\"twitter:card\" content=\"summary_large_image\" \/>\n<script type=\"application\/ld+json\" class=\"yoast-schema-graph\">{\"@context\":\"https:\/\/schema.org\",\"@graph\":[{\"@type\":\"WebPage\",\"@id\":\"https:\/\/hobstop.ee\/lv\/produkts\/speciala-lime-aleenes-leather-and-suede\/\",\"url\":\"https:\/\/hobstop.ee\/lv\/produkts\/speciala-lime-aleenes-leather-and-suede\/\",\"name\":\"Speci\u0101l\u0101 l\u012bme Aleene's Leather and Suede &#8211; Skizze\",\"isPartOf\":{\"@id\":\"https:\/\/hobstop.ee\/lv\/#website\"},\"primaryImageOfPage\":{\"@id\":\"https:\/\/hobstop.ee\/lv\/produkts\/speciala-lime-aleenes-leather-and-suede\/#primaryimage\"},\"image\":{\"@id\":\"https:\/\/hobstop.ee\/lv\/produkts\/speciala-lime-aleenes-leather-and-suede\/#primaryimage\"},\"thumbnailUrl\":\"https:\/\/hobstop.ee\/media\/4074.jpg\",\"datePublished\":\"2015-11-06T08:38:56+00:00\",\"dateModified\":\"2015-11-06T08:38:56+00:00\",\"breadcrumb\":{\"@id\":\"https:\/\/hobstop.ee\/lv\/produkts\/speciala-lime-aleenes-leather-and-suede\/#breadcrumb\"},\"inLanguage\":\"lv-LV\",\"potentialAction\":[{\"@type\":\"ReadAction\",\"target\":[\"https:\/\/hobstop.ee\/lv\/produkts\/speciala-lime-aleenes-leather-and-suede\/\"]}]},{\"@type\":\"ImageObject\",\"inLanguage\":\"lv-LV\",\"@id\":\"https:\/\/hobstop.ee\/lv\/produkts\/speciala-lime-aleenes-leather-and-suede\/#primaryimage\",\"url\":\"https:\/\/hobstop.ee\/media\/4074.jpg\",\"contentUrl\":\"https:\/\/hobstop.ee\/media\/4074.jpg\",\"width\":1024,\"height\":768},{\"@type\":\"BreadcrumbList\",\"@id\":\"https:\/\/hobstop.ee\/lv\/produkts\/speciala-lime-aleenes-leather-and-suede\/#breadcrumb\",\"itemListElement\":[{\"@type\":\"ListItem\",\"position\":1,\"name\":\"Avaleht\",\"item\":\"https:\/\/hobstop.ee\/lv\/\"},{\"@type\":\"ListItem\",\"position\":2,\"name\":\"Veikals\",\"item\":\"https:\/\/hobstop.ee\/lv\/veikals\/\"},{\"@type\":\"ListItem\",\"position\":3,\"name\":\"Speci\u0101l\u0101 l\u012bme Aleene&#8217;s Leather and Suede\"}]},{\"@type\":\"WebSite\",\"@id\":\"https:\/\/hobstop.ee\/lv\/#website\",\"url\":\"https:\/\/hobstop.ee\/lv\/\",\"name\":\"Skizze\",\"description\":\"M\u0101kslas, hobiju un skolas preces\",\"publisher\":{\"@id\":\"https:\/\/hobstop.ee\/lv\/#organization\"},\"potentialAction\":[{\"@type\":\"SearchAction\",\"target\":{\"@type\":\"EntryPoint\",\"urlTemplate\":\"https:\/\/hobstop.ee\/lv\/?s={search_term_string}\"},\"query-input\":{\"@type\":\"PropertyValueSpecification\",\"valueRequired\":true,\"valueName\":\"search_term_string\"}}],\"inLanguage\":\"lv-LV\"},{\"@type\":\"Organization\",\"@id\":\"https:\/\/hobstop.ee\/lv\/#organization\",\"name\":\"Vunder AS\",\"url\":\"https:\/\/hobstop.ee\/lv\/\",\"logo\":{\"@type\":\"ImageObject\",\"inLanguage\":\"lv-LV\",\"@id\":\"https:\/\/hobstop.ee\/lv\/#\/schema\/logo\/image\/\",\"url\":\"https:\/\/hobstop.ee\/media\/vunder-logo.png\",\"contentUrl\":\"https:\/\/hobstop.ee\/media\/vunder-logo.png\",\"width\":127,\"height\":55,\"caption\":\"Vunder AS\"},\"image\":{\"@id\":\"https:\/\/hobstop.ee\/lv\/#\/schema\/logo\/image\/\"},\"sameAs\":[\"http:\/\/www.facebook.com\/VunderSkizze\"]}]}<\/script>\n<!-- \/ Yoast SEO plugin. -->","yoast_head_json":{"title":"Speci\u0101l\u0101 l\u012bme Aleene's Leather and Suede &#8211; Skizze","robots":{"index":"noindex","follow":"follow","max-snippet":"max-snippet:-1","max-image-preview":"max-image-preview:large","max-video-preview":"max-video-preview:-1"},"og_locale":"lv_LV","og_type":"article","og_title":"Speci\u0101l\u0101 l\u012bme Aleene's Leather and Suede &#8211; Skizze","og_description":"\u0160\u012b l\u012bme notur\u012bgi sal\u012bm\u0113 \u0101du, zam\u0161\u0101du, b\u0101rkstis un p\u0113rl\u012btes pie \u0101das. No\u017e\u016bstot paliek caursp\u012bd\u012bga un elast\u012bga, lieliski izmantojama \u0101das labo\u0161anas darbos. T\u012br\u012bt tikai \u0101das \u0137\u012bmisk\u0101s t\u012br\u012b\u0161anas re\u017e\u012bm\u0101.","og_url":"https:\/\/hobstop.ee\/lv\/produkts\/speciala-lime-aleenes-leather-and-suede\/","og_site_name":"Skizze","article_publisher":"http:\/\/www.facebook.com\/VunderSkizze","og_image":[{"width":1024,"height":768,"url":"https:\/\/hobstop.ee\/media\/4074.jpg","type":"image\/jpeg"}],"twitter_card":"summary_large_image","schema":{"@context":"https:\/\/schema.org","@graph":[{"@type":"WebPage","@id":"https:\/\/hobstop.ee\/lv\/produkts\/speciala-lime-aleenes-leather-and-suede\/","url":"https:\/\/hobstop.ee\/lv\/produkts\/speciala-lime-aleenes-leather-and-suede\/","name":"Speci\u0101l\u0101 l\u012bme Aleene's Leather and Suede &#8211; Skizze","isPartOf":{"@id":"https:\/\/hobstop.ee\/lv\/#website"},"primaryImageOfPage":{"@id":"https:\/\/hobstop.ee\/lv\/produkts\/speciala-lime-aleenes-leather-and-suede\/#primaryimage"},"image":{"@id":"https:\/\/hobstop.ee\/lv\/produkts\/speciala-lime-aleenes-leather-and-suede\/#primaryimage"},"thumbnailUrl":"https:\/\/hobstop.ee\/media\/4074.jpg","datePublished":"2015-11-06T08:38:56+00:00","dateModified":"2015-11-06T08:38:56+00:00","breadcrumb":{"@id":"https:\/\/hobstop.ee\/lv\/produkts\/speciala-lime-aleenes-leather-and-suede\/#breadcrumb"},"inLanguage":"lv-LV","potentialAction":[{"@type":"ReadAction","target":["https:\/\/hobstop.ee\/lv\/produkts\/speciala-lime-aleenes-leather-and-suede\/"]}]},{"@type":"ImageObject","inLanguage":"lv-LV","@id":"https:\/\/hobstop.ee\/lv\/produkts\/speciala-lime-aleenes-leather-and-suede\/#primaryimage","url":"https:\/\/hobstop.ee\/media\/4074.jpg","contentUrl":"https:\/\/hobstop.ee\/media\/4074.jpg","width":1024,"height":768},{"@type":"BreadcrumbList","@id":"https:\/\/hobstop.ee\/lv\/produkts\/speciala-lime-aleenes-leather-and-suede\/#breadcrumb","itemListElement":[{"@type":"ListItem","position":1,"name":"Avaleht","item":"https:\/\/hobstop.ee\/lv\/"},{"@type":"ListItem","position":2,"name":"Veikals","item":"https:\/\/hobstop.ee\/lv\/veikals\/"},{"@type":"ListItem","position":3,"name":"Speci\u0101l\u0101 l\u012bme Aleene&#8217;s Leather and Suede"}]},{"@type":"WebSite","@id":"https:\/\/hobstop.ee\/lv\/#website","url":"https:\/\/hobstop.ee\/lv\/","name":"Skizze","description":"M\u0101kslas, hobiju un skolas preces","publisher":{"@id":"https:\/\/hobstop.ee\/lv\/#organization"},"potentialAction":[{"@type":"SearchAction","target":{"@type":"EntryPoint","urlTemplate":"https:\/\/hobstop.ee\/lv\/?s={search_term_string}"},"query-input":{"@type":"PropertyValueSpecification","valueRequired":true,"valueName":"search_term_string"}}],"inLanguage":"lv-LV"},{"@type":"Organization","@id":"https:\/\/hobstop.ee\/lv\/#organization","name":"Vunder AS","url":"https:\/\/hobstop.ee\/lv\/","logo":{"@type":"ImageObject","inLanguage":"lv-LV","@id":"https:\/\/hobstop.ee\/lv\/#\/schema\/logo\/image\/","url":"https:\/\/hobstop.ee\/media\/vunder-logo.png","contentUrl":"https:\/\/hobstop.ee\/media\/vunder-logo.png","width":127,"height":55,"caption":"Vunder AS"},"image":{"@id":"https:\/\/hobstop.ee\/lv\/#\/schema\/logo\/image\/"},"sameAs":["http:\/\/www.facebook.com\/VunderSkizze"]}]}},"_links":{"self":[{"href":"https:\/\/hobstop.ee\/lv\/wp-json\/wp\/v2\/product\/236075","targetHints":{"allow":["GET"]}}],"collection":[{"href":"https:\/\/hobstop.ee\/lv\/wp-json\/wp\/v2\/product"}],"about":[{"href":"https:\/\/hobstop.ee\/lv\/wp-json\/wp\/v2\/types\/product"}],"replies":[{"embeddable":true,"href":"https:\/\/hobstop.ee\/lv\/wp-json\/wp\/v2\/comments?post=236075"}],"wp:featuredmedia":[{"embeddable":true,"href":"https:\/\/hobstop.ee\/lv\/wp-json\/wp\/v2\/media\/236251"}],"wp:attachment":[{"href":"https:\/\/hobstop.ee\/lv\/wp-json\/wp\/v2\/media?parent=236075"}],"wp:term":[{"taxonomy":"product_cat","embeddable":true,"href":"https:\/\/hobstop.ee\/lv\/wp-json\/wp\/v2\/product_cat?post=236075"},{"taxonomy":"product_tag","embeddable":true,"href":"https:\/\/hobstop.ee\/lv\/wp-json\/wp\/v2\/product_tag?post=236075"}],"curies":[{"name":"wp","href":"https:\/\/api.w.org\/{rel}","templated":true}]}}