{"id":236079,"date":"2015-11-06T10:38:58","date_gmt":"2015-11-06T08:38:58","guid":{"rendered":"https:\/\/sharks.ee\/vunder_2019\/lv\/product\/speciala-lime-aleenes-foamtastic\/"},"modified":"2015-11-06T10:38:58","modified_gmt":"2015-11-06T08:38:58","slug":"speciala-lime-aleenes-foamtastic","status":"publish","type":"product","link":"https:\/\/hobstop.ee\/lv\/produkts\/speciala-lime-aleenes-foamtastic\/","title":{"rendered":"Speci\u0101l\u0101 l\u012bme Aleene&#8217;s Foamtastic"},"content":{"rendered":"<p>Aleene\u2019s Foamtastic sal\u012bm\u0113 liel\u0101ko da\u013cu polistirola veidu. Var izmantot, l\u012bm\u0113jot ar\u012b da\u017e\u0101dus rot\u0101jumus pie polistirola. Veido sa\u0137eri nekav\u0113jo\u0161i, tom\u0113r ir iesp\u0113ja p\u0101rvietot objektus, ja nepiecie\u0161ams. Ieteicams izmantot darb\u0101 ar rokdarbu polistirolu, floristu polistirolu, m\u0101ksl\u012bgajiem d\u0101rgakme\u0146iem, p\u0113rl\u012bt\u0113m, pog\u0101m, rot\u0101jumiem, s\u0113kl\u0101m, dabas materi\u0101liem un ziediem.<\/p>\n","protected":false},"excerpt":{"rendered":"<p>Aleene\u2019s Foamtastic sal\u012bm\u0113 liel\u0101ko da\u013cu polistirola veidu. Var izmantot, l\u012bm\u0113jot ar\u012b da\u017e\u0101dus rot\u0101jumus pie polistirola. Veido sa\u0137eri nekav\u0113jo\u0161i, tom\u0113r ir iesp\u0113ja p\u0101rvietot objektus, ja nepiecie\u0161ams. Ieteicams izmantot darb\u0101 ar rokdarbu polistirolu, floristu polistirolu, m\u0101ksl\u012bgajiem d\u0101rgakme\u0146iem, p\u0113rl\u012bt\u0113m, pog\u0101m, rot\u0101jumiem, s\u0113kl\u0101m, dabas materi\u0101liem un ziediem.<\/p>\n","protected":false},"featured_media":236255,"comment_status":"closed","ping_status":"closed","template":"","meta":{"_acf_changed":false,"ep_exclude_from_search":false},"product_cat":[17918,19846,19855],"product_tag":[],"class_list":{"0":"post-236079","1":"product","2":"type-product","3":"status-publish","4":"has-post-thumbnail","6":"product_cat-preces-hobijiem","7":"product_cat-rokdarbu-limes","8":"product_cat-specialas-limes","10":"first","11":"instock","12":"taxable","13":"shipping-taxable","14":"purchasable","15":"product-type-simple"},"acf":[],"yoast_head":"<!-- This site is optimized with the Yoast SEO plugin v24.1 - https:\/\/yoast.com\/wordpress\/plugins\/seo\/ -->\n<title>Speci\u0101l\u0101 l\u012bme Aleene&#039;s Foamtastic &#8211; Skizze<\/title>\n<meta name=\"robots\" content=\"noindex, follow, max-snippet:-1, max-image-preview:large, max-video-preview:-1\" \/>\n<meta property=\"og:locale\" content=\"lv_LV\" \/>\n<meta property=\"og:type\" content=\"article\" \/>\n<meta property=\"og:title\" content=\"Speci\u0101l\u0101 l\u012bme Aleene&#039;s Foamtastic &#8211; Skizze\" \/>\n<meta property=\"og:description\" content=\"Aleene\u2019s Foamtastic sal\u012bm\u0113 liel\u0101ko da\u013cu polistirola veidu. Var izmantot, l\u012bm\u0113jot ar\u012b da\u017e\u0101dus rot\u0101jumus pie polistirola. Veido sa\u0137eri nekav\u0113jo\u0161i, tom\u0113r ir iesp\u0113ja p\u0101rvietot objektus, ja nepiecie\u0161ams. Ieteicams izmantot darb\u0101 ar rokdarbu polistirolu, floristu polistirolu, m\u0101ksl\u012bgajiem d\u0101rgakme\u0146iem, p\u0113rl\u012bt\u0113m, pog\u0101m, rot\u0101jumiem, s\u0113kl\u0101m, dabas materi\u0101liem un ziediem.\" \/>\n<meta property=\"og:url\" content=\"https:\/\/hobstop.ee\/lv\/produkts\/speciala-lime-aleenes-foamtastic\/\" \/>\n<meta property=\"og:site_name\" content=\"Skizze\" \/>\n<meta property=\"article:publisher\" content=\"http:\/\/www.facebook.com\/VunderSkizze\" \/>\n<meta property=\"og:image\" content=\"https:\/\/hobstop.ee\/media\/4075.jpg\" \/>\n\t<meta property=\"og:image:width\" content=\"1024\" \/>\n\t<meta property=\"og:image:height\" content=\"768\" \/>\n\t<meta property=\"og:image:type\" content=\"image\/jpeg\" \/>\n<meta name=\"twitter:card\" content=\"summary_large_image\" \/>\n<script type=\"application\/ld+json\" class=\"yoast-schema-graph\">{\"@context\":\"https:\/\/schema.org\",\"@graph\":[{\"@type\":\"WebPage\",\"@id\":\"https:\/\/hobstop.ee\/lv\/produkts\/speciala-lime-aleenes-foamtastic\/\",\"url\":\"https:\/\/hobstop.ee\/lv\/produkts\/speciala-lime-aleenes-foamtastic\/\",\"name\":\"Speci\u0101l\u0101 l\u012bme Aleene's Foamtastic &#8211; Skizze\",\"isPartOf\":{\"@id\":\"https:\/\/hobstop.ee\/lv\/#website\"},\"primaryImageOfPage\":{\"@id\":\"https:\/\/hobstop.ee\/lv\/produkts\/speciala-lime-aleenes-foamtastic\/#primaryimage\"},\"image\":{\"@id\":\"https:\/\/hobstop.ee\/lv\/produkts\/speciala-lime-aleenes-foamtastic\/#primaryimage\"},\"thumbnailUrl\":\"https:\/\/hobstop.ee\/media\/4075.jpg\",\"datePublished\":\"2015-11-06T08:38:58+00:00\",\"dateModified\":\"2015-11-06T08:38:58+00:00\",\"breadcrumb\":{\"@id\":\"https:\/\/hobstop.ee\/lv\/produkts\/speciala-lime-aleenes-foamtastic\/#breadcrumb\"},\"inLanguage\":\"lv-LV\",\"potentialAction\":[{\"@type\":\"ReadAction\",\"target\":[\"https:\/\/hobstop.ee\/lv\/produkts\/speciala-lime-aleenes-foamtastic\/\"]}]},{\"@type\":\"ImageObject\",\"inLanguage\":\"lv-LV\",\"@id\":\"https:\/\/hobstop.ee\/lv\/produkts\/speciala-lime-aleenes-foamtastic\/#primaryimage\",\"url\":\"https:\/\/hobstop.ee\/media\/4075.jpg\",\"contentUrl\":\"https:\/\/hobstop.ee\/media\/4075.jpg\",\"width\":1024,\"height\":768},{\"@type\":\"BreadcrumbList\",\"@id\":\"https:\/\/hobstop.ee\/lv\/produkts\/speciala-lime-aleenes-foamtastic\/#breadcrumb\",\"itemListElement\":[{\"@type\":\"ListItem\",\"position\":1,\"name\":\"Avaleht\",\"item\":\"https:\/\/www.hobstop.ee\/lv\/\"},{\"@type\":\"ListItem\",\"position\":2,\"name\":\"Veikals\",\"item\":\"https:\/\/www.hobstop.ee\/lv\/veikals\/\"},{\"@type\":\"ListItem\",\"position\":3,\"name\":\"Speci\u0101l\u0101 l\u012bme Aleene&#8217;s Foamtastic\"}]},{\"@type\":\"WebSite\",\"@id\":\"https:\/\/hobstop.ee\/lv\/#website\",\"url\":\"https:\/\/hobstop.ee\/lv\/\",\"name\":\"Skizze\",\"description\":\"M\u0101kslas, hobiju un skolas preces\",\"publisher\":{\"@id\":\"https:\/\/hobstop.ee\/lv\/#organization\"},\"potentialAction\":[{\"@type\":\"SearchAction\",\"target\":{\"@type\":\"EntryPoint\",\"urlTemplate\":\"https:\/\/hobstop.ee\/lv\/?s={search_term_string}\"},\"query-input\":{\"@type\":\"PropertyValueSpecification\",\"valueRequired\":true,\"valueName\":\"search_term_string\"}}],\"inLanguage\":\"lv-LV\"},{\"@type\":\"Organization\",\"@id\":\"https:\/\/hobstop.ee\/lv\/#organization\",\"name\":\"Vunder AS\",\"url\":\"https:\/\/hobstop.ee\/lv\/\",\"logo\":{\"@type\":\"ImageObject\",\"inLanguage\":\"lv-LV\",\"@id\":\"https:\/\/hobstop.ee\/lv\/#\/schema\/logo\/image\/\",\"url\":\"https:\/\/hobstop.ee\/media\/vunder-logo.png\",\"contentUrl\":\"https:\/\/hobstop.ee\/media\/vunder-logo.png\",\"width\":127,\"height\":55,\"caption\":\"Vunder AS\"},\"image\":{\"@id\":\"https:\/\/hobstop.ee\/lv\/#\/schema\/logo\/image\/\"},\"sameAs\":[\"http:\/\/www.facebook.com\/VunderSkizze\"]}]}<\/script>\n<!-- \/ Yoast SEO plugin. -->","yoast_head_json":{"title":"Speci\u0101l\u0101 l\u012bme Aleene's Foamtastic &#8211; Skizze","robots":{"index":"noindex","follow":"follow","max-snippet":"max-snippet:-1","max-image-preview":"max-image-preview:large","max-video-preview":"max-video-preview:-1"},"og_locale":"lv_LV","og_type":"article","og_title":"Speci\u0101l\u0101 l\u012bme Aleene's Foamtastic &#8211; Skizze","og_description":"Aleene\u2019s Foamtastic sal\u012bm\u0113 liel\u0101ko da\u013cu polistirola veidu. Var izmantot, l\u012bm\u0113jot ar\u012b da\u017e\u0101dus rot\u0101jumus pie polistirola. Veido sa\u0137eri nekav\u0113jo\u0161i, tom\u0113r ir iesp\u0113ja p\u0101rvietot objektus, ja nepiecie\u0161ams. Ieteicams izmantot darb\u0101 ar rokdarbu polistirolu, floristu polistirolu, m\u0101ksl\u012bgajiem d\u0101rgakme\u0146iem, p\u0113rl\u012bt\u0113m, pog\u0101m, rot\u0101jumiem, s\u0113kl\u0101m, dabas materi\u0101liem un ziediem.","og_url":"https:\/\/hobstop.ee\/lv\/produkts\/speciala-lime-aleenes-foamtastic\/","og_site_name":"Skizze","article_publisher":"http:\/\/www.facebook.com\/VunderSkizze","og_image":[{"width":1024,"height":768,"url":"https:\/\/hobstop.ee\/media\/4075.jpg","type":"image\/jpeg"}],"twitter_card":"summary_large_image","schema":{"@context":"https:\/\/schema.org","@graph":[{"@type":"WebPage","@id":"https:\/\/hobstop.ee\/lv\/produkts\/speciala-lime-aleenes-foamtastic\/","url":"https:\/\/hobstop.ee\/lv\/produkts\/speciala-lime-aleenes-foamtastic\/","name":"Speci\u0101l\u0101 l\u012bme Aleene's Foamtastic &#8211; Skizze","isPartOf":{"@id":"https:\/\/hobstop.ee\/lv\/#website"},"primaryImageOfPage":{"@id":"https:\/\/hobstop.ee\/lv\/produkts\/speciala-lime-aleenes-foamtastic\/#primaryimage"},"image":{"@id":"https:\/\/hobstop.ee\/lv\/produkts\/speciala-lime-aleenes-foamtastic\/#primaryimage"},"thumbnailUrl":"https:\/\/hobstop.ee\/media\/4075.jpg","datePublished":"2015-11-06T08:38:58+00:00","dateModified":"2015-11-06T08:38:58+00:00","breadcrumb":{"@id":"https:\/\/hobstop.ee\/lv\/produkts\/speciala-lime-aleenes-foamtastic\/#breadcrumb"},"inLanguage":"lv-LV","potentialAction":[{"@type":"ReadAction","target":["https:\/\/hobstop.ee\/lv\/produkts\/speciala-lime-aleenes-foamtastic\/"]}]},{"@type":"ImageObject","inLanguage":"lv-LV","@id":"https:\/\/hobstop.ee\/lv\/produkts\/speciala-lime-aleenes-foamtastic\/#primaryimage","url":"https:\/\/hobstop.ee\/media\/4075.jpg","contentUrl":"https:\/\/hobstop.ee\/media\/4075.jpg","width":1024,"height":768},{"@type":"BreadcrumbList","@id":"https:\/\/hobstop.ee\/lv\/produkts\/speciala-lime-aleenes-foamtastic\/#breadcrumb","itemListElement":[{"@type":"ListItem","position":1,"name":"Avaleht","item":"https:\/\/www.hobstop.ee\/lv\/"},{"@type":"ListItem","position":2,"name":"Veikals","item":"https:\/\/www.hobstop.ee\/lv\/veikals\/"},{"@type":"ListItem","position":3,"name":"Speci\u0101l\u0101 l\u012bme Aleene&#8217;s Foamtastic"}]},{"@type":"WebSite","@id":"https:\/\/hobstop.ee\/lv\/#website","url":"https:\/\/hobstop.ee\/lv\/","name":"Skizze","description":"M\u0101kslas, hobiju un skolas preces","publisher":{"@id":"https:\/\/hobstop.ee\/lv\/#organization"},"potentialAction":[{"@type":"SearchAction","target":{"@type":"EntryPoint","urlTemplate":"https:\/\/hobstop.ee\/lv\/?s={search_term_string}"},"query-input":{"@type":"PropertyValueSpecification","valueRequired":true,"valueName":"search_term_string"}}],"inLanguage":"lv-LV"},{"@type":"Organization","@id":"https:\/\/hobstop.ee\/lv\/#organization","name":"Vunder AS","url":"https:\/\/hobstop.ee\/lv\/","logo":{"@type":"ImageObject","inLanguage":"lv-LV","@id":"https:\/\/hobstop.ee\/lv\/#\/schema\/logo\/image\/","url":"https:\/\/hobstop.ee\/media\/vunder-logo.png","contentUrl":"https:\/\/hobstop.ee\/media\/vunder-logo.png","width":127,"height":55,"caption":"Vunder AS"},"image":{"@id":"https:\/\/hobstop.ee\/lv\/#\/schema\/logo\/image\/"},"sameAs":["http:\/\/www.facebook.com\/VunderSkizze"]}]}},"_links":{"self":[{"href":"https:\/\/hobstop.ee\/lv\/wp-json\/wp\/v2\/product\/236079","targetHints":{"allow":["GET"]}}],"collection":[{"href":"https:\/\/hobstop.ee\/lv\/wp-json\/wp\/v2\/product"}],"about":[{"href":"https:\/\/hobstop.ee\/lv\/wp-json\/wp\/v2\/types\/product"}],"replies":[{"embeddable":true,"href":"https:\/\/hobstop.ee\/lv\/wp-json\/wp\/v2\/comments?post=236079"}],"wp:featuredmedia":[{"embeddable":true,"href":"https:\/\/hobstop.ee\/lv\/wp-json\/wp\/v2\/media\/236255"}],"wp:attachment":[{"href":"https:\/\/hobstop.ee\/lv\/wp-json\/wp\/v2\/media?parent=236079"}],"wp:term":[{"taxonomy":"product_cat","embeddable":true,"href":"https:\/\/hobstop.ee\/lv\/wp-json\/wp\/v2\/product_cat?post=236079"},{"taxonomy":"product_tag","embeddable":true,"href":"https:\/\/hobstop.ee\/lv\/wp-json\/wp\/v2\/product_tag?post=236079"}],"curies":[{"name":"wp","href":"https:\/\/api.w.org\/{rel}","templated":true}]}}