{"id":236083,"date":"2015-11-06T10:38:59","date_gmt":"2015-11-06T08:38:59","guid":{"rendered":"https:\/\/sharks.ee\/vunder_2019\/lv\/product\/rupnieciska-lime-aleenes-platinum-bond-super-fabric\/"},"modified":"2015-11-06T10:38:59","modified_gmt":"2015-11-06T08:38:59","slug":"rupnieciska-lime-aleenes-platinum-bond-super-fabric","status":"publish","type":"product","link":"https:\/\/hobstop.ee\/lv\/produkts\/rupnieciska-lime-aleenes-platinum-bond-super-fabric\/","title":{"rendered":"R\u016bpniecisk\u0101 l\u012bme Aleene&#8217;s Platinum Bond Super Fabric"},"content":{"rendered":"<p>Aleene\u2019s Platinum Bond Super Fabric Textile Adhesive ir r\u016bpnieciskas iztur\u012bbas l\u012bme audumu un gr\u016bti savienojamu rot\u0101jumu l\u012bm\u0113\u0161anai. Autom\u0101tiski mazg\u0101jams un \u017e\u0101v\u0113jams. No\u017e\u016bstot paliek caursp\u012bd\u012bga un elast\u012bga. Izmantot ar filcu, \u0101du, d\u017einsu, audeklu, sat\u012bnu, m\u0101ksl\u012bgajiem d\u0101rgakme\u0146iem, pog\u0101m, p\u0113rl\u012bt\u0113m, me\u017e\u0123\u012bn\u0113m un piekari\u0146iem.<\/p>\n","protected":false},"excerpt":{"rendered":"<p>Aleene\u2019s Platinum Bond Super Fabric Textile Adhesive ir r\u016bpnieciskas iztur\u012bbas l\u012bme audumu un gr\u016bti savienojamu rot\u0101jumu l\u012bm\u0113\u0161anai. Autom\u0101tiski mazg\u0101jams un \u017e\u0101v\u0113jams. No\u017e\u016bstot paliek caursp\u012bd\u012bga un elast\u012bga. Izmantot ar filcu, \u0101du, d\u017einsu, audeklu, sat\u012bnu, m\u0101ksl\u012bgajiem d\u0101rgakme\u0146iem, pog\u0101m, p\u0113rl\u012bt\u0113m, me\u017e\u0123\u012bn\u0113m un piekari\u0146iem.<\/p>\n","protected":false},"featured_media":236259,"comment_status":"closed","ping_status":"closed","template":"","meta":{"_acf_changed":false,"ep_exclude_from_search":false},"product_cat":[17918,19846,19858],"product_tag":[],"class_list":{"0":"post-236083","1":"product","2":"type-product","3":"status-publish","4":"has-post-thumbnail","6":"product_cat-preces-hobijiem","7":"product_cat-rokdarbu-limes","8":"product_cat-rupnieciskas-limes","10":"first","11":"instock","12":"taxable","13":"shipping-taxable","14":"purchasable","15":"product-type-simple"},"acf":[],"yoast_head":"<!-- This site is optimized with the Yoast SEO plugin v24.1 - https:\/\/yoast.com\/wordpress\/plugins\/seo\/ -->\n<title>R\u016bpniecisk\u0101 l\u012bme Aleene&#039;s Platinum Bond Super Fabric &#8211; Skizze<\/title>\n<meta name=\"robots\" content=\"noindex, follow, max-snippet:-1, max-image-preview:large, max-video-preview:-1\" \/>\n<meta property=\"og:locale\" content=\"lv_LV\" \/>\n<meta property=\"og:type\" content=\"article\" \/>\n<meta property=\"og:title\" content=\"R\u016bpniecisk\u0101 l\u012bme Aleene&#039;s Platinum Bond Super Fabric &#8211; Skizze\" \/>\n<meta property=\"og:description\" content=\"Aleene\u2019s Platinum Bond Super Fabric Textile Adhesive ir r\u016bpnieciskas iztur\u012bbas l\u012bme audumu un gr\u016bti savienojamu rot\u0101jumu l\u012bm\u0113\u0161anai. Autom\u0101tiski mazg\u0101jams un \u017e\u0101v\u0113jams. No\u017e\u016bstot paliek caursp\u012bd\u012bga un elast\u012bga. Izmantot ar filcu, \u0101du, d\u017einsu, audeklu, sat\u012bnu, m\u0101ksl\u012bgajiem d\u0101rgakme\u0146iem, pog\u0101m, p\u0113rl\u012bt\u0113m, me\u017e\u0123\u012bn\u0113m un piekari\u0146iem.\" \/>\n<meta property=\"og:url\" content=\"https:\/\/hobstop.ee\/lv\/produkts\/rupnieciska-lime-aleenes-platinum-bond-super-fabric\/\" \/>\n<meta property=\"og:site_name\" content=\"Skizze\" \/>\n<meta property=\"article:publisher\" content=\"http:\/\/www.facebook.com\/VunderSkizze\" \/>\n<meta property=\"og:image\" content=\"https:\/\/hobstop.ee\/media\/4076.jpg\" \/>\n\t<meta property=\"og:image:width\" content=\"1024\" \/>\n\t<meta property=\"og:image:height\" content=\"768\" \/>\n\t<meta property=\"og:image:type\" content=\"image\/jpeg\" \/>\n<meta name=\"twitter:card\" content=\"summary_large_image\" \/>\n<script type=\"application\/ld+json\" class=\"yoast-schema-graph\">{\"@context\":\"https:\/\/schema.org\",\"@graph\":[{\"@type\":\"WebPage\",\"@id\":\"https:\/\/hobstop.ee\/lv\/produkts\/rupnieciska-lime-aleenes-platinum-bond-super-fabric\/\",\"url\":\"https:\/\/hobstop.ee\/lv\/produkts\/rupnieciska-lime-aleenes-platinum-bond-super-fabric\/\",\"name\":\"R\u016bpniecisk\u0101 l\u012bme Aleene's Platinum Bond Super Fabric &#8211; Skizze\",\"isPartOf\":{\"@id\":\"https:\/\/hobstop.ee\/lv\/#website\"},\"primaryImageOfPage\":{\"@id\":\"https:\/\/hobstop.ee\/lv\/produkts\/rupnieciska-lime-aleenes-platinum-bond-super-fabric\/#primaryimage\"},\"image\":{\"@id\":\"https:\/\/hobstop.ee\/lv\/produkts\/rupnieciska-lime-aleenes-platinum-bond-super-fabric\/#primaryimage\"},\"thumbnailUrl\":\"https:\/\/hobstop.ee\/media\/4076.jpg\",\"datePublished\":\"2015-11-06T08:38:59+00:00\",\"dateModified\":\"2015-11-06T08:38:59+00:00\",\"breadcrumb\":{\"@id\":\"https:\/\/hobstop.ee\/lv\/produkts\/rupnieciska-lime-aleenes-platinum-bond-super-fabric\/#breadcrumb\"},\"inLanguage\":\"lv-LV\",\"potentialAction\":[{\"@type\":\"ReadAction\",\"target\":[\"https:\/\/hobstop.ee\/lv\/produkts\/rupnieciska-lime-aleenes-platinum-bond-super-fabric\/\"]}]},{\"@type\":\"ImageObject\",\"inLanguage\":\"lv-LV\",\"@id\":\"https:\/\/hobstop.ee\/lv\/produkts\/rupnieciska-lime-aleenes-platinum-bond-super-fabric\/#primaryimage\",\"url\":\"https:\/\/hobstop.ee\/media\/4076.jpg\",\"contentUrl\":\"https:\/\/hobstop.ee\/media\/4076.jpg\",\"width\":1024,\"height\":768},{\"@type\":\"BreadcrumbList\",\"@id\":\"https:\/\/hobstop.ee\/lv\/produkts\/rupnieciska-lime-aleenes-platinum-bond-super-fabric\/#breadcrumb\",\"itemListElement\":[{\"@type\":\"ListItem\",\"position\":1,\"name\":\"Avaleht\",\"item\":\"https:\/\/www.hobstop.ee\/lv\/\"},{\"@type\":\"ListItem\",\"position\":2,\"name\":\"Veikals\",\"item\":\"https:\/\/www.hobstop.ee\/lv\/veikals\/\"},{\"@type\":\"ListItem\",\"position\":3,\"name\":\"R\u016bpniecisk\u0101 l\u012bme Aleene&#8217;s Platinum Bond Super Fabric\"}]},{\"@type\":\"WebSite\",\"@id\":\"https:\/\/hobstop.ee\/lv\/#website\",\"url\":\"https:\/\/hobstop.ee\/lv\/\",\"name\":\"Skizze\",\"description\":\"M\u0101kslas, hobiju un skolas preces\",\"publisher\":{\"@id\":\"https:\/\/hobstop.ee\/lv\/#organization\"},\"potentialAction\":[{\"@type\":\"SearchAction\",\"target\":{\"@type\":\"EntryPoint\",\"urlTemplate\":\"https:\/\/hobstop.ee\/lv\/?s={search_term_string}\"},\"query-input\":{\"@type\":\"PropertyValueSpecification\",\"valueRequired\":true,\"valueName\":\"search_term_string\"}}],\"inLanguage\":\"lv-LV\"},{\"@type\":\"Organization\",\"@id\":\"https:\/\/hobstop.ee\/lv\/#organization\",\"name\":\"Vunder AS\",\"url\":\"https:\/\/hobstop.ee\/lv\/\",\"logo\":{\"@type\":\"ImageObject\",\"inLanguage\":\"lv-LV\",\"@id\":\"https:\/\/hobstop.ee\/lv\/#\/schema\/logo\/image\/\",\"url\":\"https:\/\/hobstop.ee\/media\/vunder-logo.png\",\"contentUrl\":\"https:\/\/hobstop.ee\/media\/vunder-logo.png\",\"width\":127,\"height\":55,\"caption\":\"Vunder AS\"},\"image\":{\"@id\":\"https:\/\/hobstop.ee\/lv\/#\/schema\/logo\/image\/\"},\"sameAs\":[\"http:\/\/www.facebook.com\/VunderSkizze\"]}]}<\/script>\n<!-- \/ Yoast SEO plugin. -->","yoast_head_json":{"title":"R\u016bpniecisk\u0101 l\u012bme Aleene's Platinum Bond Super Fabric &#8211; Skizze","robots":{"index":"noindex","follow":"follow","max-snippet":"max-snippet:-1","max-image-preview":"max-image-preview:large","max-video-preview":"max-video-preview:-1"},"og_locale":"lv_LV","og_type":"article","og_title":"R\u016bpniecisk\u0101 l\u012bme Aleene's Platinum Bond Super Fabric &#8211; Skizze","og_description":"Aleene\u2019s Platinum Bond Super Fabric Textile Adhesive ir r\u016bpnieciskas iztur\u012bbas l\u012bme audumu un gr\u016bti savienojamu rot\u0101jumu l\u012bm\u0113\u0161anai. Autom\u0101tiski mazg\u0101jams un \u017e\u0101v\u0113jams. No\u017e\u016bstot paliek caursp\u012bd\u012bga un elast\u012bga. Izmantot ar filcu, \u0101du, d\u017einsu, audeklu, sat\u012bnu, m\u0101ksl\u012bgajiem d\u0101rgakme\u0146iem, pog\u0101m, p\u0113rl\u012bt\u0113m, me\u017e\u0123\u012bn\u0113m un piekari\u0146iem.","og_url":"https:\/\/hobstop.ee\/lv\/produkts\/rupnieciska-lime-aleenes-platinum-bond-super-fabric\/","og_site_name":"Skizze","article_publisher":"http:\/\/www.facebook.com\/VunderSkizze","og_image":[{"width":1024,"height":768,"url":"https:\/\/hobstop.ee\/media\/4076.jpg","type":"image\/jpeg"}],"twitter_card":"summary_large_image","schema":{"@context":"https:\/\/schema.org","@graph":[{"@type":"WebPage","@id":"https:\/\/hobstop.ee\/lv\/produkts\/rupnieciska-lime-aleenes-platinum-bond-super-fabric\/","url":"https:\/\/hobstop.ee\/lv\/produkts\/rupnieciska-lime-aleenes-platinum-bond-super-fabric\/","name":"R\u016bpniecisk\u0101 l\u012bme Aleene's Platinum Bond Super Fabric &#8211; Skizze","isPartOf":{"@id":"https:\/\/hobstop.ee\/lv\/#website"},"primaryImageOfPage":{"@id":"https:\/\/hobstop.ee\/lv\/produkts\/rupnieciska-lime-aleenes-platinum-bond-super-fabric\/#primaryimage"},"image":{"@id":"https:\/\/hobstop.ee\/lv\/produkts\/rupnieciska-lime-aleenes-platinum-bond-super-fabric\/#primaryimage"},"thumbnailUrl":"https:\/\/hobstop.ee\/media\/4076.jpg","datePublished":"2015-11-06T08:38:59+00:00","dateModified":"2015-11-06T08:38:59+00:00","breadcrumb":{"@id":"https:\/\/hobstop.ee\/lv\/produkts\/rupnieciska-lime-aleenes-platinum-bond-super-fabric\/#breadcrumb"},"inLanguage":"lv-LV","potentialAction":[{"@type":"ReadAction","target":["https:\/\/hobstop.ee\/lv\/produkts\/rupnieciska-lime-aleenes-platinum-bond-super-fabric\/"]}]},{"@type":"ImageObject","inLanguage":"lv-LV","@id":"https:\/\/hobstop.ee\/lv\/produkts\/rupnieciska-lime-aleenes-platinum-bond-super-fabric\/#primaryimage","url":"https:\/\/hobstop.ee\/media\/4076.jpg","contentUrl":"https:\/\/hobstop.ee\/media\/4076.jpg","width":1024,"height":768},{"@type":"BreadcrumbList","@id":"https:\/\/hobstop.ee\/lv\/produkts\/rupnieciska-lime-aleenes-platinum-bond-super-fabric\/#breadcrumb","itemListElement":[{"@type":"ListItem","position":1,"name":"Avaleht","item":"https:\/\/www.hobstop.ee\/lv\/"},{"@type":"ListItem","position":2,"name":"Veikals","item":"https:\/\/www.hobstop.ee\/lv\/veikals\/"},{"@type":"ListItem","position":3,"name":"R\u016bpniecisk\u0101 l\u012bme Aleene&#8217;s Platinum Bond Super Fabric"}]},{"@type":"WebSite","@id":"https:\/\/hobstop.ee\/lv\/#website","url":"https:\/\/hobstop.ee\/lv\/","name":"Skizze","description":"M\u0101kslas, hobiju un skolas preces","publisher":{"@id":"https:\/\/hobstop.ee\/lv\/#organization"},"potentialAction":[{"@type":"SearchAction","target":{"@type":"EntryPoint","urlTemplate":"https:\/\/hobstop.ee\/lv\/?s={search_term_string}"},"query-input":{"@type":"PropertyValueSpecification","valueRequired":true,"valueName":"search_term_string"}}],"inLanguage":"lv-LV"},{"@type":"Organization","@id":"https:\/\/hobstop.ee\/lv\/#organization","name":"Vunder AS","url":"https:\/\/hobstop.ee\/lv\/","logo":{"@type":"ImageObject","inLanguage":"lv-LV","@id":"https:\/\/hobstop.ee\/lv\/#\/schema\/logo\/image\/","url":"https:\/\/hobstop.ee\/media\/vunder-logo.png","contentUrl":"https:\/\/hobstop.ee\/media\/vunder-logo.png","width":127,"height":55,"caption":"Vunder AS"},"image":{"@id":"https:\/\/hobstop.ee\/lv\/#\/schema\/logo\/image\/"},"sameAs":["http:\/\/www.facebook.com\/VunderSkizze"]}]}},"_links":{"self":[{"href":"https:\/\/hobstop.ee\/lv\/wp-json\/wp\/v2\/product\/236083","targetHints":{"allow":["GET"]}}],"collection":[{"href":"https:\/\/hobstop.ee\/lv\/wp-json\/wp\/v2\/product"}],"about":[{"href":"https:\/\/hobstop.ee\/lv\/wp-json\/wp\/v2\/types\/product"}],"replies":[{"embeddable":true,"href":"https:\/\/hobstop.ee\/lv\/wp-json\/wp\/v2\/comments?post=236083"}],"wp:featuredmedia":[{"embeddable":true,"href":"https:\/\/hobstop.ee\/lv\/wp-json\/wp\/v2\/media\/236259"}],"wp:attachment":[{"href":"https:\/\/hobstop.ee\/lv\/wp-json\/wp\/v2\/media?parent=236083"}],"wp:term":[{"taxonomy":"product_cat","embeddable":true,"href":"https:\/\/hobstop.ee\/lv\/wp-json\/wp\/v2\/product_cat?post=236083"},{"taxonomy":"product_tag","embeddable":true,"href":"https:\/\/hobstop.ee\/lv\/wp-json\/wp\/v2\/product_tag?post=236083"}],"curies":[{"name":"wp","href":"https:\/\/api.w.org\/{rel}","templated":true}]}}