{"id":23638,"date":"2014-11-08T14:56:57","date_gmt":"2014-11-08T12:56:57","guid":{"rendered":"https:\/\/sharks.ee\/vunder_2019.klient.veebimajutus.ee\/?post_type=product&p=23638"},"modified":"2014-11-08T14:56:57","modified_gmt":"2014-11-08T11:56:57","slug":"plastilins-giotto-patplume-komplekts","status":"publish","type":"product","link":"https:\/\/hobstop.ee\/lv\/produkts\/plastilins-giotto-patplume-komplekts\/","title":{"rendered":"Plastil\u012bns Giotto Patplume komplekts"},"content":{"rendered":"<p>Gai\u0161a, no augu valsts izejviel\u0101m izgatavota veido\u0161anas masa. Lieliskas plastisk\u0101s \u012bpa\u0161\u012bbas; \u012bpa\u0161i piem\u0113rota nelielu priek\u0161metu veido\u0161anai ar rok\u0101m. Zema j\u016bt\u012bba pret temperat\u016bras izmai\u0146\u0101m, ilgsto\u0161i saglab\u0101 elast\u012bbu.   T\u012bra un bez smar\u017eas, saskar\u0113 ar gaisu nesa\u017e\u016bst. Nomazg\u0101t ar ziep\u0113m un \u016bdeni.  Veido\u0161anas masa tiek pied\u0101v\u0101ta da\u017e\u0101d\u0101s kr\u0101s\u0101s, kas ir sav\u0101 starp\u0101 jaucamas.<\/p>\n","protected":false},"excerpt":{"rendered":"<p>Gai\u0161a, no augu valsts izejviel\u0101m izgatavota veido\u0161anas masa. Lieliskas plastisk\u0101s \u012bpa\u0161\u012bbas; \u012bpa\u0161i piem\u0113rota nelielu priek\u0161metu veido\u0161anai ar rok\u0101m. Zema j\u016bt\u012bba pret temperat\u016bras izmai\u0146\u0101m, ilgsto\u0161i saglab\u0101 elast\u012bbu. T\u012bra un bez smar\u017eas, saskar\u0113 ar gaisu nesa\u017e\u016bst. Nomazg\u0101t ar ziep\u0113m un \u016bdeni. Veido\u0161anas masa tiek pied\u0101v\u0101ta da\u017e\u0101d\u0101s kr\u0101s\u0101s, kas ir sav\u0101 starp\u0101 jaucamas.<\/p>\n","protected":false},"featured_media":354751,"comment_status":"closed","ping_status":"closed","template":"","meta":{"_acf_changed":false,"ep_exclude_from_search":false},"product_cat":[18189,17916,17951],"product_tag":[],"class_list":{"0":"post-23638","1":"product","2":"type-product","3":"status-publish","4":"has-post-thumbnail","6":"product_cat-plastilins","7":"product_cat-preces-skolai","8":"product_cat-veidosanas-masas-un-piederumi","9":"pa_kma-3800","11":"first","12":"instock","13":"taxable","14":"shipping-taxable","15":"purchasable","16":"product-type-variable"},"acf":[],"yoast_head":"<!-- This site is optimized with the Yoast SEO plugin v24.1 - https:\/\/yoast.com\/wordpress\/plugins\/seo\/ -->\n<title>Plastil\u012bns Giotto Patplume komplekts &#8211; Skizze<\/title>\n<meta name=\"robots\" content=\"noindex, follow, max-snippet:-1, max-image-preview:large, max-video-preview:-1\" \/>\n<meta property=\"og:locale\" content=\"lv_LV\" \/>\n<meta property=\"og:type\" content=\"article\" \/>\n<meta property=\"og:title\" content=\"Plastil\u012bns Giotto Patplume komplekts &#8211; Skizze\" \/>\n<meta property=\"og:description\" content=\"Gai\u0161a, no augu valsts izejviel\u0101m izgatavota veido\u0161anas masa. Lieliskas plastisk\u0101s \u012bpa\u0161\u012bbas; \u012bpa\u0161i piem\u0113rota nelielu priek\u0161metu veido\u0161anai ar rok\u0101m. Zema j\u016bt\u012bba pret temperat\u016bras izmai\u0146\u0101m, ilgsto\u0161i saglab\u0101 elast\u012bbu. T\u012bra un bez smar\u017eas, saskar\u0113 ar gaisu nesa\u017e\u016bst. Nomazg\u0101t ar ziep\u0113m un \u016bdeni. Veido\u0161anas masa tiek pied\u0101v\u0101ta da\u017e\u0101d\u0101s kr\u0101s\u0101s, kas ir sav\u0101 starp\u0101 jaucamas.\" \/>\n<meta property=\"og:url\" content=\"https:\/\/hobstop.ee\/lv\/produkts\/plastilins-giotto-patplume-komplekts\/\" \/>\n<meta property=\"og:site_name\" content=\"Skizze\" \/>\n<meta property=\"article:publisher\" content=\"http:\/\/www.facebook.com\/VunderSkizze\" \/>\n<meta property=\"article:modified_time\" content=\"-0001-11-30T00:00:00+00:00\" \/>\n<meta property=\"og:image\" content=\"https:\/\/hobstop.ee\/media\/1479.jpg\" \/>\n\t<meta property=\"og:image:width\" content=\"1024\" \/>\n\t<meta property=\"og:image:height\" content=\"768\" \/>\n\t<meta property=\"og:image:type\" content=\"image\/jpeg\" \/>\n<meta name=\"twitter:card\" content=\"summary_large_image\" \/>\n<script type=\"application\/ld+json\" class=\"yoast-schema-graph\">{\"@context\":\"https:\/\/schema.org\",\"@graph\":[{\"@type\":\"WebPage\",\"@id\":\"https:\/\/hobstop.ee\/lv\/produkts\/plastilins-giotto-patplume-komplekts\/\",\"url\":\"https:\/\/hobstop.ee\/lv\/produkts\/plastilins-giotto-patplume-komplekts\/\",\"name\":\"Plastil\u012bns Giotto Patplume komplekts &#8211; Skizze\",\"isPartOf\":{\"@id\":\"https:\/\/hobstop.ee\/lv\/#website\"},\"primaryImageOfPage\":{\"@id\":\"https:\/\/hobstop.ee\/lv\/produkts\/plastilins-giotto-patplume-komplekts\/#primaryimage\"},\"image\":{\"@id\":\"https:\/\/hobstop.ee\/lv\/produkts\/plastilins-giotto-patplume-komplekts\/#primaryimage\"},\"thumbnailUrl\":\"https:\/\/hobstop.ee\/media\/1479.jpg\",\"datePublished\":\"2014-11-08T12:56:57+00:00\",\"dateModified\":\"-0001-11-30T00:00:00+00:00\",\"breadcrumb\":{\"@id\":\"https:\/\/hobstop.ee\/lv\/produkts\/plastilins-giotto-patplume-komplekts\/#breadcrumb\"},\"inLanguage\":\"lv-LV\",\"potentialAction\":[{\"@type\":\"ReadAction\",\"target\":[\"https:\/\/hobstop.ee\/lv\/produkts\/plastilins-giotto-patplume-komplekts\/\"]}]},{\"@type\":\"ImageObject\",\"inLanguage\":\"lv-LV\",\"@id\":\"https:\/\/hobstop.ee\/lv\/produkts\/plastilins-giotto-patplume-komplekts\/#primaryimage\",\"url\":\"https:\/\/hobstop.ee\/media\/1479.jpg\",\"contentUrl\":\"https:\/\/hobstop.ee\/media\/1479.jpg\",\"width\":1024,\"height\":768},{\"@type\":\"BreadcrumbList\",\"@id\":\"https:\/\/hobstop.ee\/lv\/produkts\/plastilins-giotto-patplume-komplekts\/#breadcrumb\",\"itemListElement\":[{\"@type\":\"ListItem\",\"position\":1,\"name\":\"Avaleht\",\"item\":\"https:\/\/www.hobstop.ee\/lv\/\"},{\"@type\":\"ListItem\",\"position\":2,\"name\":\"Veikals\",\"item\":\"https:\/\/www.hobstop.ee\/lv\/veikals\/\"},{\"@type\":\"ListItem\",\"position\":3,\"name\":\"Plastil\u012bns Giotto Patplume komplekts\"}]},{\"@type\":\"WebSite\",\"@id\":\"https:\/\/hobstop.ee\/lv\/#website\",\"url\":\"https:\/\/hobstop.ee\/lv\/\",\"name\":\"Skizze\",\"description\":\"M\u0101kslas, hobiju un skolas preces\",\"publisher\":{\"@id\":\"https:\/\/hobstop.ee\/lv\/#organization\"},\"potentialAction\":[{\"@type\":\"SearchAction\",\"target\":{\"@type\":\"EntryPoint\",\"urlTemplate\":\"https:\/\/hobstop.ee\/lv\/?s={search_term_string}\"},\"query-input\":{\"@type\":\"PropertyValueSpecification\",\"valueRequired\":true,\"valueName\":\"search_term_string\"}}],\"inLanguage\":\"lv-LV\"},{\"@type\":\"Organization\",\"@id\":\"https:\/\/hobstop.ee\/lv\/#organization\",\"name\":\"Vunder AS\",\"url\":\"https:\/\/hobstop.ee\/lv\/\",\"logo\":{\"@type\":\"ImageObject\",\"inLanguage\":\"lv-LV\",\"@id\":\"https:\/\/hobstop.ee\/lv\/#\/schema\/logo\/image\/\",\"url\":\"https:\/\/hobstop.ee\/media\/vunder-logo.png\",\"contentUrl\":\"https:\/\/hobstop.ee\/media\/vunder-logo.png\",\"width\":127,\"height\":55,\"caption\":\"Vunder AS\"},\"image\":{\"@id\":\"https:\/\/hobstop.ee\/lv\/#\/schema\/logo\/image\/\"},\"sameAs\":[\"http:\/\/www.facebook.com\/VunderSkizze\"]}]}<\/script>\n<!-- \/ Yoast SEO plugin. -->","yoast_head_json":{"title":"Plastil\u012bns Giotto Patplume komplekts &#8211; Skizze","robots":{"index":"noindex","follow":"follow","max-snippet":"max-snippet:-1","max-image-preview":"max-image-preview:large","max-video-preview":"max-video-preview:-1"},"og_locale":"lv_LV","og_type":"article","og_title":"Plastil\u012bns Giotto Patplume komplekts &#8211; Skizze","og_description":"Gai\u0161a, no augu valsts izejviel\u0101m izgatavota veido\u0161anas masa. Lieliskas plastisk\u0101s \u012bpa\u0161\u012bbas; \u012bpa\u0161i piem\u0113rota nelielu priek\u0161metu veido\u0161anai ar rok\u0101m. Zema j\u016bt\u012bba pret temperat\u016bras izmai\u0146\u0101m, ilgsto\u0161i saglab\u0101 elast\u012bbu. T\u012bra un bez smar\u017eas, saskar\u0113 ar gaisu nesa\u017e\u016bst. Nomazg\u0101t ar ziep\u0113m un \u016bdeni. Veido\u0161anas masa tiek pied\u0101v\u0101ta da\u017e\u0101d\u0101s kr\u0101s\u0101s, kas ir sav\u0101 starp\u0101 jaucamas.","og_url":"https:\/\/hobstop.ee\/lv\/produkts\/plastilins-giotto-patplume-komplekts\/","og_site_name":"Skizze","article_publisher":"http:\/\/www.facebook.com\/VunderSkizze","article_modified_time":"-0001-11-30T00:00:00+00:00","og_image":[{"width":1024,"height":768,"url":"https:\/\/hobstop.ee\/media\/1479.jpg","type":"image\/jpeg"}],"twitter_card":"summary_large_image","schema":{"@context":"https:\/\/schema.org","@graph":[{"@type":"WebPage","@id":"https:\/\/hobstop.ee\/lv\/produkts\/plastilins-giotto-patplume-komplekts\/","url":"https:\/\/hobstop.ee\/lv\/produkts\/plastilins-giotto-patplume-komplekts\/","name":"Plastil\u012bns Giotto Patplume komplekts &#8211; Skizze","isPartOf":{"@id":"https:\/\/hobstop.ee\/lv\/#website"},"primaryImageOfPage":{"@id":"https:\/\/hobstop.ee\/lv\/produkts\/plastilins-giotto-patplume-komplekts\/#primaryimage"},"image":{"@id":"https:\/\/hobstop.ee\/lv\/produkts\/plastilins-giotto-patplume-komplekts\/#primaryimage"},"thumbnailUrl":"https:\/\/hobstop.ee\/media\/1479.jpg","datePublished":"2014-11-08T12:56:57+00:00","dateModified":"-0001-11-30T00:00:00+00:00","breadcrumb":{"@id":"https:\/\/hobstop.ee\/lv\/produkts\/plastilins-giotto-patplume-komplekts\/#breadcrumb"},"inLanguage":"lv-LV","potentialAction":[{"@type":"ReadAction","target":["https:\/\/hobstop.ee\/lv\/produkts\/plastilins-giotto-patplume-komplekts\/"]}]},{"@type":"ImageObject","inLanguage":"lv-LV","@id":"https:\/\/hobstop.ee\/lv\/produkts\/plastilins-giotto-patplume-komplekts\/#primaryimage","url":"https:\/\/hobstop.ee\/media\/1479.jpg","contentUrl":"https:\/\/hobstop.ee\/media\/1479.jpg","width":1024,"height":768},{"@type":"BreadcrumbList","@id":"https:\/\/hobstop.ee\/lv\/produkts\/plastilins-giotto-patplume-komplekts\/#breadcrumb","itemListElement":[{"@type":"ListItem","position":1,"name":"Avaleht","item":"https:\/\/www.hobstop.ee\/lv\/"},{"@type":"ListItem","position":2,"name":"Veikals","item":"https:\/\/www.hobstop.ee\/lv\/veikals\/"},{"@type":"ListItem","position":3,"name":"Plastil\u012bns Giotto Patplume komplekts"}]},{"@type":"WebSite","@id":"https:\/\/hobstop.ee\/lv\/#website","url":"https:\/\/hobstop.ee\/lv\/","name":"Skizze","description":"M\u0101kslas, hobiju un skolas preces","publisher":{"@id":"https:\/\/hobstop.ee\/lv\/#organization"},"potentialAction":[{"@type":"SearchAction","target":{"@type":"EntryPoint","urlTemplate":"https:\/\/hobstop.ee\/lv\/?s={search_term_string}"},"query-input":{"@type":"PropertyValueSpecification","valueRequired":true,"valueName":"search_term_string"}}],"inLanguage":"lv-LV"},{"@type":"Organization","@id":"https:\/\/hobstop.ee\/lv\/#organization","name":"Vunder AS","url":"https:\/\/hobstop.ee\/lv\/","logo":{"@type":"ImageObject","inLanguage":"lv-LV","@id":"https:\/\/hobstop.ee\/lv\/#\/schema\/logo\/image\/","url":"https:\/\/hobstop.ee\/media\/vunder-logo.png","contentUrl":"https:\/\/hobstop.ee\/media\/vunder-logo.png","width":127,"height":55,"caption":"Vunder AS"},"image":{"@id":"https:\/\/hobstop.ee\/lv\/#\/schema\/logo\/image\/"},"sameAs":["http:\/\/www.facebook.com\/VunderSkizze"]}]}},"_links":{"self":[{"href":"https:\/\/hobstop.ee\/lv\/wp-json\/wp\/v2\/product\/23638","targetHints":{"allow":["GET"]}}],"collection":[{"href":"https:\/\/hobstop.ee\/lv\/wp-json\/wp\/v2\/product"}],"about":[{"href":"https:\/\/hobstop.ee\/lv\/wp-json\/wp\/v2\/types\/product"}],"replies":[{"embeddable":true,"href":"https:\/\/hobstop.ee\/lv\/wp-json\/wp\/v2\/comments?post=23638"}],"wp:featuredmedia":[{"embeddable":true,"href":"https:\/\/hobstop.ee\/lv\/wp-json\/wp\/v2\/media\/354751"}],"wp:attachment":[{"href":"https:\/\/hobstop.ee\/lv\/wp-json\/wp\/v2\/media?parent=23638"}],"wp:term":[{"taxonomy":"product_cat","embeddable":true,"href":"https:\/\/hobstop.ee\/lv\/wp-json\/wp\/v2\/product_cat?post=23638"},{"taxonomy":"product_tag","embeddable":true,"href":"https:\/\/hobstop.ee\/lv\/wp-json\/wp\/v2\/product_tag?post=23638"}],"curies":[{"name":"wp","href":"https:\/\/api.w.org\/{rel}","templated":true}]}}