{"id":23648,"date":"2014-12-09T12:52:39","date_gmt":"2014-12-09T10:52:39","guid":{"rendered":"https:\/\/sharks.ee\/vunder_2019.klient.veebimajutus.ee\/?post_type=product&#038;p=23648"},"modified":"2014-12-09T12:52:39","modified_gmt":"2014-12-09T10:52:39","slug":"zimulis-derwent-graphic","status":"publish","type":"product","link":"https:\/\/hobstop.ee\/lv\/produkts\/zimulis-derwent-graphic\/","title":{"rendered":"Z\u012bmulis Derwent Graphic"},"content":{"rendered":"<p>\u0160is ir veiksm\u012bga z\u012bm\u0113juma s\u0101kums. Neskatoties uz to, k\u0101diem z\u012bm\u0113\u0161anas l\u012bdzek\u013ciem vai tehnikai j\u016bs dodat priek\u0161roku, jums b\u016bs nepiecie\u0161ams tradicion\u0101ls, augstas kvalit\u0101tes graf\u012bta z\u012bmulis. \u0160is kvalitat\u012bvais z\u012bmulis ir ide\u0101ls visa veida z\u012bm\u0113jumiem un skic\u0113m. Se\u0161st\u016bra korpusu var \u0113rti satvert un  to var uzasin\u0101t \u013coti asu.<br \/>\nSe\u0161st\u016bra 6.9mm korpuss, 2.2 mm serdenis ciet\u0101kam l\u012bmenim, 3.5mm m\u012bkst\u0101kam l\u012bmenim.<\/p>\n","protected":false},"excerpt":{"rendered":"<p>\u0160is ir veiksm\u012bga z\u012bm\u0113juma s\u0101kums. Neskatoties uz to, k\u0101diem z\u012bm\u0113\u0161anas l\u012bdzek\u013ciem vai tehnikai j\u016bs dodat priek\u0161roku, jums b\u016bs nepiecie\u0161ams tradicion\u0101ls, augstas kvalit\u0101tes graf\u012bta z\u012bmulis. \u0160is kvalitat\u012bvais z\u012bmulis ir ide\u0101ls visa veida z\u012bm\u0113jumiem un skic\u0113m. Se\u0161st\u016bra korpusu var \u0113rti satvert un to var uzasin\u0101t \u013coti asu. Se\u0161st\u016bra 6.9mm korpuss, 2.2 mm serdenis ciet\u0101kam l\u012bmenim, 3.5mm m\u012bkst\u0101kam l\u012bmenim.<\/p>\n","protected":false},"featured_media":103238,"comment_status":"closed","ping_status":"closed","template":"","meta":{"_acf_changed":false,"ep_exclude_from_search":false},"product_cat":[18988,16123,18931],"product_tag":[],"class_list":{"0":"post-23648","1":"product","2":"type-product","3":"status-publish","4":"has-post-thumbnail","6":"product_cat-grafita-zimuli-3","7":"product_cat-makslas-piederumi-2","8":"product_cat-zimesanas-piederumi-3","10":"first","11":"instock","12":"taxable","13":"shipping-taxable","14":"purchasable","15":"product-type-variable"},"acf":[],"yoast_head":"<!-- This site is optimized with the Yoast SEO plugin v24.1 - https:\/\/yoast.com\/wordpress\/plugins\/seo\/ -->\n<title>Z\u012bmulis Derwent Graphic &#8211; Skizze<\/title>\n<meta name=\"robots\" content=\"noindex, follow, max-snippet:-1, max-image-preview:large, max-video-preview:-1\" \/>\n<meta property=\"og:locale\" content=\"lv_LV\" \/>\n<meta property=\"og:type\" content=\"article\" \/>\n<meta property=\"og:title\" content=\"Z\u012bmulis Derwent Graphic &#8211; Skizze\" \/>\n<meta property=\"og:description\" content=\"\u0160is ir veiksm\u012bga z\u012bm\u0113juma s\u0101kums. Neskatoties uz to, k\u0101diem z\u012bm\u0113\u0161anas l\u012bdzek\u013ciem vai tehnikai j\u016bs dodat priek\u0161roku, jums b\u016bs nepiecie\u0161ams tradicion\u0101ls, augstas kvalit\u0101tes graf\u012bta z\u012bmulis. \u0160is kvalitat\u012bvais z\u012bmulis ir ide\u0101ls visa veida z\u012bm\u0113jumiem un skic\u0113m. Se\u0161st\u016bra korpusu var \u0113rti satvert un to var uzasin\u0101t \u013coti asu. Se\u0161st\u016bra 6.9mm korpuss, 2.2 mm serdenis ciet\u0101kam l\u012bmenim, 3.5mm m\u012bkst\u0101kam l\u012bmenim.\" \/>\n<meta property=\"og:url\" content=\"https:\/\/hobstop.ee\/lv\/produkts\/zimulis-derwent-graphic\/\" \/>\n<meta property=\"og:site_name\" content=\"Skizze\" \/>\n<meta property=\"article:publisher\" content=\"http:\/\/www.facebook.com\/VunderSkizze\" \/>\n<meta property=\"og:image\" content=\"https:\/\/hobstop.ee\/media\/1488.jpg\" \/>\n\t<meta property=\"og:image:width\" content=\"1024\" \/>\n\t<meta property=\"og:image:height\" content=\"768\" \/>\n\t<meta property=\"og:image:type\" content=\"image\/jpeg\" \/>\n<meta name=\"twitter:card\" content=\"summary_large_image\" \/>\n<script type=\"application\/ld+json\" class=\"yoast-schema-graph\">{\"@context\":\"https:\/\/schema.org\",\"@graph\":[{\"@type\":\"WebPage\",\"@id\":\"https:\/\/hobstop.ee\/lv\/produkts\/zimulis-derwent-graphic\/\",\"url\":\"https:\/\/hobstop.ee\/lv\/produkts\/zimulis-derwent-graphic\/\",\"name\":\"Z\u012bmulis Derwent Graphic &#8211; Skizze\",\"isPartOf\":{\"@id\":\"https:\/\/hobstop.ee\/lv\/#website\"},\"primaryImageOfPage\":{\"@id\":\"https:\/\/hobstop.ee\/lv\/produkts\/zimulis-derwent-graphic\/#primaryimage\"},\"image\":{\"@id\":\"https:\/\/hobstop.ee\/lv\/produkts\/zimulis-derwent-graphic\/#primaryimage\"},\"thumbnailUrl\":\"https:\/\/hobstop.ee\/media\/1488.jpg\",\"datePublished\":\"2014-12-09T10:52:39+00:00\",\"dateModified\":\"2014-12-09T10:52:39+00:00\",\"breadcrumb\":{\"@id\":\"https:\/\/hobstop.ee\/lv\/produkts\/zimulis-derwent-graphic\/#breadcrumb\"},\"inLanguage\":\"lv-LV\",\"potentialAction\":[{\"@type\":\"ReadAction\",\"target\":[\"https:\/\/hobstop.ee\/lv\/produkts\/zimulis-derwent-graphic\/\"]}]},{\"@type\":\"ImageObject\",\"inLanguage\":\"lv-LV\",\"@id\":\"https:\/\/hobstop.ee\/lv\/produkts\/zimulis-derwent-graphic\/#primaryimage\",\"url\":\"https:\/\/hobstop.ee\/media\/1488.jpg\",\"contentUrl\":\"https:\/\/hobstop.ee\/media\/1488.jpg\",\"width\":1024,\"height\":768},{\"@type\":\"BreadcrumbList\",\"@id\":\"https:\/\/hobstop.ee\/lv\/produkts\/zimulis-derwent-graphic\/#breadcrumb\",\"itemListElement\":[{\"@type\":\"ListItem\",\"position\":1,\"name\":\"Avaleht\",\"item\":\"https:\/\/www.hobstop.ee\/lv\/\"},{\"@type\":\"ListItem\",\"position\":2,\"name\":\"Veikals\",\"item\":\"https:\/\/www.hobstop.ee\/lv\/veikals\/\"},{\"@type\":\"ListItem\",\"position\":3,\"name\":\"Z\u012bmulis Derwent Graphic\"}]},{\"@type\":\"WebSite\",\"@id\":\"https:\/\/hobstop.ee\/lv\/#website\",\"url\":\"https:\/\/hobstop.ee\/lv\/\",\"name\":\"Skizze\",\"description\":\"M\u0101kslas, hobiju un skolas preces\",\"publisher\":{\"@id\":\"https:\/\/hobstop.ee\/lv\/#organization\"},\"potentialAction\":[{\"@type\":\"SearchAction\",\"target\":{\"@type\":\"EntryPoint\",\"urlTemplate\":\"https:\/\/hobstop.ee\/lv\/?s={search_term_string}\"},\"query-input\":{\"@type\":\"PropertyValueSpecification\",\"valueRequired\":true,\"valueName\":\"search_term_string\"}}],\"inLanguage\":\"lv-LV\"},{\"@type\":\"Organization\",\"@id\":\"https:\/\/hobstop.ee\/lv\/#organization\",\"name\":\"Vunder AS\",\"url\":\"https:\/\/hobstop.ee\/lv\/\",\"logo\":{\"@type\":\"ImageObject\",\"inLanguage\":\"lv-LV\",\"@id\":\"https:\/\/hobstop.ee\/lv\/#\/schema\/logo\/image\/\",\"url\":\"https:\/\/hobstop.ee\/media\/vunder-logo.png\",\"contentUrl\":\"https:\/\/hobstop.ee\/media\/vunder-logo.png\",\"width\":127,\"height\":55,\"caption\":\"Vunder AS\"},\"image\":{\"@id\":\"https:\/\/hobstop.ee\/lv\/#\/schema\/logo\/image\/\"},\"sameAs\":[\"http:\/\/www.facebook.com\/VunderSkizze\"]}]}<\/script>\n<!-- \/ Yoast SEO plugin. -->","yoast_head_json":{"title":"Z\u012bmulis Derwent Graphic &#8211; Skizze","robots":{"index":"noindex","follow":"follow","max-snippet":"max-snippet:-1","max-image-preview":"max-image-preview:large","max-video-preview":"max-video-preview:-1"},"og_locale":"lv_LV","og_type":"article","og_title":"Z\u012bmulis Derwent Graphic &#8211; Skizze","og_description":"\u0160is ir veiksm\u012bga z\u012bm\u0113juma s\u0101kums. Neskatoties uz to, k\u0101diem z\u012bm\u0113\u0161anas l\u012bdzek\u013ciem vai tehnikai j\u016bs dodat priek\u0161roku, jums b\u016bs nepiecie\u0161ams tradicion\u0101ls, augstas kvalit\u0101tes graf\u012bta z\u012bmulis. \u0160is kvalitat\u012bvais z\u012bmulis ir ide\u0101ls visa veida z\u012bm\u0113jumiem un skic\u0113m. Se\u0161st\u016bra korpusu var \u0113rti satvert un to var uzasin\u0101t \u013coti asu. Se\u0161st\u016bra 6.9mm korpuss, 2.2 mm serdenis ciet\u0101kam l\u012bmenim, 3.5mm m\u012bkst\u0101kam l\u012bmenim.","og_url":"https:\/\/hobstop.ee\/lv\/produkts\/zimulis-derwent-graphic\/","og_site_name":"Skizze","article_publisher":"http:\/\/www.facebook.com\/VunderSkizze","og_image":[{"width":1024,"height":768,"url":"https:\/\/hobstop.ee\/media\/1488.jpg","type":"image\/jpeg"}],"twitter_card":"summary_large_image","schema":{"@context":"https:\/\/schema.org","@graph":[{"@type":"WebPage","@id":"https:\/\/hobstop.ee\/lv\/produkts\/zimulis-derwent-graphic\/","url":"https:\/\/hobstop.ee\/lv\/produkts\/zimulis-derwent-graphic\/","name":"Z\u012bmulis Derwent Graphic &#8211; Skizze","isPartOf":{"@id":"https:\/\/hobstop.ee\/lv\/#website"},"primaryImageOfPage":{"@id":"https:\/\/hobstop.ee\/lv\/produkts\/zimulis-derwent-graphic\/#primaryimage"},"image":{"@id":"https:\/\/hobstop.ee\/lv\/produkts\/zimulis-derwent-graphic\/#primaryimage"},"thumbnailUrl":"https:\/\/hobstop.ee\/media\/1488.jpg","datePublished":"2014-12-09T10:52:39+00:00","dateModified":"2014-12-09T10:52:39+00:00","breadcrumb":{"@id":"https:\/\/hobstop.ee\/lv\/produkts\/zimulis-derwent-graphic\/#breadcrumb"},"inLanguage":"lv-LV","potentialAction":[{"@type":"ReadAction","target":["https:\/\/hobstop.ee\/lv\/produkts\/zimulis-derwent-graphic\/"]}]},{"@type":"ImageObject","inLanguage":"lv-LV","@id":"https:\/\/hobstop.ee\/lv\/produkts\/zimulis-derwent-graphic\/#primaryimage","url":"https:\/\/hobstop.ee\/media\/1488.jpg","contentUrl":"https:\/\/hobstop.ee\/media\/1488.jpg","width":1024,"height":768},{"@type":"BreadcrumbList","@id":"https:\/\/hobstop.ee\/lv\/produkts\/zimulis-derwent-graphic\/#breadcrumb","itemListElement":[{"@type":"ListItem","position":1,"name":"Avaleht","item":"https:\/\/www.hobstop.ee\/lv\/"},{"@type":"ListItem","position":2,"name":"Veikals","item":"https:\/\/www.hobstop.ee\/lv\/veikals\/"},{"@type":"ListItem","position":3,"name":"Z\u012bmulis Derwent Graphic"}]},{"@type":"WebSite","@id":"https:\/\/hobstop.ee\/lv\/#website","url":"https:\/\/hobstop.ee\/lv\/","name":"Skizze","description":"M\u0101kslas, hobiju un skolas preces","publisher":{"@id":"https:\/\/hobstop.ee\/lv\/#organization"},"potentialAction":[{"@type":"SearchAction","target":{"@type":"EntryPoint","urlTemplate":"https:\/\/hobstop.ee\/lv\/?s={search_term_string}"},"query-input":{"@type":"PropertyValueSpecification","valueRequired":true,"valueName":"search_term_string"}}],"inLanguage":"lv-LV"},{"@type":"Organization","@id":"https:\/\/hobstop.ee\/lv\/#organization","name":"Vunder AS","url":"https:\/\/hobstop.ee\/lv\/","logo":{"@type":"ImageObject","inLanguage":"lv-LV","@id":"https:\/\/hobstop.ee\/lv\/#\/schema\/logo\/image\/","url":"https:\/\/hobstop.ee\/media\/vunder-logo.png","contentUrl":"https:\/\/hobstop.ee\/media\/vunder-logo.png","width":127,"height":55,"caption":"Vunder AS"},"image":{"@id":"https:\/\/hobstop.ee\/lv\/#\/schema\/logo\/image\/"},"sameAs":["http:\/\/www.facebook.com\/VunderSkizze"]}]}},"_links":{"self":[{"href":"https:\/\/hobstop.ee\/lv\/wp-json\/wp\/v2\/product\/23648","targetHints":{"allow":["GET"]}}],"collection":[{"href":"https:\/\/hobstop.ee\/lv\/wp-json\/wp\/v2\/product"}],"about":[{"href":"https:\/\/hobstop.ee\/lv\/wp-json\/wp\/v2\/types\/product"}],"replies":[{"embeddable":true,"href":"https:\/\/hobstop.ee\/lv\/wp-json\/wp\/v2\/comments?post=23648"}],"wp:featuredmedia":[{"embeddable":true,"href":"https:\/\/hobstop.ee\/lv\/wp-json\/wp\/v2\/media\/103238"}],"wp:attachment":[{"href":"https:\/\/hobstop.ee\/lv\/wp-json\/wp\/v2\/media?parent=23648"}],"wp:term":[{"taxonomy":"product_cat","embeddable":true,"href":"https:\/\/hobstop.ee\/lv\/wp-json\/wp\/v2\/product_cat?post=23648"},{"taxonomy":"product_tag","embeddable":true,"href":"https:\/\/hobstop.ee\/lv\/wp-json\/wp\/v2\/product_tag?post=23648"}],"curies":[{"name":"wp","href":"https:\/\/api.w.org\/{rel}","templated":true}]}}