{"id":236528,"date":"2015-11-24T22:36:32","date_gmt":"2015-11-24T20:36:32","guid":{"rendered":"https:\/\/sharks.ee\/vunder_2019\/lv\/product\/magonu-ella-winsornewton\/"},"modified":"2015-11-24T22:36:32","modified_gmt":"2015-11-24T20:36:32","slug":"magonu-ella-winsornewton","status":"publish","type":"product","link":"https:\/\/hobstop.ee\/lv\/produkts\/magonu-ella-winsornewton\/","title":{"rendered":"Mago\u0146u e\u013c\u013ca Winsor&#038;Newton"},"content":{"rendered":"<p>\u017d\u016b\u0161anas e\u013c\u013ca, lai pa\u0101trin\u0101tu \u017e\u016b\u0161anas laiku. Izgatavota no mago\u0146u s\u0113kl\u0101m. \u0160ai e\u013c\u013cai ir visgai\u0161\u0101k\u0101 kr\u0101sa. T\u0101 ir notur\u012bga pret dzelt\u0113\u0161anu, t\u0101d\u0113\u013c to var lieliski izmantot ar balto un cit\u0101m gai\u0161aj\u0101m kr\u0101s\u0101m.<\/p>\n","protected":false},"excerpt":{"rendered":"<p>\u017d\u016b\u0161anas e\u013c\u013ca, lai pa\u0101trin\u0101tu \u017e\u016b\u0161anas laiku. Izgatavota no mago\u0146u s\u0113kl\u0101m. \u0160ai e\u013c\u013cai ir visgai\u0161\u0101k\u0101 kr\u0101sa. T\u0101 ir notur\u012bga pret dzelt\u0113\u0161anu, t\u0101d\u0113\u013c to var lieliski izmantot ar balto un cit\u0101m gai\u0161aj\u0101m kr\u0101s\u0101m.<\/p>\n","protected":false},"featured_media":237116,"comment_status":"closed","ping_status":"closed","template":"","meta":{"_acf_changed":false,"ep_exclude_from_search":false},"product_cat":[18364,17980,16123],"product_tag":[],"class_list":{"0":"post-236528","1":"product","2":"type-product","3":"status-publish","4":"has-post-thumbnail","6":"product_cat-ellas-krasu-piedevas","7":"product_cat-krasas-un-gleznosanas-paligmateriali","8":"product_cat-makslas-piederumi-2","10":"first","11":"instock","12":"taxable","13":"shipping-taxable","14":"purchasable","15":"product-type-variable"},"acf":[],"yoast_head":"<!-- This site is optimized with the Yoast SEO plugin v24.1 - https:\/\/yoast.com\/wordpress\/plugins\/seo\/ -->\n<title>Mago\u0146u e\u013c\u013ca Winsor&amp;Newton &#8211; Skizze<\/title>\n<meta name=\"robots\" content=\"noindex, follow, max-snippet:-1, max-image-preview:large, max-video-preview:-1\" \/>\n<meta property=\"og:locale\" content=\"lv_LV\" \/>\n<meta property=\"og:type\" content=\"article\" \/>\n<meta property=\"og:title\" content=\"Mago\u0146u e\u013c\u013ca Winsor&amp;Newton &#8211; Skizze\" \/>\n<meta property=\"og:description\" content=\"\u017d\u016b\u0161anas e\u013c\u013ca, lai pa\u0101trin\u0101tu \u017e\u016b\u0161anas laiku. Izgatavota no mago\u0146u s\u0113kl\u0101m. \u0160ai e\u013c\u013cai ir visgai\u0161\u0101k\u0101 kr\u0101sa. T\u0101 ir notur\u012bga pret dzelt\u0113\u0161anu, t\u0101d\u0113\u013c to var lieliski izmantot ar balto un cit\u0101m gai\u0161aj\u0101m kr\u0101s\u0101m.\" \/>\n<meta property=\"og:url\" content=\"https:\/\/hobstop.ee\/lv\/produkts\/magonu-ella-winsornewton\/\" \/>\n<meta property=\"og:site_name\" content=\"Skizze\" \/>\n<meta property=\"article:publisher\" content=\"http:\/\/www.facebook.com\/VunderSkizze\" \/>\n<meta property=\"og:image\" content=\"https:\/\/hobstop.ee\/media\/3214.jpg\" \/>\n\t<meta property=\"og:image:width\" content=\"1024\" \/>\n\t<meta property=\"og:image:height\" content=\"768\" \/>\n\t<meta property=\"og:image:type\" content=\"image\/jpeg\" \/>\n<meta name=\"twitter:card\" content=\"summary_large_image\" \/>\n<script type=\"application\/ld+json\" class=\"yoast-schema-graph\">{\"@context\":\"https:\/\/schema.org\",\"@graph\":[{\"@type\":\"WebPage\",\"@id\":\"https:\/\/hobstop.ee\/lv\/produkts\/magonu-ella-winsornewton\/\",\"url\":\"https:\/\/hobstop.ee\/lv\/produkts\/magonu-ella-winsornewton\/\",\"name\":\"Mago\u0146u e\u013c\u013ca Winsor&Newton &#8211; Skizze\",\"isPartOf\":{\"@id\":\"https:\/\/hobstop.ee\/lv\/#website\"},\"primaryImageOfPage\":{\"@id\":\"https:\/\/hobstop.ee\/lv\/produkts\/magonu-ella-winsornewton\/#primaryimage\"},\"image\":{\"@id\":\"https:\/\/hobstop.ee\/lv\/produkts\/magonu-ella-winsornewton\/#primaryimage\"},\"thumbnailUrl\":\"https:\/\/hobstop.ee\/media\/3214.jpg\",\"datePublished\":\"2015-11-24T20:36:32+00:00\",\"dateModified\":\"2015-11-24T20:36:32+00:00\",\"breadcrumb\":{\"@id\":\"https:\/\/hobstop.ee\/lv\/produkts\/magonu-ella-winsornewton\/#breadcrumb\"},\"inLanguage\":\"lv-LV\",\"potentialAction\":[{\"@type\":\"ReadAction\",\"target\":[\"https:\/\/hobstop.ee\/lv\/produkts\/magonu-ella-winsornewton\/\"]}]},{\"@type\":\"ImageObject\",\"inLanguage\":\"lv-LV\",\"@id\":\"https:\/\/hobstop.ee\/lv\/produkts\/magonu-ella-winsornewton\/#primaryimage\",\"url\":\"https:\/\/hobstop.ee\/media\/3214.jpg\",\"contentUrl\":\"https:\/\/hobstop.ee\/media\/3214.jpg\",\"width\":1024,\"height\":768},{\"@type\":\"BreadcrumbList\",\"@id\":\"https:\/\/hobstop.ee\/lv\/produkts\/magonu-ella-winsornewton\/#breadcrumb\",\"itemListElement\":[{\"@type\":\"ListItem\",\"position\":1,\"name\":\"Avaleht\",\"item\":\"https:\/\/hobstop.ee\/lv\/\"},{\"@type\":\"ListItem\",\"position\":2,\"name\":\"Veikals\",\"item\":\"https:\/\/hobstop.ee\/lv\/veikals\/\"},{\"@type\":\"ListItem\",\"position\":3,\"name\":\"Mago\u0146u e\u013c\u013ca Winsor&#038;Newton\"}]},{\"@type\":\"WebSite\",\"@id\":\"https:\/\/hobstop.ee\/lv\/#website\",\"url\":\"https:\/\/hobstop.ee\/lv\/\",\"name\":\"Skizze\",\"description\":\"M\u0101kslas, hobiju un skolas preces\",\"publisher\":{\"@id\":\"https:\/\/hobstop.ee\/lv\/#organization\"},\"potentialAction\":[{\"@type\":\"SearchAction\",\"target\":{\"@type\":\"EntryPoint\",\"urlTemplate\":\"https:\/\/hobstop.ee\/lv\/?s={search_term_string}\"},\"query-input\":{\"@type\":\"PropertyValueSpecification\",\"valueRequired\":true,\"valueName\":\"search_term_string\"}}],\"inLanguage\":\"lv-LV\"},{\"@type\":\"Organization\",\"@id\":\"https:\/\/hobstop.ee\/lv\/#organization\",\"name\":\"Vunder AS\",\"url\":\"https:\/\/hobstop.ee\/lv\/\",\"logo\":{\"@type\":\"ImageObject\",\"inLanguage\":\"lv-LV\",\"@id\":\"https:\/\/hobstop.ee\/lv\/#\/schema\/logo\/image\/\",\"url\":\"https:\/\/hobstop.ee\/media\/vunder-logo.png\",\"contentUrl\":\"https:\/\/hobstop.ee\/media\/vunder-logo.png\",\"width\":127,\"height\":55,\"caption\":\"Vunder AS\"},\"image\":{\"@id\":\"https:\/\/hobstop.ee\/lv\/#\/schema\/logo\/image\/\"},\"sameAs\":[\"http:\/\/www.facebook.com\/VunderSkizze\"]}]}<\/script>\n<!-- \/ Yoast SEO plugin. -->","yoast_head_json":{"title":"Mago\u0146u e\u013c\u013ca Winsor&Newton &#8211; Skizze","robots":{"index":"noindex","follow":"follow","max-snippet":"max-snippet:-1","max-image-preview":"max-image-preview:large","max-video-preview":"max-video-preview:-1"},"og_locale":"lv_LV","og_type":"article","og_title":"Mago\u0146u e\u013c\u013ca Winsor&Newton &#8211; Skizze","og_description":"\u017d\u016b\u0161anas e\u013c\u013ca, lai pa\u0101trin\u0101tu \u017e\u016b\u0161anas laiku. Izgatavota no mago\u0146u s\u0113kl\u0101m. \u0160ai e\u013c\u013cai ir visgai\u0161\u0101k\u0101 kr\u0101sa. T\u0101 ir notur\u012bga pret dzelt\u0113\u0161anu, t\u0101d\u0113\u013c to var lieliski izmantot ar balto un cit\u0101m gai\u0161aj\u0101m kr\u0101s\u0101m.","og_url":"https:\/\/hobstop.ee\/lv\/produkts\/magonu-ella-winsornewton\/","og_site_name":"Skizze","article_publisher":"http:\/\/www.facebook.com\/VunderSkizze","og_image":[{"width":1024,"height":768,"url":"https:\/\/hobstop.ee\/media\/3214.jpg","type":"image\/jpeg"}],"twitter_card":"summary_large_image","schema":{"@context":"https:\/\/schema.org","@graph":[{"@type":"WebPage","@id":"https:\/\/hobstop.ee\/lv\/produkts\/magonu-ella-winsornewton\/","url":"https:\/\/hobstop.ee\/lv\/produkts\/magonu-ella-winsornewton\/","name":"Mago\u0146u e\u013c\u013ca Winsor&Newton &#8211; Skizze","isPartOf":{"@id":"https:\/\/hobstop.ee\/lv\/#website"},"primaryImageOfPage":{"@id":"https:\/\/hobstop.ee\/lv\/produkts\/magonu-ella-winsornewton\/#primaryimage"},"image":{"@id":"https:\/\/hobstop.ee\/lv\/produkts\/magonu-ella-winsornewton\/#primaryimage"},"thumbnailUrl":"https:\/\/hobstop.ee\/media\/3214.jpg","datePublished":"2015-11-24T20:36:32+00:00","dateModified":"2015-11-24T20:36:32+00:00","breadcrumb":{"@id":"https:\/\/hobstop.ee\/lv\/produkts\/magonu-ella-winsornewton\/#breadcrumb"},"inLanguage":"lv-LV","potentialAction":[{"@type":"ReadAction","target":["https:\/\/hobstop.ee\/lv\/produkts\/magonu-ella-winsornewton\/"]}]},{"@type":"ImageObject","inLanguage":"lv-LV","@id":"https:\/\/hobstop.ee\/lv\/produkts\/magonu-ella-winsornewton\/#primaryimage","url":"https:\/\/hobstop.ee\/media\/3214.jpg","contentUrl":"https:\/\/hobstop.ee\/media\/3214.jpg","width":1024,"height":768},{"@type":"BreadcrumbList","@id":"https:\/\/hobstop.ee\/lv\/produkts\/magonu-ella-winsornewton\/#breadcrumb","itemListElement":[{"@type":"ListItem","position":1,"name":"Avaleht","item":"https:\/\/hobstop.ee\/lv\/"},{"@type":"ListItem","position":2,"name":"Veikals","item":"https:\/\/hobstop.ee\/lv\/veikals\/"},{"@type":"ListItem","position":3,"name":"Mago\u0146u e\u013c\u013ca Winsor&#038;Newton"}]},{"@type":"WebSite","@id":"https:\/\/hobstop.ee\/lv\/#website","url":"https:\/\/hobstop.ee\/lv\/","name":"Skizze","description":"M\u0101kslas, hobiju un skolas preces","publisher":{"@id":"https:\/\/hobstop.ee\/lv\/#organization"},"potentialAction":[{"@type":"SearchAction","target":{"@type":"EntryPoint","urlTemplate":"https:\/\/hobstop.ee\/lv\/?s={search_term_string}"},"query-input":{"@type":"PropertyValueSpecification","valueRequired":true,"valueName":"search_term_string"}}],"inLanguage":"lv-LV"},{"@type":"Organization","@id":"https:\/\/hobstop.ee\/lv\/#organization","name":"Vunder AS","url":"https:\/\/hobstop.ee\/lv\/","logo":{"@type":"ImageObject","inLanguage":"lv-LV","@id":"https:\/\/hobstop.ee\/lv\/#\/schema\/logo\/image\/","url":"https:\/\/hobstop.ee\/media\/vunder-logo.png","contentUrl":"https:\/\/hobstop.ee\/media\/vunder-logo.png","width":127,"height":55,"caption":"Vunder AS"},"image":{"@id":"https:\/\/hobstop.ee\/lv\/#\/schema\/logo\/image\/"},"sameAs":["http:\/\/www.facebook.com\/VunderSkizze"]}]}},"_links":{"self":[{"href":"https:\/\/hobstop.ee\/lv\/wp-json\/wp\/v2\/product\/236528","targetHints":{"allow":["GET"]}}],"collection":[{"href":"https:\/\/hobstop.ee\/lv\/wp-json\/wp\/v2\/product"}],"about":[{"href":"https:\/\/hobstop.ee\/lv\/wp-json\/wp\/v2\/types\/product"}],"replies":[{"embeddable":true,"href":"https:\/\/hobstop.ee\/lv\/wp-json\/wp\/v2\/comments?post=236528"}],"wp:featuredmedia":[{"embeddable":true,"href":"https:\/\/hobstop.ee\/lv\/wp-json\/wp\/v2\/media\/237116"}],"wp:attachment":[{"href":"https:\/\/hobstop.ee\/lv\/wp-json\/wp\/v2\/media?parent=236528"}],"wp:term":[{"taxonomy":"product_cat","embeddable":true,"href":"https:\/\/hobstop.ee\/lv\/wp-json\/wp\/v2\/product_cat?post=236528"},{"taxonomy":"product_tag","embeddable":true,"href":"https:\/\/hobstop.ee\/lv\/wp-json\/wp\/v2\/product_tag?post=236528"}],"curies":[{"name":"wp","href":"https:\/\/api.w.org\/{rel}","templated":true}]}}