{"id":236536,"date":"2015-11-24T22:36:38","date_gmt":"2015-11-24T20:36:38","guid":{"rendered":"https:\/\/sharks.ee\/vunder_2019\/lv\/product\/zimogs-blockwallah\/"},"modified":"2015-11-24T22:36:38","modified_gmt":"2015-11-24T20:36:38","slug":"zimogs-blockwallah","status":"publish","type":"product","link":"https:\/\/hobstop.ee\/lv\/produkts\/zimogs-blockwallah\/","title":{"rendered":"Z\u012bmogs Blockwallah"},"content":{"rendered":"<p>Blockwallah dab\u012bga koka z\u012bmogi ar moderniem un klasiskiem rakstiem. Tos lieliski var izmantot audumu, pap\u012bra, m\u0101la apdrukai, k\u0101 ar\u012b \u0137erme\u0146a apglezno\u0161an\u0101. Z\u012bmogi \u0113rti iegu\u013c plaukst\u0101 un ir da\u017e\u0101di izmantojami. Blockwallah ir piem\u0113roti kr\u0101s\u0101m uz \u016bdens b\u0101zes.<\/p>\n","protected":false},"excerpt":{"rendered":"<p>Blockwallah dab\u012bga koka z\u012bmogi ar moderniem un klasiskiem rakstiem. Tos lieliski var izmantot audumu, pap\u012bra, m\u0101la apdrukai, k\u0101 ar\u012b \u0137erme\u0146a apglezno\u0161an\u0101. Z\u012bmogi \u0113rti iegu\u013c plaukst\u0101 un ir da\u017e\u0101di izmantojami. Blockwallah ir piem\u0113roti kr\u0101s\u0101m uz \u016bdens b\u0101zes.<\/p>\n","protected":false},"featured_media":237124,"comment_status":"closed","ping_status":"closed","template":"","meta":{"_acf_changed":false,"ep_exclude_from_search":false},"product_cat":[17954,17918,20021],"product_tag":[],"class_list":{"0":"post-236536","1":"product","2":"type-product","3":"status-publish","4":"has-post-thumbnail","6":"product_cat-decor-krasas-un-lakas","7":"product_cat-preces-hobijiem","8":"product_cat-sabloni-un-spiedogi","10":"first","11":"instock","12":"taxable","13":"shipping-taxable","14":"product-type-simple"},"acf":[],"yoast_head":"<!-- This site is optimized with the Yoast SEO plugin v24.1 - https:\/\/yoast.com\/wordpress\/plugins\/seo\/ -->\n<title>Z\u012bmogs Blockwallah &#8211; Skizze<\/title>\n<meta name=\"robots\" content=\"noindex, follow, max-snippet:-1, max-image-preview:large, max-video-preview:-1\" \/>\n<meta property=\"og:locale\" content=\"lv_LV\" \/>\n<meta property=\"og:type\" content=\"article\" \/>\n<meta property=\"og:title\" content=\"Z\u012bmogs Blockwallah &#8211; Skizze\" \/>\n<meta property=\"og:description\" content=\"Blockwallah dab\u012bga koka z\u012bmogi ar moderniem un klasiskiem rakstiem. Tos lieliski var izmantot audumu, pap\u012bra, m\u0101la apdrukai, k\u0101 ar\u012b \u0137erme\u0146a apglezno\u0161an\u0101. Z\u012bmogi \u0113rti iegu\u013c plaukst\u0101 un ir da\u017e\u0101di izmantojami. Blockwallah ir piem\u0113roti kr\u0101s\u0101m uz \u016bdens b\u0101zes.\" \/>\n<meta property=\"og:url\" content=\"https:\/\/hobstop.ee\/lv\/produkts\/zimogs-blockwallah\/\" \/>\n<meta property=\"og:site_name\" content=\"Skizze\" \/>\n<meta property=\"article:publisher\" content=\"http:\/\/www.facebook.com\/VunderSkizze\" \/>\n<meta property=\"og:image\" content=\"https:\/\/hobstop.ee\/media\/3879.jpg\" \/>\n\t<meta property=\"og:image:width\" content=\"1024\" \/>\n\t<meta property=\"og:image:height\" content=\"768\" \/>\n\t<meta property=\"og:image:type\" content=\"image\/jpeg\" \/>\n<meta name=\"twitter:card\" content=\"summary_large_image\" \/>\n<script type=\"application\/ld+json\" class=\"yoast-schema-graph\">{\"@context\":\"https:\/\/schema.org\",\"@graph\":[{\"@type\":\"WebPage\",\"@id\":\"https:\/\/hobstop.ee\/lv\/produkts\/zimogs-blockwallah\/\",\"url\":\"https:\/\/hobstop.ee\/lv\/produkts\/zimogs-blockwallah\/\",\"name\":\"Z\u012bmogs Blockwallah &#8211; Skizze\",\"isPartOf\":{\"@id\":\"https:\/\/hobstop.ee\/lv\/#website\"},\"primaryImageOfPage\":{\"@id\":\"https:\/\/hobstop.ee\/lv\/produkts\/zimogs-blockwallah\/#primaryimage\"},\"image\":{\"@id\":\"https:\/\/hobstop.ee\/lv\/produkts\/zimogs-blockwallah\/#primaryimage\"},\"thumbnailUrl\":\"https:\/\/hobstop.ee\/media\/3879.jpg\",\"datePublished\":\"2015-11-24T20:36:38+00:00\",\"dateModified\":\"2015-11-24T20:36:38+00:00\",\"breadcrumb\":{\"@id\":\"https:\/\/hobstop.ee\/lv\/produkts\/zimogs-blockwallah\/#breadcrumb\"},\"inLanguage\":\"lv-LV\",\"potentialAction\":[{\"@type\":\"ReadAction\",\"target\":[\"https:\/\/hobstop.ee\/lv\/produkts\/zimogs-blockwallah\/\"]}]},{\"@type\":\"ImageObject\",\"inLanguage\":\"lv-LV\",\"@id\":\"https:\/\/hobstop.ee\/lv\/produkts\/zimogs-blockwallah\/#primaryimage\",\"url\":\"https:\/\/hobstop.ee\/media\/3879.jpg\",\"contentUrl\":\"https:\/\/hobstop.ee\/media\/3879.jpg\",\"width\":1024,\"height\":768},{\"@type\":\"BreadcrumbList\",\"@id\":\"https:\/\/hobstop.ee\/lv\/produkts\/zimogs-blockwallah\/#breadcrumb\",\"itemListElement\":[{\"@type\":\"ListItem\",\"position\":1,\"name\":\"Avaleht\",\"item\":\"https:\/\/www.hobstop.ee\/lv\/\"},{\"@type\":\"ListItem\",\"position\":2,\"name\":\"Veikals\",\"item\":\"https:\/\/www.hobstop.ee\/lv\/veikals\/\"},{\"@type\":\"ListItem\",\"position\":3,\"name\":\"Z\u012bmogs Blockwallah\"}]},{\"@type\":\"WebSite\",\"@id\":\"https:\/\/hobstop.ee\/lv\/#website\",\"url\":\"https:\/\/hobstop.ee\/lv\/\",\"name\":\"Skizze\",\"description\":\"M\u0101kslas, hobiju un skolas preces\",\"publisher\":{\"@id\":\"https:\/\/hobstop.ee\/lv\/#organization\"},\"potentialAction\":[{\"@type\":\"SearchAction\",\"target\":{\"@type\":\"EntryPoint\",\"urlTemplate\":\"https:\/\/hobstop.ee\/lv\/?s={search_term_string}\"},\"query-input\":{\"@type\":\"PropertyValueSpecification\",\"valueRequired\":true,\"valueName\":\"search_term_string\"}}],\"inLanguage\":\"lv-LV\"},{\"@type\":\"Organization\",\"@id\":\"https:\/\/hobstop.ee\/lv\/#organization\",\"name\":\"Vunder AS\",\"url\":\"https:\/\/hobstop.ee\/lv\/\",\"logo\":{\"@type\":\"ImageObject\",\"inLanguage\":\"lv-LV\",\"@id\":\"https:\/\/hobstop.ee\/lv\/#\/schema\/logo\/image\/\",\"url\":\"https:\/\/hobstop.ee\/media\/vunder-logo.png\",\"contentUrl\":\"https:\/\/hobstop.ee\/media\/vunder-logo.png\",\"width\":127,\"height\":55,\"caption\":\"Vunder AS\"},\"image\":{\"@id\":\"https:\/\/hobstop.ee\/lv\/#\/schema\/logo\/image\/\"},\"sameAs\":[\"http:\/\/www.facebook.com\/VunderSkizze\"]}]}<\/script>\n<!-- \/ Yoast SEO plugin. -->","yoast_head_json":{"title":"Z\u012bmogs Blockwallah &#8211; Skizze","robots":{"index":"noindex","follow":"follow","max-snippet":"max-snippet:-1","max-image-preview":"max-image-preview:large","max-video-preview":"max-video-preview:-1"},"og_locale":"lv_LV","og_type":"article","og_title":"Z\u012bmogs Blockwallah &#8211; Skizze","og_description":"Blockwallah dab\u012bga koka z\u012bmogi ar moderniem un klasiskiem rakstiem. Tos lieliski var izmantot audumu, pap\u012bra, m\u0101la apdrukai, k\u0101 ar\u012b \u0137erme\u0146a apglezno\u0161an\u0101. Z\u012bmogi \u0113rti iegu\u013c plaukst\u0101 un ir da\u017e\u0101di izmantojami. Blockwallah ir piem\u0113roti kr\u0101s\u0101m uz \u016bdens b\u0101zes.","og_url":"https:\/\/hobstop.ee\/lv\/produkts\/zimogs-blockwallah\/","og_site_name":"Skizze","article_publisher":"http:\/\/www.facebook.com\/VunderSkizze","og_image":[{"width":1024,"height":768,"url":"https:\/\/hobstop.ee\/media\/3879.jpg","type":"image\/jpeg"}],"twitter_card":"summary_large_image","schema":{"@context":"https:\/\/schema.org","@graph":[{"@type":"WebPage","@id":"https:\/\/hobstop.ee\/lv\/produkts\/zimogs-blockwallah\/","url":"https:\/\/hobstop.ee\/lv\/produkts\/zimogs-blockwallah\/","name":"Z\u012bmogs Blockwallah &#8211; Skizze","isPartOf":{"@id":"https:\/\/hobstop.ee\/lv\/#website"},"primaryImageOfPage":{"@id":"https:\/\/hobstop.ee\/lv\/produkts\/zimogs-blockwallah\/#primaryimage"},"image":{"@id":"https:\/\/hobstop.ee\/lv\/produkts\/zimogs-blockwallah\/#primaryimage"},"thumbnailUrl":"https:\/\/hobstop.ee\/media\/3879.jpg","datePublished":"2015-11-24T20:36:38+00:00","dateModified":"2015-11-24T20:36:38+00:00","breadcrumb":{"@id":"https:\/\/hobstop.ee\/lv\/produkts\/zimogs-blockwallah\/#breadcrumb"},"inLanguage":"lv-LV","potentialAction":[{"@type":"ReadAction","target":["https:\/\/hobstop.ee\/lv\/produkts\/zimogs-blockwallah\/"]}]},{"@type":"ImageObject","inLanguage":"lv-LV","@id":"https:\/\/hobstop.ee\/lv\/produkts\/zimogs-blockwallah\/#primaryimage","url":"https:\/\/hobstop.ee\/media\/3879.jpg","contentUrl":"https:\/\/hobstop.ee\/media\/3879.jpg","width":1024,"height":768},{"@type":"BreadcrumbList","@id":"https:\/\/hobstop.ee\/lv\/produkts\/zimogs-blockwallah\/#breadcrumb","itemListElement":[{"@type":"ListItem","position":1,"name":"Avaleht","item":"https:\/\/www.hobstop.ee\/lv\/"},{"@type":"ListItem","position":2,"name":"Veikals","item":"https:\/\/www.hobstop.ee\/lv\/veikals\/"},{"@type":"ListItem","position":3,"name":"Z\u012bmogs Blockwallah"}]},{"@type":"WebSite","@id":"https:\/\/hobstop.ee\/lv\/#website","url":"https:\/\/hobstop.ee\/lv\/","name":"Skizze","description":"M\u0101kslas, hobiju un skolas preces","publisher":{"@id":"https:\/\/hobstop.ee\/lv\/#organization"},"potentialAction":[{"@type":"SearchAction","target":{"@type":"EntryPoint","urlTemplate":"https:\/\/hobstop.ee\/lv\/?s={search_term_string}"},"query-input":{"@type":"PropertyValueSpecification","valueRequired":true,"valueName":"search_term_string"}}],"inLanguage":"lv-LV"},{"@type":"Organization","@id":"https:\/\/hobstop.ee\/lv\/#organization","name":"Vunder AS","url":"https:\/\/hobstop.ee\/lv\/","logo":{"@type":"ImageObject","inLanguage":"lv-LV","@id":"https:\/\/hobstop.ee\/lv\/#\/schema\/logo\/image\/","url":"https:\/\/hobstop.ee\/media\/vunder-logo.png","contentUrl":"https:\/\/hobstop.ee\/media\/vunder-logo.png","width":127,"height":55,"caption":"Vunder AS"},"image":{"@id":"https:\/\/hobstop.ee\/lv\/#\/schema\/logo\/image\/"},"sameAs":["http:\/\/www.facebook.com\/VunderSkizze"]}]}},"_links":{"self":[{"href":"https:\/\/hobstop.ee\/lv\/wp-json\/wp\/v2\/product\/236536","targetHints":{"allow":["GET"]}}],"collection":[{"href":"https:\/\/hobstop.ee\/lv\/wp-json\/wp\/v2\/product"}],"about":[{"href":"https:\/\/hobstop.ee\/lv\/wp-json\/wp\/v2\/types\/product"}],"replies":[{"embeddable":true,"href":"https:\/\/hobstop.ee\/lv\/wp-json\/wp\/v2\/comments?post=236536"}],"wp:featuredmedia":[{"embeddable":true,"href":"https:\/\/hobstop.ee\/lv\/wp-json\/wp\/v2\/media\/237124"}],"wp:attachment":[{"href":"https:\/\/hobstop.ee\/lv\/wp-json\/wp\/v2\/media?parent=236536"}],"wp:term":[{"taxonomy":"product_cat","embeddable":true,"href":"https:\/\/hobstop.ee\/lv\/wp-json\/wp\/v2\/product_cat?post=236536"},{"taxonomy":"product_tag","embeddable":true,"href":"https:\/\/hobstop.ee\/lv\/wp-json\/wp\/v2\/product_tag?post=236536"}],"curies":[{"name":"wp","href":"https:\/\/api.w.org\/{rel}","templated":true}]}}