{"id":236544,"date":"2015-11-24T22:36:46","date_gmt":"2015-11-24T20:36:46","guid":{"rendered":"https:\/\/sharks.ee\/vunder_2019\/lv\/product\/ellas-krasa-winsornewton-artists-200ml\/"},"modified":"2015-11-24T22:36:46","modified_gmt":"2015-11-24T20:36:46","slug":"ellas-krasa-winsornewton-artists-200ml","status":"publish","type":"product","link":"https:\/\/hobstop.ee\/lv\/produkts\/ellas-krasa-winsornewton-artists-200ml\/","title":{"rendered":"E\u013c\u013cas kr\u0101sa Winsor&#038;Newton Artists 200ml"},"content":{"rendered":"<p>Apvienojum\u0101 ar vair\u0101k k\u0101 170 gadu ilgu pieredzi ra\u017eo\u0161an\u0101 un kvalit\u0101tes kontrol\u0113 Winsor&#038;Newton Artists e\u013c\u013cas kr\u0101su sast\u0101v\u0101 ir izmantoti vislab\u0101kie izejmateri\u0101li, lai ieg\u016btu pasaul\u0113 izsmalcin\u0101t\u0101k\u0101s kr\u0101sas. Winsor&#038;Newton izmanto Artists e\u013c\u013cas kr\u0101su ra\u017eo\u0161an\u0101 tikai pa\u0161us t\u012br\u0101kos pigmentus, radot spilgt\u0101kos to\u0146us, kas savuk\u0101rt veido vislab\u0101k\u0101s kr\u0101su kombin\u0101cijas. Visaugst\u0101k\u0101 l\u012bme\u0146a kvalit\u0101tes kontrole visos razo\u0161anas posmos, k\u0101 ar\u012b piem\u0113rot\u0101ko \u017e\u0101v\u0113jo\u0161o e\u013c\u013cu un pigmentu izkliedes meto\u017eu atlase garant\u0113 katras kr\u0101sas \u012bpa\u0161\u012bbu notur\u012bbu. Ikviena kr\u0101sa ir \u012bpa\u0161i atlas\u012bta, lai b\u016btu iesp\u0113jams veidot visda\u017e\u0101d\u0101k\u0101s kr\u0101su kombin\u0101cijas, sniedzot iesp\u0113ju m\u0101ksliniekam izveidot tie\u0161i sev piem\u0113rot\u0101ko kr\u0101su paleti. Winsor&#038;Newton kvalit\u0101tes standarti nosaka viena pigmenta izmanto\u0161anu, kur vien tas iesp\u0113jams, veidojot atsevi\u0161\u0137as kr\u0101sas. Apvienojot ar kr\u0101sas dzi\u013cumu, pigments viens pats nodro\u0161ina pla\u0161u to\u0146u kl\u0101stu, k\u0101 ar\u012b pied\u0101v\u0101 bezgal\u012bga diapazona t\u012br\u0101kus, spilgt\u0101kus mais\u012bjumus. Tas ir \u012bpa\u0161i svar\u012bgi za\u013cajiem, violetajiem un oran\u017eajiem to\u0146iem. Var izmantot biez\u0101 sl\u0101n\u012b ar paletes nazi vai ot\u0101m, vai ar\u012b t\u0101s var \u0161\u0137idrin\u0101t l\u012bdz pat \u013coti pl\u0101nai glaz\u0113juma pak\u0101pei. Winsor&#038;Newton Artists e\u013c\u013cas kr\u0101sas saglab\u0101jas m\u012bkstas un slapjas vair\u0101ku dienu garum\u0101, nodro\u0161inot pietiekami daudz laika nepiecie\u0161amiem uzlabojumiem un p\u0101rveidojumiem. Visas kr\u0101sas ieg\u016bst pl\u0101nu pl\u0113ves k\u0101rti\u0146u 2 l\u012bdz 12 dienu laik\u0101.<\/p>\n","protected":false},"excerpt":{"rendered":"<p>Apvienojum\u0101 ar vair\u0101k k\u0101 170 gadu ilgu pieredzi ra\u017eo\u0161an\u0101 un kvalit\u0101tes kontrol\u0113 Winsor&#038;Newton Artists e\u013c\u013cas kr\u0101su sast\u0101v\u0101 ir izmantoti vislab\u0101kie izejmateri\u0101li, lai ieg\u016btu pasaul\u0113 izsmalcin\u0101t\u0101k\u0101s kr\u0101sas. Winsor&#038;Newton izmanto Artists e\u013c\u013cas kr\u0101su ra\u017eo\u0161an\u0101 tikai pa\u0161us t\u012br\u0101kos pigmentus, radot spilgt\u0101kos to\u0146us, kas savuk\u0101rt veido vislab\u0101k\u0101s kr\u0101su kombin\u0101cijas. Visaugst\u0101k\u0101 l\u012bme\u0146a kvalit\u0101tes kontrole visos razo\u0161anas posmos, k\u0101 ar\u012b piem\u0113rot\u0101ko \u017e\u0101v\u0113jo\u0161o e\u013c\u013cu un pigmentu izkliedes meto\u017eu atlase garant\u0113 katras kr\u0101sas \u012bpa\u0161\u012bbu notur\u012bbu. Ikviena kr\u0101sa ir \u012bpa\u0161i atlas\u012bta, lai b\u016btu iesp\u0113jams veidot visda\u017e\u0101d\u0101k\u0101s kr\u0101su kombin\u0101cijas, sniedzot iesp\u0113ju m\u0101ksliniekam izveidot tie\u0161i sev piem\u0113rot\u0101ko kr\u0101su paleti. Winsor&#038;Newton kvalit\u0101tes standarti nosaka viena pigmenta izmanto\u0161anu, kur vien tas iesp\u0113jams, veidojot atsevi\u0161\u0137as kr\u0101sas. Apvienojot ar kr\u0101sas dzi\u013cumu, pigments viens pats nodro\u0161ina pla\u0161u to\u0146u kl\u0101stu, k\u0101 ar\u012b pied\u0101v\u0101 bezgal\u012bga diapazona t\u012br\u0101kus, spilgt\u0101kus mais\u012bjumus. Tas ir \u012bpa\u0161i svar\u012bgi za\u013cajiem, violetajiem un oran\u017eajiem to\u0146iem. Var izmantot biez\u0101 sl\u0101n\u012b ar paletes nazi vai ot\u0101m, vai ar\u012b t\u0101s var \u0161\u0137idrin\u0101t l\u012bdz pat \u013coti pl\u0101nai glaz\u0113juma pak\u0101pei. Winsor&#038;Newton Artists e\u013c\u013cas kr\u0101sas saglab\u0101jas m\u012bkstas un slapjas vair\u0101ku dienu garum\u0101, nodro\u0161inot pietiekami daudz laika nepiecie\u0161amiem uzlabojumiem un p\u0101rveidojumiem. Visas kr\u0101sas ieg\u016bst pl\u0101nu pl\u0113ves k\u0101rti\u0146u 2 l\u012bdz 12 dienu laik\u0101.<\/p>\n","protected":false},"featured_media":237132,"comment_status":"closed","ping_status":"closed","template":"","meta":{"_acf_changed":false,"ep_exclude_from_search":false},"product_cat":[18165,17980,16123],"product_tag":[],"class_list":{"0":"post-236544","1":"product","2":"type-product","3":"status-publish","4":"has-post-thumbnail","6":"product_cat-ellas-krasas-3","7":"product_cat-krasas-un-gleznosanas-paligmateriali","8":"product_cat-makslas-piederumi-2","10":"first","11":"instock","12":"taxable","13":"shipping-taxable","14":"purchasable","15":"product-type-simple"},"acf":[],"yoast_head":"<!-- This site is optimized with the Yoast SEO plugin v24.1 - https:\/\/yoast.com\/wordpress\/plugins\/seo\/ -->\n<title>E\u013c\u013cas kr\u0101sa Winsor&amp;Newton Artists 200ml &#8211; Skizze<\/title>\n<meta name=\"robots\" content=\"noindex, follow, max-snippet:-1, max-image-preview:large, max-video-preview:-1\" \/>\n<meta property=\"og:locale\" content=\"lv_LV\" \/>\n<meta property=\"og:type\" content=\"article\" \/>\n<meta property=\"og:title\" content=\"E\u013c\u013cas kr\u0101sa Winsor&amp;Newton Artists 200ml &#8211; Skizze\" \/>\n<meta property=\"og:description\" content=\"Apvienojum\u0101 ar vair\u0101k k\u0101 170 gadu ilgu pieredzi ra\u017eo\u0161an\u0101 un kvalit\u0101tes kontrol\u0113 Winsor&#038;Newton Artists e\u013c\u013cas kr\u0101su sast\u0101v\u0101 ir izmantoti vislab\u0101kie izejmateri\u0101li, lai ieg\u016btu pasaul\u0113 izsmalcin\u0101t\u0101k\u0101s kr\u0101sas. Winsor&#038;Newton izmanto Artists e\u013c\u013cas kr\u0101su ra\u017eo\u0161an\u0101 tikai pa\u0161us t\u012br\u0101kos pigmentus, radot spilgt\u0101kos to\u0146us, kas savuk\u0101rt veido vislab\u0101k\u0101s kr\u0101su kombin\u0101cijas. Visaugst\u0101k\u0101 l\u012bme\u0146a kvalit\u0101tes kontrole visos razo\u0161anas posmos, k\u0101 ar\u012b piem\u0113rot\u0101ko \u017e\u0101v\u0113jo\u0161o e\u013c\u013cu un pigmentu izkliedes meto\u017eu atlase garant\u0113 katras kr\u0101sas \u012bpa\u0161\u012bbu notur\u012bbu. Ikviena kr\u0101sa ir \u012bpa\u0161i atlas\u012bta, lai b\u016btu iesp\u0113jams veidot visda\u017e\u0101d\u0101k\u0101s kr\u0101su kombin\u0101cijas, sniedzot iesp\u0113ju m\u0101ksliniekam izveidot tie\u0161i sev piem\u0113rot\u0101ko kr\u0101su paleti. Winsor&#038;Newton kvalit\u0101tes standarti nosaka viena pigmenta izmanto\u0161anu, kur vien tas iesp\u0113jams, veidojot atsevi\u0161\u0137as kr\u0101sas. Apvienojot ar kr\u0101sas dzi\u013cumu, pigments viens pats nodro\u0161ina pla\u0161u to\u0146u kl\u0101stu, k\u0101 ar\u012b pied\u0101v\u0101 bezgal\u012bga diapazona t\u012br\u0101kus, spilgt\u0101kus mais\u012bjumus. Tas ir \u012bpa\u0161i svar\u012bgi za\u013cajiem, violetajiem un oran\u017eajiem to\u0146iem. Var izmantot biez\u0101 sl\u0101n\u012b ar paletes nazi vai ot\u0101m, vai ar\u012b t\u0101s var \u0161\u0137idrin\u0101t l\u012bdz pat \u013coti pl\u0101nai glaz\u0113juma pak\u0101pei. Winsor&#038;Newton Artists e\u013c\u013cas kr\u0101sas saglab\u0101jas m\u012bkstas un slapjas vair\u0101ku dienu garum\u0101, nodro\u0161inot pietiekami daudz laika nepiecie\u0161amiem uzlabojumiem un p\u0101rveidojumiem. Visas kr\u0101sas ieg\u016bst pl\u0101nu pl\u0113ves k\u0101rti\u0146u 2 l\u012bdz 12 dienu laik\u0101.\" \/>\n<meta property=\"og:url\" content=\"https:\/\/hobstop.ee\/lv\/produkts\/ellas-krasa-winsornewton-artists-200ml\/\" \/>\n<meta property=\"og:site_name\" content=\"Skizze\" \/>\n<meta property=\"article:publisher\" content=\"http:\/\/www.facebook.com\/VunderSkizze\" \/>\n<meta property=\"og:image\" content=\"https:\/\/hobstop.ee\/media\/3931.jpg\" \/>\n\t<meta property=\"og:image:width\" content=\"1024\" \/>\n\t<meta property=\"og:image:height\" content=\"768\" \/>\n\t<meta property=\"og:image:type\" content=\"image\/jpeg\" \/>\n<meta name=\"twitter:card\" content=\"summary_large_image\" \/>\n<meta name=\"twitter:label1\" content=\"Est. reading time\" \/>\n\t<meta name=\"twitter:data1\" content=\"1 min\u016b\u0161u\" \/>\n<script type=\"application\/ld+json\" class=\"yoast-schema-graph\">{\"@context\":\"https:\/\/schema.org\",\"@graph\":[{\"@type\":\"WebPage\",\"@id\":\"https:\/\/hobstop.ee\/lv\/produkts\/ellas-krasa-winsornewton-artists-200ml\/\",\"url\":\"https:\/\/hobstop.ee\/lv\/produkts\/ellas-krasa-winsornewton-artists-200ml\/\",\"name\":\"E\u013c\u013cas kr\u0101sa Winsor&Newton Artists 200ml &#8211; Skizze\",\"isPartOf\":{\"@id\":\"https:\/\/hobstop.ee\/lv\/#website\"},\"primaryImageOfPage\":{\"@id\":\"https:\/\/hobstop.ee\/lv\/produkts\/ellas-krasa-winsornewton-artists-200ml\/#primaryimage\"},\"image\":{\"@id\":\"https:\/\/hobstop.ee\/lv\/produkts\/ellas-krasa-winsornewton-artists-200ml\/#primaryimage\"},\"thumbnailUrl\":\"https:\/\/hobstop.ee\/media\/3931.jpg\",\"datePublished\":\"2015-11-24T20:36:46+00:00\",\"dateModified\":\"2015-11-24T20:36:46+00:00\",\"breadcrumb\":{\"@id\":\"https:\/\/hobstop.ee\/lv\/produkts\/ellas-krasa-winsornewton-artists-200ml\/#breadcrumb\"},\"inLanguage\":\"lv-LV\",\"potentialAction\":[{\"@type\":\"ReadAction\",\"target\":[\"https:\/\/hobstop.ee\/lv\/produkts\/ellas-krasa-winsornewton-artists-200ml\/\"]}]},{\"@type\":\"ImageObject\",\"inLanguage\":\"lv-LV\",\"@id\":\"https:\/\/hobstop.ee\/lv\/produkts\/ellas-krasa-winsornewton-artists-200ml\/#primaryimage\",\"url\":\"https:\/\/hobstop.ee\/media\/3931.jpg\",\"contentUrl\":\"https:\/\/hobstop.ee\/media\/3931.jpg\",\"width\":1024,\"height\":768},{\"@type\":\"BreadcrumbList\",\"@id\":\"https:\/\/hobstop.ee\/lv\/produkts\/ellas-krasa-winsornewton-artists-200ml\/#breadcrumb\",\"itemListElement\":[{\"@type\":\"ListItem\",\"position\":1,\"name\":\"Avaleht\",\"item\":\"https:\/\/hobstop.ee\/lv\/\"},{\"@type\":\"ListItem\",\"position\":2,\"name\":\"Veikals\",\"item\":\"https:\/\/hobstop.ee\/lv\/veikals\/\"},{\"@type\":\"ListItem\",\"position\":3,\"name\":\"E\u013c\u013cas kr\u0101sa Winsor&#038;Newton Artists 200ml\"}]},{\"@type\":\"WebSite\",\"@id\":\"https:\/\/hobstop.ee\/lv\/#website\",\"url\":\"https:\/\/hobstop.ee\/lv\/\",\"name\":\"Skizze\",\"description\":\"M\u0101kslas, hobiju un skolas preces\",\"publisher\":{\"@id\":\"https:\/\/hobstop.ee\/lv\/#organization\"},\"potentialAction\":[{\"@type\":\"SearchAction\",\"target\":{\"@type\":\"EntryPoint\",\"urlTemplate\":\"https:\/\/hobstop.ee\/lv\/?s={search_term_string}\"},\"query-input\":{\"@type\":\"PropertyValueSpecification\",\"valueRequired\":true,\"valueName\":\"search_term_string\"}}],\"inLanguage\":\"lv-LV\"},{\"@type\":\"Organization\",\"@id\":\"https:\/\/hobstop.ee\/lv\/#organization\",\"name\":\"Vunder AS\",\"url\":\"https:\/\/hobstop.ee\/lv\/\",\"logo\":{\"@type\":\"ImageObject\",\"inLanguage\":\"lv-LV\",\"@id\":\"https:\/\/hobstop.ee\/lv\/#\/schema\/logo\/image\/\",\"url\":\"https:\/\/hobstop.ee\/media\/vunder-logo.png\",\"contentUrl\":\"https:\/\/hobstop.ee\/media\/vunder-logo.png\",\"width\":127,\"height\":55,\"caption\":\"Vunder AS\"},\"image\":{\"@id\":\"https:\/\/hobstop.ee\/lv\/#\/schema\/logo\/image\/\"},\"sameAs\":[\"http:\/\/www.facebook.com\/VunderSkizze\"]}]}<\/script>\n<!-- \/ Yoast SEO plugin. -->","yoast_head_json":{"title":"E\u013c\u013cas kr\u0101sa Winsor&Newton Artists 200ml &#8211; Skizze","robots":{"index":"noindex","follow":"follow","max-snippet":"max-snippet:-1","max-image-preview":"max-image-preview:large","max-video-preview":"max-video-preview:-1"},"og_locale":"lv_LV","og_type":"article","og_title":"E\u013c\u013cas kr\u0101sa Winsor&Newton Artists 200ml &#8211; Skizze","og_description":"Apvienojum\u0101 ar vair\u0101k k\u0101 170 gadu ilgu pieredzi ra\u017eo\u0161an\u0101 un kvalit\u0101tes kontrol\u0113 Winsor&#038;Newton Artists e\u013c\u013cas kr\u0101su sast\u0101v\u0101 ir izmantoti vislab\u0101kie izejmateri\u0101li, lai ieg\u016btu pasaul\u0113 izsmalcin\u0101t\u0101k\u0101s kr\u0101sas. Winsor&#038;Newton izmanto Artists e\u013c\u013cas kr\u0101su ra\u017eo\u0161an\u0101 tikai pa\u0161us t\u012br\u0101kos pigmentus, radot spilgt\u0101kos to\u0146us, kas savuk\u0101rt veido vislab\u0101k\u0101s kr\u0101su kombin\u0101cijas. Visaugst\u0101k\u0101 l\u012bme\u0146a kvalit\u0101tes kontrole visos razo\u0161anas posmos, k\u0101 ar\u012b piem\u0113rot\u0101ko \u017e\u0101v\u0113jo\u0161o e\u013c\u013cu un pigmentu izkliedes meto\u017eu atlase garant\u0113 katras kr\u0101sas \u012bpa\u0161\u012bbu notur\u012bbu. Ikviena kr\u0101sa ir \u012bpa\u0161i atlas\u012bta, lai b\u016btu iesp\u0113jams veidot visda\u017e\u0101d\u0101k\u0101s kr\u0101su kombin\u0101cijas, sniedzot iesp\u0113ju m\u0101ksliniekam izveidot tie\u0161i sev piem\u0113rot\u0101ko kr\u0101su paleti. Winsor&#038;Newton kvalit\u0101tes standarti nosaka viena pigmenta izmanto\u0161anu, kur vien tas iesp\u0113jams, veidojot atsevi\u0161\u0137as kr\u0101sas. Apvienojot ar kr\u0101sas dzi\u013cumu, pigments viens pats nodro\u0161ina pla\u0161u to\u0146u kl\u0101stu, k\u0101 ar\u012b pied\u0101v\u0101 bezgal\u012bga diapazona t\u012br\u0101kus, spilgt\u0101kus mais\u012bjumus. Tas ir \u012bpa\u0161i svar\u012bgi za\u013cajiem, violetajiem un oran\u017eajiem to\u0146iem. Var izmantot biez\u0101 sl\u0101n\u012b ar paletes nazi vai ot\u0101m, vai ar\u012b t\u0101s var \u0161\u0137idrin\u0101t l\u012bdz pat \u013coti pl\u0101nai glaz\u0113juma pak\u0101pei. Winsor&#038;Newton Artists e\u013c\u013cas kr\u0101sas saglab\u0101jas m\u012bkstas un slapjas vair\u0101ku dienu garum\u0101, nodro\u0161inot pietiekami daudz laika nepiecie\u0161amiem uzlabojumiem un p\u0101rveidojumiem. Visas kr\u0101sas ieg\u016bst pl\u0101nu pl\u0113ves k\u0101rti\u0146u 2 l\u012bdz 12 dienu laik\u0101.","og_url":"https:\/\/hobstop.ee\/lv\/produkts\/ellas-krasa-winsornewton-artists-200ml\/","og_site_name":"Skizze","article_publisher":"http:\/\/www.facebook.com\/VunderSkizze","og_image":[{"width":1024,"height":768,"url":"https:\/\/hobstop.ee\/media\/3931.jpg","type":"image\/jpeg"}],"twitter_card":"summary_large_image","twitter_misc":{"Est. reading time":"1 min\u016b\u0161u"},"schema":{"@context":"https:\/\/schema.org","@graph":[{"@type":"WebPage","@id":"https:\/\/hobstop.ee\/lv\/produkts\/ellas-krasa-winsornewton-artists-200ml\/","url":"https:\/\/hobstop.ee\/lv\/produkts\/ellas-krasa-winsornewton-artists-200ml\/","name":"E\u013c\u013cas kr\u0101sa Winsor&Newton Artists 200ml &#8211; Skizze","isPartOf":{"@id":"https:\/\/hobstop.ee\/lv\/#website"},"primaryImageOfPage":{"@id":"https:\/\/hobstop.ee\/lv\/produkts\/ellas-krasa-winsornewton-artists-200ml\/#primaryimage"},"image":{"@id":"https:\/\/hobstop.ee\/lv\/produkts\/ellas-krasa-winsornewton-artists-200ml\/#primaryimage"},"thumbnailUrl":"https:\/\/hobstop.ee\/media\/3931.jpg","datePublished":"2015-11-24T20:36:46+00:00","dateModified":"2015-11-24T20:36:46+00:00","breadcrumb":{"@id":"https:\/\/hobstop.ee\/lv\/produkts\/ellas-krasa-winsornewton-artists-200ml\/#breadcrumb"},"inLanguage":"lv-LV","potentialAction":[{"@type":"ReadAction","target":["https:\/\/hobstop.ee\/lv\/produkts\/ellas-krasa-winsornewton-artists-200ml\/"]}]},{"@type":"ImageObject","inLanguage":"lv-LV","@id":"https:\/\/hobstop.ee\/lv\/produkts\/ellas-krasa-winsornewton-artists-200ml\/#primaryimage","url":"https:\/\/hobstop.ee\/media\/3931.jpg","contentUrl":"https:\/\/hobstop.ee\/media\/3931.jpg","width":1024,"height":768},{"@type":"BreadcrumbList","@id":"https:\/\/hobstop.ee\/lv\/produkts\/ellas-krasa-winsornewton-artists-200ml\/#breadcrumb","itemListElement":[{"@type":"ListItem","position":1,"name":"Avaleht","item":"https:\/\/hobstop.ee\/lv\/"},{"@type":"ListItem","position":2,"name":"Veikals","item":"https:\/\/hobstop.ee\/lv\/veikals\/"},{"@type":"ListItem","position":3,"name":"E\u013c\u013cas kr\u0101sa Winsor&#038;Newton Artists 200ml"}]},{"@type":"WebSite","@id":"https:\/\/hobstop.ee\/lv\/#website","url":"https:\/\/hobstop.ee\/lv\/","name":"Skizze","description":"M\u0101kslas, hobiju un skolas preces","publisher":{"@id":"https:\/\/hobstop.ee\/lv\/#organization"},"potentialAction":[{"@type":"SearchAction","target":{"@type":"EntryPoint","urlTemplate":"https:\/\/hobstop.ee\/lv\/?s={search_term_string}"},"query-input":{"@type":"PropertyValueSpecification","valueRequired":true,"valueName":"search_term_string"}}],"inLanguage":"lv-LV"},{"@type":"Organization","@id":"https:\/\/hobstop.ee\/lv\/#organization","name":"Vunder AS","url":"https:\/\/hobstop.ee\/lv\/","logo":{"@type":"ImageObject","inLanguage":"lv-LV","@id":"https:\/\/hobstop.ee\/lv\/#\/schema\/logo\/image\/","url":"https:\/\/hobstop.ee\/media\/vunder-logo.png","contentUrl":"https:\/\/hobstop.ee\/media\/vunder-logo.png","width":127,"height":55,"caption":"Vunder AS"},"image":{"@id":"https:\/\/hobstop.ee\/lv\/#\/schema\/logo\/image\/"},"sameAs":["http:\/\/www.facebook.com\/VunderSkizze"]}]}},"_links":{"self":[{"href":"https:\/\/hobstop.ee\/lv\/wp-json\/wp\/v2\/product\/236544","targetHints":{"allow":["GET"]}}],"collection":[{"href":"https:\/\/hobstop.ee\/lv\/wp-json\/wp\/v2\/product"}],"about":[{"href":"https:\/\/hobstop.ee\/lv\/wp-json\/wp\/v2\/types\/product"}],"replies":[{"embeddable":true,"href":"https:\/\/hobstop.ee\/lv\/wp-json\/wp\/v2\/comments?post=236544"}],"wp:featuredmedia":[{"embeddable":true,"href":"https:\/\/hobstop.ee\/lv\/wp-json\/wp\/v2\/media\/237132"}],"wp:attachment":[{"href":"https:\/\/hobstop.ee\/lv\/wp-json\/wp\/v2\/media?parent=236544"}],"wp:term":[{"taxonomy":"product_cat","embeddable":true,"href":"https:\/\/hobstop.ee\/lv\/wp-json\/wp\/v2\/product_cat?post=236544"},{"taxonomy":"product_tag","embeddable":true,"href":"https:\/\/hobstop.ee\/lv\/wp-json\/wp\/v2\/product_tag?post=236544"}],"curies":[{"name":"wp","href":"https:\/\/api.w.org\/{rel}","templated":true}]}}