{"id":23673,"date":"2014-12-09T12:52:50","date_gmt":"2014-12-09T10:52:50","guid":{"rendered":"https:\/\/sharks.ee\/vunder_2019.klient.veebimajutus.ee\/?post_type=product&#038;p=23673"},"modified":"2014-12-09T12:52:50","modified_gmt":"2014-12-09T10:52:50","slug":"preseta-ogle-derwent","status":"publish","type":"product","link":"https:\/\/hobstop.ee\/lv\/produkts\/preseta-ogle-derwent\/","title":{"rendered":"Pres\u0113ta ogle Derwent"},"content":{"rendered":"<p>Compressed Charcoal ir ciets, t\u012bras, p\u0101rstr\u0101d\u0101tas ogles kr\u012bti\u0146\u0161, tas rada dzi\u013cus un bl\u012bvus to\u0146us ar pavisam citu tekst\u016bru, sal\u012bdzinot ar graf\u012btu. To var izmantot br\u012bvu kr\u0101sojumu vai smalku nobeiguma l\u012bniju rad\u012b\u0161anai.<br \/>\n\u010cetrst\u016brveida 8mm kr\u012bti\u0146\u0161,  garums 75mm<\/p>\n","protected":false},"excerpt":{"rendered":"<p>Compressed Charcoal ir ciets, t\u012bras, p\u0101rstr\u0101d\u0101tas ogles kr\u012bti\u0146\u0161, tas rada dzi\u013cus un bl\u012bvus to\u0146us ar pavisam citu tekst\u016bru, sal\u012bdzinot ar graf\u012btu. To var izmantot br\u012bvu kr\u0101sojumu vai smalku nobeiguma l\u012bniju rad\u012b\u0161anai. \u010cetrst\u016brveida 8mm kr\u012bti\u0146\u0161, garums 75mm<\/p>\n","protected":false},"featured_media":103290,"comment_status":"closed","ping_status":"closed","template":"","meta":{"_acf_changed":false,"ep_exclude_from_search":false},"product_cat":[16123,18327,18931],"product_tag":[],"class_list":{"0":"post-23673","1":"product","2":"type-product","3":"status-publish","4":"has-post-thumbnail","6":"product_cat-makslas-piederumi-2","7":"product_cat-olge-un-ogles-zimuli-2","8":"product_cat-zimesanas-piederumi-3","10":"first","11":"outofstock","12":"taxable","13":"shipping-taxable","14":"purchasable","15":"product-type-variable"},"acf":[],"yoast_head":"<!-- This site is optimized with the Yoast SEO plugin v24.1 - https:\/\/yoast.com\/wordpress\/plugins\/seo\/ -->\n<title>Pres\u0113ta ogle Derwent &#8211; Skizze<\/title>\n<meta name=\"robots\" content=\"noindex, follow, max-snippet:-1, max-image-preview:large, max-video-preview:-1\" \/>\n<meta property=\"og:locale\" content=\"lv_LV\" \/>\n<meta property=\"og:type\" content=\"article\" \/>\n<meta property=\"og:title\" content=\"Pres\u0113ta ogle Derwent &#8211; Skizze\" \/>\n<meta property=\"og:description\" content=\"Compressed Charcoal ir ciets, t\u012bras, p\u0101rstr\u0101d\u0101tas ogles kr\u012bti\u0146\u0161, tas rada dzi\u013cus un bl\u012bvus to\u0146us ar pavisam citu tekst\u016bru, sal\u012bdzinot ar graf\u012btu. To var izmantot br\u012bvu kr\u0101sojumu vai smalku nobeiguma l\u012bniju rad\u012b\u0161anai. \u010cetrst\u016brveida 8mm kr\u012bti\u0146\u0161, garums 75mm\" \/>\n<meta property=\"og:url\" content=\"https:\/\/hobstop.ee\/lv\/produkts\/preseta-ogle-derwent\/\" \/>\n<meta property=\"og:site_name\" content=\"Skizze\" \/>\n<meta property=\"article:publisher\" content=\"http:\/\/www.facebook.com\/VunderSkizze\" \/>\n<meta property=\"og:image\" content=\"https:\/\/www.hobstop.ee\/media\/1525.jpg\" \/>\n\t<meta property=\"og:image:width\" content=\"1024\" \/>\n\t<meta property=\"og:image:height\" content=\"768\" \/>\n\t<meta property=\"og:image:type\" content=\"image\/jpeg\" \/>\n<meta name=\"twitter:card\" content=\"summary_large_image\" \/>\n<script type=\"application\/ld+json\" class=\"yoast-schema-graph\">{\"@context\":\"https:\/\/schema.org\",\"@graph\":[{\"@type\":\"WebPage\",\"@id\":\"https:\/\/hobstop.ee\/lv\/produkts\/preseta-ogle-derwent\/\",\"url\":\"https:\/\/hobstop.ee\/lv\/produkts\/preseta-ogle-derwent\/\",\"name\":\"Pres\u0113ta ogle Derwent &#8211; Skizze\",\"isPartOf\":{\"@id\":\"https:\/\/hobstop.ee\/lv\/#website\"},\"primaryImageOfPage\":{\"@id\":\"https:\/\/hobstop.ee\/lv\/produkts\/preseta-ogle-derwent\/#primaryimage\"},\"image\":{\"@id\":\"https:\/\/hobstop.ee\/lv\/produkts\/preseta-ogle-derwent\/#primaryimage\"},\"thumbnailUrl\":\"https:\/\/hobstop.ee\/media\/1525.jpg\",\"datePublished\":\"2014-12-09T10:52:50+00:00\",\"dateModified\":\"2014-12-09T10:52:50+00:00\",\"breadcrumb\":{\"@id\":\"https:\/\/hobstop.ee\/lv\/produkts\/preseta-ogle-derwent\/#breadcrumb\"},\"inLanguage\":\"lv-LV\",\"potentialAction\":[{\"@type\":\"ReadAction\",\"target\":[\"https:\/\/hobstop.ee\/lv\/produkts\/preseta-ogle-derwent\/\"]}]},{\"@type\":\"ImageObject\",\"inLanguage\":\"lv-LV\",\"@id\":\"https:\/\/hobstop.ee\/lv\/produkts\/preseta-ogle-derwent\/#primaryimage\",\"url\":\"https:\/\/hobstop.ee\/media\/1525.jpg\",\"contentUrl\":\"https:\/\/hobstop.ee\/media\/1525.jpg\",\"width\":1024,\"height\":768},{\"@type\":\"BreadcrumbList\",\"@id\":\"https:\/\/hobstop.ee\/lv\/produkts\/preseta-ogle-derwent\/#breadcrumb\",\"itemListElement\":[{\"@type\":\"ListItem\",\"position\":1,\"name\":\"Avaleht\",\"item\":\"https:\/\/www.hobstop.ee\/lv\/\"},{\"@type\":\"ListItem\",\"position\":2,\"name\":\"Veikals\",\"item\":\"https:\/\/www.hobstop.ee\/lv\/veikals\/\"},{\"@type\":\"ListItem\",\"position\":3,\"name\":\"Pres\u0113ta ogle Derwent\"}]},{\"@type\":\"WebSite\",\"@id\":\"https:\/\/hobstop.ee\/lv\/#website\",\"url\":\"https:\/\/hobstop.ee\/lv\/\",\"name\":\"Skizze\",\"description\":\"M\u0101kslas, hobiju un skolas preces\",\"publisher\":{\"@id\":\"https:\/\/hobstop.ee\/lv\/#organization\"},\"potentialAction\":[{\"@type\":\"SearchAction\",\"target\":{\"@type\":\"EntryPoint\",\"urlTemplate\":\"https:\/\/hobstop.ee\/lv\/?s={search_term_string}\"},\"query-input\":{\"@type\":\"PropertyValueSpecification\",\"valueRequired\":true,\"valueName\":\"search_term_string\"}}],\"inLanguage\":\"lv-LV\"},{\"@type\":\"Organization\",\"@id\":\"https:\/\/hobstop.ee\/lv\/#organization\",\"name\":\"Vunder AS\",\"url\":\"https:\/\/hobstop.ee\/lv\/\",\"logo\":{\"@type\":\"ImageObject\",\"inLanguage\":\"lv-LV\",\"@id\":\"https:\/\/hobstop.ee\/lv\/#\/schema\/logo\/image\/\",\"url\":\"https:\/\/hobstop.ee\/media\/vunder-logo.png\",\"contentUrl\":\"https:\/\/hobstop.ee\/media\/vunder-logo.png\",\"width\":127,\"height\":55,\"caption\":\"Vunder AS\"},\"image\":{\"@id\":\"https:\/\/hobstop.ee\/lv\/#\/schema\/logo\/image\/\"},\"sameAs\":[\"http:\/\/www.facebook.com\/VunderSkizze\"]}]}<\/script>\n<!-- \/ Yoast SEO plugin. -->","yoast_head_json":{"title":"Pres\u0113ta ogle Derwent &#8211; Skizze","robots":{"index":"noindex","follow":"follow","max-snippet":"max-snippet:-1","max-image-preview":"max-image-preview:large","max-video-preview":"max-video-preview:-1"},"og_locale":"lv_LV","og_type":"article","og_title":"Pres\u0113ta ogle Derwent &#8211; Skizze","og_description":"Compressed Charcoal ir ciets, t\u012bras, p\u0101rstr\u0101d\u0101tas ogles kr\u012bti\u0146\u0161, tas rada dzi\u013cus un bl\u012bvus to\u0146us ar pavisam citu tekst\u016bru, sal\u012bdzinot ar graf\u012btu. To var izmantot br\u012bvu kr\u0101sojumu vai smalku nobeiguma l\u012bniju rad\u012b\u0161anai. \u010cetrst\u016brveida 8mm kr\u012bti\u0146\u0161, garums 75mm","og_url":"https:\/\/hobstop.ee\/lv\/produkts\/preseta-ogle-derwent\/","og_site_name":"Skizze","article_publisher":"http:\/\/www.facebook.com\/VunderSkizze","og_image":[{"width":1024,"height":768,"url":"https:\/\/www.hobstop.ee\/media\/1525.jpg","type":"image\/jpeg"}],"twitter_card":"summary_large_image","schema":{"@context":"https:\/\/schema.org","@graph":[{"@type":"WebPage","@id":"https:\/\/hobstop.ee\/lv\/produkts\/preseta-ogle-derwent\/","url":"https:\/\/hobstop.ee\/lv\/produkts\/preseta-ogle-derwent\/","name":"Pres\u0113ta ogle Derwent &#8211; Skizze","isPartOf":{"@id":"https:\/\/hobstop.ee\/lv\/#website"},"primaryImageOfPage":{"@id":"https:\/\/hobstop.ee\/lv\/produkts\/preseta-ogle-derwent\/#primaryimage"},"image":{"@id":"https:\/\/hobstop.ee\/lv\/produkts\/preseta-ogle-derwent\/#primaryimage"},"thumbnailUrl":"https:\/\/hobstop.ee\/media\/1525.jpg","datePublished":"2014-12-09T10:52:50+00:00","dateModified":"2014-12-09T10:52:50+00:00","breadcrumb":{"@id":"https:\/\/hobstop.ee\/lv\/produkts\/preseta-ogle-derwent\/#breadcrumb"},"inLanguage":"lv-LV","potentialAction":[{"@type":"ReadAction","target":["https:\/\/hobstop.ee\/lv\/produkts\/preseta-ogle-derwent\/"]}]},{"@type":"ImageObject","inLanguage":"lv-LV","@id":"https:\/\/hobstop.ee\/lv\/produkts\/preseta-ogle-derwent\/#primaryimage","url":"https:\/\/hobstop.ee\/media\/1525.jpg","contentUrl":"https:\/\/hobstop.ee\/media\/1525.jpg","width":1024,"height":768},{"@type":"BreadcrumbList","@id":"https:\/\/hobstop.ee\/lv\/produkts\/preseta-ogle-derwent\/#breadcrumb","itemListElement":[{"@type":"ListItem","position":1,"name":"Avaleht","item":"https:\/\/www.hobstop.ee\/lv\/"},{"@type":"ListItem","position":2,"name":"Veikals","item":"https:\/\/www.hobstop.ee\/lv\/veikals\/"},{"@type":"ListItem","position":3,"name":"Pres\u0113ta ogle Derwent"}]},{"@type":"WebSite","@id":"https:\/\/hobstop.ee\/lv\/#website","url":"https:\/\/hobstop.ee\/lv\/","name":"Skizze","description":"M\u0101kslas, hobiju un skolas preces","publisher":{"@id":"https:\/\/hobstop.ee\/lv\/#organization"},"potentialAction":[{"@type":"SearchAction","target":{"@type":"EntryPoint","urlTemplate":"https:\/\/hobstop.ee\/lv\/?s={search_term_string}"},"query-input":{"@type":"PropertyValueSpecification","valueRequired":true,"valueName":"search_term_string"}}],"inLanguage":"lv-LV"},{"@type":"Organization","@id":"https:\/\/hobstop.ee\/lv\/#organization","name":"Vunder AS","url":"https:\/\/hobstop.ee\/lv\/","logo":{"@type":"ImageObject","inLanguage":"lv-LV","@id":"https:\/\/hobstop.ee\/lv\/#\/schema\/logo\/image\/","url":"https:\/\/hobstop.ee\/media\/vunder-logo.png","contentUrl":"https:\/\/hobstop.ee\/media\/vunder-logo.png","width":127,"height":55,"caption":"Vunder AS"},"image":{"@id":"https:\/\/hobstop.ee\/lv\/#\/schema\/logo\/image\/"},"sameAs":["http:\/\/www.facebook.com\/VunderSkizze"]}]}},"_links":{"self":[{"href":"https:\/\/hobstop.ee\/lv\/wp-json\/wp\/v2\/product\/23673","targetHints":{"allow":["GET"]}}],"collection":[{"href":"https:\/\/hobstop.ee\/lv\/wp-json\/wp\/v2\/product"}],"about":[{"href":"https:\/\/hobstop.ee\/lv\/wp-json\/wp\/v2\/types\/product"}],"replies":[{"embeddable":true,"href":"https:\/\/hobstop.ee\/lv\/wp-json\/wp\/v2\/comments?post=23673"}],"wp:featuredmedia":[{"embeddable":true,"href":"https:\/\/hobstop.ee\/lv\/wp-json\/wp\/v2\/media\/103290"}],"wp:attachment":[{"href":"https:\/\/hobstop.ee\/lv\/wp-json\/wp\/v2\/media?parent=23673"}],"wp:term":[{"taxonomy":"product_cat","embeddable":true,"href":"https:\/\/hobstop.ee\/lv\/wp-json\/wp\/v2\/product_cat?post=23673"},{"taxonomy":"product_tag","embeddable":true,"href":"https:\/\/hobstop.ee\/lv\/wp-json\/wp\/v2\/product_tag?post=23673"}],"curies":[{"name":"wp","href":"https:\/\/api.w.org\/{rel}","templated":true}]}}