{"id":23744,"date":"2014-12-09T12:53:21","date_gmt":"2014-12-09T10:53:21","guid":{"rendered":"https:\/\/sharks.ee\/vunder_2019.klient.veebimajutus.ee\/?post_type=product&#038;p=23744"},"modified":"2014-12-09T12:53:21","modified_gmt":"2014-12-09T10:53:21","slug":"laka-salvesu-tehnikai-aqua-gloss","status":"publish","type":"product","link":"https:\/\/hobstop.ee\/lv\/produkts\/laka-salvesu-tehnikai-aqua-gloss\/","title":{"rendered":"Laka salve\u0161u tehnikai Aqua Gloss"},"content":{"rendered":"<p>Caursp\u012bd\u012bg\u0101, \u016bdensdro\u0161\u0101 Marabu Aqua Varnish laka ir izgatavota uz \u016bdens b\u0101zes un t\u0101 ir ide\u0101li piem\u0113rota izmanto\u0161anai b\u0113rnud\u0101rzos, skol\u0101s, darbn\u012bc\u0101s un m\u0101j\u0101s no pap\u012bra, kartona, veido\u0161anas masas, koka, met\u0101la, akmens un skaidu pl\u0101ksnes, k\u0101 ar\u012b salve\u0161u tehnik\u0101 noform\u0113tu priek\u0161metu kr\u0101so\u0161anai. Laka veido uz virsmas caursp\u012bd\u012bgu aizsargsl\u0101ni ir piem\u0113rota ar\u012b visu pret apk\u0101rt\u0113j\u0101s vides iedarb\u012bbu dro\u0161o Marabu kr\u0101su p\u0101rkl\u0101\u0161anai. Laka no\u017e\u016bst un k\u013c\u016bst sk\u0101riendro\u0161a apm\u0113ram 30min laik\u0101.  Otas j\u0101mazg\u0101 ar \u016bdeni nekav\u0113joties p\u0113c darba pabeig\u0161anas.  Marabu Aqua Varnish ir iztur\u012bga pret apk\u0101rt\u0113j\u0101s vides iedarb\u012bbu un gaismu.  Bund\u017e\u0101 un uzkl\u0101\u0161anas laik\u0101 lakai ir pienaina konsistence, ta\u010du p\u0113c no\u017e\u016b\u0161anas t\u0101 k\u013c\u016bst piln\u012bgi caursp\u012bd\u012bga.  Laka nav piem\u0113rota t\u0101du kr\u0101su un materi\u0101lu lako\u0161anai, kas p\u0113c no\u017e\u016b\u0161anas viegli \u0161\u0137\u012bst \u016bden\u012b.<\/p>\n","protected":false},"excerpt":{"rendered":"<p>Caursp\u012bd\u012bg\u0101, \u016bdensdro\u0161\u0101 Marabu Aqua Varnish laka ir izgatavota uz \u016bdens b\u0101zes un t\u0101 ir ide\u0101li piem\u0113rota izmanto\u0161anai b\u0113rnud\u0101rzos, skol\u0101s, darbn\u012bc\u0101s un m\u0101j\u0101s no pap\u012bra, kartona, veido\u0161anas masas, koka, met\u0101la, akmens un skaidu pl\u0101ksnes, k\u0101 ar\u012b salve\u0161u tehnik\u0101 noform\u0113tu priek\u0161metu kr\u0101so\u0161anai. Laka veido uz virsmas caursp\u012bd\u012bgu aizsargsl\u0101ni ir piem\u0113rota ar\u012b visu pret apk\u0101rt\u0113j\u0101s vides iedarb\u012bbu dro\u0161o Marabu kr\u0101su p\u0101rkl\u0101\u0161anai. Laka no\u017e\u016bst un k\u013c\u016bst sk\u0101riendro\u0161a apm\u0113ram 30min laik\u0101. Otas j\u0101mazg\u0101 ar \u016bdeni nekav\u0113joties p\u0113c darba pabeig\u0161anas. Marabu Aqua Varnish ir iztur\u012bga pret apk\u0101rt\u0113j\u0101s vides iedarb\u012bbu un gaismu. Bund\u017e\u0101 un uzkl\u0101\u0161anas laik\u0101 lakai ir pienaina konsistence, ta\u010du p\u0113c no\u017e\u016b\u0161anas t\u0101 k\u013c\u016bst piln\u012bgi caursp\u012bd\u012bga. Laka nav piem\u0113rota t\u0101du kr\u0101su un materi\u0101lu lako\u0161anai, kas p\u0113c no\u017e\u016b\u0161anas viegli \u0161\u0137\u012bst \u016bden\u012b.<\/p>\n","protected":false},"featured_media":352747,"comment_status":"closed","ping_status":"closed","template":"","meta":{"_acf_changed":false,"ep_exclude_from_search":false},"product_cat":[17954,17918,18961],"product_tag":[],"class_list":{"0":"post-23744","1":"product","2":"type-product","3":"status-publish","4":"has-post-thumbnail","6":"product_cat-decor-krasas-un-lakas","7":"product_cat-preces-hobijiem","8":"product_cat-salvesu-tehnikas-lakas-3","10":"first","11":"outofstock","12":"taxable","13":"shipping-taxable","14":"purchasable","15":"product-type-variable"},"acf":[],"yoast_head":"<!-- This site is optimized with the Yoast SEO plugin v24.1 - https:\/\/yoast.com\/wordpress\/plugins\/seo\/ -->\n<title>Laka salve\u0161u tehnikai Aqua Gloss &#8211; Skizze<\/title>\n<meta name=\"robots\" content=\"noindex, follow, max-snippet:-1, max-image-preview:large, max-video-preview:-1\" \/>\n<meta property=\"og:locale\" content=\"lv_LV\" \/>\n<meta property=\"og:type\" content=\"article\" \/>\n<meta property=\"og:title\" content=\"Laka salve\u0161u tehnikai Aqua Gloss &#8211; Skizze\" \/>\n<meta property=\"og:description\" content=\"Caursp\u012bd\u012bg\u0101, \u016bdensdro\u0161\u0101 Marabu Aqua Varnish laka ir izgatavota uz \u016bdens b\u0101zes un t\u0101 ir ide\u0101li piem\u0113rota izmanto\u0161anai b\u0113rnud\u0101rzos, skol\u0101s, darbn\u012bc\u0101s un m\u0101j\u0101s no pap\u012bra, kartona, veido\u0161anas masas, koka, met\u0101la, akmens un skaidu pl\u0101ksnes, k\u0101 ar\u012b salve\u0161u tehnik\u0101 noform\u0113tu priek\u0161metu kr\u0101so\u0161anai. Laka veido uz virsmas caursp\u012bd\u012bgu aizsargsl\u0101ni ir piem\u0113rota ar\u012b visu pret apk\u0101rt\u0113j\u0101s vides iedarb\u012bbu dro\u0161o Marabu kr\u0101su p\u0101rkl\u0101\u0161anai. Laka no\u017e\u016bst un k\u013c\u016bst sk\u0101riendro\u0161a apm\u0113ram 30min laik\u0101. Otas j\u0101mazg\u0101 ar \u016bdeni nekav\u0113joties p\u0113c darba pabeig\u0161anas. Marabu Aqua Varnish ir iztur\u012bga pret apk\u0101rt\u0113j\u0101s vides iedarb\u012bbu un gaismu. Bund\u017e\u0101 un uzkl\u0101\u0161anas laik\u0101 lakai ir pienaina konsistence, ta\u010du p\u0113c no\u017e\u016b\u0161anas t\u0101 k\u013c\u016bst piln\u012bgi caursp\u012bd\u012bga. Laka nav piem\u0113rota t\u0101du kr\u0101su un materi\u0101lu lako\u0161anai, kas p\u0113c no\u017e\u016b\u0161anas viegli \u0161\u0137\u012bst \u016bden\u012b.\" \/>\n<meta property=\"og:url\" content=\"https:\/\/hobstop.ee\/lv\/produkts\/laka-salvesu-tehnikai-aqua-gloss\/\" \/>\n<meta property=\"og:site_name\" content=\"Skizze\" \/>\n<meta property=\"article:publisher\" content=\"http:\/\/www.facebook.com\/VunderSkizze\" \/>\n<meta property=\"og:image\" content=\"https:\/\/hobstop.ee\/media\/1634.jpg\" \/>\n\t<meta property=\"og:image:width\" content=\"1024\" \/>\n\t<meta property=\"og:image:height\" content=\"768\" \/>\n\t<meta property=\"og:image:type\" content=\"image\/jpeg\" \/>\n<meta name=\"twitter:card\" content=\"summary_large_image\" \/>\n<meta name=\"twitter:label1\" content=\"Est. reading time\" \/>\n\t<meta name=\"twitter:data1\" content=\"1 min\u016b\u0161u\" \/>\n<script type=\"application\/ld+json\" class=\"yoast-schema-graph\">{\"@context\":\"https:\/\/schema.org\",\"@graph\":[{\"@type\":\"WebPage\",\"@id\":\"https:\/\/hobstop.ee\/lv\/produkts\/laka-salvesu-tehnikai-aqua-gloss\/\",\"url\":\"https:\/\/hobstop.ee\/lv\/produkts\/laka-salvesu-tehnikai-aqua-gloss\/\",\"name\":\"Laka salve\u0161u tehnikai Aqua Gloss &#8211; Skizze\",\"isPartOf\":{\"@id\":\"https:\/\/hobstop.ee\/lv\/#website\"},\"primaryImageOfPage\":{\"@id\":\"https:\/\/hobstop.ee\/lv\/produkts\/laka-salvesu-tehnikai-aqua-gloss\/#primaryimage\"},\"image\":{\"@id\":\"https:\/\/hobstop.ee\/lv\/produkts\/laka-salvesu-tehnikai-aqua-gloss\/#primaryimage\"},\"thumbnailUrl\":\"https:\/\/hobstop.ee\/media\/1634.jpg\",\"datePublished\":\"2014-12-09T10:53:21+00:00\",\"dateModified\":\"2014-12-09T10:53:21+00:00\",\"breadcrumb\":{\"@id\":\"https:\/\/hobstop.ee\/lv\/produkts\/laka-salvesu-tehnikai-aqua-gloss\/#breadcrumb\"},\"inLanguage\":\"lv-LV\",\"potentialAction\":[{\"@type\":\"ReadAction\",\"target\":[\"https:\/\/hobstop.ee\/lv\/produkts\/laka-salvesu-tehnikai-aqua-gloss\/\"]}]},{\"@type\":\"ImageObject\",\"inLanguage\":\"lv-LV\",\"@id\":\"https:\/\/hobstop.ee\/lv\/produkts\/laka-salvesu-tehnikai-aqua-gloss\/#primaryimage\",\"url\":\"https:\/\/hobstop.ee\/media\/1634.jpg\",\"contentUrl\":\"https:\/\/hobstop.ee\/media\/1634.jpg\",\"width\":1024,\"height\":768},{\"@type\":\"BreadcrumbList\",\"@id\":\"https:\/\/hobstop.ee\/lv\/produkts\/laka-salvesu-tehnikai-aqua-gloss\/#breadcrumb\",\"itemListElement\":[{\"@type\":\"ListItem\",\"position\":1,\"name\":\"Avaleht\",\"item\":\"https:\/\/hobstop.ee\/lv\/\"},{\"@type\":\"ListItem\",\"position\":2,\"name\":\"Veikals\",\"item\":\"https:\/\/hobstop.ee\/lv\/veikals\/\"},{\"@type\":\"ListItem\",\"position\":3,\"name\":\"Laka salve\u0161u tehnikai Aqua Gloss\"}]},{\"@type\":\"WebSite\",\"@id\":\"https:\/\/hobstop.ee\/lv\/#website\",\"url\":\"https:\/\/hobstop.ee\/lv\/\",\"name\":\"Skizze\",\"description\":\"M\u0101kslas, hobiju un skolas preces\",\"publisher\":{\"@id\":\"https:\/\/hobstop.ee\/lv\/#organization\"},\"potentialAction\":[{\"@type\":\"SearchAction\",\"target\":{\"@type\":\"EntryPoint\",\"urlTemplate\":\"https:\/\/hobstop.ee\/lv\/?s={search_term_string}\"},\"query-input\":{\"@type\":\"PropertyValueSpecification\",\"valueRequired\":true,\"valueName\":\"search_term_string\"}}],\"inLanguage\":\"lv-LV\"},{\"@type\":\"Organization\",\"@id\":\"https:\/\/hobstop.ee\/lv\/#organization\",\"name\":\"Vunder AS\",\"url\":\"https:\/\/hobstop.ee\/lv\/\",\"logo\":{\"@type\":\"ImageObject\",\"inLanguage\":\"lv-LV\",\"@id\":\"https:\/\/hobstop.ee\/lv\/#\/schema\/logo\/image\/\",\"url\":\"https:\/\/hobstop.ee\/media\/vunder-logo.png\",\"contentUrl\":\"https:\/\/hobstop.ee\/media\/vunder-logo.png\",\"width\":127,\"height\":55,\"caption\":\"Vunder AS\"},\"image\":{\"@id\":\"https:\/\/hobstop.ee\/lv\/#\/schema\/logo\/image\/\"},\"sameAs\":[\"http:\/\/www.facebook.com\/VunderSkizze\"]}]}<\/script>\n<!-- \/ Yoast SEO plugin. -->","yoast_head_json":{"title":"Laka salve\u0161u tehnikai Aqua Gloss &#8211; Skizze","robots":{"index":"noindex","follow":"follow","max-snippet":"max-snippet:-1","max-image-preview":"max-image-preview:large","max-video-preview":"max-video-preview:-1"},"og_locale":"lv_LV","og_type":"article","og_title":"Laka salve\u0161u tehnikai Aqua Gloss &#8211; Skizze","og_description":"Caursp\u012bd\u012bg\u0101, \u016bdensdro\u0161\u0101 Marabu Aqua Varnish laka ir izgatavota uz \u016bdens b\u0101zes un t\u0101 ir ide\u0101li piem\u0113rota izmanto\u0161anai b\u0113rnud\u0101rzos, skol\u0101s, darbn\u012bc\u0101s un m\u0101j\u0101s no pap\u012bra, kartona, veido\u0161anas masas, koka, met\u0101la, akmens un skaidu pl\u0101ksnes, k\u0101 ar\u012b salve\u0161u tehnik\u0101 noform\u0113tu priek\u0161metu kr\u0101so\u0161anai. Laka veido uz virsmas caursp\u012bd\u012bgu aizsargsl\u0101ni ir piem\u0113rota ar\u012b visu pret apk\u0101rt\u0113j\u0101s vides iedarb\u012bbu dro\u0161o Marabu kr\u0101su p\u0101rkl\u0101\u0161anai. Laka no\u017e\u016bst un k\u013c\u016bst sk\u0101riendro\u0161a apm\u0113ram 30min laik\u0101. Otas j\u0101mazg\u0101 ar \u016bdeni nekav\u0113joties p\u0113c darba pabeig\u0161anas. Marabu Aqua Varnish ir iztur\u012bga pret apk\u0101rt\u0113j\u0101s vides iedarb\u012bbu un gaismu. Bund\u017e\u0101 un uzkl\u0101\u0161anas laik\u0101 lakai ir pienaina konsistence, ta\u010du p\u0113c no\u017e\u016b\u0161anas t\u0101 k\u013c\u016bst piln\u012bgi caursp\u012bd\u012bga. Laka nav piem\u0113rota t\u0101du kr\u0101su un materi\u0101lu lako\u0161anai, kas p\u0113c no\u017e\u016b\u0161anas viegli \u0161\u0137\u012bst \u016bden\u012b.","og_url":"https:\/\/hobstop.ee\/lv\/produkts\/laka-salvesu-tehnikai-aqua-gloss\/","og_site_name":"Skizze","article_publisher":"http:\/\/www.facebook.com\/VunderSkizze","og_image":[{"width":1024,"height":768,"url":"https:\/\/hobstop.ee\/media\/1634.jpg","type":"image\/jpeg"}],"twitter_card":"summary_large_image","twitter_misc":{"Est. reading time":"1 min\u016b\u0161u"},"schema":{"@context":"https:\/\/schema.org","@graph":[{"@type":"WebPage","@id":"https:\/\/hobstop.ee\/lv\/produkts\/laka-salvesu-tehnikai-aqua-gloss\/","url":"https:\/\/hobstop.ee\/lv\/produkts\/laka-salvesu-tehnikai-aqua-gloss\/","name":"Laka salve\u0161u tehnikai Aqua Gloss &#8211; Skizze","isPartOf":{"@id":"https:\/\/hobstop.ee\/lv\/#website"},"primaryImageOfPage":{"@id":"https:\/\/hobstop.ee\/lv\/produkts\/laka-salvesu-tehnikai-aqua-gloss\/#primaryimage"},"image":{"@id":"https:\/\/hobstop.ee\/lv\/produkts\/laka-salvesu-tehnikai-aqua-gloss\/#primaryimage"},"thumbnailUrl":"https:\/\/hobstop.ee\/media\/1634.jpg","datePublished":"2014-12-09T10:53:21+00:00","dateModified":"2014-12-09T10:53:21+00:00","breadcrumb":{"@id":"https:\/\/hobstop.ee\/lv\/produkts\/laka-salvesu-tehnikai-aqua-gloss\/#breadcrumb"},"inLanguage":"lv-LV","potentialAction":[{"@type":"ReadAction","target":["https:\/\/hobstop.ee\/lv\/produkts\/laka-salvesu-tehnikai-aqua-gloss\/"]}]},{"@type":"ImageObject","inLanguage":"lv-LV","@id":"https:\/\/hobstop.ee\/lv\/produkts\/laka-salvesu-tehnikai-aqua-gloss\/#primaryimage","url":"https:\/\/hobstop.ee\/media\/1634.jpg","contentUrl":"https:\/\/hobstop.ee\/media\/1634.jpg","width":1024,"height":768},{"@type":"BreadcrumbList","@id":"https:\/\/hobstop.ee\/lv\/produkts\/laka-salvesu-tehnikai-aqua-gloss\/#breadcrumb","itemListElement":[{"@type":"ListItem","position":1,"name":"Avaleht","item":"https:\/\/hobstop.ee\/lv\/"},{"@type":"ListItem","position":2,"name":"Veikals","item":"https:\/\/hobstop.ee\/lv\/veikals\/"},{"@type":"ListItem","position":3,"name":"Laka salve\u0161u tehnikai Aqua Gloss"}]},{"@type":"WebSite","@id":"https:\/\/hobstop.ee\/lv\/#website","url":"https:\/\/hobstop.ee\/lv\/","name":"Skizze","description":"M\u0101kslas, hobiju un skolas preces","publisher":{"@id":"https:\/\/hobstop.ee\/lv\/#organization"},"potentialAction":[{"@type":"SearchAction","target":{"@type":"EntryPoint","urlTemplate":"https:\/\/hobstop.ee\/lv\/?s={search_term_string}"},"query-input":{"@type":"PropertyValueSpecification","valueRequired":true,"valueName":"search_term_string"}}],"inLanguage":"lv-LV"},{"@type":"Organization","@id":"https:\/\/hobstop.ee\/lv\/#organization","name":"Vunder AS","url":"https:\/\/hobstop.ee\/lv\/","logo":{"@type":"ImageObject","inLanguage":"lv-LV","@id":"https:\/\/hobstop.ee\/lv\/#\/schema\/logo\/image\/","url":"https:\/\/hobstop.ee\/media\/vunder-logo.png","contentUrl":"https:\/\/hobstop.ee\/media\/vunder-logo.png","width":127,"height":55,"caption":"Vunder AS"},"image":{"@id":"https:\/\/hobstop.ee\/lv\/#\/schema\/logo\/image\/"},"sameAs":["http:\/\/www.facebook.com\/VunderSkizze"]}]}},"_links":{"self":[{"href":"https:\/\/hobstop.ee\/lv\/wp-json\/wp\/v2\/product\/23744","targetHints":{"allow":["GET"]}}],"collection":[{"href":"https:\/\/hobstop.ee\/lv\/wp-json\/wp\/v2\/product"}],"about":[{"href":"https:\/\/hobstop.ee\/lv\/wp-json\/wp\/v2\/types\/product"}],"replies":[{"embeddable":true,"href":"https:\/\/hobstop.ee\/lv\/wp-json\/wp\/v2\/comments?post=23744"}],"wp:featuredmedia":[{"embeddable":true,"href":"https:\/\/hobstop.ee\/lv\/wp-json\/wp\/v2\/media\/352747"}],"wp:attachment":[{"href":"https:\/\/hobstop.ee\/lv\/wp-json\/wp\/v2\/media?parent=23744"}],"wp:term":[{"taxonomy":"product_cat","embeddable":true,"href":"https:\/\/hobstop.ee\/lv\/wp-json\/wp\/v2\/product_cat?post=23744"},{"taxonomy":"product_tag","embeddable":true,"href":"https:\/\/hobstop.ee\/lv\/wp-json\/wp\/v2\/product_tag?post=23744"}],"curies":[{"name":"wp","href":"https:\/\/api.w.org\/{rel}","templated":true}]}}