{"id":23760,"date":"2014-11-08T15:16:55","date_gmt":"2014-11-08T13:16:55","guid":{"rendered":"https:\/\/sharks.ee\/vunder_2019.klient.veebimajutus.ee\/?post_type=product&p=23760"},"modified":"2014-11-08T15:16:55","modified_gmt":"2014-11-08T12:16:55","slug":"zids-rulli-chiffon-3-5","status":"publish","type":"product","link":"https:\/\/hobstop.ee\/lv\/produkts\/zids-rulli-chiffon-3-5\/","title":{"rendered":"Z\u012bds rull\u012b Chiffon 3.5"},"content":{"rendered":"<p>\u0160is uz tradicion\u0101laj\u0101m \u0136\u012bnas stell\u0113m austais, \u012bpa\u0161i smalkais audums ir patiess m\u0101kslas darbs.  Auduma izgatavo\u0161anai tiek izmantot\u0101s t\u0101s pa\u0161as \u0161\u0137iedras, kas Pong\u00e9 05 au\u0161anai, tom\u0113r b\u016btisku at\u0161\u0137ir\u012bbu tam pie\u0161\u0137ir \u012bpa\u0161a tehnolo\u0123iska nianse:  krepa efekta ieg\u016b\u0161anai Chiffon 3.5 \u0161\u0137iedras ir smalki sav\u0113rptas un uzk\u0101stas.  \u0160\u0101di apstr\u0101d\u0101tas \u0161\u0137iedras tiek izmantotas gan \u0161\u0137\u0113ru, gan audu pavedieniem.  Uz \u0161\u012b auduma veidots gleznojums nav tik izpl\u016bdis k\u0101 uz Pong\u00e9 05 Pong\u00e9, turkl\u0101t, pateicoties auduma \u013coti pl\u0101najai tekst\u016brai, kr\u0101sas \u0161\u0137iet v\u0113l gai\u0161\u0101kas un viegl\u0101kas. Vislab\u0101k piem\u0113rots \u0161a\u013c\u013cu un lakatu izgatavo\u0161anai.  \u0160is br\u012bvi austais, m\u012bkstais un labi kr\u012bto\u0161ais audums ir lieliski piem\u0113rots darbam ar smalk\u0101m un \u013coti viegl\u0101m Nuno tehnik\u0101m.  Vieglas \u0161alles, maigi kr\u012bto\u0161as kleitas &#8211; tas ir pa sp\u0113kam pat ies\u0101c\u0113jam!<\/p>\n","protected":false},"excerpt":{"rendered":"<p>\u0160is uz tradicion\u0101laj\u0101m \u0136\u012bnas stell\u0113m austais, \u012bpa\u0161i smalkais audums ir patiess m\u0101kslas darbs. Auduma izgatavo\u0161anai tiek izmantot\u0101s t\u0101s pa\u0161as \u0161\u0137iedras, kas Pong\u00e9 05 au\u0161anai, tom\u0113r b\u016btisku at\u0161\u0137ir\u012bbu tam pie\u0161\u0137ir \u012bpa\u0161a tehnolo\u0123iska nianse: krepa efekta ieg\u016b\u0161anai Chiffon 3.5 \u0161\u0137iedras ir smalki sav\u0113rptas un uzk\u0101stas. \u0160\u0101di apstr\u0101d\u0101tas \u0161\u0137iedras tiek izmantotas gan \u0161\u0137\u0113ru, gan audu pavedieniem. Uz \u0161\u012b auduma veidots gleznojums nav tik izpl\u016bdis k\u0101 uz Pong\u00e9 05 Pong\u00e9, turkl\u0101t, pateicoties auduma \u013coti pl\u0101najai tekst\u016brai, kr\u0101sas \u0161\u0137iet v\u0113l gai\u0161\u0101kas un viegl\u0101kas. Vislab\u0101k piem\u0113rots \u0161a\u013c\u013cu un lakatu izgatavo\u0161anai. \u0160is br\u012bvi austais, m\u012bkstais un labi kr\u012bto\u0161ais audums ir lieliski piem\u0113rots darbam ar smalk\u0101m un \u013coti viegl\u0101m Nuno tehnik\u0101m. Vieglas \u0161alles, maigi kr\u012bto\u0161as kleitas &#8211; tas ir pa sp\u0113kam pat ies\u0101c\u0113jam!<\/p>\n","protected":false},"featured_media":144856,"comment_status":"closed","ping_status":"closed","template":"","meta":{"_acf_changed":false,"ep_exclude_from_search":false},"product_cat":[17918,17971,18305],"product_tag":[],"class_list":{"0":"post-23760","1":"product","2":"type-product","3":"status-publish","4":"has-post-thumbnail","6":"product_cat-preces-hobijiem","7":"product_cat-sagataves","8":"product_cat-zids","9":"pa_kma-4103","11":"first","12":"instock","13":"taxable","14":"shipping-taxable","15":"purchasable","16":"product-type-variable"},"acf":[],"yoast_head":"<!-- This site is optimized with the Yoast SEO plugin v24.1 - https:\/\/yoast.com\/wordpress\/plugins\/seo\/ -->\n<title>Z\u012bds rull\u012b Chiffon 3.5 &#8211; Skizze<\/title>\n<meta name=\"robots\" content=\"noindex, follow, max-snippet:-1, max-image-preview:large, max-video-preview:-1\" \/>\n<meta property=\"og:locale\" content=\"lv_LV\" \/>\n<meta property=\"og:type\" content=\"article\" \/>\n<meta property=\"og:title\" content=\"Z\u012bds rull\u012b Chiffon 3.5 &#8211; Skizze\" \/>\n<meta property=\"og:description\" content=\"\u0160is uz tradicion\u0101laj\u0101m \u0136\u012bnas stell\u0113m austais, \u012bpa\u0161i smalkais audums ir patiess m\u0101kslas darbs. Auduma izgatavo\u0161anai tiek izmantot\u0101s t\u0101s pa\u0161as \u0161\u0137iedras, kas Pong\u00e9 05 au\u0161anai, tom\u0113r b\u016btisku at\u0161\u0137ir\u012bbu tam pie\u0161\u0137ir \u012bpa\u0161a tehnolo\u0123iska nianse: krepa efekta ieg\u016b\u0161anai Chiffon 3.5 \u0161\u0137iedras ir smalki sav\u0113rptas un uzk\u0101stas. \u0160\u0101di apstr\u0101d\u0101tas \u0161\u0137iedras tiek izmantotas gan \u0161\u0137\u0113ru, gan audu pavedieniem. Uz \u0161\u012b auduma veidots gleznojums nav tik izpl\u016bdis k\u0101 uz Pong\u00e9 05 Pong\u00e9, turkl\u0101t, pateicoties auduma \u013coti pl\u0101najai tekst\u016brai, kr\u0101sas \u0161\u0137iet v\u0113l gai\u0161\u0101kas un viegl\u0101kas. Vislab\u0101k piem\u0113rots \u0161a\u013c\u013cu un lakatu izgatavo\u0161anai. \u0160is br\u012bvi austais, m\u012bkstais un labi kr\u012bto\u0161ais audums ir lieliski piem\u0113rots darbam ar smalk\u0101m un \u013coti viegl\u0101m Nuno tehnik\u0101m. Vieglas \u0161alles, maigi kr\u012bto\u0161as kleitas &#8211; tas ir pa sp\u0113kam pat ies\u0101c\u0113jam!\" \/>\n<meta property=\"og:url\" content=\"https:\/\/hobstop.ee\/lv\/produkts\/zids-rulli-chiffon-3-5\/\" \/>\n<meta property=\"og:site_name\" content=\"Skizze\" \/>\n<meta property=\"article:publisher\" content=\"http:\/\/www.facebook.com\/VunderSkizze\" \/>\n<meta property=\"article:modified_time\" content=\"-0001-11-30T00:00:00+00:00\" \/>\n<meta property=\"og:image\" content=\"https:\/\/hobstop.ee\/media\/1660.jpg\" \/>\n\t<meta property=\"og:image:width\" content=\"270\" \/>\n\t<meta property=\"og:image:height\" content=\"223\" \/>\n\t<meta property=\"og:image:type\" content=\"image\/jpeg\" \/>\n<meta name=\"twitter:card\" content=\"summary_large_image\" \/>\n<meta name=\"twitter:label1\" content=\"Est. reading time\" \/>\n\t<meta name=\"twitter:data1\" content=\"1 min\u016b\u0161u\" \/>\n<script type=\"application\/ld+json\" class=\"yoast-schema-graph\">{\"@context\":\"https:\/\/schema.org\",\"@graph\":[{\"@type\":\"WebPage\",\"@id\":\"https:\/\/hobstop.ee\/lv\/produkts\/zids-rulli-chiffon-3-5\/\",\"url\":\"https:\/\/hobstop.ee\/lv\/produkts\/zids-rulli-chiffon-3-5\/\",\"name\":\"Z\u012bds rull\u012b Chiffon 3.5 &#8211; Skizze\",\"isPartOf\":{\"@id\":\"https:\/\/www.hobstop.ee\/lv\/#website\"},\"primaryImageOfPage\":{\"@id\":\"https:\/\/hobstop.ee\/lv\/produkts\/zids-rulli-chiffon-3-5\/#primaryimage\"},\"image\":{\"@id\":\"https:\/\/hobstop.ee\/lv\/produkts\/zids-rulli-chiffon-3-5\/#primaryimage\"},\"thumbnailUrl\":\"https:\/\/hobstop.ee\/media\/1660.jpg\",\"datePublished\":\"2014-11-08T13:16:55+00:00\",\"dateModified\":\"-0001-11-30T00:00:00+00:00\",\"breadcrumb\":{\"@id\":\"https:\/\/hobstop.ee\/lv\/produkts\/zids-rulli-chiffon-3-5\/#breadcrumb\"},\"inLanguage\":\"lv-LV\",\"potentialAction\":[{\"@type\":\"ReadAction\",\"target\":[\"https:\/\/hobstop.ee\/lv\/produkts\/zids-rulli-chiffon-3-5\/\"]}]},{\"@type\":\"ImageObject\",\"inLanguage\":\"lv-LV\",\"@id\":\"https:\/\/hobstop.ee\/lv\/produkts\/zids-rulli-chiffon-3-5\/#primaryimage\",\"url\":\"https:\/\/hobstop.ee\/media\/1660.jpg\",\"contentUrl\":\"https:\/\/hobstop.ee\/media\/1660.jpg\",\"width\":270,\"height\":223},{\"@type\":\"BreadcrumbList\",\"@id\":\"https:\/\/hobstop.ee\/lv\/produkts\/zids-rulli-chiffon-3-5\/#breadcrumb\",\"itemListElement\":[{\"@type\":\"ListItem\",\"position\":1,\"name\":\"Avaleht\",\"item\":\"https:\/\/www.hobstop.ee\/lv\/\"},{\"@type\":\"ListItem\",\"position\":2,\"name\":\"Veikals\",\"item\":\"https:\/\/www.hobstop.ee\/lv\/veikals\/\"},{\"@type\":\"ListItem\",\"position\":3,\"name\":\"Z\u012bds rull\u012b Chiffon 3.5\"}]},{\"@type\":\"WebSite\",\"@id\":\"https:\/\/www.hobstop.ee\/lv\/#website\",\"url\":\"https:\/\/www.hobstop.ee\/lv\/\",\"name\":\"Skizze\",\"description\":\"M\u0101kslas, hobiju un skolas preces\",\"publisher\":{\"@id\":\"https:\/\/www.hobstop.ee\/lv\/#organization\"},\"potentialAction\":[{\"@type\":\"SearchAction\",\"target\":{\"@type\":\"EntryPoint\",\"urlTemplate\":\"https:\/\/www.hobstop.ee\/lv\/?s={search_term_string}\"},\"query-input\":{\"@type\":\"PropertyValueSpecification\",\"valueRequired\":true,\"valueName\":\"search_term_string\"}}],\"inLanguage\":\"lv-LV\"},{\"@type\":\"Organization\",\"@id\":\"https:\/\/www.hobstop.ee\/lv\/#organization\",\"name\":\"Vunder AS\",\"url\":\"https:\/\/www.hobstop.ee\/lv\/\",\"logo\":{\"@type\":\"ImageObject\",\"inLanguage\":\"lv-LV\",\"@id\":\"https:\/\/www.hobstop.ee\/lv\/#\/schema\/logo\/image\/\",\"url\":\"https:\/\/hobstop.ee\/media\/vunder-logo.png\",\"contentUrl\":\"https:\/\/hobstop.ee\/media\/vunder-logo.png\",\"width\":127,\"height\":55,\"caption\":\"Vunder AS\"},\"image\":{\"@id\":\"https:\/\/www.hobstop.ee\/lv\/#\/schema\/logo\/image\/\"},\"sameAs\":[\"http:\/\/www.facebook.com\/VunderSkizze\"]}]}<\/script>\n<!-- \/ Yoast SEO plugin. -->","yoast_head_json":{"title":"Z\u012bds rull\u012b Chiffon 3.5 &#8211; Skizze","robots":{"index":"noindex","follow":"follow","max-snippet":"max-snippet:-1","max-image-preview":"max-image-preview:large","max-video-preview":"max-video-preview:-1"},"og_locale":"lv_LV","og_type":"article","og_title":"Z\u012bds rull\u012b Chiffon 3.5 &#8211; Skizze","og_description":"\u0160is uz tradicion\u0101laj\u0101m \u0136\u012bnas stell\u0113m austais, \u012bpa\u0161i smalkais audums ir patiess m\u0101kslas darbs. Auduma izgatavo\u0161anai tiek izmantot\u0101s t\u0101s pa\u0161as \u0161\u0137iedras, kas Pong\u00e9 05 au\u0161anai, tom\u0113r b\u016btisku at\u0161\u0137ir\u012bbu tam pie\u0161\u0137ir \u012bpa\u0161a tehnolo\u0123iska nianse: krepa efekta ieg\u016b\u0161anai Chiffon 3.5 \u0161\u0137iedras ir smalki sav\u0113rptas un uzk\u0101stas. \u0160\u0101di apstr\u0101d\u0101tas \u0161\u0137iedras tiek izmantotas gan \u0161\u0137\u0113ru, gan audu pavedieniem. Uz \u0161\u012b auduma veidots gleznojums nav tik izpl\u016bdis k\u0101 uz Pong\u00e9 05 Pong\u00e9, turkl\u0101t, pateicoties auduma \u013coti pl\u0101najai tekst\u016brai, kr\u0101sas \u0161\u0137iet v\u0113l gai\u0161\u0101kas un viegl\u0101kas. Vislab\u0101k piem\u0113rots \u0161a\u013c\u013cu un lakatu izgatavo\u0161anai. \u0160is br\u012bvi austais, m\u012bkstais un labi kr\u012bto\u0161ais audums ir lieliski piem\u0113rots darbam ar smalk\u0101m un \u013coti viegl\u0101m Nuno tehnik\u0101m. Vieglas \u0161alles, maigi kr\u012bto\u0161as kleitas &#8211; tas ir pa sp\u0113kam pat ies\u0101c\u0113jam!","og_url":"https:\/\/hobstop.ee\/lv\/produkts\/zids-rulli-chiffon-3-5\/","og_site_name":"Skizze","article_publisher":"http:\/\/www.facebook.com\/VunderSkizze","article_modified_time":"-0001-11-30T00:00:00+00:00","og_image":[{"width":270,"height":223,"url":"https:\/\/hobstop.ee\/media\/1660.jpg","type":"image\/jpeg"}],"twitter_card":"summary_large_image","twitter_misc":{"Est. reading time":"1 min\u016b\u0161u"},"schema":{"@context":"https:\/\/schema.org","@graph":[{"@type":"WebPage","@id":"https:\/\/hobstop.ee\/lv\/produkts\/zids-rulli-chiffon-3-5\/","url":"https:\/\/hobstop.ee\/lv\/produkts\/zids-rulli-chiffon-3-5\/","name":"Z\u012bds rull\u012b Chiffon 3.5 &#8211; Skizze","isPartOf":{"@id":"https:\/\/www.hobstop.ee\/lv\/#website"},"primaryImageOfPage":{"@id":"https:\/\/hobstop.ee\/lv\/produkts\/zids-rulli-chiffon-3-5\/#primaryimage"},"image":{"@id":"https:\/\/hobstop.ee\/lv\/produkts\/zids-rulli-chiffon-3-5\/#primaryimage"},"thumbnailUrl":"https:\/\/hobstop.ee\/media\/1660.jpg","datePublished":"2014-11-08T13:16:55+00:00","dateModified":"-0001-11-30T00:00:00+00:00","breadcrumb":{"@id":"https:\/\/hobstop.ee\/lv\/produkts\/zids-rulli-chiffon-3-5\/#breadcrumb"},"inLanguage":"lv-LV","potentialAction":[{"@type":"ReadAction","target":["https:\/\/hobstop.ee\/lv\/produkts\/zids-rulli-chiffon-3-5\/"]}]},{"@type":"ImageObject","inLanguage":"lv-LV","@id":"https:\/\/hobstop.ee\/lv\/produkts\/zids-rulli-chiffon-3-5\/#primaryimage","url":"https:\/\/hobstop.ee\/media\/1660.jpg","contentUrl":"https:\/\/hobstop.ee\/media\/1660.jpg","width":270,"height":223},{"@type":"BreadcrumbList","@id":"https:\/\/hobstop.ee\/lv\/produkts\/zids-rulli-chiffon-3-5\/#breadcrumb","itemListElement":[{"@type":"ListItem","position":1,"name":"Avaleht","item":"https:\/\/www.hobstop.ee\/lv\/"},{"@type":"ListItem","position":2,"name":"Veikals","item":"https:\/\/www.hobstop.ee\/lv\/veikals\/"},{"@type":"ListItem","position":3,"name":"Z\u012bds rull\u012b Chiffon 3.5"}]},{"@type":"WebSite","@id":"https:\/\/www.hobstop.ee\/lv\/#website","url":"https:\/\/www.hobstop.ee\/lv\/","name":"Skizze","description":"M\u0101kslas, hobiju un skolas preces","publisher":{"@id":"https:\/\/www.hobstop.ee\/lv\/#organization"},"potentialAction":[{"@type":"SearchAction","target":{"@type":"EntryPoint","urlTemplate":"https:\/\/www.hobstop.ee\/lv\/?s={search_term_string}"},"query-input":{"@type":"PropertyValueSpecification","valueRequired":true,"valueName":"search_term_string"}}],"inLanguage":"lv-LV"},{"@type":"Organization","@id":"https:\/\/www.hobstop.ee\/lv\/#organization","name":"Vunder AS","url":"https:\/\/www.hobstop.ee\/lv\/","logo":{"@type":"ImageObject","inLanguage":"lv-LV","@id":"https:\/\/www.hobstop.ee\/lv\/#\/schema\/logo\/image\/","url":"https:\/\/hobstop.ee\/media\/vunder-logo.png","contentUrl":"https:\/\/hobstop.ee\/media\/vunder-logo.png","width":127,"height":55,"caption":"Vunder AS"},"image":{"@id":"https:\/\/www.hobstop.ee\/lv\/#\/schema\/logo\/image\/"},"sameAs":["http:\/\/www.facebook.com\/VunderSkizze"]}]}},"_links":{"self":[{"href":"https:\/\/hobstop.ee\/lv\/wp-json\/wp\/v2\/product\/23760","targetHints":{"allow":["GET"]}}],"collection":[{"href":"https:\/\/hobstop.ee\/lv\/wp-json\/wp\/v2\/product"}],"about":[{"href":"https:\/\/hobstop.ee\/lv\/wp-json\/wp\/v2\/types\/product"}],"replies":[{"embeddable":true,"href":"https:\/\/hobstop.ee\/lv\/wp-json\/wp\/v2\/comments?post=23760"}],"wp:featuredmedia":[{"embeddable":true,"href":"https:\/\/hobstop.ee\/lv\/wp-json\/wp\/v2\/media\/144856"}],"wp:attachment":[{"href":"https:\/\/hobstop.ee\/lv\/wp-json\/wp\/v2\/media?parent=23760"}],"wp:term":[{"taxonomy":"product_cat","embeddable":true,"href":"https:\/\/hobstop.ee\/lv\/wp-json\/wp\/v2\/product_cat?post=23760"},{"taxonomy":"product_tag","embeddable":true,"href":"https:\/\/hobstop.ee\/lv\/wp-json\/wp\/v2\/product_tag?post=23760"}],"curies":[{"name":"wp","href":"https:\/\/api.w.org\/{rel}","templated":true}]}}