{"id":23762,"date":"2014-11-08T15:16:55","date_gmt":"2014-11-08T13:16:55","guid":{"rendered":"https:\/\/sharks.ee\/vunder_2019.klient.veebimajutus.ee\/?post_type=product&p=23762"},"modified":"2014-11-08T15:16:55","modified_gmt":"2014-11-08T12:16:55","slug":"zids-rulli-ponge-5","status":"publish","type":"product","link":"https:\/\/hobstop.ee\/lv\/produkts\/zids-rulli-ponge-5\/","title":{"rendered":"Z\u012bds rull\u012b Ponge 5"},"content":{"rendered":"<p>Pong\u00e9 05 ir visvair\u0101k p\u0101rdotais z\u012bds un tas ir lieliski piem\u0113rots tiem, kas tikai apg\u016bst z\u012bda apglezno\u0161anas m\u0101kslu.  \u0160is ir smalks un \u013coti viegls materi\u0101ls ar skaistu z\u012bda sp\u012bdumu.  Kr\u0101sa \u0101tri, viegli un vienm\u0113r\u012bgi pl\u016bst visos auduma virzienos.  T\u0101d\u0113\u013c Pong\u00e9 05 ir lieliski piem\u0113rots gleznojumiem uz z\u012bda,  un uz t\u0101 vienl\u012bdz labi var izmantot visas z\u012bda apglezno\u0161anas tehnikas.  Pateicoties materi\u0101la zemajai cenai, tas ir \u013coti iecien\u012bts skol\u0101s, b\u0113rnu intere\u0161u pulci\u0146os un darba terapijas nodarb\u012bb\u0101s.  Lieliski piem\u0113rots da\u017e\u0101du dekor\u0101ciju un smalku baldah\u012bnu izgatavo\u0161anai.  No t\u0101 var izgatavot ar\u012b vieglus aizkarus, tom\u0113r j\u0101\u0146em v\u0113r\u0101, ka \u0161\u0101di aizkari nav piem\u0113roti dienvidu puses logiem, jo z\u012bds ir \u013coti jut\u012bgs pret UV staru iedarb\u012bbu.  Audumu var izmantot ar\u012b darbam Nuno tehnik\u0101, tom\u0113r \u0161\u0101d\u0101 gad\u012bjum\u0101 ir nepiecie\u0161ama zin\u0101ma pieredze filc\u0113\u0161an\u0101, jo process aiz\u0146em ilg\u0101ku laiku nek\u0101 str\u0101d\u0101jot ar Chiffon audumu (ies\u0101c\u0113jiem vislab\u0101k ir piem\u0113rots Chiffon audums).<\/p>\n","protected":false},"excerpt":{"rendered":"<p>Pong\u00e9 05 ir visvair\u0101k p\u0101rdotais z\u012bds un tas ir lieliski piem\u0113rots tiem, kas tikai apg\u016bst z\u012bda apglezno\u0161anas m\u0101kslu. \u0160is ir smalks un \u013coti viegls materi\u0101ls ar skaistu z\u012bda sp\u012bdumu. Kr\u0101sa \u0101tri, viegli un vienm\u0113r\u012bgi pl\u016bst visos auduma virzienos. T\u0101d\u0113\u013c Pong\u00e9 05 ir lieliski piem\u0113rots gleznojumiem uz z\u012bda, un uz t\u0101 vienl\u012bdz labi var izmantot visas z\u012bda apglezno\u0161anas tehnikas. Pateicoties materi\u0101la zemajai cenai, tas ir \u013coti iecien\u012bts skol\u0101s, b\u0113rnu intere\u0161u pulci\u0146os un darba terapijas nodarb\u012bb\u0101s. Lieliski piem\u0113rots da\u017e\u0101du dekor\u0101ciju un smalku baldah\u012bnu izgatavo\u0161anai. No t\u0101 var izgatavot ar\u012b vieglus aizkarus, tom\u0113r j\u0101\u0146em v\u0113r\u0101, ka \u0161\u0101di aizkari nav piem\u0113roti dienvidu puses logiem, jo z\u012bds ir \u013coti jut\u012bgs pret UV staru iedarb\u012bbu. Audumu var izmantot ar\u012b darbam Nuno tehnik\u0101, tom\u0113r \u0161\u0101d\u0101 gad\u012bjum\u0101 ir nepiecie\u0161ama zin\u0101ma pieredze filc\u0113\u0161an\u0101, jo process aiz\u0146em ilg\u0101ku laiku nek\u0101 str\u0101d\u0101jot ar Chiffon audumu (ies\u0101c\u0113jiem vislab\u0101k ir piem\u0113rots Chiffon audums).<\/p>\n","protected":false},"featured_media":144860,"comment_status":"closed","ping_status":"closed","template":"","meta":{"_acf_changed":false,"ep_exclude_from_search":false},"product_cat":[17918,17971,18305],"product_tag":[],"class_list":{"0":"post-23762","1":"product","2":"type-product","3":"status-publish","4":"has-post-thumbnail","6":"product_cat-preces-hobijiem","7":"product_cat-sagataves","8":"product_cat-zids","9":"pa_kma-4106","10":"pa_kma-4107","12":"first","13":"outofstock","14":"taxable","15":"shipping-taxable","16":"purchasable","17":"product-type-variable"},"acf":[],"yoast_head":"<!-- This site is optimized with the Yoast SEO plugin v24.1 - https:\/\/yoast.com\/wordpress\/plugins\/seo\/ -->\n<title>Z\u012bds rull\u012b Ponge 5 &#8211; Skizze<\/title>\n<meta name=\"robots\" content=\"noindex, follow, max-snippet:-1, max-image-preview:large, max-video-preview:-1\" \/>\n<meta property=\"og:locale\" content=\"lv_LV\" \/>\n<meta property=\"og:type\" content=\"article\" \/>\n<meta property=\"og:title\" content=\"Z\u012bds rull\u012b Ponge 5 &#8211; Skizze\" \/>\n<meta property=\"og:description\" content=\"Pong\u00e9 05 ir visvair\u0101k p\u0101rdotais z\u012bds un tas ir lieliski piem\u0113rots tiem, kas tikai apg\u016bst z\u012bda apglezno\u0161anas m\u0101kslu. \u0160is ir smalks un \u013coti viegls materi\u0101ls ar skaistu z\u012bda sp\u012bdumu. Kr\u0101sa \u0101tri, viegli un vienm\u0113r\u012bgi pl\u016bst visos auduma virzienos. T\u0101d\u0113\u013c Pong\u00e9 05 ir lieliski piem\u0113rots gleznojumiem uz z\u012bda, un uz t\u0101 vienl\u012bdz labi var izmantot visas z\u012bda apglezno\u0161anas tehnikas. Pateicoties materi\u0101la zemajai cenai, tas ir \u013coti iecien\u012bts skol\u0101s, b\u0113rnu intere\u0161u pulci\u0146os un darba terapijas nodarb\u012bb\u0101s. Lieliski piem\u0113rots da\u017e\u0101du dekor\u0101ciju un smalku baldah\u012bnu izgatavo\u0161anai. No t\u0101 var izgatavot ar\u012b vieglus aizkarus, tom\u0113r j\u0101\u0146em v\u0113r\u0101, ka \u0161\u0101di aizkari nav piem\u0113roti dienvidu puses logiem, jo z\u012bds ir \u013coti jut\u012bgs pret UV staru iedarb\u012bbu. Audumu var izmantot ar\u012b darbam Nuno tehnik\u0101, tom\u0113r \u0161\u0101d\u0101 gad\u012bjum\u0101 ir nepiecie\u0161ama zin\u0101ma pieredze filc\u0113\u0161an\u0101, jo process aiz\u0146em ilg\u0101ku laiku nek\u0101 str\u0101d\u0101jot ar Chiffon audumu (ies\u0101c\u0113jiem vislab\u0101k ir piem\u0113rots Chiffon audums).\" \/>\n<meta property=\"og:url\" content=\"https:\/\/hobstop.ee\/lv\/produkts\/zids-rulli-ponge-5\/\" \/>\n<meta property=\"og:site_name\" content=\"Skizze\" \/>\n<meta property=\"article:publisher\" content=\"http:\/\/www.facebook.com\/VunderSkizze\" \/>\n<meta property=\"article:modified_time\" content=\"-0001-11-30T00:00:00+00:00\" \/>\n<meta property=\"og:image\" content=\"https:\/\/hobstop.ee\/media\/1666.jpg\" \/>\n\t<meta property=\"og:image:width\" content=\"270\" \/>\n\t<meta property=\"og:image:height\" content=\"217\" \/>\n\t<meta property=\"og:image:type\" content=\"image\/jpeg\" \/>\n<meta name=\"twitter:card\" content=\"summary_large_image\" \/>\n<meta name=\"twitter:label1\" content=\"Est. reading time\" \/>\n\t<meta name=\"twitter:data1\" content=\"1 min\u016b\u0161u\" \/>\n<script type=\"application\/ld+json\" class=\"yoast-schema-graph\">{\"@context\":\"https:\/\/schema.org\",\"@graph\":[{\"@type\":\"WebPage\",\"@id\":\"https:\/\/hobstop.ee\/lv\/produkts\/zids-rulli-ponge-5\/\",\"url\":\"https:\/\/hobstop.ee\/lv\/produkts\/zids-rulli-ponge-5\/\",\"name\":\"Z\u012bds rull\u012b Ponge 5 &#8211; Skizze\",\"isPartOf\":{\"@id\":\"https:\/\/hobstop.ee\/lv\/#website\"},\"primaryImageOfPage\":{\"@id\":\"https:\/\/hobstop.ee\/lv\/produkts\/zids-rulli-ponge-5\/#primaryimage\"},\"image\":{\"@id\":\"https:\/\/hobstop.ee\/lv\/produkts\/zids-rulli-ponge-5\/#primaryimage\"},\"thumbnailUrl\":\"https:\/\/hobstop.ee\/media\/1666.jpg\",\"datePublished\":\"2014-11-08T13:16:55+00:00\",\"dateModified\":\"-0001-11-30T00:00:00+00:00\",\"breadcrumb\":{\"@id\":\"https:\/\/hobstop.ee\/lv\/produkts\/zids-rulli-ponge-5\/#breadcrumb\"},\"inLanguage\":\"lv-LV\",\"potentialAction\":[{\"@type\":\"ReadAction\",\"target\":[\"https:\/\/hobstop.ee\/lv\/produkts\/zids-rulli-ponge-5\/\"]}]},{\"@type\":\"ImageObject\",\"inLanguage\":\"lv-LV\",\"@id\":\"https:\/\/hobstop.ee\/lv\/produkts\/zids-rulli-ponge-5\/#primaryimage\",\"url\":\"https:\/\/hobstop.ee\/media\/1666.jpg\",\"contentUrl\":\"https:\/\/hobstop.ee\/media\/1666.jpg\",\"width\":270,\"height\":217},{\"@type\":\"BreadcrumbList\",\"@id\":\"https:\/\/hobstop.ee\/lv\/produkts\/zids-rulli-ponge-5\/#breadcrumb\",\"itemListElement\":[{\"@type\":\"ListItem\",\"position\":1,\"name\":\"Avaleht\",\"item\":\"https:\/\/www.hobstop.ee\/lv\/\"},{\"@type\":\"ListItem\",\"position\":2,\"name\":\"Veikals\",\"item\":\"https:\/\/www.hobstop.ee\/lv\/veikals\/\"},{\"@type\":\"ListItem\",\"position\":3,\"name\":\"Z\u012bds rull\u012b Ponge 5\"}]},{\"@type\":\"WebSite\",\"@id\":\"https:\/\/hobstop.ee\/lv\/#website\",\"url\":\"https:\/\/hobstop.ee\/lv\/\",\"name\":\"Skizze\",\"description\":\"M\u0101kslas, hobiju un skolas preces\",\"publisher\":{\"@id\":\"https:\/\/hobstop.ee\/lv\/#organization\"},\"potentialAction\":[{\"@type\":\"SearchAction\",\"target\":{\"@type\":\"EntryPoint\",\"urlTemplate\":\"https:\/\/hobstop.ee\/lv\/?s={search_term_string}\"},\"query-input\":{\"@type\":\"PropertyValueSpecification\",\"valueRequired\":true,\"valueName\":\"search_term_string\"}}],\"inLanguage\":\"lv-LV\"},{\"@type\":\"Organization\",\"@id\":\"https:\/\/hobstop.ee\/lv\/#organization\",\"name\":\"Vunder AS\",\"url\":\"https:\/\/hobstop.ee\/lv\/\",\"logo\":{\"@type\":\"ImageObject\",\"inLanguage\":\"lv-LV\",\"@id\":\"https:\/\/hobstop.ee\/lv\/#\/schema\/logo\/image\/\",\"url\":\"https:\/\/hobstop.ee\/media\/vunder-logo.png\",\"contentUrl\":\"https:\/\/hobstop.ee\/media\/vunder-logo.png\",\"width\":127,\"height\":55,\"caption\":\"Vunder AS\"},\"image\":{\"@id\":\"https:\/\/hobstop.ee\/lv\/#\/schema\/logo\/image\/\"},\"sameAs\":[\"http:\/\/www.facebook.com\/VunderSkizze\"]}]}<\/script>\n<!-- \/ Yoast SEO plugin. -->","yoast_head_json":{"title":"Z\u012bds rull\u012b Ponge 5 &#8211; Skizze","robots":{"index":"noindex","follow":"follow","max-snippet":"max-snippet:-1","max-image-preview":"max-image-preview:large","max-video-preview":"max-video-preview:-1"},"og_locale":"lv_LV","og_type":"article","og_title":"Z\u012bds rull\u012b Ponge 5 &#8211; Skizze","og_description":"Pong\u00e9 05 ir visvair\u0101k p\u0101rdotais z\u012bds un tas ir lieliski piem\u0113rots tiem, kas tikai apg\u016bst z\u012bda apglezno\u0161anas m\u0101kslu. \u0160is ir smalks un \u013coti viegls materi\u0101ls ar skaistu z\u012bda sp\u012bdumu. Kr\u0101sa \u0101tri, viegli un vienm\u0113r\u012bgi pl\u016bst visos auduma virzienos. T\u0101d\u0113\u013c Pong\u00e9 05 ir lieliski piem\u0113rots gleznojumiem uz z\u012bda, un uz t\u0101 vienl\u012bdz labi var izmantot visas z\u012bda apglezno\u0161anas tehnikas. Pateicoties materi\u0101la zemajai cenai, tas ir \u013coti iecien\u012bts skol\u0101s, b\u0113rnu intere\u0161u pulci\u0146os un darba terapijas nodarb\u012bb\u0101s. Lieliski piem\u0113rots da\u017e\u0101du dekor\u0101ciju un smalku baldah\u012bnu izgatavo\u0161anai. No t\u0101 var izgatavot ar\u012b vieglus aizkarus, tom\u0113r j\u0101\u0146em v\u0113r\u0101, ka \u0161\u0101di aizkari nav piem\u0113roti dienvidu puses logiem, jo z\u012bds ir \u013coti jut\u012bgs pret UV staru iedarb\u012bbu. Audumu var izmantot ar\u012b darbam Nuno tehnik\u0101, tom\u0113r \u0161\u0101d\u0101 gad\u012bjum\u0101 ir nepiecie\u0161ama zin\u0101ma pieredze filc\u0113\u0161an\u0101, jo process aiz\u0146em ilg\u0101ku laiku nek\u0101 str\u0101d\u0101jot ar Chiffon audumu (ies\u0101c\u0113jiem vislab\u0101k ir piem\u0113rots Chiffon audums).","og_url":"https:\/\/hobstop.ee\/lv\/produkts\/zids-rulli-ponge-5\/","og_site_name":"Skizze","article_publisher":"http:\/\/www.facebook.com\/VunderSkizze","article_modified_time":"-0001-11-30T00:00:00+00:00","og_image":[{"width":270,"height":217,"url":"https:\/\/hobstop.ee\/media\/1666.jpg","type":"image\/jpeg"}],"twitter_card":"summary_large_image","twitter_misc":{"Est. reading time":"1 min\u016b\u0161u"},"schema":{"@context":"https:\/\/schema.org","@graph":[{"@type":"WebPage","@id":"https:\/\/hobstop.ee\/lv\/produkts\/zids-rulli-ponge-5\/","url":"https:\/\/hobstop.ee\/lv\/produkts\/zids-rulli-ponge-5\/","name":"Z\u012bds rull\u012b Ponge 5 &#8211; Skizze","isPartOf":{"@id":"https:\/\/hobstop.ee\/lv\/#website"},"primaryImageOfPage":{"@id":"https:\/\/hobstop.ee\/lv\/produkts\/zids-rulli-ponge-5\/#primaryimage"},"image":{"@id":"https:\/\/hobstop.ee\/lv\/produkts\/zids-rulli-ponge-5\/#primaryimage"},"thumbnailUrl":"https:\/\/hobstop.ee\/media\/1666.jpg","datePublished":"2014-11-08T13:16:55+00:00","dateModified":"-0001-11-30T00:00:00+00:00","breadcrumb":{"@id":"https:\/\/hobstop.ee\/lv\/produkts\/zids-rulli-ponge-5\/#breadcrumb"},"inLanguage":"lv-LV","potentialAction":[{"@type":"ReadAction","target":["https:\/\/hobstop.ee\/lv\/produkts\/zids-rulli-ponge-5\/"]}]},{"@type":"ImageObject","inLanguage":"lv-LV","@id":"https:\/\/hobstop.ee\/lv\/produkts\/zids-rulli-ponge-5\/#primaryimage","url":"https:\/\/hobstop.ee\/media\/1666.jpg","contentUrl":"https:\/\/hobstop.ee\/media\/1666.jpg","width":270,"height":217},{"@type":"BreadcrumbList","@id":"https:\/\/hobstop.ee\/lv\/produkts\/zids-rulli-ponge-5\/#breadcrumb","itemListElement":[{"@type":"ListItem","position":1,"name":"Avaleht","item":"https:\/\/www.hobstop.ee\/lv\/"},{"@type":"ListItem","position":2,"name":"Veikals","item":"https:\/\/www.hobstop.ee\/lv\/veikals\/"},{"@type":"ListItem","position":3,"name":"Z\u012bds rull\u012b Ponge 5"}]},{"@type":"WebSite","@id":"https:\/\/hobstop.ee\/lv\/#website","url":"https:\/\/hobstop.ee\/lv\/","name":"Skizze","description":"M\u0101kslas, hobiju un skolas preces","publisher":{"@id":"https:\/\/hobstop.ee\/lv\/#organization"},"potentialAction":[{"@type":"SearchAction","target":{"@type":"EntryPoint","urlTemplate":"https:\/\/hobstop.ee\/lv\/?s={search_term_string}"},"query-input":{"@type":"PropertyValueSpecification","valueRequired":true,"valueName":"search_term_string"}}],"inLanguage":"lv-LV"},{"@type":"Organization","@id":"https:\/\/hobstop.ee\/lv\/#organization","name":"Vunder AS","url":"https:\/\/hobstop.ee\/lv\/","logo":{"@type":"ImageObject","inLanguage":"lv-LV","@id":"https:\/\/hobstop.ee\/lv\/#\/schema\/logo\/image\/","url":"https:\/\/hobstop.ee\/media\/vunder-logo.png","contentUrl":"https:\/\/hobstop.ee\/media\/vunder-logo.png","width":127,"height":55,"caption":"Vunder AS"},"image":{"@id":"https:\/\/hobstop.ee\/lv\/#\/schema\/logo\/image\/"},"sameAs":["http:\/\/www.facebook.com\/VunderSkizze"]}]}},"_links":{"self":[{"href":"https:\/\/hobstop.ee\/lv\/wp-json\/wp\/v2\/product\/23762","targetHints":{"allow":["GET"]}}],"collection":[{"href":"https:\/\/hobstop.ee\/lv\/wp-json\/wp\/v2\/product"}],"about":[{"href":"https:\/\/hobstop.ee\/lv\/wp-json\/wp\/v2\/types\/product"}],"replies":[{"embeddable":true,"href":"https:\/\/hobstop.ee\/lv\/wp-json\/wp\/v2\/comments?post=23762"}],"wp:featuredmedia":[{"embeddable":true,"href":"https:\/\/hobstop.ee\/lv\/wp-json\/wp\/v2\/media\/144860"}],"wp:attachment":[{"href":"https:\/\/hobstop.ee\/lv\/wp-json\/wp\/v2\/media?parent=23762"}],"wp:term":[{"taxonomy":"product_cat","embeddable":true,"href":"https:\/\/hobstop.ee\/lv\/wp-json\/wp\/v2\/product_cat?post=23762"},{"taxonomy":"product_tag","embeddable":true,"href":"https:\/\/hobstop.ee\/lv\/wp-json\/wp\/v2\/product_tag?post=23762"}],"curies":[{"name":"wp","href":"https:\/\/api.w.org\/{rel}","templated":true}]}}