{"id":237909,"date":"2015-12-02T19:25:47","date_gmt":"2015-12-02T17:25:47","guid":{"rendered":"https:\/\/sharks.ee\/vunder_2019\/lv\/product\/caurumotajs-fiskars-squeeze-3-in-1\/"},"modified":"2015-12-02T19:25:47","modified_gmt":"2015-12-02T17:25:47","slug":"caurumotajs-fiskars-squeeze-3-in-1","status":"publish","type":"product","link":"https:\/\/hobstop.ee\/lv\/produkts\/caurumotajs-fiskars-squeeze-3-in-1\/","title":{"rendered":"Caurumot\u0101js Fiskars Squeeze 3-in-1"},"content":{"rendered":"<p>Revolucion\u0101rs caurumot\u0101js ar viegli saspie\u017eamiem un ergonomiskiem rokturiem, apvienojot 3 da\u017e\u0101dus st\u016bra mot\u012bvus vien\u0101 caurumot\u0101j\u0101. Izv\u0113lies vajadz\u012bgo mot\u012bvu, pagrie\u017eot oran\u017eo pogu darba r\u012bka otr\u0101 pus\u0113. Mot\u012bvs nofiks\u0113sies ar klik\u0161\u0137i vajadz\u012bgaj\u0101 poz\u012bcij\u0101. Prec\u012bzs caurumojums, pateicoties atv\u0113rtam mot\u012bva lodzi\u0146am. Pal\u012bgl\u012bnijas atvieglos pap\u012bru notur\u0113t taisni. Ar nelielu piep\u016bli var caurumot pat biezu kartonu (l\u012bdz 210g\/m2).<\/p>\n","protected":false},"excerpt":{"rendered":"<p>Revolucion\u0101rs caurumot\u0101js ar viegli saspie\u017eamiem un ergonomiskiem rokturiem, apvienojot 3 da\u017e\u0101dus st\u016bra mot\u012bvus vien\u0101 caurumot\u0101j\u0101. Izv\u0113lies vajadz\u012bgo mot\u012bvu, pagrie\u017eot oran\u017eo pogu darba r\u012bka otr\u0101 pus\u0113. Mot\u012bvs nofiks\u0113sies ar klik\u0161\u0137i vajadz\u012bgaj\u0101 poz\u012bcij\u0101. Prec\u012bzs caurumojums, pateicoties atv\u0113rtam mot\u012bva lodzi\u0146am. Pal\u012bgl\u012bnijas atvieglos pap\u012bru notur\u0113t taisni. Ar nelielu piep\u016bli var caurumot pat biezu kartonu (l\u012bdz 210g\/m2).<\/p>\n","protected":false},"featured_media":238172,"comment_status":"closed","ping_status":"closed","template":"","meta":{"_acf_changed":false,"ep_exclude_from_search":false},"product_cat":[18262,19838,17918],"product_tag":[],"class_list":{"0":"post-237909","1":"product","2":"type-product","3":"status-publish","4":"has-post-thumbnail","6":"product_cat-caurumotaji-2","7":"product_cat-papirmaksla","8":"product_cat-preces-hobijiem","10":"first","11":"outofstock","12":"taxable","13":"shipping-taxable","14":"purchasable","15":"product-type-simple"},"acf":[],"yoast_head":"<!-- This site is optimized with the Yoast SEO plugin v24.1 - https:\/\/yoast.com\/wordpress\/plugins\/seo\/ -->\n<title>Caurumot\u0101js Fiskars Squeeze 3-in-1 &#8211; Skizze<\/title>\n<meta name=\"robots\" content=\"noindex, follow, max-snippet:-1, max-image-preview:large, max-video-preview:-1\" \/>\n<meta property=\"og:locale\" content=\"lv_LV\" \/>\n<meta property=\"og:type\" content=\"article\" \/>\n<meta property=\"og:title\" content=\"Caurumot\u0101js Fiskars Squeeze 3-in-1 &#8211; Skizze\" \/>\n<meta property=\"og:description\" content=\"Revolucion\u0101rs caurumot\u0101js ar viegli saspie\u017eamiem un ergonomiskiem rokturiem, apvienojot 3 da\u017e\u0101dus st\u016bra mot\u012bvus vien\u0101 caurumot\u0101j\u0101. Izv\u0113lies vajadz\u012bgo mot\u012bvu, pagrie\u017eot oran\u017eo pogu darba r\u012bka otr\u0101 pus\u0113. Mot\u012bvs nofiks\u0113sies ar klik\u0161\u0137i vajadz\u012bgaj\u0101 poz\u012bcij\u0101. Prec\u012bzs caurumojums, pateicoties atv\u0113rtam mot\u012bva lodzi\u0146am. Pal\u012bgl\u012bnijas atvieglos pap\u012bru notur\u0113t taisni. Ar nelielu piep\u016bli var caurumot pat biezu kartonu (l\u012bdz 210g\/m2).\" \/>\n<meta property=\"og:url\" content=\"https:\/\/hobstop.ee\/lv\/produkts\/caurumotajs-fiskars-squeeze-3-in-1\/\" \/>\n<meta property=\"og:site_name\" content=\"Skizze\" \/>\n<meta property=\"article:publisher\" content=\"http:\/\/www.facebook.com\/VunderSkizze\" \/>\n<meta property=\"og:image\" content=\"https:\/\/hobstop.ee\/media\/4099.jpg\" \/>\n\t<meta property=\"og:image:width\" content=\"1024\" \/>\n\t<meta property=\"og:image:height\" content=\"768\" \/>\n\t<meta property=\"og:image:type\" content=\"image\/jpeg\" \/>\n<meta name=\"twitter:card\" content=\"summary_large_image\" \/>\n<script type=\"application\/ld+json\" class=\"yoast-schema-graph\">{\"@context\":\"https:\/\/schema.org\",\"@graph\":[{\"@type\":\"WebPage\",\"@id\":\"https:\/\/hobstop.ee\/lv\/produkts\/caurumotajs-fiskars-squeeze-3-in-1\/\",\"url\":\"https:\/\/hobstop.ee\/lv\/produkts\/caurumotajs-fiskars-squeeze-3-in-1\/\",\"name\":\"Caurumot\u0101js Fiskars Squeeze 3-in-1 &#8211; Skizze\",\"isPartOf\":{\"@id\":\"https:\/\/hobstop.ee\/lv\/#website\"},\"primaryImageOfPage\":{\"@id\":\"https:\/\/hobstop.ee\/lv\/produkts\/caurumotajs-fiskars-squeeze-3-in-1\/#primaryimage\"},\"image\":{\"@id\":\"https:\/\/hobstop.ee\/lv\/produkts\/caurumotajs-fiskars-squeeze-3-in-1\/#primaryimage\"},\"thumbnailUrl\":\"https:\/\/hobstop.ee\/media\/4099.jpg\",\"datePublished\":\"2015-12-02T17:25:47+00:00\",\"dateModified\":\"2015-12-02T17:25:47+00:00\",\"breadcrumb\":{\"@id\":\"https:\/\/hobstop.ee\/lv\/produkts\/caurumotajs-fiskars-squeeze-3-in-1\/#breadcrumb\"},\"inLanguage\":\"lv-LV\",\"potentialAction\":[{\"@type\":\"ReadAction\",\"target\":[\"https:\/\/hobstop.ee\/lv\/produkts\/caurumotajs-fiskars-squeeze-3-in-1\/\"]}]},{\"@type\":\"ImageObject\",\"inLanguage\":\"lv-LV\",\"@id\":\"https:\/\/hobstop.ee\/lv\/produkts\/caurumotajs-fiskars-squeeze-3-in-1\/#primaryimage\",\"url\":\"https:\/\/hobstop.ee\/media\/4099.jpg\",\"contentUrl\":\"https:\/\/hobstop.ee\/media\/4099.jpg\",\"width\":1024,\"height\":768},{\"@type\":\"BreadcrumbList\",\"@id\":\"https:\/\/hobstop.ee\/lv\/produkts\/caurumotajs-fiskars-squeeze-3-in-1\/#breadcrumb\",\"itemListElement\":[{\"@type\":\"ListItem\",\"position\":1,\"name\":\"Avaleht\",\"item\":\"https:\/\/www.hobstop.ee\/lv\/\"},{\"@type\":\"ListItem\",\"position\":2,\"name\":\"Veikals\",\"item\":\"https:\/\/www.hobstop.ee\/lv\/veikals\/\"},{\"@type\":\"ListItem\",\"position\":3,\"name\":\"Caurumot\u0101js Fiskars Squeeze 3-in-1\"}]},{\"@type\":\"WebSite\",\"@id\":\"https:\/\/hobstop.ee\/lv\/#website\",\"url\":\"https:\/\/hobstop.ee\/lv\/\",\"name\":\"Skizze\",\"description\":\"M\u0101kslas, hobiju un skolas preces\",\"publisher\":{\"@id\":\"https:\/\/hobstop.ee\/lv\/#organization\"},\"potentialAction\":[{\"@type\":\"SearchAction\",\"target\":{\"@type\":\"EntryPoint\",\"urlTemplate\":\"https:\/\/hobstop.ee\/lv\/?s={search_term_string}\"},\"query-input\":{\"@type\":\"PropertyValueSpecification\",\"valueRequired\":true,\"valueName\":\"search_term_string\"}}],\"inLanguage\":\"lv-LV\"},{\"@type\":\"Organization\",\"@id\":\"https:\/\/hobstop.ee\/lv\/#organization\",\"name\":\"Vunder AS\",\"url\":\"https:\/\/hobstop.ee\/lv\/\",\"logo\":{\"@type\":\"ImageObject\",\"inLanguage\":\"lv-LV\",\"@id\":\"https:\/\/hobstop.ee\/lv\/#\/schema\/logo\/image\/\",\"url\":\"https:\/\/hobstop.ee\/media\/vunder-logo.png\",\"contentUrl\":\"https:\/\/hobstop.ee\/media\/vunder-logo.png\",\"width\":127,\"height\":55,\"caption\":\"Vunder AS\"},\"image\":{\"@id\":\"https:\/\/hobstop.ee\/lv\/#\/schema\/logo\/image\/\"},\"sameAs\":[\"http:\/\/www.facebook.com\/VunderSkizze\"]}]}<\/script>\n<!-- \/ Yoast SEO plugin. -->","yoast_head_json":{"title":"Caurumot\u0101js Fiskars Squeeze 3-in-1 &#8211; Skizze","robots":{"index":"noindex","follow":"follow","max-snippet":"max-snippet:-1","max-image-preview":"max-image-preview:large","max-video-preview":"max-video-preview:-1"},"og_locale":"lv_LV","og_type":"article","og_title":"Caurumot\u0101js Fiskars Squeeze 3-in-1 &#8211; Skizze","og_description":"Revolucion\u0101rs caurumot\u0101js ar viegli saspie\u017eamiem un ergonomiskiem rokturiem, apvienojot 3 da\u017e\u0101dus st\u016bra mot\u012bvus vien\u0101 caurumot\u0101j\u0101. Izv\u0113lies vajadz\u012bgo mot\u012bvu, pagrie\u017eot oran\u017eo pogu darba r\u012bka otr\u0101 pus\u0113. Mot\u012bvs nofiks\u0113sies ar klik\u0161\u0137i vajadz\u012bgaj\u0101 poz\u012bcij\u0101. Prec\u012bzs caurumojums, pateicoties atv\u0113rtam mot\u012bva lodzi\u0146am. Pal\u012bgl\u012bnijas atvieglos pap\u012bru notur\u0113t taisni. Ar nelielu piep\u016bli var caurumot pat biezu kartonu (l\u012bdz 210g\/m2).","og_url":"https:\/\/hobstop.ee\/lv\/produkts\/caurumotajs-fiskars-squeeze-3-in-1\/","og_site_name":"Skizze","article_publisher":"http:\/\/www.facebook.com\/VunderSkizze","og_image":[{"width":1024,"height":768,"url":"https:\/\/hobstop.ee\/media\/4099.jpg","type":"image\/jpeg"}],"twitter_card":"summary_large_image","schema":{"@context":"https:\/\/schema.org","@graph":[{"@type":"WebPage","@id":"https:\/\/hobstop.ee\/lv\/produkts\/caurumotajs-fiskars-squeeze-3-in-1\/","url":"https:\/\/hobstop.ee\/lv\/produkts\/caurumotajs-fiskars-squeeze-3-in-1\/","name":"Caurumot\u0101js Fiskars Squeeze 3-in-1 &#8211; Skizze","isPartOf":{"@id":"https:\/\/hobstop.ee\/lv\/#website"},"primaryImageOfPage":{"@id":"https:\/\/hobstop.ee\/lv\/produkts\/caurumotajs-fiskars-squeeze-3-in-1\/#primaryimage"},"image":{"@id":"https:\/\/hobstop.ee\/lv\/produkts\/caurumotajs-fiskars-squeeze-3-in-1\/#primaryimage"},"thumbnailUrl":"https:\/\/hobstop.ee\/media\/4099.jpg","datePublished":"2015-12-02T17:25:47+00:00","dateModified":"2015-12-02T17:25:47+00:00","breadcrumb":{"@id":"https:\/\/hobstop.ee\/lv\/produkts\/caurumotajs-fiskars-squeeze-3-in-1\/#breadcrumb"},"inLanguage":"lv-LV","potentialAction":[{"@type":"ReadAction","target":["https:\/\/hobstop.ee\/lv\/produkts\/caurumotajs-fiskars-squeeze-3-in-1\/"]}]},{"@type":"ImageObject","inLanguage":"lv-LV","@id":"https:\/\/hobstop.ee\/lv\/produkts\/caurumotajs-fiskars-squeeze-3-in-1\/#primaryimage","url":"https:\/\/hobstop.ee\/media\/4099.jpg","contentUrl":"https:\/\/hobstop.ee\/media\/4099.jpg","width":1024,"height":768},{"@type":"BreadcrumbList","@id":"https:\/\/hobstop.ee\/lv\/produkts\/caurumotajs-fiskars-squeeze-3-in-1\/#breadcrumb","itemListElement":[{"@type":"ListItem","position":1,"name":"Avaleht","item":"https:\/\/www.hobstop.ee\/lv\/"},{"@type":"ListItem","position":2,"name":"Veikals","item":"https:\/\/www.hobstop.ee\/lv\/veikals\/"},{"@type":"ListItem","position":3,"name":"Caurumot\u0101js Fiskars Squeeze 3-in-1"}]},{"@type":"WebSite","@id":"https:\/\/hobstop.ee\/lv\/#website","url":"https:\/\/hobstop.ee\/lv\/","name":"Skizze","description":"M\u0101kslas, hobiju un skolas preces","publisher":{"@id":"https:\/\/hobstop.ee\/lv\/#organization"},"potentialAction":[{"@type":"SearchAction","target":{"@type":"EntryPoint","urlTemplate":"https:\/\/hobstop.ee\/lv\/?s={search_term_string}"},"query-input":{"@type":"PropertyValueSpecification","valueRequired":true,"valueName":"search_term_string"}}],"inLanguage":"lv-LV"},{"@type":"Organization","@id":"https:\/\/hobstop.ee\/lv\/#organization","name":"Vunder AS","url":"https:\/\/hobstop.ee\/lv\/","logo":{"@type":"ImageObject","inLanguage":"lv-LV","@id":"https:\/\/hobstop.ee\/lv\/#\/schema\/logo\/image\/","url":"https:\/\/hobstop.ee\/media\/vunder-logo.png","contentUrl":"https:\/\/hobstop.ee\/media\/vunder-logo.png","width":127,"height":55,"caption":"Vunder AS"},"image":{"@id":"https:\/\/hobstop.ee\/lv\/#\/schema\/logo\/image\/"},"sameAs":["http:\/\/www.facebook.com\/VunderSkizze"]}]}},"_links":{"self":[{"href":"https:\/\/hobstop.ee\/lv\/wp-json\/wp\/v2\/product\/237909","targetHints":{"allow":["GET"]}}],"collection":[{"href":"https:\/\/hobstop.ee\/lv\/wp-json\/wp\/v2\/product"}],"about":[{"href":"https:\/\/hobstop.ee\/lv\/wp-json\/wp\/v2\/types\/product"}],"replies":[{"embeddable":true,"href":"https:\/\/hobstop.ee\/lv\/wp-json\/wp\/v2\/comments?post=237909"}],"wp:featuredmedia":[{"embeddable":true,"href":"https:\/\/hobstop.ee\/lv\/wp-json\/wp\/v2\/media\/238172"}],"wp:attachment":[{"href":"https:\/\/hobstop.ee\/lv\/wp-json\/wp\/v2\/media?parent=237909"}],"wp:term":[{"taxonomy":"product_cat","embeddable":true,"href":"https:\/\/hobstop.ee\/lv\/wp-json\/wp\/v2\/product_cat?post=237909"},{"taxonomy":"product_tag","embeddable":true,"href":"https:\/\/hobstop.ee\/lv\/wp-json\/wp\/v2\/product_tag?post=237909"}],"curies":[{"name":"wp","href":"https:\/\/api.w.org\/{rel}","templated":true}]}}