{"id":237929,"date":"2015-12-02T19:26:13","date_gmt":"2015-12-02T17:26:13","guid":{"rendered":"https:\/\/sharks.ee\/vunder_2019\/lv\/product\/klade-maped-asorti-i\/"},"modified":"2015-12-02T19:26:13","modified_gmt":"2015-12-02T17:26:13","slug":"klade-maped-asorti-i","status":"publish","type":"product","link":"https:\/\/hobstop.ee\/lv\/produkts\/klade-maped-asorti-i\/","title":{"rendered":"Klade Maped asorti I"},"content":{"rendered":"<p>No da\u017e\u0101diem Maped produktiem paz\u012bstamie z\u012bm\u0113jumi nu atrodami ar\u012b uz klad\u0113m! Klad\u0113 ir spilgti balts un gluds 70g\/m2 pap\u012brs, bet v\u0101ki ir no bieza, lamin\u0113ta kartona.<\/p>\n","protected":false},"excerpt":{"rendered":"<p>No da\u017e\u0101diem Maped produktiem paz\u012bstamie z\u012bm\u0113jumi nu atrodami ar\u012b uz klad\u0113m! Klad\u0113 ir spilgti balts un gluds 70g\/m2 pap\u012brs, bet v\u0101ki ir no bieza, lamin\u0113ta kartona.<\/p>\n","protected":false},"featured_media":238192,"comment_status":"closed","ping_status":"closed","template":"","meta":{"_acf_changed":false,"ep_exclude_from_search":false},"product_cat":[18428,17921,18940],"product_tag":[],"class_list":{"0":"post-237929","1":"product","2":"type-product","3":"status-publish","4":"has-post-thumbnail","6":"product_cat-klades","7":"product_cat-papira-izstradajumi","8":"product_cat-preces-skolai-3","10":"first","11":"instock","12":"taxable","13":"shipping-taxable","14":"purchasable","15":"product-type-simple"},"acf":[],"yoast_head":"<!-- This site is optimized with the Yoast SEO plugin v24.1 - https:\/\/yoast.com\/wordpress\/plugins\/seo\/ -->\n<title>Klade Maped asorti I &#8211; Skizze<\/title>\n<meta name=\"robots\" content=\"noindex, follow, max-snippet:-1, max-image-preview:large, max-video-preview:-1\" \/>\n<meta property=\"og:locale\" content=\"lv_LV\" \/>\n<meta property=\"og:type\" content=\"article\" \/>\n<meta property=\"og:title\" content=\"Klade Maped asorti I &#8211; Skizze\" \/>\n<meta property=\"og:description\" content=\"No da\u017e\u0101diem Maped produktiem paz\u012bstamie z\u012bm\u0113jumi nu atrodami ar\u012b uz klad\u0113m! Klad\u0113 ir spilgti balts un gluds 70g\/m2 pap\u012brs, bet v\u0101ki ir no bieza, lamin\u0113ta kartona.\" \/>\n<meta property=\"og:url\" content=\"https:\/\/hobstop.ee\/lv\/produkts\/klade-maped-asorti-i\/\" \/>\n<meta property=\"og:site_name\" content=\"Skizze\" \/>\n<meta property=\"article:publisher\" content=\"http:\/\/www.facebook.com\/VunderSkizze\" \/>\n<meta property=\"og:image\" content=\"https:\/\/hobstop.ee\/media\/4104.jpg\" \/>\n\t<meta property=\"og:image:width\" content=\"1024\" \/>\n\t<meta property=\"og:image:height\" content=\"768\" \/>\n\t<meta property=\"og:image:type\" content=\"image\/jpeg\" \/>\n<meta name=\"twitter:card\" content=\"summary_large_image\" \/>\n<script type=\"application\/ld+json\" class=\"yoast-schema-graph\">{\"@context\":\"https:\/\/schema.org\",\"@graph\":[{\"@type\":\"WebPage\",\"@id\":\"https:\/\/hobstop.ee\/lv\/produkts\/klade-maped-asorti-i\/\",\"url\":\"https:\/\/hobstop.ee\/lv\/produkts\/klade-maped-asorti-i\/\",\"name\":\"Klade Maped asorti I &#8211; Skizze\",\"isPartOf\":{\"@id\":\"https:\/\/hobstop.ee\/lv\/#website\"},\"primaryImageOfPage\":{\"@id\":\"https:\/\/hobstop.ee\/lv\/produkts\/klade-maped-asorti-i\/#primaryimage\"},\"image\":{\"@id\":\"https:\/\/hobstop.ee\/lv\/produkts\/klade-maped-asorti-i\/#primaryimage\"},\"thumbnailUrl\":\"https:\/\/hobstop.ee\/media\/4104.jpg\",\"datePublished\":\"2015-12-02T17:26:13+00:00\",\"dateModified\":\"2015-12-02T17:26:13+00:00\",\"breadcrumb\":{\"@id\":\"https:\/\/hobstop.ee\/lv\/produkts\/klade-maped-asorti-i\/#breadcrumb\"},\"inLanguage\":\"lv-LV\",\"potentialAction\":[{\"@type\":\"ReadAction\",\"target\":[\"https:\/\/hobstop.ee\/lv\/produkts\/klade-maped-asorti-i\/\"]}]},{\"@type\":\"ImageObject\",\"inLanguage\":\"lv-LV\",\"@id\":\"https:\/\/hobstop.ee\/lv\/produkts\/klade-maped-asorti-i\/#primaryimage\",\"url\":\"https:\/\/hobstop.ee\/media\/4104.jpg\",\"contentUrl\":\"https:\/\/hobstop.ee\/media\/4104.jpg\",\"width\":1024,\"height\":768},{\"@type\":\"BreadcrumbList\",\"@id\":\"https:\/\/hobstop.ee\/lv\/produkts\/klade-maped-asorti-i\/#breadcrumb\",\"itemListElement\":[{\"@type\":\"ListItem\",\"position\":1,\"name\":\"Avaleht\",\"item\":\"https:\/\/www.hobstop.ee\/lv\/\"},{\"@type\":\"ListItem\",\"position\":2,\"name\":\"Veikals\",\"item\":\"https:\/\/www.hobstop.ee\/lv\/veikals\/\"},{\"@type\":\"ListItem\",\"position\":3,\"name\":\"Klade Maped asorti I\"}]},{\"@type\":\"WebSite\",\"@id\":\"https:\/\/hobstop.ee\/lv\/#website\",\"url\":\"https:\/\/hobstop.ee\/lv\/\",\"name\":\"Skizze\",\"description\":\"M\u0101kslas, hobiju un skolas preces\",\"publisher\":{\"@id\":\"https:\/\/hobstop.ee\/lv\/#organization\"},\"potentialAction\":[{\"@type\":\"SearchAction\",\"target\":{\"@type\":\"EntryPoint\",\"urlTemplate\":\"https:\/\/hobstop.ee\/lv\/?s={search_term_string}\"},\"query-input\":{\"@type\":\"PropertyValueSpecification\",\"valueRequired\":true,\"valueName\":\"search_term_string\"}}],\"inLanguage\":\"lv-LV\"},{\"@type\":\"Organization\",\"@id\":\"https:\/\/hobstop.ee\/lv\/#organization\",\"name\":\"Vunder AS\",\"url\":\"https:\/\/hobstop.ee\/lv\/\",\"logo\":{\"@type\":\"ImageObject\",\"inLanguage\":\"lv-LV\",\"@id\":\"https:\/\/hobstop.ee\/lv\/#\/schema\/logo\/image\/\",\"url\":\"https:\/\/hobstop.ee\/media\/vunder-logo.png\",\"contentUrl\":\"https:\/\/hobstop.ee\/media\/vunder-logo.png\",\"width\":127,\"height\":55,\"caption\":\"Vunder AS\"},\"image\":{\"@id\":\"https:\/\/hobstop.ee\/lv\/#\/schema\/logo\/image\/\"},\"sameAs\":[\"http:\/\/www.facebook.com\/VunderSkizze\"]}]}<\/script>\n<!-- \/ Yoast SEO plugin. -->","yoast_head_json":{"title":"Klade Maped asorti I &#8211; Skizze","robots":{"index":"noindex","follow":"follow","max-snippet":"max-snippet:-1","max-image-preview":"max-image-preview:large","max-video-preview":"max-video-preview:-1"},"og_locale":"lv_LV","og_type":"article","og_title":"Klade Maped asorti I &#8211; Skizze","og_description":"No da\u017e\u0101diem Maped produktiem paz\u012bstamie z\u012bm\u0113jumi nu atrodami ar\u012b uz klad\u0113m! Klad\u0113 ir spilgti balts un gluds 70g\/m2 pap\u012brs, bet v\u0101ki ir no bieza, lamin\u0113ta kartona.","og_url":"https:\/\/hobstop.ee\/lv\/produkts\/klade-maped-asorti-i\/","og_site_name":"Skizze","article_publisher":"http:\/\/www.facebook.com\/VunderSkizze","og_image":[{"width":1024,"height":768,"url":"https:\/\/hobstop.ee\/media\/4104.jpg","type":"image\/jpeg"}],"twitter_card":"summary_large_image","schema":{"@context":"https:\/\/schema.org","@graph":[{"@type":"WebPage","@id":"https:\/\/hobstop.ee\/lv\/produkts\/klade-maped-asorti-i\/","url":"https:\/\/hobstop.ee\/lv\/produkts\/klade-maped-asorti-i\/","name":"Klade Maped asorti I &#8211; Skizze","isPartOf":{"@id":"https:\/\/hobstop.ee\/lv\/#website"},"primaryImageOfPage":{"@id":"https:\/\/hobstop.ee\/lv\/produkts\/klade-maped-asorti-i\/#primaryimage"},"image":{"@id":"https:\/\/hobstop.ee\/lv\/produkts\/klade-maped-asorti-i\/#primaryimage"},"thumbnailUrl":"https:\/\/hobstop.ee\/media\/4104.jpg","datePublished":"2015-12-02T17:26:13+00:00","dateModified":"2015-12-02T17:26:13+00:00","breadcrumb":{"@id":"https:\/\/hobstop.ee\/lv\/produkts\/klade-maped-asorti-i\/#breadcrumb"},"inLanguage":"lv-LV","potentialAction":[{"@type":"ReadAction","target":["https:\/\/hobstop.ee\/lv\/produkts\/klade-maped-asorti-i\/"]}]},{"@type":"ImageObject","inLanguage":"lv-LV","@id":"https:\/\/hobstop.ee\/lv\/produkts\/klade-maped-asorti-i\/#primaryimage","url":"https:\/\/hobstop.ee\/media\/4104.jpg","contentUrl":"https:\/\/hobstop.ee\/media\/4104.jpg","width":1024,"height":768},{"@type":"BreadcrumbList","@id":"https:\/\/hobstop.ee\/lv\/produkts\/klade-maped-asorti-i\/#breadcrumb","itemListElement":[{"@type":"ListItem","position":1,"name":"Avaleht","item":"https:\/\/www.hobstop.ee\/lv\/"},{"@type":"ListItem","position":2,"name":"Veikals","item":"https:\/\/www.hobstop.ee\/lv\/veikals\/"},{"@type":"ListItem","position":3,"name":"Klade Maped asorti I"}]},{"@type":"WebSite","@id":"https:\/\/hobstop.ee\/lv\/#website","url":"https:\/\/hobstop.ee\/lv\/","name":"Skizze","description":"M\u0101kslas, hobiju un skolas preces","publisher":{"@id":"https:\/\/hobstop.ee\/lv\/#organization"},"potentialAction":[{"@type":"SearchAction","target":{"@type":"EntryPoint","urlTemplate":"https:\/\/hobstop.ee\/lv\/?s={search_term_string}"},"query-input":{"@type":"PropertyValueSpecification","valueRequired":true,"valueName":"search_term_string"}}],"inLanguage":"lv-LV"},{"@type":"Organization","@id":"https:\/\/hobstop.ee\/lv\/#organization","name":"Vunder AS","url":"https:\/\/hobstop.ee\/lv\/","logo":{"@type":"ImageObject","inLanguage":"lv-LV","@id":"https:\/\/hobstop.ee\/lv\/#\/schema\/logo\/image\/","url":"https:\/\/hobstop.ee\/media\/vunder-logo.png","contentUrl":"https:\/\/hobstop.ee\/media\/vunder-logo.png","width":127,"height":55,"caption":"Vunder AS"},"image":{"@id":"https:\/\/hobstop.ee\/lv\/#\/schema\/logo\/image\/"},"sameAs":["http:\/\/www.facebook.com\/VunderSkizze"]}]}},"_links":{"self":[{"href":"https:\/\/hobstop.ee\/lv\/wp-json\/wp\/v2\/product\/237929","targetHints":{"allow":["GET"]}}],"collection":[{"href":"https:\/\/hobstop.ee\/lv\/wp-json\/wp\/v2\/product"}],"about":[{"href":"https:\/\/hobstop.ee\/lv\/wp-json\/wp\/v2\/types\/product"}],"replies":[{"embeddable":true,"href":"https:\/\/hobstop.ee\/lv\/wp-json\/wp\/v2\/comments?post=237929"}],"wp:featuredmedia":[{"embeddable":true,"href":"https:\/\/hobstop.ee\/lv\/wp-json\/wp\/v2\/media\/238192"}],"wp:attachment":[{"href":"https:\/\/hobstop.ee\/lv\/wp-json\/wp\/v2\/media?parent=237929"}],"wp:term":[{"taxonomy":"product_cat","embeddable":true,"href":"https:\/\/hobstop.ee\/lv\/wp-json\/wp\/v2\/product_cat?post=237929"},{"taxonomy":"product_tag","embeddable":true,"href":"https:\/\/hobstop.ee\/lv\/wp-json\/wp\/v2\/product_tag?post=237929"}],"curies":[{"name":"wp","href":"https:\/\/api.w.org\/{rel}","templated":true}]}}