{"id":237941,"date":"2015-12-02T19:26:25","date_gmt":"2015-12-02T17:26:25","guid":{"rendered":"https:\/\/sharks.ee\/vunder_2019\/lv\/product\/krasojama-gramata-colouring-book-for-flower-lovers\/"},"modified":"2015-12-02T19:26:25","modified_gmt":"2015-12-02T17:26:25","slug":"krasojama-gramata-colouring-book-for-flower-lovers","status":"publish","type":"product","link":"https:\/\/hobstop.ee\/lv\/produkts\/krasojama-gramata-colouring-book-for-flower-lovers\/","title":{"rendered":"Kr\u0101sojam\u0101 gr\u0101mata \u201eColouring Book for Flower Lovers\u201c"},"content":{"rendered":"<p>Kr\u0101sojam\u0101 gr\u0101mata \u201eColouring Book for Flower Lovers\u201c ir pu\u0137u m\u012b\u013cot\u0101ju kr\u0101sojam\u0101 gr\u0101mata, kuras z\u012bm\u0113jumos apvienoti savva\u013cas un sirre\u0101li augu mot\u012bvi, kas pirm\u0101m k\u0101rt\u0101m dom\u0101ti kr\u0101so\u0161anai pieaugu\u0161ajiem, tom\u0113r noteikti ir piem\u0113roti ar\u012b jaun\u0101ka gada g\u0101juma interesentiem. Gr\u0101mat\u0101 ir 48 lappuses: kr\u0101sojam\u0101s lapas un iedvesmai ar\u012b da\u017ei att\u0113li, ko izkr\u0101sojusi pati autore. Bildes z\u012bm\u0113jusi un gr\u0101matu veidojusi Anu Purre. Ievad\u0101 atrodami ar\u012b ieteikumi kr\u0101sot\u0101jiem. P\u0113d\u0113jo gadu laik\u0101 pasaul\u0113 tiek izdotas arvien vair\u0101k un k\u013cuvu\u0161as arvien popul\u0101r\u0101kas kr\u0101sojam\u0101s gr\u0101matas c\u012b\u0146ai ar stresu. \u201eColouring Book for Flower Lovers\u201c ir Anu Purre kr\u0101sojam\u0101s gr\u0101matas \u201eKr\u0101sojam\u0101 gr\u0101mata ziedu m\u012b\u013cot\u0101jiem\u201c ang\u013cu valodas versija. T\u0101 bija igau\u0146u autoru pirm\u0101 \u0161\u0101da veida gr\u0101mata, noturoties vair\u0101kas ned\u0113\u013cas gr\u0101matn\u012bcu TOP10 sarakst\u0101, un ko \u0101tri vien izp\u0101rdeva.<\/p>\n","protected":false},"excerpt":{"rendered":"<p>Kr\u0101sojam\u0101 gr\u0101mata \u201eColouring Book for Flower Lovers\u201c ir pu\u0137u m\u012b\u013cot\u0101ju kr\u0101sojam\u0101 gr\u0101mata, kuras z\u012bm\u0113jumos apvienoti savva\u013cas un sirre\u0101li augu mot\u012bvi, kas pirm\u0101m k\u0101rt\u0101m dom\u0101ti kr\u0101so\u0161anai pieaugu\u0161ajiem, tom\u0113r noteikti ir piem\u0113roti ar\u012b jaun\u0101ka gada g\u0101juma interesentiem. Gr\u0101mat\u0101 ir 48 lappuses: kr\u0101sojam\u0101s lapas un iedvesmai ar\u012b da\u017ei att\u0113li, ko izkr\u0101sojusi pati autore. Bildes z\u012bm\u0113jusi un gr\u0101matu veidojusi Anu Purre. Ievad\u0101 atrodami ar\u012b ieteikumi kr\u0101sot\u0101jiem. P\u0113d\u0113jo gadu laik\u0101 pasaul\u0113 tiek izdotas arvien vair\u0101k un k\u013cuvu\u0161as arvien popul\u0101r\u0101kas kr\u0101sojam\u0101s gr\u0101matas c\u012b\u0146ai ar stresu. \u201eColouring Book for Flower Lovers\u201c ir Anu Purre kr\u0101sojam\u0101s gr\u0101matas \u201eKr\u0101sojam\u0101 gr\u0101mata ziedu m\u012b\u013cot\u0101jiem\u201c ang\u013cu valodas versija. T\u0101 bija igau\u0146u autoru pirm\u0101 \u0161\u0101da veida gr\u0101mata, noturoties vair\u0101kas ned\u0113\u013cas gr\u0101matn\u012bcu TOP10 sarakst\u0101, un ko \u0101tri vien izp\u0101rdeva.<\/p>\n","protected":false},"featured_media":238204,"comment_status":"closed","ping_status":"closed","template":"","meta":{"_acf_changed":false,"ep_exclude_from_search":false},"product_cat":[18754,16123,18931],"product_tag":[],"class_list":{"0":"post-237941","1":"product","2":"type-product","3":"status-publish","4":"has-post-thumbnail","6":"product_cat-dazadi-26","7":"product_cat-makslas-piederumi-2","8":"product_cat-zimesanas-piederumi-3","10":"first","11":"instock","12":"taxable","13":"shipping-taxable","14":"purchasable","15":"product-type-simple"},"acf":[],"yoast_head":"<!-- This site is optimized with the Yoast SEO plugin v24.1 - https:\/\/yoast.com\/wordpress\/plugins\/seo\/ -->\n<title>Kr\u0101sojam\u0101 gr\u0101mata \u201eColouring Book for Flower Lovers\u201c &#8211; Skizze<\/title>\n<meta name=\"robots\" content=\"noindex, follow, max-snippet:-1, max-image-preview:large, max-video-preview:-1\" \/>\n<meta property=\"og:locale\" content=\"lv_LV\" \/>\n<meta property=\"og:type\" content=\"article\" \/>\n<meta property=\"og:title\" content=\"Kr\u0101sojam\u0101 gr\u0101mata \u201eColouring Book for Flower Lovers\u201c &#8211; Skizze\" \/>\n<meta property=\"og:description\" content=\"Kr\u0101sojam\u0101 gr\u0101mata \u201eColouring Book for Flower Lovers\u201c ir pu\u0137u m\u012b\u013cot\u0101ju kr\u0101sojam\u0101 gr\u0101mata, kuras z\u012bm\u0113jumos apvienoti savva\u013cas un sirre\u0101li augu mot\u012bvi, kas pirm\u0101m k\u0101rt\u0101m dom\u0101ti kr\u0101so\u0161anai pieaugu\u0161ajiem, tom\u0113r noteikti ir piem\u0113roti ar\u012b jaun\u0101ka gada g\u0101juma interesentiem. Gr\u0101mat\u0101 ir 48 lappuses: kr\u0101sojam\u0101s lapas un iedvesmai ar\u012b da\u017ei att\u0113li, ko izkr\u0101sojusi pati autore. Bildes z\u012bm\u0113jusi un gr\u0101matu veidojusi Anu Purre. Ievad\u0101 atrodami ar\u012b ieteikumi kr\u0101sot\u0101jiem. P\u0113d\u0113jo gadu laik\u0101 pasaul\u0113 tiek izdotas arvien vair\u0101k un k\u013cuvu\u0161as arvien popul\u0101r\u0101kas kr\u0101sojam\u0101s gr\u0101matas c\u012b\u0146ai ar stresu. \u201eColouring Book for Flower Lovers\u201c ir Anu Purre kr\u0101sojam\u0101s gr\u0101matas \u201eKr\u0101sojam\u0101 gr\u0101mata ziedu m\u012b\u013cot\u0101jiem\u201c ang\u013cu valodas versija. T\u0101 bija igau\u0146u autoru pirm\u0101 \u0161\u0101da veida gr\u0101mata, noturoties vair\u0101kas ned\u0113\u013cas gr\u0101matn\u012bcu TOP10 sarakst\u0101, un ko \u0101tri vien izp\u0101rdeva.\" \/>\n<meta property=\"og:url\" content=\"https:\/\/hobstop.ee\/lv\/produkts\/krasojama-gramata-colouring-book-for-flower-lovers\/\" \/>\n<meta property=\"og:site_name\" content=\"Skizze\" \/>\n<meta property=\"article:publisher\" content=\"http:\/\/www.facebook.com\/VunderSkizze\" \/>\n<meta property=\"og:image\" content=\"https:\/\/hobstop.ee\/media\/4115.jpg\" \/>\n\t<meta property=\"og:image:width\" content=\"1024\" \/>\n\t<meta property=\"og:image:height\" content=\"768\" \/>\n\t<meta property=\"og:image:type\" content=\"image\/jpeg\" \/>\n<meta name=\"twitter:card\" content=\"summary_large_image\" \/>\n<meta name=\"twitter:label1\" content=\"Est. reading time\" \/>\n\t<meta name=\"twitter:data1\" content=\"1 min\u016b\u0161u\" \/>\n<script type=\"application\/ld+json\" class=\"yoast-schema-graph\">{\"@context\":\"https:\/\/schema.org\",\"@graph\":[{\"@type\":\"WebPage\",\"@id\":\"https:\/\/hobstop.ee\/lv\/produkts\/krasojama-gramata-colouring-book-for-flower-lovers\/\",\"url\":\"https:\/\/hobstop.ee\/lv\/produkts\/krasojama-gramata-colouring-book-for-flower-lovers\/\",\"name\":\"Kr\u0101sojam\u0101 gr\u0101mata \u201eColouring Book for Flower Lovers\u201c &#8211; Skizze\",\"isPartOf\":{\"@id\":\"https:\/\/hobstop.ee\/lv\/#website\"},\"primaryImageOfPage\":{\"@id\":\"https:\/\/hobstop.ee\/lv\/produkts\/krasojama-gramata-colouring-book-for-flower-lovers\/#primaryimage\"},\"image\":{\"@id\":\"https:\/\/hobstop.ee\/lv\/produkts\/krasojama-gramata-colouring-book-for-flower-lovers\/#primaryimage\"},\"thumbnailUrl\":\"https:\/\/hobstop.ee\/media\/4115.jpg\",\"datePublished\":\"2015-12-02T17:26:25+00:00\",\"dateModified\":\"2015-12-02T17:26:25+00:00\",\"breadcrumb\":{\"@id\":\"https:\/\/hobstop.ee\/lv\/produkts\/krasojama-gramata-colouring-book-for-flower-lovers\/#breadcrumb\"},\"inLanguage\":\"lv-LV\",\"potentialAction\":[{\"@type\":\"ReadAction\",\"target\":[\"https:\/\/hobstop.ee\/lv\/produkts\/krasojama-gramata-colouring-book-for-flower-lovers\/\"]}]},{\"@type\":\"ImageObject\",\"inLanguage\":\"lv-LV\",\"@id\":\"https:\/\/hobstop.ee\/lv\/produkts\/krasojama-gramata-colouring-book-for-flower-lovers\/#primaryimage\",\"url\":\"https:\/\/hobstop.ee\/media\/4115.jpg\",\"contentUrl\":\"https:\/\/hobstop.ee\/media\/4115.jpg\",\"width\":1024,\"height\":768},{\"@type\":\"BreadcrumbList\",\"@id\":\"https:\/\/hobstop.ee\/lv\/produkts\/krasojama-gramata-colouring-book-for-flower-lovers\/#breadcrumb\",\"itemListElement\":[{\"@type\":\"ListItem\",\"position\":1,\"name\":\"Avaleht\",\"item\":\"https:\/\/hobstop.ee\/lv\/\"},{\"@type\":\"ListItem\",\"position\":2,\"name\":\"Veikals\",\"item\":\"https:\/\/hobstop.ee\/lv\/veikals\/\"},{\"@type\":\"ListItem\",\"position\":3,\"name\":\"Kr\u0101sojam\u0101 gr\u0101mata \u201eColouring Book for Flower Lovers\u201c\"}]},{\"@type\":\"WebSite\",\"@id\":\"https:\/\/hobstop.ee\/lv\/#website\",\"url\":\"https:\/\/hobstop.ee\/lv\/\",\"name\":\"Skizze\",\"description\":\"M\u0101kslas, hobiju un skolas preces\",\"publisher\":{\"@id\":\"https:\/\/hobstop.ee\/lv\/#organization\"},\"potentialAction\":[{\"@type\":\"SearchAction\",\"target\":{\"@type\":\"EntryPoint\",\"urlTemplate\":\"https:\/\/hobstop.ee\/lv\/?s={search_term_string}\"},\"query-input\":{\"@type\":\"PropertyValueSpecification\",\"valueRequired\":true,\"valueName\":\"search_term_string\"}}],\"inLanguage\":\"lv-LV\"},{\"@type\":\"Organization\",\"@id\":\"https:\/\/hobstop.ee\/lv\/#organization\",\"name\":\"Vunder AS\",\"url\":\"https:\/\/hobstop.ee\/lv\/\",\"logo\":{\"@type\":\"ImageObject\",\"inLanguage\":\"lv-LV\",\"@id\":\"https:\/\/hobstop.ee\/lv\/#\/schema\/logo\/image\/\",\"url\":\"https:\/\/hobstop.ee\/media\/vunder-logo.png\",\"contentUrl\":\"https:\/\/hobstop.ee\/media\/vunder-logo.png\",\"width\":127,\"height\":55,\"caption\":\"Vunder AS\"},\"image\":{\"@id\":\"https:\/\/hobstop.ee\/lv\/#\/schema\/logo\/image\/\"},\"sameAs\":[\"http:\/\/www.facebook.com\/VunderSkizze\"]}]}<\/script>\n<!-- \/ Yoast SEO plugin. -->","yoast_head_json":{"title":"Kr\u0101sojam\u0101 gr\u0101mata \u201eColouring Book for Flower Lovers\u201c &#8211; Skizze","robots":{"index":"noindex","follow":"follow","max-snippet":"max-snippet:-1","max-image-preview":"max-image-preview:large","max-video-preview":"max-video-preview:-1"},"og_locale":"lv_LV","og_type":"article","og_title":"Kr\u0101sojam\u0101 gr\u0101mata \u201eColouring Book for Flower Lovers\u201c &#8211; Skizze","og_description":"Kr\u0101sojam\u0101 gr\u0101mata \u201eColouring Book for Flower Lovers\u201c ir pu\u0137u m\u012b\u013cot\u0101ju kr\u0101sojam\u0101 gr\u0101mata, kuras z\u012bm\u0113jumos apvienoti savva\u013cas un sirre\u0101li augu mot\u012bvi, kas pirm\u0101m k\u0101rt\u0101m dom\u0101ti kr\u0101so\u0161anai pieaugu\u0161ajiem, tom\u0113r noteikti ir piem\u0113roti ar\u012b jaun\u0101ka gada g\u0101juma interesentiem. Gr\u0101mat\u0101 ir 48 lappuses: kr\u0101sojam\u0101s lapas un iedvesmai ar\u012b da\u017ei att\u0113li, ko izkr\u0101sojusi pati autore. Bildes z\u012bm\u0113jusi un gr\u0101matu veidojusi Anu Purre. Ievad\u0101 atrodami ar\u012b ieteikumi kr\u0101sot\u0101jiem. P\u0113d\u0113jo gadu laik\u0101 pasaul\u0113 tiek izdotas arvien vair\u0101k un k\u013cuvu\u0161as arvien popul\u0101r\u0101kas kr\u0101sojam\u0101s gr\u0101matas c\u012b\u0146ai ar stresu. \u201eColouring Book for Flower Lovers\u201c ir Anu Purre kr\u0101sojam\u0101s gr\u0101matas \u201eKr\u0101sojam\u0101 gr\u0101mata ziedu m\u012b\u013cot\u0101jiem\u201c ang\u013cu valodas versija. T\u0101 bija igau\u0146u autoru pirm\u0101 \u0161\u0101da veida gr\u0101mata, noturoties vair\u0101kas ned\u0113\u013cas gr\u0101matn\u012bcu TOP10 sarakst\u0101, un ko \u0101tri vien izp\u0101rdeva.","og_url":"https:\/\/hobstop.ee\/lv\/produkts\/krasojama-gramata-colouring-book-for-flower-lovers\/","og_site_name":"Skizze","article_publisher":"http:\/\/www.facebook.com\/VunderSkizze","og_image":[{"width":1024,"height":768,"url":"https:\/\/hobstop.ee\/media\/4115.jpg","type":"image\/jpeg"}],"twitter_card":"summary_large_image","twitter_misc":{"Est. reading time":"1 min\u016b\u0161u"},"schema":{"@context":"https:\/\/schema.org","@graph":[{"@type":"WebPage","@id":"https:\/\/hobstop.ee\/lv\/produkts\/krasojama-gramata-colouring-book-for-flower-lovers\/","url":"https:\/\/hobstop.ee\/lv\/produkts\/krasojama-gramata-colouring-book-for-flower-lovers\/","name":"Kr\u0101sojam\u0101 gr\u0101mata \u201eColouring Book for Flower Lovers\u201c &#8211; Skizze","isPartOf":{"@id":"https:\/\/hobstop.ee\/lv\/#website"},"primaryImageOfPage":{"@id":"https:\/\/hobstop.ee\/lv\/produkts\/krasojama-gramata-colouring-book-for-flower-lovers\/#primaryimage"},"image":{"@id":"https:\/\/hobstop.ee\/lv\/produkts\/krasojama-gramata-colouring-book-for-flower-lovers\/#primaryimage"},"thumbnailUrl":"https:\/\/hobstop.ee\/media\/4115.jpg","datePublished":"2015-12-02T17:26:25+00:00","dateModified":"2015-12-02T17:26:25+00:00","breadcrumb":{"@id":"https:\/\/hobstop.ee\/lv\/produkts\/krasojama-gramata-colouring-book-for-flower-lovers\/#breadcrumb"},"inLanguage":"lv-LV","potentialAction":[{"@type":"ReadAction","target":["https:\/\/hobstop.ee\/lv\/produkts\/krasojama-gramata-colouring-book-for-flower-lovers\/"]}]},{"@type":"ImageObject","inLanguage":"lv-LV","@id":"https:\/\/hobstop.ee\/lv\/produkts\/krasojama-gramata-colouring-book-for-flower-lovers\/#primaryimage","url":"https:\/\/hobstop.ee\/media\/4115.jpg","contentUrl":"https:\/\/hobstop.ee\/media\/4115.jpg","width":1024,"height":768},{"@type":"BreadcrumbList","@id":"https:\/\/hobstop.ee\/lv\/produkts\/krasojama-gramata-colouring-book-for-flower-lovers\/#breadcrumb","itemListElement":[{"@type":"ListItem","position":1,"name":"Avaleht","item":"https:\/\/hobstop.ee\/lv\/"},{"@type":"ListItem","position":2,"name":"Veikals","item":"https:\/\/hobstop.ee\/lv\/veikals\/"},{"@type":"ListItem","position":3,"name":"Kr\u0101sojam\u0101 gr\u0101mata \u201eColouring Book for Flower Lovers\u201c"}]},{"@type":"WebSite","@id":"https:\/\/hobstop.ee\/lv\/#website","url":"https:\/\/hobstop.ee\/lv\/","name":"Skizze","description":"M\u0101kslas, hobiju un skolas preces","publisher":{"@id":"https:\/\/hobstop.ee\/lv\/#organization"},"potentialAction":[{"@type":"SearchAction","target":{"@type":"EntryPoint","urlTemplate":"https:\/\/hobstop.ee\/lv\/?s={search_term_string}"},"query-input":{"@type":"PropertyValueSpecification","valueRequired":true,"valueName":"search_term_string"}}],"inLanguage":"lv-LV"},{"@type":"Organization","@id":"https:\/\/hobstop.ee\/lv\/#organization","name":"Vunder AS","url":"https:\/\/hobstop.ee\/lv\/","logo":{"@type":"ImageObject","inLanguage":"lv-LV","@id":"https:\/\/hobstop.ee\/lv\/#\/schema\/logo\/image\/","url":"https:\/\/hobstop.ee\/media\/vunder-logo.png","contentUrl":"https:\/\/hobstop.ee\/media\/vunder-logo.png","width":127,"height":55,"caption":"Vunder AS"},"image":{"@id":"https:\/\/hobstop.ee\/lv\/#\/schema\/logo\/image\/"},"sameAs":["http:\/\/www.facebook.com\/VunderSkizze"]}]}},"_links":{"self":[{"href":"https:\/\/hobstop.ee\/lv\/wp-json\/wp\/v2\/product\/237941","targetHints":{"allow":["GET"]}}],"collection":[{"href":"https:\/\/hobstop.ee\/lv\/wp-json\/wp\/v2\/product"}],"about":[{"href":"https:\/\/hobstop.ee\/lv\/wp-json\/wp\/v2\/types\/product"}],"replies":[{"embeddable":true,"href":"https:\/\/hobstop.ee\/lv\/wp-json\/wp\/v2\/comments?post=237941"}],"wp:featuredmedia":[{"embeddable":true,"href":"https:\/\/hobstop.ee\/lv\/wp-json\/wp\/v2\/media\/238204"}],"wp:attachment":[{"href":"https:\/\/hobstop.ee\/lv\/wp-json\/wp\/v2\/media?parent=237941"}],"wp:term":[{"taxonomy":"product_cat","embeddable":true,"href":"https:\/\/hobstop.ee\/lv\/wp-json\/wp\/v2\/product_cat?post=237941"},{"taxonomy":"product_tag","embeddable":true,"href":"https:\/\/hobstop.ee\/lv\/wp-json\/wp\/v2\/product_tag?post=237941"}],"curies":[{"name":"wp","href":"https:\/\/api.w.org\/{rel}","templated":true}]}}