{"id":237949,"date":"2015-12-02T19:26:33","date_gmt":"2015-12-02T17:26:33","guid":{"rendered":"https:\/\/sharks.ee\/vunder_2019\/lv\/product\/litografijas-tinte-charbonnel-skistosais\/"},"modified":"2015-12-02T19:26:33","modified_gmt":"2015-12-02T17:26:33","slug":"litografijas-tinte-charbonnel-skistosais","status":"publish","type":"product","link":"https:\/\/hobstop.ee\/lv\/produkts\/litografijas-tinte-charbonnel-skistosais\/","title":{"rendered":"Litogr\u0101fijas tinte Charbonnel \u0161\u0137\u012bsto\u0161ais"},"content":{"rendered":"<p>\u0160o litogr\u0101fijas tinti var izmantot, sagatavojot drukas darbu, uzz\u012bm\u0113jot vai norobe\u017eojot k\u0101du laukumu. To var iz\u0161\u0137\u012bdin\u0101t \u0161\u0137\u012bdin\u0101t\u0101j\u0101 vai \u016bden\u012b, lai ieg\u016btu gl\u012btus pel\u0113kos to\u0146us. Satur sve\u0137us, kas padara to ciet\u0101ku un iztur\u012bg\u0101ku.<\/p>\n","protected":false},"excerpt":{"rendered":"<p>\u0160o litogr\u0101fijas tinti var izmantot, sagatavojot drukas darbu, uzz\u012bm\u0113jot vai norobe\u017eojot k\u0101du laukumu. To var iz\u0161\u0137\u012bdin\u0101t \u0161\u0137\u012bdin\u0101t\u0101j\u0101 vai \u016bden\u012b, lai ieg\u016btu gl\u012btus pel\u0113kos to\u0146us. Satur sve\u0137us, kas padara to ciet\u0101ku un iztur\u012bg\u0101ku.<\/p>\n","protected":false},"featured_media":238212,"comment_status":"closed","ping_status":"closed","template":"","meta":{"_acf_changed":false,"ep_exclude_from_search":false},"product_cat":[18648,18315,16123],"product_tag":[],"class_list":{"0":"post-237949","1":"product","2":"type-product","3":"status-publish","4":"has-post-thumbnail","6":"product_cat-grafika","7":"product_cat-litografijas-krasas-un-iekartas-2","8":"product_cat-makslas-piederumi-2","10":"first","11":"instock","12":"taxable","13":"shipping-taxable","14":"product-type-simple"},"acf":[],"yoast_head":"<!-- This site is optimized with the Yoast SEO plugin v24.1 - https:\/\/yoast.com\/wordpress\/plugins\/seo\/ -->\n<title>Litogr\u0101fijas tinte Charbonnel \u0161\u0137\u012bsto\u0161ais &#8211; Skizze<\/title>\n<meta name=\"robots\" content=\"noindex, follow, max-snippet:-1, max-image-preview:large, max-video-preview:-1\" \/>\n<meta property=\"og:locale\" content=\"lv_LV\" \/>\n<meta property=\"og:type\" content=\"article\" \/>\n<meta property=\"og:title\" content=\"Litogr\u0101fijas tinte Charbonnel \u0161\u0137\u012bsto\u0161ais &#8211; Skizze\" \/>\n<meta property=\"og:description\" content=\"\u0160o litogr\u0101fijas tinti var izmantot, sagatavojot drukas darbu, uzz\u012bm\u0113jot vai norobe\u017eojot k\u0101du laukumu. To var iz\u0161\u0137\u012bdin\u0101t \u0161\u0137\u012bdin\u0101t\u0101j\u0101 vai \u016bden\u012b, lai ieg\u016btu gl\u012btus pel\u0113kos to\u0146us. Satur sve\u0137us, kas padara to ciet\u0101ku un iztur\u012bg\u0101ku.\" \/>\n<meta property=\"og:url\" content=\"https:\/\/hobstop.ee\/lv\/produkts\/litografijas-tinte-charbonnel-skistosais\/\" \/>\n<meta property=\"og:site_name\" content=\"Skizze\" \/>\n<meta property=\"article:publisher\" content=\"http:\/\/www.facebook.com\/VunderSkizze\" \/>\n<meta property=\"og:image\" content=\"https:\/\/hobstop.ee\/media\/4117.jpg\" \/>\n\t<meta property=\"og:image:width\" content=\"1024\" \/>\n\t<meta property=\"og:image:height\" content=\"768\" \/>\n\t<meta property=\"og:image:type\" content=\"image\/jpeg\" \/>\n<meta name=\"twitter:card\" content=\"summary_large_image\" \/>\n<script type=\"application\/ld+json\" class=\"yoast-schema-graph\">{\"@context\":\"https:\/\/schema.org\",\"@graph\":[{\"@type\":\"WebPage\",\"@id\":\"https:\/\/hobstop.ee\/lv\/produkts\/litografijas-tinte-charbonnel-skistosais\/\",\"url\":\"https:\/\/hobstop.ee\/lv\/produkts\/litografijas-tinte-charbonnel-skistosais\/\",\"name\":\"Litogr\u0101fijas tinte Charbonnel \u0161\u0137\u012bsto\u0161ais &#8211; Skizze\",\"isPartOf\":{\"@id\":\"https:\/\/hobstop.ee\/lv\/#website\"},\"primaryImageOfPage\":{\"@id\":\"https:\/\/hobstop.ee\/lv\/produkts\/litografijas-tinte-charbonnel-skistosais\/#primaryimage\"},\"image\":{\"@id\":\"https:\/\/hobstop.ee\/lv\/produkts\/litografijas-tinte-charbonnel-skistosais\/#primaryimage\"},\"thumbnailUrl\":\"https:\/\/hobstop.ee\/media\/4117.jpg\",\"datePublished\":\"2015-12-02T17:26:33+00:00\",\"dateModified\":\"2015-12-02T17:26:33+00:00\",\"breadcrumb\":{\"@id\":\"https:\/\/hobstop.ee\/lv\/produkts\/litografijas-tinte-charbonnel-skistosais\/#breadcrumb\"},\"inLanguage\":\"lv-LV\",\"potentialAction\":[{\"@type\":\"ReadAction\",\"target\":[\"https:\/\/hobstop.ee\/lv\/produkts\/litografijas-tinte-charbonnel-skistosais\/\"]}]},{\"@type\":\"ImageObject\",\"inLanguage\":\"lv-LV\",\"@id\":\"https:\/\/hobstop.ee\/lv\/produkts\/litografijas-tinte-charbonnel-skistosais\/#primaryimage\",\"url\":\"https:\/\/hobstop.ee\/media\/4117.jpg\",\"contentUrl\":\"https:\/\/hobstop.ee\/media\/4117.jpg\",\"width\":1024,\"height\":768},{\"@type\":\"BreadcrumbList\",\"@id\":\"https:\/\/hobstop.ee\/lv\/produkts\/litografijas-tinte-charbonnel-skistosais\/#breadcrumb\",\"itemListElement\":[{\"@type\":\"ListItem\",\"position\":1,\"name\":\"Avaleht\",\"item\":\"https:\/\/www.hobstop.ee\/lv\/\"},{\"@type\":\"ListItem\",\"position\":2,\"name\":\"Veikals\",\"item\":\"https:\/\/www.hobstop.ee\/lv\/veikals\/\"},{\"@type\":\"ListItem\",\"position\":3,\"name\":\"Litogr\u0101fijas tinte Charbonnel \u0161\u0137\u012bsto\u0161ais\"}]},{\"@type\":\"WebSite\",\"@id\":\"https:\/\/hobstop.ee\/lv\/#website\",\"url\":\"https:\/\/hobstop.ee\/lv\/\",\"name\":\"Skizze\",\"description\":\"M\u0101kslas, hobiju un skolas preces\",\"publisher\":{\"@id\":\"https:\/\/hobstop.ee\/lv\/#organization\"},\"potentialAction\":[{\"@type\":\"SearchAction\",\"target\":{\"@type\":\"EntryPoint\",\"urlTemplate\":\"https:\/\/hobstop.ee\/lv\/?s={search_term_string}\"},\"query-input\":{\"@type\":\"PropertyValueSpecification\",\"valueRequired\":true,\"valueName\":\"search_term_string\"}}],\"inLanguage\":\"lv-LV\"},{\"@type\":\"Organization\",\"@id\":\"https:\/\/hobstop.ee\/lv\/#organization\",\"name\":\"Vunder AS\",\"url\":\"https:\/\/hobstop.ee\/lv\/\",\"logo\":{\"@type\":\"ImageObject\",\"inLanguage\":\"lv-LV\",\"@id\":\"https:\/\/hobstop.ee\/lv\/#\/schema\/logo\/image\/\",\"url\":\"https:\/\/hobstop.ee\/media\/vunder-logo.png\",\"contentUrl\":\"https:\/\/hobstop.ee\/media\/vunder-logo.png\",\"width\":127,\"height\":55,\"caption\":\"Vunder AS\"},\"image\":{\"@id\":\"https:\/\/hobstop.ee\/lv\/#\/schema\/logo\/image\/\"},\"sameAs\":[\"http:\/\/www.facebook.com\/VunderSkizze\"]}]}<\/script>\n<!-- \/ Yoast SEO plugin. -->","yoast_head_json":{"title":"Litogr\u0101fijas tinte Charbonnel \u0161\u0137\u012bsto\u0161ais &#8211; Skizze","robots":{"index":"noindex","follow":"follow","max-snippet":"max-snippet:-1","max-image-preview":"max-image-preview:large","max-video-preview":"max-video-preview:-1"},"og_locale":"lv_LV","og_type":"article","og_title":"Litogr\u0101fijas tinte Charbonnel \u0161\u0137\u012bsto\u0161ais &#8211; Skizze","og_description":"\u0160o litogr\u0101fijas tinti var izmantot, sagatavojot drukas darbu, uzz\u012bm\u0113jot vai norobe\u017eojot k\u0101du laukumu. To var iz\u0161\u0137\u012bdin\u0101t \u0161\u0137\u012bdin\u0101t\u0101j\u0101 vai \u016bden\u012b, lai ieg\u016btu gl\u012btus pel\u0113kos to\u0146us. Satur sve\u0137us, kas padara to ciet\u0101ku un iztur\u012bg\u0101ku.","og_url":"https:\/\/hobstop.ee\/lv\/produkts\/litografijas-tinte-charbonnel-skistosais\/","og_site_name":"Skizze","article_publisher":"http:\/\/www.facebook.com\/VunderSkizze","og_image":[{"width":1024,"height":768,"url":"https:\/\/hobstop.ee\/media\/4117.jpg","type":"image\/jpeg"}],"twitter_card":"summary_large_image","schema":{"@context":"https:\/\/schema.org","@graph":[{"@type":"WebPage","@id":"https:\/\/hobstop.ee\/lv\/produkts\/litografijas-tinte-charbonnel-skistosais\/","url":"https:\/\/hobstop.ee\/lv\/produkts\/litografijas-tinte-charbonnel-skistosais\/","name":"Litogr\u0101fijas tinte Charbonnel \u0161\u0137\u012bsto\u0161ais &#8211; Skizze","isPartOf":{"@id":"https:\/\/hobstop.ee\/lv\/#website"},"primaryImageOfPage":{"@id":"https:\/\/hobstop.ee\/lv\/produkts\/litografijas-tinte-charbonnel-skistosais\/#primaryimage"},"image":{"@id":"https:\/\/hobstop.ee\/lv\/produkts\/litografijas-tinte-charbonnel-skistosais\/#primaryimage"},"thumbnailUrl":"https:\/\/hobstop.ee\/media\/4117.jpg","datePublished":"2015-12-02T17:26:33+00:00","dateModified":"2015-12-02T17:26:33+00:00","breadcrumb":{"@id":"https:\/\/hobstop.ee\/lv\/produkts\/litografijas-tinte-charbonnel-skistosais\/#breadcrumb"},"inLanguage":"lv-LV","potentialAction":[{"@type":"ReadAction","target":["https:\/\/hobstop.ee\/lv\/produkts\/litografijas-tinte-charbonnel-skistosais\/"]}]},{"@type":"ImageObject","inLanguage":"lv-LV","@id":"https:\/\/hobstop.ee\/lv\/produkts\/litografijas-tinte-charbonnel-skistosais\/#primaryimage","url":"https:\/\/hobstop.ee\/media\/4117.jpg","contentUrl":"https:\/\/hobstop.ee\/media\/4117.jpg","width":1024,"height":768},{"@type":"BreadcrumbList","@id":"https:\/\/hobstop.ee\/lv\/produkts\/litografijas-tinte-charbonnel-skistosais\/#breadcrumb","itemListElement":[{"@type":"ListItem","position":1,"name":"Avaleht","item":"https:\/\/www.hobstop.ee\/lv\/"},{"@type":"ListItem","position":2,"name":"Veikals","item":"https:\/\/www.hobstop.ee\/lv\/veikals\/"},{"@type":"ListItem","position":3,"name":"Litogr\u0101fijas tinte Charbonnel \u0161\u0137\u012bsto\u0161ais"}]},{"@type":"WebSite","@id":"https:\/\/hobstop.ee\/lv\/#website","url":"https:\/\/hobstop.ee\/lv\/","name":"Skizze","description":"M\u0101kslas, hobiju un skolas preces","publisher":{"@id":"https:\/\/hobstop.ee\/lv\/#organization"},"potentialAction":[{"@type":"SearchAction","target":{"@type":"EntryPoint","urlTemplate":"https:\/\/hobstop.ee\/lv\/?s={search_term_string}"},"query-input":{"@type":"PropertyValueSpecification","valueRequired":true,"valueName":"search_term_string"}}],"inLanguage":"lv-LV"},{"@type":"Organization","@id":"https:\/\/hobstop.ee\/lv\/#organization","name":"Vunder AS","url":"https:\/\/hobstop.ee\/lv\/","logo":{"@type":"ImageObject","inLanguage":"lv-LV","@id":"https:\/\/hobstop.ee\/lv\/#\/schema\/logo\/image\/","url":"https:\/\/hobstop.ee\/media\/vunder-logo.png","contentUrl":"https:\/\/hobstop.ee\/media\/vunder-logo.png","width":127,"height":55,"caption":"Vunder AS"},"image":{"@id":"https:\/\/hobstop.ee\/lv\/#\/schema\/logo\/image\/"},"sameAs":["http:\/\/www.facebook.com\/VunderSkizze"]}]}},"_links":{"self":[{"href":"https:\/\/hobstop.ee\/lv\/wp-json\/wp\/v2\/product\/237949","targetHints":{"allow":["GET"]}}],"collection":[{"href":"https:\/\/hobstop.ee\/lv\/wp-json\/wp\/v2\/product"}],"about":[{"href":"https:\/\/hobstop.ee\/lv\/wp-json\/wp\/v2\/types\/product"}],"replies":[{"embeddable":true,"href":"https:\/\/hobstop.ee\/lv\/wp-json\/wp\/v2\/comments?post=237949"}],"wp:featuredmedia":[{"embeddable":true,"href":"https:\/\/hobstop.ee\/lv\/wp-json\/wp\/v2\/media\/238212"}],"wp:attachment":[{"href":"https:\/\/hobstop.ee\/lv\/wp-json\/wp\/v2\/media?parent=237949"}],"wp:term":[{"taxonomy":"product_cat","embeddable":true,"href":"https:\/\/hobstop.ee\/lv\/wp-json\/wp\/v2\/product_cat?post=237949"},{"taxonomy":"product_tag","embeddable":true,"href":"https:\/\/hobstop.ee\/lv\/wp-json\/wp\/v2\/product_tag?post=237949"}],"curies":[{"name":"wp","href":"https:\/\/api.w.org\/{rel}","templated":true}]}}