{"id":23837,"date":"2014-12-09T12:54:21","date_gmt":"2014-12-09T10:54:21","guid":{"rendered":"https:\/\/sharks.ee\/vunder_2019.klient.veebimajutus.ee\/?post_type=product&#038;p=23837"},"modified":"2014-12-09T12:54:21","modified_gmt":"2014-12-09T10:54:21","slug":"ogles-zimulis-derwent","status":"publish","type":"product","link":"https:\/\/hobstop.ee\/lv\/produkts\/ogles-zimulis-derwent\/","title":{"rendered":"Ogles z\u012bmulis Derwent"},"content":{"rendered":"<p>Ja v\u0113laties j\u016bs ieg\u016bt tradicion\u0101lu ogles efektu ar nedaudz liel\u0101ku kontroli un maz\u0101ku nek\u0101rt\u012bbu, izv\u0113l\u0113ties Charcoal z\u012bmuli. Og\u013cu da\u013ci\u0146as ir sajauktas ar smalk\u0101m m\u0101la da\u013ci\u0146\u0101m un p\u0101rkl\u0101tas ar koku, lai rad\u012btu z\u012bmuli ar bag\u0101t\u012bgu un vienm\u0113r\u012bgu tekst\u016bru, kura rakstur\u012bga tradicion\u0101lajam ogles z\u012bmulim, k\u0101 ar\u012b \u0113rtu un vieglu izmanto\u0161an\u0101. Apa\u013c\u0161 8 mm korpuss, serdenis d=4mm.<\/p>\n","protected":false},"excerpt":{"rendered":"<p>Ja v\u0113laties j\u016bs ieg\u016bt tradicion\u0101lu ogles efektu ar nedaudz liel\u0101ku kontroli un maz\u0101ku nek\u0101rt\u012bbu, izv\u0113l\u0113ties Charcoal z\u012bmuli. Og\u013cu da\u013ci\u0146as ir sajauktas ar smalk\u0101m m\u0101la da\u013ci\u0146\u0101m un p\u0101rkl\u0101tas ar koku, lai rad\u012btu z\u012bmuli ar bag\u0101t\u012bgu un vienm\u0113r\u012bgu tekst\u016bru, kura rakstur\u012bga tradicion\u0101lajam ogles z\u012bmulim, k\u0101 ar\u012b \u0113rtu un vieglu izmanto\u0161an\u0101. Apa\u013c\u0161 8 mm korpuss, serdenis d=4mm.<\/p>\n","protected":false},"featured_media":354619,"comment_status":"closed","ping_status":"closed","template":"","meta":{"_acf_changed":false,"ep_exclude_from_search":false},"product_cat":[16123,18327,18931],"product_tag":[],"class_list":{"0":"post-23837","1":"product","2":"type-product","3":"status-publish","4":"has-post-thumbnail","6":"product_cat-makslas-piederumi-2","7":"product_cat-ogle-un-ogles-zimuli","8":"product_cat-zimesanas-piederumi-3","10":"first","11":"outofstock","12":"taxable","13":"shipping-taxable","14":"purchasable","15":"product-type-variable"},"acf":[],"yoast_head":"<!-- This site is optimized with the Yoast SEO plugin v24.1 - https:\/\/yoast.com\/wordpress\/plugins\/seo\/ -->\n<title>Ogles z\u012bmulis Derwent &#8211; Skizze<\/title>\n<meta name=\"robots\" content=\"noindex, follow, max-snippet:-1, max-image-preview:large, max-video-preview:-1\" \/>\n<meta property=\"og:locale\" content=\"lv_LV\" \/>\n<meta property=\"og:type\" content=\"article\" \/>\n<meta property=\"og:title\" content=\"Ogles z\u012bmulis Derwent &#8211; Skizze\" \/>\n<meta property=\"og:description\" content=\"Ja v\u0113laties j\u016bs ieg\u016bt tradicion\u0101lu ogles efektu ar nedaudz liel\u0101ku kontroli un maz\u0101ku nek\u0101rt\u012bbu, izv\u0113l\u0113ties Charcoal z\u012bmuli. Og\u013cu da\u013ci\u0146as ir sajauktas ar smalk\u0101m m\u0101la da\u013ci\u0146\u0101m un p\u0101rkl\u0101tas ar koku, lai rad\u012btu z\u012bmuli ar bag\u0101t\u012bgu un vienm\u0113r\u012bgu tekst\u016bru, kura rakstur\u012bga tradicion\u0101lajam ogles z\u012bmulim, k\u0101 ar\u012b \u0113rtu un vieglu izmanto\u0161an\u0101. Apa\u013c\u0161 8 mm korpuss, serdenis d=4mm.\" \/>\n<meta property=\"og:url\" content=\"https:\/\/hobstop.ee\/lv\/produkts\/ogles-zimulis-derwent\/\" \/>\n<meta property=\"og:site_name\" content=\"Skizze\" \/>\n<meta property=\"article:publisher\" content=\"http:\/\/www.facebook.com\/VunderSkizze\" \/>\n<meta property=\"og:image\" content=\"https:\/\/hobstop.ee\/media\/1788.jpg\" \/>\n\t<meta property=\"og:image:width\" content=\"1024\" \/>\n\t<meta property=\"og:image:height\" content=\"768\" \/>\n\t<meta property=\"og:image:type\" content=\"image\/jpeg\" \/>\n<meta name=\"twitter:card\" content=\"summary_large_image\" \/>\n<script type=\"application\/ld+json\" class=\"yoast-schema-graph\">{\"@context\":\"https:\/\/schema.org\",\"@graph\":[{\"@type\":\"WebPage\",\"@id\":\"https:\/\/hobstop.ee\/lv\/produkts\/ogles-zimulis-derwent\/\",\"url\":\"https:\/\/hobstop.ee\/lv\/produkts\/ogles-zimulis-derwent\/\",\"name\":\"Ogles z\u012bmulis Derwent &#8211; Skizze\",\"isPartOf\":{\"@id\":\"https:\/\/hobstop.ee\/lv\/#website\"},\"primaryImageOfPage\":{\"@id\":\"https:\/\/hobstop.ee\/lv\/produkts\/ogles-zimulis-derwent\/#primaryimage\"},\"image\":{\"@id\":\"https:\/\/hobstop.ee\/lv\/produkts\/ogles-zimulis-derwent\/#primaryimage\"},\"thumbnailUrl\":\"https:\/\/hobstop.ee\/media\/1788.jpg\",\"datePublished\":\"2014-12-09T10:54:21+00:00\",\"dateModified\":\"2014-12-09T10:54:21+00:00\",\"breadcrumb\":{\"@id\":\"https:\/\/hobstop.ee\/lv\/produkts\/ogles-zimulis-derwent\/#breadcrumb\"},\"inLanguage\":\"lv-LV\",\"potentialAction\":[{\"@type\":\"ReadAction\",\"target\":[\"https:\/\/hobstop.ee\/lv\/produkts\/ogles-zimulis-derwent\/\"]}]},{\"@type\":\"ImageObject\",\"inLanguage\":\"lv-LV\",\"@id\":\"https:\/\/hobstop.ee\/lv\/produkts\/ogles-zimulis-derwent\/#primaryimage\",\"url\":\"https:\/\/hobstop.ee\/media\/1788.jpg\",\"contentUrl\":\"https:\/\/hobstop.ee\/media\/1788.jpg\",\"width\":1024,\"height\":768},{\"@type\":\"BreadcrumbList\",\"@id\":\"https:\/\/hobstop.ee\/lv\/produkts\/ogles-zimulis-derwent\/#breadcrumb\",\"itemListElement\":[{\"@type\":\"ListItem\",\"position\":1,\"name\":\"Avaleht\",\"item\":\"https:\/\/hobstop.ee\/lv\/\"},{\"@type\":\"ListItem\",\"position\":2,\"name\":\"Veikals\",\"item\":\"https:\/\/hobstop.ee\/lv\/veikals\/\"},{\"@type\":\"ListItem\",\"position\":3,\"name\":\"Ogles z\u012bmulis Derwent\"}]},{\"@type\":\"WebSite\",\"@id\":\"https:\/\/hobstop.ee\/lv\/#website\",\"url\":\"https:\/\/hobstop.ee\/lv\/\",\"name\":\"Skizze\",\"description\":\"M\u0101kslas, hobiju un skolas preces\",\"publisher\":{\"@id\":\"https:\/\/hobstop.ee\/lv\/#organization\"},\"potentialAction\":[{\"@type\":\"SearchAction\",\"target\":{\"@type\":\"EntryPoint\",\"urlTemplate\":\"https:\/\/hobstop.ee\/lv\/?s={search_term_string}\"},\"query-input\":{\"@type\":\"PropertyValueSpecification\",\"valueRequired\":true,\"valueName\":\"search_term_string\"}}],\"inLanguage\":\"lv-LV\"},{\"@type\":\"Organization\",\"@id\":\"https:\/\/hobstop.ee\/lv\/#organization\",\"name\":\"Vunder AS\",\"url\":\"https:\/\/hobstop.ee\/lv\/\",\"logo\":{\"@type\":\"ImageObject\",\"inLanguage\":\"lv-LV\",\"@id\":\"https:\/\/hobstop.ee\/lv\/#\/schema\/logo\/image\/\",\"url\":\"https:\/\/hobstop.ee\/media\/vunder-logo.png\",\"contentUrl\":\"https:\/\/hobstop.ee\/media\/vunder-logo.png\",\"width\":127,\"height\":55,\"caption\":\"Vunder AS\"},\"image\":{\"@id\":\"https:\/\/hobstop.ee\/lv\/#\/schema\/logo\/image\/\"},\"sameAs\":[\"http:\/\/www.facebook.com\/VunderSkizze\"]}]}<\/script>\n<!-- \/ Yoast SEO plugin. -->","yoast_head_json":{"title":"Ogles z\u012bmulis Derwent &#8211; Skizze","robots":{"index":"noindex","follow":"follow","max-snippet":"max-snippet:-1","max-image-preview":"max-image-preview:large","max-video-preview":"max-video-preview:-1"},"og_locale":"lv_LV","og_type":"article","og_title":"Ogles z\u012bmulis Derwent &#8211; Skizze","og_description":"Ja v\u0113laties j\u016bs ieg\u016bt tradicion\u0101lu ogles efektu ar nedaudz liel\u0101ku kontroli un maz\u0101ku nek\u0101rt\u012bbu, izv\u0113l\u0113ties Charcoal z\u012bmuli. Og\u013cu da\u013ci\u0146as ir sajauktas ar smalk\u0101m m\u0101la da\u013ci\u0146\u0101m un p\u0101rkl\u0101tas ar koku, lai rad\u012btu z\u012bmuli ar bag\u0101t\u012bgu un vienm\u0113r\u012bgu tekst\u016bru, kura rakstur\u012bga tradicion\u0101lajam ogles z\u012bmulim, k\u0101 ar\u012b \u0113rtu un vieglu izmanto\u0161an\u0101. Apa\u013c\u0161 8 mm korpuss, serdenis d=4mm.","og_url":"https:\/\/hobstop.ee\/lv\/produkts\/ogles-zimulis-derwent\/","og_site_name":"Skizze","article_publisher":"http:\/\/www.facebook.com\/VunderSkizze","og_image":[{"width":1024,"height":768,"url":"https:\/\/hobstop.ee\/media\/1788.jpg","type":"image\/jpeg"}],"twitter_card":"summary_large_image","schema":{"@context":"https:\/\/schema.org","@graph":[{"@type":"WebPage","@id":"https:\/\/hobstop.ee\/lv\/produkts\/ogles-zimulis-derwent\/","url":"https:\/\/hobstop.ee\/lv\/produkts\/ogles-zimulis-derwent\/","name":"Ogles z\u012bmulis Derwent &#8211; Skizze","isPartOf":{"@id":"https:\/\/hobstop.ee\/lv\/#website"},"primaryImageOfPage":{"@id":"https:\/\/hobstop.ee\/lv\/produkts\/ogles-zimulis-derwent\/#primaryimage"},"image":{"@id":"https:\/\/hobstop.ee\/lv\/produkts\/ogles-zimulis-derwent\/#primaryimage"},"thumbnailUrl":"https:\/\/hobstop.ee\/media\/1788.jpg","datePublished":"2014-12-09T10:54:21+00:00","dateModified":"2014-12-09T10:54:21+00:00","breadcrumb":{"@id":"https:\/\/hobstop.ee\/lv\/produkts\/ogles-zimulis-derwent\/#breadcrumb"},"inLanguage":"lv-LV","potentialAction":[{"@type":"ReadAction","target":["https:\/\/hobstop.ee\/lv\/produkts\/ogles-zimulis-derwent\/"]}]},{"@type":"ImageObject","inLanguage":"lv-LV","@id":"https:\/\/hobstop.ee\/lv\/produkts\/ogles-zimulis-derwent\/#primaryimage","url":"https:\/\/hobstop.ee\/media\/1788.jpg","contentUrl":"https:\/\/hobstop.ee\/media\/1788.jpg","width":1024,"height":768},{"@type":"BreadcrumbList","@id":"https:\/\/hobstop.ee\/lv\/produkts\/ogles-zimulis-derwent\/#breadcrumb","itemListElement":[{"@type":"ListItem","position":1,"name":"Avaleht","item":"https:\/\/hobstop.ee\/lv\/"},{"@type":"ListItem","position":2,"name":"Veikals","item":"https:\/\/hobstop.ee\/lv\/veikals\/"},{"@type":"ListItem","position":3,"name":"Ogles z\u012bmulis Derwent"}]},{"@type":"WebSite","@id":"https:\/\/hobstop.ee\/lv\/#website","url":"https:\/\/hobstop.ee\/lv\/","name":"Skizze","description":"M\u0101kslas, hobiju un skolas preces","publisher":{"@id":"https:\/\/hobstop.ee\/lv\/#organization"},"potentialAction":[{"@type":"SearchAction","target":{"@type":"EntryPoint","urlTemplate":"https:\/\/hobstop.ee\/lv\/?s={search_term_string}"},"query-input":{"@type":"PropertyValueSpecification","valueRequired":true,"valueName":"search_term_string"}}],"inLanguage":"lv-LV"},{"@type":"Organization","@id":"https:\/\/hobstop.ee\/lv\/#organization","name":"Vunder AS","url":"https:\/\/hobstop.ee\/lv\/","logo":{"@type":"ImageObject","inLanguage":"lv-LV","@id":"https:\/\/hobstop.ee\/lv\/#\/schema\/logo\/image\/","url":"https:\/\/hobstop.ee\/media\/vunder-logo.png","contentUrl":"https:\/\/hobstop.ee\/media\/vunder-logo.png","width":127,"height":55,"caption":"Vunder AS"},"image":{"@id":"https:\/\/hobstop.ee\/lv\/#\/schema\/logo\/image\/"},"sameAs":["http:\/\/www.facebook.com\/VunderSkizze"]}]}},"_links":{"self":[{"href":"https:\/\/hobstop.ee\/lv\/wp-json\/wp\/v2\/product\/23837","targetHints":{"allow":["GET"]}}],"collection":[{"href":"https:\/\/hobstop.ee\/lv\/wp-json\/wp\/v2\/product"}],"about":[{"href":"https:\/\/hobstop.ee\/lv\/wp-json\/wp\/v2\/types\/product"}],"replies":[{"embeddable":true,"href":"https:\/\/hobstop.ee\/lv\/wp-json\/wp\/v2\/comments?post=23837"}],"wp:featuredmedia":[{"embeddable":true,"href":"https:\/\/hobstop.ee\/lv\/wp-json\/wp\/v2\/media\/354619"}],"wp:attachment":[{"href":"https:\/\/hobstop.ee\/lv\/wp-json\/wp\/v2\/media?parent=23837"}],"wp:term":[{"taxonomy":"product_cat","embeddable":true,"href":"https:\/\/hobstop.ee\/lv\/wp-json\/wp\/v2\/product_cat?post=23837"},{"taxonomy":"product_tag","embeddable":true,"href":"https:\/\/hobstop.ee\/lv\/wp-json\/wp\/v2\/product_tag?post=23837"}],"curies":[{"name":"wp","href":"https:\/\/api.w.org\/{rel}","templated":true}]}}