{"id":239419,"date":"2015-12-16T11:10:03","date_gmt":"2015-12-16T09:10:03","guid":{"rendered":"http:\/\/www.vunder.ee\/lv\/product\/perle-swarovski-elements-5810-10mm\/"},"modified":"2015-12-16T11:10:03","modified_gmt":"2015-12-16T09:10:03","slug":"perle-swarovski-5810-10mm","status":"publish","type":"product","link":"https:\/\/hobstop.ee\/lv\/produkts\/perle-swarovski-5810-10mm\/","title":{"rendered":"P\u0113rle Swarovski 5810 10mm"},"content":{"rendered":"<p>Krist\u0101la p\u0113rles lieliski aizst\u0101j \u012bst\u0101s p\u0113rles: t\u0101s ir l\u012bdz\u012bgas svara un \u012bpa\u0161\u012bbu zi\u0146\u0101, piem\u0113rojas \u0101das temperat\u016brai, ir notur\u012bgas pret berzi, skr\u0101p\u0113jumiem, smar\u017e\u0101m, sviedriem un UV gaismu. Bez tam t\u0101s ir pirm\u0101s p\u0113rles pasaul\u0113, kam ir krist\u0101la kodols un inovat\u012bvs, z\u012bdaini gluds p\u0113r\u013cu p\u0101rkl\u0101jums. Z\u012bmols CREATE YOUR STYLE with SWAROVSKI ELEMENTS garant\u0113 augst\u0101ko Austrijas krist\u0101lu kvalit\u0101ti!<\/p>\n","protected":false},"excerpt":{"rendered":"<p>Krist\u0101la p\u0113rles lieliski aizst\u0101j \u012bst\u0101s p\u0113rles: t\u0101s ir l\u012bdz\u012bgas svara un \u012bpa\u0161\u012bbu zi\u0146\u0101, piem\u0113rojas \u0101das temperat\u016brai, ir notur\u012bgas pret berzi, skr\u0101p\u0113jumiem, smar\u017e\u0101m, sviedriem un UV gaismu. Bez tam t\u0101s ir pirm\u0101s p\u0113rles pasaul\u0113, kam ir krist\u0101la kodols un inovat\u012bvs, z\u012bdaini gluds p\u0113r\u013cu p\u0101rkl\u0101jums. Z\u012bmols CREATE YOUR STYLE with SWAROVSKI ELEMENTS garant\u0113 augst\u0101ko Austrijas krist\u0101lu kvalit\u0101ti!<\/p>\n","protected":false},"featured_media":239491,"comment_status":"closed","ping_status":"closed","template":"","meta":{"_acf_changed":false,"ep_exclude_from_search":false},"product_cat":[19661,17918,19659],"product_tag":[],"class_list":{"0":"post-239419","1":"product","2":"type-product","3":"status-publish","4":"has-post-thumbnail","6":"product_cat-kristali","7":"product_cat-preces-hobijiem","8":"product_cat-rotu-izgatavosana","10":"first","11":"instock","12":"taxable","13":"shipping-taxable","14":"purchasable","15":"product-type-simple"},"acf":[],"yoast_head":"<!-- This site is optimized with the Yoast SEO plugin v24.1 - https:\/\/yoast.com\/wordpress\/plugins\/seo\/ -->\n<title>P\u0113rle Swarovski 5810 10mm &#8211; Skizze<\/title>\n<meta name=\"robots\" content=\"noindex, follow, max-snippet:-1, max-image-preview:large, max-video-preview:-1\" \/>\n<meta property=\"og:locale\" content=\"lv_LV\" \/>\n<meta property=\"og:type\" content=\"article\" \/>\n<meta property=\"og:title\" content=\"P\u0113rle Swarovski 5810 10mm &#8211; Skizze\" \/>\n<meta property=\"og:description\" content=\"Krist\u0101la p\u0113rles lieliski aizst\u0101j \u012bst\u0101s p\u0113rles: t\u0101s ir l\u012bdz\u012bgas svara un \u012bpa\u0161\u012bbu zi\u0146\u0101, piem\u0113rojas \u0101das temperat\u016brai, ir notur\u012bgas pret berzi, skr\u0101p\u0113jumiem, smar\u017e\u0101m, sviedriem un UV gaismu. Bez tam t\u0101s ir pirm\u0101s p\u0113rles pasaul\u0113, kam ir krist\u0101la kodols un inovat\u012bvs, z\u012bdaini gluds p\u0113r\u013cu p\u0101rkl\u0101jums. Z\u012bmols CREATE YOUR STYLE with SWAROVSKI ELEMENTS garant\u0113 augst\u0101ko Austrijas krist\u0101lu kvalit\u0101ti!\" \/>\n<meta property=\"og:url\" content=\"https:\/\/hobstop.ee\/lv\/produkts\/perle-swarovski-5810-10mm\/\" \/>\n<meta property=\"og:site_name\" content=\"Skizze\" \/>\n<meta property=\"article:publisher\" content=\"http:\/\/www.facebook.com\/VunderSkizze\" \/>\n<meta property=\"og:image\" content=\"https:\/\/hobstop.ee\/media\/4125.jpg\" \/>\n\t<meta property=\"og:image:width\" content=\"1024\" \/>\n\t<meta property=\"og:image:height\" content=\"768\" \/>\n\t<meta property=\"og:image:type\" content=\"image\/jpeg\" \/>\n<meta name=\"twitter:card\" content=\"summary_large_image\" \/>\n<script type=\"application\/ld+json\" class=\"yoast-schema-graph\">{\"@context\":\"https:\/\/schema.org\",\"@graph\":[{\"@type\":\"WebPage\",\"@id\":\"https:\/\/hobstop.ee\/lv\/produkts\/perle-swarovski-5810-10mm\/\",\"url\":\"https:\/\/hobstop.ee\/lv\/produkts\/perle-swarovski-5810-10mm\/\",\"name\":\"P\u0113rle Swarovski 5810 10mm &#8211; Skizze\",\"isPartOf\":{\"@id\":\"https:\/\/hobstop.ee\/lv\/#website\"},\"primaryImageOfPage\":{\"@id\":\"https:\/\/hobstop.ee\/lv\/produkts\/perle-swarovski-5810-10mm\/#primaryimage\"},\"image\":{\"@id\":\"https:\/\/hobstop.ee\/lv\/produkts\/perle-swarovski-5810-10mm\/#primaryimage\"},\"thumbnailUrl\":\"https:\/\/hobstop.ee\/media\/4125.jpg\",\"datePublished\":\"2015-12-16T09:10:03+00:00\",\"dateModified\":\"2015-12-16T09:10:03+00:00\",\"breadcrumb\":{\"@id\":\"https:\/\/hobstop.ee\/lv\/produkts\/perle-swarovski-5810-10mm\/#breadcrumb\"},\"inLanguage\":\"lv-LV\",\"potentialAction\":[{\"@type\":\"ReadAction\",\"target\":[\"https:\/\/hobstop.ee\/lv\/produkts\/perle-swarovski-5810-10mm\/\"]}]},{\"@type\":\"ImageObject\",\"inLanguage\":\"lv-LV\",\"@id\":\"https:\/\/hobstop.ee\/lv\/produkts\/perle-swarovski-5810-10mm\/#primaryimage\",\"url\":\"https:\/\/hobstop.ee\/media\/4125.jpg\",\"contentUrl\":\"https:\/\/hobstop.ee\/media\/4125.jpg\",\"width\":1024,\"height\":768},{\"@type\":\"BreadcrumbList\",\"@id\":\"https:\/\/hobstop.ee\/lv\/produkts\/perle-swarovski-5810-10mm\/#breadcrumb\",\"itemListElement\":[{\"@type\":\"ListItem\",\"position\":1,\"name\":\"Avaleht\",\"item\":\"https:\/\/www.hobstop.ee\/lv\/\"},{\"@type\":\"ListItem\",\"position\":2,\"name\":\"Veikals\",\"item\":\"https:\/\/www.hobstop.ee\/lv\/veikals\/\"},{\"@type\":\"ListItem\",\"position\":3,\"name\":\"P\u0113rle Swarovski 5810 10mm\"}]},{\"@type\":\"WebSite\",\"@id\":\"https:\/\/hobstop.ee\/lv\/#website\",\"url\":\"https:\/\/hobstop.ee\/lv\/\",\"name\":\"Skizze\",\"description\":\"M\u0101kslas, hobiju un skolas preces\",\"publisher\":{\"@id\":\"https:\/\/hobstop.ee\/lv\/#organization\"},\"potentialAction\":[{\"@type\":\"SearchAction\",\"target\":{\"@type\":\"EntryPoint\",\"urlTemplate\":\"https:\/\/hobstop.ee\/lv\/?s={search_term_string}\"},\"query-input\":{\"@type\":\"PropertyValueSpecification\",\"valueRequired\":true,\"valueName\":\"search_term_string\"}}],\"inLanguage\":\"lv-LV\"},{\"@type\":\"Organization\",\"@id\":\"https:\/\/hobstop.ee\/lv\/#organization\",\"name\":\"Vunder AS\",\"url\":\"https:\/\/hobstop.ee\/lv\/\",\"logo\":{\"@type\":\"ImageObject\",\"inLanguage\":\"lv-LV\",\"@id\":\"https:\/\/hobstop.ee\/lv\/#\/schema\/logo\/image\/\",\"url\":\"https:\/\/hobstop.ee\/media\/vunder-logo.png\",\"contentUrl\":\"https:\/\/hobstop.ee\/media\/vunder-logo.png\",\"width\":127,\"height\":55,\"caption\":\"Vunder AS\"},\"image\":{\"@id\":\"https:\/\/hobstop.ee\/lv\/#\/schema\/logo\/image\/\"},\"sameAs\":[\"http:\/\/www.facebook.com\/VunderSkizze\"]}]}<\/script>\n<!-- \/ Yoast SEO plugin. -->","yoast_head_json":{"title":"P\u0113rle Swarovski 5810 10mm &#8211; Skizze","robots":{"index":"noindex","follow":"follow","max-snippet":"max-snippet:-1","max-image-preview":"max-image-preview:large","max-video-preview":"max-video-preview:-1"},"og_locale":"lv_LV","og_type":"article","og_title":"P\u0113rle Swarovski 5810 10mm &#8211; Skizze","og_description":"Krist\u0101la p\u0113rles lieliski aizst\u0101j \u012bst\u0101s p\u0113rles: t\u0101s ir l\u012bdz\u012bgas svara un \u012bpa\u0161\u012bbu zi\u0146\u0101, piem\u0113rojas \u0101das temperat\u016brai, ir notur\u012bgas pret berzi, skr\u0101p\u0113jumiem, smar\u017e\u0101m, sviedriem un UV gaismu. Bez tam t\u0101s ir pirm\u0101s p\u0113rles pasaul\u0113, kam ir krist\u0101la kodols un inovat\u012bvs, z\u012bdaini gluds p\u0113r\u013cu p\u0101rkl\u0101jums. Z\u012bmols CREATE YOUR STYLE with SWAROVSKI ELEMENTS garant\u0113 augst\u0101ko Austrijas krist\u0101lu kvalit\u0101ti!","og_url":"https:\/\/hobstop.ee\/lv\/produkts\/perle-swarovski-5810-10mm\/","og_site_name":"Skizze","article_publisher":"http:\/\/www.facebook.com\/VunderSkizze","og_image":[{"width":1024,"height":768,"url":"https:\/\/hobstop.ee\/media\/4125.jpg","type":"image\/jpeg"}],"twitter_card":"summary_large_image","schema":{"@context":"https:\/\/schema.org","@graph":[{"@type":"WebPage","@id":"https:\/\/hobstop.ee\/lv\/produkts\/perle-swarovski-5810-10mm\/","url":"https:\/\/hobstop.ee\/lv\/produkts\/perle-swarovski-5810-10mm\/","name":"P\u0113rle Swarovski 5810 10mm &#8211; Skizze","isPartOf":{"@id":"https:\/\/hobstop.ee\/lv\/#website"},"primaryImageOfPage":{"@id":"https:\/\/hobstop.ee\/lv\/produkts\/perle-swarovski-5810-10mm\/#primaryimage"},"image":{"@id":"https:\/\/hobstop.ee\/lv\/produkts\/perle-swarovski-5810-10mm\/#primaryimage"},"thumbnailUrl":"https:\/\/hobstop.ee\/media\/4125.jpg","datePublished":"2015-12-16T09:10:03+00:00","dateModified":"2015-12-16T09:10:03+00:00","breadcrumb":{"@id":"https:\/\/hobstop.ee\/lv\/produkts\/perle-swarovski-5810-10mm\/#breadcrumb"},"inLanguage":"lv-LV","potentialAction":[{"@type":"ReadAction","target":["https:\/\/hobstop.ee\/lv\/produkts\/perle-swarovski-5810-10mm\/"]}]},{"@type":"ImageObject","inLanguage":"lv-LV","@id":"https:\/\/hobstop.ee\/lv\/produkts\/perle-swarovski-5810-10mm\/#primaryimage","url":"https:\/\/hobstop.ee\/media\/4125.jpg","contentUrl":"https:\/\/hobstop.ee\/media\/4125.jpg","width":1024,"height":768},{"@type":"BreadcrumbList","@id":"https:\/\/hobstop.ee\/lv\/produkts\/perle-swarovski-5810-10mm\/#breadcrumb","itemListElement":[{"@type":"ListItem","position":1,"name":"Avaleht","item":"https:\/\/www.hobstop.ee\/lv\/"},{"@type":"ListItem","position":2,"name":"Veikals","item":"https:\/\/www.hobstop.ee\/lv\/veikals\/"},{"@type":"ListItem","position":3,"name":"P\u0113rle Swarovski 5810 10mm"}]},{"@type":"WebSite","@id":"https:\/\/hobstop.ee\/lv\/#website","url":"https:\/\/hobstop.ee\/lv\/","name":"Skizze","description":"M\u0101kslas, hobiju un skolas preces","publisher":{"@id":"https:\/\/hobstop.ee\/lv\/#organization"},"potentialAction":[{"@type":"SearchAction","target":{"@type":"EntryPoint","urlTemplate":"https:\/\/hobstop.ee\/lv\/?s={search_term_string}"},"query-input":{"@type":"PropertyValueSpecification","valueRequired":true,"valueName":"search_term_string"}}],"inLanguage":"lv-LV"},{"@type":"Organization","@id":"https:\/\/hobstop.ee\/lv\/#organization","name":"Vunder AS","url":"https:\/\/hobstop.ee\/lv\/","logo":{"@type":"ImageObject","inLanguage":"lv-LV","@id":"https:\/\/hobstop.ee\/lv\/#\/schema\/logo\/image\/","url":"https:\/\/hobstop.ee\/media\/vunder-logo.png","contentUrl":"https:\/\/hobstop.ee\/media\/vunder-logo.png","width":127,"height":55,"caption":"Vunder AS"},"image":{"@id":"https:\/\/hobstop.ee\/lv\/#\/schema\/logo\/image\/"},"sameAs":["http:\/\/www.facebook.com\/VunderSkizze"]}]}},"_links":{"self":[{"href":"https:\/\/hobstop.ee\/lv\/wp-json\/wp\/v2\/product\/239419","targetHints":{"allow":["GET"]}}],"collection":[{"href":"https:\/\/hobstop.ee\/lv\/wp-json\/wp\/v2\/product"}],"about":[{"href":"https:\/\/hobstop.ee\/lv\/wp-json\/wp\/v2\/types\/product"}],"replies":[{"embeddable":true,"href":"https:\/\/hobstop.ee\/lv\/wp-json\/wp\/v2\/comments?post=239419"}],"wp:featuredmedia":[{"embeddable":true,"href":"https:\/\/hobstop.ee\/lv\/wp-json\/wp\/v2\/media\/239491"}],"wp:attachment":[{"href":"https:\/\/hobstop.ee\/lv\/wp-json\/wp\/v2\/media?parent=239419"}],"wp:term":[{"taxonomy":"product_cat","embeddable":true,"href":"https:\/\/hobstop.ee\/lv\/wp-json\/wp\/v2\/product_cat?post=239419"},{"taxonomy":"product_tag","embeddable":true,"href":"https:\/\/hobstop.ee\/lv\/wp-json\/wp\/v2\/product_tag?post=239419"}],"curies":[{"name":"wp","href":"https:\/\/api.w.org\/{rel}","templated":true}]}}