{"id":23973,"date":"2014-12-09T12:55:01","date_gmt":"2014-12-09T10:55:01","guid":{"rendered":"https:\/\/sharks.ee\/vunder_2019.klient.veebimajutus.ee\/?post_type=product&#038;p=23973"},"modified":"2014-12-09T12:55:01","modified_gmt":"2014-12-09T10:55:01","slug":"gridas-lampa-daylight-ultimate","status":"publish","type":"product","link":"https:\/\/hobstop.ee\/lv\/produkts\/gridas-lampa-daylight-ultimate\/","title":{"rendered":"Gr\u012bdas lampa Daylight Ultimate"},"content":{"rendered":"<p>Klasiska ant\u012bkas kr\u0101sas, &#8220;Ultimate&#8221; st\u0101vlampa teicami harmon\u0113 j\u016bsu m\u0101jas stilu un dizainu. T\u0101s regul\u0113jam\u0101 aug\u0161da\u013ca vada maigu un kr\u0101su atbilsto\u0161u 20w Daylight\u2122 apgaismojumu (l\u012bdzv\u0113rt\u012bgs 100w) tie\u0161i tur, kur jums tas ir nepiecie\u0161ams un \u012bpa\u0161ais lampas augstuma regul\u0113t\u0101js nodro\u0161ina piln\u012bgu lampas augstuma piem\u0113ro\u0161anu. Lampa ir komplekt\u0101 ar tr\u012bs no\u0146emam\u0101m papildier\u012bc\u0113m: piederumu glab\u0101tuves trauks ar v\u0101ci\u0146u, rakstu paraugu tur\u0113t\u0101js un palielin\u0101mais stikls.<\/p>\n","protected":false},"excerpt":{"rendered":"<p>Klasiska ant\u012bkas kr\u0101sas, &#8220;Ultimate&#8221; st\u0101vlampa teicami harmon\u0113 j\u016bsu m\u0101jas stilu un dizainu. T\u0101s regul\u0113jam\u0101 aug\u0161da\u013ca vada maigu un kr\u0101su atbilsto\u0161u 20w Daylight\u2122 apgaismojumu (l\u012bdzv\u0113rt\u012bgs 100w) tie\u0161i tur, kur jums tas ir nepiecie\u0161ams un \u012bpa\u0161ais lampas augstuma regul\u0113t\u0101js nodro\u0161ina piln\u012bgu lampas augstuma piem\u0113ro\u0161anu. Lampa ir komplekt\u0101 ar tr\u012bs no\u0146emam\u0101m papildier\u012bc\u0113m: piederumu glab\u0101tuves trauks ar v\u0101ci\u0146u, rakstu paraugu tur\u0113t\u0101js un palielin\u0101mais stikls.<\/p>\n","protected":false},"featured_media":103918,"comment_status":"closed","ping_status":"closed","template":"","meta":{"_acf_changed":false,"ep_exclude_from_search":false},"product_cat":[18798,19051],"product_tag":[],"class_list":{"0":"post-23973","1":"product","2":"type-product","3":"status-publish","4":"has-post-thumbnail","6":"product_cat-lampas-3","7":"product_cat-stavlampas-2","9":"first","10":"outofstock","11":"taxable","12":"shipping-taxable","13":"purchasable","14":"product-type-variable"},"acf":[],"yoast_head":"<!-- This site is optimized with the Yoast SEO plugin v24.1 - https:\/\/yoast.com\/wordpress\/plugins\/seo\/ -->\n<title>Gr\u012bdas lampa Daylight Ultimate &#8211; Skizze<\/title>\n<meta name=\"robots\" content=\"noindex, follow, max-snippet:-1, max-image-preview:large, max-video-preview:-1\" \/>\n<meta property=\"og:locale\" content=\"lv_LV\" \/>\n<meta property=\"og:type\" content=\"article\" \/>\n<meta property=\"og:title\" content=\"Gr\u012bdas lampa Daylight Ultimate &#8211; Skizze\" \/>\n<meta property=\"og:description\" content=\"Klasiska ant\u012bkas kr\u0101sas, &#8220;Ultimate&#8221; st\u0101vlampa teicami harmon\u0113 j\u016bsu m\u0101jas stilu un dizainu. T\u0101s regul\u0113jam\u0101 aug\u0161da\u013ca vada maigu un kr\u0101su atbilsto\u0161u 20w Daylight\u2122 apgaismojumu (l\u012bdzv\u0113rt\u012bgs 100w) tie\u0161i tur, kur jums tas ir nepiecie\u0161ams un \u012bpa\u0161ais lampas augstuma regul\u0113t\u0101js nodro\u0161ina piln\u012bgu lampas augstuma piem\u0113ro\u0161anu. Lampa ir komplekt\u0101 ar tr\u012bs no\u0146emam\u0101m papildier\u012bc\u0113m: piederumu glab\u0101tuves trauks ar v\u0101ci\u0146u, rakstu paraugu tur\u0113t\u0101js un palielin\u0101mais stikls.\" \/>\n<meta property=\"og:url\" content=\"https:\/\/hobstop.ee\/lv\/produkts\/gridas-lampa-daylight-ultimate\/\" \/>\n<meta property=\"og:site_name\" content=\"Skizze\" \/>\n<meta property=\"article:publisher\" content=\"http:\/\/www.facebook.com\/VunderSkizze\" \/>\n<meta property=\"og:image\" content=\"https:\/\/hobstop.ee\/media\/1973.jpg\" \/>\n\t<meta property=\"og:image:width\" content=\"1024\" \/>\n\t<meta property=\"og:image:height\" content=\"768\" \/>\n\t<meta property=\"og:image:type\" content=\"image\/jpeg\" \/>\n<meta name=\"twitter:card\" content=\"summary_large_image\" \/>\n<script type=\"application\/ld+json\" class=\"yoast-schema-graph\">{\"@context\":\"https:\/\/schema.org\",\"@graph\":[{\"@type\":\"WebPage\",\"@id\":\"https:\/\/hobstop.ee\/lv\/produkts\/gridas-lampa-daylight-ultimate\/\",\"url\":\"https:\/\/hobstop.ee\/lv\/produkts\/gridas-lampa-daylight-ultimate\/\",\"name\":\"Gr\u012bdas lampa Daylight Ultimate &#8211; Skizze\",\"isPartOf\":{\"@id\":\"https:\/\/hobstop.ee\/lv\/#website\"},\"primaryImageOfPage\":{\"@id\":\"https:\/\/hobstop.ee\/lv\/produkts\/gridas-lampa-daylight-ultimate\/#primaryimage\"},\"image\":{\"@id\":\"https:\/\/hobstop.ee\/lv\/produkts\/gridas-lampa-daylight-ultimate\/#primaryimage\"},\"thumbnailUrl\":\"https:\/\/hobstop.ee\/media\/1973.jpg\",\"datePublished\":\"2014-12-09T10:55:01+00:00\",\"dateModified\":\"2014-12-09T10:55:01+00:00\",\"breadcrumb\":{\"@id\":\"https:\/\/hobstop.ee\/lv\/produkts\/gridas-lampa-daylight-ultimate\/#breadcrumb\"},\"inLanguage\":\"lv-LV\",\"potentialAction\":[{\"@type\":\"ReadAction\",\"target\":[\"https:\/\/hobstop.ee\/lv\/produkts\/gridas-lampa-daylight-ultimate\/\"]}]},{\"@type\":\"ImageObject\",\"inLanguage\":\"lv-LV\",\"@id\":\"https:\/\/hobstop.ee\/lv\/produkts\/gridas-lampa-daylight-ultimate\/#primaryimage\",\"url\":\"https:\/\/hobstop.ee\/media\/1973.jpg\",\"contentUrl\":\"https:\/\/hobstop.ee\/media\/1973.jpg\",\"width\":1024,\"height\":768},{\"@type\":\"BreadcrumbList\",\"@id\":\"https:\/\/hobstop.ee\/lv\/produkts\/gridas-lampa-daylight-ultimate\/#breadcrumb\",\"itemListElement\":[{\"@type\":\"ListItem\",\"position\":1,\"name\":\"Avaleht\",\"item\":\"https:\/\/hobstop.ee\/lv\/\"},{\"@type\":\"ListItem\",\"position\":2,\"name\":\"Veikals\",\"item\":\"https:\/\/hobstop.ee\/lv\/veikals\/\"},{\"@type\":\"ListItem\",\"position\":3,\"name\":\"Gr\u012bdas lampa Daylight Ultimate\"}]},{\"@type\":\"WebSite\",\"@id\":\"https:\/\/hobstop.ee\/lv\/#website\",\"url\":\"https:\/\/hobstop.ee\/lv\/\",\"name\":\"Skizze\",\"description\":\"M\u0101kslas, hobiju un skolas preces\",\"publisher\":{\"@id\":\"https:\/\/hobstop.ee\/lv\/#organization\"},\"potentialAction\":[{\"@type\":\"SearchAction\",\"target\":{\"@type\":\"EntryPoint\",\"urlTemplate\":\"https:\/\/hobstop.ee\/lv\/?s={search_term_string}\"},\"query-input\":{\"@type\":\"PropertyValueSpecification\",\"valueRequired\":true,\"valueName\":\"search_term_string\"}}],\"inLanguage\":\"lv-LV\"},{\"@type\":\"Organization\",\"@id\":\"https:\/\/hobstop.ee\/lv\/#organization\",\"name\":\"Vunder AS\",\"url\":\"https:\/\/hobstop.ee\/lv\/\",\"logo\":{\"@type\":\"ImageObject\",\"inLanguage\":\"lv-LV\",\"@id\":\"https:\/\/hobstop.ee\/lv\/#\/schema\/logo\/image\/\",\"url\":\"https:\/\/hobstop.ee\/media\/vunder-logo.png\",\"contentUrl\":\"https:\/\/hobstop.ee\/media\/vunder-logo.png\",\"width\":127,\"height\":55,\"caption\":\"Vunder AS\"},\"image\":{\"@id\":\"https:\/\/hobstop.ee\/lv\/#\/schema\/logo\/image\/\"},\"sameAs\":[\"http:\/\/www.facebook.com\/VunderSkizze\"]}]}<\/script>\n<!-- \/ Yoast SEO plugin. -->","yoast_head_json":{"title":"Gr\u012bdas lampa Daylight Ultimate &#8211; Skizze","robots":{"index":"noindex","follow":"follow","max-snippet":"max-snippet:-1","max-image-preview":"max-image-preview:large","max-video-preview":"max-video-preview:-1"},"og_locale":"lv_LV","og_type":"article","og_title":"Gr\u012bdas lampa Daylight Ultimate &#8211; Skizze","og_description":"Klasiska ant\u012bkas kr\u0101sas, &#8220;Ultimate&#8221; st\u0101vlampa teicami harmon\u0113 j\u016bsu m\u0101jas stilu un dizainu. T\u0101s regul\u0113jam\u0101 aug\u0161da\u013ca vada maigu un kr\u0101su atbilsto\u0161u 20w Daylight\u2122 apgaismojumu (l\u012bdzv\u0113rt\u012bgs 100w) tie\u0161i tur, kur jums tas ir nepiecie\u0161ams un \u012bpa\u0161ais lampas augstuma regul\u0113t\u0101js nodro\u0161ina piln\u012bgu lampas augstuma piem\u0113ro\u0161anu. Lampa ir komplekt\u0101 ar tr\u012bs no\u0146emam\u0101m papildier\u012bc\u0113m: piederumu glab\u0101tuves trauks ar v\u0101ci\u0146u, rakstu paraugu tur\u0113t\u0101js un palielin\u0101mais stikls.","og_url":"https:\/\/hobstop.ee\/lv\/produkts\/gridas-lampa-daylight-ultimate\/","og_site_name":"Skizze","article_publisher":"http:\/\/www.facebook.com\/VunderSkizze","og_image":[{"width":1024,"height":768,"url":"https:\/\/hobstop.ee\/media\/1973.jpg","type":"image\/jpeg"}],"twitter_card":"summary_large_image","schema":{"@context":"https:\/\/schema.org","@graph":[{"@type":"WebPage","@id":"https:\/\/hobstop.ee\/lv\/produkts\/gridas-lampa-daylight-ultimate\/","url":"https:\/\/hobstop.ee\/lv\/produkts\/gridas-lampa-daylight-ultimate\/","name":"Gr\u012bdas lampa Daylight Ultimate &#8211; Skizze","isPartOf":{"@id":"https:\/\/hobstop.ee\/lv\/#website"},"primaryImageOfPage":{"@id":"https:\/\/hobstop.ee\/lv\/produkts\/gridas-lampa-daylight-ultimate\/#primaryimage"},"image":{"@id":"https:\/\/hobstop.ee\/lv\/produkts\/gridas-lampa-daylight-ultimate\/#primaryimage"},"thumbnailUrl":"https:\/\/hobstop.ee\/media\/1973.jpg","datePublished":"2014-12-09T10:55:01+00:00","dateModified":"2014-12-09T10:55:01+00:00","breadcrumb":{"@id":"https:\/\/hobstop.ee\/lv\/produkts\/gridas-lampa-daylight-ultimate\/#breadcrumb"},"inLanguage":"lv-LV","potentialAction":[{"@type":"ReadAction","target":["https:\/\/hobstop.ee\/lv\/produkts\/gridas-lampa-daylight-ultimate\/"]}]},{"@type":"ImageObject","inLanguage":"lv-LV","@id":"https:\/\/hobstop.ee\/lv\/produkts\/gridas-lampa-daylight-ultimate\/#primaryimage","url":"https:\/\/hobstop.ee\/media\/1973.jpg","contentUrl":"https:\/\/hobstop.ee\/media\/1973.jpg","width":1024,"height":768},{"@type":"BreadcrumbList","@id":"https:\/\/hobstop.ee\/lv\/produkts\/gridas-lampa-daylight-ultimate\/#breadcrumb","itemListElement":[{"@type":"ListItem","position":1,"name":"Avaleht","item":"https:\/\/hobstop.ee\/lv\/"},{"@type":"ListItem","position":2,"name":"Veikals","item":"https:\/\/hobstop.ee\/lv\/veikals\/"},{"@type":"ListItem","position":3,"name":"Gr\u012bdas lampa Daylight Ultimate"}]},{"@type":"WebSite","@id":"https:\/\/hobstop.ee\/lv\/#website","url":"https:\/\/hobstop.ee\/lv\/","name":"Skizze","description":"M\u0101kslas, hobiju un skolas preces","publisher":{"@id":"https:\/\/hobstop.ee\/lv\/#organization"},"potentialAction":[{"@type":"SearchAction","target":{"@type":"EntryPoint","urlTemplate":"https:\/\/hobstop.ee\/lv\/?s={search_term_string}"},"query-input":{"@type":"PropertyValueSpecification","valueRequired":true,"valueName":"search_term_string"}}],"inLanguage":"lv-LV"},{"@type":"Organization","@id":"https:\/\/hobstop.ee\/lv\/#organization","name":"Vunder AS","url":"https:\/\/hobstop.ee\/lv\/","logo":{"@type":"ImageObject","inLanguage":"lv-LV","@id":"https:\/\/hobstop.ee\/lv\/#\/schema\/logo\/image\/","url":"https:\/\/hobstop.ee\/media\/vunder-logo.png","contentUrl":"https:\/\/hobstop.ee\/media\/vunder-logo.png","width":127,"height":55,"caption":"Vunder AS"},"image":{"@id":"https:\/\/hobstop.ee\/lv\/#\/schema\/logo\/image\/"},"sameAs":["http:\/\/www.facebook.com\/VunderSkizze"]}]}},"_links":{"self":[{"href":"https:\/\/hobstop.ee\/lv\/wp-json\/wp\/v2\/product\/23973","targetHints":{"allow":["GET"]}}],"collection":[{"href":"https:\/\/hobstop.ee\/lv\/wp-json\/wp\/v2\/product"}],"about":[{"href":"https:\/\/hobstop.ee\/lv\/wp-json\/wp\/v2\/types\/product"}],"replies":[{"embeddable":true,"href":"https:\/\/hobstop.ee\/lv\/wp-json\/wp\/v2\/comments?post=23973"}],"wp:featuredmedia":[{"embeddable":true,"href":"https:\/\/hobstop.ee\/lv\/wp-json\/wp\/v2\/media\/103918"}],"wp:attachment":[{"href":"https:\/\/hobstop.ee\/lv\/wp-json\/wp\/v2\/media?parent=23973"}],"wp:term":[{"taxonomy":"product_cat","embeddable":true,"href":"https:\/\/hobstop.ee\/lv\/wp-json\/wp\/v2\/product_cat?post=23973"},{"taxonomy":"product_tag","embeddable":true,"href":"https:\/\/hobstop.ee\/lv\/wp-json\/wp\/v2\/product_tag?post=23973"}],"curies":[{"name":"wp","href":"https:\/\/api.w.org\/{rel}","templated":true}]}}