{"id":23994,"date":"2014-12-09T12:55:08","date_gmt":"2014-12-09T10:55:08","guid":{"rendered":"https:\/\/sharks.ee\/vunder_2019.klient.veebimajutus.ee\/?post_type=product&#038;p=23994"},"modified":"2014-12-09T12:55:08","modified_gmt":"2014-12-09T10:55:08","slug":"flomasteri-giotto-be-be","status":"publish","type":"product","link":"https:\/\/hobstop.ee\/lv\/produkts\/flomasteri-giotto-be-be\/","title":{"rendered":"Flomasteri Giotto be-be"},"content":{"rendered":"<p>Giotto Be-be flom\u0101steri nodro\u0161ina 100% dro\u0161u kr\u0101sas notur\u012bbu un nebeidzamu kr\u0101so\u0161anas prieku! Jumbo flom\u0101steri ir piem\u0113roti ar\u012b \u013coti maziem b\u0113rniem. Nav toksiski, \u013coti viegli nomazg\u0101jami no rok\u0101m un auduma, dermatolo\u0123iski p\u0101rbaud\u012bti.  V\u0101ci\u0146\u0161 ar ventil\u0101cijas caurumi\u0146iem, kas \u013cauj elpot nor\u012b\u0161anas gad\u012bjum\u0101 un \u012bpa\u0161i iztur\u012bgs, cie\u0161i piegu\u013co\u0161s flom\u0101stera kodoli\u0146\u0161.<br \/>\nGarums 14cm<\/p>\n","protected":false},"excerpt":{"rendered":"<p>Giotto Be-be flom\u0101steri nodro\u0161ina 100% dro\u0161u kr\u0101sas notur\u012bbu un nebeidzamu kr\u0101so\u0161anas prieku! Jumbo flom\u0101steri ir piem\u0113roti ar\u012b \u013coti maziem b\u0113rniem. Nav toksiski, \u013coti viegli nomazg\u0101jami no rok\u0101m un auduma, dermatolo\u0123iski p\u0101rbaud\u012bti. V\u0101ci\u0146\u0161 ar ventil\u0101cijas caurumi\u0146iem, kas \u013cauj elpot nor\u012b\u0161anas gad\u012bjum\u0101 un \u012bpa\u0161i iztur\u012bgs, cie\u0161i piegu\u013co\u0161s flom\u0101stera kodoli\u0146\u0161. Garums 14cm<\/p>\n","protected":false},"featured_media":355047,"comment_status":"closed","ping_status":"closed","template":"","meta":{"_acf_changed":false,"ep_exclude_from_search":false},"product_cat":[19835,20389,20395],"product_tag":[],"class_list":{"0":"post-23994","1":"product","2":"type-product","3":"status-publish","4":"has-post-thumbnail","6":"product_cat-bernu-brivais-laiks","7":"product_cat-makslas-piederumi-3","8":"product_cat-zimesana","10":"first","11":"instock","12":"taxable","13":"shipping-taxable","14":"purchasable","15":"product-type-variable"},"acf":[],"yoast_head":"<!-- This site is optimized with the Yoast SEO plugin v24.1 - https:\/\/yoast.com\/wordpress\/plugins\/seo\/ -->\n<title>Flomasteri Giotto be-be &#8211; Skizze<\/title>\n<meta name=\"robots\" content=\"noindex, follow, max-snippet:-1, max-image-preview:large, max-video-preview:-1\" \/>\n<meta property=\"og:locale\" content=\"lv_LV\" \/>\n<meta property=\"og:type\" content=\"article\" \/>\n<meta property=\"og:title\" content=\"Flomasteri Giotto be-be &#8211; Skizze\" \/>\n<meta property=\"og:description\" content=\"Giotto Be-be flom\u0101steri nodro\u0161ina 100% dro\u0161u kr\u0101sas notur\u012bbu un nebeidzamu kr\u0101so\u0161anas prieku! Jumbo flom\u0101steri ir piem\u0113roti ar\u012b \u013coti maziem b\u0113rniem. Nav toksiski, \u013coti viegli nomazg\u0101jami no rok\u0101m un auduma, dermatolo\u0123iski p\u0101rbaud\u012bti. V\u0101ci\u0146\u0161 ar ventil\u0101cijas caurumi\u0146iem, kas \u013cauj elpot nor\u012b\u0161anas gad\u012bjum\u0101 un \u012bpa\u0161i iztur\u012bgs, cie\u0161i piegu\u013co\u0161s flom\u0101stera kodoli\u0146\u0161. Garums 14cm\" \/>\n<meta property=\"og:url\" content=\"https:\/\/hobstop.ee\/lv\/produkts\/flomasteri-giotto-be-be\/\" \/>\n<meta property=\"og:site_name\" content=\"Skizze\" \/>\n<meta property=\"article:publisher\" content=\"http:\/\/www.facebook.com\/VunderSkizze\" \/>\n<meta property=\"og:image\" content=\"https:\/\/hobstop.ee\/media\/2010.jpg\" \/>\n\t<meta property=\"og:image:width\" content=\"1024\" \/>\n\t<meta property=\"og:image:height\" content=\"768\" \/>\n\t<meta property=\"og:image:type\" content=\"image\/jpeg\" \/>\n<meta name=\"twitter:card\" content=\"summary_large_image\" \/>\n<script type=\"application\/ld+json\" class=\"yoast-schema-graph\">{\"@context\":\"https:\/\/schema.org\",\"@graph\":[{\"@type\":\"WebPage\",\"@id\":\"https:\/\/hobstop.ee\/lv\/produkts\/flomasteri-giotto-be-be\/\",\"url\":\"https:\/\/hobstop.ee\/lv\/produkts\/flomasteri-giotto-be-be\/\",\"name\":\"Flomasteri Giotto be-be &#8211; Skizze\",\"isPartOf\":{\"@id\":\"https:\/\/hobstop.ee\/lv\/#website\"},\"primaryImageOfPage\":{\"@id\":\"https:\/\/hobstop.ee\/lv\/produkts\/flomasteri-giotto-be-be\/#primaryimage\"},\"image\":{\"@id\":\"https:\/\/hobstop.ee\/lv\/produkts\/flomasteri-giotto-be-be\/#primaryimage\"},\"thumbnailUrl\":\"https:\/\/hobstop.ee\/media\/2010.jpg\",\"datePublished\":\"2014-12-09T10:55:08+00:00\",\"dateModified\":\"2014-12-09T10:55:08+00:00\",\"breadcrumb\":{\"@id\":\"https:\/\/hobstop.ee\/lv\/produkts\/flomasteri-giotto-be-be\/#breadcrumb\"},\"inLanguage\":\"lv-LV\",\"potentialAction\":[{\"@type\":\"ReadAction\",\"target\":[\"https:\/\/hobstop.ee\/lv\/produkts\/flomasteri-giotto-be-be\/\"]}]},{\"@type\":\"ImageObject\",\"inLanguage\":\"lv-LV\",\"@id\":\"https:\/\/hobstop.ee\/lv\/produkts\/flomasteri-giotto-be-be\/#primaryimage\",\"url\":\"https:\/\/hobstop.ee\/media\/2010.jpg\",\"contentUrl\":\"https:\/\/hobstop.ee\/media\/2010.jpg\",\"width\":1024,\"height\":768},{\"@type\":\"BreadcrumbList\",\"@id\":\"https:\/\/hobstop.ee\/lv\/produkts\/flomasteri-giotto-be-be\/#breadcrumb\",\"itemListElement\":[{\"@type\":\"ListItem\",\"position\":1,\"name\":\"Avaleht\",\"item\":\"https:\/\/www.hobstop.ee\/lv\/\"},{\"@type\":\"ListItem\",\"position\":2,\"name\":\"Veikals\",\"item\":\"https:\/\/www.hobstop.ee\/lv\/veikals\/\"},{\"@type\":\"ListItem\",\"position\":3,\"name\":\"Flomasteri Giotto be-be\"}]},{\"@type\":\"WebSite\",\"@id\":\"https:\/\/hobstop.ee\/lv\/#website\",\"url\":\"https:\/\/hobstop.ee\/lv\/\",\"name\":\"Skizze\",\"description\":\"M\u0101kslas, hobiju un skolas preces\",\"publisher\":{\"@id\":\"https:\/\/hobstop.ee\/lv\/#organization\"},\"potentialAction\":[{\"@type\":\"SearchAction\",\"target\":{\"@type\":\"EntryPoint\",\"urlTemplate\":\"https:\/\/hobstop.ee\/lv\/?s={search_term_string}\"},\"query-input\":{\"@type\":\"PropertyValueSpecification\",\"valueRequired\":true,\"valueName\":\"search_term_string\"}}],\"inLanguage\":\"lv-LV\"},{\"@type\":\"Organization\",\"@id\":\"https:\/\/hobstop.ee\/lv\/#organization\",\"name\":\"Vunder AS\",\"url\":\"https:\/\/hobstop.ee\/lv\/\",\"logo\":{\"@type\":\"ImageObject\",\"inLanguage\":\"lv-LV\",\"@id\":\"https:\/\/hobstop.ee\/lv\/#\/schema\/logo\/image\/\",\"url\":\"https:\/\/hobstop.ee\/media\/vunder-logo.png\",\"contentUrl\":\"https:\/\/hobstop.ee\/media\/vunder-logo.png\",\"width\":127,\"height\":55,\"caption\":\"Vunder AS\"},\"image\":{\"@id\":\"https:\/\/hobstop.ee\/lv\/#\/schema\/logo\/image\/\"},\"sameAs\":[\"http:\/\/www.facebook.com\/VunderSkizze\"]}]}<\/script>\n<!-- \/ Yoast SEO plugin. -->","yoast_head_json":{"title":"Flomasteri Giotto be-be &#8211; Skizze","robots":{"index":"noindex","follow":"follow","max-snippet":"max-snippet:-1","max-image-preview":"max-image-preview:large","max-video-preview":"max-video-preview:-1"},"og_locale":"lv_LV","og_type":"article","og_title":"Flomasteri Giotto be-be &#8211; Skizze","og_description":"Giotto Be-be flom\u0101steri nodro\u0161ina 100% dro\u0161u kr\u0101sas notur\u012bbu un nebeidzamu kr\u0101so\u0161anas prieku! Jumbo flom\u0101steri ir piem\u0113roti ar\u012b \u013coti maziem b\u0113rniem. Nav toksiski, \u013coti viegli nomazg\u0101jami no rok\u0101m un auduma, dermatolo\u0123iski p\u0101rbaud\u012bti. V\u0101ci\u0146\u0161 ar ventil\u0101cijas caurumi\u0146iem, kas \u013cauj elpot nor\u012b\u0161anas gad\u012bjum\u0101 un \u012bpa\u0161i iztur\u012bgs, cie\u0161i piegu\u013co\u0161s flom\u0101stera kodoli\u0146\u0161. Garums 14cm","og_url":"https:\/\/hobstop.ee\/lv\/produkts\/flomasteri-giotto-be-be\/","og_site_name":"Skizze","article_publisher":"http:\/\/www.facebook.com\/VunderSkizze","og_image":[{"width":1024,"height":768,"url":"https:\/\/hobstop.ee\/media\/2010.jpg","type":"image\/jpeg"}],"twitter_card":"summary_large_image","schema":{"@context":"https:\/\/schema.org","@graph":[{"@type":"WebPage","@id":"https:\/\/hobstop.ee\/lv\/produkts\/flomasteri-giotto-be-be\/","url":"https:\/\/hobstop.ee\/lv\/produkts\/flomasteri-giotto-be-be\/","name":"Flomasteri Giotto be-be &#8211; Skizze","isPartOf":{"@id":"https:\/\/hobstop.ee\/lv\/#website"},"primaryImageOfPage":{"@id":"https:\/\/hobstop.ee\/lv\/produkts\/flomasteri-giotto-be-be\/#primaryimage"},"image":{"@id":"https:\/\/hobstop.ee\/lv\/produkts\/flomasteri-giotto-be-be\/#primaryimage"},"thumbnailUrl":"https:\/\/hobstop.ee\/media\/2010.jpg","datePublished":"2014-12-09T10:55:08+00:00","dateModified":"2014-12-09T10:55:08+00:00","breadcrumb":{"@id":"https:\/\/hobstop.ee\/lv\/produkts\/flomasteri-giotto-be-be\/#breadcrumb"},"inLanguage":"lv-LV","potentialAction":[{"@type":"ReadAction","target":["https:\/\/hobstop.ee\/lv\/produkts\/flomasteri-giotto-be-be\/"]}]},{"@type":"ImageObject","inLanguage":"lv-LV","@id":"https:\/\/hobstop.ee\/lv\/produkts\/flomasteri-giotto-be-be\/#primaryimage","url":"https:\/\/hobstop.ee\/media\/2010.jpg","contentUrl":"https:\/\/hobstop.ee\/media\/2010.jpg","width":1024,"height":768},{"@type":"BreadcrumbList","@id":"https:\/\/hobstop.ee\/lv\/produkts\/flomasteri-giotto-be-be\/#breadcrumb","itemListElement":[{"@type":"ListItem","position":1,"name":"Avaleht","item":"https:\/\/www.hobstop.ee\/lv\/"},{"@type":"ListItem","position":2,"name":"Veikals","item":"https:\/\/www.hobstop.ee\/lv\/veikals\/"},{"@type":"ListItem","position":3,"name":"Flomasteri Giotto be-be"}]},{"@type":"WebSite","@id":"https:\/\/hobstop.ee\/lv\/#website","url":"https:\/\/hobstop.ee\/lv\/","name":"Skizze","description":"M\u0101kslas, hobiju un skolas preces","publisher":{"@id":"https:\/\/hobstop.ee\/lv\/#organization"},"potentialAction":[{"@type":"SearchAction","target":{"@type":"EntryPoint","urlTemplate":"https:\/\/hobstop.ee\/lv\/?s={search_term_string}"},"query-input":{"@type":"PropertyValueSpecification","valueRequired":true,"valueName":"search_term_string"}}],"inLanguage":"lv-LV"},{"@type":"Organization","@id":"https:\/\/hobstop.ee\/lv\/#organization","name":"Vunder AS","url":"https:\/\/hobstop.ee\/lv\/","logo":{"@type":"ImageObject","inLanguage":"lv-LV","@id":"https:\/\/hobstop.ee\/lv\/#\/schema\/logo\/image\/","url":"https:\/\/hobstop.ee\/media\/vunder-logo.png","contentUrl":"https:\/\/hobstop.ee\/media\/vunder-logo.png","width":127,"height":55,"caption":"Vunder AS"},"image":{"@id":"https:\/\/hobstop.ee\/lv\/#\/schema\/logo\/image\/"},"sameAs":["http:\/\/www.facebook.com\/VunderSkizze"]}]}},"_links":{"self":[{"href":"https:\/\/hobstop.ee\/lv\/wp-json\/wp\/v2\/product\/23994","targetHints":{"allow":["GET"]}}],"collection":[{"href":"https:\/\/hobstop.ee\/lv\/wp-json\/wp\/v2\/product"}],"about":[{"href":"https:\/\/hobstop.ee\/lv\/wp-json\/wp\/v2\/types\/product"}],"replies":[{"embeddable":true,"href":"https:\/\/hobstop.ee\/lv\/wp-json\/wp\/v2\/comments?post=23994"}],"wp:featuredmedia":[{"embeddable":true,"href":"https:\/\/hobstop.ee\/lv\/wp-json\/wp\/v2\/media\/355047"}],"wp:attachment":[{"href":"https:\/\/hobstop.ee\/lv\/wp-json\/wp\/v2\/media?parent=23994"}],"wp:term":[{"taxonomy":"product_cat","embeddable":true,"href":"https:\/\/hobstop.ee\/lv\/wp-json\/wp\/v2\/product_cat?post=23994"},{"taxonomy":"product_tag","embeddable":true,"href":"https:\/\/hobstop.ee\/lv\/wp-json\/wp\/v2\/product_tag?post=23994"}],"curies":[{"name":"wp","href":"https:\/\/api.w.org\/{rel}","templated":true}]}}