{"id":24014,"date":"2014-11-08T15:18:32","date_gmt":"2014-11-08T13:18:32","guid":{"rendered":"https:\/\/sharks.ee\/vunder_2019.klient.veebimajutus.ee\/?post_type=product&p=24014"},"modified":"2020-11-23T15:50:43","modified_gmt":"2020-11-23T13:50:43","slug":"polimermals-cernit-no-1-56g","status":"publish","type":"product","link":"https:\/\/hobstop.ee\/lv\/produkts\/polimermals-cernit-no-1-56g\/","title":{"rendered":"Polim\u0113rm\u0101ls Cernit No.1 56g"},"content":{"rendered":"<p>Cernit No.1 standarta polim\u0113rm\u0101li model\u0113\u0161anai. Piln\u012bb\u0101 saciet\u0113, kars\u0113jot 15-30 min\u016btes iepriek\u0161 l\u012bdz 110-130\u00b0C uzkars\u0113t\u0101 kr\u0101sn\u012b.  Rull\u0113jot un m\u012bcot, materi\u0101ls k\u013c\u016bst \u012bpa\u0161i plastisks un visos virzienos viegli veidojams. To var stiept k\u0101 m\u012bklu un loc\u012bt k\u0101 audumu. Visas kr\u0101sas ir sav\u0101 starp\u0101 jaucamas, ton\u0113jamas, marmor\u0113jamas vai ar baltas, necaursp\u012bd\u012bgas kr\u0101sas piejaukumu padar\u0101mas gai\u0161\u0101kas. P\u0113c apdedzin\u0101\u0161anas materi\u0101la virsma k\u013c\u016bst l\u012bdz\u012bga porcel\u0101nam un ir pietiekami stipra, lai to urbtu, v\u012bl\u0113tu vai sl\u012bp\u0113tu. Kr\u0101so\u0161anai var izmantot akrila kr\u0101sas, dekorat\u012bvo pulveri vai laku. Ide\u0101ls dekorat\u012bvu priek\u0161metu izgatavo\u0161anai, piem\u0113ram, rotaslietu (auskaru, rokasspr\u0101d\u017eu, kulonu), fig\u016bri\u0146u, da\u017e\u0101du piederumu, miniat\u016bras p\u0101rtikas produktu vai pat m\u0113be\u013cu labo\u0161anai un restaur\u0101cijai.<\/p>\n","protected":false},"excerpt":{"rendered":"<p>Cernit No.1 standarta polim\u0113rm\u0101li model\u0113\u0161anai. Piln\u012bb\u0101 saciet\u0113, kars\u0113jot 15-30 min\u016btes iepriek\u0161 l\u012bdz 110-130\u00b0C uzkars\u0113t\u0101 kr\u0101sn\u012b. Rull\u0113jot un m\u012bcot, materi\u0101ls k\u013c\u016bst \u012bpa\u0161i plastisks un visos virzienos viegli veidojams. To var stiept k\u0101 m\u012bklu un loc\u012bt k\u0101 audumu. Visas kr\u0101sas ir sav\u0101 starp\u0101 jaucamas, ton\u0113jamas, marmor\u0113jamas vai ar baltas, necaursp\u012bd\u012bgas kr\u0101sas piejaukumu padar\u0101mas gai\u0161\u0101kas. P\u0113c apdedzin\u0101\u0161anas materi\u0101la virsma k\u013c\u016bst l\u012bdz\u012bga porcel\u0101nam un ir pietiekami stipra, lai to urbtu, v\u012bl\u0113tu vai sl\u012bp\u0113tu. Kr\u0101so\u0161anai var izmantot akrila kr\u0101sas, dekorat\u012bvo pulveri vai laku. Ide\u0101ls dekorat\u012bvu priek\u0161metu izgatavo\u0161anai, piem\u0113ram, rotaslietu (auskaru, rokasspr\u0101d\u017eu, kulonu), fig\u016bri\u0146u, da\u017e\u0101du piederumu, miniat\u016bras p\u0101rtikas produktu vai pat m\u0113be\u013cu labo\u0161anai un restaur\u0101cijai.<\/p>\n","protected":false},"featured_media":352807,"comment_status":"closed","ping_status":"closed","template":"","meta":{"_acf_changed":false,"ep_exclude_from_search":false},"product_cat":[18184,17918,20086],"product_tag":[],"class_list":{"0":"post-24014","1":"product","2":"type-product","3":"status-publish","4":"has-post-thumbnail","6":"product_cat-polimermals","7":"product_cat-preces-hobijiem","8":"product_cat-veidosanas-masas-un-piederumi-2","9":"pa_kma-4678","10":"pa_kma-4679","11":"pa_kma-4681","13":"first","14":"instock","15":"taxable","16":"shipping-taxable","17":"purchasable","18":"product-type-variable"},"acf":[],"yoast_head":"<!-- This site is optimized with the Yoast SEO plugin v24.1 - https:\/\/yoast.com\/wordpress\/plugins\/seo\/ -->\n<title>Polim\u0113rm\u0101ls Cernit No.1 56g &#8211; Skizze<\/title>\n<meta name=\"robots\" content=\"noindex, follow, max-snippet:-1, max-image-preview:large, max-video-preview:-1\" \/>\n<meta property=\"og:locale\" content=\"lv_LV\" \/>\n<meta property=\"og:type\" content=\"article\" \/>\n<meta property=\"og:title\" content=\"Polim\u0113rm\u0101ls Cernit No.1 56g &#8211; Skizze\" \/>\n<meta property=\"og:description\" content=\"Cernit No.1 standarta polim\u0113rm\u0101li model\u0113\u0161anai. Piln\u012bb\u0101 saciet\u0113, kars\u0113jot 15-30 min\u016btes iepriek\u0161 l\u012bdz 110-130\u00b0C uzkars\u0113t\u0101 kr\u0101sn\u012b. Rull\u0113jot un m\u012bcot, materi\u0101ls k\u013c\u016bst \u012bpa\u0161i plastisks un visos virzienos viegli veidojams. To var stiept k\u0101 m\u012bklu un loc\u012bt k\u0101 audumu. Visas kr\u0101sas ir sav\u0101 starp\u0101 jaucamas, ton\u0113jamas, marmor\u0113jamas vai ar baltas, necaursp\u012bd\u012bgas kr\u0101sas piejaukumu padar\u0101mas gai\u0161\u0101kas. P\u0113c apdedzin\u0101\u0161anas materi\u0101la virsma k\u013c\u016bst l\u012bdz\u012bga porcel\u0101nam un ir pietiekami stipra, lai to urbtu, v\u012bl\u0113tu vai sl\u012bp\u0113tu. Kr\u0101so\u0161anai var izmantot akrila kr\u0101sas, dekorat\u012bvo pulveri vai laku. Ide\u0101ls dekorat\u012bvu priek\u0161metu izgatavo\u0161anai, piem\u0113ram, rotaslietu (auskaru, rokasspr\u0101d\u017eu, kulonu), fig\u016bri\u0146u, da\u017e\u0101du piederumu, miniat\u016bras p\u0101rtikas produktu vai pat m\u0113be\u013cu labo\u0161anai un restaur\u0101cijai.\" \/>\n<meta property=\"og:url\" content=\"https:\/\/hobstop.ee\/lv\/produkts\/polimermals-cernit-no-1-56g\/\" \/>\n<meta property=\"og:site_name\" content=\"Skizze\" \/>\n<meta property=\"article:publisher\" content=\"http:\/\/www.facebook.com\/VunderSkizze\" \/>\n<meta property=\"article:modified_time\" content=\"2020-11-23T13:50:43+00:00\" \/>\n<meta property=\"og:image\" content=\"https:\/\/www.hobstop.ee\/media\/2022.jpg\" \/>\n\t<meta property=\"og:image:width\" content=\"1024\" \/>\n\t<meta property=\"og:image:height\" content=\"768\" \/>\n\t<meta property=\"og:image:type\" content=\"image\/jpeg\" \/>\n<meta name=\"twitter:card\" content=\"summary_large_image\" \/>\n<meta name=\"twitter:label1\" content=\"Est. reading time\" \/>\n\t<meta name=\"twitter:data1\" content=\"1 min\u016b\u0161u\" \/>\n<script type=\"application\/ld+json\" class=\"yoast-schema-graph\">{\"@context\":\"https:\/\/schema.org\",\"@graph\":[{\"@type\":\"WebPage\",\"@id\":\"https:\/\/hobstop.ee\/lv\/produkts\/polimermals-cernit-no-1-56g\/\",\"url\":\"https:\/\/hobstop.ee\/lv\/produkts\/polimermals-cernit-no-1-56g\/\",\"name\":\"Polim\u0113rm\u0101ls Cernit No.1 56g &#8211; Skizze\",\"isPartOf\":{\"@id\":\"https:\/\/hobstop.ee\/lv\/#website\"},\"primaryImageOfPage\":{\"@id\":\"https:\/\/hobstop.ee\/lv\/produkts\/polimermals-cernit-no-1-56g\/#primaryimage\"},\"image\":{\"@id\":\"https:\/\/hobstop.ee\/lv\/produkts\/polimermals-cernit-no-1-56g\/#primaryimage\"},\"thumbnailUrl\":\"https:\/\/hobstop.ee\/media\/2022.jpg\",\"datePublished\":\"2014-11-08T13:18:32+00:00\",\"dateModified\":\"2020-11-23T13:50:43+00:00\",\"breadcrumb\":{\"@id\":\"https:\/\/hobstop.ee\/lv\/produkts\/polimermals-cernit-no-1-56g\/#breadcrumb\"},\"inLanguage\":\"lv-LV\",\"potentialAction\":[{\"@type\":\"ReadAction\",\"target\":[\"https:\/\/hobstop.ee\/lv\/produkts\/polimermals-cernit-no-1-56g\/\"]}]},{\"@type\":\"ImageObject\",\"inLanguage\":\"lv-LV\",\"@id\":\"https:\/\/hobstop.ee\/lv\/produkts\/polimermals-cernit-no-1-56g\/#primaryimage\",\"url\":\"https:\/\/hobstop.ee\/media\/2022.jpg\",\"contentUrl\":\"https:\/\/hobstop.ee\/media\/2022.jpg\",\"width\":1024,\"height\":768},{\"@type\":\"BreadcrumbList\",\"@id\":\"https:\/\/hobstop.ee\/lv\/produkts\/polimermals-cernit-no-1-56g\/#breadcrumb\",\"itemListElement\":[{\"@type\":\"ListItem\",\"position\":1,\"name\":\"Avaleht\",\"item\":\"https:\/\/www.hobstop.ee\/lv\/\"},{\"@type\":\"ListItem\",\"position\":2,\"name\":\"Veikals\",\"item\":\"https:\/\/www.hobstop.ee\/lv\/veikals\/\"},{\"@type\":\"ListItem\",\"position\":3,\"name\":\"Polim\u0113rm\u0101ls Cernit No.1 56g\"}]},{\"@type\":\"WebSite\",\"@id\":\"https:\/\/hobstop.ee\/lv\/#website\",\"url\":\"https:\/\/hobstop.ee\/lv\/\",\"name\":\"Skizze\",\"description\":\"M\u0101kslas, hobiju un skolas preces\",\"publisher\":{\"@id\":\"https:\/\/hobstop.ee\/lv\/#organization\"},\"potentialAction\":[{\"@type\":\"SearchAction\",\"target\":{\"@type\":\"EntryPoint\",\"urlTemplate\":\"https:\/\/hobstop.ee\/lv\/?s={search_term_string}\"},\"query-input\":{\"@type\":\"PropertyValueSpecification\",\"valueRequired\":true,\"valueName\":\"search_term_string\"}}],\"inLanguage\":\"lv-LV\"},{\"@type\":\"Organization\",\"@id\":\"https:\/\/hobstop.ee\/lv\/#organization\",\"name\":\"Vunder AS\",\"url\":\"https:\/\/hobstop.ee\/lv\/\",\"logo\":{\"@type\":\"ImageObject\",\"inLanguage\":\"lv-LV\",\"@id\":\"https:\/\/hobstop.ee\/lv\/#\/schema\/logo\/image\/\",\"url\":\"https:\/\/hobstop.ee\/media\/vunder-logo.png\",\"contentUrl\":\"https:\/\/hobstop.ee\/media\/vunder-logo.png\",\"width\":127,\"height\":55,\"caption\":\"Vunder AS\"},\"image\":{\"@id\":\"https:\/\/hobstop.ee\/lv\/#\/schema\/logo\/image\/\"},\"sameAs\":[\"http:\/\/www.facebook.com\/VunderSkizze\"]}]}<\/script>\n<!-- \/ Yoast SEO plugin. -->","yoast_head_json":{"title":"Polim\u0113rm\u0101ls Cernit No.1 56g &#8211; Skizze","robots":{"index":"noindex","follow":"follow","max-snippet":"max-snippet:-1","max-image-preview":"max-image-preview:large","max-video-preview":"max-video-preview:-1"},"og_locale":"lv_LV","og_type":"article","og_title":"Polim\u0113rm\u0101ls Cernit No.1 56g &#8211; Skizze","og_description":"Cernit No.1 standarta polim\u0113rm\u0101li model\u0113\u0161anai. Piln\u012bb\u0101 saciet\u0113, kars\u0113jot 15-30 min\u016btes iepriek\u0161 l\u012bdz 110-130\u00b0C uzkars\u0113t\u0101 kr\u0101sn\u012b. Rull\u0113jot un m\u012bcot, materi\u0101ls k\u013c\u016bst \u012bpa\u0161i plastisks un visos virzienos viegli veidojams. To var stiept k\u0101 m\u012bklu un loc\u012bt k\u0101 audumu. Visas kr\u0101sas ir sav\u0101 starp\u0101 jaucamas, ton\u0113jamas, marmor\u0113jamas vai ar baltas, necaursp\u012bd\u012bgas kr\u0101sas piejaukumu padar\u0101mas gai\u0161\u0101kas. P\u0113c apdedzin\u0101\u0161anas materi\u0101la virsma k\u013c\u016bst l\u012bdz\u012bga porcel\u0101nam un ir pietiekami stipra, lai to urbtu, v\u012bl\u0113tu vai sl\u012bp\u0113tu. Kr\u0101so\u0161anai var izmantot akrila kr\u0101sas, dekorat\u012bvo pulveri vai laku. Ide\u0101ls dekorat\u012bvu priek\u0161metu izgatavo\u0161anai, piem\u0113ram, rotaslietu (auskaru, rokasspr\u0101d\u017eu, kulonu), fig\u016bri\u0146u, da\u017e\u0101du piederumu, miniat\u016bras p\u0101rtikas produktu vai pat m\u0113be\u013cu labo\u0161anai un restaur\u0101cijai.","og_url":"https:\/\/hobstop.ee\/lv\/produkts\/polimermals-cernit-no-1-56g\/","og_site_name":"Skizze","article_publisher":"http:\/\/www.facebook.com\/VunderSkizze","article_modified_time":"2020-11-23T13:50:43+00:00","og_image":[{"width":1024,"height":768,"url":"https:\/\/www.hobstop.ee\/media\/2022.jpg","type":"image\/jpeg"}],"twitter_card":"summary_large_image","twitter_misc":{"Est. reading time":"1 min\u016b\u0161u"},"schema":{"@context":"https:\/\/schema.org","@graph":[{"@type":"WebPage","@id":"https:\/\/hobstop.ee\/lv\/produkts\/polimermals-cernit-no-1-56g\/","url":"https:\/\/hobstop.ee\/lv\/produkts\/polimermals-cernit-no-1-56g\/","name":"Polim\u0113rm\u0101ls Cernit No.1 56g &#8211; Skizze","isPartOf":{"@id":"https:\/\/hobstop.ee\/lv\/#website"},"primaryImageOfPage":{"@id":"https:\/\/hobstop.ee\/lv\/produkts\/polimermals-cernit-no-1-56g\/#primaryimage"},"image":{"@id":"https:\/\/hobstop.ee\/lv\/produkts\/polimermals-cernit-no-1-56g\/#primaryimage"},"thumbnailUrl":"https:\/\/hobstop.ee\/media\/2022.jpg","datePublished":"2014-11-08T13:18:32+00:00","dateModified":"2020-11-23T13:50:43+00:00","breadcrumb":{"@id":"https:\/\/hobstop.ee\/lv\/produkts\/polimermals-cernit-no-1-56g\/#breadcrumb"},"inLanguage":"lv-LV","potentialAction":[{"@type":"ReadAction","target":["https:\/\/hobstop.ee\/lv\/produkts\/polimermals-cernit-no-1-56g\/"]}]},{"@type":"ImageObject","inLanguage":"lv-LV","@id":"https:\/\/hobstop.ee\/lv\/produkts\/polimermals-cernit-no-1-56g\/#primaryimage","url":"https:\/\/hobstop.ee\/media\/2022.jpg","contentUrl":"https:\/\/hobstop.ee\/media\/2022.jpg","width":1024,"height":768},{"@type":"BreadcrumbList","@id":"https:\/\/hobstop.ee\/lv\/produkts\/polimermals-cernit-no-1-56g\/#breadcrumb","itemListElement":[{"@type":"ListItem","position":1,"name":"Avaleht","item":"https:\/\/www.hobstop.ee\/lv\/"},{"@type":"ListItem","position":2,"name":"Veikals","item":"https:\/\/www.hobstop.ee\/lv\/veikals\/"},{"@type":"ListItem","position":3,"name":"Polim\u0113rm\u0101ls Cernit No.1 56g"}]},{"@type":"WebSite","@id":"https:\/\/hobstop.ee\/lv\/#website","url":"https:\/\/hobstop.ee\/lv\/","name":"Skizze","description":"M\u0101kslas, hobiju un skolas preces","publisher":{"@id":"https:\/\/hobstop.ee\/lv\/#organization"},"potentialAction":[{"@type":"SearchAction","target":{"@type":"EntryPoint","urlTemplate":"https:\/\/hobstop.ee\/lv\/?s={search_term_string}"},"query-input":{"@type":"PropertyValueSpecification","valueRequired":true,"valueName":"search_term_string"}}],"inLanguage":"lv-LV"},{"@type":"Organization","@id":"https:\/\/hobstop.ee\/lv\/#organization","name":"Vunder AS","url":"https:\/\/hobstop.ee\/lv\/","logo":{"@type":"ImageObject","inLanguage":"lv-LV","@id":"https:\/\/hobstop.ee\/lv\/#\/schema\/logo\/image\/","url":"https:\/\/hobstop.ee\/media\/vunder-logo.png","contentUrl":"https:\/\/hobstop.ee\/media\/vunder-logo.png","width":127,"height":55,"caption":"Vunder AS"},"image":{"@id":"https:\/\/hobstop.ee\/lv\/#\/schema\/logo\/image\/"},"sameAs":["http:\/\/www.facebook.com\/VunderSkizze"]}]}},"_links":{"self":[{"href":"https:\/\/hobstop.ee\/lv\/wp-json\/wp\/v2\/product\/24014","targetHints":{"allow":["GET"]}}],"collection":[{"href":"https:\/\/hobstop.ee\/lv\/wp-json\/wp\/v2\/product"}],"about":[{"href":"https:\/\/hobstop.ee\/lv\/wp-json\/wp\/v2\/types\/product"}],"replies":[{"embeddable":true,"href":"https:\/\/hobstop.ee\/lv\/wp-json\/wp\/v2\/comments?post=24014"}],"wp:featuredmedia":[{"embeddable":true,"href":"https:\/\/hobstop.ee\/lv\/wp-json\/wp\/v2\/media\/352807"}],"wp:attachment":[{"href":"https:\/\/hobstop.ee\/lv\/wp-json\/wp\/v2\/media?parent=24014"}],"wp:term":[{"taxonomy":"product_cat","embeddable":true,"href":"https:\/\/hobstop.ee\/lv\/wp-json\/wp\/v2\/product_cat?post=24014"},{"taxonomy":"product_tag","embeddable":true,"href":"https:\/\/hobstop.ee\/lv\/wp-json\/wp\/v2\/product_tag?post=24014"}],"curies":[{"name":"wp","href":"https:\/\/api.w.org\/{rel}","templated":true}]}}