{"id":24018,"date":"2014-12-09T12:55:17","date_gmt":"2014-12-09T10:55:17","guid":{"rendered":"https:\/\/sharks.ee\/vunder_2019.klient.veebimajutus.ee\/?post_type=product&#038;p=24018"},"modified":"2014-12-09T12:55:17","modified_gmt":"2014-12-09T10:55:17","slug":"veidosanas-masa-das","status":"publish","type":"product","link":"https:\/\/hobstop.ee\/lv\/produkts\/veidosanas-masa-das\/","title":{"rendered":"Veido\u0161anas masa DAS"},"content":{"rendered":"<p>Kop\u0161 1968. gada Das v\u0101rds ir paz\u012bstams ikvienam veido\u0161anas interesentam vis\u0101 pasaul\u0113: bareljefs, skulpt\u016bra, moza\u012bka &#8211; t\u0101s ir tikai da\u017eas no iesp\u0113jamaj\u0101m izmanto\u0161anas tehnik\u0101m. Materi\u0101ls ir \u013coti labi izl\u012bdzin\u0101ms un dod iesp\u0113ju veidot viengabalainus, iztur\u012bgus priek\u0161metus, ko var dekor\u0113t un kr\u0101sot ar kr\u0101s\u0101m, kas paredz\u0113tas izmanto\u0161anai uz da\u017e\u0101d\u0101m virsm\u0101m, un m\u0101rkeriem.  No dab\u012bg\u0101m izejviel\u0101m izgatavotais materi\u0101ls saciet\u0113 gaisa iedarb\u012bb\u0101 un tam nav nepiecie\u0161ama apdedzin\u0101\u0161ana. Tas ir lielisks veids, k\u0101 p\u0101rveidot un model\u0113t apk\u0101rt\u0113jo vidi.  \u012apa\u0161i labi piem\u0113rots nostiprin\u0101\u0161anai uz da\u017e\u0101d\u0101m virsm\u0101m, piem., koka, kartona vai terakotas.  Dekor\u0113\u0161anai var izmantot  plak\u0101tu kr\u0101sas un lakas.  No Das materi\u0101la izgatavotie priek\u0161meti ir gludi un iztur\u012bgi.<\/p>\n","protected":false},"excerpt":{"rendered":"<p>Kop\u0161 1968. gada Das v\u0101rds ir paz\u012bstams ikvienam veido\u0161anas interesentam vis\u0101 pasaul\u0113: bareljefs, skulpt\u016bra, moza\u012bka &#8211; t\u0101s ir tikai da\u017eas no iesp\u0113jamaj\u0101m izmanto\u0161anas tehnik\u0101m. Materi\u0101ls ir \u013coti labi izl\u012bdzin\u0101ms un dod iesp\u0113ju veidot viengabalainus, iztur\u012bgus priek\u0161metus, ko var dekor\u0113t un kr\u0101sot ar kr\u0101s\u0101m, kas paredz\u0113tas izmanto\u0161anai uz da\u017e\u0101d\u0101m virsm\u0101m, un m\u0101rkeriem. No dab\u012bg\u0101m izejviel\u0101m izgatavotais materi\u0101ls saciet\u0113 gaisa iedarb\u012bb\u0101 un tam nav nepiecie\u0161ama apdedzin\u0101\u0161ana. Tas ir lielisks veids, k\u0101 p\u0101rveidot un model\u0113t apk\u0101rt\u0113jo vidi. \u012apa\u0161i labi piem\u0113rots nostiprin\u0101\u0161anai uz da\u017e\u0101d\u0101m virsm\u0101m, piem., koka, kartona vai terakotas. Dekor\u0113\u0161anai var izmantot plak\u0101tu kr\u0101sas un lakas. No Das materi\u0101la izgatavotie priek\u0161meti ir gludi un iztur\u012bgi.<\/p>\n","protected":false},"featured_media":104010,"comment_status":"closed","ping_status":"closed","template":"","meta":{"_acf_changed":false,"ep_exclude_from_search":false},"product_cat":[18191,17918,20086],"product_tag":[],"class_list":{"0":"post-24018","1":"product","2":"type-product","3":"status-publish","4":"has-post-thumbnail","6":"product_cat-mali-2","7":"product_cat-preces-hobijiem","8":"product_cat-veidosanas-masas-un-piederumi-2","10":"first","11":"instock","12":"taxable","13":"shipping-taxable","14":"purchasable","15":"product-type-variable"},"acf":[],"yoast_head":"<!-- This site is optimized with the Yoast SEO plugin v24.1 - https:\/\/yoast.com\/wordpress\/plugins\/seo\/ -->\n<title>Veido\u0161anas masa DAS &#8211; Skizze<\/title>\n<meta name=\"robots\" content=\"noindex, follow, max-snippet:-1, max-image-preview:large, max-video-preview:-1\" \/>\n<meta property=\"og:locale\" content=\"lv_LV\" \/>\n<meta property=\"og:type\" content=\"article\" \/>\n<meta property=\"og:title\" content=\"Veido\u0161anas masa DAS &#8211; Skizze\" \/>\n<meta property=\"og:description\" content=\"Kop\u0161 1968. gada Das v\u0101rds ir paz\u012bstams ikvienam veido\u0161anas interesentam vis\u0101 pasaul\u0113: bareljefs, skulpt\u016bra, moza\u012bka &#8211; t\u0101s ir tikai da\u017eas no iesp\u0113jamaj\u0101m izmanto\u0161anas tehnik\u0101m. Materi\u0101ls ir \u013coti labi izl\u012bdzin\u0101ms un dod iesp\u0113ju veidot viengabalainus, iztur\u012bgus priek\u0161metus, ko var dekor\u0113t un kr\u0101sot ar kr\u0101s\u0101m, kas paredz\u0113tas izmanto\u0161anai uz da\u017e\u0101d\u0101m virsm\u0101m, un m\u0101rkeriem. No dab\u012bg\u0101m izejviel\u0101m izgatavotais materi\u0101ls saciet\u0113 gaisa iedarb\u012bb\u0101 un tam nav nepiecie\u0161ama apdedzin\u0101\u0161ana. Tas ir lielisks veids, k\u0101 p\u0101rveidot un model\u0113t apk\u0101rt\u0113jo vidi. \u012apa\u0161i labi piem\u0113rots nostiprin\u0101\u0161anai uz da\u017e\u0101d\u0101m virsm\u0101m, piem., koka, kartona vai terakotas. Dekor\u0113\u0161anai var izmantot plak\u0101tu kr\u0101sas un lakas. No Das materi\u0101la izgatavotie priek\u0161meti ir gludi un iztur\u012bgi.\" \/>\n<meta property=\"og:url\" content=\"https:\/\/hobstop.ee\/lv\/produkts\/veidosanas-masa-das\/\" \/>\n<meta property=\"og:site_name\" content=\"Skizze\" \/>\n<meta property=\"article:publisher\" content=\"http:\/\/www.facebook.com\/VunderSkizze\" \/>\n<meta property=\"og:image\" content=\"https:\/\/hobstop.ee\/media\/2029.jpg\" \/>\n\t<meta property=\"og:image:width\" content=\"1024\" \/>\n\t<meta property=\"og:image:height\" content=\"768\" \/>\n\t<meta property=\"og:image:type\" content=\"image\/jpeg\" \/>\n<meta name=\"twitter:card\" content=\"summary_large_image\" \/>\n<meta name=\"twitter:label1\" content=\"Est. reading time\" \/>\n\t<meta name=\"twitter:data1\" content=\"1 min\u016b\u0161u\" \/>\n<script type=\"application\/ld+json\" class=\"yoast-schema-graph\">{\"@context\":\"https:\/\/schema.org\",\"@graph\":[{\"@type\":\"WebPage\",\"@id\":\"https:\/\/hobstop.ee\/lv\/produkts\/veidosanas-masa-das\/\",\"url\":\"https:\/\/hobstop.ee\/lv\/produkts\/veidosanas-masa-das\/\",\"name\":\"Veido\u0161anas masa DAS &#8211; Skizze\",\"isPartOf\":{\"@id\":\"https:\/\/www.hobstop.ee\/lv\/#website\"},\"primaryImageOfPage\":{\"@id\":\"https:\/\/hobstop.ee\/lv\/produkts\/veidosanas-masa-das\/#primaryimage\"},\"image\":{\"@id\":\"https:\/\/hobstop.ee\/lv\/produkts\/veidosanas-masa-das\/#primaryimage\"},\"thumbnailUrl\":\"https:\/\/hobstop.ee\/media\/2029.jpg\",\"datePublished\":\"2014-12-09T10:55:17+00:00\",\"dateModified\":\"2014-12-09T10:55:17+00:00\",\"breadcrumb\":{\"@id\":\"https:\/\/hobstop.ee\/lv\/produkts\/veidosanas-masa-das\/#breadcrumb\"},\"inLanguage\":\"lv-LV\",\"potentialAction\":[{\"@type\":\"ReadAction\",\"target\":[\"https:\/\/hobstop.ee\/lv\/produkts\/veidosanas-masa-das\/\"]}]},{\"@type\":\"ImageObject\",\"inLanguage\":\"lv-LV\",\"@id\":\"https:\/\/hobstop.ee\/lv\/produkts\/veidosanas-masa-das\/#primaryimage\",\"url\":\"https:\/\/hobstop.ee\/media\/2029.jpg\",\"contentUrl\":\"https:\/\/hobstop.ee\/media\/2029.jpg\",\"width\":1024,\"height\":768},{\"@type\":\"BreadcrumbList\",\"@id\":\"https:\/\/hobstop.ee\/lv\/produkts\/veidosanas-masa-das\/#breadcrumb\",\"itemListElement\":[{\"@type\":\"ListItem\",\"position\":1,\"name\":\"Avaleht\",\"item\":\"https:\/\/www.hobstop.ee\/lv\/\"},{\"@type\":\"ListItem\",\"position\":2,\"name\":\"Veikals\",\"item\":\"https:\/\/www.hobstop.ee\/lv\/veikals\/\"},{\"@type\":\"ListItem\",\"position\":3,\"name\":\"Veido\u0161anas masa DAS\"}]},{\"@type\":\"WebSite\",\"@id\":\"https:\/\/www.hobstop.ee\/lv\/#website\",\"url\":\"https:\/\/www.hobstop.ee\/lv\/\",\"name\":\"Skizze\",\"description\":\"M\u0101kslas, hobiju un skolas preces\",\"publisher\":{\"@id\":\"https:\/\/www.hobstop.ee\/lv\/#organization\"},\"potentialAction\":[{\"@type\":\"SearchAction\",\"target\":{\"@type\":\"EntryPoint\",\"urlTemplate\":\"https:\/\/www.hobstop.ee\/lv\/?s={search_term_string}\"},\"query-input\":{\"@type\":\"PropertyValueSpecification\",\"valueRequired\":true,\"valueName\":\"search_term_string\"}}],\"inLanguage\":\"lv-LV\"},{\"@type\":\"Organization\",\"@id\":\"https:\/\/www.hobstop.ee\/lv\/#organization\",\"name\":\"Vunder AS\",\"url\":\"https:\/\/www.hobstop.ee\/lv\/\",\"logo\":{\"@type\":\"ImageObject\",\"inLanguage\":\"lv-LV\",\"@id\":\"https:\/\/www.hobstop.ee\/lv\/#\/schema\/logo\/image\/\",\"url\":\"https:\/\/hobstop.ee\/media\/vunder-logo.png\",\"contentUrl\":\"https:\/\/hobstop.ee\/media\/vunder-logo.png\",\"width\":127,\"height\":55,\"caption\":\"Vunder AS\"},\"image\":{\"@id\":\"https:\/\/www.hobstop.ee\/lv\/#\/schema\/logo\/image\/\"},\"sameAs\":[\"http:\/\/www.facebook.com\/VunderSkizze\"]}]}<\/script>\n<!-- \/ Yoast SEO plugin. -->","yoast_head_json":{"title":"Veido\u0161anas masa DAS &#8211; Skizze","robots":{"index":"noindex","follow":"follow","max-snippet":"max-snippet:-1","max-image-preview":"max-image-preview:large","max-video-preview":"max-video-preview:-1"},"og_locale":"lv_LV","og_type":"article","og_title":"Veido\u0161anas masa DAS &#8211; Skizze","og_description":"Kop\u0161 1968. gada Das v\u0101rds ir paz\u012bstams ikvienam veido\u0161anas interesentam vis\u0101 pasaul\u0113: bareljefs, skulpt\u016bra, moza\u012bka &#8211; t\u0101s ir tikai da\u017eas no iesp\u0113jamaj\u0101m izmanto\u0161anas tehnik\u0101m. Materi\u0101ls ir \u013coti labi izl\u012bdzin\u0101ms un dod iesp\u0113ju veidot viengabalainus, iztur\u012bgus priek\u0161metus, ko var dekor\u0113t un kr\u0101sot ar kr\u0101s\u0101m, kas paredz\u0113tas izmanto\u0161anai uz da\u017e\u0101d\u0101m virsm\u0101m, un m\u0101rkeriem. No dab\u012bg\u0101m izejviel\u0101m izgatavotais materi\u0101ls saciet\u0113 gaisa iedarb\u012bb\u0101 un tam nav nepiecie\u0161ama apdedzin\u0101\u0161ana. Tas ir lielisks veids, k\u0101 p\u0101rveidot un model\u0113t apk\u0101rt\u0113jo vidi. \u012apa\u0161i labi piem\u0113rots nostiprin\u0101\u0161anai uz da\u017e\u0101d\u0101m virsm\u0101m, piem., koka, kartona vai terakotas. Dekor\u0113\u0161anai var izmantot plak\u0101tu kr\u0101sas un lakas. No Das materi\u0101la izgatavotie priek\u0161meti ir gludi un iztur\u012bgi.","og_url":"https:\/\/hobstop.ee\/lv\/produkts\/veidosanas-masa-das\/","og_site_name":"Skizze","article_publisher":"http:\/\/www.facebook.com\/VunderSkizze","og_image":[{"width":1024,"height":768,"url":"https:\/\/hobstop.ee\/media\/2029.jpg","type":"image\/jpeg"}],"twitter_card":"summary_large_image","twitter_misc":{"Est. reading time":"1 min\u016b\u0161u"},"schema":{"@context":"https:\/\/schema.org","@graph":[{"@type":"WebPage","@id":"https:\/\/hobstop.ee\/lv\/produkts\/veidosanas-masa-das\/","url":"https:\/\/hobstop.ee\/lv\/produkts\/veidosanas-masa-das\/","name":"Veido\u0161anas masa DAS &#8211; Skizze","isPartOf":{"@id":"https:\/\/www.hobstop.ee\/lv\/#website"},"primaryImageOfPage":{"@id":"https:\/\/hobstop.ee\/lv\/produkts\/veidosanas-masa-das\/#primaryimage"},"image":{"@id":"https:\/\/hobstop.ee\/lv\/produkts\/veidosanas-masa-das\/#primaryimage"},"thumbnailUrl":"https:\/\/hobstop.ee\/media\/2029.jpg","datePublished":"2014-12-09T10:55:17+00:00","dateModified":"2014-12-09T10:55:17+00:00","breadcrumb":{"@id":"https:\/\/hobstop.ee\/lv\/produkts\/veidosanas-masa-das\/#breadcrumb"},"inLanguage":"lv-LV","potentialAction":[{"@type":"ReadAction","target":["https:\/\/hobstop.ee\/lv\/produkts\/veidosanas-masa-das\/"]}]},{"@type":"ImageObject","inLanguage":"lv-LV","@id":"https:\/\/hobstop.ee\/lv\/produkts\/veidosanas-masa-das\/#primaryimage","url":"https:\/\/hobstop.ee\/media\/2029.jpg","contentUrl":"https:\/\/hobstop.ee\/media\/2029.jpg","width":1024,"height":768},{"@type":"BreadcrumbList","@id":"https:\/\/hobstop.ee\/lv\/produkts\/veidosanas-masa-das\/#breadcrumb","itemListElement":[{"@type":"ListItem","position":1,"name":"Avaleht","item":"https:\/\/www.hobstop.ee\/lv\/"},{"@type":"ListItem","position":2,"name":"Veikals","item":"https:\/\/www.hobstop.ee\/lv\/veikals\/"},{"@type":"ListItem","position":3,"name":"Veido\u0161anas masa DAS"}]},{"@type":"WebSite","@id":"https:\/\/www.hobstop.ee\/lv\/#website","url":"https:\/\/www.hobstop.ee\/lv\/","name":"Skizze","description":"M\u0101kslas, hobiju un skolas preces","publisher":{"@id":"https:\/\/www.hobstop.ee\/lv\/#organization"},"potentialAction":[{"@type":"SearchAction","target":{"@type":"EntryPoint","urlTemplate":"https:\/\/www.hobstop.ee\/lv\/?s={search_term_string}"},"query-input":{"@type":"PropertyValueSpecification","valueRequired":true,"valueName":"search_term_string"}}],"inLanguage":"lv-LV"},{"@type":"Organization","@id":"https:\/\/www.hobstop.ee\/lv\/#organization","name":"Vunder AS","url":"https:\/\/www.hobstop.ee\/lv\/","logo":{"@type":"ImageObject","inLanguage":"lv-LV","@id":"https:\/\/www.hobstop.ee\/lv\/#\/schema\/logo\/image\/","url":"https:\/\/hobstop.ee\/media\/vunder-logo.png","contentUrl":"https:\/\/hobstop.ee\/media\/vunder-logo.png","width":127,"height":55,"caption":"Vunder AS"},"image":{"@id":"https:\/\/www.hobstop.ee\/lv\/#\/schema\/logo\/image\/"},"sameAs":["http:\/\/www.facebook.com\/VunderSkizze"]}]}},"_links":{"self":[{"href":"https:\/\/hobstop.ee\/lv\/wp-json\/wp\/v2\/product\/24018","targetHints":{"allow":["GET"]}}],"collection":[{"href":"https:\/\/hobstop.ee\/lv\/wp-json\/wp\/v2\/product"}],"about":[{"href":"https:\/\/hobstop.ee\/lv\/wp-json\/wp\/v2\/types\/product"}],"replies":[{"embeddable":true,"href":"https:\/\/hobstop.ee\/lv\/wp-json\/wp\/v2\/comments?post=24018"}],"wp:featuredmedia":[{"embeddable":true,"href":"https:\/\/hobstop.ee\/lv\/wp-json\/wp\/v2\/media\/104010"}],"wp:attachment":[{"href":"https:\/\/hobstop.ee\/lv\/wp-json\/wp\/v2\/media?parent=24018"}],"wp:term":[{"taxonomy":"product_cat","embeddable":true,"href":"https:\/\/hobstop.ee\/lv\/wp-json\/wp\/v2\/product_cat?post=24018"},{"taxonomy":"product_tag","embeddable":true,"href":"https:\/\/hobstop.ee\/lv\/wp-json\/wp\/v2\/product_tag?post=24018"}],"curies":[{"name":"wp","href":"https:\/\/api.w.org\/{rel}","templated":true}]}}