{"id":24044,"date":"2014-12-09T12:55:28","date_gmt":"2014-12-09T10:55:28","guid":{"rendered":"https:\/\/sharks.ee\/vunder_2019.klient.veebimajutus.ee\/?post_type=product&#038;p=24044"},"modified":"2014-12-09T12:55:28","modified_gmt":"2014-12-09T10:55:28","slug":"krasainais-zimulis-derwent-artists","status":"publish","type":"product","link":"https:\/\/hobstop.ee\/lv\/produkts\/krasainais-zimulis-derwent-artists\/","title":{"rendered":"Kr\u0101sainais z\u012bmulis Derwent Artists"},"content":{"rendered":"<p>20.gs. 30-jos gados pirmais Derwent rad\u012btais kr\u0101su z\u012bmulis, kas pla\u0161\u0101k paz\u012bstams k\u0101 s\u0113rija Nr. 19. T\u0101 tradicion\u0101lais, apa\u013cais korpuss un platais serdenis padara to izcili piem\u0113rotu platu z\u012bmu\u013ca vilcienu rad\u012b\u0161anai un br\u012bv\u0101 form\u0101 rad\u012btiem izteiksm\u012bgiem z\u012bm\u0113jumiem. Nedaudz vaskam l\u012bdz\u012bg\u0101 tekst\u016bra ir ide\u0101li piem\u0113rota vair\u0101ku l\u012bme\u0146u un kr\u0101su p\u0101reju rad\u012b\u0161anai, lai sasniegtu bezgal\u012bgu, da\u017e\u0101du smalku to\u0146u un nokr\u0101su spektru.<br \/>\nApa\u013c\u0161 8mm korpuss, serdenis d=4mm<\/p>\n","protected":false},"excerpt":{"rendered":"<p>20.gs. 30-jos gados pirmais Derwent rad\u012btais kr\u0101su z\u012bmulis, kas pla\u0161\u0101k paz\u012bstams k\u0101 s\u0113rija Nr. 19. T\u0101 tradicion\u0101lais, apa\u013cais korpuss un platais serdenis padara to izcili piem\u0113rotu platu z\u012bmu\u013ca vilcienu rad\u012b\u0161anai un br\u012bv\u0101 form\u0101 rad\u012btiem izteiksm\u012bgiem z\u012bm\u0113jumiem. Nedaudz vaskam l\u012bdz\u012bg\u0101 tekst\u016bra ir ide\u0101li piem\u0113rota vair\u0101ku l\u012bme\u0146u un kr\u0101su p\u0101reju rad\u012b\u0161anai, lai sasniegtu bezgal\u012bgu, da\u017e\u0101du smalku to\u0146u un nokr\u0101su spektru. Apa\u013c\u0161 8mm korpuss, serdenis d=4mm<\/p>\n","protected":false},"featured_media":104058,"comment_status":"closed","ping_status":"closed","template":"","meta":{"_acf_changed":false,"ep_exclude_from_search":false},"product_cat":[18142,16123,18931],"product_tag":[],"class_list":{"0":"post-24044","1":"product","2":"type-product","3":"status-publish","4":"has-post-thumbnail","6":"product_cat-krasu-zimuli-3","7":"product_cat-makslas-piederumi-2","8":"product_cat-zimesanas-piederumi-3","10":"first","11":"instock","12":"taxable","13":"shipping-taxable","14":"purchasable","15":"product-type-variable"},"acf":[],"yoast_head":"<!-- This site is optimized with the Yoast SEO plugin v24.1 - https:\/\/yoast.com\/wordpress\/plugins\/seo\/ -->\n<title>Kr\u0101sainais z\u012bmulis Derwent Artists &#8211; Skizze<\/title>\n<meta name=\"robots\" content=\"noindex, follow, max-snippet:-1, max-image-preview:large, max-video-preview:-1\" \/>\n<meta property=\"og:locale\" content=\"lv_LV\" \/>\n<meta property=\"og:type\" content=\"article\" \/>\n<meta property=\"og:title\" content=\"Kr\u0101sainais z\u012bmulis Derwent Artists &#8211; Skizze\" \/>\n<meta property=\"og:description\" content=\"20.gs. 30-jos gados pirmais Derwent rad\u012btais kr\u0101su z\u012bmulis, kas pla\u0161\u0101k paz\u012bstams k\u0101 s\u0113rija Nr. 19. T\u0101 tradicion\u0101lais, apa\u013cais korpuss un platais serdenis padara to izcili piem\u0113rotu platu z\u012bmu\u013ca vilcienu rad\u012b\u0161anai un br\u012bv\u0101 form\u0101 rad\u012btiem izteiksm\u012bgiem z\u012bm\u0113jumiem. Nedaudz vaskam l\u012bdz\u012bg\u0101 tekst\u016bra ir ide\u0101li piem\u0113rota vair\u0101ku l\u012bme\u0146u un kr\u0101su p\u0101reju rad\u012b\u0161anai, lai sasniegtu bezgal\u012bgu, da\u017e\u0101du smalku to\u0146u un nokr\u0101su spektru. Apa\u013c\u0161 8mm korpuss, serdenis d=4mm\" \/>\n<meta property=\"og:url\" content=\"https:\/\/hobstop.ee\/lv\/produkts\/krasainais-zimulis-derwent-artists\/\" \/>\n<meta property=\"og:site_name\" content=\"Skizze\" \/>\n<meta property=\"article:publisher\" content=\"http:\/\/www.facebook.com\/VunderSkizze\" \/>\n<meta property=\"og:image\" content=\"https:\/\/www.hobstop.ee\/media\/2049.jpg\" \/>\n\t<meta property=\"og:image:width\" content=\"1024\" \/>\n\t<meta property=\"og:image:height\" content=\"768\" \/>\n\t<meta property=\"og:image:type\" content=\"image\/jpeg\" \/>\n<meta name=\"twitter:card\" content=\"summary_large_image\" \/>\n<script type=\"application\/ld+json\" class=\"yoast-schema-graph\">{\"@context\":\"https:\/\/schema.org\",\"@graph\":[{\"@type\":\"WebPage\",\"@id\":\"https:\/\/hobstop.ee\/lv\/produkts\/krasainais-zimulis-derwent-artists\/\",\"url\":\"https:\/\/hobstop.ee\/lv\/produkts\/krasainais-zimulis-derwent-artists\/\",\"name\":\"Kr\u0101sainais z\u012bmulis Derwent Artists &#8211; Skizze\",\"isPartOf\":{\"@id\":\"https:\/\/hobstop.ee\/lv\/#website\"},\"primaryImageOfPage\":{\"@id\":\"https:\/\/hobstop.ee\/lv\/produkts\/krasainais-zimulis-derwent-artists\/#primaryimage\"},\"image\":{\"@id\":\"https:\/\/hobstop.ee\/lv\/produkts\/krasainais-zimulis-derwent-artists\/#primaryimage\"},\"thumbnailUrl\":\"https:\/\/hobstop.ee\/media\/2049.jpg\",\"datePublished\":\"2014-12-09T10:55:28+00:00\",\"dateModified\":\"2014-12-09T10:55:28+00:00\",\"breadcrumb\":{\"@id\":\"https:\/\/hobstop.ee\/lv\/produkts\/krasainais-zimulis-derwent-artists\/#breadcrumb\"},\"inLanguage\":\"lv-LV\",\"potentialAction\":[{\"@type\":\"ReadAction\",\"target\":[\"https:\/\/hobstop.ee\/lv\/produkts\/krasainais-zimulis-derwent-artists\/\"]}]},{\"@type\":\"ImageObject\",\"inLanguage\":\"lv-LV\",\"@id\":\"https:\/\/hobstop.ee\/lv\/produkts\/krasainais-zimulis-derwent-artists\/#primaryimage\",\"url\":\"https:\/\/hobstop.ee\/media\/2049.jpg\",\"contentUrl\":\"https:\/\/hobstop.ee\/media\/2049.jpg\",\"width\":1024,\"height\":768},{\"@type\":\"BreadcrumbList\",\"@id\":\"https:\/\/hobstop.ee\/lv\/produkts\/krasainais-zimulis-derwent-artists\/#breadcrumb\",\"itemListElement\":[{\"@type\":\"ListItem\",\"position\":1,\"name\":\"Avaleht\",\"item\":\"https:\/\/www.hobstop.ee\/lv\/\"},{\"@type\":\"ListItem\",\"position\":2,\"name\":\"Veikals\",\"item\":\"https:\/\/www.hobstop.ee\/lv\/veikals\/\"},{\"@type\":\"ListItem\",\"position\":3,\"name\":\"Kr\u0101sainais z\u012bmulis Derwent Artists\"}]},{\"@type\":\"WebSite\",\"@id\":\"https:\/\/hobstop.ee\/lv\/#website\",\"url\":\"https:\/\/hobstop.ee\/lv\/\",\"name\":\"Skizze\",\"description\":\"M\u0101kslas, hobiju un skolas preces\",\"publisher\":{\"@id\":\"https:\/\/hobstop.ee\/lv\/#organization\"},\"potentialAction\":[{\"@type\":\"SearchAction\",\"target\":{\"@type\":\"EntryPoint\",\"urlTemplate\":\"https:\/\/hobstop.ee\/lv\/?s={search_term_string}\"},\"query-input\":{\"@type\":\"PropertyValueSpecification\",\"valueRequired\":true,\"valueName\":\"search_term_string\"}}],\"inLanguage\":\"lv-LV\"},{\"@type\":\"Organization\",\"@id\":\"https:\/\/hobstop.ee\/lv\/#organization\",\"name\":\"Vunder AS\",\"url\":\"https:\/\/hobstop.ee\/lv\/\",\"logo\":{\"@type\":\"ImageObject\",\"inLanguage\":\"lv-LV\",\"@id\":\"https:\/\/hobstop.ee\/lv\/#\/schema\/logo\/image\/\",\"url\":\"https:\/\/hobstop.ee\/media\/vunder-logo.png\",\"contentUrl\":\"https:\/\/hobstop.ee\/media\/vunder-logo.png\",\"width\":127,\"height\":55,\"caption\":\"Vunder AS\"},\"image\":{\"@id\":\"https:\/\/hobstop.ee\/lv\/#\/schema\/logo\/image\/\"},\"sameAs\":[\"http:\/\/www.facebook.com\/VunderSkizze\"]}]}<\/script>\n<!-- \/ Yoast SEO plugin. -->","yoast_head_json":{"title":"Kr\u0101sainais z\u012bmulis Derwent Artists &#8211; Skizze","robots":{"index":"noindex","follow":"follow","max-snippet":"max-snippet:-1","max-image-preview":"max-image-preview:large","max-video-preview":"max-video-preview:-1"},"og_locale":"lv_LV","og_type":"article","og_title":"Kr\u0101sainais z\u012bmulis Derwent Artists &#8211; Skizze","og_description":"20.gs. 30-jos gados pirmais Derwent rad\u012btais kr\u0101su z\u012bmulis, kas pla\u0161\u0101k paz\u012bstams k\u0101 s\u0113rija Nr. 19. T\u0101 tradicion\u0101lais, apa\u013cais korpuss un platais serdenis padara to izcili piem\u0113rotu platu z\u012bmu\u013ca vilcienu rad\u012b\u0161anai un br\u012bv\u0101 form\u0101 rad\u012btiem izteiksm\u012bgiem z\u012bm\u0113jumiem. Nedaudz vaskam l\u012bdz\u012bg\u0101 tekst\u016bra ir ide\u0101li piem\u0113rota vair\u0101ku l\u012bme\u0146u un kr\u0101su p\u0101reju rad\u012b\u0161anai, lai sasniegtu bezgal\u012bgu, da\u017e\u0101du smalku to\u0146u un nokr\u0101su spektru. Apa\u013c\u0161 8mm korpuss, serdenis d=4mm","og_url":"https:\/\/hobstop.ee\/lv\/produkts\/krasainais-zimulis-derwent-artists\/","og_site_name":"Skizze","article_publisher":"http:\/\/www.facebook.com\/VunderSkizze","og_image":[{"width":1024,"height":768,"url":"https:\/\/www.hobstop.ee\/media\/2049.jpg","type":"image\/jpeg"}],"twitter_card":"summary_large_image","schema":{"@context":"https:\/\/schema.org","@graph":[{"@type":"WebPage","@id":"https:\/\/hobstop.ee\/lv\/produkts\/krasainais-zimulis-derwent-artists\/","url":"https:\/\/hobstop.ee\/lv\/produkts\/krasainais-zimulis-derwent-artists\/","name":"Kr\u0101sainais z\u012bmulis Derwent Artists &#8211; Skizze","isPartOf":{"@id":"https:\/\/hobstop.ee\/lv\/#website"},"primaryImageOfPage":{"@id":"https:\/\/hobstop.ee\/lv\/produkts\/krasainais-zimulis-derwent-artists\/#primaryimage"},"image":{"@id":"https:\/\/hobstop.ee\/lv\/produkts\/krasainais-zimulis-derwent-artists\/#primaryimage"},"thumbnailUrl":"https:\/\/hobstop.ee\/media\/2049.jpg","datePublished":"2014-12-09T10:55:28+00:00","dateModified":"2014-12-09T10:55:28+00:00","breadcrumb":{"@id":"https:\/\/hobstop.ee\/lv\/produkts\/krasainais-zimulis-derwent-artists\/#breadcrumb"},"inLanguage":"lv-LV","potentialAction":[{"@type":"ReadAction","target":["https:\/\/hobstop.ee\/lv\/produkts\/krasainais-zimulis-derwent-artists\/"]}]},{"@type":"ImageObject","inLanguage":"lv-LV","@id":"https:\/\/hobstop.ee\/lv\/produkts\/krasainais-zimulis-derwent-artists\/#primaryimage","url":"https:\/\/hobstop.ee\/media\/2049.jpg","contentUrl":"https:\/\/hobstop.ee\/media\/2049.jpg","width":1024,"height":768},{"@type":"BreadcrumbList","@id":"https:\/\/hobstop.ee\/lv\/produkts\/krasainais-zimulis-derwent-artists\/#breadcrumb","itemListElement":[{"@type":"ListItem","position":1,"name":"Avaleht","item":"https:\/\/www.hobstop.ee\/lv\/"},{"@type":"ListItem","position":2,"name":"Veikals","item":"https:\/\/www.hobstop.ee\/lv\/veikals\/"},{"@type":"ListItem","position":3,"name":"Kr\u0101sainais z\u012bmulis Derwent Artists"}]},{"@type":"WebSite","@id":"https:\/\/hobstop.ee\/lv\/#website","url":"https:\/\/hobstop.ee\/lv\/","name":"Skizze","description":"M\u0101kslas, hobiju un skolas preces","publisher":{"@id":"https:\/\/hobstop.ee\/lv\/#organization"},"potentialAction":[{"@type":"SearchAction","target":{"@type":"EntryPoint","urlTemplate":"https:\/\/hobstop.ee\/lv\/?s={search_term_string}"},"query-input":{"@type":"PropertyValueSpecification","valueRequired":true,"valueName":"search_term_string"}}],"inLanguage":"lv-LV"},{"@type":"Organization","@id":"https:\/\/hobstop.ee\/lv\/#organization","name":"Vunder AS","url":"https:\/\/hobstop.ee\/lv\/","logo":{"@type":"ImageObject","inLanguage":"lv-LV","@id":"https:\/\/hobstop.ee\/lv\/#\/schema\/logo\/image\/","url":"https:\/\/hobstop.ee\/media\/vunder-logo.png","contentUrl":"https:\/\/hobstop.ee\/media\/vunder-logo.png","width":127,"height":55,"caption":"Vunder AS"},"image":{"@id":"https:\/\/hobstop.ee\/lv\/#\/schema\/logo\/image\/"},"sameAs":["http:\/\/www.facebook.com\/VunderSkizze"]}]}},"_links":{"self":[{"href":"https:\/\/hobstop.ee\/lv\/wp-json\/wp\/v2\/product\/24044","targetHints":{"allow":["GET"]}}],"collection":[{"href":"https:\/\/hobstop.ee\/lv\/wp-json\/wp\/v2\/product"}],"about":[{"href":"https:\/\/hobstop.ee\/lv\/wp-json\/wp\/v2\/types\/product"}],"replies":[{"embeddable":true,"href":"https:\/\/hobstop.ee\/lv\/wp-json\/wp\/v2\/comments?post=24044"}],"wp:featuredmedia":[{"embeddable":true,"href":"https:\/\/hobstop.ee\/lv\/wp-json\/wp\/v2\/media\/104058"}],"wp:attachment":[{"href":"https:\/\/hobstop.ee\/lv\/wp-json\/wp\/v2\/media?parent=24044"}],"wp:term":[{"taxonomy":"product_cat","embeddable":true,"href":"https:\/\/hobstop.ee\/lv\/wp-json\/wp\/v2\/product_cat?post=24044"},{"taxonomy":"product_tag","embeddable":true,"href":"https:\/\/hobstop.ee\/lv\/wp-json\/wp\/v2\/product_tag?post=24044"}],"curies":[{"name":"wp","href":"https:\/\/api.w.org\/{rel}","templated":true}]}}