{"id":24054,"date":"2014-11-08T15:59:34","date_gmt":"2014-11-08T13:59:34","guid":{"rendered":"https:\/\/sharks.ee\/vunder_2019.klient.veebimajutus.ee\/?post_type=product&p=24054"},"modified":"2014-11-08T15:59:34","modified_gmt":"2014-11-08T12:59:34","slug":"krasainais-zimulis-giotto-be-be","status":"publish","type":"product","link":"https:\/\/hobstop.ee\/lv\/produkts\/krasainais-zimulis-giotto-be-be\/","title":{"rendered":"Kr\u0101sainais z\u012bmulis Giotto be-be"},"content":{"rendered":"<p>Ar tik lieliem z\u012bmu\u013ciem var realiz\u0113t grandiozas idejas! Liel\u0101, 7mm diametra z\u012bmu\u013ca serde sniedz b\u0113rnam patiesu z\u012bm\u0113\u0161anas un kr\u0101so\u0161anas br\u012bv\u012bbu, bet plastmasas uzgalis nodro\u0161ina piln\u012bgu dro\u0161\u012bbu pat tad, ja z\u012bmu\u013ca gals nemanot non\u0101k mut\u0113. Spilgt\u0101s un m\u012bkst\u0101s kr\u0101sas ir viegli izmazg\u0101jamas. Katr\u0101 iepakojum\u0101 pievienotais z\u012bmu\u013cu asin\u0101mais nodro\u0161ina \u012bpa\u0161i vieglu z\u012bmu\u013cu uzasin\u0101\u0161anu.<\/p>\n","protected":false},"excerpt":{"rendered":"<p>Ar tik lieliem z\u012bmu\u013ciem var realiz\u0113t grandiozas idejas! Liel\u0101, 7mm diametra z\u012bmu\u013ca serde sniedz b\u0113rnam patiesu z\u012bm\u0113\u0161anas un kr\u0101so\u0161anas br\u012bv\u012bbu, bet plastmasas uzgalis nodro\u0161ina piln\u012bgu dro\u0161\u012bbu pat tad, ja z\u012bmu\u013ca gals nemanot non\u0101k mut\u0113. Spilgt\u0101s un m\u012bkst\u0101s kr\u0101sas ir viegli izmazg\u0101jamas. Katr\u0101 iepakojum\u0101 pievienotais z\u012bmu\u013cu asin\u0101mais nodro\u0161ina \u012bpa\u0161i vieglu z\u012bmu\u013cu uzasin\u0101\u0161anu.<\/p>\n","protected":false},"featured_media":355051,"comment_status":"closed","ping_status":"closed","template":"","meta":{"_acf_changed":false,"ep_exclude_from_search":false},"product_cat":[19835,20389,20395],"product_tag":[],"class_list":{"0":"post-24054","1":"product","2":"type-product","3":"status-publish","4":"has-post-thumbnail","6":"product_cat-bernu-brivais-laiks","7":"product_cat-makslas-piederumi-3","8":"product_cat-zimesana","9":"pa_kma-4848","10":"pa_kma-4849","12":"first","13":"instock","14":"taxable","15":"shipping-taxable","16":"purchasable","17":"product-type-variable"},"acf":[],"yoast_head":"<!-- This site is optimized with the Yoast SEO plugin v24.1 - https:\/\/yoast.com\/wordpress\/plugins\/seo\/ -->\n<title>Kr\u0101sainais z\u012bmulis Giotto be-be &#8211; Skizze<\/title>\n<meta name=\"robots\" content=\"noindex, follow, max-snippet:-1, max-image-preview:large, max-video-preview:-1\" \/>\n<meta property=\"og:locale\" content=\"lv_LV\" \/>\n<meta property=\"og:type\" content=\"article\" \/>\n<meta property=\"og:title\" content=\"Kr\u0101sainais z\u012bmulis Giotto be-be &#8211; Skizze\" \/>\n<meta property=\"og:description\" content=\"Ar tik lieliem z\u012bmu\u013ciem var realiz\u0113t grandiozas idejas! Liel\u0101, 7mm diametra z\u012bmu\u013ca serde sniedz b\u0113rnam patiesu z\u012bm\u0113\u0161anas un kr\u0101so\u0161anas br\u012bv\u012bbu, bet plastmasas uzgalis nodro\u0161ina piln\u012bgu dro\u0161\u012bbu pat tad, ja z\u012bmu\u013ca gals nemanot non\u0101k mut\u0113. Spilgt\u0101s un m\u012bkst\u0101s kr\u0101sas ir viegli izmazg\u0101jamas. Katr\u0101 iepakojum\u0101 pievienotais z\u012bmu\u013cu asin\u0101mais nodro\u0161ina \u012bpa\u0161i vieglu z\u012bmu\u013cu uzasin\u0101\u0161anu.\" \/>\n<meta property=\"og:url\" content=\"https:\/\/hobstop.ee\/lv\/produkts\/krasainais-zimulis-giotto-be-be\/\" \/>\n<meta property=\"og:site_name\" content=\"Skizze\" \/>\n<meta property=\"article:publisher\" content=\"http:\/\/www.facebook.com\/VunderSkizze\" \/>\n<meta property=\"article:modified_time\" content=\"-0001-11-30T00:00:00+00:00\" \/>\n<meta property=\"og:image\" content=\"https:\/\/www.hobstop.ee\/media\/2056.jpg\" \/>\n\t<meta property=\"og:image:width\" content=\"1024\" \/>\n\t<meta property=\"og:image:height\" content=\"768\" \/>\n\t<meta property=\"og:image:type\" content=\"image\/jpeg\" \/>\n<meta name=\"twitter:card\" content=\"summary_large_image\" \/>\n<script type=\"application\/ld+json\" class=\"yoast-schema-graph\">{\"@context\":\"https:\/\/schema.org\",\"@graph\":[{\"@type\":\"WebPage\",\"@id\":\"https:\/\/hobstop.ee\/lv\/produkts\/krasainais-zimulis-giotto-be-be\/\",\"url\":\"https:\/\/hobstop.ee\/lv\/produkts\/krasainais-zimulis-giotto-be-be\/\",\"name\":\"Kr\u0101sainais z\u012bmulis Giotto be-be &#8211; Skizze\",\"isPartOf\":{\"@id\":\"https:\/\/hobstop.ee\/lv\/#website\"},\"primaryImageOfPage\":{\"@id\":\"https:\/\/hobstop.ee\/lv\/produkts\/krasainais-zimulis-giotto-be-be\/#primaryimage\"},\"image\":{\"@id\":\"https:\/\/hobstop.ee\/lv\/produkts\/krasainais-zimulis-giotto-be-be\/#primaryimage\"},\"thumbnailUrl\":\"https:\/\/hobstop.ee\/media\/2056.jpg\",\"datePublished\":\"2014-11-08T13:59:34+00:00\",\"dateModified\":\"-0001-11-30T00:00:00+00:00\",\"breadcrumb\":{\"@id\":\"https:\/\/hobstop.ee\/lv\/produkts\/krasainais-zimulis-giotto-be-be\/#breadcrumb\"},\"inLanguage\":\"lv-LV\",\"potentialAction\":[{\"@type\":\"ReadAction\",\"target\":[\"https:\/\/hobstop.ee\/lv\/produkts\/krasainais-zimulis-giotto-be-be\/\"]}]},{\"@type\":\"ImageObject\",\"inLanguage\":\"lv-LV\",\"@id\":\"https:\/\/hobstop.ee\/lv\/produkts\/krasainais-zimulis-giotto-be-be\/#primaryimage\",\"url\":\"https:\/\/hobstop.ee\/media\/2056.jpg\",\"contentUrl\":\"https:\/\/hobstop.ee\/media\/2056.jpg\",\"width\":1024,\"height\":768},{\"@type\":\"BreadcrumbList\",\"@id\":\"https:\/\/hobstop.ee\/lv\/produkts\/krasainais-zimulis-giotto-be-be\/#breadcrumb\",\"itemListElement\":[{\"@type\":\"ListItem\",\"position\":1,\"name\":\"Avaleht\",\"item\":\"https:\/\/www.hobstop.ee\/lv\/\"},{\"@type\":\"ListItem\",\"position\":2,\"name\":\"Veikals\",\"item\":\"https:\/\/www.hobstop.ee\/lv\/veikals\/\"},{\"@type\":\"ListItem\",\"position\":3,\"name\":\"Kr\u0101sainais z\u012bmulis Giotto be-be\"}]},{\"@type\":\"WebSite\",\"@id\":\"https:\/\/hobstop.ee\/lv\/#website\",\"url\":\"https:\/\/hobstop.ee\/lv\/\",\"name\":\"Skizze\",\"description\":\"M\u0101kslas, hobiju un skolas preces\",\"publisher\":{\"@id\":\"https:\/\/hobstop.ee\/lv\/#organization\"},\"potentialAction\":[{\"@type\":\"SearchAction\",\"target\":{\"@type\":\"EntryPoint\",\"urlTemplate\":\"https:\/\/hobstop.ee\/lv\/?s={search_term_string}\"},\"query-input\":{\"@type\":\"PropertyValueSpecification\",\"valueRequired\":true,\"valueName\":\"search_term_string\"}}],\"inLanguage\":\"lv-LV\"},{\"@type\":\"Organization\",\"@id\":\"https:\/\/hobstop.ee\/lv\/#organization\",\"name\":\"Vunder AS\",\"url\":\"https:\/\/hobstop.ee\/lv\/\",\"logo\":{\"@type\":\"ImageObject\",\"inLanguage\":\"lv-LV\",\"@id\":\"https:\/\/hobstop.ee\/lv\/#\/schema\/logo\/image\/\",\"url\":\"https:\/\/hobstop.ee\/media\/vunder-logo.png\",\"contentUrl\":\"https:\/\/hobstop.ee\/media\/vunder-logo.png\",\"width\":127,\"height\":55,\"caption\":\"Vunder AS\"},\"image\":{\"@id\":\"https:\/\/hobstop.ee\/lv\/#\/schema\/logo\/image\/\"},\"sameAs\":[\"http:\/\/www.facebook.com\/VunderSkizze\"]}]}<\/script>\n<!-- \/ Yoast SEO plugin. -->","yoast_head_json":{"title":"Kr\u0101sainais z\u012bmulis Giotto be-be &#8211; Skizze","robots":{"index":"noindex","follow":"follow","max-snippet":"max-snippet:-1","max-image-preview":"max-image-preview:large","max-video-preview":"max-video-preview:-1"},"og_locale":"lv_LV","og_type":"article","og_title":"Kr\u0101sainais z\u012bmulis Giotto be-be &#8211; Skizze","og_description":"Ar tik lieliem z\u012bmu\u013ciem var realiz\u0113t grandiozas idejas! Liel\u0101, 7mm diametra z\u012bmu\u013ca serde sniedz b\u0113rnam patiesu z\u012bm\u0113\u0161anas un kr\u0101so\u0161anas br\u012bv\u012bbu, bet plastmasas uzgalis nodro\u0161ina piln\u012bgu dro\u0161\u012bbu pat tad, ja z\u012bmu\u013ca gals nemanot non\u0101k mut\u0113. Spilgt\u0101s un m\u012bkst\u0101s kr\u0101sas ir viegli izmazg\u0101jamas. Katr\u0101 iepakojum\u0101 pievienotais z\u012bmu\u013cu asin\u0101mais nodro\u0161ina \u012bpa\u0161i vieglu z\u012bmu\u013cu uzasin\u0101\u0161anu.","og_url":"https:\/\/hobstop.ee\/lv\/produkts\/krasainais-zimulis-giotto-be-be\/","og_site_name":"Skizze","article_publisher":"http:\/\/www.facebook.com\/VunderSkizze","article_modified_time":"-0001-11-30T00:00:00+00:00","og_image":[{"width":1024,"height":768,"url":"https:\/\/www.hobstop.ee\/media\/2056.jpg","type":"image\/jpeg"}],"twitter_card":"summary_large_image","schema":{"@context":"https:\/\/schema.org","@graph":[{"@type":"WebPage","@id":"https:\/\/hobstop.ee\/lv\/produkts\/krasainais-zimulis-giotto-be-be\/","url":"https:\/\/hobstop.ee\/lv\/produkts\/krasainais-zimulis-giotto-be-be\/","name":"Kr\u0101sainais z\u012bmulis Giotto be-be &#8211; Skizze","isPartOf":{"@id":"https:\/\/hobstop.ee\/lv\/#website"},"primaryImageOfPage":{"@id":"https:\/\/hobstop.ee\/lv\/produkts\/krasainais-zimulis-giotto-be-be\/#primaryimage"},"image":{"@id":"https:\/\/hobstop.ee\/lv\/produkts\/krasainais-zimulis-giotto-be-be\/#primaryimage"},"thumbnailUrl":"https:\/\/hobstop.ee\/media\/2056.jpg","datePublished":"2014-11-08T13:59:34+00:00","dateModified":"-0001-11-30T00:00:00+00:00","breadcrumb":{"@id":"https:\/\/hobstop.ee\/lv\/produkts\/krasainais-zimulis-giotto-be-be\/#breadcrumb"},"inLanguage":"lv-LV","potentialAction":[{"@type":"ReadAction","target":["https:\/\/hobstop.ee\/lv\/produkts\/krasainais-zimulis-giotto-be-be\/"]}]},{"@type":"ImageObject","inLanguage":"lv-LV","@id":"https:\/\/hobstop.ee\/lv\/produkts\/krasainais-zimulis-giotto-be-be\/#primaryimage","url":"https:\/\/hobstop.ee\/media\/2056.jpg","contentUrl":"https:\/\/hobstop.ee\/media\/2056.jpg","width":1024,"height":768},{"@type":"BreadcrumbList","@id":"https:\/\/hobstop.ee\/lv\/produkts\/krasainais-zimulis-giotto-be-be\/#breadcrumb","itemListElement":[{"@type":"ListItem","position":1,"name":"Avaleht","item":"https:\/\/www.hobstop.ee\/lv\/"},{"@type":"ListItem","position":2,"name":"Veikals","item":"https:\/\/www.hobstop.ee\/lv\/veikals\/"},{"@type":"ListItem","position":3,"name":"Kr\u0101sainais z\u012bmulis Giotto be-be"}]},{"@type":"WebSite","@id":"https:\/\/hobstop.ee\/lv\/#website","url":"https:\/\/hobstop.ee\/lv\/","name":"Skizze","description":"M\u0101kslas, hobiju un skolas preces","publisher":{"@id":"https:\/\/hobstop.ee\/lv\/#organization"},"potentialAction":[{"@type":"SearchAction","target":{"@type":"EntryPoint","urlTemplate":"https:\/\/hobstop.ee\/lv\/?s={search_term_string}"},"query-input":{"@type":"PropertyValueSpecification","valueRequired":true,"valueName":"search_term_string"}}],"inLanguage":"lv-LV"},{"@type":"Organization","@id":"https:\/\/hobstop.ee\/lv\/#organization","name":"Vunder AS","url":"https:\/\/hobstop.ee\/lv\/","logo":{"@type":"ImageObject","inLanguage":"lv-LV","@id":"https:\/\/hobstop.ee\/lv\/#\/schema\/logo\/image\/","url":"https:\/\/hobstop.ee\/media\/vunder-logo.png","contentUrl":"https:\/\/hobstop.ee\/media\/vunder-logo.png","width":127,"height":55,"caption":"Vunder AS"},"image":{"@id":"https:\/\/hobstop.ee\/lv\/#\/schema\/logo\/image\/"},"sameAs":["http:\/\/www.facebook.com\/VunderSkizze"]}]}},"_links":{"self":[{"href":"https:\/\/hobstop.ee\/lv\/wp-json\/wp\/v2\/product\/24054","targetHints":{"allow":["GET"]}}],"collection":[{"href":"https:\/\/hobstop.ee\/lv\/wp-json\/wp\/v2\/product"}],"about":[{"href":"https:\/\/hobstop.ee\/lv\/wp-json\/wp\/v2\/types\/product"}],"replies":[{"embeddable":true,"href":"https:\/\/hobstop.ee\/lv\/wp-json\/wp\/v2\/comments?post=24054"}],"wp:featuredmedia":[{"embeddable":true,"href":"https:\/\/hobstop.ee\/lv\/wp-json\/wp\/v2\/media\/355051"}],"wp:attachment":[{"href":"https:\/\/hobstop.ee\/lv\/wp-json\/wp\/v2\/media?parent=24054"}],"wp:term":[{"taxonomy":"product_cat","embeddable":true,"href":"https:\/\/hobstop.ee\/lv\/wp-json\/wp\/v2\/product_cat?post=24054"},{"taxonomy":"product_tag","embeddable":true,"href":"https:\/\/hobstop.ee\/lv\/wp-json\/wp\/v2\/product_tag?post=24054"}],"curies":[{"name":"wp","href":"https:\/\/api.w.org\/{rel}","templated":true}]}}