{"id":24062,"date":"2014-12-09T12:55:34","date_gmt":"2014-12-09T10:55:34","guid":{"rendered":"https:\/\/sharks.ee\/vunder_2019.klient.veebimajutus.ee\/?post_type=product&#038;p=24062"},"modified":"2014-12-09T12:55:34","modified_gmt":"2014-12-09T10:55:34","slug":"krasainais-zimulis-derwent-metallic-metala-kaste","status":"publish","type":"product","link":"https:\/\/hobstop.ee\/lv\/produkts\/krasainais-zimulis-derwent-metallic-metala-kaste\/","title":{"rendered":"Kr\u0101sainais z\u012bmulis Derwent Metallic met\u0101la kast\u0113"},"content":{"rendered":"<p>Pie\u0161\u0137ir nelielu dzirksti sav\u0101m skic\u0113m un z\u012bm\u0113jumiem ar \u0161o spilgto un gaismu atstarojo\u0161o z\u012bmu\u013cu pal\u012bdz\u012bbu! Vislab\u0101k to efekts ir redzams uz tum\u0161a fona. Tos var izmantot vienus pa\u0161us vai kop\u0101 ar citiem l\u012bdzek\u013ciem, lai pan\u0101ktu izcilu precizit\u0101ti un mirdzo\u0161u nokr\u0101su. Derwent Metallic ir \u016bden\u012b \u0161\u0137\u012bsto\u0161s, l\u012bdz ar to tas pal\u012bdz\u0113s Jums rad\u012bt interesantas l\u012bnijas un pludin\u0101\u0161anas efektus. Lieliski piem\u0113rots visiem rado\u0161o projektu veidiem.<br \/>\nSe\u0161st\u016bra 6.9 mm korpuss, serdenis d=3.4 mm.<\/p>\n","protected":false},"excerpt":{"rendered":"<p>Pie\u0161\u0137ir nelielu dzirksti sav\u0101m skic\u0113m un z\u012bm\u0113jumiem ar \u0161o spilgto un gaismu atstarojo\u0161o z\u012bmu\u013cu pal\u012bdz\u012bbu! Vislab\u0101k to efekts ir redzams uz tum\u0161a fona. Tos var izmantot vienus pa\u0161us vai kop\u0101 ar citiem l\u012bdzek\u013ciem, lai pan\u0101ktu izcilu precizit\u0101ti un mirdzo\u0161u nokr\u0101su. Derwent Metallic ir \u016bden\u012b \u0161\u0137\u012bsto\u0161s, l\u012bdz ar to tas pal\u012bdz\u0113s Jums rad\u012bt interesantas l\u012bnijas un pludin\u0101\u0161anas efektus. Lieliski piem\u0113rots visiem rado\u0161o projektu veidiem. Se\u0161st\u016bra 6.9 mm korpuss, serdenis d=3.4 mm.<\/p>\n","protected":false},"featured_media":354759,"comment_status":"closed","ping_status":"closed","template":"","meta":{"_acf_changed":false,"ep_exclude_from_search":false},"product_cat":[18142,16123,18931],"product_tag":[],"class_list":{"0":"post-24062","1":"product","2":"type-product","3":"status-publish","4":"has-post-thumbnail","6":"product_cat-krasu-zimuli-3","7":"product_cat-makslas-piederumi-2","8":"product_cat-zimesanas-piederumi-3","10":"first","11":"outofstock","12":"taxable","13":"shipping-taxable","14":"purchasable","15":"product-type-variable"},"acf":[],"yoast_head":"<!-- This site is optimized with the Yoast SEO plugin v24.1 - https:\/\/yoast.com\/wordpress\/plugins\/seo\/ -->\n<title>Kr\u0101sainais z\u012bmulis Derwent Metallic met\u0101la kast\u0113 &#8211; Skizze<\/title>\n<meta name=\"robots\" content=\"noindex, follow, max-snippet:-1, max-image-preview:large, max-video-preview:-1\" \/>\n<meta property=\"og:locale\" content=\"lv_LV\" \/>\n<meta property=\"og:type\" content=\"article\" \/>\n<meta property=\"og:title\" content=\"Kr\u0101sainais z\u012bmulis Derwent Metallic met\u0101la kast\u0113 &#8211; Skizze\" \/>\n<meta property=\"og:description\" content=\"Pie\u0161\u0137ir nelielu dzirksti sav\u0101m skic\u0113m un z\u012bm\u0113jumiem ar \u0161o spilgto un gaismu atstarojo\u0161o z\u012bmu\u013cu pal\u012bdz\u012bbu! Vislab\u0101k to efekts ir redzams uz tum\u0161a fona. Tos var izmantot vienus pa\u0161us vai kop\u0101 ar citiem l\u012bdzek\u013ciem, lai pan\u0101ktu izcilu precizit\u0101ti un mirdzo\u0161u nokr\u0101su. Derwent Metallic ir \u016bden\u012b \u0161\u0137\u012bsto\u0161s, l\u012bdz ar to tas pal\u012bdz\u0113s Jums rad\u012bt interesantas l\u012bnijas un pludin\u0101\u0161anas efektus. Lieliski piem\u0113rots visiem rado\u0161o projektu veidiem. Se\u0161st\u016bra 6.9 mm korpuss, serdenis d=3.4 mm.\" \/>\n<meta property=\"og:url\" content=\"https:\/\/hobstop.ee\/lv\/produkts\/krasainais-zimulis-derwent-metallic-metala-kaste\/\" \/>\n<meta property=\"og:site_name\" content=\"Skizze\" \/>\n<meta property=\"article:publisher\" content=\"http:\/\/www.facebook.com\/VunderSkizze\" \/>\n<meta property=\"og:image\" content=\"https:\/\/hobstop.ee\/media\/2063.jpg\" \/>\n\t<meta property=\"og:image:width\" content=\"1024\" \/>\n\t<meta property=\"og:image:height\" content=\"768\" \/>\n\t<meta property=\"og:image:type\" content=\"image\/jpeg\" \/>\n<meta name=\"twitter:card\" content=\"summary_large_image\" \/>\n<script type=\"application\/ld+json\" class=\"yoast-schema-graph\">{\"@context\":\"https:\/\/schema.org\",\"@graph\":[{\"@type\":\"WebPage\",\"@id\":\"https:\/\/hobstop.ee\/lv\/produkts\/krasainais-zimulis-derwent-metallic-metala-kaste\/\",\"url\":\"https:\/\/hobstop.ee\/lv\/produkts\/krasainais-zimulis-derwent-metallic-metala-kaste\/\",\"name\":\"Kr\u0101sainais z\u012bmulis Derwent Metallic met\u0101la kast\u0113 &#8211; Skizze\",\"isPartOf\":{\"@id\":\"https:\/\/hobstop.ee\/lv\/#website\"},\"primaryImageOfPage\":{\"@id\":\"https:\/\/hobstop.ee\/lv\/produkts\/krasainais-zimulis-derwent-metallic-metala-kaste\/#primaryimage\"},\"image\":{\"@id\":\"https:\/\/hobstop.ee\/lv\/produkts\/krasainais-zimulis-derwent-metallic-metala-kaste\/#primaryimage\"},\"thumbnailUrl\":\"https:\/\/hobstop.ee\/media\/2063.jpg\",\"datePublished\":\"2014-12-09T10:55:34+00:00\",\"dateModified\":\"2014-12-09T10:55:34+00:00\",\"breadcrumb\":{\"@id\":\"https:\/\/hobstop.ee\/lv\/produkts\/krasainais-zimulis-derwent-metallic-metala-kaste\/#breadcrumb\"},\"inLanguage\":\"lv-LV\",\"potentialAction\":[{\"@type\":\"ReadAction\",\"target\":[\"https:\/\/hobstop.ee\/lv\/produkts\/krasainais-zimulis-derwent-metallic-metala-kaste\/\"]}]},{\"@type\":\"ImageObject\",\"inLanguage\":\"lv-LV\",\"@id\":\"https:\/\/hobstop.ee\/lv\/produkts\/krasainais-zimulis-derwent-metallic-metala-kaste\/#primaryimage\",\"url\":\"https:\/\/hobstop.ee\/media\/2063.jpg\",\"contentUrl\":\"https:\/\/hobstop.ee\/media\/2063.jpg\",\"width\":1024,\"height\":768},{\"@type\":\"BreadcrumbList\",\"@id\":\"https:\/\/hobstop.ee\/lv\/produkts\/krasainais-zimulis-derwent-metallic-metala-kaste\/#breadcrumb\",\"itemListElement\":[{\"@type\":\"ListItem\",\"position\":1,\"name\":\"Avaleht\",\"item\":\"https:\/\/hobstop.ee\/lv\/\"},{\"@type\":\"ListItem\",\"position\":2,\"name\":\"Veikals\",\"item\":\"https:\/\/hobstop.ee\/lv\/veikals\/\"},{\"@type\":\"ListItem\",\"position\":3,\"name\":\"Kr\u0101sainais z\u012bmulis Derwent Metallic met\u0101la kast\u0113\"}]},{\"@type\":\"WebSite\",\"@id\":\"https:\/\/hobstop.ee\/lv\/#website\",\"url\":\"https:\/\/hobstop.ee\/lv\/\",\"name\":\"Skizze\",\"description\":\"M\u0101kslas, hobiju un skolas preces\",\"publisher\":{\"@id\":\"https:\/\/hobstop.ee\/lv\/#organization\"},\"potentialAction\":[{\"@type\":\"SearchAction\",\"target\":{\"@type\":\"EntryPoint\",\"urlTemplate\":\"https:\/\/hobstop.ee\/lv\/?s={search_term_string}\"},\"query-input\":{\"@type\":\"PropertyValueSpecification\",\"valueRequired\":true,\"valueName\":\"search_term_string\"}}],\"inLanguage\":\"lv-LV\"},{\"@type\":\"Organization\",\"@id\":\"https:\/\/hobstop.ee\/lv\/#organization\",\"name\":\"Vunder AS\",\"url\":\"https:\/\/hobstop.ee\/lv\/\",\"logo\":{\"@type\":\"ImageObject\",\"inLanguage\":\"lv-LV\",\"@id\":\"https:\/\/hobstop.ee\/lv\/#\/schema\/logo\/image\/\",\"url\":\"https:\/\/hobstop.ee\/media\/vunder-logo.png\",\"contentUrl\":\"https:\/\/hobstop.ee\/media\/vunder-logo.png\",\"width\":127,\"height\":55,\"caption\":\"Vunder AS\"},\"image\":{\"@id\":\"https:\/\/hobstop.ee\/lv\/#\/schema\/logo\/image\/\"},\"sameAs\":[\"http:\/\/www.facebook.com\/VunderSkizze\"]}]}<\/script>\n<!-- \/ Yoast SEO plugin. -->","yoast_head_json":{"title":"Kr\u0101sainais z\u012bmulis Derwent Metallic met\u0101la kast\u0113 &#8211; Skizze","robots":{"index":"noindex","follow":"follow","max-snippet":"max-snippet:-1","max-image-preview":"max-image-preview:large","max-video-preview":"max-video-preview:-1"},"og_locale":"lv_LV","og_type":"article","og_title":"Kr\u0101sainais z\u012bmulis Derwent Metallic met\u0101la kast\u0113 &#8211; Skizze","og_description":"Pie\u0161\u0137ir nelielu dzirksti sav\u0101m skic\u0113m un z\u012bm\u0113jumiem ar \u0161o spilgto un gaismu atstarojo\u0161o z\u012bmu\u013cu pal\u012bdz\u012bbu! Vislab\u0101k to efekts ir redzams uz tum\u0161a fona. Tos var izmantot vienus pa\u0161us vai kop\u0101 ar citiem l\u012bdzek\u013ciem, lai pan\u0101ktu izcilu precizit\u0101ti un mirdzo\u0161u nokr\u0101su. Derwent Metallic ir \u016bden\u012b \u0161\u0137\u012bsto\u0161s, l\u012bdz ar to tas pal\u012bdz\u0113s Jums rad\u012bt interesantas l\u012bnijas un pludin\u0101\u0161anas efektus. Lieliski piem\u0113rots visiem rado\u0161o projektu veidiem. Se\u0161st\u016bra 6.9 mm korpuss, serdenis d=3.4 mm.","og_url":"https:\/\/hobstop.ee\/lv\/produkts\/krasainais-zimulis-derwent-metallic-metala-kaste\/","og_site_name":"Skizze","article_publisher":"http:\/\/www.facebook.com\/VunderSkizze","og_image":[{"width":1024,"height":768,"url":"https:\/\/hobstop.ee\/media\/2063.jpg","type":"image\/jpeg"}],"twitter_card":"summary_large_image","schema":{"@context":"https:\/\/schema.org","@graph":[{"@type":"WebPage","@id":"https:\/\/hobstop.ee\/lv\/produkts\/krasainais-zimulis-derwent-metallic-metala-kaste\/","url":"https:\/\/hobstop.ee\/lv\/produkts\/krasainais-zimulis-derwent-metallic-metala-kaste\/","name":"Kr\u0101sainais z\u012bmulis Derwent Metallic met\u0101la kast\u0113 &#8211; Skizze","isPartOf":{"@id":"https:\/\/hobstop.ee\/lv\/#website"},"primaryImageOfPage":{"@id":"https:\/\/hobstop.ee\/lv\/produkts\/krasainais-zimulis-derwent-metallic-metala-kaste\/#primaryimage"},"image":{"@id":"https:\/\/hobstop.ee\/lv\/produkts\/krasainais-zimulis-derwent-metallic-metala-kaste\/#primaryimage"},"thumbnailUrl":"https:\/\/hobstop.ee\/media\/2063.jpg","datePublished":"2014-12-09T10:55:34+00:00","dateModified":"2014-12-09T10:55:34+00:00","breadcrumb":{"@id":"https:\/\/hobstop.ee\/lv\/produkts\/krasainais-zimulis-derwent-metallic-metala-kaste\/#breadcrumb"},"inLanguage":"lv-LV","potentialAction":[{"@type":"ReadAction","target":["https:\/\/hobstop.ee\/lv\/produkts\/krasainais-zimulis-derwent-metallic-metala-kaste\/"]}]},{"@type":"ImageObject","inLanguage":"lv-LV","@id":"https:\/\/hobstop.ee\/lv\/produkts\/krasainais-zimulis-derwent-metallic-metala-kaste\/#primaryimage","url":"https:\/\/hobstop.ee\/media\/2063.jpg","contentUrl":"https:\/\/hobstop.ee\/media\/2063.jpg","width":1024,"height":768},{"@type":"BreadcrumbList","@id":"https:\/\/hobstop.ee\/lv\/produkts\/krasainais-zimulis-derwent-metallic-metala-kaste\/#breadcrumb","itemListElement":[{"@type":"ListItem","position":1,"name":"Avaleht","item":"https:\/\/hobstop.ee\/lv\/"},{"@type":"ListItem","position":2,"name":"Veikals","item":"https:\/\/hobstop.ee\/lv\/veikals\/"},{"@type":"ListItem","position":3,"name":"Kr\u0101sainais z\u012bmulis Derwent Metallic met\u0101la kast\u0113"}]},{"@type":"WebSite","@id":"https:\/\/hobstop.ee\/lv\/#website","url":"https:\/\/hobstop.ee\/lv\/","name":"Skizze","description":"M\u0101kslas, hobiju un skolas preces","publisher":{"@id":"https:\/\/hobstop.ee\/lv\/#organization"},"potentialAction":[{"@type":"SearchAction","target":{"@type":"EntryPoint","urlTemplate":"https:\/\/hobstop.ee\/lv\/?s={search_term_string}"},"query-input":{"@type":"PropertyValueSpecification","valueRequired":true,"valueName":"search_term_string"}}],"inLanguage":"lv-LV"},{"@type":"Organization","@id":"https:\/\/hobstop.ee\/lv\/#organization","name":"Vunder AS","url":"https:\/\/hobstop.ee\/lv\/","logo":{"@type":"ImageObject","inLanguage":"lv-LV","@id":"https:\/\/hobstop.ee\/lv\/#\/schema\/logo\/image\/","url":"https:\/\/hobstop.ee\/media\/vunder-logo.png","contentUrl":"https:\/\/hobstop.ee\/media\/vunder-logo.png","width":127,"height":55,"caption":"Vunder AS"},"image":{"@id":"https:\/\/hobstop.ee\/lv\/#\/schema\/logo\/image\/"},"sameAs":["http:\/\/www.facebook.com\/VunderSkizze"]}]}},"_links":{"self":[{"href":"https:\/\/hobstop.ee\/lv\/wp-json\/wp\/v2\/product\/24062","targetHints":{"allow":["GET"]}}],"collection":[{"href":"https:\/\/hobstop.ee\/lv\/wp-json\/wp\/v2\/product"}],"about":[{"href":"https:\/\/hobstop.ee\/lv\/wp-json\/wp\/v2\/types\/product"}],"replies":[{"embeddable":true,"href":"https:\/\/hobstop.ee\/lv\/wp-json\/wp\/v2\/comments?post=24062"}],"wp:featuredmedia":[{"embeddable":true,"href":"https:\/\/hobstop.ee\/lv\/wp-json\/wp\/v2\/media\/354759"}],"wp:attachment":[{"href":"https:\/\/hobstop.ee\/lv\/wp-json\/wp\/v2\/media?parent=24062"}],"wp:term":[{"taxonomy":"product_cat","embeddable":true,"href":"https:\/\/hobstop.ee\/lv\/wp-json\/wp\/v2\/product_cat?post=24062"},{"taxonomy":"product_tag","embeddable":true,"href":"https:\/\/hobstop.ee\/lv\/wp-json\/wp\/v2\/product_tag?post=24062"}],"curies":[{"name":"wp","href":"https:\/\/api.w.org\/{rel}","templated":true}]}}