{"id":24070,"date":"2014-12-09T12:55:38","date_gmt":"2014-12-09T10:55:38","guid":{"rendered":"https:\/\/sharks.ee\/vunder_2019.klient.veebimajutus.ee\/?post_type=product&#038;p=24070"},"modified":"2014-12-09T12:55:38","modified_gmt":"2014-12-09T10:55:38","slug":"ellas-pasteli-sennelier","status":"publish","type":"product","link":"https:\/\/hobstop.ee\/lv\/produkts\/ellas-pasteli-sennelier\/","title":{"rendered":"E\u013c\u013cas paste\u013ci Sennelier"},"content":{"rendered":"<p>Sennelier e\u013c\u013cas paste\u013ci ir produkts, kur\u0101 piln\u012bb\u0101 ir izmantoti it vis\u0101s Sennelier kr\u0101s\u0101s pielietotie elementi: augst\u0101k\u0101s kvalit\u0101tes pigmenti, \u012bpa\u0161i t\u012brs sint\u0113tiskais saisto\u0161ais materi\u0101ls un miner\u0101lu vasks. Pigmenti ir savienoti ar inertu, ne\u017e\u016bsto\u0161u saisto\u0161o materi\u0101lu, kas neoksid\u0113jas un neietekm\u0113 ne kl\u0101juma stabilit\u0101ti, ne ar\u012b virsmu. Tad b\u0101zes materi\u0101ls tiek sajaukts ar vasku (neitr\u0101ls pH). \u0160\u012b mais\u012bjuma l\u012bdzsvars pie\u0161\u0137ir Sennelier e\u013c\u013cas paste\u013ciem unik\u0101lu e\u013c\u013cainumu un kr\u0113m\u012bgu tekst\u016bru, kas pied\u0101v\u0101 lielu m\u0101ksliniecisk\u0101s izpausmes br\u012bv\u012bbu. Sennelier e\u013c\u013cas paste\u013ciem ir \u012bpa\u0161i augsts pigmenta saturs, t\u0101d\u0113\u013c tiem ir augsts kr\u0101so\u0161anas un kl\u0101juma potenci\u0101ls, lielisks kr\u0101su spilgtums un liela gaismas stabilit\u0101te (iz\u0146emot met\u0101lisk\u0101s un fluorescent\u0101s nokr\u0101sas).<br \/>\nd= 9.5mm, garums 63.5mm<\/p>\n","protected":false},"excerpt":{"rendered":"<p>Sennelier e\u013c\u013cas paste\u013ci ir produkts, kur\u0101 piln\u012bb\u0101 ir izmantoti it vis\u0101s Sennelier kr\u0101s\u0101s pielietotie elementi: augst\u0101k\u0101s kvalit\u0101tes pigmenti, \u012bpa\u0161i t\u012brs sint\u0113tiskais saisto\u0161ais materi\u0101ls un miner\u0101lu vasks. Pigmenti ir savienoti ar inertu, ne\u017e\u016bsto\u0161u saisto\u0161o materi\u0101lu, kas neoksid\u0113jas un neietekm\u0113 ne kl\u0101juma stabilit\u0101ti, ne ar\u012b virsmu. Tad b\u0101zes materi\u0101ls tiek sajaukts ar vasku (neitr\u0101ls pH). \u0160\u012b mais\u012bjuma l\u012bdzsvars pie\u0161\u0137ir Sennelier e\u013c\u013cas paste\u013ciem unik\u0101lu e\u013c\u013cainumu un kr\u0113m\u012bgu tekst\u016bru, kas pied\u0101v\u0101 lielu m\u0101ksliniecisk\u0101s izpausmes br\u012bv\u012bbu. Sennelier e\u013c\u013cas paste\u013ciem ir \u012bpa\u0161i augsts pigmenta saturs, t\u0101d\u0113\u013c tiem ir augsts kr\u0101so\u0161anas un kl\u0101juma potenci\u0101ls, lielisks kr\u0101su spilgtums un liela gaismas stabilit\u0101te (iz\u0146emot met\u0101lisk\u0101s un fluorescent\u0101s nokr\u0101sas). d= 9.5mm, garums 63.5mm<\/p>\n","protected":false},"featured_media":104098,"comment_status":"closed","ping_status":"closed","template":"","meta":{"_acf_changed":false,"ep_exclude_from_search":false},"product_cat":[18144,16123,18931],"product_tag":[],"class_list":{"0":"post-24070","1":"product","2":"type-product","3":"status-publish","4":"has-post-thumbnail","6":"product_cat-ellas-pastelkrasas","7":"product_cat-makslas-piederumi-2","8":"product_cat-zimesanas-piederumi-3","10":"first","11":"instock","12":"taxable","13":"shipping-taxable","14":"purchasable","15":"product-type-variable"},"acf":[],"yoast_head":"<!-- This site is optimized with the Yoast SEO plugin v24.1 - https:\/\/yoast.com\/wordpress\/plugins\/seo\/ -->\n<title>E\u013c\u013cas paste\u013ci Sennelier &#8211; Skizze<\/title>\n<meta name=\"robots\" content=\"noindex, follow, max-snippet:-1, max-image-preview:large, max-video-preview:-1\" \/>\n<meta property=\"og:locale\" content=\"lv_LV\" \/>\n<meta property=\"og:type\" content=\"article\" \/>\n<meta property=\"og:title\" content=\"E\u013c\u013cas paste\u013ci Sennelier &#8211; Skizze\" \/>\n<meta property=\"og:description\" content=\"Sennelier e\u013c\u013cas paste\u013ci ir produkts, kur\u0101 piln\u012bb\u0101 ir izmantoti it vis\u0101s Sennelier kr\u0101s\u0101s pielietotie elementi: augst\u0101k\u0101s kvalit\u0101tes pigmenti, \u012bpa\u0161i t\u012brs sint\u0113tiskais saisto\u0161ais materi\u0101ls un miner\u0101lu vasks. Pigmenti ir savienoti ar inertu, ne\u017e\u016bsto\u0161u saisto\u0161o materi\u0101lu, kas neoksid\u0113jas un neietekm\u0113 ne kl\u0101juma stabilit\u0101ti, ne ar\u012b virsmu. Tad b\u0101zes materi\u0101ls tiek sajaukts ar vasku (neitr\u0101ls pH). \u0160\u012b mais\u012bjuma l\u012bdzsvars pie\u0161\u0137ir Sennelier e\u013c\u013cas paste\u013ciem unik\u0101lu e\u013c\u013cainumu un kr\u0113m\u012bgu tekst\u016bru, kas pied\u0101v\u0101 lielu m\u0101ksliniecisk\u0101s izpausmes br\u012bv\u012bbu. Sennelier e\u013c\u013cas paste\u013ciem ir \u012bpa\u0161i augsts pigmenta saturs, t\u0101d\u0113\u013c tiem ir augsts kr\u0101so\u0161anas un kl\u0101juma potenci\u0101ls, lielisks kr\u0101su spilgtums un liela gaismas stabilit\u0101te (iz\u0146emot met\u0101lisk\u0101s un fluorescent\u0101s nokr\u0101sas). d= 9.5mm, garums 63.5mm\" \/>\n<meta property=\"og:url\" content=\"https:\/\/hobstop.ee\/lv\/produkts\/ellas-pasteli-sennelier\/\" \/>\n<meta property=\"og:site_name\" content=\"Skizze\" \/>\n<meta property=\"article:publisher\" content=\"http:\/\/www.facebook.com\/VunderSkizze\" \/>\n<meta property=\"og:image\" content=\"https:\/\/hobstop.ee\/media\/2070.jpg\" \/>\n\t<meta property=\"og:image:width\" content=\"1024\" \/>\n\t<meta property=\"og:image:height\" content=\"768\" \/>\n\t<meta property=\"og:image:type\" content=\"image\/jpeg\" \/>\n<meta name=\"twitter:card\" content=\"summary_large_image\" \/>\n<meta name=\"twitter:label1\" content=\"Est. reading time\" \/>\n\t<meta name=\"twitter:data1\" content=\"1 min\u016b\u0161u\" \/>\n<script type=\"application\/ld+json\" class=\"yoast-schema-graph\">{\"@context\":\"https:\/\/schema.org\",\"@graph\":[{\"@type\":\"WebPage\",\"@id\":\"https:\/\/hobstop.ee\/lv\/produkts\/ellas-pasteli-sennelier\/\",\"url\":\"https:\/\/hobstop.ee\/lv\/produkts\/ellas-pasteli-sennelier\/\",\"name\":\"E\u013c\u013cas paste\u013ci Sennelier &#8211; Skizze\",\"isPartOf\":{\"@id\":\"https:\/\/hobstop.ee\/lv\/#website\"},\"primaryImageOfPage\":{\"@id\":\"https:\/\/hobstop.ee\/lv\/produkts\/ellas-pasteli-sennelier\/#primaryimage\"},\"image\":{\"@id\":\"https:\/\/hobstop.ee\/lv\/produkts\/ellas-pasteli-sennelier\/#primaryimage\"},\"thumbnailUrl\":\"https:\/\/hobstop.ee\/media\/2070.jpg\",\"datePublished\":\"2014-12-09T10:55:38+00:00\",\"dateModified\":\"2014-12-09T10:55:38+00:00\",\"breadcrumb\":{\"@id\":\"https:\/\/hobstop.ee\/lv\/produkts\/ellas-pasteli-sennelier\/#breadcrumb\"},\"inLanguage\":\"lv-LV\",\"potentialAction\":[{\"@type\":\"ReadAction\",\"target\":[\"https:\/\/hobstop.ee\/lv\/produkts\/ellas-pasteli-sennelier\/\"]}]},{\"@type\":\"ImageObject\",\"inLanguage\":\"lv-LV\",\"@id\":\"https:\/\/hobstop.ee\/lv\/produkts\/ellas-pasteli-sennelier\/#primaryimage\",\"url\":\"https:\/\/hobstop.ee\/media\/2070.jpg\",\"contentUrl\":\"https:\/\/hobstop.ee\/media\/2070.jpg\",\"width\":1024,\"height\":768},{\"@type\":\"BreadcrumbList\",\"@id\":\"https:\/\/hobstop.ee\/lv\/produkts\/ellas-pasteli-sennelier\/#breadcrumb\",\"itemListElement\":[{\"@type\":\"ListItem\",\"position\":1,\"name\":\"Avaleht\",\"item\":\"https:\/\/www.hobstop.ee\/lv\/\"},{\"@type\":\"ListItem\",\"position\":2,\"name\":\"Veikals\",\"item\":\"https:\/\/www.hobstop.ee\/lv\/veikals\/\"},{\"@type\":\"ListItem\",\"position\":3,\"name\":\"E\u013c\u013cas paste\u013ci Sennelier\"}]},{\"@type\":\"WebSite\",\"@id\":\"https:\/\/hobstop.ee\/lv\/#website\",\"url\":\"https:\/\/hobstop.ee\/lv\/\",\"name\":\"Skizze\",\"description\":\"M\u0101kslas, hobiju un skolas preces\",\"publisher\":{\"@id\":\"https:\/\/hobstop.ee\/lv\/#organization\"},\"potentialAction\":[{\"@type\":\"SearchAction\",\"target\":{\"@type\":\"EntryPoint\",\"urlTemplate\":\"https:\/\/hobstop.ee\/lv\/?s={search_term_string}\"},\"query-input\":{\"@type\":\"PropertyValueSpecification\",\"valueRequired\":true,\"valueName\":\"search_term_string\"}}],\"inLanguage\":\"lv-LV\"},{\"@type\":\"Organization\",\"@id\":\"https:\/\/hobstop.ee\/lv\/#organization\",\"name\":\"Vunder AS\",\"url\":\"https:\/\/hobstop.ee\/lv\/\",\"logo\":{\"@type\":\"ImageObject\",\"inLanguage\":\"lv-LV\",\"@id\":\"https:\/\/hobstop.ee\/lv\/#\/schema\/logo\/image\/\",\"url\":\"https:\/\/hobstop.ee\/media\/vunder-logo.png\",\"contentUrl\":\"https:\/\/hobstop.ee\/media\/vunder-logo.png\",\"width\":127,\"height\":55,\"caption\":\"Vunder AS\"},\"image\":{\"@id\":\"https:\/\/hobstop.ee\/lv\/#\/schema\/logo\/image\/\"},\"sameAs\":[\"http:\/\/www.facebook.com\/VunderSkizze\"]}]}<\/script>\n<!-- \/ Yoast SEO plugin. -->","yoast_head_json":{"title":"E\u013c\u013cas paste\u013ci Sennelier &#8211; Skizze","robots":{"index":"noindex","follow":"follow","max-snippet":"max-snippet:-1","max-image-preview":"max-image-preview:large","max-video-preview":"max-video-preview:-1"},"og_locale":"lv_LV","og_type":"article","og_title":"E\u013c\u013cas paste\u013ci Sennelier &#8211; Skizze","og_description":"Sennelier e\u013c\u013cas paste\u013ci ir produkts, kur\u0101 piln\u012bb\u0101 ir izmantoti it vis\u0101s Sennelier kr\u0101s\u0101s pielietotie elementi: augst\u0101k\u0101s kvalit\u0101tes pigmenti, \u012bpa\u0161i t\u012brs sint\u0113tiskais saisto\u0161ais materi\u0101ls un miner\u0101lu vasks. Pigmenti ir savienoti ar inertu, ne\u017e\u016bsto\u0161u saisto\u0161o materi\u0101lu, kas neoksid\u0113jas un neietekm\u0113 ne kl\u0101juma stabilit\u0101ti, ne ar\u012b virsmu. Tad b\u0101zes materi\u0101ls tiek sajaukts ar vasku (neitr\u0101ls pH). \u0160\u012b mais\u012bjuma l\u012bdzsvars pie\u0161\u0137ir Sennelier e\u013c\u013cas paste\u013ciem unik\u0101lu e\u013c\u013cainumu un kr\u0113m\u012bgu tekst\u016bru, kas pied\u0101v\u0101 lielu m\u0101ksliniecisk\u0101s izpausmes br\u012bv\u012bbu. Sennelier e\u013c\u013cas paste\u013ciem ir \u012bpa\u0161i augsts pigmenta saturs, t\u0101d\u0113\u013c tiem ir augsts kr\u0101so\u0161anas un kl\u0101juma potenci\u0101ls, lielisks kr\u0101su spilgtums un liela gaismas stabilit\u0101te (iz\u0146emot met\u0101lisk\u0101s un fluorescent\u0101s nokr\u0101sas). d= 9.5mm, garums 63.5mm","og_url":"https:\/\/hobstop.ee\/lv\/produkts\/ellas-pasteli-sennelier\/","og_site_name":"Skizze","article_publisher":"http:\/\/www.facebook.com\/VunderSkizze","og_image":[{"width":1024,"height":768,"url":"https:\/\/hobstop.ee\/media\/2070.jpg","type":"image\/jpeg"}],"twitter_card":"summary_large_image","twitter_misc":{"Est. reading time":"1 min\u016b\u0161u"},"schema":{"@context":"https:\/\/schema.org","@graph":[{"@type":"WebPage","@id":"https:\/\/hobstop.ee\/lv\/produkts\/ellas-pasteli-sennelier\/","url":"https:\/\/hobstop.ee\/lv\/produkts\/ellas-pasteli-sennelier\/","name":"E\u013c\u013cas paste\u013ci Sennelier &#8211; Skizze","isPartOf":{"@id":"https:\/\/hobstop.ee\/lv\/#website"},"primaryImageOfPage":{"@id":"https:\/\/hobstop.ee\/lv\/produkts\/ellas-pasteli-sennelier\/#primaryimage"},"image":{"@id":"https:\/\/hobstop.ee\/lv\/produkts\/ellas-pasteli-sennelier\/#primaryimage"},"thumbnailUrl":"https:\/\/hobstop.ee\/media\/2070.jpg","datePublished":"2014-12-09T10:55:38+00:00","dateModified":"2014-12-09T10:55:38+00:00","breadcrumb":{"@id":"https:\/\/hobstop.ee\/lv\/produkts\/ellas-pasteli-sennelier\/#breadcrumb"},"inLanguage":"lv-LV","potentialAction":[{"@type":"ReadAction","target":["https:\/\/hobstop.ee\/lv\/produkts\/ellas-pasteli-sennelier\/"]}]},{"@type":"ImageObject","inLanguage":"lv-LV","@id":"https:\/\/hobstop.ee\/lv\/produkts\/ellas-pasteli-sennelier\/#primaryimage","url":"https:\/\/hobstop.ee\/media\/2070.jpg","contentUrl":"https:\/\/hobstop.ee\/media\/2070.jpg","width":1024,"height":768},{"@type":"BreadcrumbList","@id":"https:\/\/hobstop.ee\/lv\/produkts\/ellas-pasteli-sennelier\/#breadcrumb","itemListElement":[{"@type":"ListItem","position":1,"name":"Avaleht","item":"https:\/\/www.hobstop.ee\/lv\/"},{"@type":"ListItem","position":2,"name":"Veikals","item":"https:\/\/www.hobstop.ee\/lv\/veikals\/"},{"@type":"ListItem","position":3,"name":"E\u013c\u013cas paste\u013ci Sennelier"}]},{"@type":"WebSite","@id":"https:\/\/hobstop.ee\/lv\/#website","url":"https:\/\/hobstop.ee\/lv\/","name":"Skizze","description":"M\u0101kslas, hobiju un skolas preces","publisher":{"@id":"https:\/\/hobstop.ee\/lv\/#organization"},"potentialAction":[{"@type":"SearchAction","target":{"@type":"EntryPoint","urlTemplate":"https:\/\/hobstop.ee\/lv\/?s={search_term_string}"},"query-input":{"@type":"PropertyValueSpecification","valueRequired":true,"valueName":"search_term_string"}}],"inLanguage":"lv-LV"},{"@type":"Organization","@id":"https:\/\/hobstop.ee\/lv\/#organization","name":"Vunder AS","url":"https:\/\/hobstop.ee\/lv\/","logo":{"@type":"ImageObject","inLanguage":"lv-LV","@id":"https:\/\/hobstop.ee\/lv\/#\/schema\/logo\/image\/","url":"https:\/\/hobstop.ee\/media\/vunder-logo.png","contentUrl":"https:\/\/hobstop.ee\/media\/vunder-logo.png","width":127,"height":55,"caption":"Vunder AS"},"image":{"@id":"https:\/\/hobstop.ee\/lv\/#\/schema\/logo\/image\/"},"sameAs":["http:\/\/www.facebook.com\/VunderSkizze"]}]}},"_links":{"self":[{"href":"https:\/\/hobstop.ee\/lv\/wp-json\/wp\/v2\/product\/24070","targetHints":{"allow":["GET"]}}],"collection":[{"href":"https:\/\/hobstop.ee\/lv\/wp-json\/wp\/v2\/product"}],"about":[{"href":"https:\/\/hobstop.ee\/lv\/wp-json\/wp\/v2\/types\/product"}],"replies":[{"embeddable":true,"href":"https:\/\/hobstop.ee\/lv\/wp-json\/wp\/v2\/comments?post=24070"}],"wp:featuredmedia":[{"embeddable":true,"href":"https:\/\/hobstop.ee\/lv\/wp-json\/wp\/v2\/media\/104098"}],"wp:attachment":[{"href":"https:\/\/hobstop.ee\/lv\/wp-json\/wp\/v2\/media?parent=24070"}],"wp:term":[{"taxonomy":"product_cat","embeddable":true,"href":"https:\/\/hobstop.ee\/lv\/wp-json\/wp\/v2\/product_cat?post=24070"},{"taxonomy":"product_tag","embeddable":true,"href":"https:\/\/hobstop.ee\/lv\/wp-json\/wp\/v2\/product_tag?post=24070"}],"curies":[{"name":"wp","href":"https:\/\/api.w.org\/{rel}","templated":true}]}}