{"id":24122,"date":"2014-12-09T12:55:58","date_gmt":"2014-12-09T10:55:58","guid":{"rendered":"https:\/\/sharks.ee\/vunder_2019.klient.veebimajutus.ee\/?post_type=product&#038;p=24122"},"modified":"2014-12-09T12:55:58","modified_gmt":"2014-12-09T10:55:58","slug":"zids-rami-ponge-5-square-with-arch","status":"publish","type":"product","link":"https:\/\/hobstop.ee\/lv\/produkts\/zids-rami-ponge-5-square-with-arch\/","title":{"rendered":"Zids rami Ponge 5 square with arch"},"content":{"rendered":"<p>No izliekta met\u0101la r\u0101mja, kas p\u0101rvilts ar Pong\u00e9 05 z\u012bdu, izgatavotais loga dekors ir lieliski piem\u0113rots logu noform\u0113\u0161anai.  Pong\u00e9 05 ir visvair\u0101k p\u0101rdotais z\u012bds un tas ir lieliski piem\u0113rots tiem, kas tikai apg\u016bst z\u012bda apglezno\u0161anas m\u0101kslu.  \u0160is ir smalks un \u013coti viegls materi\u0101ls ar skaistu z\u012bda sp\u012bdumu.  Kr\u0101sa \u0101tri, viegli un vienm\u0113r\u012bgi pl\u016bst visos auduma virzienos.  T\u0101d\u0113\u013c Pong\u00e9 05 ir lieliski piem\u0113rots gleznojumiem uz z\u012bda.  un uz t\u0101 vienl\u012bdz labi var izmantot visas z\u012bda apglezno\u0161anas tehnikas.  Gleznojumu var papildin\u0101t, piel\u012bm\u0113jot akmenti\u0146us vai glieme\u017ev\u0101kus, pie\u0161ujot \u017e\u0101v\u0113tus augus un ziedus, vai pat uzman\u012bgi filc\u0113t adatas tehnik\u0101.<\/p>\n","protected":false},"excerpt":{"rendered":"<p>No izliekta met\u0101la r\u0101mja, kas p\u0101rvilts ar Pong\u00e9 05 z\u012bdu, izgatavotais loga dekors ir lieliski piem\u0113rots logu noform\u0113\u0161anai. Pong\u00e9 05 ir visvair\u0101k p\u0101rdotais z\u012bds un tas ir lieliski piem\u0113rots tiem, kas tikai apg\u016bst z\u012bda apglezno\u0161anas m\u0101kslu. \u0160is ir smalks un \u013coti viegls materi\u0101ls ar skaistu z\u012bda sp\u012bdumu. Kr\u0101sa \u0101tri, viegli un vienm\u0113r\u012bgi pl\u016bst visos auduma virzienos. T\u0101d\u0113\u013c Pong\u00e9 05 ir lieliski piem\u0113rots gleznojumiem uz z\u012bda. un uz t\u0101 vienl\u012bdz labi var izmantot visas z\u012bda apglezno\u0161anas tehnikas. Gleznojumu var papildin\u0101t, piel\u012bm\u0113jot akmenti\u0146us vai glieme\u017ev\u0101kus, pie\u0161ujot \u017e\u0101v\u0113tus augus un ziedus, vai pat uzman\u012bgi filc\u0113t adatas tehnik\u0101.<\/p>\n","protected":false},"featured_media":0,"comment_status":"closed","ping_status":"closed","template":"","meta":{"_acf_changed":false,"ep_exclude_from_search":false},"product_cat":[17918,17971,18305],"product_tag":[],"class_list":{"0":"post-24122","1":"product","2":"type-product","3":"status-publish","5":"product_cat-preces-hobijiem","6":"product_cat-sagataves","7":"product_cat-zids","9":"first","10":"instock","11":"taxable","12":"shipping-taxable","13":"purchasable","14":"product-type-variable"},"acf":[],"yoast_head":"<!-- This site is optimized with the Yoast SEO plugin v24.1 - https:\/\/yoast.com\/wordpress\/plugins\/seo\/ -->\n<title>Zids rami Ponge 5 square with arch &#8211; Skizze<\/title>\n<meta name=\"robots\" content=\"noindex, follow, max-snippet:-1, max-image-preview:large, max-video-preview:-1\" \/>\n<meta property=\"og:locale\" content=\"lv_LV\" \/>\n<meta property=\"og:type\" content=\"article\" \/>\n<meta property=\"og:title\" content=\"Zids rami Ponge 5 square with arch &#8211; Skizze\" \/>\n<meta property=\"og:description\" content=\"No izliekta met\u0101la r\u0101mja, kas p\u0101rvilts ar Pong\u00e9 05 z\u012bdu, izgatavotais loga dekors ir lieliski piem\u0113rots logu noform\u0113\u0161anai. Pong\u00e9 05 ir visvair\u0101k p\u0101rdotais z\u012bds un tas ir lieliski piem\u0113rots tiem, kas tikai apg\u016bst z\u012bda apglezno\u0161anas m\u0101kslu. \u0160is ir smalks un \u013coti viegls materi\u0101ls ar skaistu z\u012bda sp\u012bdumu. Kr\u0101sa \u0101tri, viegli un vienm\u0113r\u012bgi pl\u016bst visos auduma virzienos. T\u0101d\u0113\u013c Pong\u00e9 05 ir lieliski piem\u0113rots gleznojumiem uz z\u012bda. un uz t\u0101 vienl\u012bdz labi var izmantot visas z\u012bda apglezno\u0161anas tehnikas. Gleznojumu var papildin\u0101t, piel\u012bm\u0113jot akmenti\u0146us vai glieme\u017ev\u0101kus, pie\u0161ujot \u017e\u0101v\u0113tus augus un ziedus, vai pat uzman\u012bgi filc\u0113t adatas tehnik\u0101.\" \/>\n<meta property=\"og:url\" content=\"https:\/\/hobstop.ee\/lv\/produkts\/zids-rami-ponge-5-square-with-arch\/\" \/>\n<meta property=\"og:site_name\" content=\"Skizze\" \/>\n<meta property=\"article:publisher\" content=\"http:\/\/www.facebook.com\/VunderSkizze\" \/>\n<meta name=\"twitter:card\" content=\"summary_large_image\" \/>\n<meta name=\"twitter:label1\" content=\"Est. reading time\" \/>\n\t<meta name=\"twitter:data1\" content=\"1 min\u016b\u0161u\" \/>\n<script type=\"application\/ld+json\" class=\"yoast-schema-graph\">{\"@context\":\"https:\/\/schema.org\",\"@graph\":[{\"@type\":\"WebPage\",\"@id\":\"https:\/\/hobstop.ee\/lv\/produkts\/zids-rami-ponge-5-square-with-arch\/\",\"url\":\"https:\/\/hobstop.ee\/lv\/produkts\/zids-rami-ponge-5-square-with-arch\/\",\"name\":\"Zids rami Ponge 5 square with arch &#8211; Skizze\",\"isPartOf\":{\"@id\":\"https:\/\/hobstop.ee\/lv\/#website\"},\"datePublished\":\"2014-12-09T10:55:58+00:00\",\"dateModified\":\"2014-12-09T10:55:58+00:00\",\"breadcrumb\":{\"@id\":\"https:\/\/hobstop.ee\/lv\/produkts\/zids-rami-ponge-5-square-with-arch\/#breadcrumb\"},\"inLanguage\":\"lv-LV\",\"potentialAction\":[{\"@type\":\"ReadAction\",\"target\":[\"https:\/\/hobstop.ee\/lv\/produkts\/zids-rami-ponge-5-square-with-arch\/\"]}]},{\"@type\":\"BreadcrumbList\",\"@id\":\"https:\/\/hobstop.ee\/lv\/produkts\/zids-rami-ponge-5-square-with-arch\/#breadcrumb\",\"itemListElement\":[{\"@type\":\"ListItem\",\"position\":1,\"name\":\"Avaleht\",\"item\":\"https:\/\/www.hobstop.ee\/lv\/\"},{\"@type\":\"ListItem\",\"position\":2,\"name\":\"Veikals\",\"item\":\"https:\/\/www.hobstop.ee\/lv\/veikals\/\"},{\"@type\":\"ListItem\",\"position\":3,\"name\":\"Zids rami Ponge 5 square with arch\"}]},{\"@type\":\"WebSite\",\"@id\":\"https:\/\/hobstop.ee\/lv\/#website\",\"url\":\"https:\/\/hobstop.ee\/lv\/\",\"name\":\"Skizze\",\"description\":\"M\u0101kslas, hobiju un skolas preces\",\"publisher\":{\"@id\":\"https:\/\/hobstop.ee\/lv\/#organization\"},\"potentialAction\":[{\"@type\":\"SearchAction\",\"target\":{\"@type\":\"EntryPoint\",\"urlTemplate\":\"https:\/\/hobstop.ee\/lv\/?s={search_term_string}\"},\"query-input\":{\"@type\":\"PropertyValueSpecification\",\"valueRequired\":true,\"valueName\":\"search_term_string\"}}],\"inLanguage\":\"lv-LV\"},{\"@type\":\"Organization\",\"@id\":\"https:\/\/hobstop.ee\/lv\/#organization\",\"name\":\"Vunder AS\",\"url\":\"https:\/\/hobstop.ee\/lv\/\",\"logo\":{\"@type\":\"ImageObject\",\"inLanguage\":\"lv-LV\",\"@id\":\"https:\/\/hobstop.ee\/lv\/#\/schema\/logo\/image\/\",\"url\":\"https:\/\/hobstop.ee\/media\/vunder-logo.png\",\"contentUrl\":\"https:\/\/hobstop.ee\/media\/vunder-logo.png\",\"width\":127,\"height\":55,\"caption\":\"Vunder AS\"},\"image\":{\"@id\":\"https:\/\/hobstop.ee\/lv\/#\/schema\/logo\/image\/\"},\"sameAs\":[\"http:\/\/www.facebook.com\/VunderSkizze\"]}]}<\/script>\n<!-- \/ Yoast SEO plugin. -->","yoast_head_json":{"title":"Zids rami Ponge 5 square with arch &#8211; Skizze","robots":{"index":"noindex","follow":"follow","max-snippet":"max-snippet:-1","max-image-preview":"max-image-preview:large","max-video-preview":"max-video-preview:-1"},"og_locale":"lv_LV","og_type":"article","og_title":"Zids rami Ponge 5 square with arch &#8211; Skizze","og_description":"No izliekta met\u0101la r\u0101mja, kas p\u0101rvilts ar Pong\u00e9 05 z\u012bdu, izgatavotais loga dekors ir lieliski piem\u0113rots logu noform\u0113\u0161anai. Pong\u00e9 05 ir visvair\u0101k p\u0101rdotais z\u012bds un tas ir lieliski piem\u0113rots tiem, kas tikai apg\u016bst z\u012bda apglezno\u0161anas m\u0101kslu. \u0160is ir smalks un \u013coti viegls materi\u0101ls ar skaistu z\u012bda sp\u012bdumu. Kr\u0101sa \u0101tri, viegli un vienm\u0113r\u012bgi pl\u016bst visos auduma virzienos. T\u0101d\u0113\u013c Pong\u00e9 05 ir lieliski piem\u0113rots gleznojumiem uz z\u012bda. un uz t\u0101 vienl\u012bdz labi var izmantot visas z\u012bda apglezno\u0161anas tehnikas. Gleznojumu var papildin\u0101t, piel\u012bm\u0113jot akmenti\u0146us vai glieme\u017ev\u0101kus, pie\u0161ujot \u017e\u0101v\u0113tus augus un ziedus, vai pat uzman\u012bgi filc\u0113t adatas tehnik\u0101.","og_url":"https:\/\/hobstop.ee\/lv\/produkts\/zids-rami-ponge-5-square-with-arch\/","og_site_name":"Skizze","article_publisher":"http:\/\/www.facebook.com\/VunderSkizze","twitter_card":"summary_large_image","twitter_misc":{"Est. reading time":"1 min\u016b\u0161u"},"schema":{"@context":"https:\/\/schema.org","@graph":[{"@type":"WebPage","@id":"https:\/\/hobstop.ee\/lv\/produkts\/zids-rami-ponge-5-square-with-arch\/","url":"https:\/\/hobstop.ee\/lv\/produkts\/zids-rami-ponge-5-square-with-arch\/","name":"Zids rami Ponge 5 square with arch &#8211; Skizze","isPartOf":{"@id":"https:\/\/hobstop.ee\/lv\/#website"},"datePublished":"2014-12-09T10:55:58+00:00","dateModified":"2014-12-09T10:55:58+00:00","breadcrumb":{"@id":"https:\/\/hobstop.ee\/lv\/produkts\/zids-rami-ponge-5-square-with-arch\/#breadcrumb"},"inLanguage":"lv-LV","potentialAction":[{"@type":"ReadAction","target":["https:\/\/hobstop.ee\/lv\/produkts\/zids-rami-ponge-5-square-with-arch\/"]}]},{"@type":"BreadcrumbList","@id":"https:\/\/hobstop.ee\/lv\/produkts\/zids-rami-ponge-5-square-with-arch\/#breadcrumb","itemListElement":[{"@type":"ListItem","position":1,"name":"Avaleht","item":"https:\/\/www.hobstop.ee\/lv\/"},{"@type":"ListItem","position":2,"name":"Veikals","item":"https:\/\/www.hobstop.ee\/lv\/veikals\/"},{"@type":"ListItem","position":3,"name":"Zids rami Ponge 5 square with arch"}]},{"@type":"WebSite","@id":"https:\/\/hobstop.ee\/lv\/#website","url":"https:\/\/hobstop.ee\/lv\/","name":"Skizze","description":"M\u0101kslas, hobiju un skolas preces","publisher":{"@id":"https:\/\/hobstop.ee\/lv\/#organization"},"potentialAction":[{"@type":"SearchAction","target":{"@type":"EntryPoint","urlTemplate":"https:\/\/hobstop.ee\/lv\/?s={search_term_string}"},"query-input":{"@type":"PropertyValueSpecification","valueRequired":true,"valueName":"search_term_string"}}],"inLanguage":"lv-LV"},{"@type":"Organization","@id":"https:\/\/hobstop.ee\/lv\/#organization","name":"Vunder AS","url":"https:\/\/hobstop.ee\/lv\/","logo":{"@type":"ImageObject","inLanguage":"lv-LV","@id":"https:\/\/hobstop.ee\/lv\/#\/schema\/logo\/image\/","url":"https:\/\/hobstop.ee\/media\/vunder-logo.png","contentUrl":"https:\/\/hobstop.ee\/media\/vunder-logo.png","width":127,"height":55,"caption":"Vunder AS"},"image":{"@id":"https:\/\/hobstop.ee\/lv\/#\/schema\/logo\/image\/"},"sameAs":["http:\/\/www.facebook.com\/VunderSkizze"]}]}},"_links":{"self":[{"href":"https:\/\/hobstop.ee\/lv\/wp-json\/wp\/v2\/product\/24122","targetHints":{"allow":["GET"]}}],"collection":[{"href":"https:\/\/hobstop.ee\/lv\/wp-json\/wp\/v2\/product"}],"about":[{"href":"https:\/\/hobstop.ee\/lv\/wp-json\/wp\/v2\/types\/product"}],"replies":[{"embeddable":true,"href":"https:\/\/hobstop.ee\/lv\/wp-json\/wp\/v2\/comments?post=24122"}],"wp:attachment":[{"href":"https:\/\/hobstop.ee\/lv\/wp-json\/wp\/v2\/media?parent=24122"}],"wp:term":[{"taxonomy":"product_cat","embeddable":true,"href":"https:\/\/hobstop.ee\/lv\/wp-json\/wp\/v2\/product_cat?post=24122"},{"taxonomy":"product_tag","embeddable":true,"href":"https:\/\/hobstop.ee\/lv\/wp-json\/wp\/v2\/product_tag?post=24122"}],"curies":[{"name":"wp","href":"https:\/\/api.w.org\/{rel}","templated":true}]}}