{"id":24268,"date":"2014-12-09T12:58:24","date_gmt":"2014-12-09T10:58:24","guid":{"rendered":"https:\/\/sharks.ee\/vunder_2019.klient.veebimajutus.ee\/?post_type=product&#038;p=24268"},"modified":"2014-12-09T12:58:24","modified_gmt":"2014-12-09T10:58:24","slug":"zida-krasa-marabu-silk-color-125g","status":"publish","type":"product","link":"https:\/\/hobstop.ee\/lv\/produkts\/zida-krasa-marabu-silk-color-125g\/","title":{"rendered":"Z\u012bda kr\u0101sa Marabu Silk Color 12,5g"},"content":{"rendered":"<p>Marabu-Silk Color dod iesp\u0113ju vienk\u0101r\u0161i un \u0113rti nokr\u0101sot z\u012bda audumus tie\u0161i Jums v\u0113lamaj\u0101 ton\u012b.  Pla\u0161aj\u0101 to\u0146u gamm\u0101 ir atrodams pilns kr\u0101su spektrs \u2013 no klasiskajiem pamatto\u0146iem l\u012bdz pat modern\u0101m nokr\u0101s\u0101m. Marabu-Silk Color kr\u0101sa pie\u0161\u0137ir z\u012bda audumiem neatk\u0101rtojamu mirdzumu, kr\u0101sas notur\u012bbu un neticamu maigumu.  Marabu-Silk Color ir \u012bpa\u0161i notur\u012bga, mazg\u0101jot kr\u0101soto audumu ar rok\u0101m un t\u012brot \u0137\u012bmiski.<\/p>\n","protected":false},"excerpt":{"rendered":"<p>Marabu-Silk Color dod iesp\u0113ju vienk\u0101r\u0161i un \u0113rti nokr\u0101sot z\u012bda audumus tie\u0161i Jums v\u0113lamaj\u0101 ton\u012b. Pla\u0161aj\u0101 to\u0146u gamm\u0101 ir atrodams pilns kr\u0101su spektrs \u2013 no klasiskajiem pamatto\u0146iem l\u012bdz pat modern\u0101m nokr\u0101s\u0101m. Marabu-Silk Color kr\u0101sa pie\u0161\u0137ir z\u012bda audumiem neatk\u0101rtojamu mirdzumu, kr\u0101sas notur\u012bbu un neticamu maigumu. Marabu-Silk Color ir \u012bpa\u0161i notur\u012bga, mazg\u0101jot kr\u0101soto audumu ar rok\u0101m un t\u012brot \u0137\u012bmiski.<\/p>\n","protected":false},"featured_media":0,"comment_status":"closed","ping_status":"closed","template":"","meta":{"_acf_changed":false,"ep_exclude_from_search":false},"product_cat":[17918,17956,18211],"product_tag":[],"class_list":{"0":"post-24268","1":"product","2":"type-product","3":"status-publish","5":"product_cat-preces-hobijiem","6":"product_cat-tekstilam-un-adai","7":"product_cat-zida-krasas","8":"pa_kma-5601","9":"pa_kma-5604","10":"pa_kma-5606","11":"pa_kma-5607","12":"pa_kma-5608","13":"pa_kma-5609","14":"pa_kma-5610","15":"pa_kma-5611","16":"pa_kma-5612","17":"pa_kma-5613","18":"pa_kma-5614","19":"pa_kma-5615","20":"pa_kma-5616","21":"pa_kma-5617","22":"pa_kma-5618","23":"pa_kma-5619","24":"pa_kma-5620","26":"first","27":"instock","28":"sale","29":"taxable","30":"shipping-taxable","31":"purchasable","32":"product-type-variable"},"acf":[],"yoast_head":"<!-- This site is optimized with the Yoast SEO plugin v24.1 - https:\/\/yoast.com\/wordpress\/plugins\/seo\/ -->\n<title>Z\u012bda kr\u0101sa Marabu Silk Color 12,5g &#8211; Skizze<\/title>\n<meta name=\"robots\" content=\"noindex, follow, max-snippet:-1, max-image-preview:large, max-video-preview:-1\" \/>\n<meta property=\"og:locale\" content=\"lv_LV\" \/>\n<meta property=\"og:type\" content=\"article\" \/>\n<meta property=\"og:title\" content=\"Z\u012bda kr\u0101sa Marabu Silk Color 12,5g &#8211; Skizze\" \/>\n<meta property=\"og:description\" content=\"Marabu-Silk Color dod iesp\u0113ju vienk\u0101r\u0161i un \u0113rti nokr\u0101sot z\u012bda audumus tie\u0161i Jums v\u0113lamaj\u0101 ton\u012b. Pla\u0161aj\u0101 to\u0146u gamm\u0101 ir atrodams pilns kr\u0101su spektrs \u2013 no klasiskajiem pamatto\u0146iem l\u012bdz pat modern\u0101m nokr\u0101s\u0101m. Marabu-Silk Color kr\u0101sa pie\u0161\u0137ir z\u012bda audumiem neatk\u0101rtojamu mirdzumu, kr\u0101sas notur\u012bbu un neticamu maigumu. Marabu-Silk Color ir \u012bpa\u0161i notur\u012bga, mazg\u0101jot kr\u0101soto audumu ar rok\u0101m un t\u012brot \u0137\u012bmiski.\" \/>\n<meta property=\"og:url\" content=\"https:\/\/hobstop.ee\/lv\/produkts\/zida-krasa-marabu-silk-color-125g\/\" \/>\n<meta property=\"og:site_name\" content=\"Skizze\" \/>\n<meta property=\"article:publisher\" content=\"http:\/\/www.facebook.com\/VunderSkizze\" \/>\n<meta property=\"article:modified_time\" content=\"2014-12-09T10:58:24+00:00\" \/>\n<meta name=\"twitter:card\" content=\"summary_large_image\" \/>\n<script type=\"application\/ld+json\" class=\"yoast-schema-graph\">{\"@context\":\"https:\/\/schema.org\",\"@graph\":[{\"@type\":\"WebPage\",\"@id\":\"https:\/\/hobstop.ee\/lv\/produkts\/zida-krasa-marabu-silk-color-125g\/\",\"url\":\"https:\/\/hobstop.ee\/lv\/produkts\/zida-krasa-marabu-silk-color-125g\/\",\"name\":\"Z\u012bda kr\u0101sa Marabu Silk Color 12,5g &#8211; Skizze\",\"isPartOf\":{\"@id\":\"https:\/\/hobstop.ee\/lv\/#website\"},\"datePublished\":\"-0001-11-30T00:00:00+00:00\",\"dateModified\":\"2014-12-09T10:58:24+00:00\",\"breadcrumb\":{\"@id\":\"https:\/\/hobstop.ee\/lv\/produkts\/zida-krasa-marabu-silk-color-125g\/#breadcrumb\"},\"inLanguage\":\"lv-LV\",\"potentialAction\":[{\"@type\":\"ReadAction\",\"target\":[\"https:\/\/hobstop.ee\/lv\/produkts\/zida-krasa-marabu-silk-color-125g\/\"]}]},{\"@type\":\"BreadcrumbList\",\"@id\":\"https:\/\/hobstop.ee\/lv\/produkts\/zida-krasa-marabu-silk-color-125g\/#breadcrumb\",\"itemListElement\":[{\"@type\":\"ListItem\",\"position\":1,\"name\":\"Avaleht\",\"item\":\"https:\/\/hobstop.ee\/lv\/\"},{\"@type\":\"ListItem\",\"position\":2,\"name\":\"Veikals\",\"item\":\"https:\/\/hobstop.ee\/lv\/veikals\/\"},{\"@type\":\"ListItem\",\"position\":3,\"name\":\"Z\u012bda kr\u0101sa Marabu Silk Color 12,5g\"}]},{\"@type\":\"WebSite\",\"@id\":\"https:\/\/hobstop.ee\/lv\/#website\",\"url\":\"https:\/\/hobstop.ee\/lv\/\",\"name\":\"Skizze\",\"description\":\"M\u0101kslas, hobiju un skolas preces\",\"publisher\":{\"@id\":\"https:\/\/hobstop.ee\/lv\/#organization\"},\"potentialAction\":[{\"@type\":\"SearchAction\",\"target\":{\"@type\":\"EntryPoint\",\"urlTemplate\":\"https:\/\/hobstop.ee\/lv\/?s={search_term_string}\"},\"query-input\":{\"@type\":\"PropertyValueSpecification\",\"valueRequired\":true,\"valueName\":\"search_term_string\"}}],\"inLanguage\":\"lv-LV\"},{\"@type\":\"Organization\",\"@id\":\"https:\/\/hobstop.ee\/lv\/#organization\",\"name\":\"Vunder AS\",\"url\":\"https:\/\/hobstop.ee\/lv\/\",\"logo\":{\"@type\":\"ImageObject\",\"inLanguage\":\"lv-LV\",\"@id\":\"https:\/\/hobstop.ee\/lv\/#\/schema\/logo\/image\/\",\"url\":\"https:\/\/hobstop.ee\/media\/vunder-logo.png\",\"contentUrl\":\"https:\/\/hobstop.ee\/media\/vunder-logo.png\",\"width\":127,\"height\":55,\"caption\":\"Vunder AS\"},\"image\":{\"@id\":\"https:\/\/hobstop.ee\/lv\/#\/schema\/logo\/image\/\"},\"sameAs\":[\"http:\/\/www.facebook.com\/VunderSkizze\"]}]}<\/script>\n<!-- \/ Yoast SEO plugin. -->","yoast_head_json":{"title":"Z\u012bda kr\u0101sa Marabu Silk Color 12,5g &#8211; Skizze","robots":{"index":"noindex","follow":"follow","max-snippet":"max-snippet:-1","max-image-preview":"max-image-preview:large","max-video-preview":"max-video-preview:-1"},"og_locale":"lv_LV","og_type":"article","og_title":"Z\u012bda kr\u0101sa Marabu Silk Color 12,5g &#8211; Skizze","og_description":"Marabu-Silk Color dod iesp\u0113ju vienk\u0101r\u0161i un \u0113rti nokr\u0101sot z\u012bda audumus tie\u0161i Jums v\u0113lamaj\u0101 ton\u012b. Pla\u0161aj\u0101 to\u0146u gamm\u0101 ir atrodams pilns kr\u0101su spektrs \u2013 no klasiskajiem pamatto\u0146iem l\u012bdz pat modern\u0101m nokr\u0101s\u0101m. Marabu-Silk Color kr\u0101sa pie\u0161\u0137ir z\u012bda audumiem neatk\u0101rtojamu mirdzumu, kr\u0101sas notur\u012bbu un neticamu maigumu. Marabu-Silk Color ir \u012bpa\u0161i notur\u012bga, mazg\u0101jot kr\u0101soto audumu ar rok\u0101m un t\u012brot \u0137\u012bmiski.","og_url":"https:\/\/hobstop.ee\/lv\/produkts\/zida-krasa-marabu-silk-color-125g\/","og_site_name":"Skizze","article_publisher":"http:\/\/www.facebook.com\/VunderSkizze","article_modified_time":"2014-12-09T10:58:24+00:00","twitter_card":"summary_large_image","schema":{"@context":"https:\/\/schema.org","@graph":[{"@type":"WebPage","@id":"https:\/\/hobstop.ee\/lv\/produkts\/zida-krasa-marabu-silk-color-125g\/","url":"https:\/\/hobstop.ee\/lv\/produkts\/zida-krasa-marabu-silk-color-125g\/","name":"Z\u012bda kr\u0101sa Marabu Silk Color 12,5g &#8211; Skizze","isPartOf":{"@id":"https:\/\/hobstop.ee\/lv\/#website"},"datePublished":"-0001-11-30T00:00:00+00:00","dateModified":"2014-12-09T10:58:24+00:00","breadcrumb":{"@id":"https:\/\/hobstop.ee\/lv\/produkts\/zida-krasa-marabu-silk-color-125g\/#breadcrumb"},"inLanguage":"lv-LV","potentialAction":[{"@type":"ReadAction","target":["https:\/\/hobstop.ee\/lv\/produkts\/zida-krasa-marabu-silk-color-125g\/"]}]},{"@type":"BreadcrumbList","@id":"https:\/\/hobstop.ee\/lv\/produkts\/zida-krasa-marabu-silk-color-125g\/#breadcrumb","itemListElement":[{"@type":"ListItem","position":1,"name":"Avaleht","item":"https:\/\/hobstop.ee\/lv\/"},{"@type":"ListItem","position":2,"name":"Veikals","item":"https:\/\/hobstop.ee\/lv\/veikals\/"},{"@type":"ListItem","position":3,"name":"Z\u012bda kr\u0101sa Marabu Silk Color 12,5g"}]},{"@type":"WebSite","@id":"https:\/\/hobstop.ee\/lv\/#website","url":"https:\/\/hobstop.ee\/lv\/","name":"Skizze","description":"M\u0101kslas, hobiju un skolas preces","publisher":{"@id":"https:\/\/hobstop.ee\/lv\/#organization"},"potentialAction":[{"@type":"SearchAction","target":{"@type":"EntryPoint","urlTemplate":"https:\/\/hobstop.ee\/lv\/?s={search_term_string}"},"query-input":{"@type":"PropertyValueSpecification","valueRequired":true,"valueName":"search_term_string"}}],"inLanguage":"lv-LV"},{"@type":"Organization","@id":"https:\/\/hobstop.ee\/lv\/#organization","name":"Vunder AS","url":"https:\/\/hobstop.ee\/lv\/","logo":{"@type":"ImageObject","inLanguage":"lv-LV","@id":"https:\/\/hobstop.ee\/lv\/#\/schema\/logo\/image\/","url":"https:\/\/hobstop.ee\/media\/vunder-logo.png","contentUrl":"https:\/\/hobstop.ee\/media\/vunder-logo.png","width":127,"height":55,"caption":"Vunder AS"},"image":{"@id":"https:\/\/hobstop.ee\/lv\/#\/schema\/logo\/image\/"},"sameAs":["http:\/\/www.facebook.com\/VunderSkizze"]}]}},"_links":{"self":[{"href":"https:\/\/hobstop.ee\/lv\/wp-json\/wp\/v2\/product\/24268","targetHints":{"allow":["GET"]}}],"collection":[{"href":"https:\/\/hobstop.ee\/lv\/wp-json\/wp\/v2\/product"}],"about":[{"href":"https:\/\/hobstop.ee\/lv\/wp-json\/wp\/v2\/types\/product"}],"replies":[{"embeddable":true,"href":"https:\/\/hobstop.ee\/lv\/wp-json\/wp\/v2\/comments?post=24268"}],"wp:attachment":[{"href":"https:\/\/hobstop.ee\/lv\/wp-json\/wp\/v2\/media?parent=24268"}],"wp:term":[{"taxonomy":"product_cat","embeddable":true,"href":"https:\/\/hobstop.ee\/lv\/wp-json\/wp\/v2\/product_cat?post=24268"},{"taxonomy":"product_tag","embeddable":true,"href":"https:\/\/hobstop.ee\/lv\/wp-json\/wp\/v2\/product_tag?post=24268"}],"curies":[{"name":"wp","href":"https:\/\/api.w.org\/{rel}","templated":true}]}}