{"id":24276,"date":"2014-12-09T12:58:27","date_gmt":"2014-12-09T10:58:27","guid":{"rendered":"https:\/\/sharks.ee\/vunder_2019.klient.veebimajutus.ee\/?post_type=product&#038;p=24276"},"modified":"2014-12-09T12:58:27","modified_gmt":"2014-12-09T10:58:27","slug":"ota-raphael-mixacryl-8750-bright","status":"publish","type":"product","link":"https:\/\/hobstop.ee\/lv\/produkts\/ota-raphael-mixacryl-8750-bright\/","title":{"rendered":"Ota Raphael Mixacryl 8750 bright"},"content":{"rendered":"<p>Mixacryl ota ir paredz\u0113ta akrila kr\u0101s\u0101m. T\u0101 ir izgatavota no sint\u0113tiskaj\u0101m \u0161\u0137iedr\u0101m un dab\u012bgajiem sariem. \u0160\u012b Raphael inov\u0101cija \u013cauj apvienot \u0161o \u0161\u0137iedru sekojo\u0161\u0101s priek\u0161roc\u012bbas: sint\u0113tisko \u0161\u0137iedru ietver\u0161ana nodro\u0161ina \u013coti tie\u0161u otas vilciena izj\u016btu, kas ir lieliski piem\u0113rota \u013coti bieza kl\u0101juma (impasto) un reljefa efektiem, bet vienlaikus \u0161\u012bs otas nodro\u0161ina lieliskas kr\u0101su saglab\u0101\u0161anas \u012bpa\u0161\u012bbas, kas tradicion\u0101li tiek gaid\u012btas no dab\u012bgajiem sariem. Saru savienotais salikums sniedz lielisku rezult\u0101tu, darbojoties ar biezu kr\u0101su un nodro\u0161ina teicamu otas izju\u0161anu uz audekla, pat uz nevienm\u0113r\u012bgas virsmas. Uzkl\u0101jot kr\u0101su, \u0161\u012bs \u012bpa\u0161\u012bbas pal\u012bdz saglab\u0101t \u0161\u0137iedras dab\u012bgo izliekumu un atjaunot otas ori\u0123in\u0101lo formu iz\u017e\u016bstot, pat p\u0113c daudzk\u0101rt\u0113jas otas lieto\u0161anas.<br \/>\nGlezno\u0161anas tehnika: akrils<br \/>\nPielietojums:  nelielu laukumu p\u0101rkl\u0101\u0161anai, redzamas otas vilcienu p\u0113das<\/p>\n","protected":false},"excerpt":{"rendered":"<p>Mixacryl ota ir paredz\u0113ta akrila kr\u0101s\u0101m. T\u0101 ir izgatavota no sint\u0113tiskaj\u0101m \u0161\u0137iedr\u0101m un dab\u012bgajiem sariem. \u0160\u012b Raphael inov\u0101cija \u013cauj apvienot \u0161o \u0161\u0137iedru sekojo\u0161\u0101s priek\u0161roc\u012bbas: sint\u0113tisko \u0161\u0137iedru ietver\u0161ana nodro\u0161ina \u013coti tie\u0161u otas vilciena izj\u016btu, kas ir lieliski piem\u0113rota \u013coti bieza kl\u0101juma (impasto) un reljefa efektiem, bet vienlaikus \u0161\u012bs otas nodro\u0161ina lieliskas kr\u0101su saglab\u0101\u0161anas \u012bpa\u0161\u012bbas, kas tradicion\u0101li tiek gaid\u012btas no dab\u012bgajiem sariem. Saru savienotais salikums sniedz lielisku rezult\u0101tu, darbojoties ar biezu kr\u0101su un nodro\u0161ina teicamu otas izju\u0161anu uz audekla, pat uz nevienm\u0113r\u012bgas virsmas. Uzkl\u0101jot kr\u0101su, \u0161\u012bs \u012bpa\u0161\u012bbas pal\u012bdz saglab\u0101t \u0161\u0137iedras dab\u012bgo izliekumu un atjaunot otas ori\u0123in\u0101lo formu iz\u017e\u016bstot, pat p\u0113c daudzk\u0101rt\u0113jas otas lieto\u0161anas. Glezno\u0161anas tehnika: akrils Pielietojums: nelielu laukumu p\u0101rkl\u0101\u0161anai, redzamas otas vilcienu p\u0113das<\/p>\n","protected":false},"featured_media":0,"comment_status":"closed","ping_status":"closed","template":"","meta":{"_acf_changed":false,"ep_exclude_from_search":false},"product_cat":[18767,16123,18650],"product_tag":[],"class_list":{"0":"post-24276","1":"product","2":"type-product","3":"status-publish","5":"product_cat-dazadi-32","6":"product_cat-makslas-piederumi-2","7":"product_cat-otas-un-piederumi","9":"first","10":"instock","11":"sale","12":"taxable","13":"shipping-taxable","14":"purchasable","15":"product-type-variable"},"acf":[],"yoast_head":"<!-- This site is optimized with the Yoast SEO plugin v24.1 - https:\/\/yoast.com\/wordpress\/plugins\/seo\/ -->\n<title>Ota Raphael Mixacryl 8750 bright &#8211; Skizze<\/title>\n<meta name=\"robots\" content=\"noindex, follow, max-snippet:-1, max-image-preview:large, max-video-preview:-1\" \/>\n<meta property=\"og:locale\" content=\"lv_LV\" \/>\n<meta property=\"og:type\" content=\"article\" \/>\n<meta property=\"og:title\" content=\"Ota Raphael Mixacryl 8750 bright &#8211; Skizze\" \/>\n<meta property=\"og:description\" content=\"Mixacryl ota ir paredz\u0113ta akrila kr\u0101s\u0101m. T\u0101 ir izgatavota no sint\u0113tiskaj\u0101m \u0161\u0137iedr\u0101m un dab\u012bgajiem sariem. \u0160\u012b Raphael inov\u0101cija \u013cauj apvienot \u0161o \u0161\u0137iedru sekojo\u0161\u0101s priek\u0161roc\u012bbas: sint\u0113tisko \u0161\u0137iedru ietver\u0161ana nodro\u0161ina \u013coti tie\u0161u otas vilciena izj\u016btu, kas ir lieliski piem\u0113rota \u013coti bieza kl\u0101juma (impasto) un reljefa efektiem, bet vienlaikus \u0161\u012bs otas nodro\u0161ina lieliskas kr\u0101su saglab\u0101\u0161anas \u012bpa\u0161\u012bbas, kas tradicion\u0101li tiek gaid\u012btas no dab\u012bgajiem sariem. Saru savienotais salikums sniedz lielisku rezult\u0101tu, darbojoties ar biezu kr\u0101su un nodro\u0161ina teicamu otas izju\u0161anu uz audekla, pat uz nevienm\u0113r\u012bgas virsmas. Uzkl\u0101jot kr\u0101su, \u0161\u012bs \u012bpa\u0161\u012bbas pal\u012bdz saglab\u0101t \u0161\u0137iedras dab\u012bgo izliekumu un atjaunot otas ori\u0123in\u0101lo formu iz\u017e\u016bstot, pat p\u0113c daudzk\u0101rt\u0113jas otas lieto\u0161anas. Glezno\u0161anas tehnika: akrils Pielietojums: nelielu laukumu p\u0101rkl\u0101\u0161anai, redzamas otas vilcienu p\u0113das\" \/>\n<meta property=\"og:url\" content=\"https:\/\/hobstop.ee\/lv\/produkts\/ota-raphael-mixacryl-8750-bright\/\" \/>\n<meta property=\"og:site_name\" content=\"Skizze\" \/>\n<meta property=\"article:publisher\" content=\"http:\/\/www.facebook.com\/VunderSkizze\" \/>\n<meta name=\"twitter:card\" content=\"summary_large_image\" \/>\n<meta name=\"twitter:label1\" content=\"Est. reading time\" \/>\n\t<meta name=\"twitter:data1\" content=\"1 min\u016b\u0161u\" \/>\n<script type=\"application\/ld+json\" class=\"yoast-schema-graph\">{\"@context\":\"https:\/\/schema.org\",\"@graph\":[{\"@type\":\"WebPage\",\"@id\":\"https:\/\/hobstop.ee\/lv\/produkts\/ota-raphael-mixacryl-8750-bright\/\",\"url\":\"https:\/\/hobstop.ee\/lv\/produkts\/ota-raphael-mixacryl-8750-bright\/\",\"name\":\"Ota Raphael Mixacryl 8750 bright &#8211; Skizze\",\"isPartOf\":{\"@id\":\"https:\/\/hobstop.ee\/lv\/#website\"},\"datePublished\":\"2014-12-09T10:58:27+00:00\",\"dateModified\":\"2014-12-09T10:58:27+00:00\",\"breadcrumb\":{\"@id\":\"https:\/\/hobstop.ee\/lv\/produkts\/ota-raphael-mixacryl-8750-bright\/#breadcrumb\"},\"inLanguage\":\"lv-LV\",\"potentialAction\":[{\"@type\":\"ReadAction\",\"target\":[\"https:\/\/hobstop.ee\/lv\/produkts\/ota-raphael-mixacryl-8750-bright\/\"]}]},{\"@type\":\"BreadcrumbList\",\"@id\":\"https:\/\/hobstop.ee\/lv\/produkts\/ota-raphael-mixacryl-8750-bright\/#breadcrumb\",\"itemListElement\":[{\"@type\":\"ListItem\",\"position\":1,\"name\":\"Avaleht\",\"item\":\"https:\/\/www.hobstop.ee\/lv\/\"},{\"@type\":\"ListItem\",\"position\":2,\"name\":\"Veikals\",\"item\":\"https:\/\/www.hobstop.ee\/lv\/veikals\/\"},{\"@type\":\"ListItem\",\"position\":3,\"name\":\"Ota Raphael Mixacryl 8750 bright\"}]},{\"@type\":\"WebSite\",\"@id\":\"https:\/\/hobstop.ee\/lv\/#website\",\"url\":\"https:\/\/hobstop.ee\/lv\/\",\"name\":\"Skizze\",\"description\":\"M\u0101kslas, hobiju un skolas preces\",\"publisher\":{\"@id\":\"https:\/\/hobstop.ee\/lv\/#organization\"},\"potentialAction\":[{\"@type\":\"SearchAction\",\"target\":{\"@type\":\"EntryPoint\",\"urlTemplate\":\"https:\/\/hobstop.ee\/lv\/?s={search_term_string}\"},\"query-input\":{\"@type\":\"PropertyValueSpecification\",\"valueRequired\":true,\"valueName\":\"search_term_string\"}}],\"inLanguage\":\"lv-LV\"},{\"@type\":\"Organization\",\"@id\":\"https:\/\/hobstop.ee\/lv\/#organization\",\"name\":\"Vunder AS\",\"url\":\"https:\/\/hobstop.ee\/lv\/\",\"logo\":{\"@type\":\"ImageObject\",\"inLanguage\":\"lv-LV\",\"@id\":\"https:\/\/hobstop.ee\/lv\/#\/schema\/logo\/image\/\",\"url\":\"https:\/\/hobstop.ee\/media\/vunder-logo.png\",\"contentUrl\":\"https:\/\/hobstop.ee\/media\/vunder-logo.png\",\"width\":127,\"height\":55,\"caption\":\"Vunder AS\"},\"image\":{\"@id\":\"https:\/\/hobstop.ee\/lv\/#\/schema\/logo\/image\/\"},\"sameAs\":[\"http:\/\/www.facebook.com\/VunderSkizze\"]}]}<\/script>\n<!-- \/ Yoast SEO plugin. -->","yoast_head_json":{"title":"Ota Raphael Mixacryl 8750 bright &#8211; Skizze","robots":{"index":"noindex","follow":"follow","max-snippet":"max-snippet:-1","max-image-preview":"max-image-preview:large","max-video-preview":"max-video-preview:-1"},"og_locale":"lv_LV","og_type":"article","og_title":"Ota Raphael Mixacryl 8750 bright &#8211; Skizze","og_description":"Mixacryl ota ir paredz\u0113ta akrila kr\u0101s\u0101m. T\u0101 ir izgatavota no sint\u0113tiskaj\u0101m \u0161\u0137iedr\u0101m un dab\u012bgajiem sariem. \u0160\u012b Raphael inov\u0101cija \u013cauj apvienot \u0161o \u0161\u0137iedru sekojo\u0161\u0101s priek\u0161roc\u012bbas: sint\u0113tisko \u0161\u0137iedru ietver\u0161ana nodro\u0161ina \u013coti tie\u0161u otas vilciena izj\u016btu, kas ir lieliski piem\u0113rota \u013coti bieza kl\u0101juma (impasto) un reljefa efektiem, bet vienlaikus \u0161\u012bs otas nodro\u0161ina lieliskas kr\u0101su saglab\u0101\u0161anas \u012bpa\u0161\u012bbas, kas tradicion\u0101li tiek gaid\u012btas no dab\u012bgajiem sariem. Saru savienotais salikums sniedz lielisku rezult\u0101tu, darbojoties ar biezu kr\u0101su un nodro\u0161ina teicamu otas izju\u0161anu uz audekla, pat uz nevienm\u0113r\u012bgas virsmas. Uzkl\u0101jot kr\u0101su, \u0161\u012bs \u012bpa\u0161\u012bbas pal\u012bdz saglab\u0101t \u0161\u0137iedras dab\u012bgo izliekumu un atjaunot otas ori\u0123in\u0101lo formu iz\u017e\u016bstot, pat p\u0113c daudzk\u0101rt\u0113jas otas lieto\u0161anas. Glezno\u0161anas tehnika: akrils Pielietojums: nelielu laukumu p\u0101rkl\u0101\u0161anai, redzamas otas vilcienu p\u0113das","og_url":"https:\/\/hobstop.ee\/lv\/produkts\/ota-raphael-mixacryl-8750-bright\/","og_site_name":"Skizze","article_publisher":"http:\/\/www.facebook.com\/VunderSkizze","twitter_card":"summary_large_image","twitter_misc":{"Est. reading time":"1 min\u016b\u0161u"},"schema":{"@context":"https:\/\/schema.org","@graph":[{"@type":"WebPage","@id":"https:\/\/hobstop.ee\/lv\/produkts\/ota-raphael-mixacryl-8750-bright\/","url":"https:\/\/hobstop.ee\/lv\/produkts\/ota-raphael-mixacryl-8750-bright\/","name":"Ota Raphael Mixacryl 8750 bright &#8211; Skizze","isPartOf":{"@id":"https:\/\/hobstop.ee\/lv\/#website"},"datePublished":"2014-12-09T10:58:27+00:00","dateModified":"2014-12-09T10:58:27+00:00","breadcrumb":{"@id":"https:\/\/hobstop.ee\/lv\/produkts\/ota-raphael-mixacryl-8750-bright\/#breadcrumb"},"inLanguage":"lv-LV","potentialAction":[{"@type":"ReadAction","target":["https:\/\/hobstop.ee\/lv\/produkts\/ota-raphael-mixacryl-8750-bright\/"]}]},{"@type":"BreadcrumbList","@id":"https:\/\/hobstop.ee\/lv\/produkts\/ota-raphael-mixacryl-8750-bright\/#breadcrumb","itemListElement":[{"@type":"ListItem","position":1,"name":"Avaleht","item":"https:\/\/www.hobstop.ee\/lv\/"},{"@type":"ListItem","position":2,"name":"Veikals","item":"https:\/\/www.hobstop.ee\/lv\/veikals\/"},{"@type":"ListItem","position":3,"name":"Ota Raphael Mixacryl 8750 bright"}]},{"@type":"WebSite","@id":"https:\/\/hobstop.ee\/lv\/#website","url":"https:\/\/hobstop.ee\/lv\/","name":"Skizze","description":"M\u0101kslas, hobiju un skolas preces","publisher":{"@id":"https:\/\/hobstop.ee\/lv\/#organization"},"potentialAction":[{"@type":"SearchAction","target":{"@type":"EntryPoint","urlTemplate":"https:\/\/hobstop.ee\/lv\/?s={search_term_string}"},"query-input":{"@type":"PropertyValueSpecification","valueRequired":true,"valueName":"search_term_string"}}],"inLanguage":"lv-LV"},{"@type":"Organization","@id":"https:\/\/hobstop.ee\/lv\/#organization","name":"Vunder AS","url":"https:\/\/hobstop.ee\/lv\/","logo":{"@type":"ImageObject","inLanguage":"lv-LV","@id":"https:\/\/hobstop.ee\/lv\/#\/schema\/logo\/image\/","url":"https:\/\/hobstop.ee\/media\/vunder-logo.png","contentUrl":"https:\/\/hobstop.ee\/media\/vunder-logo.png","width":127,"height":55,"caption":"Vunder AS"},"image":{"@id":"https:\/\/hobstop.ee\/lv\/#\/schema\/logo\/image\/"},"sameAs":["http:\/\/www.facebook.com\/VunderSkizze"]}]}},"_links":{"self":[{"href":"https:\/\/hobstop.ee\/lv\/wp-json\/wp\/v2\/product\/24276","targetHints":{"allow":["GET"]}}],"collection":[{"href":"https:\/\/hobstop.ee\/lv\/wp-json\/wp\/v2\/product"}],"about":[{"href":"https:\/\/hobstop.ee\/lv\/wp-json\/wp\/v2\/types\/product"}],"replies":[{"embeddable":true,"href":"https:\/\/hobstop.ee\/lv\/wp-json\/wp\/v2\/comments?post=24276"}],"wp:attachment":[{"href":"https:\/\/hobstop.ee\/lv\/wp-json\/wp\/v2\/media?parent=24276"}],"wp:term":[{"taxonomy":"product_cat","embeddable":true,"href":"https:\/\/hobstop.ee\/lv\/wp-json\/wp\/v2\/product_cat?post=24276"},{"taxonomy":"product_tag","embeddable":true,"href":"https:\/\/hobstop.ee\/lv\/wp-json\/wp\/v2\/product_tag?post=24276"}],"curies":[{"name":"wp","href":"https:\/\/api.w.org\/{rel}","templated":true}]}}