{"id":24345,"date":"2014-12-09T12:58:51","date_gmt":"2014-12-09T10:58:51","guid":{"rendered":"https:\/\/sharks.ee\/vunder_2019.klient.veebimajutus.ee\/?post_type=product&#038;p=24345"},"modified":"2014-12-09T12:58:51","modified_gmt":"2014-12-09T10:58:51","slug":"deco-matt-50ml","status":"publish","type":"product","link":"https:\/\/hobstop.ee\/lv\/produkts\/deco-matt-50ml\/","title":{"rendered":"Deco Matt 50ml"},"content":{"rendered":"<p>Kr\u0101sas ienes dz\u012bv\u012bgumu m\u0101j\u0101s &#8211; iedvesmas objektam un vietai nav robe\u017eu! Lefranc&#038;Bourgeois Deco akrila kr\u0101sa ar kr\u0113mveida konsistenci ir ide\u0101li piem\u0113rota da\u017e\u0101du pamatmateri\u0101lu dekor\u0113\u0161anai, izmantojot to pat tikai vien\u0101 k\u0101rt\u0101. Deco Matt ir mat\u0113ta akrila kr\u0101sa, kuru var izmantot t\u012br\u0101 veid\u0101 vai sajauktu. To var izmantot gan uz neliel\u0101m, gan ar\u012b uz liel\u0101m virsm\u0101m. T\u0101 labi turas uz da\u017e\u0101diem materi\u0101liem (koka, pap\u012bra, tapet\u0113m, veido\u0161anas m\u0101la, svec\u0113m utt.).<br \/>\nP\u0101rkl\u0101jums: 0.8m\u00b2\/100ml<\/p>\n","protected":false},"excerpt":{"rendered":"<p>Kr\u0101sas ienes dz\u012bv\u012bgumu m\u0101j\u0101s &#8211; iedvesmas objektam un vietai nav robe\u017eu! Lefranc&#038;Bourgeois Deco akrila kr\u0101sa ar kr\u0113mveida konsistenci ir ide\u0101li piem\u0113rota da\u017e\u0101du pamatmateri\u0101lu dekor\u0113\u0161anai, izmantojot to pat tikai vien\u0101 k\u0101rt\u0101. Deco Matt ir mat\u0113ta akrila kr\u0101sa, kuru var izmantot t\u012br\u0101 veid\u0101 vai sajauktu. To var izmantot gan uz neliel\u0101m, gan ar\u012b uz liel\u0101m virsm\u0101m. T\u0101 labi turas uz da\u017e\u0101diem materi\u0101liem (koka, pap\u012bra, tapet\u0113m, veido\u0161anas m\u0101la, svec\u0113m utt.). P\u0101rkl\u0101jums: 0.8m\u00b2\/100ml<\/p>\n","protected":false},"featured_media":104622,"comment_status":"closed","ping_status":"closed","template":"","meta":{"_acf_changed":false,"ep_exclude_from_search":false},"product_cat":[18201,17954,17918],"product_tag":[],"class_list":{"0":"post-24345","1":"product","2":"type-product","3":"status-publish","4":"has-post-thumbnail","6":"product_cat-decor-krasas-2","7":"product_cat-decor-krasas-un-lakas","8":"product_cat-preces-hobijiem","10":"first","11":"instock","12":"sale","13":"taxable","14":"shipping-taxable","15":"purchasable","16":"product-type-variable"},"acf":[],"yoast_head":"<!-- This site is optimized with the Yoast SEO plugin v24.1 - https:\/\/yoast.com\/wordpress\/plugins\/seo\/ -->\n<title>Deco Matt 50ml &#8211; Skizze<\/title>\n<meta name=\"robots\" content=\"noindex, follow, max-snippet:-1, max-image-preview:large, max-video-preview:-1\" \/>\n<meta property=\"og:locale\" content=\"lv_LV\" \/>\n<meta property=\"og:type\" content=\"article\" \/>\n<meta property=\"og:title\" content=\"Deco Matt 50ml &#8211; Skizze\" \/>\n<meta property=\"og:description\" content=\"Kr\u0101sas ienes dz\u012bv\u012bgumu m\u0101j\u0101s &#8211; iedvesmas objektam un vietai nav robe\u017eu! Lefranc&#038;Bourgeois Deco akrila kr\u0101sa ar kr\u0113mveida konsistenci ir ide\u0101li piem\u0113rota da\u017e\u0101du pamatmateri\u0101lu dekor\u0113\u0161anai, izmantojot to pat tikai vien\u0101 k\u0101rt\u0101. Deco Matt ir mat\u0113ta akrila kr\u0101sa, kuru var izmantot t\u012br\u0101 veid\u0101 vai sajauktu. To var izmantot gan uz neliel\u0101m, gan ar\u012b uz liel\u0101m virsm\u0101m. T\u0101 labi turas uz da\u017e\u0101diem materi\u0101liem (koka, pap\u012bra, tapet\u0113m, veido\u0161anas m\u0101la, svec\u0113m utt.). P\u0101rkl\u0101jums: 0.8m\u00b2\/100ml\" \/>\n<meta property=\"og:url\" content=\"https:\/\/hobstop.ee\/lv\/produkts\/deco-matt-50ml\/\" \/>\n<meta property=\"og:site_name\" content=\"Skizze\" \/>\n<meta property=\"article:publisher\" content=\"http:\/\/www.facebook.com\/VunderSkizze\" \/>\n<meta property=\"og:image\" content=\"https:\/\/hobstop.ee\/media\/2369.jpg\" \/>\n\t<meta property=\"og:image:width\" content=\"1024\" \/>\n\t<meta property=\"og:image:height\" content=\"768\" \/>\n\t<meta property=\"og:image:type\" content=\"image\/jpeg\" \/>\n<meta name=\"twitter:card\" content=\"summary_large_image\" \/>\n<meta name=\"twitter:label1\" content=\"Est. reading time\" \/>\n\t<meta name=\"twitter:data1\" content=\"1 min\u016b\u0161u\" \/>\n<script type=\"application\/ld+json\" class=\"yoast-schema-graph\">{\"@context\":\"https:\/\/schema.org\",\"@graph\":[{\"@type\":\"WebPage\",\"@id\":\"https:\/\/hobstop.ee\/lv\/produkts\/deco-matt-50ml\/\",\"url\":\"https:\/\/hobstop.ee\/lv\/produkts\/deco-matt-50ml\/\",\"name\":\"Deco Matt 50ml &#8211; Skizze\",\"isPartOf\":{\"@id\":\"https:\/\/hobstop.ee\/lv\/#website\"},\"primaryImageOfPage\":{\"@id\":\"https:\/\/hobstop.ee\/lv\/produkts\/deco-matt-50ml\/#primaryimage\"},\"image\":{\"@id\":\"https:\/\/hobstop.ee\/lv\/produkts\/deco-matt-50ml\/#primaryimage\"},\"thumbnailUrl\":\"https:\/\/hobstop.ee\/media\/2369.jpg\",\"datePublished\":\"2014-12-09T10:58:51+00:00\",\"dateModified\":\"2014-12-09T10:58:51+00:00\",\"breadcrumb\":{\"@id\":\"https:\/\/hobstop.ee\/lv\/produkts\/deco-matt-50ml\/#breadcrumb\"},\"inLanguage\":\"lv-LV\",\"potentialAction\":[{\"@type\":\"ReadAction\",\"target\":[\"https:\/\/hobstop.ee\/lv\/produkts\/deco-matt-50ml\/\"]}]},{\"@type\":\"ImageObject\",\"inLanguage\":\"lv-LV\",\"@id\":\"https:\/\/hobstop.ee\/lv\/produkts\/deco-matt-50ml\/#primaryimage\",\"url\":\"https:\/\/hobstop.ee\/media\/2369.jpg\",\"contentUrl\":\"https:\/\/hobstop.ee\/media\/2369.jpg\",\"width\":1024,\"height\":768},{\"@type\":\"BreadcrumbList\",\"@id\":\"https:\/\/hobstop.ee\/lv\/produkts\/deco-matt-50ml\/#breadcrumb\",\"itemListElement\":[{\"@type\":\"ListItem\",\"position\":1,\"name\":\"Avaleht\",\"item\":\"https:\/\/www.hobstop.ee\/lv\/\"},{\"@type\":\"ListItem\",\"position\":2,\"name\":\"Veikals\",\"item\":\"https:\/\/www.hobstop.ee\/lv\/veikals\/\"},{\"@type\":\"ListItem\",\"position\":3,\"name\":\"Deco Matt 50ml\"}]},{\"@type\":\"WebSite\",\"@id\":\"https:\/\/hobstop.ee\/lv\/#website\",\"url\":\"https:\/\/hobstop.ee\/lv\/\",\"name\":\"Skizze\",\"description\":\"M\u0101kslas, hobiju un skolas preces\",\"publisher\":{\"@id\":\"https:\/\/hobstop.ee\/lv\/#organization\"},\"potentialAction\":[{\"@type\":\"SearchAction\",\"target\":{\"@type\":\"EntryPoint\",\"urlTemplate\":\"https:\/\/hobstop.ee\/lv\/?s={search_term_string}\"},\"query-input\":{\"@type\":\"PropertyValueSpecification\",\"valueRequired\":true,\"valueName\":\"search_term_string\"}}],\"inLanguage\":\"lv-LV\"},{\"@type\":\"Organization\",\"@id\":\"https:\/\/hobstop.ee\/lv\/#organization\",\"name\":\"Vunder AS\",\"url\":\"https:\/\/hobstop.ee\/lv\/\",\"logo\":{\"@type\":\"ImageObject\",\"inLanguage\":\"lv-LV\",\"@id\":\"https:\/\/hobstop.ee\/lv\/#\/schema\/logo\/image\/\",\"url\":\"https:\/\/hobstop.ee\/media\/vunder-logo.png\",\"contentUrl\":\"https:\/\/hobstop.ee\/media\/vunder-logo.png\",\"width\":127,\"height\":55,\"caption\":\"Vunder AS\"},\"image\":{\"@id\":\"https:\/\/hobstop.ee\/lv\/#\/schema\/logo\/image\/\"},\"sameAs\":[\"http:\/\/www.facebook.com\/VunderSkizze\"]}]}<\/script>\n<!-- \/ Yoast SEO plugin. -->","yoast_head_json":{"title":"Deco Matt 50ml &#8211; Skizze","robots":{"index":"noindex","follow":"follow","max-snippet":"max-snippet:-1","max-image-preview":"max-image-preview:large","max-video-preview":"max-video-preview:-1"},"og_locale":"lv_LV","og_type":"article","og_title":"Deco Matt 50ml &#8211; Skizze","og_description":"Kr\u0101sas ienes dz\u012bv\u012bgumu m\u0101j\u0101s &#8211; iedvesmas objektam un vietai nav robe\u017eu! Lefranc&#038;Bourgeois Deco akrila kr\u0101sa ar kr\u0113mveida konsistenci ir ide\u0101li piem\u0113rota da\u017e\u0101du pamatmateri\u0101lu dekor\u0113\u0161anai, izmantojot to pat tikai vien\u0101 k\u0101rt\u0101. Deco Matt ir mat\u0113ta akrila kr\u0101sa, kuru var izmantot t\u012br\u0101 veid\u0101 vai sajauktu. To var izmantot gan uz neliel\u0101m, gan ar\u012b uz liel\u0101m virsm\u0101m. T\u0101 labi turas uz da\u017e\u0101diem materi\u0101liem (koka, pap\u012bra, tapet\u0113m, veido\u0161anas m\u0101la, svec\u0113m utt.). P\u0101rkl\u0101jums: 0.8m\u00b2\/100ml","og_url":"https:\/\/hobstop.ee\/lv\/produkts\/deco-matt-50ml\/","og_site_name":"Skizze","article_publisher":"http:\/\/www.facebook.com\/VunderSkizze","og_image":[{"width":1024,"height":768,"url":"https:\/\/hobstop.ee\/media\/2369.jpg","type":"image\/jpeg"}],"twitter_card":"summary_large_image","twitter_misc":{"Est. reading time":"1 min\u016b\u0161u"},"schema":{"@context":"https:\/\/schema.org","@graph":[{"@type":"WebPage","@id":"https:\/\/hobstop.ee\/lv\/produkts\/deco-matt-50ml\/","url":"https:\/\/hobstop.ee\/lv\/produkts\/deco-matt-50ml\/","name":"Deco Matt 50ml &#8211; Skizze","isPartOf":{"@id":"https:\/\/hobstop.ee\/lv\/#website"},"primaryImageOfPage":{"@id":"https:\/\/hobstop.ee\/lv\/produkts\/deco-matt-50ml\/#primaryimage"},"image":{"@id":"https:\/\/hobstop.ee\/lv\/produkts\/deco-matt-50ml\/#primaryimage"},"thumbnailUrl":"https:\/\/hobstop.ee\/media\/2369.jpg","datePublished":"2014-12-09T10:58:51+00:00","dateModified":"2014-12-09T10:58:51+00:00","breadcrumb":{"@id":"https:\/\/hobstop.ee\/lv\/produkts\/deco-matt-50ml\/#breadcrumb"},"inLanguage":"lv-LV","potentialAction":[{"@type":"ReadAction","target":["https:\/\/hobstop.ee\/lv\/produkts\/deco-matt-50ml\/"]}]},{"@type":"ImageObject","inLanguage":"lv-LV","@id":"https:\/\/hobstop.ee\/lv\/produkts\/deco-matt-50ml\/#primaryimage","url":"https:\/\/hobstop.ee\/media\/2369.jpg","contentUrl":"https:\/\/hobstop.ee\/media\/2369.jpg","width":1024,"height":768},{"@type":"BreadcrumbList","@id":"https:\/\/hobstop.ee\/lv\/produkts\/deco-matt-50ml\/#breadcrumb","itemListElement":[{"@type":"ListItem","position":1,"name":"Avaleht","item":"https:\/\/www.hobstop.ee\/lv\/"},{"@type":"ListItem","position":2,"name":"Veikals","item":"https:\/\/www.hobstop.ee\/lv\/veikals\/"},{"@type":"ListItem","position":3,"name":"Deco Matt 50ml"}]},{"@type":"WebSite","@id":"https:\/\/hobstop.ee\/lv\/#website","url":"https:\/\/hobstop.ee\/lv\/","name":"Skizze","description":"M\u0101kslas, hobiju un skolas preces","publisher":{"@id":"https:\/\/hobstop.ee\/lv\/#organization"},"potentialAction":[{"@type":"SearchAction","target":{"@type":"EntryPoint","urlTemplate":"https:\/\/hobstop.ee\/lv\/?s={search_term_string}"},"query-input":{"@type":"PropertyValueSpecification","valueRequired":true,"valueName":"search_term_string"}}],"inLanguage":"lv-LV"},{"@type":"Organization","@id":"https:\/\/hobstop.ee\/lv\/#organization","name":"Vunder AS","url":"https:\/\/hobstop.ee\/lv\/","logo":{"@type":"ImageObject","inLanguage":"lv-LV","@id":"https:\/\/hobstop.ee\/lv\/#\/schema\/logo\/image\/","url":"https:\/\/hobstop.ee\/media\/vunder-logo.png","contentUrl":"https:\/\/hobstop.ee\/media\/vunder-logo.png","width":127,"height":55,"caption":"Vunder AS"},"image":{"@id":"https:\/\/hobstop.ee\/lv\/#\/schema\/logo\/image\/"},"sameAs":["http:\/\/www.facebook.com\/VunderSkizze"]}]}},"_links":{"self":[{"href":"https:\/\/hobstop.ee\/lv\/wp-json\/wp\/v2\/product\/24345","targetHints":{"allow":["GET"]}}],"collection":[{"href":"https:\/\/hobstop.ee\/lv\/wp-json\/wp\/v2\/product"}],"about":[{"href":"https:\/\/hobstop.ee\/lv\/wp-json\/wp\/v2\/types\/product"}],"replies":[{"embeddable":true,"href":"https:\/\/hobstop.ee\/lv\/wp-json\/wp\/v2\/comments?post=24345"}],"wp:featuredmedia":[{"embeddable":true,"href":"https:\/\/hobstop.ee\/lv\/wp-json\/wp\/v2\/media\/104622"}],"wp:attachment":[{"href":"https:\/\/hobstop.ee\/lv\/wp-json\/wp\/v2\/media?parent=24345"}],"wp:term":[{"taxonomy":"product_cat","embeddable":true,"href":"https:\/\/hobstop.ee\/lv\/wp-json\/wp\/v2\/product_cat?post=24345"},{"taxonomy":"product_tag","embeddable":true,"href":"https:\/\/hobstop.ee\/lv\/wp-json\/wp\/v2\/product_tag?post=24345"}],"curies":[{"name":"wp","href":"https:\/\/api.w.org\/{rel}","templated":true}]}}