{"id":24347,"date":"2014-12-09T12:58:51","date_gmt":"2014-12-09T10:58:51","guid":{"rendered":"https:\/\/sharks.ee\/vunder_2019.klient.veebimajutus.ee\/?post_type=product&#038;p=24347"},"modified":"2014-12-09T12:58:51","modified_gmt":"2014-12-09T10:58:51","slug":"aplikaciju-papira-bloks-lotte","status":"publish","type":"product","link":"https:\/\/hobstop.ee\/lv\/produkts\/aplikaciju-papira-bloks-lotte\/","title":{"rendered":"Aplik\u0101ciju pap\u012bra bloks Lotte"},"content":{"rendered":"<p>Kr\u0101sain\u0101 pap\u012bra bloks ar jautr\u0101s un zin\u0101tk\u0101r\u0101s su\u0146u meitenes Lotes tematiku.  Pap\u012brs ar virsmas apdruku.<\/p>\n","protected":false},"excerpt":{"rendered":"<p>Kr\u0101sain\u0101 pap\u012bra bloks ar jautr\u0101s un zin\u0101tk\u0101r\u0101s su\u0146u meitenes Lotes tematiku. Pap\u012brs ar virsmas apdruku.<\/p>\n","protected":false},"featured_media":104626,"comment_status":"closed","ping_status":"closed","template":"","meta":{"_acf_changed":false,"ep_exclude_from_search":false},"product_cat":[18445,17921,18940],"product_tag":[],"class_list":{"0":"post-24347","1":"product","2":"type-product","3":"status-publish","4":"has-post-thumbnail","6":"product_cat-krasainais-papirs","7":"product_cat-papira-izstradajumi","8":"product_cat-preces-skolai-3","10":"first","11":"instock","12":"taxable","13":"shipping-taxable","14":"purchasable","15":"product-type-variable"},"acf":[],"yoast_head":"<!-- This site is optimized with the Yoast SEO plugin v24.1 - https:\/\/yoast.com\/wordpress\/plugins\/seo\/ -->\n<title>Aplik\u0101ciju pap\u012bra bloks Lotte &#8211; Skizze<\/title>\n<meta name=\"robots\" content=\"noindex, follow, max-snippet:-1, max-image-preview:large, max-video-preview:-1\" \/>\n<meta property=\"og:locale\" content=\"lv_LV\" \/>\n<meta property=\"og:type\" content=\"article\" \/>\n<meta property=\"og:title\" content=\"Aplik\u0101ciju pap\u012bra bloks Lotte &#8211; Skizze\" \/>\n<meta property=\"og:description\" content=\"Kr\u0101sain\u0101 pap\u012bra bloks ar jautr\u0101s un zin\u0101tk\u0101r\u0101s su\u0146u meitenes Lotes tematiku. Pap\u012brs ar virsmas apdruku.\" \/>\n<meta property=\"og:url\" content=\"https:\/\/hobstop.ee\/lv\/produkts\/aplikaciju-papira-bloks-lotte\/\" \/>\n<meta property=\"og:site_name\" content=\"Skizze\" \/>\n<meta property=\"article:publisher\" content=\"http:\/\/www.facebook.com\/VunderSkizze\" \/>\n<meta property=\"og:image\" content=\"https:\/\/www.hobstop.ee\/media\/2377.jpg\" \/>\n\t<meta property=\"og:image:width\" content=\"1024\" \/>\n\t<meta property=\"og:image:height\" content=\"768\" \/>\n\t<meta property=\"og:image:type\" content=\"image\/jpeg\" \/>\n<meta name=\"twitter:card\" content=\"summary_large_image\" \/>\n<script type=\"application\/ld+json\" class=\"yoast-schema-graph\">{\"@context\":\"https:\/\/schema.org\",\"@graph\":[{\"@type\":\"WebPage\",\"@id\":\"https:\/\/hobstop.ee\/lv\/produkts\/aplikaciju-papira-bloks-lotte\/\",\"url\":\"https:\/\/hobstop.ee\/lv\/produkts\/aplikaciju-papira-bloks-lotte\/\",\"name\":\"Aplik\u0101ciju pap\u012bra bloks Lotte &#8211; Skizze\",\"isPartOf\":{\"@id\":\"https:\/\/hobstop.ee\/lv\/#website\"},\"primaryImageOfPage\":{\"@id\":\"https:\/\/hobstop.ee\/lv\/produkts\/aplikaciju-papira-bloks-lotte\/#primaryimage\"},\"image\":{\"@id\":\"https:\/\/hobstop.ee\/lv\/produkts\/aplikaciju-papira-bloks-lotte\/#primaryimage\"},\"thumbnailUrl\":\"https:\/\/hobstop.ee\/media\/2377.jpg\",\"datePublished\":\"2014-12-09T10:58:51+00:00\",\"dateModified\":\"2014-12-09T10:58:51+00:00\",\"breadcrumb\":{\"@id\":\"https:\/\/hobstop.ee\/lv\/produkts\/aplikaciju-papira-bloks-lotte\/#breadcrumb\"},\"inLanguage\":\"lv-LV\",\"potentialAction\":[{\"@type\":\"ReadAction\",\"target\":[\"https:\/\/hobstop.ee\/lv\/produkts\/aplikaciju-papira-bloks-lotte\/\"]}]},{\"@type\":\"ImageObject\",\"inLanguage\":\"lv-LV\",\"@id\":\"https:\/\/hobstop.ee\/lv\/produkts\/aplikaciju-papira-bloks-lotte\/#primaryimage\",\"url\":\"https:\/\/hobstop.ee\/media\/2377.jpg\",\"contentUrl\":\"https:\/\/hobstop.ee\/media\/2377.jpg\",\"width\":1024,\"height\":768},{\"@type\":\"BreadcrumbList\",\"@id\":\"https:\/\/hobstop.ee\/lv\/produkts\/aplikaciju-papira-bloks-lotte\/#breadcrumb\",\"itemListElement\":[{\"@type\":\"ListItem\",\"position\":1,\"name\":\"Avaleht\",\"item\":\"https:\/\/www.hobstop.ee\/lv\/\"},{\"@type\":\"ListItem\",\"position\":2,\"name\":\"Veikals\",\"item\":\"https:\/\/www.hobstop.ee\/lv\/veikals\/\"},{\"@type\":\"ListItem\",\"position\":3,\"name\":\"Aplik\u0101ciju pap\u012bra bloks Lotte\"}]},{\"@type\":\"WebSite\",\"@id\":\"https:\/\/hobstop.ee\/lv\/#website\",\"url\":\"https:\/\/hobstop.ee\/lv\/\",\"name\":\"Skizze\",\"description\":\"M\u0101kslas, hobiju un skolas preces\",\"publisher\":{\"@id\":\"https:\/\/hobstop.ee\/lv\/#organization\"},\"potentialAction\":[{\"@type\":\"SearchAction\",\"target\":{\"@type\":\"EntryPoint\",\"urlTemplate\":\"https:\/\/hobstop.ee\/lv\/?s={search_term_string}\"},\"query-input\":{\"@type\":\"PropertyValueSpecification\",\"valueRequired\":true,\"valueName\":\"search_term_string\"}}],\"inLanguage\":\"lv-LV\"},{\"@type\":\"Organization\",\"@id\":\"https:\/\/hobstop.ee\/lv\/#organization\",\"name\":\"Vunder AS\",\"url\":\"https:\/\/hobstop.ee\/lv\/\",\"logo\":{\"@type\":\"ImageObject\",\"inLanguage\":\"lv-LV\",\"@id\":\"https:\/\/hobstop.ee\/lv\/#\/schema\/logo\/image\/\",\"url\":\"https:\/\/hobstop.ee\/media\/vunder-logo.png\",\"contentUrl\":\"https:\/\/hobstop.ee\/media\/vunder-logo.png\",\"width\":127,\"height\":55,\"caption\":\"Vunder AS\"},\"image\":{\"@id\":\"https:\/\/hobstop.ee\/lv\/#\/schema\/logo\/image\/\"},\"sameAs\":[\"http:\/\/www.facebook.com\/VunderSkizze\"]}]}<\/script>\n<!-- \/ Yoast SEO plugin. -->","yoast_head_json":{"title":"Aplik\u0101ciju pap\u012bra bloks Lotte &#8211; Skizze","robots":{"index":"noindex","follow":"follow","max-snippet":"max-snippet:-1","max-image-preview":"max-image-preview:large","max-video-preview":"max-video-preview:-1"},"og_locale":"lv_LV","og_type":"article","og_title":"Aplik\u0101ciju pap\u012bra bloks Lotte &#8211; Skizze","og_description":"Kr\u0101sain\u0101 pap\u012bra bloks ar jautr\u0101s un zin\u0101tk\u0101r\u0101s su\u0146u meitenes Lotes tematiku. Pap\u012brs ar virsmas apdruku.","og_url":"https:\/\/hobstop.ee\/lv\/produkts\/aplikaciju-papira-bloks-lotte\/","og_site_name":"Skizze","article_publisher":"http:\/\/www.facebook.com\/VunderSkizze","og_image":[{"width":1024,"height":768,"url":"https:\/\/www.hobstop.ee\/media\/2377.jpg","type":"image\/jpeg"}],"twitter_card":"summary_large_image","schema":{"@context":"https:\/\/schema.org","@graph":[{"@type":"WebPage","@id":"https:\/\/hobstop.ee\/lv\/produkts\/aplikaciju-papira-bloks-lotte\/","url":"https:\/\/hobstop.ee\/lv\/produkts\/aplikaciju-papira-bloks-lotte\/","name":"Aplik\u0101ciju pap\u012bra bloks Lotte &#8211; Skizze","isPartOf":{"@id":"https:\/\/hobstop.ee\/lv\/#website"},"primaryImageOfPage":{"@id":"https:\/\/hobstop.ee\/lv\/produkts\/aplikaciju-papira-bloks-lotte\/#primaryimage"},"image":{"@id":"https:\/\/hobstop.ee\/lv\/produkts\/aplikaciju-papira-bloks-lotte\/#primaryimage"},"thumbnailUrl":"https:\/\/hobstop.ee\/media\/2377.jpg","datePublished":"2014-12-09T10:58:51+00:00","dateModified":"2014-12-09T10:58:51+00:00","breadcrumb":{"@id":"https:\/\/hobstop.ee\/lv\/produkts\/aplikaciju-papira-bloks-lotte\/#breadcrumb"},"inLanguage":"lv-LV","potentialAction":[{"@type":"ReadAction","target":["https:\/\/hobstop.ee\/lv\/produkts\/aplikaciju-papira-bloks-lotte\/"]}]},{"@type":"ImageObject","inLanguage":"lv-LV","@id":"https:\/\/hobstop.ee\/lv\/produkts\/aplikaciju-papira-bloks-lotte\/#primaryimage","url":"https:\/\/hobstop.ee\/media\/2377.jpg","contentUrl":"https:\/\/hobstop.ee\/media\/2377.jpg","width":1024,"height":768},{"@type":"BreadcrumbList","@id":"https:\/\/hobstop.ee\/lv\/produkts\/aplikaciju-papira-bloks-lotte\/#breadcrumb","itemListElement":[{"@type":"ListItem","position":1,"name":"Avaleht","item":"https:\/\/www.hobstop.ee\/lv\/"},{"@type":"ListItem","position":2,"name":"Veikals","item":"https:\/\/www.hobstop.ee\/lv\/veikals\/"},{"@type":"ListItem","position":3,"name":"Aplik\u0101ciju pap\u012bra bloks Lotte"}]},{"@type":"WebSite","@id":"https:\/\/hobstop.ee\/lv\/#website","url":"https:\/\/hobstop.ee\/lv\/","name":"Skizze","description":"M\u0101kslas, hobiju un skolas preces","publisher":{"@id":"https:\/\/hobstop.ee\/lv\/#organization"},"potentialAction":[{"@type":"SearchAction","target":{"@type":"EntryPoint","urlTemplate":"https:\/\/hobstop.ee\/lv\/?s={search_term_string}"},"query-input":{"@type":"PropertyValueSpecification","valueRequired":true,"valueName":"search_term_string"}}],"inLanguage":"lv-LV"},{"@type":"Organization","@id":"https:\/\/hobstop.ee\/lv\/#organization","name":"Vunder AS","url":"https:\/\/hobstop.ee\/lv\/","logo":{"@type":"ImageObject","inLanguage":"lv-LV","@id":"https:\/\/hobstop.ee\/lv\/#\/schema\/logo\/image\/","url":"https:\/\/hobstop.ee\/media\/vunder-logo.png","contentUrl":"https:\/\/hobstop.ee\/media\/vunder-logo.png","width":127,"height":55,"caption":"Vunder AS"},"image":{"@id":"https:\/\/hobstop.ee\/lv\/#\/schema\/logo\/image\/"},"sameAs":["http:\/\/www.facebook.com\/VunderSkizze"]}]}},"_links":{"self":[{"href":"https:\/\/hobstop.ee\/lv\/wp-json\/wp\/v2\/product\/24347","targetHints":{"allow":["GET"]}}],"collection":[{"href":"https:\/\/hobstop.ee\/lv\/wp-json\/wp\/v2\/product"}],"about":[{"href":"https:\/\/hobstop.ee\/lv\/wp-json\/wp\/v2\/types\/product"}],"replies":[{"embeddable":true,"href":"https:\/\/hobstop.ee\/lv\/wp-json\/wp\/v2\/comments?post=24347"}],"wp:featuredmedia":[{"embeddable":true,"href":"https:\/\/hobstop.ee\/lv\/wp-json\/wp\/v2\/media\/104626"}],"wp:attachment":[{"href":"https:\/\/hobstop.ee\/lv\/wp-json\/wp\/v2\/media?parent=24347"}],"wp:term":[{"taxonomy":"product_cat","embeddable":true,"href":"https:\/\/hobstop.ee\/lv\/wp-json\/wp\/v2\/product_cat?post=24347"},{"taxonomy":"product_tag","embeddable":true,"href":"https:\/\/hobstop.ee\/lv\/wp-json\/wp\/v2\/product_tag?post=24347"}],"curies":[{"name":"wp","href":"https:\/\/api.w.org\/{rel}","templated":true}]}}