{"id":24353,"date":"2014-12-09T12:58:54","date_gmt":"2014-12-09T10:58:54","guid":{"rendered":"https:\/\/sharks.ee\/vunder_2019.klient.veebimajutus.ee\/?post_type=product&#038;p=24353"},"modified":"2014-12-09T12:58:54","modified_gmt":"2014-12-09T10:58:54","slug":"ota-raphael-impasto-8782-filbert","status":"publish","type":"product","link":"https:\/\/hobstop.ee\/lv\/produkts\/ota-raphael-impasto-8782-filbert\/","title":{"rendered":"Ota Raphael Impasto 8782 filbert"},"content":{"rendered":"<p>Raphael Impasto izmanto dab\u012bgos v\u0113r\u0161a ausu sarus, lai izgatavotu \u013coti iztur\u012bgas otas. Pateicoties \u0161\u0137iedru kvalit\u0101tei, ir rasts lielisks kompromiss starp izteikti m\u012bkstiem un maksim\u0101li cietiem sariem. Otu maigais piesk\u0101riens var tikt izmantots, lai veidotu ton\u0113jumus, kr\u0101su k\u0101rtas un pie\u0161\u0137irtu formu. \u0160\u012bs otas ir \u013coti popul\u0101ras m\u0101kslinieku vid\u016b un piem\u0113rotas visa veida kr\u0101s\u0101m. Ni\u0137e\u013ca-misi\u0146a sakaus\u0113juma uzgalis, gar\u0161 rokturis b\u0113\u0161\u0101 kr\u0101s\u0101, br\u016bns gali\u0146\u0161.<br \/>\nGlezno\u0161anas tehnika: e\u013c\u013cas kr\u0101sas<br \/>\nPielietojums: uz mode\u013ciem, uzkl\u0101\u0161anai uz neliel\u0101m, kr\u0101sot\u0101m virsm\u0101m un laz\u0113\u0161anai<\/p>\n","protected":false},"excerpt":{"rendered":"<p>Raphael Impasto izmanto dab\u012bgos v\u0113r\u0161a ausu sarus, lai izgatavotu \u013coti iztur\u012bgas otas. Pateicoties \u0161\u0137iedru kvalit\u0101tei, ir rasts lielisks kompromiss starp izteikti m\u012bkstiem un maksim\u0101li cietiem sariem. Otu maigais piesk\u0101riens var tikt izmantots, lai veidotu ton\u0113jumus, kr\u0101su k\u0101rtas un pie\u0161\u0137irtu formu. \u0160\u012bs otas ir \u013coti popul\u0101ras m\u0101kslinieku vid\u016b un piem\u0113rotas visa veida kr\u0101s\u0101m. Ni\u0137e\u013ca-misi\u0146a sakaus\u0113juma uzgalis, gar\u0161 rokturis b\u0113\u0161\u0101 kr\u0101s\u0101, br\u016bns gali\u0146\u0161. Glezno\u0161anas tehnika: e\u013c\u013cas kr\u0101sas Pielietojums: uz mode\u013ciem, uzkl\u0101\u0161anai uz neliel\u0101m, kr\u0101sot\u0101m virsm\u0101m un laz\u0113\u0161anai<\/p>\n","protected":false},"featured_media":119627,"comment_status":"closed","ping_status":"closed","template":"","meta":{"_acf_changed":false,"ep_exclude_from_search":false},"product_cat":[16123,18650,18381],"product_tag":[],"class_list":{"0":"post-24353","1":"product","2":"type-product","3":"status-publish","4":"has-post-thumbnail","6":"product_cat-makslas-piederumi-2","7":"product_cat-otas-un-piederumi","8":"product_cat-versa-otas","10":"first","11":"outofstock","12":"sale","13":"taxable","14":"shipping-taxable","15":"purchasable","16":"product-type-variable"},"acf":[],"yoast_head":"<!-- This site is optimized with the Yoast SEO plugin v24.1 - https:\/\/yoast.com\/wordpress\/plugins\/seo\/ -->\n<title>Ota Raphael Impasto 8782 filbert &#8211; Skizze<\/title>\n<meta name=\"robots\" content=\"noindex, follow, max-snippet:-1, max-image-preview:large, max-video-preview:-1\" \/>\n<meta property=\"og:locale\" content=\"lv_LV\" \/>\n<meta property=\"og:type\" content=\"article\" \/>\n<meta property=\"og:title\" content=\"Ota Raphael Impasto 8782 filbert &#8211; Skizze\" \/>\n<meta property=\"og:description\" content=\"Raphael Impasto izmanto dab\u012bgos v\u0113r\u0161a ausu sarus, lai izgatavotu \u013coti iztur\u012bgas otas. Pateicoties \u0161\u0137iedru kvalit\u0101tei, ir rasts lielisks kompromiss starp izteikti m\u012bkstiem un maksim\u0101li cietiem sariem. Otu maigais piesk\u0101riens var tikt izmantots, lai veidotu ton\u0113jumus, kr\u0101su k\u0101rtas un pie\u0161\u0137irtu formu. \u0160\u012bs otas ir \u013coti popul\u0101ras m\u0101kslinieku vid\u016b un piem\u0113rotas visa veida kr\u0101s\u0101m. Ni\u0137e\u013ca-misi\u0146a sakaus\u0113juma uzgalis, gar\u0161 rokturis b\u0113\u0161\u0101 kr\u0101s\u0101, br\u016bns gali\u0146\u0161. Glezno\u0161anas tehnika: e\u013c\u013cas kr\u0101sas Pielietojums: uz mode\u013ciem, uzkl\u0101\u0161anai uz neliel\u0101m, kr\u0101sot\u0101m virsm\u0101m un laz\u0113\u0161anai\" \/>\n<meta property=\"og:url\" content=\"https:\/\/hobstop.ee\/lv\/produkts\/ota-raphael-impasto-8782-filbert\/\" \/>\n<meta property=\"og:site_name\" content=\"Skizze\" \/>\n<meta property=\"article:publisher\" content=\"http:\/\/www.facebook.com\/VunderSkizze\" \/>\n<meta property=\"og:image\" content=\"https:\/\/hobstop.ee\/media\/2380.jpg\" \/>\n\t<meta property=\"og:image:width\" content=\"1024\" \/>\n\t<meta property=\"og:image:height\" content=\"768\" \/>\n\t<meta property=\"og:image:type\" content=\"image\/jpeg\" \/>\n<meta name=\"twitter:card\" content=\"summary_large_image\" \/>\n<meta name=\"twitter:label1\" content=\"Est. reading time\" \/>\n\t<meta name=\"twitter:data1\" content=\"1 min\u016b\u0161u\" \/>\n<script type=\"application\/ld+json\" class=\"yoast-schema-graph\">{\"@context\":\"https:\/\/schema.org\",\"@graph\":[{\"@type\":\"WebPage\",\"@id\":\"https:\/\/hobstop.ee\/lv\/produkts\/ota-raphael-impasto-8782-filbert\/\",\"url\":\"https:\/\/hobstop.ee\/lv\/produkts\/ota-raphael-impasto-8782-filbert\/\",\"name\":\"Ota Raphael Impasto 8782 filbert &#8211; Skizze\",\"isPartOf\":{\"@id\":\"https:\/\/hobstop.ee\/lv\/#website\"},\"primaryImageOfPage\":{\"@id\":\"https:\/\/hobstop.ee\/lv\/produkts\/ota-raphael-impasto-8782-filbert\/#primaryimage\"},\"image\":{\"@id\":\"https:\/\/hobstop.ee\/lv\/produkts\/ota-raphael-impasto-8782-filbert\/#primaryimage\"},\"thumbnailUrl\":\"https:\/\/hobstop.ee\/media\/2380.jpg\",\"datePublished\":\"2014-12-09T10:58:54+00:00\",\"dateModified\":\"2014-12-09T10:58:54+00:00\",\"breadcrumb\":{\"@id\":\"https:\/\/hobstop.ee\/lv\/produkts\/ota-raphael-impasto-8782-filbert\/#breadcrumb\"},\"inLanguage\":\"lv-LV\",\"potentialAction\":[{\"@type\":\"ReadAction\",\"target\":[\"https:\/\/hobstop.ee\/lv\/produkts\/ota-raphael-impasto-8782-filbert\/\"]}]},{\"@type\":\"ImageObject\",\"inLanguage\":\"lv-LV\",\"@id\":\"https:\/\/hobstop.ee\/lv\/produkts\/ota-raphael-impasto-8782-filbert\/#primaryimage\",\"url\":\"https:\/\/hobstop.ee\/media\/2380.jpg\",\"contentUrl\":\"https:\/\/hobstop.ee\/media\/2380.jpg\",\"width\":1024,\"height\":768},{\"@type\":\"BreadcrumbList\",\"@id\":\"https:\/\/hobstop.ee\/lv\/produkts\/ota-raphael-impasto-8782-filbert\/#breadcrumb\",\"itemListElement\":[{\"@type\":\"ListItem\",\"position\":1,\"name\":\"Avaleht\",\"item\":\"https:\/\/www.hobstop.ee\/lv\/\"},{\"@type\":\"ListItem\",\"position\":2,\"name\":\"Veikals\",\"item\":\"https:\/\/www.hobstop.ee\/lv\/veikals\/\"},{\"@type\":\"ListItem\",\"position\":3,\"name\":\"Ota Raphael Impasto 8782 filbert\"}]},{\"@type\":\"WebSite\",\"@id\":\"https:\/\/hobstop.ee\/lv\/#website\",\"url\":\"https:\/\/hobstop.ee\/lv\/\",\"name\":\"Skizze\",\"description\":\"M\u0101kslas, hobiju un skolas preces\",\"publisher\":{\"@id\":\"https:\/\/hobstop.ee\/lv\/#organization\"},\"potentialAction\":[{\"@type\":\"SearchAction\",\"target\":{\"@type\":\"EntryPoint\",\"urlTemplate\":\"https:\/\/hobstop.ee\/lv\/?s={search_term_string}\"},\"query-input\":{\"@type\":\"PropertyValueSpecification\",\"valueRequired\":true,\"valueName\":\"search_term_string\"}}],\"inLanguage\":\"lv-LV\"},{\"@type\":\"Organization\",\"@id\":\"https:\/\/hobstop.ee\/lv\/#organization\",\"name\":\"Vunder AS\",\"url\":\"https:\/\/hobstop.ee\/lv\/\",\"logo\":{\"@type\":\"ImageObject\",\"inLanguage\":\"lv-LV\",\"@id\":\"https:\/\/hobstop.ee\/lv\/#\/schema\/logo\/image\/\",\"url\":\"https:\/\/hobstop.ee\/media\/vunder-logo.png\",\"contentUrl\":\"https:\/\/hobstop.ee\/media\/vunder-logo.png\",\"width\":127,\"height\":55,\"caption\":\"Vunder AS\"},\"image\":{\"@id\":\"https:\/\/hobstop.ee\/lv\/#\/schema\/logo\/image\/\"},\"sameAs\":[\"http:\/\/www.facebook.com\/VunderSkizze\"]}]}<\/script>\n<!-- \/ Yoast SEO plugin. -->","yoast_head_json":{"title":"Ota Raphael Impasto 8782 filbert &#8211; Skizze","robots":{"index":"noindex","follow":"follow","max-snippet":"max-snippet:-1","max-image-preview":"max-image-preview:large","max-video-preview":"max-video-preview:-1"},"og_locale":"lv_LV","og_type":"article","og_title":"Ota Raphael Impasto 8782 filbert &#8211; Skizze","og_description":"Raphael Impasto izmanto dab\u012bgos v\u0113r\u0161a ausu sarus, lai izgatavotu \u013coti iztur\u012bgas otas. Pateicoties \u0161\u0137iedru kvalit\u0101tei, ir rasts lielisks kompromiss starp izteikti m\u012bkstiem un maksim\u0101li cietiem sariem. Otu maigais piesk\u0101riens var tikt izmantots, lai veidotu ton\u0113jumus, kr\u0101su k\u0101rtas un pie\u0161\u0137irtu formu. \u0160\u012bs otas ir \u013coti popul\u0101ras m\u0101kslinieku vid\u016b un piem\u0113rotas visa veida kr\u0101s\u0101m. Ni\u0137e\u013ca-misi\u0146a sakaus\u0113juma uzgalis, gar\u0161 rokturis b\u0113\u0161\u0101 kr\u0101s\u0101, br\u016bns gali\u0146\u0161. Glezno\u0161anas tehnika: e\u013c\u013cas kr\u0101sas Pielietojums: uz mode\u013ciem, uzkl\u0101\u0161anai uz neliel\u0101m, kr\u0101sot\u0101m virsm\u0101m un laz\u0113\u0161anai","og_url":"https:\/\/hobstop.ee\/lv\/produkts\/ota-raphael-impasto-8782-filbert\/","og_site_name":"Skizze","article_publisher":"http:\/\/www.facebook.com\/VunderSkizze","og_image":[{"width":1024,"height":768,"url":"https:\/\/hobstop.ee\/media\/2380.jpg","type":"image\/jpeg"}],"twitter_card":"summary_large_image","twitter_misc":{"Est. reading time":"1 min\u016b\u0161u"},"schema":{"@context":"https:\/\/schema.org","@graph":[{"@type":"WebPage","@id":"https:\/\/hobstop.ee\/lv\/produkts\/ota-raphael-impasto-8782-filbert\/","url":"https:\/\/hobstop.ee\/lv\/produkts\/ota-raphael-impasto-8782-filbert\/","name":"Ota Raphael Impasto 8782 filbert &#8211; Skizze","isPartOf":{"@id":"https:\/\/hobstop.ee\/lv\/#website"},"primaryImageOfPage":{"@id":"https:\/\/hobstop.ee\/lv\/produkts\/ota-raphael-impasto-8782-filbert\/#primaryimage"},"image":{"@id":"https:\/\/hobstop.ee\/lv\/produkts\/ota-raphael-impasto-8782-filbert\/#primaryimage"},"thumbnailUrl":"https:\/\/hobstop.ee\/media\/2380.jpg","datePublished":"2014-12-09T10:58:54+00:00","dateModified":"2014-12-09T10:58:54+00:00","breadcrumb":{"@id":"https:\/\/hobstop.ee\/lv\/produkts\/ota-raphael-impasto-8782-filbert\/#breadcrumb"},"inLanguage":"lv-LV","potentialAction":[{"@type":"ReadAction","target":["https:\/\/hobstop.ee\/lv\/produkts\/ota-raphael-impasto-8782-filbert\/"]}]},{"@type":"ImageObject","inLanguage":"lv-LV","@id":"https:\/\/hobstop.ee\/lv\/produkts\/ota-raphael-impasto-8782-filbert\/#primaryimage","url":"https:\/\/hobstop.ee\/media\/2380.jpg","contentUrl":"https:\/\/hobstop.ee\/media\/2380.jpg","width":1024,"height":768},{"@type":"BreadcrumbList","@id":"https:\/\/hobstop.ee\/lv\/produkts\/ota-raphael-impasto-8782-filbert\/#breadcrumb","itemListElement":[{"@type":"ListItem","position":1,"name":"Avaleht","item":"https:\/\/www.hobstop.ee\/lv\/"},{"@type":"ListItem","position":2,"name":"Veikals","item":"https:\/\/www.hobstop.ee\/lv\/veikals\/"},{"@type":"ListItem","position":3,"name":"Ota Raphael Impasto 8782 filbert"}]},{"@type":"WebSite","@id":"https:\/\/hobstop.ee\/lv\/#website","url":"https:\/\/hobstop.ee\/lv\/","name":"Skizze","description":"M\u0101kslas, hobiju un skolas preces","publisher":{"@id":"https:\/\/hobstop.ee\/lv\/#organization"},"potentialAction":[{"@type":"SearchAction","target":{"@type":"EntryPoint","urlTemplate":"https:\/\/hobstop.ee\/lv\/?s={search_term_string}"},"query-input":{"@type":"PropertyValueSpecification","valueRequired":true,"valueName":"search_term_string"}}],"inLanguage":"lv-LV"},{"@type":"Organization","@id":"https:\/\/hobstop.ee\/lv\/#organization","name":"Vunder AS","url":"https:\/\/hobstop.ee\/lv\/","logo":{"@type":"ImageObject","inLanguage":"lv-LV","@id":"https:\/\/hobstop.ee\/lv\/#\/schema\/logo\/image\/","url":"https:\/\/hobstop.ee\/media\/vunder-logo.png","contentUrl":"https:\/\/hobstop.ee\/media\/vunder-logo.png","width":127,"height":55,"caption":"Vunder AS"},"image":{"@id":"https:\/\/hobstop.ee\/lv\/#\/schema\/logo\/image\/"},"sameAs":["http:\/\/www.facebook.com\/VunderSkizze"]}]}},"_links":{"self":[{"href":"https:\/\/hobstop.ee\/lv\/wp-json\/wp\/v2\/product\/24353","targetHints":{"allow":["GET"]}}],"collection":[{"href":"https:\/\/hobstop.ee\/lv\/wp-json\/wp\/v2\/product"}],"about":[{"href":"https:\/\/hobstop.ee\/lv\/wp-json\/wp\/v2\/types\/product"}],"replies":[{"embeddable":true,"href":"https:\/\/hobstop.ee\/lv\/wp-json\/wp\/v2\/comments?post=24353"}],"wp:featuredmedia":[{"embeddable":true,"href":"https:\/\/hobstop.ee\/lv\/wp-json\/wp\/v2\/media\/119627"}],"wp:attachment":[{"href":"https:\/\/hobstop.ee\/lv\/wp-json\/wp\/v2\/media?parent=24353"}],"wp:term":[{"taxonomy":"product_cat","embeddable":true,"href":"https:\/\/hobstop.ee\/lv\/wp-json\/wp\/v2\/product_cat?post=24353"},{"taxonomy":"product_tag","embeddable":true,"href":"https:\/\/hobstop.ee\/lv\/wp-json\/wp\/v2\/product_tag?post=24353"}],"curies":[{"name":"wp","href":"https:\/\/api.w.org\/{rel}","templated":true}]}}