{"id":243596,"date":"2015-12-22T11:29:54","date_gmt":"2015-12-22T09:29:54","guid":{"rendered":"http:\/\/www.vunder.ee\/lv\/product\/veidosanas-masa-apli-fun-dough-28g\/"},"modified":"2015-12-22T11:29:54","modified_gmt":"2015-12-22T09:29:54","slug":"veidosanas-masa-apli-fun-dough-28g","status":"publish","type":"product","link":"https:\/\/hobstop.ee\/lv\/produkts\/veidosanas-masa-apli-fun-dough-28g\/","title":{"rendered":"Veido\u0161anas masa Apli Fun Dough 28g"},"content":{"rendered":"<p>Apli Fun Dough ir veido\u0161anas masa, kas gaisa kl\u0101tb\u016btn\u0113 iz\u017e\u016bst, ir m\u012bksta, viegli veidojama un nesaplais\u0101. Kr\u0101su to\u0146us ir viegli savstarp\u0113ji sajaukt, rezult\u0101ts ir gluds un z\u012bdaini m\u012bksts. Nenosm\u0113r\u0113 rokas un darba virsmu. Ide\u0101li piem\u0113rota b\u0113rnu roku kust\u012bbu prasmju un izt\u0113les att\u012bst\u012bbai. Komplekt\u0101 ietilpst da\u017e\u0101du kr\u0101su veido\u0161anas masas un pal\u012bgr\u012bki, lai izveidotu att\u0113l\u0101 redzamo fig\u016bru.<\/p>\n","protected":false},"excerpt":{"rendered":"<p>Apli Fun Dough ir veido\u0161anas masa, kas gaisa kl\u0101tb\u016btn\u0113 iz\u017e\u016bst, ir m\u012bksta, viegli veidojama un nesaplais\u0101. Kr\u0101su to\u0146us ir viegli savstarp\u0113ji sajaukt, rezult\u0101ts ir gluds un z\u012bdaini m\u012bksts. Nenosm\u0113r\u0113 rokas un darba virsmu. Ide\u0101li piem\u0113rota b\u0113rnu roku kust\u012bbu prasmju un izt\u0113les att\u012bst\u012bbai. Komplekt\u0101 ietilpst da\u017e\u0101du kr\u0101su veido\u0161anas masas un pal\u012bgr\u012bki, lai izveidotu att\u0113l\u0101 redzamo fig\u016bru.<\/p>\n","protected":false},"featured_media":0,"comment_status":"closed","ping_status":"closed","template":"","meta":{"_acf_changed":false,"ep_exclude_from_search":false},"product_cat":[20095,17916,17951],"product_tag":[],"class_list":{"0":"post-243596","1":"product","2":"type-product","3":"status-publish","5":"product_cat-maziem-berniem","6":"product_cat-preces-skolai","7":"product_cat-veidosanas-masas-un-piederumi","9":"first","10":"instock","11":"taxable","12":"shipping-taxable","13":"purchasable","14":"product-type-simple"},"acf":[],"yoast_head":"<!-- This site is optimized with the Yoast SEO plugin v24.1 - https:\/\/yoast.com\/wordpress\/plugins\/seo\/ -->\n<title>Veido\u0161anas masa Apli Fun Dough 28g &#8211; Skizze<\/title>\n<meta name=\"robots\" content=\"noindex, follow, max-snippet:-1, max-image-preview:large, max-video-preview:-1\" \/>\n<meta property=\"og:locale\" content=\"lv_LV\" \/>\n<meta property=\"og:type\" content=\"article\" \/>\n<meta property=\"og:title\" content=\"Veido\u0161anas masa Apli Fun Dough 28g &#8211; Skizze\" \/>\n<meta property=\"og:description\" content=\"Apli Fun Dough ir veido\u0161anas masa, kas gaisa kl\u0101tb\u016btn\u0113 iz\u017e\u016bst, ir m\u012bksta, viegli veidojama un nesaplais\u0101. Kr\u0101su to\u0146us ir viegli savstarp\u0113ji sajaukt, rezult\u0101ts ir gluds un z\u012bdaini m\u012bksts. Nenosm\u0113r\u0113 rokas un darba virsmu. Ide\u0101li piem\u0113rota b\u0113rnu roku kust\u012bbu prasmju un izt\u0113les att\u012bst\u012bbai. Komplekt\u0101 ietilpst da\u017e\u0101du kr\u0101su veido\u0161anas masas un pal\u012bgr\u012bki, lai izveidotu att\u0113l\u0101 redzamo fig\u016bru.\" \/>\n<meta property=\"og:url\" content=\"https:\/\/hobstop.ee\/lv\/produkts\/veidosanas-masa-apli-fun-dough-28g\/\" \/>\n<meta property=\"og:site_name\" content=\"Skizze\" \/>\n<meta property=\"article:publisher\" content=\"http:\/\/www.facebook.com\/VunderSkizze\" \/>\n<meta name=\"twitter:card\" content=\"summary_large_image\" \/>\n<script type=\"application\/ld+json\" class=\"yoast-schema-graph\">{\"@context\":\"https:\/\/schema.org\",\"@graph\":[{\"@type\":\"WebPage\",\"@id\":\"https:\/\/hobstop.ee\/lv\/produkts\/veidosanas-masa-apli-fun-dough-28g\/\",\"url\":\"https:\/\/hobstop.ee\/lv\/produkts\/veidosanas-masa-apli-fun-dough-28g\/\",\"name\":\"Veido\u0161anas masa Apli Fun Dough 28g &#8211; Skizze\",\"isPartOf\":{\"@id\":\"https:\/\/hobstop.ee\/lv\/#website\"},\"datePublished\":\"2015-12-22T09:29:54+00:00\",\"dateModified\":\"2015-12-22T09:29:54+00:00\",\"breadcrumb\":{\"@id\":\"https:\/\/hobstop.ee\/lv\/produkts\/veidosanas-masa-apli-fun-dough-28g\/#breadcrumb\"},\"inLanguage\":\"lv-LV\",\"potentialAction\":[{\"@type\":\"ReadAction\",\"target\":[\"https:\/\/hobstop.ee\/lv\/produkts\/veidosanas-masa-apli-fun-dough-28g\/\"]}]},{\"@type\":\"BreadcrumbList\",\"@id\":\"https:\/\/hobstop.ee\/lv\/produkts\/veidosanas-masa-apli-fun-dough-28g\/#breadcrumb\",\"itemListElement\":[{\"@type\":\"ListItem\",\"position\":1,\"name\":\"Avaleht\",\"item\":\"https:\/\/www.hobstop.ee\/lv\/\"},{\"@type\":\"ListItem\",\"position\":2,\"name\":\"Veikals\",\"item\":\"https:\/\/www.hobstop.ee\/lv\/veikals\/\"},{\"@type\":\"ListItem\",\"position\":3,\"name\":\"Veido\u0161anas masa Apli Fun Dough 28g\"}]},{\"@type\":\"WebSite\",\"@id\":\"https:\/\/hobstop.ee\/lv\/#website\",\"url\":\"https:\/\/hobstop.ee\/lv\/\",\"name\":\"Skizze\",\"description\":\"M\u0101kslas, hobiju un skolas preces\",\"publisher\":{\"@id\":\"https:\/\/hobstop.ee\/lv\/#organization\"},\"potentialAction\":[{\"@type\":\"SearchAction\",\"target\":{\"@type\":\"EntryPoint\",\"urlTemplate\":\"https:\/\/hobstop.ee\/lv\/?s={search_term_string}\"},\"query-input\":{\"@type\":\"PropertyValueSpecification\",\"valueRequired\":true,\"valueName\":\"search_term_string\"}}],\"inLanguage\":\"lv-LV\"},{\"@type\":\"Organization\",\"@id\":\"https:\/\/hobstop.ee\/lv\/#organization\",\"name\":\"Vunder AS\",\"url\":\"https:\/\/hobstop.ee\/lv\/\",\"logo\":{\"@type\":\"ImageObject\",\"inLanguage\":\"lv-LV\",\"@id\":\"https:\/\/hobstop.ee\/lv\/#\/schema\/logo\/image\/\",\"url\":\"https:\/\/hobstop.ee\/media\/vunder-logo.png\",\"contentUrl\":\"https:\/\/hobstop.ee\/media\/vunder-logo.png\",\"width\":127,\"height\":55,\"caption\":\"Vunder AS\"},\"image\":{\"@id\":\"https:\/\/hobstop.ee\/lv\/#\/schema\/logo\/image\/\"},\"sameAs\":[\"http:\/\/www.facebook.com\/VunderSkizze\"]}]}<\/script>\n<!-- \/ Yoast SEO plugin. -->","yoast_head_json":{"title":"Veido\u0161anas masa Apli Fun Dough 28g &#8211; Skizze","robots":{"index":"noindex","follow":"follow","max-snippet":"max-snippet:-1","max-image-preview":"max-image-preview:large","max-video-preview":"max-video-preview:-1"},"og_locale":"lv_LV","og_type":"article","og_title":"Veido\u0161anas masa Apli Fun Dough 28g &#8211; Skizze","og_description":"Apli Fun Dough ir veido\u0161anas masa, kas gaisa kl\u0101tb\u016btn\u0113 iz\u017e\u016bst, ir m\u012bksta, viegli veidojama un nesaplais\u0101. Kr\u0101su to\u0146us ir viegli savstarp\u0113ji sajaukt, rezult\u0101ts ir gluds un z\u012bdaini m\u012bksts. Nenosm\u0113r\u0113 rokas un darba virsmu. Ide\u0101li piem\u0113rota b\u0113rnu roku kust\u012bbu prasmju un izt\u0113les att\u012bst\u012bbai. Komplekt\u0101 ietilpst da\u017e\u0101du kr\u0101su veido\u0161anas masas un pal\u012bgr\u012bki, lai izveidotu att\u0113l\u0101 redzamo fig\u016bru.","og_url":"https:\/\/hobstop.ee\/lv\/produkts\/veidosanas-masa-apli-fun-dough-28g\/","og_site_name":"Skizze","article_publisher":"http:\/\/www.facebook.com\/VunderSkizze","twitter_card":"summary_large_image","schema":{"@context":"https:\/\/schema.org","@graph":[{"@type":"WebPage","@id":"https:\/\/hobstop.ee\/lv\/produkts\/veidosanas-masa-apli-fun-dough-28g\/","url":"https:\/\/hobstop.ee\/lv\/produkts\/veidosanas-masa-apli-fun-dough-28g\/","name":"Veido\u0161anas masa Apli Fun Dough 28g &#8211; Skizze","isPartOf":{"@id":"https:\/\/hobstop.ee\/lv\/#website"},"datePublished":"2015-12-22T09:29:54+00:00","dateModified":"2015-12-22T09:29:54+00:00","breadcrumb":{"@id":"https:\/\/hobstop.ee\/lv\/produkts\/veidosanas-masa-apli-fun-dough-28g\/#breadcrumb"},"inLanguage":"lv-LV","potentialAction":[{"@type":"ReadAction","target":["https:\/\/hobstop.ee\/lv\/produkts\/veidosanas-masa-apli-fun-dough-28g\/"]}]},{"@type":"BreadcrumbList","@id":"https:\/\/hobstop.ee\/lv\/produkts\/veidosanas-masa-apli-fun-dough-28g\/#breadcrumb","itemListElement":[{"@type":"ListItem","position":1,"name":"Avaleht","item":"https:\/\/www.hobstop.ee\/lv\/"},{"@type":"ListItem","position":2,"name":"Veikals","item":"https:\/\/www.hobstop.ee\/lv\/veikals\/"},{"@type":"ListItem","position":3,"name":"Veido\u0161anas masa Apli Fun Dough 28g"}]},{"@type":"WebSite","@id":"https:\/\/hobstop.ee\/lv\/#website","url":"https:\/\/hobstop.ee\/lv\/","name":"Skizze","description":"M\u0101kslas, hobiju un skolas preces","publisher":{"@id":"https:\/\/hobstop.ee\/lv\/#organization"},"potentialAction":[{"@type":"SearchAction","target":{"@type":"EntryPoint","urlTemplate":"https:\/\/hobstop.ee\/lv\/?s={search_term_string}"},"query-input":{"@type":"PropertyValueSpecification","valueRequired":true,"valueName":"search_term_string"}}],"inLanguage":"lv-LV"},{"@type":"Organization","@id":"https:\/\/hobstop.ee\/lv\/#organization","name":"Vunder AS","url":"https:\/\/hobstop.ee\/lv\/","logo":{"@type":"ImageObject","inLanguage":"lv-LV","@id":"https:\/\/hobstop.ee\/lv\/#\/schema\/logo\/image\/","url":"https:\/\/hobstop.ee\/media\/vunder-logo.png","contentUrl":"https:\/\/hobstop.ee\/media\/vunder-logo.png","width":127,"height":55,"caption":"Vunder AS"},"image":{"@id":"https:\/\/hobstop.ee\/lv\/#\/schema\/logo\/image\/"},"sameAs":["http:\/\/www.facebook.com\/VunderSkizze"]}]}},"_links":{"self":[{"href":"https:\/\/hobstop.ee\/lv\/wp-json\/wp\/v2\/product\/243596","targetHints":{"allow":["GET"]}}],"collection":[{"href":"https:\/\/hobstop.ee\/lv\/wp-json\/wp\/v2\/product"}],"about":[{"href":"https:\/\/hobstop.ee\/lv\/wp-json\/wp\/v2\/types\/product"}],"replies":[{"embeddable":true,"href":"https:\/\/hobstop.ee\/lv\/wp-json\/wp\/v2\/comments?post=243596"}],"wp:attachment":[{"href":"https:\/\/hobstop.ee\/lv\/wp-json\/wp\/v2\/media?parent=243596"}],"wp:term":[{"taxonomy":"product_cat","embeddable":true,"href":"https:\/\/hobstop.ee\/lv\/wp-json\/wp\/v2\/product_cat?post=243596"},{"taxonomy":"product_tag","embeddable":true,"href":"https:\/\/hobstop.ee\/lv\/wp-json\/wp\/v2\/product_tag?post=243596"}],"curies":[{"name":"wp","href":"https:\/\/api.w.org\/{rel}","templated":true}]}}