{"id":243604,"date":"2015-12-22T11:29:58","date_gmt":"2015-12-22T09:29:58","guid":{"rendered":"http:\/\/www.vunder.ee\/lv\/product\/zimesanas-bloks-canson-kids-200g\/"},"modified":"2015-12-22T11:29:58","modified_gmt":"2015-12-22T09:29:58","slug":"zimesanas-bloks-canson-kids-200g","status":"publish","type":"product","link":"https:\/\/hobstop.ee\/lv\/produkts\/zimesanas-bloks-canson-kids-200g\/","title":{"rendered":"Z\u012bm\u0113\u0161anas bloks Canson Kids 200g"},"content":{"rendered":"<p>Gadu desmitiem Canson z\u012bm\u0113\u0161anas pap\u012brs ir bijis viens no b\u0113rnu iem\u012b\u013cot\u0101kajiem z\u012bm\u0113\u0161anas un rado\u0161o darbu veido\u0161anas pap\u012briem. Canson ir liela pieredze b\u0113rnu iepaz\u012bstin\u0101\u0161an\u0101 ar z\u012bm\u0113\u0161anu, glezno\u0161anu un rado\u0161u darb\u012bbu, un jaun\u0101 produktu s\u0113rija ir izstr\u0101d\u0101ta ar m\u0113r\u0137i rosin\u0101t b\u0113rnus piev\u0113rsties aizraujo\u0161ajai m\u0101kslas pasaulei.<br \/>\nCanson glezno\u0161anas bloki b\u0113rniem ir lieliski piem\u0113roti z\u012bm\u0113\u0161anai, glu\u017ei k\u0101 to dara pieaugu\u0161ie! Izgatavoti no ori\u0123in\u0101l\u0101 Canson glezno\u0161anas pap\u012bra ar lielu bl\u012bvumu un gludu virsmu. Ide\u0101li piem\u0113roti gua\u0161ai, nebaidoties, ka kr\u0101sa izs\u016bksies cauri pap\u012bram.<\/p>\n","protected":false},"excerpt":{"rendered":"<p>Gadu desmitiem Canson z\u012bm\u0113\u0161anas pap\u012brs ir bijis viens no b\u0113rnu iem\u012b\u013cot\u0101kajiem z\u012bm\u0113\u0161anas un rado\u0161o darbu veido\u0161anas pap\u012briem. Canson ir liela pieredze b\u0113rnu iepaz\u012bstin\u0101\u0161an\u0101 ar z\u012bm\u0113\u0161anu, glezno\u0161anu un rado\u0161u darb\u012bbu, un jaun\u0101 produktu s\u0113rija ir izstr\u0101d\u0101ta ar m\u0113r\u0137i rosin\u0101t b\u0113rnus piev\u0113rsties aizraujo\u0161ajai m\u0101kslas pasaulei. Canson glezno\u0161anas bloki b\u0113rniem ir lieliski piem\u0113roti z\u012bm\u0113\u0161anai, glu\u017ei k\u0101 to dara pieaugu\u0161ie! Izgatavoti no ori\u0123in\u0101l\u0101 Canson glezno\u0161anas pap\u012bra ar lielu bl\u012bvumu un gludu virsmu. Ide\u0101li piem\u0113roti gua\u0161ai, nebaidoties, ka kr\u0101sa izs\u016bksies cauri pap\u012bram.<\/p>\n","protected":false},"featured_media":243700,"comment_status":"closed","ping_status":"closed","template":"","meta":{"_acf_changed":false,"ep_exclude_from_search":false},"product_cat":[17921,18940,19012],"product_tag":[],"class_list":{"0":"post-243604","1":"product","2":"type-product","3":"status-publish","4":"has-post-thumbnail","6":"product_cat-papira-izstradajumi","7":"product_cat-preces-skolai-3","8":"product_cat-zimesanas-bloks-3","10":"first","11":"instock","12":"taxable","13":"shipping-taxable","14":"purchasable","15":"product-type-simple"},"acf":[],"yoast_head":"<!-- This site is optimized with the Yoast SEO plugin v24.1 - https:\/\/yoast.com\/wordpress\/plugins\/seo\/ -->\n<title>Z\u012bm\u0113\u0161anas bloks Canson Kids 200g &#8211; Skizze<\/title>\n<meta name=\"robots\" content=\"noindex, follow, max-snippet:-1, max-image-preview:large, max-video-preview:-1\" \/>\n<meta property=\"og:locale\" content=\"lv_LV\" \/>\n<meta property=\"og:type\" content=\"article\" \/>\n<meta property=\"og:title\" content=\"Z\u012bm\u0113\u0161anas bloks Canson Kids 200g &#8211; Skizze\" \/>\n<meta property=\"og:description\" content=\"Gadu desmitiem Canson z\u012bm\u0113\u0161anas pap\u012brs ir bijis viens no b\u0113rnu iem\u012b\u013cot\u0101kajiem z\u012bm\u0113\u0161anas un rado\u0161o darbu veido\u0161anas pap\u012briem. Canson ir liela pieredze b\u0113rnu iepaz\u012bstin\u0101\u0161an\u0101 ar z\u012bm\u0113\u0161anu, glezno\u0161anu un rado\u0161u darb\u012bbu, un jaun\u0101 produktu s\u0113rija ir izstr\u0101d\u0101ta ar m\u0113r\u0137i rosin\u0101t b\u0113rnus piev\u0113rsties aizraujo\u0161ajai m\u0101kslas pasaulei. Canson glezno\u0161anas bloki b\u0113rniem ir lieliski piem\u0113roti z\u012bm\u0113\u0161anai, glu\u017ei k\u0101 to dara pieaugu\u0161ie! Izgatavoti no ori\u0123in\u0101l\u0101 Canson glezno\u0161anas pap\u012bra ar lielu bl\u012bvumu un gludu virsmu. Ide\u0101li piem\u0113roti gua\u0161ai, nebaidoties, ka kr\u0101sa izs\u016bksies cauri pap\u012bram.\" \/>\n<meta property=\"og:url\" content=\"https:\/\/hobstop.ee\/lv\/produkts\/zimesanas-bloks-canson-kids-200g\/\" \/>\n<meta property=\"og:site_name\" content=\"Skizze\" \/>\n<meta property=\"article:publisher\" content=\"http:\/\/www.facebook.com\/VunderSkizze\" \/>\n<meta property=\"og:image\" content=\"https:\/\/hobstop.ee\/media\/4154.jpg\" \/>\n\t<meta property=\"og:image:width\" content=\"1024\" \/>\n\t<meta property=\"og:image:height\" content=\"768\" \/>\n\t<meta property=\"og:image:type\" content=\"image\/jpeg\" \/>\n<meta name=\"twitter:card\" content=\"summary_large_image\" \/>\n<meta name=\"twitter:label1\" content=\"Est. reading time\" \/>\n\t<meta name=\"twitter:data1\" content=\"1 min\u016b\u0161u\" \/>\n<script type=\"application\/ld+json\" class=\"yoast-schema-graph\">{\"@context\":\"https:\/\/schema.org\",\"@graph\":[{\"@type\":\"WebPage\",\"@id\":\"https:\/\/hobstop.ee\/lv\/produkts\/zimesanas-bloks-canson-kids-200g\/\",\"url\":\"https:\/\/hobstop.ee\/lv\/produkts\/zimesanas-bloks-canson-kids-200g\/\",\"name\":\"Z\u012bm\u0113\u0161anas bloks Canson Kids 200g &#8211; Skizze\",\"isPartOf\":{\"@id\":\"https:\/\/hobstop.ee\/lv\/#website\"},\"primaryImageOfPage\":{\"@id\":\"https:\/\/hobstop.ee\/lv\/produkts\/zimesanas-bloks-canson-kids-200g\/#primaryimage\"},\"image\":{\"@id\":\"https:\/\/hobstop.ee\/lv\/produkts\/zimesanas-bloks-canson-kids-200g\/#primaryimage\"},\"thumbnailUrl\":\"https:\/\/hobstop.ee\/media\/4154.jpg\",\"datePublished\":\"2015-12-22T09:29:58+00:00\",\"dateModified\":\"2015-12-22T09:29:58+00:00\",\"breadcrumb\":{\"@id\":\"https:\/\/hobstop.ee\/lv\/produkts\/zimesanas-bloks-canson-kids-200g\/#breadcrumb\"},\"inLanguage\":\"lv-LV\",\"potentialAction\":[{\"@type\":\"ReadAction\",\"target\":[\"https:\/\/hobstop.ee\/lv\/produkts\/zimesanas-bloks-canson-kids-200g\/\"]}]},{\"@type\":\"ImageObject\",\"inLanguage\":\"lv-LV\",\"@id\":\"https:\/\/hobstop.ee\/lv\/produkts\/zimesanas-bloks-canson-kids-200g\/#primaryimage\",\"url\":\"https:\/\/hobstop.ee\/media\/4154.jpg\",\"contentUrl\":\"https:\/\/hobstop.ee\/media\/4154.jpg\",\"width\":1024,\"height\":768},{\"@type\":\"BreadcrumbList\",\"@id\":\"https:\/\/hobstop.ee\/lv\/produkts\/zimesanas-bloks-canson-kids-200g\/#breadcrumb\",\"itemListElement\":[{\"@type\":\"ListItem\",\"position\":1,\"name\":\"Avaleht\",\"item\":\"https:\/\/www.hobstop.ee\/lv\/\"},{\"@type\":\"ListItem\",\"position\":2,\"name\":\"Veikals\",\"item\":\"https:\/\/www.hobstop.ee\/lv\/veikals\/\"},{\"@type\":\"ListItem\",\"position\":3,\"name\":\"Z\u012bm\u0113\u0161anas bloks Canson Kids 200g\"}]},{\"@type\":\"WebSite\",\"@id\":\"https:\/\/hobstop.ee\/lv\/#website\",\"url\":\"https:\/\/hobstop.ee\/lv\/\",\"name\":\"Skizze\",\"description\":\"M\u0101kslas, hobiju un skolas preces\",\"publisher\":{\"@id\":\"https:\/\/hobstop.ee\/lv\/#organization\"},\"potentialAction\":[{\"@type\":\"SearchAction\",\"target\":{\"@type\":\"EntryPoint\",\"urlTemplate\":\"https:\/\/hobstop.ee\/lv\/?s={search_term_string}\"},\"query-input\":{\"@type\":\"PropertyValueSpecification\",\"valueRequired\":true,\"valueName\":\"search_term_string\"}}],\"inLanguage\":\"lv-LV\"},{\"@type\":\"Organization\",\"@id\":\"https:\/\/hobstop.ee\/lv\/#organization\",\"name\":\"Vunder AS\",\"url\":\"https:\/\/hobstop.ee\/lv\/\",\"logo\":{\"@type\":\"ImageObject\",\"inLanguage\":\"lv-LV\",\"@id\":\"https:\/\/hobstop.ee\/lv\/#\/schema\/logo\/image\/\",\"url\":\"https:\/\/hobstop.ee\/media\/vunder-logo.png\",\"contentUrl\":\"https:\/\/hobstop.ee\/media\/vunder-logo.png\",\"width\":127,\"height\":55,\"caption\":\"Vunder AS\"},\"image\":{\"@id\":\"https:\/\/hobstop.ee\/lv\/#\/schema\/logo\/image\/\"},\"sameAs\":[\"http:\/\/www.facebook.com\/VunderSkizze\"]}]}<\/script>\n<!-- \/ Yoast SEO plugin. -->","yoast_head_json":{"title":"Z\u012bm\u0113\u0161anas bloks Canson Kids 200g &#8211; Skizze","robots":{"index":"noindex","follow":"follow","max-snippet":"max-snippet:-1","max-image-preview":"max-image-preview:large","max-video-preview":"max-video-preview:-1"},"og_locale":"lv_LV","og_type":"article","og_title":"Z\u012bm\u0113\u0161anas bloks Canson Kids 200g &#8211; Skizze","og_description":"Gadu desmitiem Canson z\u012bm\u0113\u0161anas pap\u012brs ir bijis viens no b\u0113rnu iem\u012b\u013cot\u0101kajiem z\u012bm\u0113\u0161anas un rado\u0161o darbu veido\u0161anas pap\u012briem. Canson ir liela pieredze b\u0113rnu iepaz\u012bstin\u0101\u0161an\u0101 ar z\u012bm\u0113\u0161anu, glezno\u0161anu un rado\u0161u darb\u012bbu, un jaun\u0101 produktu s\u0113rija ir izstr\u0101d\u0101ta ar m\u0113r\u0137i rosin\u0101t b\u0113rnus piev\u0113rsties aizraujo\u0161ajai m\u0101kslas pasaulei. Canson glezno\u0161anas bloki b\u0113rniem ir lieliski piem\u0113roti z\u012bm\u0113\u0161anai, glu\u017ei k\u0101 to dara pieaugu\u0161ie! Izgatavoti no ori\u0123in\u0101l\u0101 Canson glezno\u0161anas pap\u012bra ar lielu bl\u012bvumu un gludu virsmu. Ide\u0101li piem\u0113roti gua\u0161ai, nebaidoties, ka kr\u0101sa izs\u016bksies cauri pap\u012bram.","og_url":"https:\/\/hobstop.ee\/lv\/produkts\/zimesanas-bloks-canson-kids-200g\/","og_site_name":"Skizze","article_publisher":"http:\/\/www.facebook.com\/VunderSkizze","og_image":[{"width":1024,"height":768,"url":"https:\/\/hobstop.ee\/media\/4154.jpg","type":"image\/jpeg"}],"twitter_card":"summary_large_image","twitter_misc":{"Est. reading time":"1 min\u016b\u0161u"},"schema":{"@context":"https:\/\/schema.org","@graph":[{"@type":"WebPage","@id":"https:\/\/hobstop.ee\/lv\/produkts\/zimesanas-bloks-canson-kids-200g\/","url":"https:\/\/hobstop.ee\/lv\/produkts\/zimesanas-bloks-canson-kids-200g\/","name":"Z\u012bm\u0113\u0161anas bloks Canson Kids 200g &#8211; Skizze","isPartOf":{"@id":"https:\/\/hobstop.ee\/lv\/#website"},"primaryImageOfPage":{"@id":"https:\/\/hobstop.ee\/lv\/produkts\/zimesanas-bloks-canson-kids-200g\/#primaryimage"},"image":{"@id":"https:\/\/hobstop.ee\/lv\/produkts\/zimesanas-bloks-canson-kids-200g\/#primaryimage"},"thumbnailUrl":"https:\/\/hobstop.ee\/media\/4154.jpg","datePublished":"2015-12-22T09:29:58+00:00","dateModified":"2015-12-22T09:29:58+00:00","breadcrumb":{"@id":"https:\/\/hobstop.ee\/lv\/produkts\/zimesanas-bloks-canson-kids-200g\/#breadcrumb"},"inLanguage":"lv-LV","potentialAction":[{"@type":"ReadAction","target":["https:\/\/hobstop.ee\/lv\/produkts\/zimesanas-bloks-canson-kids-200g\/"]}]},{"@type":"ImageObject","inLanguage":"lv-LV","@id":"https:\/\/hobstop.ee\/lv\/produkts\/zimesanas-bloks-canson-kids-200g\/#primaryimage","url":"https:\/\/hobstop.ee\/media\/4154.jpg","contentUrl":"https:\/\/hobstop.ee\/media\/4154.jpg","width":1024,"height":768},{"@type":"BreadcrumbList","@id":"https:\/\/hobstop.ee\/lv\/produkts\/zimesanas-bloks-canson-kids-200g\/#breadcrumb","itemListElement":[{"@type":"ListItem","position":1,"name":"Avaleht","item":"https:\/\/www.hobstop.ee\/lv\/"},{"@type":"ListItem","position":2,"name":"Veikals","item":"https:\/\/www.hobstop.ee\/lv\/veikals\/"},{"@type":"ListItem","position":3,"name":"Z\u012bm\u0113\u0161anas bloks Canson Kids 200g"}]},{"@type":"WebSite","@id":"https:\/\/hobstop.ee\/lv\/#website","url":"https:\/\/hobstop.ee\/lv\/","name":"Skizze","description":"M\u0101kslas, hobiju un skolas preces","publisher":{"@id":"https:\/\/hobstop.ee\/lv\/#organization"},"potentialAction":[{"@type":"SearchAction","target":{"@type":"EntryPoint","urlTemplate":"https:\/\/hobstop.ee\/lv\/?s={search_term_string}"},"query-input":{"@type":"PropertyValueSpecification","valueRequired":true,"valueName":"search_term_string"}}],"inLanguage":"lv-LV"},{"@type":"Organization","@id":"https:\/\/hobstop.ee\/lv\/#organization","name":"Vunder AS","url":"https:\/\/hobstop.ee\/lv\/","logo":{"@type":"ImageObject","inLanguage":"lv-LV","@id":"https:\/\/hobstop.ee\/lv\/#\/schema\/logo\/image\/","url":"https:\/\/hobstop.ee\/media\/vunder-logo.png","contentUrl":"https:\/\/hobstop.ee\/media\/vunder-logo.png","width":127,"height":55,"caption":"Vunder AS"},"image":{"@id":"https:\/\/hobstop.ee\/lv\/#\/schema\/logo\/image\/"},"sameAs":["http:\/\/www.facebook.com\/VunderSkizze"]}]}},"_links":{"self":[{"href":"https:\/\/hobstop.ee\/lv\/wp-json\/wp\/v2\/product\/243604","targetHints":{"allow":["GET"]}}],"collection":[{"href":"https:\/\/hobstop.ee\/lv\/wp-json\/wp\/v2\/product"}],"about":[{"href":"https:\/\/hobstop.ee\/lv\/wp-json\/wp\/v2\/types\/product"}],"replies":[{"embeddable":true,"href":"https:\/\/hobstop.ee\/lv\/wp-json\/wp\/v2\/comments?post=243604"}],"wp:featuredmedia":[{"embeddable":true,"href":"https:\/\/hobstop.ee\/lv\/wp-json\/wp\/v2\/media\/243700"}],"wp:attachment":[{"href":"https:\/\/hobstop.ee\/lv\/wp-json\/wp\/v2\/media?parent=243604"}],"wp:term":[{"taxonomy":"product_cat","embeddable":true,"href":"https:\/\/hobstop.ee\/lv\/wp-json\/wp\/v2\/product_cat?post=243604"},{"taxonomy":"product_tag","embeddable":true,"href":"https:\/\/hobstop.ee\/lv\/wp-json\/wp\/v2\/product_tag?post=243604"}],"curies":[{"name":"wp","href":"https:\/\/api.w.org\/{rel}","templated":true}]}}