{"id":24361,"date":"2014-12-09T12:58:57","date_gmt":"2014-12-09T10:58:57","guid":{"rendered":"https:\/\/sharks.ee\/vunder_2019.klient.veebimajutus.ee\/?post_type=product&#038;p=24361"},"modified":"2014-12-09T12:58:57","modified_gmt":"2014-12-09T10:58:57","slug":"ota-raphael-dartigny-359-plakana","status":"publish","type":"product","link":"https:\/\/hobstop.ee\/lv\/produkts\/ota-raphael-dartigny-359-plakana\/","title":{"rendered":"Ota Raphael d&#8217;Artigny 359 plakana"},"content":{"rendered":"<p>d`Artigny ot\u0101m piem\u012bt lielisks atsper\u012bgums, maksim\u0101la otas vilciena precizit\u0101te, liela kr\u0101sas uz\u0146em\u0161anas sp\u0113ja, t\u0101s ir \u0101rk\u0101rt\u012bgi iztur\u012bgas un ilgi lietojamas. \u0160\u012bs otas ir veidotas no viena ar otru savienotiem, \u012bpa\u0161i baltiem c\u016bkas sariem, kas ir r\u016bp\u012bgi atlas\u012bti, pamatojoties uz to kvalit\u0101ti un  dab\u012bgo izliekumu. Ot\u0101m ir lakots, dab\u012bg\u0101 koka k\u0101ts ar bez\u0161uves ni\u0137e\u013ca uzgali. Otas ir lieliski piem\u0113rotas glezno\u0161anai un kr\u0101su jauk\u0161anai.<br \/>\nGlezno\u0161anas tehnika: e\u013c\u013cas kr\u0101sas<br \/>\nPielietojums: foni, pl\u016bsto\u0161as kr\u0101sas<\/p>\n","protected":false},"excerpt":{"rendered":"<p>d`Artigny ot\u0101m piem\u012bt lielisks atsper\u012bgums, maksim\u0101la otas vilciena precizit\u0101te, liela kr\u0101sas uz\u0146em\u0161anas sp\u0113ja, t\u0101s ir \u0101rk\u0101rt\u012bgi iztur\u012bgas un ilgi lietojamas. \u0160\u012bs otas ir veidotas no viena ar otru savienotiem, \u012bpa\u0161i baltiem c\u016bkas sariem, kas ir r\u016bp\u012bgi atlas\u012bti, pamatojoties uz to kvalit\u0101ti un dab\u012bgo izliekumu. Ot\u0101m ir lakots, dab\u012bg\u0101 koka k\u0101ts ar bez\u0161uves ni\u0137e\u013ca uzgali. Otas ir lieliski piem\u0113rotas glezno\u0161anai un kr\u0101su jauk\u0161anai. Glezno\u0161anas tehnika: e\u013c\u013cas kr\u0101sas Pielietojums: foni, pl\u016bsto\u0161as kr\u0101sas<\/p>\n","protected":false},"featured_media":116581,"comment_status":"closed","ping_status":"closed","template":"","meta":{"_acf_changed":false,"ep_exclude_from_search":false},"product_cat":[18389,16123,18650],"product_tag":[],"class_list":{"0":"post-24361","1":"product","2":"type-product","3":"status-publish","4":"has-post-thumbnail","6":"product_cat-cuku-saru-otas-3","7":"product_cat-makslas-piederumi-2","8":"product_cat-otas-un-piederumi","10":"first","11":"instock","12":"taxable","13":"shipping-taxable","14":"purchasable","15":"product-type-variable"},"acf":[],"yoast_head":"<!-- This site is optimized with the Yoast SEO plugin v24.1 - https:\/\/yoast.com\/wordpress\/plugins\/seo\/ -->\n<title>Ota Raphael d&#039;Artigny 359 plakana &#8211; Skizze<\/title>\n<meta name=\"robots\" content=\"noindex, follow, max-snippet:-1, max-image-preview:large, max-video-preview:-1\" \/>\n<meta property=\"og:locale\" content=\"lv_LV\" \/>\n<meta property=\"og:type\" content=\"article\" \/>\n<meta property=\"og:title\" content=\"Ota Raphael d&#039;Artigny 359 plakana &#8211; Skizze\" \/>\n<meta property=\"og:description\" content=\"d`Artigny ot\u0101m piem\u012bt lielisks atsper\u012bgums, maksim\u0101la otas vilciena precizit\u0101te, liela kr\u0101sas uz\u0146em\u0161anas sp\u0113ja, t\u0101s ir \u0101rk\u0101rt\u012bgi iztur\u012bgas un ilgi lietojamas. \u0160\u012bs otas ir veidotas no viena ar otru savienotiem, \u012bpa\u0161i baltiem c\u016bkas sariem, kas ir r\u016bp\u012bgi atlas\u012bti, pamatojoties uz to kvalit\u0101ti un dab\u012bgo izliekumu. Ot\u0101m ir lakots, dab\u012bg\u0101 koka k\u0101ts ar bez\u0161uves ni\u0137e\u013ca uzgali. Otas ir lieliski piem\u0113rotas glezno\u0161anai un kr\u0101su jauk\u0161anai. Glezno\u0161anas tehnika: e\u013c\u013cas kr\u0101sas Pielietojums: foni, pl\u016bsto\u0161as kr\u0101sas\" \/>\n<meta property=\"og:url\" content=\"https:\/\/hobstop.ee\/lv\/produkts\/ota-raphael-dartigny-359-plakana\/\" \/>\n<meta property=\"og:site_name\" content=\"Skizze\" \/>\n<meta property=\"article:publisher\" content=\"http:\/\/www.facebook.com\/VunderSkizze\" \/>\n<meta property=\"og:image\" content=\"https:\/\/hobstop.ee\/media\/2384.jpg\" \/>\n\t<meta property=\"og:image:width\" content=\"1024\" \/>\n\t<meta property=\"og:image:height\" content=\"768\" \/>\n\t<meta property=\"og:image:type\" content=\"image\/jpeg\" \/>\n<meta name=\"twitter:card\" content=\"summary_large_image\" \/>\n<meta name=\"twitter:label1\" content=\"Est. reading time\" \/>\n\t<meta name=\"twitter:data1\" content=\"1 min\u016b\u0161u\" \/>\n<script type=\"application\/ld+json\" class=\"yoast-schema-graph\">{\"@context\":\"https:\/\/schema.org\",\"@graph\":[{\"@type\":\"WebPage\",\"@id\":\"https:\/\/hobstop.ee\/lv\/produkts\/ota-raphael-dartigny-359-plakana\/\",\"url\":\"https:\/\/hobstop.ee\/lv\/produkts\/ota-raphael-dartigny-359-plakana\/\",\"name\":\"Ota Raphael d'Artigny 359 plakana &#8211; Skizze\",\"isPartOf\":{\"@id\":\"https:\/\/hobstop.ee\/lv\/#website\"},\"primaryImageOfPage\":{\"@id\":\"https:\/\/hobstop.ee\/lv\/produkts\/ota-raphael-dartigny-359-plakana\/#primaryimage\"},\"image\":{\"@id\":\"https:\/\/hobstop.ee\/lv\/produkts\/ota-raphael-dartigny-359-plakana\/#primaryimage\"},\"thumbnailUrl\":\"https:\/\/hobstop.ee\/media\/2384.jpg\",\"datePublished\":\"2014-12-09T10:58:57+00:00\",\"dateModified\":\"2014-12-09T10:58:57+00:00\",\"breadcrumb\":{\"@id\":\"https:\/\/hobstop.ee\/lv\/produkts\/ota-raphael-dartigny-359-plakana\/#breadcrumb\"},\"inLanguage\":\"lv-LV\",\"potentialAction\":[{\"@type\":\"ReadAction\",\"target\":[\"https:\/\/hobstop.ee\/lv\/produkts\/ota-raphael-dartigny-359-plakana\/\"]}]},{\"@type\":\"ImageObject\",\"inLanguage\":\"lv-LV\",\"@id\":\"https:\/\/hobstop.ee\/lv\/produkts\/ota-raphael-dartigny-359-plakana\/#primaryimage\",\"url\":\"https:\/\/hobstop.ee\/media\/2384.jpg\",\"contentUrl\":\"https:\/\/hobstop.ee\/media\/2384.jpg\",\"width\":1024,\"height\":768},{\"@type\":\"BreadcrumbList\",\"@id\":\"https:\/\/hobstop.ee\/lv\/produkts\/ota-raphael-dartigny-359-plakana\/#breadcrumb\",\"itemListElement\":[{\"@type\":\"ListItem\",\"position\":1,\"name\":\"Avaleht\",\"item\":\"https:\/\/hobstop.ee\/lv\/\"},{\"@type\":\"ListItem\",\"position\":2,\"name\":\"Veikals\",\"item\":\"https:\/\/hobstop.ee\/lv\/veikals\/\"},{\"@type\":\"ListItem\",\"position\":3,\"name\":\"Ota Raphael d&#8217;Artigny 359 plakana\"}]},{\"@type\":\"WebSite\",\"@id\":\"https:\/\/hobstop.ee\/lv\/#website\",\"url\":\"https:\/\/hobstop.ee\/lv\/\",\"name\":\"Skizze\",\"description\":\"M\u0101kslas, hobiju un skolas preces\",\"publisher\":{\"@id\":\"https:\/\/hobstop.ee\/lv\/#organization\"},\"potentialAction\":[{\"@type\":\"SearchAction\",\"target\":{\"@type\":\"EntryPoint\",\"urlTemplate\":\"https:\/\/hobstop.ee\/lv\/?s={search_term_string}\"},\"query-input\":{\"@type\":\"PropertyValueSpecification\",\"valueRequired\":true,\"valueName\":\"search_term_string\"}}],\"inLanguage\":\"lv-LV\"},{\"@type\":\"Organization\",\"@id\":\"https:\/\/hobstop.ee\/lv\/#organization\",\"name\":\"Vunder AS\",\"url\":\"https:\/\/hobstop.ee\/lv\/\",\"logo\":{\"@type\":\"ImageObject\",\"inLanguage\":\"lv-LV\",\"@id\":\"https:\/\/hobstop.ee\/lv\/#\/schema\/logo\/image\/\",\"url\":\"https:\/\/hobstop.ee\/media\/vunder-logo.png\",\"contentUrl\":\"https:\/\/hobstop.ee\/media\/vunder-logo.png\",\"width\":127,\"height\":55,\"caption\":\"Vunder AS\"},\"image\":{\"@id\":\"https:\/\/hobstop.ee\/lv\/#\/schema\/logo\/image\/\"},\"sameAs\":[\"http:\/\/www.facebook.com\/VunderSkizze\"]}]}<\/script>\n<!-- \/ Yoast SEO plugin. -->","yoast_head_json":{"title":"Ota Raphael d'Artigny 359 plakana &#8211; Skizze","robots":{"index":"noindex","follow":"follow","max-snippet":"max-snippet:-1","max-image-preview":"max-image-preview:large","max-video-preview":"max-video-preview:-1"},"og_locale":"lv_LV","og_type":"article","og_title":"Ota Raphael d'Artigny 359 plakana &#8211; Skizze","og_description":"d`Artigny ot\u0101m piem\u012bt lielisks atsper\u012bgums, maksim\u0101la otas vilciena precizit\u0101te, liela kr\u0101sas uz\u0146em\u0161anas sp\u0113ja, t\u0101s ir \u0101rk\u0101rt\u012bgi iztur\u012bgas un ilgi lietojamas. \u0160\u012bs otas ir veidotas no viena ar otru savienotiem, \u012bpa\u0161i baltiem c\u016bkas sariem, kas ir r\u016bp\u012bgi atlas\u012bti, pamatojoties uz to kvalit\u0101ti un dab\u012bgo izliekumu. Ot\u0101m ir lakots, dab\u012bg\u0101 koka k\u0101ts ar bez\u0161uves ni\u0137e\u013ca uzgali. Otas ir lieliski piem\u0113rotas glezno\u0161anai un kr\u0101su jauk\u0161anai. Glezno\u0161anas tehnika: e\u013c\u013cas kr\u0101sas Pielietojums: foni, pl\u016bsto\u0161as kr\u0101sas","og_url":"https:\/\/hobstop.ee\/lv\/produkts\/ota-raphael-dartigny-359-plakana\/","og_site_name":"Skizze","article_publisher":"http:\/\/www.facebook.com\/VunderSkizze","og_image":[{"width":1024,"height":768,"url":"https:\/\/hobstop.ee\/media\/2384.jpg","type":"image\/jpeg"}],"twitter_card":"summary_large_image","twitter_misc":{"Est. reading time":"1 min\u016b\u0161u"},"schema":{"@context":"https:\/\/schema.org","@graph":[{"@type":"WebPage","@id":"https:\/\/hobstop.ee\/lv\/produkts\/ota-raphael-dartigny-359-plakana\/","url":"https:\/\/hobstop.ee\/lv\/produkts\/ota-raphael-dartigny-359-plakana\/","name":"Ota Raphael d'Artigny 359 plakana &#8211; Skizze","isPartOf":{"@id":"https:\/\/hobstop.ee\/lv\/#website"},"primaryImageOfPage":{"@id":"https:\/\/hobstop.ee\/lv\/produkts\/ota-raphael-dartigny-359-plakana\/#primaryimage"},"image":{"@id":"https:\/\/hobstop.ee\/lv\/produkts\/ota-raphael-dartigny-359-plakana\/#primaryimage"},"thumbnailUrl":"https:\/\/hobstop.ee\/media\/2384.jpg","datePublished":"2014-12-09T10:58:57+00:00","dateModified":"2014-12-09T10:58:57+00:00","breadcrumb":{"@id":"https:\/\/hobstop.ee\/lv\/produkts\/ota-raphael-dartigny-359-plakana\/#breadcrumb"},"inLanguage":"lv-LV","potentialAction":[{"@type":"ReadAction","target":["https:\/\/hobstop.ee\/lv\/produkts\/ota-raphael-dartigny-359-plakana\/"]}]},{"@type":"ImageObject","inLanguage":"lv-LV","@id":"https:\/\/hobstop.ee\/lv\/produkts\/ota-raphael-dartigny-359-plakana\/#primaryimage","url":"https:\/\/hobstop.ee\/media\/2384.jpg","contentUrl":"https:\/\/hobstop.ee\/media\/2384.jpg","width":1024,"height":768},{"@type":"BreadcrumbList","@id":"https:\/\/hobstop.ee\/lv\/produkts\/ota-raphael-dartigny-359-plakana\/#breadcrumb","itemListElement":[{"@type":"ListItem","position":1,"name":"Avaleht","item":"https:\/\/hobstop.ee\/lv\/"},{"@type":"ListItem","position":2,"name":"Veikals","item":"https:\/\/hobstop.ee\/lv\/veikals\/"},{"@type":"ListItem","position":3,"name":"Ota Raphael d&#8217;Artigny 359 plakana"}]},{"@type":"WebSite","@id":"https:\/\/hobstop.ee\/lv\/#website","url":"https:\/\/hobstop.ee\/lv\/","name":"Skizze","description":"M\u0101kslas, hobiju un skolas preces","publisher":{"@id":"https:\/\/hobstop.ee\/lv\/#organization"},"potentialAction":[{"@type":"SearchAction","target":{"@type":"EntryPoint","urlTemplate":"https:\/\/hobstop.ee\/lv\/?s={search_term_string}"},"query-input":{"@type":"PropertyValueSpecification","valueRequired":true,"valueName":"search_term_string"}}],"inLanguage":"lv-LV"},{"@type":"Organization","@id":"https:\/\/hobstop.ee\/lv\/#organization","name":"Vunder AS","url":"https:\/\/hobstop.ee\/lv\/","logo":{"@type":"ImageObject","inLanguage":"lv-LV","@id":"https:\/\/hobstop.ee\/lv\/#\/schema\/logo\/image\/","url":"https:\/\/hobstop.ee\/media\/vunder-logo.png","contentUrl":"https:\/\/hobstop.ee\/media\/vunder-logo.png","width":127,"height":55,"caption":"Vunder AS"},"image":{"@id":"https:\/\/hobstop.ee\/lv\/#\/schema\/logo\/image\/"},"sameAs":["http:\/\/www.facebook.com\/VunderSkizze"]}]}},"_links":{"self":[{"href":"https:\/\/hobstop.ee\/lv\/wp-json\/wp\/v2\/product\/24361","targetHints":{"allow":["GET"]}}],"collection":[{"href":"https:\/\/hobstop.ee\/lv\/wp-json\/wp\/v2\/product"}],"about":[{"href":"https:\/\/hobstop.ee\/lv\/wp-json\/wp\/v2\/types\/product"}],"replies":[{"embeddable":true,"href":"https:\/\/hobstop.ee\/lv\/wp-json\/wp\/v2\/comments?post=24361"}],"wp:featuredmedia":[{"embeddable":true,"href":"https:\/\/hobstop.ee\/lv\/wp-json\/wp\/v2\/media\/116581"}],"wp:attachment":[{"href":"https:\/\/hobstop.ee\/lv\/wp-json\/wp\/v2\/media?parent=24361"}],"wp:term":[{"taxonomy":"product_cat","embeddable":true,"href":"https:\/\/hobstop.ee\/lv\/wp-json\/wp\/v2\/product_cat?post=24361"},{"taxonomy":"product_tag","embeddable":true,"href":"https:\/\/hobstop.ee\/lv\/wp-json\/wp\/v2\/product_tag?post=24361"}],"curies":[{"name":"wp","href":"https:\/\/api.w.org\/{rel}","templated":true}]}}