{"id":24426,"date":"2014-12-09T12:59:25","date_gmt":"2014-12-09T10:59:25","guid":{"rendered":"https:\/\/sharks.ee\/vunder_2019.klient.veebimajutus.ee\/?post_type=product&#038;p=24426"},"modified":"2014-12-09T12:59:25","modified_gmt":"2014-12-09T10:59:25","slug":"magnet-grunts-krasa-marabu","status":"publish","type":"product","link":"https:\/\/hobstop.ee\/lv\/produkts\/magnet-grunts-krasa-marabu\/","title":{"rendered":"Magnet grunts kr\u0101sa Marabu"},"content":{"rendered":"<p>Uz \u016bdens b\u0101zes veidota, mat\u0113ta akrila grunts magn\u0113tisku virsmu veido\u0161anai.  Marabu Magnet ir \u016bdensdro\u0161a un notur\u012bga grunts.  Magn\u0113tisko grunti var izmantot gan sienu apstr\u0101dei, gan koka, MDF, met\u0101la, pap\u012bra un pat audekla r\u0101mju p\u0101rkl\u0101\u0161anai.  P\u0113c no\u017e\u016b\u0161anas to var p\u0101rkl\u0101t ar jebkuru citu akrila kr\u0101su vai kombin\u0113t ar t\u0101feles kr\u0101su, veidojot daudzfunkcion\u0101lu inform\u0101cijas stendu, uz kura ar kr\u012btu var pierakst\u012bt \u012bsus pazi\u0146ojumus un ar magn\u0113tiem nostiprin\u0101t svar\u012bgus dokumentus.<br \/>\nP\u0101rkl\u0101jums: 0.9m\u00b2\/100ml<\/p>\n","protected":false},"excerpt":{"rendered":"<p>Uz \u016bdens b\u0101zes veidota, mat\u0113ta akrila grunts magn\u0113tisku virsmu veido\u0161anai. Marabu Magnet ir \u016bdensdro\u0161a un notur\u012bga grunts. Magn\u0113tisko grunti var izmantot gan sienu apstr\u0101dei, gan koka, MDF, met\u0101la, pap\u012bra un pat audekla r\u0101mju p\u0101rkl\u0101\u0161anai. P\u0113c no\u017e\u016b\u0161anas to var p\u0101rkl\u0101t ar jebkuru citu akrila kr\u0101su vai kombin\u0113t ar t\u0101feles kr\u0101su, veidojot daudzfunkcion\u0101lu inform\u0101cijas stendu, uz kura ar kr\u012btu var pierakst\u012bt \u012bsus pazi\u0146ojumus un ar magn\u0113tiem nostiprin\u0101t svar\u012bgus dokumentus. P\u0101rkl\u0101jums: 0.9m\u00b2\/100ml<\/p>\n","protected":false},"featured_media":0,"comment_status":"closed","ping_status":"closed","template":"","meta":{"_acf_changed":false,"ep_exclude_from_search":false},"product_cat":[18722,17954,17918],"product_tag":[],"class_list":{"0":"post-24426","1":"product","2":"type-product","3":"status-publish","5":"product_cat-citi-2","6":"product_cat-decor-krasas","7":"product_cat-preces-hobijiem","9":"first","10":"outofstock","11":"sale","12":"taxable","13":"shipping-taxable","14":"purchasable","15":"product-type-variable"},"acf":[],"yoast_head":"<!-- This site is optimized with the Yoast SEO plugin v24.1 - https:\/\/yoast.com\/wordpress\/plugins\/seo\/ -->\n<title>Magnet grunts kr\u0101sa Marabu &#8211; Skizze<\/title>\n<meta name=\"robots\" content=\"noindex, follow, max-snippet:-1, max-image-preview:large, max-video-preview:-1\" \/>\n<meta property=\"og:locale\" content=\"lv_LV\" \/>\n<meta property=\"og:type\" content=\"article\" \/>\n<meta property=\"og:title\" content=\"Magnet grunts kr\u0101sa Marabu &#8211; Skizze\" \/>\n<meta property=\"og:description\" content=\"Uz \u016bdens b\u0101zes veidota, mat\u0113ta akrila grunts magn\u0113tisku virsmu veido\u0161anai. Marabu Magnet ir \u016bdensdro\u0161a un notur\u012bga grunts. Magn\u0113tisko grunti var izmantot gan sienu apstr\u0101dei, gan koka, MDF, met\u0101la, pap\u012bra un pat audekla r\u0101mju p\u0101rkl\u0101\u0161anai. P\u0113c no\u017e\u016b\u0161anas to var p\u0101rkl\u0101t ar jebkuru citu akrila kr\u0101su vai kombin\u0113t ar t\u0101feles kr\u0101su, veidojot daudzfunkcion\u0101lu inform\u0101cijas stendu, uz kura ar kr\u012btu var pierakst\u012bt \u012bsus pazi\u0146ojumus un ar magn\u0113tiem nostiprin\u0101t svar\u012bgus dokumentus. P\u0101rkl\u0101jums: 0.9m\u00b2\/100ml\" \/>\n<meta property=\"og:url\" content=\"https:\/\/hobstop.ee\/lv\/produkts\/magnet-grunts-krasa-marabu\/\" \/>\n<meta property=\"og:site_name\" content=\"Skizze\" \/>\n<meta property=\"article:publisher\" content=\"http:\/\/www.facebook.com\/VunderSkizze\" \/>\n<meta name=\"twitter:card\" content=\"summary_large_image\" \/>\n<meta name=\"twitter:label1\" content=\"Est. reading time\" \/>\n\t<meta name=\"twitter:data1\" content=\"1 min\u016b\u0161u\" \/>\n<script type=\"application\/ld+json\" class=\"yoast-schema-graph\">{\"@context\":\"https:\/\/schema.org\",\"@graph\":[{\"@type\":\"WebPage\",\"@id\":\"https:\/\/hobstop.ee\/lv\/produkts\/magnet-grunts-krasa-marabu\/\",\"url\":\"https:\/\/hobstop.ee\/lv\/produkts\/magnet-grunts-krasa-marabu\/\",\"name\":\"Magnet grunts kr\u0101sa Marabu &#8211; Skizze\",\"isPartOf\":{\"@id\":\"https:\/\/www.hobstop.ee\/lv\/#website\"},\"datePublished\":\"2014-12-09T10:59:25+00:00\",\"dateModified\":\"2014-12-09T10:59:25+00:00\",\"breadcrumb\":{\"@id\":\"https:\/\/hobstop.ee\/lv\/produkts\/magnet-grunts-krasa-marabu\/#breadcrumb\"},\"inLanguage\":\"lv-LV\",\"potentialAction\":[{\"@type\":\"ReadAction\",\"target\":[\"https:\/\/hobstop.ee\/lv\/produkts\/magnet-grunts-krasa-marabu\/\"]}]},{\"@type\":\"BreadcrumbList\",\"@id\":\"https:\/\/hobstop.ee\/lv\/produkts\/magnet-grunts-krasa-marabu\/#breadcrumb\",\"itemListElement\":[{\"@type\":\"ListItem\",\"position\":1,\"name\":\"Avaleht\",\"item\":\"https:\/\/www.hobstop.ee\/lv\/\"},{\"@type\":\"ListItem\",\"position\":2,\"name\":\"Veikals\",\"item\":\"https:\/\/www.hobstop.ee\/lv\/veikals\/\"},{\"@type\":\"ListItem\",\"position\":3,\"name\":\"Magnet grunts kr\u0101sa Marabu\"}]},{\"@type\":\"WebSite\",\"@id\":\"https:\/\/www.hobstop.ee\/lv\/#website\",\"url\":\"https:\/\/www.hobstop.ee\/lv\/\",\"name\":\"Skizze\",\"description\":\"M\u0101kslas, hobiju un skolas preces\",\"publisher\":{\"@id\":\"https:\/\/www.hobstop.ee\/lv\/#organization\"},\"potentialAction\":[{\"@type\":\"SearchAction\",\"target\":{\"@type\":\"EntryPoint\",\"urlTemplate\":\"https:\/\/www.hobstop.ee\/lv\/?s={search_term_string}\"},\"query-input\":{\"@type\":\"PropertyValueSpecification\",\"valueRequired\":true,\"valueName\":\"search_term_string\"}}],\"inLanguage\":\"lv-LV\"},{\"@type\":\"Organization\",\"@id\":\"https:\/\/www.hobstop.ee\/lv\/#organization\",\"name\":\"Vunder AS\",\"url\":\"https:\/\/www.hobstop.ee\/lv\/\",\"logo\":{\"@type\":\"ImageObject\",\"inLanguage\":\"lv-LV\",\"@id\":\"https:\/\/www.hobstop.ee\/lv\/#\/schema\/logo\/image\/\",\"url\":\"https:\/\/hobstop.ee\/media\/vunder-logo.png\",\"contentUrl\":\"https:\/\/hobstop.ee\/media\/vunder-logo.png\",\"width\":127,\"height\":55,\"caption\":\"Vunder AS\"},\"image\":{\"@id\":\"https:\/\/www.hobstop.ee\/lv\/#\/schema\/logo\/image\/\"},\"sameAs\":[\"http:\/\/www.facebook.com\/VunderSkizze\"]}]}<\/script>\n<!-- \/ Yoast SEO plugin. -->","yoast_head_json":{"title":"Magnet grunts kr\u0101sa Marabu &#8211; Skizze","robots":{"index":"noindex","follow":"follow","max-snippet":"max-snippet:-1","max-image-preview":"max-image-preview:large","max-video-preview":"max-video-preview:-1"},"og_locale":"lv_LV","og_type":"article","og_title":"Magnet grunts kr\u0101sa Marabu &#8211; Skizze","og_description":"Uz \u016bdens b\u0101zes veidota, mat\u0113ta akrila grunts magn\u0113tisku virsmu veido\u0161anai. Marabu Magnet ir \u016bdensdro\u0161a un notur\u012bga grunts. Magn\u0113tisko grunti var izmantot gan sienu apstr\u0101dei, gan koka, MDF, met\u0101la, pap\u012bra un pat audekla r\u0101mju p\u0101rkl\u0101\u0161anai. P\u0113c no\u017e\u016b\u0161anas to var p\u0101rkl\u0101t ar jebkuru citu akrila kr\u0101su vai kombin\u0113t ar t\u0101feles kr\u0101su, veidojot daudzfunkcion\u0101lu inform\u0101cijas stendu, uz kura ar kr\u012btu var pierakst\u012bt \u012bsus pazi\u0146ojumus un ar magn\u0113tiem nostiprin\u0101t svar\u012bgus dokumentus. P\u0101rkl\u0101jums: 0.9m\u00b2\/100ml","og_url":"https:\/\/hobstop.ee\/lv\/produkts\/magnet-grunts-krasa-marabu\/","og_site_name":"Skizze","article_publisher":"http:\/\/www.facebook.com\/VunderSkizze","twitter_card":"summary_large_image","twitter_misc":{"Est. reading time":"1 min\u016b\u0161u"},"schema":{"@context":"https:\/\/schema.org","@graph":[{"@type":"WebPage","@id":"https:\/\/hobstop.ee\/lv\/produkts\/magnet-grunts-krasa-marabu\/","url":"https:\/\/hobstop.ee\/lv\/produkts\/magnet-grunts-krasa-marabu\/","name":"Magnet grunts kr\u0101sa Marabu &#8211; Skizze","isPartOf":{"@id":"https:\/\/www.hobstop.ee\/lv\/#website"},"datePublished":"2014-12-09T10:59:25+00:00","dateModified":"2014-12-09T10:59:25+00:00","breadcrumb":{"@id":"https:\/\/hobstop.ee\/lv\/produkts\/magnet-grunts-krasa-marabu\/#breadcrumb"},"inLanguage":"lv-LV","potentialAction":[{"@type":"ReadAction","target":["https:\/\/hobstop.ee\/lv\/produkts\/magnet-grunts-krasa-marabu\/"]}]},{"@type":"BreadcrumbList","@id":"https:\/\/hobstop.ee\/lv\/produkts\/magnet-grunts-krasa-marabu\/#breadcrumb","itemListElement":[{"@type":"ListItem","position":1,"name":"Avaleht","item":"https:\/\/www.hobstop.ee\/lv\/"},{"@type":"ListItem","position":2,"name":"Veikals","item":"https:\/\/www.hobstop.ee\/lv\/veikals\/"},{"@type":"ListItem","position":3,"name":"Magnet grunts kr\u0101sa Marabu"}]},{"@type":"WebSite","@id":"https:\/\/www.hobstop.ee\/lv\/#website","url":"https:\/\/www.hobstop.ee\/lv\/","name":"Skizze","description":"M\u0101kslas, hobiju un skolas preces","publisher":{"@id":"https:\/\/www.hobstop.ee\/lv\/#organization"},"potentialAction":[{"@type":"SearchAction","target":{"@type":"EntryPoint","urlTemplate":"https:\/\/www.hobstop.ee\/lv\/?s={search_term_string}"},"query-input":{"@type":"PropertyValueSpecification","valueRequired":true,"valueName":"search_term_string"}}],"inLanguage":"lv-LV"},{"@type":"Organization","@id":"https:\/\/www.hobstop.ee\/lv\/#organization","name":"Vunder AS","url":"https:\/\/www.hobstop.ee\/lv\/","logo":{"@type":"ImageObject","inLanguage":"lv-LV","@id":"https:\/\/www.hobstop.ee\/lv\/#\/schema\/logo\/image\/","url":"https:\/\/hobstop.ee\/media\/vunder-logo.png","contentUrl":"https:\/\/hobstop.ee\/media\/vunder-logo.png","width":127,"height":55,"caption":"Vunder AS"},"image":{"@id":"https:\/\/www.hobstop.ee\/lv\/#\/schema\/logo\/image\/"},"sameAs":["http:\/\/www.facebook.com\/VunderSkizze"]}]}},"_links":{"self":[{"href":"https:\/\/hobstop.ee\/lv\/wp-json\/wp\/v2\/product\/24426","targetHints":{"allow":["GET"]}}],"collection":[{"href":"https:\/\/hobstop.ee\/lv\/wp-json\/wp\/v2\/product"}],"about":[{"href":"https:\/\/hobstop.ee\/lv\/wp-json\/wp\/v2\/types\/product"}],"replies":[{"embeddable":true,"href":"https:\/\/hobstop.ee\/lv\/wp-json\/wp\/v2\/comments?post=24426"}],"wp:attachment":[{"href":"https:\/\/hobstop.ee\/lv\/wp-json\/wp\/v2\/media?parent=24426"}],"wp:term":[{"taxonomy":"product_cat","embeddable":true,"href":"https:\/\/hobstop.ee\/lv\/wp-json\/wp\/v2\/product_cat?post=24426"},{"taxonomy":"product_tag","embeddable":true,"href":"https:\/\/hobstop.ee\/lv\/wp-json\/wp\/v2\/product_tag?post=24426"}],"curies":[{"name":"wp","href":"https:\/\/api.w.org\/{rel}","templated":true}]}}