{"id":24428,"date":"2014-12-09T12:59:26","date_gmt":"2014-12-09T10:59:26","guid":{"rendered":"https:\/\/sharks.ee\/vunder_2019.klient.veebimajutus.ee\/?post_type=product&#038;p=24428"},"modified":"2014-12-09T12:59:26","modified_gmt":"2014-12-09T10:59:26","slug":"krasainais-kritins-conte-a-paris-komplekts","status":"publish","type":"product","link":"https:\/\/hobstop.ee\/lv\/produkts\/krasainais-kritins-conte-a-paris-komplekts\/","title":{"rendered":"Kr\u0101sainais kr\u012bti\u0146\u0161 Conte a Paris komplekts"},"content":{"rendered":"<p>Conte a Paris Colour kr\u012bti\u0146i ir ciet\u0101ki par paste\u013ciem un ogles z\u012bmu\u013ciem. Pateicoties to ciet\u012bbai, tiek rad\u012bts nevis izsm\u0113r\u0113ts paste\u013cu un ogles piesk\u0101riens, bet gan cie\u0161as un stingras l\u012bnijas. \u0160ie kr\u012bti\u0146i tiek ra\u017eoti no \u013coti r\u016bp\u012bgi izv\u0113l\u0113tiem pigmentiem, m\u0101la un saistviel\u0101m, masa tiek sajaukta, ievietota sakars\u0113t\u0101 kr\u0101sn\u012b, p\u0113c tam iz\u0146emta un \u017e\u0101v\u0113ta. Conte Paris kr\u012bti\u0146us var tur\u0113t da\u017e\u0101dos veidos, radot darbus da\u017e\u0101dos le\u0146\u0137os. Piem\u0113ram, izmantojot kr\u012bti\u0146u &#8220;plakano malu&#8221; un mainot spiedienu (piespie\u017eot kr\u012bti\u0146u vair\u0101k, var ieg\u016bt bl\u012bv\u0101kas kr\u0101sas). Turot to st\u0101vus vai nedaudz pieliecot, var veidot prec\u012bzas un smalkas l\u012bnijas.<\/p>\n","protected":false},"excerpt":{"rendered":"<p>Conte a Paris Colour kr\u012bti\u0146i ir ciet\u0101ki par paste\u013ciem un ogles z\u012bmu\u013ciem. Pateicoties to ciet\u012bbai, tiek rad\u012bts nevis izsm\u0113r\u0113ts paste\u013cu un ogles piesk\u0101riens, bet gan cie\u0161as un stingras l\u012bnijas. \u0160ie kr\u012bti\u0146i tiek ra\u017eoti no \u013coti r\u016bp\u012bgi izv\u0113l\u0113tiem pigmentiem, m\u0101la un saistviel\u0101m, masa tiek sajaukta, ievietota sakars\u0113t\u0101 kr\u0101sn\u012b, p\u0113c tam iz\u0146emta un \u017e\u0101v\u0113ta. Conte Paris kr\u012bti\u0146us var tur\u0113t da\u017e\u0101dos veidos, radot darbus da\u017e\u0101dos le\u0146\u0137os. Piem\u0113ram, izmantojot kr\u012bti\u0146u &#8220;plakano malu&#8221; un mainot spiedienu (piespie\u017eot kr\u012bti\u0146u vair\u0101k, var ieg\u016bt bl\u012bv\u0101kas kr\u0101sas). Turot to st\u0101vus vai nedaudz pieliecot, var veidot prec\u012bzas un smalkas l\u012bnijas.<\/p>\n","protected":false},"featured_media":104790,"comment_status":"closed","ping_status":"closed","template":"","meta":{"_acf_changed":false,"ep_exclude_from_search":false},"product_cat":[14951,16123,18931],"product_tag":[],"class_list":{"0":"post-24428","1":"product","2":"type-product","3":"status-publish","4":"has-post-thumbnail","6":"product_cat-kritini","7":"product_cat-makslas-piederumi-2","8":"product_cat-zimesanas-piederumi-3","10":"first","11":"instock","12":"taxable","13":"shipping-taxable","14":"purchasable","15":"product-type-variable"},"acf":[],"yoast_head":"<!-- This site is optimized with the Yoast SEO plugin v24.1 - https:\/\/yoast.com\/wordpress\/plugins\/seo\/ -->\n<title>Kr\u0101sainais kr\u012bti\u0146\u0161 Conte a Paris komplekts &#8211; Skizze<\/title>\n<meta name=\"robots\" content=\"noindex, follow, max-snippet:-1, max-image-preview:large, max-video-preview:-1\" \/>\n<meta property=\"og:locale\" content=\"lv_LV\" \/>\n<meta property=\"og:type\" content=\"article\" \/>\n<meta property=\"og:title\" content=\"Kr\u0101sainais kr\u012bti\u0146\u0161 Conte a Paris komplekts &#8211; Skizze\" \/>\n<meta property=\"og:description\" content=\"Conte a Paris Colour kr\u012bti\u0146i ir ciet\u0101ki par paste\u013ciem un ogles z\u012bmu\u013ciem. Pateicoties to ciet\u012bbai, tiek rad\u012bts nevis izsm\u0113r\u0113ts paste\u013cu un ogles piesk\u0101riens, bet gan cie\u0161as un stingras l\u012bnijas. \u0160ie kr\u012bti\u0146i tiek ra\u017eoti no \u013coti r\u016bp\u012bgi izv\u0113l\u0113tiem pigmentiem, m\u0101la un saistviel\u0101m, masa tiek sajaukta, ievietota sakars\u0113t\u0101 kr\u0101sn\u012b, p\u0113c tam iz\u0146emta un \u017e\u0101v\u0113ta. Conte Paris kr\u012bti\u0146us var tur\u0113t da\u017e\u0101dos veidos, radot darbus da\u017e\u0101dos le\u0146\u0137os. Piem\u0113ram, izmantojot kr\u012bti\u0146u &#8220;plakano malu&#8221; un mainot spiedienu (piespie\u017eot kr\u012bti\u0146u vair\u0101k, var ieg\u016bt bl\u012bv\u0101kas kr\u0101sas). Turot to st\u0101vus vai nedaudz pieliecot, var veidot prec\u012bzas un smalkas l\u012bnijas.\" \/>\n<meta property=\"og:url\" content=\"https:\/\/hobstop.ee\/lv\/produkts\/krasainais-kritins-conte-a-paris-komplekts\/\" \/>\n<meta property=\"og:site_name\" content=\"Skizze\" \/>\n<meta property=\"article:publisher\" content=\"http:\/\/www.facebook.com\/VunderSkizze\" \/>\n<meta property=\"og:image\" content=\"https:\/\/hobstop.ee\/media\/2463.jpg\" \/>\n\t<meta property=\"og:image:width\" content=\"1024\" \/>\n\t<meta property=\"og:image:height\" content=\"768\" \/>\n\t<meta property=\"og:image:type\" content=\"image\/jpeg\" \/>\n<meta name=\"twitter:card\" content=\"summary_large_image\" \/>\n<meta name=\"twitter:label1\" content=\"Est. reading time\" \/>\n\t<meta name=\"twitter:data1\" content=\"1 min\u016b\u0161u\" \/>\n<script type=\"application\/ld+json\" class=\"yoast-schema-graph\">{\"@context\":\"https:\/\/schema.org\",\"@graph\":[{\"@type\":\"WebPage\",\"@id\":\"https:\/\/hobstop.ee\/lv\/produkts\/krasainais-kritins-conte-a-paris-komplekts\/\",\"url\":\"https:\/\/hobstop.ee\/lv\/produkts\/krasainais-kritins-conte-a-paris-komplekts\/\",\"name\":\"Kr\u0101sainais kr\u012bti\u0146\u0161 Conte a Paris komplekts &#8211; Skizze\",\"isPartOf\":{\"@id\":\"https:\/\/hobstop.ee\/lv\/#website\"},\"primaryImageOfPage\":{\"@id\":\"https:\/\/hobstop.ee\/lv\/produkts\/krasainais-kritins-conte-a-paris-komplekts\/#primaryimage\"},\"image\":{\"@id\":\"https:\/\/hobstop.ee\/lv\/produkts\/krasainais-kritins-conte-a-paris-komplekts\/#primaryimage\"},\"thumbnailUrl\":\"https:\/\/hobstop.ee\/media\/2463.jpg\",\"datePublished\":\"2014-12-09T10:59:26+00:00\",\"dateModified\":\"2014-12-09T10:59:26+00:00\",\"breadcrumb\":{\"@id\":\"https:\/\/hobstop.ee\/lv\/produkts\/krasainais-kritins-conte-a-paris-komplekts\/#breadcrumb\"},\"inLanguage\":\"lv-LV\",\"potentialAction\":[{\"@type\":\"ReadAction\",\"target\":[\"https:\/\/hobstop.ee\/lv\/produkts\/krasainais-kritins-conte-a-paris-komplekts\/\"]}]},{\"@type\":\"ImageObject\",\"inLanguage\":\"lv-LV\",\"@id\":\"https:\/\/hobstop.ee\/lv\/produkts\/krasainais-kritins-conte-a-paris-komplekts\/#primaryimage\",\"url\":\"https:\/\/hobstop.ee\/media\/2463.jpg\",\"contentUrl\":\"https:\/\/hobstop.ee\/media\/2463.jpg\",\"width\":1024,\"height\":768},{\"@type\":\"BreadcrumbList\",\"@id\":\"https:\/\/hobstop.ee\/lv\/produkts\/krasainais-kritins-conte-a-paris-komplekts\/#breadcrumb\",\"itemListElement\":[{\"@type\":\"ListItem\",\"position\":1,\"name\":\"Avaleht\",\"item\":\"https:\/\/hobstop.ee\/lv\/\"},{\"@type\":\"ListItem\",\"position\":2,\"name\":\"Veikals\",\"item\":\"https:\/\/hobstop.ee\/lv\/veikals\/\"},{\"@type\":\"ListItem\",\"position\":3,\"name\":\"Kr\u0101sainais kr\u012bti\u0146\u0161 Conte a Paris komplekts\"}]},{\"@type\":\"WebSite\",\"@id\":\"https:\/\/hobstop.ee\/lv\/#website\",\"url\":\"https:\/\/hobstop.ee\/lv\/\",\"name\":\"Skizze\",\"description\":\"M\u0101kslas, hobiju un skolas preces\",\"publisher\":{\"@id\":\"https:\/\/hobstop.ee\/lv\/#organization\"},\"potentialAction\":[{\"@type\":\"SearchAction\",\"target\":{\"@type\":\"EntryPoint\",\"urlTemplate\":\"https:\/\/hobstop.ee\/lv\/?s={search_term_string}\"},\"query-input\":{\"@type\":\"PropertyValueSpecification\",\"valueRequired\":true,\"valueName\":\"search_term_string\"}}],\"inLanguage\":\"lv-LV\"},{\"@type\":\"Organization\",\"@id\":\"https:\/\/hobstop.ee\/lv\/#organization\",\"name\":\"Vunder AS\",\"url\":\"https:\/\/hobstop.ee\/lv\/\",\"logo\":{\"@type\":\"ImageObject\",\"inLanguage\":\"lv-LV\",\"@id\":\"https:\/\/hobstop.ee\/lv\/#\/schema\/logo\/image\/\",\"url\":\"https:\/\/hobstop.ee\/media\/vunder-logo.png\",\"contentUrl\":\"https:\/\/hobstop.ee\/media\/vunder-logo.png\",\"width\":127,\"height\":55,\"caption\":\"Vunder AS\"},\"image\":{\"@id\":\"https:\/\/hobstop.ee\/lv\/#\/schema\/logo\/image\/\"},\"sameAs\":[\"http:\/\/www.facebook.com\/VunderSkizze\"]}]}<\/script>\n<!-- \/ Yoast SEO plugin. -->","yoast_head_json":{"title":"Kr\u0101sainais kr\u012bti\u0146\u0161 Conte a Paris komplekts &#8211; Skizze","robots":{"index":"noindex","follow":"follow","max-snippet":"max-snippet:-1","max-image-preview":"max-image-preview:large","max-video-preview":"max-video-preview:-1"},"og_locale":"lv_LV","og_type":"article","og_title":"Kr\u0101sainais kr\u012bti\u0146\u0161 Conte a Paris komplekts &#8211; Skizze","og_description":"Conte a Paris Colour kr\u012bti\u0146i ir ciet\u0101ki par paste\u013ciem un ogles z\u012bmu\u013ciem. Pateicoties to ciet\u012bbai, tiek rad\u012bts nevis izsm\u0113r\u0113ts paste\u013cu un ogles piesk\u0101riens, bet gan cie\u0161as un stingras l\u012bnijas. \u0160ie kr\u012bti\u0146i tiek ra\u017eoti no \u013coti r\u016bp\u012bgi izv\u0113l\u0113tiem pigmentiem, m\u0101la un saistviel\u0101m, masa tiek sajaukta, ievietota sakars\u0113t\u0101 kr\u0101sn\u012b, p\u0113c tam iz\u0146emta un \u017e\u0101v\u0113ta. Conte Paris kr\u012bti\u0146us var tur\u0113t da\u017e\u0101dos veidos, radot darbus da\u017e\u0101dos le\u0146\u0137os. Piem\u0113ram, izmantojot kr\u012bti\u0146u &#8220;plakano malu&#8221; un mainot spiedienu (piespie\u017eot kr\u012bti\u0146u vair\u0101k, var ieg\u016bt bl\u012bv\u0101kas kr\u0101sas). Turot to st\u0101vus vai nedaudz pieliecot, var veidot prec\u012bzas un smalkas l\u012bnijas.","og_url":"https:\/\/hobstop.ee\/lv\/produkts\/krasainais-kritins-conte-a-paris-komplekts\/","og_site_name":"Skizze","article_publisher":"http:\/\/www.facebook.com\/VunderSkizze","og_image":[{"width":1024,"height":768,"url":"https:\/\/hobstop.ee\/media\/2463.jpg","type":"image\/jpeg"}],"twitter_card":"summary_large_image","twitter_misc":{"Est. reading time":"1 min\u016b\u0161u"},"schema":{"@context":"https:\/\/schema.org","@graph":[{"@type":"WebPage","@id":"https:\/\/hobstop.ee\/lv\/produkts\/krasainais-kritins-conte-a-paris-komplekts\/","url":"https:\/\/hobstop.ee\/lv\/produkts\/krasainais-kritins-conte-a-paris-komplekts\/","name":"Kr\u0101sainais kr\u012bti\u0146\u0161 Conte a Paris komplekts &#8211; Skizze","isPartOf":{"@id":"https:\/\/hobstop.ee\/lv\/#website"},"primaryImageOfPage":{"@id":"https:\/\/hobstop.ee\/lv\/produkts\/krasainais-kritins-conte-a-paris-komplekts\/#primaryimage"},"image":{"@id":"https:\/\/hobstop.ee\/lv\/produkts\/krasainais-kritins-conte-a-paris-komplekts\/#primaryimage"},"thumbnailUrl":"https:\/\/hobstop.ee\/media\/2463.jpg","datePublished":"2014-12-09T10:59:26+00:00","dateModified":"2014-12-09T10:59:26+00:00","breadcrumb":{"@id":"https:\/\/hobstop.ee\/lv\/produkts\/krasainais-kritins-conte-a-paris-komplekts\/#breadcrumb"},"inLanguage":"lv-LV","potentialAction":[{"@type":"ReadAction","target":["https:\/\/hobstop.ee\/lv\/produkts\/krasainais-kritins-conte-a-paris-komplekts\/"]}]},{"@type":"ImageObject","inLanguage":"lv-LV","@id":"https:\/\/hobstop.ee\/lv\/produkts\/krasainais-kritins-conte-a-paris-komplekts\/#primaryimage","url":"https:\/\/hobstop.ee\/media\/2463.jpg","contentUrl":"https:\/\/hobstop.ee\/media\/2463.jpg","width":1024,"height":768},{"@type":"BreadcrumbList","@id":"https:\/\/hobstop.ee\/lv\/produkts\/krasainais-kritins-conte-a-paris-komplekts\/#breadcrumb","itemListElement":[{"@type":"ListItem","position":1,"name":"Avaleht","item":"https:\/\/hobstop.ee\/lv\/"},{"@type":"ListItem","position":2,"name":"Veikals","item":"https:\/\/hobstop.ee\/lv\/veikals\/"},{"@type":"ListItem","position":3,"name":"Kr\u0101sainais kr\u012bti\u0146\u0161 Conte a Paris komplekts"}]},{"@type":"WebSite","@id":"https:\/\/hobstop.ee\/lv\/#website","url":"https:\/\/hobstop.ee\/lv\/","name":"Skizze","description":"M\u0101kslas, hobiju un skolas preces","publisher":{"@id":"https:\/\/hobstop.ee\/lv\/#organization"},"potentialAction":[{"@type":"SearchAction","target":{"@type":"EntryPoint","urlTemplate":"https:\/\/hobstop.ee\/lv\/?s={search_term_string}"},"query-input":{"@type":"PropertyValueSpecification","valueRequired":true,"valueName":"search_term_string"}}],"inLanguage":"lv-LV"},{"@type":"Organization","@id":"https:\/\/hobstop.ee\/lv\/#organization","name":"Vunder AS","url":"https:\/\/hobstop.ee\/lv\/","logo":{"@type":"ImageObject","inLanguage":"lv-LV","@id":"https:\/\/hobstop.ee\/lv\/#\/schema\/logo\/image\/","url":"https:\/\/hobstop.ee\/media\/vunder-logo.png","contentUrl":"https:\/\/hobstop.ee\/media\/vunder-logo.png","width":127,"height":55,"caption":"Vunder AS"},"image":{"@id":"https:\/\/hobstop.ee\/lv\/#\/schema\/logo\/image\/"},"sameAs":["http:\/\/www.facebook.com\/VunderSkizze"]}]}},"_links":{"self":[{"href":"https:\/\/hobstop.ee\/lv\/wp-json\/wp\/v2\/product\/24428","targetHints":{"allow":["GET"]}}],"collection":[{"href":"https:\/\/hobstop.ee\/lv\/wp-json\/wp\/v2\/product"}],"about":[{"href":"https:\/\/hobstop.ee\/lv\/wp-json\/wp\/v2\/types\/product"}],"replies":[{"embeddable":true,"href":"https:\/\/hobstop.ee\/lv\/wp-json\/wp\/v2\/comments?post=24428"}],"wp:featuredmedia":[{"embeddable":true,"href":"https:\/\/hobstop.ee\/lv\/wp-json\/wp\/v2\/media\/104790"}],"wp:attachment":[{"href":"https:\/\/hobstop.ee\/lv\/wp-json\/wp\/v2\/media?parent=24428"}],"wp:term":[{"taxonomy":"product_cat","embeddable":true,"href":"https:\/\/hobstop.ee\/lv\/wp-json\/wp\/v2\/product_cat?post=24428"},{"taxonomy":"product_tag","embeddable":true,"href":"https:\/\/hobstop.ee\/lv\/wp-json\/wp\/v2\/product_tag?post=24428"}],"curies":[{"name":"wp","href":"https:\/\/api.w.org\/{rel}","templated":true}]}}