{"id":24450,"date":"2014-12-09T12:59:37","date_gmt":"2014-12-09T10:59:37","guid":{"rendered":"https:\/\/sharks.ee\/vunder_2019.klient.veebimajutus.ee\/?post_type=product&#038;p=24450"},"modified":"2014-12-09T12:59:37","modified_gmt":"2014-12-09T10:59:37","slug":"liberon-finishing-oil","status":"publish","type":"product","link":"https:\/\/hobstop.ee\/lv\/produkts\/liberon-finishing-oil\/","title":{"rendered":"Liberon Finishing Oil"},"content":{"rendered":"<p>Apdares e\u013c\u013ca piem\u0113rota vis\u0101m koka virsm\u0101m iek\u0161telp\u0101s. Nodro\u0161ina lielisku aizsargsl\u0101ni visiem koku veidiem. Ide\u0101li piem\u0113rots izmanto\u0161anai virtuves, saunas, vannas istabas, durvju, m\u0113be\u013cu un dekorat\u012bvu lietu apdarei. Piem\u0113rots virtuves virsmu un rota\u013clietu apdarei. Aizsarg\u0101 no net\u012brumiem un mitruma. Satur \u0136\u012bnas koka e\u013c\u013cu. Produktam piem\u012bt viegls arom\u0101ts.<br \/>\nP\u0101rkl\u0101jums: 12m\u00b2\/L<br \/>\n\u017d\u016b\u0161anas laiks: 6h<br \/>\nDarba r\u012bki: dr\u0101na, ota<br \/>\nDarba r\u012bku t\u012br\u012b\u0161ana: lakbenz\u012bns<\/p>\n","protected":false},"excerpt":{"rendered":"<p>Apdares e\u013c\u013ca piem\u0113rota vis\u0101m koka virsm\u0101m iek\u0161telp\u0101s. Nodro\u0161ina lielisku aizsargsl\u0101ni visiem koku veidiem. Ide\u0101li piem\u0113rots izmanto\u0161anai virtuves, saunas, vannas istabas, durvju, m\u0113be\u013cu un dekorat\u012bvu lietu apdarei. Piem\u0113rots virtuves virsmu un rota\u013clietu apdarei. Aizsarg\u0101 no net\u012brumiem un mitruma. Satur \u0136\u012bnas koka e\u013c\u013cu. Produktam piem\u012bt viegls arom\u0101ts. P\u0101rkl\u0101jums: 12m\u00b2\/L \u017d\u016b\u0161anas laiks: 6h Darba r\u012bki: dr\u0101na, ota Darba r\u012bku t\u012br\u012b\u0161ana: lakbenz\u012bns<\/p>\n","protected":false},"featured_media":104834,"comment_status":"closed","ping_status":"closed","template":"","meta":{"_acf_changed":false,"ep_exclude_from_search":false},"product_cat":[18576,18561,14970],"product_tag":[],"class_list":{"0":"post-24450","1":"product","2":"type-product","3":"status-publish","4":"has-post-thumbnail","6":"product_cat-koka-ellas","7":"product_cat-restauracija","8":"product_cat-restauracija-un-iekstelpu-apdare-2","10":"first","11":"instock","12":"taxable","13":"shipping-taxable","14":"purchasable","15":"product-type-variable"},"acf":[],"yoast_head":"<!-- This site is optimized with the Yoast SEO plugin v24.1 - https:\/\/yoast.com\/wordpress\/plugins\/seo\/ -->\n<title>Liberon Finishing Oil &#8211; Skizze<\/title>\n<meta name=\"robots\" content=\"noindex, follow, max-snippet:-1, max-image-preview:large, max-video-preview:-1\" \/>\n<meta property=\"og:locale\" content=\"lv_LV\" \/>\n<meta property=\"og:type\" content=\"article\" \/>\n<meta property=\"og:title\" content=\"Liberon Finishing Oil &#8211; Skizze\" \/>\n<meta property=\"og:description\" content=\"Apdares e\u013c\u013ca piem\u0113rota vis\u0101m koka virsm\u0101m iek\u0161telp\u0101s. Nodro\u0161ina lielisku aizsargsl\u0101ni visiem koku veidiem. Ide\u0101li piem\u0113rots izmanto\u0161anai virtuves, saunas, vannas istabas, durvju, m\u0113be\u013cu un dekorat\u012bvu lietu apdarei. Piem\u0113rots virtuves virsmu un rota\u013clietu apdarei. Aizsarg\u0101 no net\u012brumiem un mitruma. Satur \u0136\u012bnas koka e\u013c\u013cu. Produktam piem\u012bt viegls arom\u0101ts. P\u0101rkl\u0101jums: 12m\u00b2\/L \u017d\u016b\u0161anas laiks: 6h Darba r\u012bki: dr\u0101na, ota Darba r\u012bku t\u012br\u012b\u0161ana: lakbenz\u012bns\" \/>\n<meta property=\"og:url\" content=\"https:\/\/hobstop.ee\/lv\/produkts\/liberon-finishing-oil\/\" \/>\n<meta property=\"og:site_name\" content=\"Skizze\" \/>\n<meta property=\"article:publisher\" content=\"http:\/\/www.facebook.com\/VunderSkizze\" \/>\n<meta property=\"og:image\" content=\"https:\/\/hobstop.ee\/media\/2474.jpg\" \/>\n\t<meta property=\"og:image:width\" content=\"1024\" \/>\n\t<meta property=\"og:image:height\" content=\"768\" \/>\n\t<meta property=\"og:image:type\" content=\"image\/jpeg\" \/>\n<meta name=\"twitter:card\" content=\"summary_large_image\" \/>\n<script type=\"application\/ld+json\" class=\"yoast-schema-graph\">{\"@context\":\"https:\/\/schema.org\",\"@graph\":[{\"@type\":\"WebPage\",\"@id\":\"https:\/\/hobstop.ee\/lv\/produkts\/liberon-finishing-oil\/\",\"url\":\"https:\/\/hobstop.ee\/lv\/produkts\/liberon-finishing-oil\/\",\"name\":\"Liberon Finishing Oil &#8211; Skizze\",\"isPartOf\":{\"@id\":\"https:\/\/hobstop.ee\/lv\/#website\"},\"primaryImageOfPage\":{\"@id\":\"https:\/\/hobstop.ee\/lv\/produkts\/liberon-finishing-oil\/#primaryimage\"},\"image\":{\"@id\":\"https:\/\/hobstop.ee\/lv\/produkts\/liberon-finishing-oil\/#primaryimage\"},\"thumbnailUrl\":\"https:\/\/hobstop.ee\/media\/2474.jpg\",\"datePublished\":\"2014-12-09T10:59:37+00:00\",\"dateModified\":\"2014-12-09T10:59:37+00:00\",\"breadcrumb\":{\"@id\":\"https:\/\/hobstop.ee\/lv\/produkts\/liberon-finishing-oil\/#breadcrumb\"},\"inLanguage\":\"lv-LV\",\"potentialAction\":[{\"@type\":\"ReadAction\",\"target\":[\"https:\/\/hobstop.ee\/lv\/produkts\/liberon-finishing-oil\/\"]}]},{\"@type\":\"ImageObject\",\"inLanguage\":\"lv-LV\",\"@id\":\"https:\/\/hobstop.ee\/lv\/produkts\/liberon-finishing-oil\/#primaryimage\",\"url\":\"https:\/\/hobstop.ee\/media\/2474.jpg\",\"contentUrl\":\"https:\/\/hobstop.ee\/media\/2474.jpg\",\"width\":1024,\"height\":768},{\"@type\":\"BreadcrumbList\",\"@id\":\"https:\/\/hobstop.ee\/lv\/produkts\/liberon-finishing-oil\/#breadcrumb\",\"itemListElement\":[{\"@type\":\"ListItem\",\"position\":1,\"name\":\"Avaleht\",\"item\":\"https:\/\/www.hobstop.ee\/lv\/\"},{\"@type\":\"ListItem\",\"position\":2,\"name\":\"Veikals\",\"item\":\"https:\/\/www.hobstop.ee\/lv\/veikals\/\"},{\"@type\":\"ListItem\",\"position\":3,\"name\":\"Liberon Finishing Oil\"}]},{\"@type\":\"WebSite\",\"@id\":\"https:\/\/hobstop.ee\/lv\/#website\",\"url\":\"https:\/\/hobstop.ee\/lv\/\",\"name\":\"Skizze\",\"description\":\"M\u0101kslas, hobiju un skolas preces\",\"publisher\":{\"@id\":\"https:\/\/hobstop.ee\/lv\/#organization\"},\"potentialAction\":[{\"@type\":\"SearchAction\",\"target\":{\"@type\":\"EntryPoint\",\"urlTemplate\":\"https:\/\/hobstop.ee\/lv\/?s={search_term_string}\"},\"query-input\":{\"@type\":\"PropertyValueSpecification\",\"valueRequired\":true,\"valueName\":\"search_term_string\"}}],\"inLanguage\":\"lv-LV\"},{\"@type\":\"Organization\",\"@id\":\"https:\/\/hobstop.ee\/lv\/#organization\",\"name\":\"Vunder AS\",\"url\":\"https:\/\/hobstop.ee\/lv\/\",\"logo\":{\"@type\":\"ImageObject\",\"inLanguage\":\"lv-LV\",\"@id\":\"https:\/\/hobstop.ee\/lv\/#\/schema\/logo\/image\/\",\"url\":\"https:\/\/hobstop.ee\/media\/vunder-logo.png\",\"contentUrl\":\"https:\/\/hobstop.ee\/media\/vunder-logo.png\",\"width\":127,\"height\":55,\"caption\":\"Vunder AS\"},\"image\":{\"@id\":\"https:\/\/hobstop.ee\/lv\/#\/schema\/logo\/image\/\"},\"sameAs\":[\"http:\/\/www.facebook.com\/VunderSkizze\"]}]}<\/script>\n<!-- \/ Yoast SEO plugin. -->","yoast_head_json":{"title":"Liberon Finishing Oil &#8211; Skizze","robots":{"index":"noindex","follow":"follow","max-snippet":"max-snippet:-1","max-image-preview":"max-image-preview:large","max-video-preview":"max-video-preview:-1"},"og_locale":"lv_LV","og_type":"article","og_title":"Liberon Finishing Oil &#8211; Skizze","og_description":"Apdares e\u013c\u013ca piem\u0113rota vis\u0101m koka virsm\u0101m iek\u0161telp\u0101s. Nodro\u0161ina lielisku aizsargsl\u0101ni visiem koku veidiem. Ide\u0101li piem\u0113rots izmanto\u0161anai virtuves, saunas, vannas istabas, durvju, m\u0113be\u013cu un dekorat\u012bvu lietu apdarei. Piem\u0113rots virtuves virsmu un rota\u013clietu apdarei. Aizsarg\u0101 no net\u012brumiem un mitruma. Satur \u0136\u012bnas koka e\u013c\u013cu. Produktam piem\u012bt viegls arom\u0101ts. P\u0101rkl\u0101jums: 12m\u00b2\/L \u017d\u016b\u0161anas laiks: 6h Darba r\u012bki: dr\u0101na, ota Darba r\u012bku t\u012br\u012b\u0161ana: lakbenz\u012bns","og_url":"https:\/\/hobstop.ee\/lv\/produkts\/liberon-finishing-oil\/","og_site_name":"Skizze","article_publisher":"http:\/\/www.facebook.com\/VunderSkizze","og_image":[{"width":1024,"height":768,"url":"https:\/\/hobstop.ee\/media\/2474.jpg","type":"image\/jpeg"}],"twitter_card":"summary_large_image","schema":{"@context":"https:\/\/schema.org","@graph":[{"@type":"WebPage","@id":"https:\/\/hobstop.ee\/lv\/produkts\/liberon-finishing-oil\/","url":"https:\/\/hobstop.ee\/lv\/produkts\/liberon-finishing-oil\/","name":"Liberon Finishing Oil &#8211; Skizze","isPartOf":{"@id":"https:\/\/hobstop.ee\/lv\/#website"},"primaryImageOfPage":{"@id":"https:\/\/hobstop.ee\/lv\/produkts\/liberon-finishing-oil\/#primaryimage"},"image":{"@id":"https:\/\/hobstop.ee\/lv\/produkts\/liberon-finishing-oil\/#primaryimage"},"thumbnailUrl":"https:\/\/hobstop.ee\/media\/2474.jpg","datePublished":"2014-12-09T10:59:37+00:00","dateModified":"2014-12-09T10:59:37+00:00","breadcrumb":{"@id":"https:\/\/hobstop.ee\/lv\/produkts\/liberon-finishing-oil\/#breadcrumb"},"inLanguage":"lv-LV","potentialAction":[{"@type":"ReadAction","target":["https:\/\/hobstop.ee\/lv\/produkts\/liberon-finishing-oil\/"]}]},{"@type":"ImageObject","inLanguage":"lv-LV","@id":"https:\/\/hobstop.ee\/lv\/produkts\/liberon-finishing-oil\/#primaryimage","url":"https:\/\/hobstop.ee\/media\/2474.jpg","contentUrl":"https:\/\/hobstop.ee\/media\/2474.jpg","width":1024,"height":768},{"@type":"BreadcrumbList","@id":"https:\/\/hobstop.ee\/lv\/produkts\/liberon-finishing-oil\/#breadcrumb","itemListElement":[{"@type":"ListItem","position":1,"name":"Avaleht","item":"https:\/\/www.hobstop.ee\/lv\/"},{"@type":"ListItem","position":2,"name":"Veikals","item":"https:\/\/www.hobstop.ee\/lv\/veikals\/"},{"@type":"ListItem","position":3,"name":"Liberon Finishing Oil"}]},{"@type":"WebSite","@id":"https:\/\/hobstop.ee\/lv\/#website","url":"https:\/\/hobstop.ee\/lv\/","name":"Skizze","description":"M\u0101kslas, hobiju un skolas preces","publisher":{"@id":"https:\/\/hobstop.ee\/lv\/#organization"},"potentialAction":[{"@type":"SearchAction","target":{"@type":"EntryPoint","urlTemplate":"https:\/\/hobstop.ee\/lv\/?s={search_term_string}"},"query-input":{"@type":"PropertyValueSpecification","valueRequired":true,"valueName":"search_term_string"}}],"inLanguage":"lv-LV"},{"@type":"Organization","@id":"https:\/\/hobstop.ee\/lv\/#organization","name":"Vunder AS","url":"https:\/\/hobstop.ee\/lv\/","logo":{"@type":"ImageObject","inLanguage":"lv-LV","@id":"https:\/\/hobstop.ee\/lv\/#\/schema\/logo\/image\/","url":"https:\/\/hobstop.ee\/media\/vunder-logo.png","contentUrl":"https:\/\/hobstop.ee\/media\/vunder-logo.png","width":127,"height":55,"caption":"Vunder AS"},"image":{"@id":"https:\/\/hobstop.ee\/lv\/#\/schema\/logo\/image\/"},"sameAs":["http:\/\/www.facebook.com\/VunderSkizze"]}]}},"_links":{"self":[{"href":"https:\/\/hobstop.ee\/lv\/wp-json\/wp\/v2\/product\/24450","targetHints":{"allow":["GET"]}}],"collection":[{"href":"https:\/\/hobstop.ee\/lv\/wp-json\/wp\/v2\/product"}],"about":[{"href":"https:\/\/hobstop.ee\/lv\/wp-json\/wp\/v2\/types\/product"}],"replies":[{"embeddable":true,"href":"https:\/\/hobstop.ee\/lv\/wp-json\/wp\/v2\/comments?post=24450"}],"wp:featuredmedia":[{"embeddable":true,"href":"https:\/\/hobstop.ee\/lv\/wp-json\/wp\/v2\/media\/104834"}],"wp:attachment":[{"href":"https:\/\/hobstop.ee\/lv\/wp-json\/wp\/v2\/media?parent=24450"}],"wp:term":[{"taxonomy":"product_cat","embeddable":true,"href":"https:\/\/hobstop.ee\/lv\/wp-json\/wp\/v2\/product_cat?post=24450"},{"taxonomy":"product_tag","embeddable":true,"href":"https:\/\/hobstop.ee\/lv\/wp-json\/wp\/v2\/product_tag?post=24450"}],"curies":[{"name":"wp","href":"https:\/\/api.w.org\/{rel}","templated":true}]}}