{"id":244636,"date":"2015-12-31T11:47:20","date_gmt":"2015-12-31T09:47:20","guid":{"rendered":"http:\/\/www.vunder.ee\/lv\/product\/sablons-marabu-silhouette-15x15cm\/"},"modified":"2015-12-31T11:47:20","modified_gmt":"2015-12-31T09:47:20","slug":"sablons-marabu-silhouette-15x15cm","status":"publish","type":"product","link":"https:\/\/hobstop.ee\/lv\/produkts\/sablons-marabu-silhouette-15x15cm\/","title":{"rendered":"\u0160ablons Marabu Silhouette 15x15cm"},"content":{"rendered":"<p>Izveido lieliskas karti\u0146as, gleznu r\u0101mjus vai T-kreklus &#8211; rado\u0161am lidojumam nav robe\u017eu. Silhouette \u0161abloni piem\u0113roti auduma, pap\u012bra, gleznu r\u0101mju, koka un cit\u0101m virsm\u0101m. Ide\u0101li izmantojami modes dizainam, atmi\u0146u gr\u0101mat\u0101m, m\u0101kslas albumiem un jauktajiem m\u0113dijiem. Ar Marabu l\u012bdzek\u013ciem rad\u012btos mot\u012bvus var p\u0101rkop\u0113t un atk\u0101rtoti izmantot da\u017e\u0101dos darbos. Mot\u012bvu deta\u013cas, kas savienotas ar stien\u012b\u0161iem, var izgriezt un izmantot atsevi\u0161\u0137i. Robustos, iztur\u012bgos \u0161ablonus var izmantot da\u017e\u0101dos veidos, tos ir viegli not\u012br\u012bt, var izmantot atk\u0101rtoti, nesatur PVC. Izm\u0113\u0123ini nebeidzam\u0101s iesp\u0113jas ar visa veida akrila un tekstila kr\u0101s\u0101m. Marabu Silhouette \u0161abloni \u013cauj rad\u012bt \u012bpa\u0161i skaistus \u0161ablona efektus uz auduma apvienojum\u0101 ar Marabu Fashion Spray.<\/p>\n","protected":false},"excerpt":{"rendered":"<p>Izveido lieliskas karti\u0146as, gleznu r\u0101mjus vai T-kreklus &#8211; rado\u0161am lidojumam nav robe\u017eu. Silhouette \u0161abloni piem\u0113roti auduma, pap\u012bra, gleznu r\u0101mju, koka un cit\u0101m virsm\u0101m. Ide\u0101li izmantojami modes dizainam, atmi\u0146u gr\u0101mat\u0101m, m\u0101kslas albumiem un jauktajiem m\u0113dijiem. Ar Marabu l\u012bdzek\u013ciem rad\u012btos mot\u012bvus var p\u0101rkop\u0113t un atk\u0101rtoti izmantot da\u017e\u0101dos darbos. Mot\u012bvu deta\u013cas, kas savienotas ar stien\u012b\u0161iem, var izgriezt un izmantot atsevi\u0161\u0137i. Robustos, iztur\u012bgos \u0161ablonus var izmantot da\u017e\u0101dos veidos, tos ir viegli not\u012br\u012bt, var izmantot atk\u0101rtoti, nesatur PVC. Izm\u0113\u0123ini nebeidzam\u0101s iesp\u0113jas ar visa veida akrila un tekstila kr\u0101s\u0101m. Marabu Silhouette \u0161abloni \u013cauj rad\u012bt \u012bpa\u0161i skaistus \u0161ablona efektus uz auduma apvienojum\u0101 ar Marabu Fashion Spray.<\/p>\n","protected":false},"featured_media":244808,"comment_status":"closed","ping_status":"closed","template":"","meta":{"_acf_changed":false,"ep_exclude_from_search":false},"product_cat":[17954,17918,20021],"product_tag":[],"class_list":{"0":"post-244636","1":"product","2":"type-product","3":"status-publish","4":"has-post-thumbnail","6":"product_cat-decor-krasas-un-lakas","7":"product_cat-preces-hobijiem","8":"product_cat-sabloni-un-spiedogi","10":"first","11":"instock","12":"taxable","13":"shipping-taxable","14":"purchasable","15":"product-type-simple"},"acf":[],"yoast_head":"<!-- This site is optimized with the Yoast SEO plugin v24.1 - https:\/\/yoast.com\/wordpress\/plugins\/seo\/ -->\n<title>\u0160ablons Marabu Silhouette 15x15cm &#8211; Skizze<\/title>\n<meta name=\"robots\" content=\"noindex, follow, max-snippet:-1, max-image-preview:large, max-video-preview:-1\" \/>\n<meta property=\"og:locale\" content=\"lv_LV\" \/>\n<meta property=\"og:type\" content=\"article\" \/>\n<meta property=\"og:title\" content=\"\u0160ablons Marabu Silhouette 15x15cm &#8211; Skizze\" \/>\n<meta property=\"og:description\" content=\"Izveido lieliskas karti\u0146as, gleznu r\u0101mjus vai T-kreklus &#8211; rado\u0161am lidojumam nav robe\u017eu. Silhouette \u0161abloni piem\u0113roti auduma, pap\u012bra, gleznu r\u0101mju, koka un cit\u0101m virsm\u0101m. Ide\u0101li izmantojami modes dizainam, atmi\u0146u gr\u0101mat\u0101m, m\u0101kslas albumiem un jauktajiem m\u0113dijiem. Ar Marabu l\u012bdzek\u013ciem rad\u012btos mot\u012bvus var p\u0101rkop\u0113t un atk\u0101rtoti izmantot da\u017e\u0101dos darbos. Mot\u012bvu deta\u013cas, kas savienotas ar stien\u012b\u0161iem, var izgriezt un izmantot atsevi\u0161\u0137i. Robustos, iztur\u012bgos \u0161ablonus var izmantot da\u017e\u0101dos veidos, tos ir viegli not\u012br\u012bt, var izmantot atk\u0101rtoti, nesatur PVC. Izm\u0113\u0123ini nebeidzam\u0101s iesp\u0113jas ar visa veida akrila un tekstila kr\u0101s\u0101m. Marabu Silhouette \u0161abloni \u013cauj rad\u012bt \u012bpa\u0161i skaistus \u0161ablona efektus uz auduma apvienojum\u0101 ar Marabu Fashion Spray.\" \/>\n<meta property=\"og:url\" content=\"https:\/\/hobstop.ee\/lv\/produkts\/sablons-marabu-silhouette-15x15cm\/\" \/>\n<meta property=\"og:site_name\" content=\"Skizze\" \/>\n<meta property=\"article:publisher\" content=\"http:\/\/www.facebook.com\/VunderSkizze\" \/>\n<meta property=\"og:image\" content=\"https:\/\/hobstop.ee\/media\/4159.jpg\" \/>\n\t<meta property=\"og:image:width\" content=\"1024\" \/>\n\t<meta property=\"og:image:height\" content=\"768\" \/>\n\t<meta property=\"og:image:type\" content=\"image\/jpeg\" \/>\n<meta name=\"twitter:card\" content=\"summary_large_image\" \/>\n<meta name=\"twitter:label1\" content=\"Est. reading time\" \/>\n\t<meta name=\"twitter:data1\" content=\"1 min\u016b\u0161u\" \/>\n<script type=\"application\/ld+json\" class=\"yoast-schema-graph\">{\"@context\":\"https:\/\/schema.org\",\"@graph\":[{\"@type\":\"WebPage\",\"@id\":\"https:\/\/hobstop.ee\/lv\/produkts\/sablons-marabu-silhouette-15x15cm\/\",\"url\":\"https:\/\/hobstop.ee\/lv\/produkts\/sablons-marabu-silhouette-15x15cm\/\",\"name\":\"\u0160ablons Marabu Silhouette 15x15cm &#8211; Skizze\",\"isPartOf\":{\"@id\":\"https:\/\/hobstop.ee\/lv\/#website\"},\"primaryImageOfPage\":{\"@id\":\"https:\/\/hobstop.ee\/lv\/produkts\/sablons-marabu-silhouette-15x15cm\/#primaryimage\"},\"image\":{\"@id\":\"https:\/\/hobstop.ee\/lv\/produkts\/sablons-marabu-silhouette-15x15cm\/#primaryimage\"},\"thumbnailUrl\":\"https:\/\/hobstop.ee\/media\/4159.jpg\",\"datePublished\":\"2015-12-31T09:47:20+00:00\",\"dateModified\":\"2015-12-31T09:47:20+00:00\",\"breadcrumb\":{\"@id\":\"https:\/\/hobstop.ee\/lv\/produkts\/sablons-marabu-silhouette-15x15cm\/#breadcrumb\"},\"inLanguage\":\"lv-LV\",\"potentialAction\":[{\"@type\":\"ReadAction\",\"target\":[\"https:\/\/hobstop.ee\/lv\/produkts\/sablons-marabu-silhouette-15x15cm\/\"]}]},{\"@type\":\"ImageObject\",\"inLanguage\":\"lv-LV\",\"@id\":\"https:\/\/hobstop.ee\/lv\/produkts\/sablons-marabu-silhouette-15x15cm\/#primaryimage\",\"url\":\"https:\/\/hobstop.ee\/media\/4159.jpg\",\"contentUrl\":\"https:\/\/hobstop.ee\/media\/4159.jpg\",\"width\":1024,\"height\":768},{\"@type\":\"BreadcrumbList\",\"@id\":\"https:\/\/hobstop.ee\/lv\/produkts\/sablons-marabu-silhouette-15x15cm\/#breadcrumb\",\"itemListElement\":[{\"@type\":\"ListItem\",\"position\":1,\"name\":\"Avaleht\",\"item\":\"https:\/\/www.hobstop.ee\/lv\/\"},{\"@type\":\"ListItem\",\"position\":2,\"name\":\"Veikals\",\"item\":\"https:\/\/www.hobstop.ee\/lv\/veikals\/\"},{\"@type\":\"ListItem\",\"position\":3,\"name\":\"\u0160ablons Marabu Silhouette 15x15cm\"}]},{\"@type\":\"WebSite\",\"@id\":\"https:\/\/hobstop.ee\/lv\/#website\",\"url\":\"https:\/\/hobstop.ee\/lv\/\",\"name\":\"Skizze\",\"description\":\"M\u0101kslas, hobiju un skolas preces\",\"publisher\":{\"@id\":\"https:\/\/hobstop.ee\/lv\/#organization\"},\"potentialAction\":[{\"@type\":\"SearchAction\",\"target\":{\"@type\":\"EntryPoint\",\"urlTemplate\":\"https:\/\/hobstop.ee\/lv\/?s={search_term_string}\"},\"query-input\":{\"@type\":\"PropertyValueSpecification\",\"valueRequired\":true,\"valueName\":\"search_term_string\"}}],\"inLanguage\":\"lv-LV\"},{\"@type\":\"Organization\",\"@id\":\"https:\/\/hobstop.ee\/lv\/#organization\",\"name\":\"Vunder AS\",\"url\":\"https:\/\/hobstop.ee\/lv\/\",\"logo\":{\"@type\":\"ImageObject\",\"inLanguage\":\"lv-LV\",\"@id\":\"https:\/\/hobstop.ee\/lv\/#\/schema\/logo\/image\/\",\"url\":\"https:\/\/hobstop.ee\/media\/vunder-logo.png\",\"contentUrl\":\"https:\/\/hobstop.ee\/media\/vunder-logo.png\",\"width\":127,\"height\":55,\"caption\":\"Vunder AS\"},\"image\":{\"@id\":\"https:\/\/hobstop.ee\/lv\/#\/schema\/logo\/image\/\"},\"sameAs\":[\"http:\/\/www.facebook.com\/VunderSkizze\"]}]}<\/script>\n<!-- \/ Yoast SEO plugin. -->","yoast_head_json":{"title":"\u0160ablons Marabu Silhouette 15x15cm &#8211; Skizze","robots":{"index":"noindex","follow":"follow","max-snippet":"max-snippet:-1","max-image-preview":"max-image-preview:large","max-video-preview":"max-video-preview:-1"},"og_locale":"lv_LV","og_type":"article","og_title":"\u0160ablons Marabu Silhouette 15x15cm &#8211; Skizze","og_description":"Izveido lieliskas karti\u0146as, gleznu r\u0101mjus vai T-kreklus &#8211; rado\u0161am lidojumam nav robe\u017eu. Silhouette \u0161abloni piem\u0113roti auduma, pap\u012bra, gleznu r\u0101mju, koka un cit\u0101m virsm\u0101m. Ide\u0101li izmantojami modes dizainam, atmi\u0146u gr\u0101mat\u0101m, m\u0101kslas albumiem un jauktajiem m\u0113dijiem. Ar Marabu l\u012bdzek\u013ciem rad\u012btos mot\u012bvus var p\u0101rkop\u0113t un atk\u0101rtoti izmantot da\u017e\u0101dos darbos. Mot\u012bvu deta\u013cas, kas savienotas ar stien\u012b\u0161iem, var izgriezt un izmantot atsevi\u0161\u0137i. Robustos, iztur\u012bgos \u0161ablonus var izmantot da\u017e\u0101dos veidos, tos ir viegli not\u012br\u012bt, var izmantot atk\u0101rtoti, nesatur PVC. Izm\u0113\u0123ini nebeidzam\u0101s iesp\u0113jas ar visa veida akrila un tekstila kr\u0101s\u0101m. Marabu Silhouette \u0161abloni \u013cauj rad\u012bt \u012bpa\u0161i skaistus \u0161ablona efektus uz auduma apvienojum\u0101 ar Marabu Fashion Spray.","og_url":"https:\/\/hobstop.ee\/lv\/produkts\/sablons-marabu-silhouette-15x15cm\/","og_site_name":"Skizze","article_publisher":"http:\/\/www.facebook.com\/VunderSkizze","og_image":[{"width":1024,"height":768,"url":"https:\/\/hobstop.ee\/media\/4159.jpg","type":"image\/jpeg"}],"twitter_card":"summary_large_image","twitter_misc":{"Est. reading time":"1 min\u016b\u0161u"},"schema":{"@context":"https:\/\/schema.org","@graph":[{"@type":"WebPage","@id":"https:\/\/hobstop.ee\/lv\/produkts\/sablons-marabu-silhouette-15x15cm\/","url":"https:\/\/hobstop.ee\/lv\/produkts\/sablons-marabu-silhouette-15x15cm\/","name":"\u0160ablons Marabu Silhouette 15x15cm &#8211; Skizze","isPartOf":{"@id":"https:\/\/hobstop.ee\/lv\/#website"},"primaryImageOfPage":{"@id":"https:\/\/hobstop.ee\/lv\/produkts\/sablons-marabu-silhouette-15x15cm\/#primaryimage"},"image":{"@id":"https:\/\/hobstop.ee\/lv\/produkts\/sablons-marabu-silhouette-15x15cm\/#primaryimage"},"thumbnailUrl":"https:\/\/hobstop.ee\/media\/4159.jpg","datePublished":"2015-12-31T09:47:20+00:00","dateModified":"2015-12-31T09:47:20+00:00","breadcrumb":{"@id":"https:\/\/hobstop.ee\/lv\/produkts\/sablons-marabu-silhouette-15x15cm\/#breadcrumb"},"inLanguage":"lv-LV","potentialAction":[{"@type":"ReadAction","target":["https:\/\/hobstop.ee\/lv\/produkts\/sablons-marabu-silhouette-15x15cm\/"]}]},{"@type":"ImageObject","inLanguage":"lv-LV","@id":"https:\/\/hobstop.ee\/lv\/produkts\/sablons-marabu-silhouette-15x15cm\/#primaryimage","url":"https:\/\/hobstop.ee\/media\/4159.jpg","contentUrl":"https:\/\/hobstop.ee\/media\/4159.jpg","width":1024,"height":768},{"@type":"BreadcrumbList","@id":"https:\/\/hobstop.ee\/lv\/produkts\/sablons-marabu-silhouette-15x15cm\/#breadcrumb","itemListElement":[{"@type":"ListItem","position":1,"name":"Avaleht","item":"https:\/\/www.hobstop.ee\/lv\/"},{"@type":"ListItem","position":2,"name":"Veikals","item":"https:\/\/www.hobstop.ee\/lv\/veikals\/"},{"@type":"ListItem","position":3,"name":"\u0160ablons Marabu Silhouette 15x15cm"}]},{"@type":"WebSite","@id":"https:\/\/hobstop.ee\/lv\/#website","url":"https:\/\/hobstop.ee\/lv\/","name":"Skizze","description":"M\u0101kslas, hobiju un skolas preces","publisher":{"@id":"https:\/\/hobstop.ee\/lv\/#organization"},"potentialAction":[{"@type":"SearchAction","target":{"@type":"EntryPoint","urlTemplate":"https:\/\/hobstop.ee\/lv\/?s={search_term_string}"},"query-input":{"@type":"PropertyValueSpecification","valueRequired":true,"valueName":"search_term_string"}}],"inLanguage":"lv-LV"},{"@type":"Organization","@id":"https:\/\/hobstop.ee\/lv\/#organization","name":"Vunder AS","url":"https:\/\/hobstop.ee\/lv\/","logo":{"@type":"ImageObject","inLanguage":"lv-LV","@id":"https:\/\/hobstop.ee\/lv\/#\/schema\/logo\/image\/","url":"https:\/\/hobstop.ee\/media\/vunder-logo.png","contentUrl":"https:\/\/hobstop.ee\/media\/vunder-logo.png","width":127,"height":55,"caption":"Vunder AS"},"image":{"@id":"https:\/\/hobstop.ee\/lv\/#\/schema\/logo\/image\/"},"sameAs":["http:\/\/www.facebook.com\/VunderSkizze"]}]}},"_links":{"self":[{"href":"https:\/\/hobstop.ee\/lv\/wp-json\/wp\/v2\/product\/244636","targetHints":{"allow":["GET"]}}],"collection":[{"href":"https:\/\/hobstop.ee\/lv\/wp-json\/wp\/v2\/product"}],"about":[{"href":"https:\/\/hobstop.ee\/lv\/wp-json\/wp\/v2\/types\/product"}],"replies":[{"embeddable":true,"href":"https:\/\/hobstop.ee\/lv\/wp-json\/wp\/v2\/comments?post=244636"}],"wp:featuredmedia":[{"embeddable":true,"href":"https:\/\/hobstop.ee\/lv\/wp-json\/wp\/v2\/media\/244808"}],"wp:attachment":[{"href":"https:\/\/hobstop.ee\/lv\/wp-json\/wp\/v2\/media?parent=244636"}],"wp:term":[{"taxonomy":"product_cat","embeddable":true,"href":"https:\/\/hobstop.ee\/lv\/wp-json\/wp\/v2\/product_cat?post=244636"},{"taxonomy":"product_tag","embeddable":true,"href":"https:\/\/hobstop.ee\/lv\/wp-json\/wp\/v2\/product_tag?post=244636"}],"curies":[{"name":"wp","href":"https:\/\/api.w.org\/{rel}","templated":true}]}}