{"id":24468,"date":"2014-12-09T12:59:46","date_gmt":"2014-12-09T10:59:46","guid":{"rendered":"https:\/\/sharks.ee\/vunder_2019.klient.veebimajutus.ee\/?post_type=product&#038;p=24468"},"modified":"2014-12-09T12:59:46","modified_gmt":"2014-12-09T10:59:46","slug":"adas-kopsanas-krems-liberon","status":"publish","type":"product","link":"https:\/\/hobstop.ee\/lv\/produkts\/adas-kopsanas-krems-liberon\/","title":{"rendered":"\u0100das kop\u0161anas kr\u0113ms Liberon"},"content":{"rendered":"<p>Kopj un aizsarg\u0101 \u0101das m\u0113beles un priek\u0161metus. T\u012bra \u0101das virsmas un nodro\u0161ina t\u0101m aizsargsl\u0101ni un elast\u012bbu. Atjauno \u0101das toni. Past\u0101v\u012bgi lietojot kr\u0101sainus \u0101das kop\u0161anas l\u012bdze\u013cus, virsmas paliek k\u0101rt\u012bgi koptas un iztur\u012bgas. Ton\u0113ts \u0101das kop\u0161anas l\u012bdzeklis atjauno toni izdilu\u0161\u0101s viet\u0101s.<br \/>\nP\u0101rkl\u0101jums: 20m\u00b2\/L<br \/>\n\u017d\u016b\u0161anas laiks: 30 min.<br \/>\nDarba r\u012bki: dr\u0101na<br \/>\nDarba r\u012bku t\u012br\u012b\u0161ana: m\u0113be\u013cu t\u012br\u012b\u0161anas l\u012bdzeklis<\/p>\n","protected":false},"excerpt":{"rendered":"<p>Kopj un aizsarg\u0101 \u0101das m\u0113beles un priek\u0161metus. T\u012bra \u0101das virsmas un nodro\u0161ina t\u0101m aizsargsl\u0101ni un elast\u012bbu. Atjauno \u0101das toni. Past\u0101v\u012bgi lietojot kr\u0101sainus \u0101das kop\u0161anas l\u012bdze\u013cus, virsmas paliek k\u0101rt\u012bgi koptas un iztur\u012bgas. Ton\u0113ts \u0101das kop\u0161anas l\u012bdzeklis atjauno toni izdilu\u0161\u0101s viet\u0101s. P\u0101rkl\u0101jums: 20m\u00b2\/L \u017d\u016b\u0161anas laiks: 30 min. Darba r\u012bki: dr\u0101na Darba r\u012bku t\u012br\u012b\u0161ana: m\u0113be\u013cu t\u012br\u012b\u0161anas l\u012bdzeklis<\/p>\n","protected":false},"featured_media":115587,"comment_status":"closed","ping_status":"closed","template":"","meta":{"_acf_changed":false,"ep_exclude_from_search":false},"product_cat":[18578,18561,14970],"product_tag":[],"class_list":{"0":"post-24468","1":"product","2":"type-product","3":"status-publish","4":"has-post-thumbnail","6":"product_cat-adai","7":"product_cat-restauracija","8":"product_cat-restauracija-un-iekstelpu-apdare-2","10":"first","11":"instock","12":"sale","13":"taxable","14":"shipping-taxable","15":"purchasable","16":"product-type-variable"},"acf":[],"yoast_head":"<!-- This site is optimized with the Yoast SEO plugin v24.1 - https:\/\/yoast.com\/wordpress\/plugins\/seo\/ -->\n<title>\u0100das kop\u0161anas kr\u0113ms Liberon &#8211; Skizze<\/title>\n<meta name=\"robots\" content=\"noindex, follow, max-snippet:-1, max-image-preview:large, max-video-preview:-1\" \/>\n<meta property=\"og:locale\" content=\"lv_LV\" \/>\n<meta property=\"og:type\" content=\"article\" \/>\n<meta property=\"og:title\" content=\"\u0100das kop\u0161anas kr\u0113ms Liberon &#8211; Skizze\" \/>\n<meta property=\"og:description\" content=\"Kopj un aizsarg\u0101 \u0101das m\u0113beles un priek\u0161metus. T\u012bra \u0101das virsmas un nodro\u0161ina t\u0101m aizsargsl\u0101ni un elast\u012bbu. Atjauno \u0101das toni. Past\u0101v\u012bgi lietojot kr\u0101sainus \u0101das kop\u0161anas l\u012bdze\u013cus, virsmas paliek k\u0101rt\u012bgi koptas un iztur\u012bgas. Ton\u0113ts \u0101das kop\u0161anas l\u012bdzeklis atjauno toni izdilu\u0161\u0101s viet\u0101s. P\u0101rkl\u0101jums: 20m\u00b2\/L \u017d\u016b\u0161anas laiks: 30 min. Darba r\u012bki: dr\u0101na Darba r\u012bku t\u012br\u012b\u0161ana: m\u0113be\u013cu t\u012br\u012b\u0161anas l\u012bdzeklis\" \/>\n<meta property=\"og:url\" content=\"https:\/\/hobstop.ee\/lv\/produkts\/adas-kopsanas-krems-liberon\/\" \/>\n<meta property=\"og:site_name\" content=\"Skizze\" \/>\n<meta property=\"article:publisher\" content=\"http:\/\/www.facebook.com\/VunderSkizze\" \/>\n<meta property=\"og:image\" content=\"https:\/\/hobstop.ee\/media\/2488.jpg\" \/>\n\t<meta property=\"og:image:width\" content=\"1024\" \/>\n\t<meta property=\"og:image:height\" content=\"768\" \/>\n\t<meta property=\"og:image:type\" content=\"image\/jpeg\" \/>\n<meta name=\"twitter:card\" content=\"summary_large_image\" \/>\n<script type=\"application\/ld+json\" class=\"yoast-schema-graph\">{\"@context\":\"https:\/\/schema.org\",\"@graph\":[{\"@type\":\"WebPage\",\"@id\":\"https:\/\/hobstop.ee\/lv\/produkts\/adas-kopsanas-krems-liberon\/\",\"url\":\"https:\/\/hobstop.ee\/lv\/produkts\/adas-kopsanas-krems-liberon\/\",\"name\":\"\u0100das kop\u0161anas kr\u0113ms Liberon &#8211; Skizze\",\"isPartOf\":{\"@id\":\"https:\/\/hobstop.ee\/lv\/#website\"},\"primaryImageOfPage\":{\"@id\":\"https:\/\/hobstop.ee\/lv\/produkts\/adas-kopsanas-krems-liberon\/#primaryimage\"},\"image\":{\"@id\":\"https:\/\/hobstop.ee\/lv\/produkts\/adas-kopsanas-krems-liberon\/#primaryimage\"},\"thumbnailUrl\":\"https:\/\/hobstop.ee\/media\/2488.jpg\",\"datePublished\":\"2014-12-09T10:59:46+00:00\",\"dateModified\":\"2014-12-09T10:59:46+00:00\",\"breadcrumb\":{\"@id\":\"https:\/\/hobstop.ee\/lv\/produkts\/adas-kopsanas-krems-liberon\/#breadcrumb\"},\"inLanguage\":\"lv-LV\",\"potentialAction\":[{\"@type\":\"ReadAction\",\"target\":[\"https:\/\/hobstop.ee\/lv\/produkts\/adas-kopsanas-krems-liberon\/\"]}]},{\"@type\":\"ImageObject\",\"inLanguage\":\"lv-LV\",\"@id\":\"https:\/\/hobstop.ee\/lv\/produkts\/adas-kopsanas-krems-liberon\/#primaryimage\",\"url\":\"https:\/\/hobstop.ee\/media\/2488.jpg\",\"contentUrl\":\"https:\/\/hobstop.ee\/media\/2488.jpg\",\"width\":1024,\"height\":768},{\"@type\":\"BreadcrumbList\",\"@id\":\"https:\/\/hobstop.ee\/lv\/produkts\/adas-kopsanas-krems-liberon\/#breadcrumb\",\"itemListElement\":[{\"@type\":\"ListItem\",\"position\":1,\"name\":\"Avaleht\",\"item\":\"https:\/\/www.hobstop.ee\/lv\/\"},{\"@type\":\"ListItem\",\"position\":2,\"name\":\"Veikals\",\"item\":\"https:\/\/www.hobstop.ee\/lv\/veikals\/\"},{\"@type\":\"ListItem\",\"position\":3,\"name\":\"\u0100das kop\u0161anas kr\u0113ms Liberon\"}]},{\"@type\":\"WebSite\",\"@id\":\"https:\/\/hobstop.ee\/lv\/#website\",\"url\":\"https:\/\/hobstop.ee\/lv\/\",\"name\":\"Skizze\",\"description\":\"M\u0101kslas, hobiju un skolas preces\",\"publisher\":{\"@id\":\"https:\/\/hobstop.ee\/lv\/#organization\"},\"potentialAction\":[{\"@type\":\"SearchAction\",\"target\":{\"@type\":\"EntryPoint\",\"urlTemplate\":\"https:\/\/hobstop.ee\/lv\/?s={search_term_string}\"},\"query-input\":{\"@type\":\"PropertyValueSpecification\",\"valueRequired\":true,\"valueName\":\"search_term_string\"}}],\"inLanguage\":\"lv-LV\"},{\"@type\":\"Organization\",\"@id\":\"https:\/\/hobstop.ee\/lv\/#organization\",\"name\":\"Vunder AS\",\"url\":\"https:\/\/hobstop.ee\/lv\/\",\"logo\":{\"@type\":\"ImageObject\",\"inLanguage\":\"lv-LV\",\"@id\":\"https:\/\/hobstop.ee\/lv\/#\/schema\/logo\/image\/\",\"url\":\"https:\/\/hobstop.ee\/media\/vunder-logo.png\",\"contentUrl\":\"https:\/\/hobstop.ee\/media\/vunder-logo.png\",\"width\":127,\"height\":55,\"caption\":\"Vunder AS\"},\"image\":{\"@id\":\"https:\/\/hobstop.ee\/lv\/#\/schema\/logo\/image\/\"},\"sameAs\":[\"http:\/\/www.facebook.com\/VunderSkizze\"]}]}<\/script>\n<!-- \/ Yoast SEO plugin. -->","yoast_head_json":{"title":"\u0100das kop\u0161anas kr\u0113ms Liberon &#8211; Skizze","robots":{"index":"noindex","follow":"follow","max-snippet":"max-snippet:-1","max-image-preview":"max-image-preview:large","max-video-preview":"max-video-preview:-1"},"og_locale":"lv_LV","og_type":"article","og_title":"\u0100das kop\u0161anas kr\u0113ms Liberon &#8211; Skizze","og_description":"Kopj un aizsarg\u0101 \u0101das m\u0113beles un priek\u0161metus. T\u012bra \u0101das virsmas un nodro\u0161ina t\u0101m aizsargsl\u0101ni un elast\u012bbu. Atjauno \u0101das toni. Past\u0101v\u012bgi lietojot kr\u0101sainus \u0101das kop\u0161anas l\u012bdze\u013cus, virsmas paliek k\u0101rt\u012bgi koptas un iztur\u012bgas. Ton\u0113ts \u0101das kop\u0161anas l\u012bdzeklis atjauno toni izdilu\u0161\u0101s viet\u0101s. P\u0101rkl\u0101jums: 20m\u00b2\/L \u017d\u016b\u0161anas laiks: 30 min. Darba r\u012bki: dr\u0101na Darba r\u012bku t\u012br\u012b\u0161ana: m\u0113be\u013cu t\u012br\u012b\u0161anas l\u012bdzeklis","og_url":"https:\/\/hobstop.ee\/lv\/produkts\/adas-kopsanas-krems-liberon\/","og_site_name":"Skizze","article_publisher":"http:\/\/www.facebook.com\/VunderSkizze","og_image":[{"width":1024,"height":768,"url":"https:\/\/hobstop.ee\/media\/2488.jpg","type":"image\/jpeg"}],"twitter_card":"summary_large_image","schema":{"@context":"https:\/\/schema.org","@graph":[{"@type":"WebPage","@id":"https:\/\/hobstop.ee\/lv\/produkts\/adas-kopsanas-krems-liberon\/","url":"https:\/\/hobstop.ee\/lv\/produkts\/adas-kopsanas-krems-liberon\/","name":"\u0100das kop\u0161anas kr\u0113ms Liberon &#8211; Skizze","isPartOf":{"@id":"https:\/\/hobstop.ee\/lv\/#website"},"primaryImageOfPage":{"@id":"https:\/\/hobstop.ee\/lv\/produkts\/adas-kopsanas-krems-liberon\/#primaryimage"},"image":{"@id":"https:\/\/hobstop.ee\/lv\/produkts\/adas-kopsanas-krems-liberon\/#primaryimage"},"thumbnailUrl":"https:\/\/hobstop.ee\/media\/2488.jpg","datePublished":"2014-12-09T10:59:46+00:00","dateModified":"2014-12-09T10:59:46+00:00","breadcrumb":{"@id":"https:\/\/hobstop.ee\/lv\/produkts\/adas-kopsanas-krems-liberon\/#breadcrumb"},"inLanguage":"lv-LV","potentialAction":[{"@type":"ReadAction","target":["https:\/\/hobstop.ee\/lv\/produkts\/adas-kopsanas-krems-liberon\/"]}]},{"@type":"ImageObject","inLanguage":"lv-LV","@id":"https:\/\/hobstop.ee\/lv\/produkts\/adas-kopsanas-krems-liberon\/#primaryimage","url":"https:\/\/hobstop.ee\/media\/2488.jpg","contentUrl":"https:\/\/hobstop.ee\/media\/2488.jpg","width":1024,"height":768},{"@type":"BreadcrumbList","@id":"https:\/\/hobstop.ee\/lv\/produkts\/adas-kopsanas-krems-liberon\/#breadcrumb","itemListElement":[{"@type":"ListItem","position":1,"name":"Avaleht","item":"https:\/\/www.hobstop.ee\/lv\/"},{"@type":"ListItem","position":2,"name":"Veikals","item":"https:\/\/www.hobstop.ee\/lv\/veikals\/"},{"@type":"ListItem","position":3,"name":"\u0100das kop\u0161anas kr\u0113ms Liberon"}]},{"@type":"WebSite","@id":"https:\/\/hobstop.ee\/lv\/#website","url":"https:\/\/hobstop.ee\/lv\/","name":"Skizze","description":"M\u0101kslas, hobiju un skolas preces","publisher":{"@id":"https:\/\/hobstop.ee\/lv\/#organization"},"potentialAction":[{"@type":"SearchAction","target":{"@type":"EntryPoint","urlTemplate":"https:\/\/hobstop.ee\/lv\/?s={search_term_string}"},"query-input":{"@type":"PropertyValueSpecification","valueRequired":true,"valueName":"search_term_string"}}],"inLanguage":"lv-LV"},{"@type":"Organization","@id":"https:\/\/hobstop.ee\/lv\/#organization","name":"Vunder AS","url":"https:\/\/hobstop.ee\/lv\/","logo":{"@type":"ImageObject","inLanguage":"lv-LV","@id":"https:\/\/hobstop.ee\/lv\/#\/schema\/logo\/image\/","url":"https:\/\/hobstop.ee\/media\/vunder-logo.png","contentUrl":"https:\/\/hobstop.ee\/media\/vunder-logo.png","width":127,"height":55,"caption":"Vunder AS"},"image":{"@id":"https:\/\/hobstop.ee\/lv\/#\/schema\/logo\/image\/"},"sameAs":["http:\/\/www.facebook.com\/VunderSkizze"]}]}},"_links":{"self":[{"href":"https:\/\/hobstop.ee\/lv\/wp-json\/wp\/v2\/product\/24468","targetHints":{"allow":["GET"]}}],"collection":[{"href":"https:\/\/hobstop.ee\/lv\/wp-json\/wp\/v2\/product"}],"about":[{"href":"https:\/\/hobstop.ee\/lv\/wp-json\/wp\/v2\/types\/product"}],"replies":[{"embeddable":true,"href":"https:\/\/hobstop.ee\/lv\/wp-json\/wp\/v2\/comments?post=24468"}],"wp:featuredmedia":[{"embeddable":true,"href":"https:\/\/hobstop.ee\/lv\/wp-json\/wp\/v2\/media\/115587"}],"wp:attachment":[{"href":"https:\/\/hobstop.ee\/lv\/wp-json\/wp\/v2\/media?parent=24468"}],"wp:term":[{"taxonomy":"product_cat","embeddable":true,"href":"https:\/\/hobstop.ee\/lv\/wp-json\/wp\/v2\/product_cat?post=24468"},{"taxonomy":"product_tag","embeddable":true,"href":"https:\/\/hobstop.ee\/lv\/wp-json\/wp\/v2\/product_tag?post=24468"}],"curies":[{"name":"wp","href":"https:\/\/api.w.org\/{rel}","templated":true}]}}